{"id":93,"date":"2016-06-20T23:38:28","date_gmt":"2016-06-20T21:38:28","guid":{"rendered":"https:\/\/swissclinics.net\/de\/?page_id=93"},"modified":"2017-07-04T09:49:43","modified_gmt":"2017-07-04T07:49:43","slug":"fettabsaugung","status":"publish","type":"page","link":"https:\/\/swissclinics.net\/de\/behandlungen\/fettabsaugung\/","title":{"rendered":"Fettabsaugung"},"content":{"rendered":"<p><strong>Fettabsaugung<\/strong>, auch <strong>Liposuktion<\/strong> genannt, ist ein Verfahren zur Formung und Reduktion von Fettdepots des K\u00f6rpers. Fast alle K\u00f6rperregionen k\u00f6nnen mittels Fettabsaugung behandelt werden. Eingesetzt wird die Fettabsaugung h\u00e4ufig zum Entfernen von \u201eProblemzonen\u201c, die anderen Reduktionsversuchen wie Di\u00e4ten und Sport trotzen. Eine Fettabsaugung vor einer umfangreicheren Gewichtsabnahme kann das Abnehmen erleichtern.<\/p>\n<p>Die Verteilung der Fettdepots ist \u00fcberwiegend genetisch bedingt, aber auch hormonelle Faktoren und Lebensstil spielen eine Rolle. W\u00e4hrend viele Frauen \u00fcber \u201eReiterhosen\u201c an den Oberschenkeln und \u00fcbersch\u00fcssiges Volumen an Po und H\u00fcften klagen, sind bei M\u00e4nnern meist der Bauch- und Brustbereich betroffen. Hier kann eine Fettabsaugung rasch und nachhaltig Abhilfe schaffen. Auch Fettpolster im Gesicht und ein Lip\u00f6dem k\u00f6nnen durch Fettabsaugung behandelt werden.<\/p>\n<p>Mittlerweile gibt es zahlreiche Verfahren zur Fettabsaugung, die sich hinsichtlich der eingesetzten Technik, des Ablaufs, des erzielbaren Ergebnisses und der Nachsorge stark unterscheiden. Die Qualit\u00e4tsunterschiede sind f\u00fcr medizinische Laien schwer erkennbar, relevante Faktoren sind:<\/p>\n<dl>\n<dt>Kan\u00fclen:<\/dt>\n<dd>D\u00fcnne Mikrokan\u00fclen (Durchmesser zwischen 1,0 und 2,5 Millimetern) oder dickere Standardkan\u00fclen (Durchmesser ab 3,0 Millimetern).<\/dd>\n<dt>Absaugmethode:<\/dt>\n<dd>Manuelle Absaugung oder Einsatz von Saugmaschinen.<\/dd>\n<dt>Bet\u00e4ubung:<\/dt>\n<dd>\u00d6rtliche Bet\u00e4ubung mit Tumeszenzan\u00e4sthesie oder Vollnarkose.<\/dd>\n<dt>Nachsorge:<\/dt>\n<dd>1 Woche Kompression oder mehrere Wochen Kompressionsw\u00e4sche.<\/dd>\n<\/dl>\n<h2>Herk\u00f6mmliche Fettabsaugung mit Saugmaschinen<\/h2>\n<p>Die am weitesten verbreitete Methode der Fettabsaugung basiert auf dem Einsatz von maschinellen Absaugvorrichtungen, ggf. in Kombination mit Ultraschall oder Laser zur Zerst\u00f6rung von Fettzellen. Diese Form der Fettabsaugung wird \u00fcblicherweise mit Standardkan\u00fclen (Durchmesser 3,0 Millimeter oder mehr) vorgenommen. Je nach Operateur erfolgt die Behandlung unter \u00f6rtlicher Bet\u00e4ubung oder in Vollnarkose.<\/p>\n<p>Der maschinelle Sog und Ultraschall bzw. Laser belasten das behandelte Gewebe. Deshalb ist nach dem Eingriff mehrere Wochen Kompression an den behandelten Arealen notwendig. Standardkan\u00fclen erm\u00f6glichen dem Operateur ein rasches Arbeiten, die K\u00f6rpersilhouette kann jedoch weniger pr\u00e4zise geformt werden. Nach einer Fettabsaugung in Vollnarkose ist \u00fcblicherweise ein station\u00e4rer Aufenthalt erforderlich. Das Ergebnis der Absaugung zeigt sich erst nach Abklingen der Schwellung.<\/p>\n<h2>Sonderformen der herk\u00f6mmlichen Fettabsaugung<\/h2>\n<h3>Fettabsaugung mit Vibrationskan\u00fclen<\/h3>\n<p>Hierbei wird die Kan\u00fcle maschinell in Bewegung gebracht, um dem Arzt die Absaugung zu erleichtern.<\/p>\n<h3>Waterjet-Fettabsaugung<\/h3>\n<p>Dabei wird die Infiltrationsl\u00f6sung unmittelbar vor der Absaugung mit der Absaugkan\u00fcle eingebracht, in der sich eine zweite Kan\u00fcle zur Einspritzung befindet. Dies soll den Arbeitsaufwand f\u00fcr den Arzt reduzieren. Nachteil: Wegen der innenliegenden Einspritzkan\u00fcle muss die Absaugkan\u00fcle mindestens 3,0 Millimeter Durchmesser haben. Ein Vorteil ist, dass das abgesaugte Fett beim Absaugvorgang gewaschen wird, was die Reinigung des Fettes vor einem Fettransfer beschleunigt.<\/p>\n<h3>Liposculpture nach Dr. Fournier: Manuelle Fettabsaugung<\/h3>\n<p>Die Liposculpture ist eine schonende Form der Fettabsaugung, die in reiner Handarbeit erfolgt und auf den Einsatz von Saugmaschinen verzichtet. Sie kann grunds\u00e4tzlich mit Kan\u00fclen jeder Dicke durchgef\u00fchrt werden. Diese Form der Fettabsaugung ist gewebsschonender als Absaugungen mit Saugmaschinen.<\/p>\n<h3>Liposkulptur nach DDr. Heinrich: Manuelle Fettabsaugung mit Mikrokan\u00fclen<\/h3>\n<p>Durch Verwendung von d\u00fcnnen Mikrokan\u00fclen mit einem Durchmesser von 1,0 bis 2,5 Millimetern ist eine besonders pr\u00e4zise Formung der K\u00f6rpersilhouette m\u00f6glich. Der Eingriff erfolgt ambulant in \u00f6rtlicher Bet\u00e4ubung (Tumeszenzan\u00e4sthesie). Da sowohl in stehender als auch in liegender K\u00f6rperlage abgesaugt werden kann, sieht das Ergebnis in jeder Position harmonisch aus. Unter bestimmten Umst\u00e4nden kann die Liposkulptur auch mit Standardkan\u00fclen erfolgen.<\/p>\n<p>Die Nachsorge ist wesentlich einfacher als bei einer herk\u00f6mmlichen Fettabsaugung. Etwa eine Woche lang ist Kompressionsw\u00e4sche zu tragen. Die Einstichstellen der Kan\u00fclen sind so klein, dass sie normalerweise ohne f\u00fcr das freie Auge sichtbare Narben verheilen. Das Ergebnis der Fettabsaugung ist sofort nach dem Eingriff sichtbar.<\/p>\n<h2>Gewichtsabnahme mit Fettabsaugung<\/h2>\n<p>Immer mehr Menschen in der westlichen Welt sind \u00fcbergewichtig. Mit \u00dcbergewicht verbundene Risiken sind Herz-Kreislauf-Erkrankungen, Stoffwechselst\u00f6rungen wie <a href=\"https:\/\/swissclinics.net\/de\/behandlungen\/diabetes-zuckerkrankheit\/\">Diabetes<\/a>, <a href=\"https:\/\/swissclinics.net\/de\/behandlungen\/arthrose-arthritis\/\">Gelenksprobleme<\/a>, aber auch psychische Belastungen. Aus diesen und auch aus \u00e4sthetischen Gr\u00fcnden m\u00f6chten viele Betroffene \u00fcbersch\u00fcssige Kilos loswerden und das Idealgewicht erreichen.<\/p>\n<p>Die Reduktion von Fettpolstern an Problemzonen kann das Abnehmen erleichtern, da durch die Absaugung die Zahl der \u00f6strogenproduzierenden Fettzellen verringert wird. Das weibliche Geschlechtshormon \u00d6strogen f\u00f6rdert n\u00e4mlich die Fetteinlagerung im K\u00f6rper und erschwert dadurch das Abnehmen. Nach einer gezielten Fettabsaugung vor einer \u00e4rztlich unterst\u00fctzten Gewichtsabnahme gelingt es meist, das Idealgewicht zu erreichen und langfristig zu halten.<\/p>\n<h2>K\u00f6rperformung ohne Eingriff mit der Fettwegspritze<\/h2>\n<p>Zur Formung oder Entfernung kleinerer Fettdepots eignet sich die <strong>Fettwegspritze<\/strong> (<strong>Injektionslipolyse<\/strong>). Dabei wird eine fettaufl\u00f6sende Substanz (Lecithin\/Cholat) in lokale, oberfl\u00e4chliche Fettpolster injiziert. Die Fettzellen werden so zerst\u00f6rt und durch das Lymphsystem aus dem K\u00f6rper abtransportiert. Diese Behandlung eignet sich besonders zur Formung im Gesichtsbereich, etwa bei einem Doppelkinn. Cellulite kann mit \u201eMesotherapie\u201c, einer Sonderform der Fettwegspritze, behandelt werden.<\/p>\n","protected":false},"excerpt":{"rendered":"<p>Fettabsaugung, auch Liposuktion genannt, ist ein Verfahren zur Formung und Reduktion von Fettdepots des K\u00f6rpers. Fast alle K\u00f6rperregionen k\u00f6nnen mittels Fettabsaugung behandelt werden. Eingesetzt wird die Fettabsaugung h\u00e4ufig zum Entfernen von \u201eProblemzonen\u201c, die anderen Reduktionsversuchen wie Di\u00e4ten und Sport trotzen. Eine Fettabsaugung vor einer umfangreicheren Gewichtsabnahme kann das Abnehmen erleichtern. Die Verteilung der Fettdepots ist\u2026<span class=\"moretag-separator\">&nbsp;\u00b7 <\/span><a class=\"moretag\" href=\"https:\/\/swissclinics.net\/de\/behandlungen\/fettabsaugung\/\">Weiterlesen&nbsp;\u00bb<\/a><\/p>\n","protected":false},"author":9,"featured_media":596,"parent":32,"menu_order":0,"comment_status":"closed","ping_status":"closed","template":"","meta":{"footnotes":""},"class_list":["post-93","page","type-page","status-publish","has-post-thumbnail","hentry"],"yoast_head":"<!-- This site is optimized with the Yoast SEO plugin v27.2 - https:\/\/yoast.com\/product\/yoast-seo-wordpress\/ -->\n<title>K\u00f6rperformung mit Fettabsaugung und Liposkulptur &#183; Swiss Clinics<\/title>\n<meta name=\"description\" content=\"Fettabsaugung erm\u00f6glicht die Formung des K\u00f6rpers an Bauch, H\u00fcften, Oberschenkeln, Beinen, Kinn, Gesicht und Oberarmen im Rahmen eines ambulanten Eingriffs.\" \/>\n<meta name=\"robots\" content=\"index, follow, max-snippet:-1, max-image-preview:large, max-video-preview:-1\" \/>\n<link rel=\"canonical\" href=\"https:\/\/swissclinics.net\/de\/behandlungen\/fettabsaugung\/\" \/>\n<meta property=\"og:locale\" content=\"de_DE\" \/>\n<meta property=\"og:type\" content=\"article\" \/>\n<meta property=\"og:title\" content=\"K\u00f6rperformung mit Fettabsaugung und Liposkulptur &#183; Swiss Clinics\" \/>\n<meta property=\"og:description\" content=\"Fettabsaugung erm\u00f6glicht die Formung des K\u00f6rpers an Bauch, H\u00fcften, Oberschenkeln, Beinen, Kinn, Gesicht und Oberarmen im Rahmen eines ambulanten Eingriffs.\" \/>\n<meta property=\"og:url\" content=\"https:\/\/swissclinics.net\/de\/behandlungen\/fettabsaugung\/\" \/>\n<meta property=\"og:site_name\" content=\"Swiss Clinics\" \/>\n<meta property=\"article:publisher\" content=\"https:\/\/www.facebook.com\/swissclinics\/\" \/>\n<meta property=\"article:modified_time\" content=\"2017-07-04T07:49:43+00:00\" \/>\n<meta property=\"og:image\" content=\"https:\/\/swissclinics.net\/de\/wp-content\/uploads\/sites\/3\/fettabsaugung.jpg\" \/>\n\t<meta property=\"og:image:width\" content=\"640\" \/>\n\t<meta property=\"og:image:height\" content=\"452\" \/>\n\t<meta property=\"og:image:type\" content=\"image\/jpeg\" \/>\n<meta name=\"twitter:card\" content=\"summary_large_image\" \/>\n<meta name=\"twitter:label1\" content=\"Gesch\u00e4tzte Lesezeit\" \/>\n\t<meta name=\"twitter:data1\" content=\"4\u00a0Minuten\" \/>\n<script type=\"application\/ld+json\" class=\"yoast-schema-graph\">{\"@context\":\"https:\/\/schema.org\",\"@graph\":[{\"@type\":\"WebPage\",\"@id\":\"https:\/\/swissclinics.net\/de\/behandlungen\/fettabsaugung\/\",\"url\":\"https:\/\/swissclinics.net\/de\/behandlungen\/fettabsaugung\/\",\"name\":\"K\u00f6rperformung mit Fettabsaugung und Liposkulptur &#183; Swiss Clinics\",\"isPartOf\":{\"@id\":\"https:\/\/swissclinics.net\/de\/#website\"},\"primaryImageOfPage\":{\"@id\":\"https:\/\/swissclinics.net\/de\/behandlungen\/fettabsaugung\/#primaryimage\"},\"image\":{\"@id\":\"https:\/\/swissclinics.net\/de\/behandlungen\/fettabsaugung\/#primaryimage\"},\"thumbnailUrl\":\"https:\/\/swissclinics.net\/de\/wp-content\/uploads\/sites\/3\/fettabsaugung.jpg\",\"datePublished\":\"2016-06-20T21:38:28+00:00\",\"dateModified\":\"2017-07-04T07:49:43+00:00\",\"description\":\"Fettabsaugung erm\u00f6glicht die Formung des K\u00f6rpers an Bauch, H\u00fcften, Oberschenkeln, Beinen, Kinn, Gesicht und Oberarmen im Rahmen eines ambulanten Eingriffs.\",\"breadcrumb\":{\"@id\":\"https:\/\/swissclinics.net\/de\/behandlungen\/fettabsaugung\/#breadcrumb\"},\"inLanguage\":\"de\",\"potentialAction\":[{\"@type\":\"ReadAction\",\"target\":[\"https:\/\/swissclinics.net\/de\/behandlungen\/fettabsaugung\/\"]}]},{\"@type\":\"ImageObject\",\"inLanguage\":\"de\",\"@id\":\"https:\/\/swissclinics.net\/de\/behandlungen\/fettabsaugung\/#primaryimage\",\"url\":\"https:\/\/swissclinics.net\/de\/wp-content\/uploads\/sites\/3\/fettabsaugung.jpg\",\"contentUrl\":\"https:\/\/swissclinics.net\/de\/wp-content\/uploads\/sites\/3\/fettabsaugung.jpg\",\"width\":640,\"height\":452},{\"@type\":\"BreadcrumbList\",\"@id\":\"https:\/\/swissclinics.net\/de\/behandlungen\/fettabsaugung\/#breadcrumb\",\"itemListElement\":[{\"@type\":\"ListItem\",\"position\":1,\"name\":\"Home\",\"item\":\"https:\/\/swissclinics.net\/de\/\"},{\"@type\":\"ListItem\",\"position\":2,\"name\":\"Behandlungen\",\"item\":\"https:\/\/swissclinics.net\/de\/behandlungen\/\"},{\"@type\":\"ListItem\",\"position\":3,\"name\":\"Fettabsaugung\"}]},{\"@type\":\"WebSite\",\"@id\":\"https:\/\/swissclinics.net\/de\/#website\",\"url\":\"https:\/\/swissclinics.net\/de\/\",\"name\":\"Swiss Clinics\",\"description\":\"Medizin mit Schweizer Qualit\u00e4t.\",\"potentialAction\":[{\"@type\":\"SearchAction\",\"target\":{\"@type\":\"EntryPoint\",\"urlTemplate\":\"https:\/\/swissclinics.net\/de\/?s={search_term_string}\"},\"query-input\":{\"@type\":\"PropertyValueSpecification\",\"valueRequired\":true,\"valueName\":\"search_term_string\"}}],\"inLanguage\":\"de\"}]}<\/script>\n<!-- \/ Yoast SEO plugin. -->","yoast_head_json":{"title":"K\u00f6rperformung mit Fettabsaugung und Liposkulptur &#183; Swiss Clinics","description":"Fettabsaugung erm\u00f6glicht die Formung des K\u00f6rpers an Bauch, H\u00fcften, Oberschenkeln, Beinen, Kinn, Gesicht und Oberarmen im Rahmen eines ambulanten Eingriffs.","robots":{"index":"index","follow":"follow","max-snippet":"max-snippet:-1","max-image-preview":"max-image-preview:large","max-video-preview":"max-video-preview:-1"},"canonical":"https:\/\/swissclinics.net\/de\/behandlungen\/fettabsaugung\/","og_locale":"de_DE","og_type":"article","og_title":"K\u00f6rperformung mit Fettabsaugung und Liposkulptur &#183; Swiss Clinics","og_description":"Fettabsaugung erm\u00f6glicht die Formung des K\u00f6rpers an Bauch, H\u00fcften, Oberschenkeln, Beinen, Kinn, Gesicht und Oberarmen im Rahmen eines ambulanten Eingriffs.","og_url":"https:\/\/swissclinics.net\/de\/behandlungen\/fettabsaugung\/","og_site_name":"Swiss Clinics","article_publisher":"https:\/\/www.facebook.com\/swissclinics\/","article_modified_time":"2017-07-04T07:49:43+00:00","og_image":[{"width":640,"height":452,"url":"https:\/\/swissclinics.net\/de\/wp-content\/uploads\/sites\/3\/fettabsaugung.jpg","type":"image\/jpeg"}],"twitter_card":"summary_large_image","twitter_misc":{"Gesch\u00e4tzte Lesezeit":"4\u00a0Minuten"},"schema":{"@context":"https:\/\/schema.org","@graph":[{"@type":"WebPage","@id":"https:\/\/swissclinics.net\/de\/behandlungen\/fettabsaugung\/","url":"https:\/\/swissclinics.net\/de\/behandlungen\/fettabsaugung\/","name":"K\u00f6rperformung mit Fettabsaugung und Liposkulptur &#183; Swiss Clinics","isPartOf":{"@id":"https:\/\/swissclinics.net\/de\/#website"},"primaryImageOfPage":{"@id":"https:\/\/swissclinics.net\/de\/behandlungen\/fettabsaugung\/#primaryimage"},"image":{"@id":"https:\/\/swissclinics.net\/de\/behandlungen\/fettabsaugung\/#primaryimage"},"thumbnailUrl":"https:\/\/swissclinics.net\/de\/wp-content\/uploads\/sites\/3\/fettabsaugung.jpg","datePublished":"2016-06-20T21:38:28+00:00","dateModified":"2017-07-04T07:49:43+00:00","description":"Fettabsaugung erm\u00f6glicht die Formung des K\u00f6rpers an Bauch, H\u00fcften, Oberschenkeln, Beinen, Kinn, Gesicht und Oberarmen im Rahmen eines ambulanten Eingriffs.","breadcrumb":{"@id":"https:\/\/swissclinics.net\/de\/behandlungen\/fettabsaugung\/#breadcrumb"},"inLanguage":"de","potentialAction":[{"@type":"ReadAction","target":["https:\/\/swissclinics.net\/de\/behandlungen\/fettabsaugung\/"]}]},{"@type":"ImageObject","inLanguage":"de","@id":"https:\/\/swissclinics.net\/de\/behandlungen\/fettabsaugung\/#primaryimage","url":"https:\/\/swissclinics.net\/de\/wp-content\/uploads\/sites\/3\/fettabsaugung.jpg","contentUrl":"https:\/\/swissclinics.net\/de\/wp-content\/uploads\/sites\/3\/fettabsaugung.jpg","width":640,"height":452},{"@type":"BreadcrumbList","@id":"https:\/\/swissclinics.net\/de\/behandlungen\/fettabsaugung\/#breadcrumb","itemListElement":[{"@type":"ListItem","position":1,"name":"Home","item":"https:\/\/swissclinics.net\/de\/"},{"@type":"ListItem","position":2,"name":"Behandlungen","item":"https:\/\/swissclinics.net\/de\/behandlungen\/"},{"@type":"ListItem","position":3,"name":"Fettabsaugung"}]},{"@type":"WebSite","@id":"https:\/\/swissclinics.net\/de\/#website","url":"https:\/\/swissclinics.net\/de\/","name":"Swiss Clinics","description":"Medizin mit Schweizer Qualit\u00e4t.","potentialAction":[{"@type":"SearchAction","target":{"@type":"EntryPoint","urlTemplate":"https:\/\/swissclinics.net\/de\/?s={search_term_string}"},"query-input":{"@type":"PropertyValueSpecification","valueRequired":true,"valueName":"search_term_string"}}],"inLanguage":"de"}]}},"_links":{"self":[{"href":"https:\/\/swissclinics.net\/de\/wp-json\/wp\/v2\/pages\/93","targetHints":{"allow":["GET"]}}],"collection":[{"href":"https:\/\/swissclinics.net\/de\/wp-json\/wp\/v2\/pages"}],"about":[{"href":"https:\/\/swissclinics.net\/de\/wp-json\/wp\/v2\/types\/page"}],"author":[{"embeddable":true,"href":"https:\/\/swissclinics.net\/de\/wp-json\/wp\/v2\/users\/9"}],"replies":[{"embeddable":true,"href":"https:\/\/swissclinics.net\/de\/wp-json\/wp\/v2\/comments?post=93"}],"version-history":[{"count":9,"href":"https:\/\/swissclinics.net\/de\/wp-json\/wp\/v2\/pages\/93\/revisions"}],"predecessor-version":[{"id":381,"href":"https:\/\/swissclinics.net\/de\/wp-json\/wp\/v2\/pages\/93\/revisions\/381"}],"up":[{"embeddable":true,"href":"https:\/\/swissclinics.net\/de\/wp-json\/wp\/v2\/pages\/32"}],"wp:featuredmedia":[{"embeddable":true,"href":"https:\/\/swissclinics.net\/de\/wp-json\/wp\/v2\/media\/596"}],"wp:attachment":[{"href":"https:\/\/swissclinics.net\/de\/wp-json\/wp\/v2\/media?parent=93"}],"curies":[{"name":"wp","href":"https:\/\/api.w.org\/{rel}","templated":true}]}}