{"id":90,"date":"2016-06-20T23:37:02","date_gmt":"2016-06-20T21:37:02","guid":{"rendered":"https:\/\/swissclinics.net\/de\/?page_id=90"},"modified":"2017-07-04T09:30:28","modified_gmt":"2017-07-04T07:30:28","slug":"brustvergroesserung","status":"publish","type":"page","link":"https:\/\/swissclinics.net\/de\/behandlungen\/brustvergroesserung\/","title":{"rendered":"Brustvergr\u00f6\u00dferung"},"content":{"rendered":"<p>Die <strong>Brustvergr\u00f6\u00dferung<\/strong>, fachsprachlich <strong>Mamma-Augmentation<\/strong> genannt, ist ein Eingriff zur Vergr\u00f6\u00dferung der weiblichen Brust. Die Vergr\u00f6\u00dferung und Formung der Brust kann sowohl durch operative Verfahren mit Brustimplantaten als auch durch sanfte, nat\u00fcrliche Methoden basierend auf einer Transplantation von k\u00f6rpereigenem Fett der Patientin erzielt werden.<\/p>\n<p>Eine sch\u00f6ne, wohlgeformte Brust gilt weithin als Symbol der Weiblichkeit. Frauen, die mit ihren Br\u00fcsten nicht zufrieden sind, w\u00fcnschen sich oft eine Optimierung der Brust. H\u00e4ufige Gr\u00fcnde f\u00fcr die Unzufriedenheit sind geringe Brustgr\u00f6\u00dfe, Verlust von Brustvolumen infolge langer Stillzeiten, eine Brustasymmetrie oder sonstige Fehlformen der Brust.<\/p>\n<p>Das Erscheinungsbild der Brust ist haupts\u00e4chlich erblich bedingt, weswegen eine Ver\u00e4nderung der Brust bei Erwachsenen durch Ma\u00dfnahmen wie Sport oder Di\u00e4t leider kaum m\u00f6glich ist. Ausnahme w\u00e4re die Einnahme von Nahrungsmitteln mit hormonartiger Wirkung (z.B. Phyto\u00f6strogene). In der Folge leiden viele betroffene Frauen unter Problemen im Liebesleben, aber auch im Alltag, z.B. durch Verzicht auf das Tragen d\u00fcnner Kleidung und Bikinis. Diese Situation kann psychisch sehr belastend sein.<\/p>\n<p>Mittlerweile bietet die \u00e4sthetische Chirurgie zahlreiche Methoden, um die weibliche Brust zu optimieren, sei es durch Vergr\u00f6\u00dferung, Formver\u00e4nderung oder Korrektur von Brustasymmetrien. Neben der herk\u00f6mmlichen chirurgischen Methode entscheiden sich viele Frauen f\u00fcr eine nat\u00fcrliche Alternative zu Silikonimplantaten.<\/p>\n<h2>Brustvergr\u00f6\u00dferung mit Silikonimplantaten<\/h2>\n<p>Die bekannteste und am h\u00e4ufigsten durchgef\u00fchrte Form der Brustvergr\u00f6\u00dferung ist die Brustvergr\u00f6\u00dferung mit Silikonimplantaten. Dabei wird ein Implantat aus Silikon in die Brust eingesetzt, das dort langfristig verbleiben soll, um der Brust mehr Volumen zu verleihen. Um das Brustimplantat zu platzieren ist ein Hautschnitt notwendig, der auch bei behutsamem Vorgehen eine Narbe verursacht.<\/p>\n<p>Zur Durchf\u00fchrung dieser Operation gibt es mehrere Techniken: Beim inframamm\u00e4ren Zugang wird der Schnitt direkt unterhalb der Brust in der neu gebildeten Unterbrustfalte gesetzt, beim transareol\u00e4ren Zugang wird direkt um den Warzenvorhof der Brustwarze geschnitten und der transaxill\u00e4re Zugang erfolgt \u00fcber einen Schnitt direkt in die Achselh\u00f6hle. Auch ein Zugang \u00fcber einen Hautschnitt im Nabelbereich (transumbilikal) ist m\u00f6glich. Dieser Zugang wird aber fast nur bei Implantaten gew\u00e4hlt, die nach Setzung mit Kochsalzl\u00f6sung bef\u00fcllt werden. Die Art der Schnittf\u00fchrung wird vom Arzt mit der Patientin im Vorfeld festgelegt.<\/p>\n<p>Daneben wird nach der Platzierung des Implantats unterschieden: Bei sehr schlanken Frauen wird vor allem die submuskul\u00e4re Implantation durchgef\u00fchrt. Dabei wird das Implantat teilweise oder vollst\u00e4ndig unter den Brustmuskel eingef\u00fchrt, w\u00e4hrend das Implantat bei der subglandul\u00e4ren Implantation zwar unter die Brustdr\u00fcse, aber oberhalb des Brustmuskels platziert wird.<\/p>\n<p>Eine Brustvergr\u00f6\u00dferung mit Silikonimplantaten bietet den Vorteil der exakten Planung des Vergr\u00f6\u00dferungsausma\u00dfes. Durch die Wahl einer bestimmten Implantatform (rund oder tropfenf\u00f6rmig) ist in gewissem Rahmen eine Ver\u00e4nderung der Brustform m\u00f6glich. Die Operation unter Vollnarkose gestaltet sich jedoch aufwendig und neben einer m\u00f6glichen Besch\u00e4digung des Implantats bleibt auch das Risiko eines Fremdk\u00f6rpergef\u00fchls und lebenslanger Narben. Diese Methode der Brustvergr\u00f6\u00dferung erfordert au\u00dferdem einen mehrt\u00e4gigen station\u00e4ren Spitalsaufenthalt.<\/p>\n<h2>Brustvergr\u00f6\u00dferung mit Eigenfett und Stammzellen<\/h2>\n<p>Bei der Brustvergr\u00f6\u00dferung mit Eigenfett bedient man sich ausschlie\u00dflich k\u00f6rpereigener Ressourcen. Zu Beginn wird der Patientin das f\u00fcr die Brustvergr\u00f6\u00dferung ben\u00f6tigte K\u00f6rperfett mittels Fettabsaugung schonend entnommen und im Rahmen desselben Eingriffs entweder unbehandelt oder nach bestimmten Behandlungsschritten (z.B. Zentrifugation, Filtration, Stammzellanreicherung) in die Brust injiziert.<\/p>\n<p>Das implantierte Eigenfett sorgt f\u00fcr mehr Brustvolumen. W\u00e4hrend bei der Brustvergr\u00f6\u00dferung mit herk\u00f6mmlichem Eigenfetttransfer (Lipofilling) \u00fcblicherweise ein Teil des Volumens nach dem Eingriff verloren geht und Auffrischungen n\u00f6tig sein k\u00f6nnen, ist bei der Brustvergr\u00f6\u00dferung mit Stammzellen (Cell-Assisted Lipotransfer, CAL) normalerweise ein Eingriff ausreichend. Im Rahmen eines Eingriffs l\u00e4sst sich eine Vergr\u00f6\u00dferung um etwa eine halbe bis zwei K\u00f6rbchengr\u00f6\u00dfen erzielen.<\/p>\n<p>Da das zus\u00e4tzliche Brustvolumen aus k\u00f6rpereigenem Gewebe der Patientin besteht, f\u00fchlt sich die Brust vollkommen nat\u00fcrlich an und sieht auch in jeder Position \u201eecht\u201c aus. Die Methode eignet sich auch gut zur Wiederherstellung von durch Stillen verlorenem Brustvolumen. Durch Wahl einer geeigneten Technik bei der Fettabsaugung \u2013 manuelle Absaugung mit feinen Mikrokan\u00fclen \u2013 kann in der Regel auch bei schlanken Frauen ausreichend viel Fett f\u00fcr die Vergr\u00f6\u00dferung der Brust mit Eigenfett gewonnen werden.<\/p>\n<p>Der Eingriff erfolgt ambulant und unter \u00f6rtlicher Bet\u00e4ubung, wodurch der Patientin m\u00f6gliche Risiken einer Vollnarkose erspart bleiben. Da auf Schnitte mit dem Skalpell g\u00e4nzlich verzichtet wird, kann die Patientin bereits am Tag des Eingriffes nach Hause entlassen werden. Auch die Nachsorge gestaltet sich wesentlich einfacher als bei einer chirurgischen Brustvergr\u00f6\u00dferung.<\/p>\n","protected":false},"excerpt":{"rendered":"<p>Die Brustvergr\u00f6\u00dferung, fachsprachlich Mamma-Augmentation genannt, ist ein Eingriff zur Vergr\u00f6\u00dferung der weiblichen Brust. Die Vergr\u00f6\u00dferung und Formung der Brust kann sowohl durch operative Verfahren mit Brustimplantaten als auch durch sanfte, nat\u00fcrliche Methoden basierend auf einer Transplantation von k\u00f6rpereigenem Fett der Patientin erzielt werden. Eine sch\u00f6ne, wohlgeformte Brust gilt weithin als Symbol der Weiblichkeit. Frauen, die\u2026<span class=\"moretag-separator\">&nbsp;\u00b7 <\/span><a class=\"moretag\" href=\"https:\/\/swissclinics.net\/de\/behandlungen\/brustvergroesserung\/\">Weiterlesen&nbsp;\u00bb<\/a><\/p>\n","protected":false},"author":9,"featured_media":598,"parent":32,"menu_order":0,"comment_status":"closed","ping_status":"closed","template":"","meta":{"footnotes":""},"class_list":["post-90","page","type-page","status-publish","has-post-thumbnail","hentry"],"yoast_head":"<!-- This site is optimized with the Yoast SEO plugin v27.2 - https:\/\/yoast.com\/product\/yoast-seo-wordpress\/ -->\n<title>Brustvergr\u00f6\u00dferung mit Implantaten und Eigenfett &#183; Swiss Clinics<\/title>\n<meta name=\"description\" content=\"Vergr\u00f6\u00dferung und Formung der Brust (Mamma-Augmentation) mittels Brustimplantaten oder Eigenfett (Lipofilling) und Stammzellen (Cell-Assisted Lipotransfer).\" \/>\n<meta name=\"robots\" content=\"index, follow, max-snippet:-1, max-image-preview:large, max-video-preview:-1\" \/>\n<link rel=\"canonical\" href=\"https:\/\/swissclinics.net\/de\/behandlungen\/brustvergroesserung\/\" \/>\n<meta property=\"og:locale\" content=\"de_DE\" \/>\n<meta property=\"og:type\" content=\"article\" \/>\n<meta property=\"og:title\" content=\"Brustvergr\u00f6\u00dferung mit Implantaten und Eigenfett &#183; Swiss Clinics\" \/>\n<meta property=\"og:description\" content=\"Vergr\u00f6\u00dferung und Formung der Brust (Mamma-Augmentation) mittels Brustimplantaten oder Eigenfett (Lipofilling) und Stammzellen (Cell-Assisted Lipotransfer).\" \/>\n<meta property=\"og:url\" content=\"https:\/\/swissclinics.net\/de\/behandlungen\/brustvergroesserung\/\" \/>\n<meta property=\"og:site_name\" content=\"Swiss Clinics\" \/>\n<meta property=\"article:publisher\" content=\"https:\/\/www.facebook.com\/swissclinics\/\" \/>\n<meta property=\"article:modified_time\" content=\"2017-07-04T07:30:28+00:00\" \/>\n<meta property=\"og:image\" content=\"https:\/\/swissclinics.net\/de\/wp-content\/uploads\/sites\/3\/brustvergroesserung.jpg\" \/>\n\t<meta property=\"og:image:width\" content=\"640\" \/>\n\t<meta property=\"og:image:height\" content=\"779\" \/>\n\t<meta property=\"og:image:type\" content=\"image\/jpeg\" \/>\n<meta name=\"twitter:card\" content=\"summary_large_image\" \/>\n<meta name=\"twitter:label1\" content=\"Gesch\u00e4tzte Lesezeit\" \/>\n\t<meta name=\"twitter:data1\" content=\"4\u00a0Minuten\" \/>\n<script type=\"application\/ld+json\" class=\"yoast-schema-graph\">{\"@context\":\"https:\/\/schema.org\",\"@graph\":[{\"@type\":\"WebPage\",\"@id\":\"https:\/\/swissclinics.net\/de\/behandlungen\/brustvergroesserung\/\",\"url\":\"https:\/\/swissclinics.net\/de\/behandlungen\/brustvergroesserung\/\",\"name\":\"Brustvergr\u00f6\u00dferung mit Implantaten und Eigenfett &#183; Swiss Clinics\",\"isPartOf\":{\"@id\":\"https:\/\/swissclinics.net\/de\/#website\"},\"primaryImageOfPage\":{\"@id\":\"https:\/\/swissclinics.net\/de\/behandlungen\/brustvergroesserung\/#primaryimage\"},\"image\":{\"@id\":\"https:\/\/swissclinics.net\/de\/behandlungen\/brustvergroesserung\/#primaryimage\"},\"thumbnailUrl\":\"https:\/\/swissclinics.net\/de\/wp-content\/uploads\/sites\/3\/brustvergroesserung.jpg\",\"datePublished\":\"2016-06-20T21:37:02+00:00\",\"dateModified\":\"2017-07-04T07:30:28+00:00\",\"description\":\"Vergr\u00f6\u00dferung und Formung der Brust (Mamma-Augmentation) mittels Brustimplantaten oder Eigenfett (Lipofilling) und Stammzellen (Cell-Assisted Lipotransfer).\",\"breadcrumb\":{\"@id\":\"https:\/\/swissclinics.net\/de\/behandlungen\/brustvergroesserung\/#breadcrumb\"},\"inLanguage\":\"de\",\"potentialAction\":[{\"@type\":\"ReadAction\",\"target\":[\"https:\/\/swissclinics.net\/de\/behandlungen\/brustvergroesserung\/\"]}]},{\"@type\":\"ImageObject\",\"inLanguage\":\"de\",\"@id\":\"https:\/\/swissclinics.net\/de\/behandlungen\/brustvergroesserung\/#primaryimage\",\"url\":\"https:\/\/swissclinics.net\/de\/wp-content\/uploads\/sites\/3\/brustvergroesserung.jpg\",\"contentUrl\":\"https:\/\/swissclinics.net\/de\/wp-content\/uploads\/sites\/3\/brustvergroesserung.jpg\",\"width\":640,\"height\":779},{\"@type\":\"BreadcrumbList\",\"@id\":\"https:\/\/swissclinics.net\/de\/behandlungen\/brustvergroesserung\/#breadcrumb\",\"itemListElement\":[{\"@type\":\"ListItem\",\"position\":1,\"name\":\"Home\",\"item\":\"https:\/\/swissclinics.net\/de\/\"},{\"@type\":\"ListItem\",\"position\":2,\"name\":\"Behandlungen\",\"item\":\"https:\/\/swissclinics.net\/de\/behandlungen\/\"},{\"@type\":\"ListItem\",\"position\":3,\"name\":\"Brustvergr\u00f6\u00dferung\"}]},{\"@type\":\"WebSite\",\"@id\":\"https:\/\/swissclinics.net\/de\/#website\",\"url\":\"https:\/\/swissclinics.net\/de\/\",\"name\":\"Swiss Clinics\",\"description\":\"Medizin mit Schweizer Qualit\u00e4t.\",\"potentialAction\":[{\"@type\":\"SearchAction\",\"target\":{\"@type\":\"EntryPoint\",\"urlTemplate\":\"https:\/\/swissclinics.net\/de\/?s={search_term_string}\"},\"query-input\":{\"@type\":\"PropertyValueSpecification\",\"valueRequired\":true,\"valueName\":\"search_term_string\"}}],\"inLanguage\":\"de\"}]}<\/script>\n<!-- \/ Yoast SEO plugin. -->","yoast_head_json":{"title":"Brustvergr\u00f6\u00dferung mit Implantaten und Eigenfett &#183; Swiss Clinics","description":"Vergr\u00f6\u00dferung und Formung der Brust (Mamma-Augmentation) mittels Brustimplantaten oder Eigenfett (Lipofilling) und Stammzellen (Cell-Assisted Lipotransfer).","robots":{"index":"index","follow":"follow","max-snippet":"max-snippet:-1","max-image-preview":"max-image-preview:large","max-video-preview":"max-video-preview:-1"},"canonical":"https:\/\/swissclinics.net\/de\/behandlungen\/brustvergroesserung\/","og_locale":"de_DE","og_type":"article","og_title":"Brustvergr\u00f6\u00dferung mit Implantaten und Eigenfett &#183; Swiss Clinics","og_description":"Vergr\u00f6\u00dferung und Formung der Brust (Mamma-Augmentation) mittels Brustimplantaten oder Eigenfett (Lipofilling) und Stammzellen (Cell-Assisted Lipotransfer).","og_url":"https:\/\/swissclinics.net\/de\/behandlungen\/brustvergroesserung\/","og_site_name":"Swiss Clinics","article_publisher":"https:\/\/www.facebook.com\/swissclinics\/","article_modified_time":"2017-07-04T07:30:28+00:00","og_image":[{"width":640,"height":779,"url":"https:\/\/swissclinics.net\/de\/wp-content\/uploads\/sites\/3\/brustvergroesserung.jpg","type":"image\/jpeg"}],"twitter_card":"summary_large_image","twitter_misc":{"Gesch\u00e4tzte Lesezeit":"4\u00a0Minuten"},"schema":{"@context":"https:\/\/schema.org","@graph":[{"@type":"WebPage","@id":"https:\/\/swissclinics.net\/de\/behandlungen\/brustvergroesserung\/","url":"https:\/\/swissclinics.net\/de\/behandlungen\/brustvergroesserung\/","name":"Brustvergr\u00f6\u00dferung mit Implantaten und Eigenfett &#183; Swiss Clinics","isPartOf":{"@id":"https:\/\/swissclinics.net\/de\/#website"},"primaryImageOfPage":{"@id":"https:\/\/swissclinics.net\/de\/behandlungen\/brustvergroesserung\/#primaryimage"},"image":{"@id":"https:\/\/swissclinics.net\/de\/behandlungen\/brustvergroesserung\/#primaryimage"},"thumbnailUrl":"https:\/\/swissclinics.net\/de\/wp-content\/uploads\/sites\/3\/brustvergroesserung.jpg","datePublished":"2016-06-20T21:37:02+00:00","dateModified":"2017-07-04T07:30:28+00:00","description":"Vergr\u00f6\u00dferung und Formung der Brust (Mamma-Augmentation) mittels Brustimplantaten oder Eigenfett (Lipofilling) und Stammzellen (Cell-Assisted Lipotransfer).","breadcrumb":{"@id":"https:\/\/swissclinics.net\/de\/behandlungen\/brustvergroesserung\/#breadcrumb"},"inLanguage":"de","potentialAction":[{"@type":"ReadAction","target":["https:\/\/swissclinics.net\/de\/behandlungen\/brustvergroesserung\/"]}]},{"@type":"ImageObject","inLanguage":"de","@id":"https:\/\/swissclinics.net\/de\/behandlungen\/brustvergroesserung\/#primaryimage","url":"https:\/\/swissclinics.net\/de\/wp-content\/uploads\/sites\/3\/brustvergroesserung.jpg","contentUrl":"https:\/\/swissclinics.net\/de\/wp-content\/uploads\/sites\/3\/brustvergroesserung.jpg","width":640,"height":779},{"@type":"BreadcrumbList","@id":"https:\/\/swissclinics.net\/de\/behandlungen\/brustvergroesserung\/#breadcrumb","itemListElement":[{"@type":"ListItem","position":1,"name":"Home","item":"https:\/\/swissclinics.net\/de\/"},{"@type":"ListItem","position":2,"name":"Behandlungen","item":"https:\/\/swissclinics.net\/de\/behandlungen\/"},{"@type":"ListItem","position":3,"name":"Brustvergr\u00f6\u00dferung"}]},{"@type":"WebSite","@id":"https:\/\/swissclinics.net\/de\/#website","url":"https:\/\/swissclinics.net\/de\/","name":"Swiss Clinics","description":"Medizin mit Schweizer Qualit\u00e4t.","potentialAction":[{"@type":"SearchAction","target":{"@type":"EntryPoint","urlTemplate":"https:\/\/swissclinics.net\/de\/?s={search_term_string}"},"query-input":{"@type":"PropertyValueSpecification","valueRequired":true,"valueName":"search_term_string"}}],"inLanguage":"de"}]}},"_links":{"self":[{"href":"https:\/\/swissclinics.net\/de\/wp-json\/wp\/v2\/pages\/90","targetHints":{"allow":["GET"]}}],"collection":[{"href":"https:\/\/swissclinics.net\/de\/wp-json\/wp\/v2\/pages"}],"about":[{"href":"https:\/\/swissclinics.net\/de\/wp-json\/wp\/v2\/types\/page"}],"author":[{"embeddable":true,"href":"https:\/\/swissclinics.net\/de\/wp-json\/wp\/v2\/users\/9"}],"replies":[{"embeddable":true,"href":"https:\/\/swissclinics.net\/de\/wp-json\/wp\/v2\/comments?post=90"}],"version-history":[{"count":5,"href":"https:\/\/swissclinics.net\/de\/wp-json\/wp\/v2\/pages\/90\/revisions"}],"predecessor-version":[{"id":712,"href":"https:\/\/swissclinics.net\/de\/wp-json\/wp\/v2\/pages\/90\/revisions\/712"}],"up":[{"embeddable":true,"href":"https:\/\/swissclinics.net\/de\/wp-json\/wp\/v2\/pages\/32"}],"wp:featuredmedia":[{"embeddable":true,"href":"https:\/\/swissclinics.net\/de\/wp-json\/wp\/v2\/media\/598"}],"wp:attachment":[{"href":"https:\/\/swissclinics.net\/de\/wp-json\/wp\/v2\/media?parent=90"}],"curies":[{"name":"wp","href":"https:\/\/api.w.org\/{rel}","templated":true}]}}