{"id":9,"date":"2016-06-03T14:50:29","date_gmt":"2016-06-03T14:50:29","guid":{"rendered":"http:\/\/swissclinics.net\/de\/?page_id=9"},"modified":"2017-07-02T20:35:41","modified_gmt":"2017-07-02T18:35:41","slug":"ueber-swiss-clinics","status":"publish","type":"page","link":"https:\/\/swissclinics.net\/de\/ueber-swiss-clinics\/","title":{"rendered":"\u00dcber uns"},"content":{"rendered":"<p><strong>Swiss Clinics<\/strong> unterst\u00fctzt Sie dabei, f\u00fcr Ihr spezielles medizinisches Problem weltweit und international die ideale, ma\u00dfgeschneiderte L\u00f6sung zu finden. <strong>Schweizer Qualit\u00e4t<\/strong> wird zurecht in der ganzen Welt anerkannt und gesch\u00e4tzt, sei es bei Handwerk, Bankwesen oder Medizin.<\/p>\n<p>Swiss Clinics soll Ihnen nicht nur helfen, erstklassige medizinische Anbieter in der Schweiz zu finden. Wir wollen Ihnen <em>weltweit<\/em> jene ausgew\u00e4hlten medizinischen Zentren und \u00c4rzte vorstellen, die sich Schweizer Qualit\u00e4tsanspruch verpflichtet haben. Das Spektrum der von Swiss Clinics abgedeckten Erkrankungen und Behandlungen beinhaltet <a href=\"https:\/\/swissclinics.net\/de\/behandlungen\/aesthetische-chirurgie\/\"><strong>\u00e4sthetische Chirurgie<\/strong><\/a>, <a href=\"https:\/\/swissclinics.net\/de\/behandlungen\/stammzelltherapie\/\"><strong>Stammzelltherapien<\/strong><\/a>, <a href=\"https:\/\/swissclinics.net\/de\/behandlungen\/gewichtsabnahme\/\"><strong>Gewichtsabnahme<\/strong><\/a>, <a href=\"https:\/\/swissclinics.net\/de\/behandlungen\/bioidentische-hormone\/\"><strong>Hormonelle Regeneration<\/strong><\/a> sowie <a href=\"https:\/\/swissclinics.net\/de\/behandlungen\/kinderwunsch-fruchtbarkeit\/\"><strong>Kinderwunsch und Fruchtbarkeit<\/strong><\/a>.<\/p>\n<p>Medizin und Chirurgie sind heute nicht \u00fcberall auf der Welt gleich weit entwickelt. Manche Verfahren werden in den USA und Europa in bester Qualit\u00e4t angeboten. Andererseits gibt es Behandlungen, die in Europa oder den USA Patienten wegen regulatorischer H\u00fcrden noch vorenthalten werden, w\u00e4hrend sie in anderen L\u00e4ndern bereits f\u00fcr Patienten verf\u00fcgbar sind.<\/p>\n<h2>Ihr Weg zu Medizin mit Schweizer Qualit\u00e4t<\/h2>\n<p>Ihre Anfrage an Swiss Clinics wird von spezialisierten \u00c4rzten beantwortet, die wissen, bei welchem Arzt in welchem Gesundheitszentrum in welchem Land Sie mit Ihrem medizinischen Problem am besten aufgehoben sind. Dabei finden Ihre medizinischen Vorstellungen genauso Ber\u00fccksichtigung wie Ihre kulturellen und \u00f6konomischen Vorgaben hinsichtlich Preis, Besonderheiten im Service und Servicelevel.<\/p>\n<p><strong>Beginnen Sie nun mit Ihrer Suche oder <a href=\"https:\/\/swissclinics.net\/de\/kontakt\/\">kontaktieren Sie uns direkt mit Ihrem Anliegen<\/a>!<br \/>\n<\/strong><\/p>\n<form role=\"search\" method=\"get\" class=\"search-form\" action=\"https:\/\/swissclinics.net\/de\/\">\r\n  <label>\r\n    <span class=\"screen-reader-text\">Suche nach: <\/span><input type=\"search\" class=\"search-field\"\r\n      placeholder=\"Suchen\u2026\"\r\n      value=\"\" name=\"s\" data-swplive=\"true\" data-swpengine=\"default\" data-swpconfig=\"default\" \/>\r\n  <\/label><button type=\"submit\" class=\"search-submit\"><span class=\"screen-reader-text\">Suchen<\/span><svg width=\"16\" height=\"16\"><use xlink:href=\"#sadagi-search\"\/><\/svg><\/button>\r\n<\/form>\n<p><em>Suchen Sie beispielsweise nach einer Krankheit oder der gew\u00fcnschten Behandlung.<\/em><\/p>\n","protected":false},"excerpt":{"rendered":"<p>Swiss Clinics unterst\u00fctzt Sie dabei, f\u00fcr Ihr spezielles medizinisches Problem weltweit und international die ideale, ma\u00dfgeschneiderte L\u00f6sung zu finden. Schweizer Qualit\u00e4t wird zurecht in der ganzen Welt anerkannt und gesch\u00e4tzt, sei es bei Handwerk, Bankwesen oder Medizin. Swiss Clinics soll Ihnen nicht nur helfen, erstklassige medizinische Anbieter in der Schweiz zu finden. Wir wollen Ihnen\u2026<span class=\"moretag-separator\">&nbsp;\u00b7 <\/span><a class=\"moretag\" href=\"https:\/\/swissclinics.net\/de\/ueber-swiss-clinics\/\">Weiterlesen&nbsp;\u00bb<\/a><\/p>\n","protected":false},"author":9,"featured_media":0,"parent":0,"menu_order":0,"comment_status":"closed","ping_status":"closed","template":"","meta":{"footnotes":""},"class_list":["post-9","page","type-page","status-publish","hentry"],"yoast_head":"<!-- This site is optimized with the Yoast SEO plugin v27.2 - https:\/\/yoast.com\/product\/yoast-seo-wordpress\/ -->\n<title>\u00dcber Swiss Clinics \u2013 Philosophie \u2013 Medizin und Gesundheit &#183; Swiss Clinics<\/title>\n<meta name=\"description\" content=\"Swiss Clinics hilft Ihnen, f\u00fcr Ihr medizinisches Problem weltweit jene \u00c4rzte und Kliniken zu finden, sie sich Schweizer Qualit\u00e4t verpflichtet haben.\" \/>\n<meta name=\"robots\" content=\"index, follow, max-snippet:-1, max-image-preview:large, max-video-preview:-1\" \/>\n<link rel=\"canonical\" href=\"https:\/\/swissclinics.net\/de\/ueber-swiss-clinics\/\" \/>\n<meta property=\"og:locale\" content=\"de_DE\" \/>\n<meta property=\"og:type\" content=\"article\" \/>\n<meta property=\"og:title\" content=\"\u00dcber Swiss Clinics \u2013 Philosophie \u2013 Medizin und Gesundheit &#183; Swiss Clinics\" \/>\n<meta property=\"og:description\" content=\"Swiss Clinics hilft Ihnen, f\u00fcr Ihr medizinisches Problem weltweit jene \u00c4rzte und Kliniken zu finden, sie sich Schweizer Qualit\u00e4t verpflichtet haben.\" \/>\n<meta property=\"og:url\" content=\"https:\/\/swissclinics.net\/de\/ueber-swiss-clinics\/\" \/>\n<meta property=\"og:site_name\" content=\"Swiss Clinics\" \/>\n<meta property=\"article:publisher\" content=\"https:\/\/www.facebook.com\/swissclinics\/\" \/>\n<meta property=\"article:modified_time\" content=\"2017-07-02T18:35:41+00:00\" \/>\n<meta name=\"twitter:card\" content=\"summary_large_image\" \/>\n<meta name=\"twitter:label1\" content=\"Gesch\u00e4tzte Lesezeit\" \/>\n\t<meta name=\"twitter:data1\" content=\"1\u00a0Minute\" \/>\n<script type=\"application\/ld+json\" class=\"yoast-schema-graph\">{\"@context\":\"https:\/\/schema.org\",\"@graph\":[{\"@type\":\"WebPage\",\"@id\":\"https:\/\/swissclinics.net\/de\/ueber-swiss-clinics\/\",\"url\":\"https:\/\/swissclinics.net\/de\/ueber-swiss-clinics\/\",\"name\":\"\u00dcber Swiss Clinics \u2013 Philosophie \u2013 Medizin und Gesundheit &#183; Swiss Clinics\",\"isPartOf\":{\"@id\":\"https:\/\/swissclinics.net\/de\/#website\"},\"datePublished\":\"2016-06-03T14:50:29+00:00\",\"dateModified\":\"2017-07-02T18:35:41+00:00\",\"description\":\"Swiss Clinics hilft Ihnen, f\u00fcr Ihr medizinisches Problem weltweit jene \u00c4rzte und Kliniken zu finden, sie sich Schweizer Qualit\u00e4t verpflichtet haben.\",\"breadcrumb\":{\"@id\":\"https:\/\/swissclinics.net\/de\/ueber-swiss-clinics\/#breadcrumb\"},\"inLanguage\":\"de\",\"potentialAction\":[{\"@type\":\"ReadAction\",\"target\":[\"https:\/\/swissclinics.net\/de\/ueber-swiss-clinics\/\"]}]},{\"@type\":\"BreadcrumbList\",\"@id\":\"https:\/\/swissclinics.net\/de\/ueber-swiss-clinics\/#breadcrumb\",\"itemListElement\":[{\"@type\":\"ListItem\",\"position\":1,\"name\":\"Home\",\"item\":\"https:\/\/swissclinics.net\/de\/\"},{\"@type\":\"ListItem\",\"position\":2,\"name\":\"\u00dcber uns\"}]},{\"@type\":\"WebSite\",\"@id\":\"https:\/\/swissclinics.net\/de\/#website\",\"url\":\"https:\/\/swissclinics.net\/de\/\",\"name\":\"Swiss Clinics\",\"description\":\"Medizin mit Schweizer Qualit\u00e4t.\",\"potentialAction\":[{\"@type\":\"SearchAction\",\"target\":{\"@type\":\"EntryPoint\",\"urlTemplate\":\"https:\/\/swissclinics.net\/de\/?s={search_term_string}\"},\"query-input\":{\"@type\":\"PropertyValueSpecification\",\"valueRequired\":true,\"valueName\":\"search_term_string\"}}],\"inLanguage\":\"de\"}]}<\/script>\n<!-- \/ Yoast SEO plugin. -->","yoast_head_json":{"title":"\u00dcber Swiss Clinics \u2013 Philosophie \u2013 Medizin und Gesundheit &#183; Swiss Clinics","description":"Swiss Clinics hilft Ihnen, f\u00fcr Ihr medizinisches Problem weltweit jene \u00c4rzte und Kliniken zu finden, sie sich Schweizer Qualit\u00e4t verpflichtet haben.","robots":{"index":"index","follow":"follow","max-snippet":"max-snippet:-1","max-image-preview":"max-image-preview:large","max-video-preview":"max-video-preview:-1"},"canonical":"https:\/\/swissclinics.net\/de\/ueber-swiss-clinics\/","og_locale":"de_DE","og_type":"article","og_title":"\u00dcber Swiss Clinics \u2013 Philosophie \u2013 Medizin und Gesundheit &#183; Swiss Clinics","og_description":"Swiss Clinics hilft Ihnen, f\u00fcr Ihr medizinisches Problem weltweit jene \u00c4rzte und Kliniken zu finden, sie sich Schweizer Qualit\u00e4t verpflichtet haben.","og_url":"https:\/\/swissclinics.net\/de\/ueber-swiss-clinics\/","og_site_name":"Swiss Clinics","article_publisher":"https:\/\/www.facebook.com\/swissclinics\/","article_modified_time":"2017-07-02T18:35:41+00:00","twitter_card":"summary_large_image","twitter_misc":{"Gesch\u00e4tzte Lesezeit":"1\u00a0Minute"},"schema":{"@context":"https:\/\/schema.org","@graph":[{"@type":"WebPage","@id":"https:\/\/swissclinics.net\/de\/ueber-swiss-clinics\/","url":"https:\/\/swissclinics.net\/de\/ueber-swiss-clinics\/","name":"\u00dcber Swiss Clinics \u2013 Philosophie \u2013 Medizin und Gesundheit &#183; Swiss Clinics","isPartOf":{"@id":"https:\/\/swissclinics.net\/de\/#website"},"datePublished":"2016-06-03T14:50:29+00:00","dateModified":"2017-07-02T18:35:41+00:00","description":"Swiss Clinics hilft Ihnen, f\u00fcr Ihr medizinisches Problem weltweit jene \u00c4rzte und Kliniken zu finden, sie sich Schweizer Qualit\u00e4t verpflichtet haben.","breadcrumb":{"@id":"https:\/\/swissclinics.net\/de\/ueber-swiss-clinics\/#breadcrumb"},"inLanguage":"de","potentialAction":[{"@type":"ReadAction","target":["https:\/\/swissclinics.net\/de\/ueber-swiss-clinics\/"]}]},{"@type":"BreadcrumbList","@id":"https:\/\/swissclinics.net\/de\/ueber-swiss-clinics\/#breadcrumb","itemListElement":[{"@type":"ListItem","position":1,"name":"Home","item":"https:\/\/swissclinics.net\/de\/"},{"@type":"ListItem","position":2,"name":"\u00dcber uns"}]},{"@type":"WebSite","@id":"https:\/\/swissclinics.net\/de\/#website","url":"https:\/\/swissclinics.net\/de\/","name":"Swiss Clinics","description":"Medizin mit Schweizer Qualit\u00e4t.","potentialAction":[{"@type":"SearchAction","target":{"@type":"EntryPoint","urlTemplate":"https:\/\/swissclinics.net\/de\/?s={search_term_string}"},"query-input":{"@type":"PropertyValueSpecification","valueRequired":true,"valueName":"search_term_string"}}],"inLanguage":"de"}]}},"_links":{"self":[{"href":"https:\/\/swissclinics.net\/de\/wp-json\/wp\/v2\/pages\/9","targetHints":{"allow":["GET"]}}],"collection":[{"href":"https:\/\/swissclinics.net\/de\/wp-json\/wp\/v2\/pages"}],"about":[{"href":"https:\/\/swissclinics.net\/de\/wp-json\/wp\/v2\/types\/page"}],"author":[{"embeddable":true,"href":"https:\/\/swissclinics.net\/de\/wp-json\/wp\/v2\/users\/9"}],"replies":[{"embeddable":true,"href":"https:\/\/swissclinics.net\/de\/wp-json\/wp\/v2\/comments?post=9"}],"version-history":[{"count":23,"href":"https:\/\/swissclinics.net\/de\/wp-json\/wp\/v2\/pages\/9\/revisions"}],"predecessor-version":[{"id":682,"href":"https:\/\/swissclinics.net\/de\/wp-json\/wp\/v2\/pages\/9\/revisions\/682"}],"wp:attachment":[{"href":"https:\/\/swissclinics.net\/de\/wp-json\/wp\/v2\/media?parent=9"}],"curies":[{"name":"wp","href":"https:\/\/api.w.org\/{rel}","templated":true}]}}