{"id":806,"date":"2017-11-08T15:42:59","date_gmt":"2017-11-08T14:42:59","guid":{"rendered":"https:\/\/swissclinics.net\/de\/?page_id=806"},"modified":"2017-12-10T01:23:04","modified_gmt":"2017-12-10T00:23:04","slug":"steigerung-spermienqualitaet","status":"publish","type":"page","link":"https:\/\/swissclinics.net\/de\/steigerung-spermienqualitaet\/","title":{"rendered":"Steigerung der Spermienqualit\u00e4t"},"content":{"rendered":"<p>Wenn ein Kinderwunsch unerf\u00fcllt bleibt, kann der Grund auch beim m\u00e4nnlichen Geschlecht liegen. Forscher haben festgestellt, dass sowohl Qualit\u00e4t als auch Menge der Spermien in der westlichen Welt in den letzten Jahren stark gesunken sind. Dadurch verringert sich die Wahrscheinlichkeit einer erfolgreichen Befruchtung der weiblichen Eizelle. Therapien k\u00f6nnen <strong>Spermienanzahl<\/strong>, <strong>Spermienqualit\u00e4t<\/strong> und <strong>Spermienbeweglichkeit<\/strong> steigern.<\/p>\n<p>M\u00f6gliche Ursachen f\u00fcr den Abfall der Spermienqualit\u00e4t sind Umwelteinfl\u00fcsse auf den m\u00e4nnlichen K\u00f6rper, die etwa zu hormonellen Imbalancen f\u00fchren und in weiterer Folge die Fruchtbarkeit beeintr\u00e4chtigen k\u00f6nnen. Einer dieser Faktoren ist m\u00f6glicherweise die vermehrte Strahlenbelastung der m\u00e4nnlichen Keimdr\u00fcsen durch Mobiltelefone, die in der Hosentasche getragen werden, sowie Giftstoffe, die durch die Nahrung aufgenommen werden.<\/p>\n<p>Die geringe Kinderzahl im Vergleich zu fr\u00fcheren Zeiten scheint also nicht nur gesellschaftliche, sondern auch gesundheitliche Gr\u00fcnde zu haben. F\u00fcr betroffene Paare ist ein unerf\u00fcllter Kinderwunsch oft belastend. In vielen F\u00e4llen bietet die moderne Medizin schonende Therapien zur Wiederherstellung der Zeugungsf\u00e4higkeit.<\/p>\n<h2>\u00c4rztliche Untersuchungen zur Diagnostik<\/h2>\n<p>Um den Grund f\u00fcr eine ausbleibende Schwangerschaft zu ermitteln, ist als erstes eine \u00e4rztliche Untersuchung ratsam. Dabei werden die inneren und \u00e4u\u00dferen Geschlechtsorgane von Mann und Frau auf m\u00f6gliche Funktionsst\u00f6rungen \u00fcberpr\u00fcft. In der Folge kann eine gezielte, individuell angepasste Behandlung begonnen werden.<\/p>\n<p>Die Qualit\u00e4t der Spermien wird mit Hilfe eines Spermiogramms beurteilt. Dabei wird eine kleine Menge an Sperma (Ejakulat) unter dem Mikroskop begutachtet. Das Spermiogramm erlaubt Aussagen \u00fcber Form, Beweglichkeit und Anzahl der m\u00e4nnlichen Samenzellen.<\/p>\n<p>F\u00fcr eine erfolgreiche Befruchtung ist au\u00dferdem ein hormonelles Gleichgewicht im K\u00f6rper von Mann und Frau essentiell. Hormonelle Imbalancen setzen die Fruchtbarkeit beider Geschlechter herab und k\u00f6nnen dazu f\u00fchren, dass die erw\u00fcnschte Schwangerschaft ausbleibt. Eine umfassende Analyse des aktuellen Hormonstatus hilft bei der Diagnose hormoneller Imbalancen.<\/p>\n<h2>Verbesserung der Spermienqualit\u00e4t durch bioidentische Hormone<\/h2>\n<p>Sind die Hormonspiegel aus der Balance geraten oder fehlen bestimmte Hormone, kann das Gleichgewicht durch Verabreichung von bioidentischen Hormonen wiederhergestellt werden. Die bioidentischen Hormone gleichen den k\u00f6rpereigenen Hormonen in ihrer chemischen Struktur. Bei richtiger Dosierung durch einen Arzt mit Spezialisierung auf Therapien mit bioidentischen Hormonen treten \u00fcblicherweise keine Nebenwirkungen auf.<\/p>\n<p>Abh\u00e4ngig von den vorliegenden hormonellen Imbalancen kommt eine Verabreichung der Sexualhormone DHEA, Pregnenolon, Progesteron und Testosteron sowie von Gonadotropinen wie HCG oder FSH und weiterer Hormone in Betracht. Bei der Verabreichung von Testosteron muss umsichtig vorgegangen werden, da es die Spermienmenge und Qualit\u00e4t bis hin zur (reversiblen) Infertilit\u00e4t reduzieren kann. Ein Ph\u00e4nomen, das von dopenden Bodybuildern und Leistungssportlern bekannt ist.<\/p>\n<p>Falls eine Schw\u00e4che der Schilddr\u00fcse vorliegt, kann au\u00dferdem eine Behandlung mittels der Schilddr\u00fcsenhormone T3 und T4 sinnvoll sein. \u00dcblicherweise werden mehrere fehlende Hormone verabreicht, um die hormonelle Balance wiederherzustellen. Die hormonelle Balance bietet eine wichtige Grundlage f\u00fcr eine ungest\u00f6rte Aktivit\u00e4t der Keimdr\u00fcsen und kann so das Eintreten einer Schwangerschaft unterst\u00fctzen.<\/p>\n<h2>Verbesserung der Spermienqualit\u00e4t durch Ern\u00e4hrung, Vitamine, Mikron\u00e4hrstoffe und weitere Substanzen<\/h2>\n<p>Die Spermienqualit\u00e4t kann durch Umstellung der Ern\u00e4hrung und Zufuhr von Vitaminen (z.B. Fols\u00e4ure), Mikron\u00e4hrstoffen (Kupfer, Zink) und einer Reihe weiterer Wirkstoffe aus dem Bereich der TCM (z.B. Astragaloside) signifikant verbessert werden.<\/p>\n<h2>Verbesserung der Spermienqualit\u00e4t durch k\u00f6rpereigene Stammzellen (SVF)<\/h2>\n<p>Wenn Beeintr\u00e4chtigungen der Funktion der Geschlechtsorgane bei Mann und Frau ausgeschlossen wurden und trotz hormoneller Balance keine erfolgreiche Befruchtung m\u00f6glich ist, k\u00f6nnen die m\u00e4nnlichen Keimdr\u00fcsen durch eine Behandlung mit Wachstumsfaktoren, Platelet-Rich Plasma (PRP) aus Eigenblut oder mit mesenchymalen Stammzellen (MSC) bzw. Stromal Vascular Fraction (SVF) aus dem k\u00f6rpereigenen Fett des Patienten regeneriert und zur Funktion angeregt werden.<\/p>\n<p>Die Therapie zur Steigerung der m\u00e4nnlichen Fruchtbarkeit erfolgt ambulant. Zuerst wird etwas Fett des Patienten abgesaugt, aus dem die darin enthaltenen Stammzellen gewonnen werden. Unmittelbar darauf werden Stammzellen und PRP injiziert. Verbessert sich infolge der Behandlung die Funktion der Keimdr\u00fcsen wieder, kann eine Zeugung auf nat\u00fcrlichem Wege m\u00f6glich sein.<\/p>\n","protected":false},"excerpt":{"rendered":"<p>Wenn ein Kinderwunsch unerf\u00fcllt bleibt, kann der Grund auch beim m\u00e4nnlichen Geschlecht liegen. Forscher haben festgestellt, dass sowohl Qualit\u00e4t als auch Menge der Spermien in der westlichen Welt in den letzten Jahren stark gesunken sind. Dadurch verringert sich die Wahrscheinlichkeit einer erfolgreichen Befruchtung der weiblichen Eizelle. Therapien k\u00f6nnen Spermienanzahl, Spermienqualit\u00e4t und Spermienbeweglichkeit steigern. M\u00f6gliche Ursachen\u2026<span class=\"moretag-separator\">&nbsp;\u00b7 <\/span><a class=\"moretag\" href=\"https:\/\/swissclinics.net\/de\/steigerung-spermienqualitaet\/\">Weiterlesen&nbsp;\u00bb<\/a><\/p>\n","protected":false},"author":9,"featured_media":0,"parent":0,"menu_order":0,"comment_status":"closed","ping_status":"closed","template":"","meta":{"footnotes":""},"class_list":["post-806","page","type-page","status-publish","hentry"],"yoast_head":"<!-- This site is optimized with the Yoast SEO plugin v27.4 - https:\/\/yoast.com\/product\/yoast-seo-wordpress\/ -->\n<title>Steigerung der Spermienqualit\u00e4t &#183; Swiss Clinics<\/title>\n<meta name=\"robots\" content=\"index, follow, max-snippet:-1, max-image-preview:large, max-video-preview:-1\" \/>\n<link rel=\"canonical\" href=\"https:\/\/swissclinics.net\/de\/steigerung-spermienqualitaet\/\" \/>\n<meta property=\"og:locale\" content=\"de_DE\" \/>\n<meta property=\"og:type\" content=\"article\" \/>\n<meta property=\"og:title\" content=\"Steigerung der Spermienqualit\u00e4t &#183; Swiss Clinics\" \/>\n<meta property=\"og:description\" content=\"Wenn ein Kinderwunsch unerf\u00fcllt bleibt, kann der Grund auch beim m\u00e4nnlichen Geschlecht liegen. Forscher haben festgestellt, dass sowohl Qualit\u00e4t als auch Menge der Spermien in der westlichen Welt in den letzten Jahren stark gesunken sind. Dadurch verringert sich die Wahrscheinlichkeit einer erfolgreichen Befruchtung der weiblichen Eizelle. Therapien k\u00f6nnen Spermienanzahl, Spermienqualit\u00e4t und Spermienbeweglichkeit steigern. M\u00f6gliche Ursachen\u2026&nbsp;\u00b7 Weiterlesen&nbsp;\u00bb\" \/>\n<meta property=\"og:url\" content=\"https:\/\/swissclinics.net\/de\/steigerung-spermienqualitaet\/\" \/>\n<meta property=\"og:site_name\" content=\"Swiss Clinics\" \/>\n<meta property=\"article:publisher\" content=\"https:\/\/www.facebook.com\/swissclinics\/\" \/>\n<meta property=\"article:modified_time\" content=\"2017-12-10T00:23:04+00:00\" \/>\n<meta name=\"twitter:card\" content=\"summary_large_image\" \/>\n<meta name=\"twitter:label1\" content=\"Gesch\u00e4tzte Lesezeit\" \/>\n\t<meta name=\"twitter:data1\" content=\"3\u00a0Minuten\" \/>\n<script type=\"application\/ld+json\" class=\"yoast-schema-graph\">{\"@context\":\"https:\\\/\\\/schema.org\",\"@graph\":[{\"@type\":\"WebPage\",\"@id\":\"https:\\\/\\\/swissclinics.net\\\/de\\\/steigerung-spermienqualitaet\\\/\",\"url\":\"https:\\\/\\\/swissclinics.net\\\/de\\\/steigerung-spermienqualitaet\\\/\",\"name\":\"Steigerung der Spermienqualit\u00e4t &#183; Swiss Clinics\",\"isPartOf\":{\"@id\":\"https:\\\/\\\/swissclinics.net\\\/de\\\/#website\"},\"datePublished\":\"2017-11-08T14:42:59+00:00\",\"dateModified\":\"2017-12-10T00:23:04+00:00\",\"breadcrumb\":{\"@id\":\"https:\\\/\\\/swissclinics.net\\\/de\\\/steigerung-spermienqualitaet\\\/#breadcrumb\"},\"inLanguage\":\"de\",\"potentialAction\":[{\"@type\":\"ReadAction\",\"target\":[\"https:\\\/\\\/swissclinics.net\\\/de\\\/steigerung-spermienqualitaet\\\/\"]}]},{\"@type\":\"BreadcrumbList\",\"@id\":\"https:\\\/\\\/swissclinics.net\\\/de\\\/steigerung-spermienqualitaet\\\/#breadcrumb\",\"itemListElement\":[{\"@type\":\"ListItem\",\"position\":1,\"name\":\"Home\",\"item\":\"https:\\\/\\\/swissclinics.net\\\/de\\\/\"},{\"@type\":\"ListItem\",\"position\":2,\"name\":\"Steigerung der Spermienqualit\u00e4t\"}]},{\"@type\":\"WebSite\",\"@id\":\"https:\\\/\\\/swissclinics.net\\\/de\\\/#website\",\"url\":\"https:\\\/\\\/swissclinics.net\\\/de\\\/\",\"name\":\"Swiss Clinics\",\"description\":\"Medizin mit Schweizer Qualit\u00e4t.\",\"potentialAction\":[{\"@type\":\"SearchAction\",\"target\":{\"@type\":\"EntryPoint\",\"urlTemplate\":\"https:\\\/\\\/swissclinics.net\\\/de\\\/?s={search_term_string}\"},\"query-input\":{\"@type\":\"PropertyValueSpecification\",\"valueRequired\":true,\"valueName\":\"search_term_string\"}}],\"inLanguage\":\"de\"}]}<\/script>\n<!-- \/ Yoast SEO plugin. -->","yoast_head_json":{"title":"Steigerung der Spermienqualit\u00e4t &#183; Swiss Clinics","robots":{"index":"index","follow":"follow","max-snippet":"max-snippet:-1","max-image-preview":"max-image-preview:large","max-video-preview":"max-video-preview:-1"},"canonical":"https:\/\/swissclinics.net\/de\/steigerung-spermienqualitaet\/","og_locale":"de_DE","og_type":"article","og_title":"Steigerung der Spermienqualit\u00e4t &#183; Swiss Clinics","og_description":"Wenn ein Kinderwunsch unerf\u00fcllt bleibt, kann der Grund auch beim m\u00e4nnlichen Geschlecht liegen. Forscher haben festgestellt, dass sowohl Qualit\u00e4t als auch Menge der Spermien in der westlichen Welt in den letzten Jahren stark gesunken sind. Dadurch verringert sich die Wahrscheinlichkeit einer erfolgreichen Befruchtung der weiblichen Eizelle. Therapien k\u00f6nnen Spermienanzahl, Spermienqualit\u00e4t und Spermienbeweglichkeit steigern. M\u00f6gliche Ursachen\u2026&nbsp;\u00b7 Weiterlesen&nbsp;\u00bb","og_url":"https:\/\/swissclinics.net\/de\/steigerung-spermienqualitaet\/","og_site_name":"Swiss Clinics","article_publisher":"https:\/\/www.facebook.com\/swissclinics\/","article_modified_time":"2017-12-10T00:23:04+00:00","twitter_card":"summary_large_image","twitter_misc":{"Gesch\u00e4tzte Lesezeit":"3\u00a0Minuten"},"schema":{"@context":"https:\/\/schema.org","@graph":[{"@type":"WebPage","@id":"https:\/\/swissclinics.net\/de\/steigerung-spermienqualitaet\/","url":"https:\/\/swissclinics.net\/de\/steigerung-spermienqualitaet\/","name":"Steigerung der Spermienqualit\u00e4t &#183; Swiss Clinics","isPartOf":{"@id":"https:\/\/swissclinics.net\/de\/#website"},"datePublished":"2017-11-08T14:42:59+00:00","dateModified":"2017-12-10T00:23:04+00:00","breadcrumb":{"@id":"https:\/\/swissclinics.net\/de\/steigerung-spermienqualitaet\/#breadcrumb"},"inLanguage":"de","potentialAction":[{"@type":"ReadAction","target":["https:\/\/swissclinics.net\/de\/steigerung-spermienqualitaet\/"]}]},{"@type":"BreadcrumbList","@id":"https:\/\/swissclinics.net\/de\/steigerung-spermienqualitaet\/#breadcrumb","itemListElement":[{"@type":"ListItem","position":1,"name":"Home","item":"https:\/\/swissclinics.net\/de\/"},{"@type":"ListItem","position":2,"name":"Steigerung der Spermienqualit\u00e4t"}]},{"@type":"WebSite","@id":"https:\/\/swissclinics.net\/de\/#website","url":"https:\/\/swissclinics.net\/de\/","name":"Swiss Clinics","description":"Medizin mit Schweizer Qualit\u00e4t.","potentialAction":[{"@type":"SearchAction","target":{"@type":"EntryPoint","urlTemplate":"https:\/\/swissclinics.net\/de\/?s={search_term_string}"},"query-input":{"@type":"PropertyValueSpecification","valueRequired":true,"valueName":"search_term_string"}}],"inLanguage":"de"}]}},"_links":{"self":[{"href":"https:\/\/swissclinics.net\/de\/wp-json\/wp\/v2\/pages\/806","targetHints":{"allow":["GET"]}}],"collection":[{"href":"https:\/\/swissclinics.net\/de\/wp-json\/wp\/v2\/pages"}],"about":[{"href":"https:\/\/swissclinics.net\/de\/wp-json\/wp\/v2\/types\/page"}],"author":[{"embeddable":true,"href":"https:\/\/swissclinics.net\/de\/wp-json\/wp\/v2\/users\/9"}],"replies":[{"embeddable":true,"href":"https:\/\/swissclinics.net\/de\/wp-json\/wp\/v2\/comments?post=806"}],"version-history":[{"count":1,"href":"https:\/\/swissclinics.net\/de\/wp-json\/wp\/v2\/pages\/806\/revisions"}],"predecessor-version":[{"id":807,"href":"https:\/\/swissclinics.net\/de\/wp-json\/wp\/v2\/pages\/806\/revisions\/807"}],"wp:attachment":[{"href":"https:\/\/swissclinics.net\/de\/wp-json\/wp\/v2\/media?parent=806"}],"curies":[{"name":"wp","href":"https:\/\/api.w.org\/{rel}","templated":true}]}}