{"id":802,"date":"2017-11-06T17:08:31","date_gmt":"2017-11-06T16:08:31","guid":{"rendered":"https:\/\/swissclinics.net\/de\/?page_id=802"},"modified":"2017-11-06T17:08:31","modified_gmt":"2017-11-06T16:08:31","slug":"migraene","status":"publish","type":"page","link":"https:\/\/swissclinics.net\/de\/behandlungen\/migraene\/","title":{"rendered":"Migr\u00e4ne"},"content":{"rendered":"<p><strong>Migr\u00e4ne<\/strong> bezeichnet meist einseitig auftretende, anfallsartige Kopfschmerzen, die h\u00e4ufig mit \u00dcbelkeit verbunden sind. Weitere Symptome der Migr\u00e4ne sind Licht- und L\u00e4rmempfindlichkeit sowie bestimmte neurologische St\u00f6rungen. Die Migr\u00e4ne beginnt meist schleichend mit einem leichten Kopfschmerz und verschlimmert sich dann von Stunde zu Stunde. Die immer wiederkehrenden Schmerzattacken k\u00f6nnen wenige Stunden, aber auch mehrere Tagen anhalten und sind somit f\u00fcr Betroffene oft seelisch sehr belastend.<\/p>\n<p>Als \u201eVorwarnung\u201c tritt bei etwa 20 Prozent der Betroffenen eine sogenannte Migr\u00e4neaura auf. Diese Wahrnehmungsst\u00f6rungen k\u00fcndigen einen Migr\u00e4neanfall an. Die Aura kann zum Beispiel Schwindel, Geschmacks- oder Sehst\u00f6rungen beinhalten.<\/p>\n<p>Etwa jeder zehnte Mensch leidet unter derartigen Kopfschmerzattacken. Frauen sind davon doppelt so oft betroffen wie M\u00e4nner. Die genaue Ursache f\u00fcr Migr\u00e4ne ist trotz intensiver Forschung immer noch weitgehend unbekannt. Man vermutet eine Erkrankung der Blutgef\u00e4\u00dfe. Bekannt ist, dass sogenannte \u201eTriggerfaktoren\u201c einen Migr\u00e4neanfall ausl\u00f6sen. Dazu z\u00e4hlen hormonelle Faktoren, Stress, bestimmte Nahrungsmittel oder auch Medikamente. Muskul\u00e4re Verspannungen in der Nackenregion k\u00f6nnen ebenfalls der Grund f\u00fcr stechende Kopfschmerzen sein.<\/p>\n<h2>Therapie der Migr\u00e4ne<\/h2>\n<p>Da man sich in der medizinischen Wissenschaft hinsichtlich der Ursache der Krankheit noch nicht vollst\u00e4ndig einig ist, zielt eine Migr\u00e4nebehandlung meist lediglich auf die Linderung der Symptome ab. Dabei werden den Betroffenen Medikamente gegen Schmerzen, \u00dcbelkeit etc. verschrieben. So kann man den Patienten zwar akut helfen, weitere Attacken k\u00f6nnen dadurch aber nicht verhindert werden.<\/p>\n<p>Bei einer Migr\u00e4neprophylaxe werden Blutdruckmedikamente oder Antiepileptika eingesetzt. Sie sollen die H\u00e4ufigkeit der Anf\u00e4lle reduzieren. Allerdings m\u00fcssen die Medikamente t\u00e4glich eingenommen werden, was auch Nebenwirkungen mit sich bringt.<\/p>\n<p>Kr\u00e4mpfe der Muskulatur bzw. Blutgef\u00e4\u00dfmuskulatur im Kopf-, Hals- und Schulterbereich scheinen eine Rolle bei der Entstehung von Migr\u00e4ne zu spielen. Daher \u00fcberrascht nicht, dass Entspannungstechniken, Akupunktur und Botox bei Migr\u00e4ne therapeutisch wirkungsvoll eingesetzt werden k\u00f6nnen. Als Nervengift setzt Botox Nervensynapsen im Bereich der behandelten Muskulatur au\u00dfer Betrieb, wodurch solchen Verkrampfungen vorgebeugt werden kann.<\/p>\n<p>Der MIDAS-Wert (Migraine Disability Assessment) wird mit Hilfe eines Fragebogens, der von der betroffenen Person selbst ausgef\u00fcllt wird, ermittelt. Je h\u00f6her dieser Wert, desto gr\u00f6\u00dfer die Beeintr\u00e4chtigung der Lebensqualit\u00e4t durch die Migr\u00e4ne.<\/p>\n<h2>Stammzelltherapie bei Migr\u00e4ne<\/h2>\n<p>Mesenchymale Stammzellen (MSC) bzw. Stromal Vascular Fraction (SVF), gewonnen aus dem k\u00f6rpereigenen Fett des Patienten, haben das Potential, zur Linderung der anfallsartigen Kopfschmerzen und deren Begleiterscheinungen beitragen. Es besteht die Hoffnung, die Lebensqualit\u00e4t Betroffener langfristig zu verbessern.<\/p>\n<p>Stammzellen gelten als Vorl\u00e4uferzellen aller fertigen Zellen des K\u00f6rpers. Heute wissen wir, dass die Wirkungsweise der mesenchymalen Stammzellen vor allem in der Modulation des Immunsystems und der Anregung der Regeneration von Geweben und Blutgef\u00e4\u00dfen durch Zytokine besteht. Da eine Beteiligung der Blutgef\u00e4\u00dfe bei der Entstehung von Migr\u00e4ne vermutet wird, gilt eine Stammzelltherapie als vielversprechender Therapieansatz.<\/p>\n<p>Die mesenchymalen Stammzellen werden aus einer kleinen Portion Fett isoliert, die durch eine Fettabsaugung gewonnen wird. Unmittelbar darauf k\u00f6nnen die Stammzellen in den Schulter- oder Nackenbereich injiziert werden, wo sie ihre regenerativen Eigenschaften wirken lassen. Amerikanische Forscher konnten im Rahmen einer Studie bereits erfolgsversprechende Resultate in der Linderung therapieresistenter Migr\u00e4ne mit aus K\u00f6rperfett des Patienten gewonnener SVF erzielen.<\/p>\n","protected":false},"excerpt":{"rendered":"<p>Migr\u00e4ne bezeichnet meist einseitig auftretende, anfallsartige Kopfschmerzen, die h\u00e4ufig mit \u00dcbelkeit verbunden sind. Weitere Symptome der Migr\u00e4ne sind Licht- und L\u00e4rmempfindlichkeit sowie bestimmte neurologische St\u00f6rungen. Die Migr\u00e4ne beginnt meist schleichend mit einem leichten Kopfschmerz und verschlimmert sich dann von Stunde zu Stunde. Die immer wiederkehrenden Schmerzattacken k\u00f6nnen wenige Stunden, aber auch mehrere Tagen anhalten und\u2026<span class=\"moretag-separator\">&nbsp;\u00b7 <\/span><a class=\"moretag\" href=\"https:\/\/swissclinics.net\/de\/behandlungen\/migraene\/\">Weiterlesen&nbsp;\u00bb<\/a><\/p>\n","protected":false},"author":8,"featured_media":0,"parent":32,"menu_order":0,"comment_status":"closed","ping_status":"closed","template":"","meta":{"footnotes":""},"class_list":["post-802","page","type-page","status-publish","hentry"],"yoast_head":"<!-- This site is optimized with the Yoast SEO plugin v27.2 - https:\/\/yoast.com\/product\/yoast-seo-wordpress\/ -->\n<title>Behandlung von Migr\u00e4ne mit k\u00f6rpereigenen Stammzellen &#183; Swiss Clinics<\/title>\n<meta name=\"description\" content=\"Behandlungsm\u00f6glichkeiten von Migr\u00e4ne mit Stammzellen aus K\u00f6rperfett (Stromal Vascular Fraction, SVF).\" \/>\n<meta name=\"robots\" content=\"index, follow, max-snippet:-1, max-image-preview:large, max-video-preview:-1\" \/>\n<link rel=\"canonical\" href=\"https:\/\/swissclinics.net\/de\/behandlungen\/migraene\/\" \/>\n<meta property=\"og:locale\" content=\"de_DE\" \/>\n<meta property=\"og:type\" content=\"article\" \/>\n<meta property=\"og:title\" content=\"Behandlung von Migr\u00e4ne mit k\u00f6rpereigenen Stammzellen &#183; Swiss Clinics\" \/>\n<meta property=\"og:description\" content=\"Behandlungsm\u00f6glichkeiten von Migr\u00e4ne mit Stammzellen aus K\u00f6rperfett (Stromal Vascular Fraction, SVF).\" \/>\n<meta property=\"og:url\" content=\"https:\/\/swissclinics.net\/de\/behandlungen\/migraene\/\" \/>\n<meta property=\"og:site_name\" content=\"Swiss Clinics\" \/>\n<meta property=\"article:publisher\" content=\"https:\/\/www.facebook.com\/swissclinics\/\" \/>\n<meta name=\"twitter:card\" content=\"summary_large_image\" \/>\n<meta name=\"twitter:label1\" content=\"Gesch\u00e4tzte Lesezeit\" \/>\n\t<meta name=\"twitter:data1\" content=\"3\u00a0Minuten\" \/>\n<script type=\"application\/ld+json\" class=\"yoast-schema-graph\">{\"@context\":\"https:\/\/schema.org\",\"@graph\":[{\"@type\":\"WebPage\",\"@id\":\"https:\/\/swissclinics.net\/de\/behandlungen\/migraene\/\",\"url\":\"https:\/\/swissclinics.net\/de\/behandlungen\/migraene\/\",\"name\":\"Behandlung von Migr\u00e4ne mit k\u00f6rpereigenen Stammzellen &#183; Swiss Clinics\",\"isPartOf\":{\"@id\":\"https:\/\/swissclinics.net\/de\/#website\"},\"datePublished\":\"2017-11-06T16:08:31+00:00\",\"description\":\"Behandlungsm\u00f6glichkeiten von Migr\u00e4ne mit Stammzellen aus K\u00f6rperfett (Stromal Vascular Fraction, SVF).\",\"breadcrumb\":{\"@id\":\"https:\/\/swissclinics.net\/de\/behandlungen\/migraene\/#breadcrumb\"},\"inLanguage\":\"de\",\"potentialAction\":[{\"@type\":\"ReadAction\",\"target\":[\"https:\/\/swissclinics.net\/de\/behandlungen\/migraene\/\"]}]},{\"@type\":\"BreadcrumbList\",\"@id\":\"https:\/\/swissclinics.net\/de\/behandlungen\/migraene\/#breadcrumb\",\"itemListElement\":[{\"@type\":\"ListItem\",\"position\":1,\"name\":\"Home\",\"item\":\"https:\/\/swissclinics.net\/de\/\"},{\"@type\":\"ListItem\",\"position\":2,\"name\":\"Behandlungen\",\"item\":\"https:\/\/swissclinics.net\/de\/behandlungen\/\"},{\"@type\":\"ListItem\",\"position\":3,\"name\":\"Migr\u00e4ne\"}]},{\"@type\":\"WebSite\",\"@id\":\"https:\/\/swissclinics.net\/de\/#website\",\"url\":\"https:\/\/swissclinics.net\/de\/\",\"name\":\"Swiss Clinics\",\"description\":\"Medizin mit Schweizer Qualit\u00e4t.\",\"potentialAction\":[{\"@type\":\"SearchAction\",\"target\":{\"@type\":\"EntryPoint\",\"urlTemplate\":\"https:\/\/swissclinics.net\/de\/?s={search_term_string}\"},\"query-input\":{\"@type\":\"PropertyValueSpecification\",\"valueRequired\":true,\"valueName\":\"search_term_string\"}}],\"inLanguage\":\"de\"}]}<\/script>\n<!-- \/ Yoast SEO plugin. -->","yoast_head_json":{"title":"Behandlung von Migr\u00e4ne mit k\u00f6rpereigenen Stammzellen &#183; Swiss Clinics","description":"Behandlungsm\u00f6glichkeiten von Migr\u00e4ne mit Stammzellen aus K\u00f6rperfett (Stromal Vascular Fraction, SVF).","robots":{"index":"index","follow":"follow","max-snippet":"max-snippet:-1","max-image-preview":"max-image-preview:large","max-video-preview":"max-video-preview:-1"},"canonical":"https:\/\/swissclinics.net\/de\/behandlungen\/migraene\/","og_locale":"de_DE","og_type":"article","og_title":"Behandlung von Migr\u00e4ne mit k\u00f6rpereigenen Stammzellen &#183; Swiss Clinics","og_description":"Behandlungsm\u00f6glichkeiten von Migr\u00e4ne mit Stammzellen aus K\u00f6rperfett (Stromal Vascular Fraction, SVF).","og_url":"https:\/\/swissclinics.net\/de\/behandlungen\/migraene\/","og_site_name":"Swiss Clinics","article_publisher":"https:\/\/www.facebook.com\/swissclinics\/","twitter_card":"summary_large_image","twitter_misc":{"Gesch\u00e4tzte Lesezeit":"3\u00a0Minuten"},"schema":{"@context":"https:\/\/schema.org","@graph":[{"@type":"WebPage","@id":"https:\/\/swissclinics.net\/de\/behandlungen\/migraene\/","url":"https:\/\/swissclinics.net\/de\/behandlungen\/migraene\/","name":"Behandlung von Migr\u00e4ne mit k\u00f6rpereigenen Stammzellen &#183; Swiss Clinics","isPartOf":{"@id":"https:\/\/swissclinics.net\/de\/#website"},"datePublished":"2017-11-06T16:08:31+00:00","description":"Behandlungsm\u00f6glichkeiten von Migr\u00e4ne mit Stammzellen aus K\u00f6rperfett (Stromal Vascular Fraction, SVF).","breadcrumb":{"@id":"https:\/\/swissclinics.net\/de\/behandlungen\/migraene\/#breadcrumb"},"inLanguage":"de","potentialAction":[{"@type":"ReadAction","target":["https:\/\/swissclinics.net\/de\/behandlungen\/migraene\/"]}]},{"@type":"BreadcrumbList","@id":"https:\/\/swissclinics.net\/de\/behandlungen\/migraene\/#breadcrumb","itemListElement":[{"@type":"ListItem","position":1,"name":"Home","item":"https:\/\/swissclinics.net\/de\/"},{"@type":"ListItem","position":2,"name":"Behandlungen","item":"https:\/\/swissclinics.net\/de\/behandlungen\/"},{"@type":"ListItem","position":3,"name":"Migr\u00e4ne"}]},{"@type":"WebSite","@id":"https:\/\/swissclinics.net\/de\/#website","url":"https:\/\/swissclinics.net\/de\/","name":"Swiss Clinics","description":"Medizin mit Schweizer Qualit\u00e4t.","potentialAction":[{"@type":"SearchAction","target":{"@type":"EntryPoint","urlTemplate":"https:\/\/swissclinics.net\/de\/?s={search_term_string}"},"query-input":{"@type":"PropertyValueSpecification","valueRequired":true,"valueName":"search_term_string"}}],"inLanguage":"de"}]}},"_links":{"self":[{"href":"https:\/\/swissclinics.net\/de\/wp-json\/wp\/v2\/pages\/802","targetHints":{"allow":["GET"]}}],"collection":[{"href":"https:\/\/swissclinics.net\/de\/wp-json\/wp\/v2\/pages"}],"about":[{"href":"https:\/\/swissclinics.net\/de\/wp-json\/wp\/v2\/types\/page"}],"author":[{"embeddable":true,"href":"https:\/\/swissclinics.net\/de\/wp-json\/wp\/v2\/users\/8"}],"replies":[{"embeddable":true,"href":"https:\/\/swissclinics.net\/de\/wp-json\/wp\/v2\/comments?post=802"}],"version-history":[{"count":1,"href":"https:\/\/swissclinics.net\/de\/wp-json\/wp\/v2\/pages\/802\/revisions"}],"predecessor-version":[{"id":803,"href":"https:\/\/swissclinics.net\/de\/wp-json\/wp\/v2\/pages\/802\/revisions\/803"}],"up":[{"embeddable":true,"href":"https:\/\/swissclinics.net\/de\/wp-json\/wp\/v2\/pages\/32"}],"wp:attachment":[{"href":"https:\/\/swissclinics.net\/de\/wp-json\/wp\/v2\/media?parent=802"}],"curies":[{"name":"wp","href":"https:\/\/api.w.org\/{rel}","templated":true}]}}