{"id":799,"date":"2017-11-06T16:58:33","date_gmt":"2017-11-06T15:58:33","guid":{"rendered":"https:\/\/swissclinics.net\/de\/?page_id=799"},"modified":"2018-07-19T17:15:25","modified_gmt":"2018-07-19T15:15:25","slug":"ovarialinsuffizienz","status":"publish","type":"page","link":"https:\/\/swissclinics.net\/de\/behandlungen\/ovarialinsuffizienz\/","title":{"rendered":"Ovarialinsuffizienz"},"content":{"rendered":"<p>Unter <strong>Ovarialinsuffizienz<\/strong> versteht man die Funktionsunt\u00fcchtigkeit der Eierst\u00f6cke, fachsprachlich Ovarien genannt. \u00dcblicherweise sind Frauen nach der Menopause betroffen, jedoch kann eine Ovarialinsuffizienz auch bei jungen Frauen auftreten. Die <strong>Ovarielle Verj\u00fcngung<\/strong> (<strong>Eierstockverj\u00fcngung<\/strong>, <strong>\u201eovarian rejuvenation\u201c<\/strong>) hat zum Ziel, die Funktion der Eierst\u00f6cke wiederherzustellen und eine Befruchtung auf nat\u00fcrlichem Wege zu erm\u00f6glichen.<\/p>\n<p>Unterbleibt die vollst\u00e4ndige Ausreifung der Eizelle in den Eierst\u00f6cken, ist die Befruchtung durch Spermien unm\u00f6glich. Eine weitere wesentliche Aufgabe der Eierst\u00f6cke liegt in der Produktion von weiblichen Sexualhormonen, die den Menstruationszyklus steuern. Oft ist die Menstruation unregelm\u00e4\u00dfig oder bleibt ganz aus (Amenorrhoe). Depressionen und geringe Knochendichte sind durch das fehlende \u00d6strogen bedingt.<\/p>\n<p>Man unterscheidet zwischen einer prim\u00e4ren Ovarialinsuffizienz, bei der das Problem von den Eierst\u00f6cken selbst ausgeht, und eine sekund\u00e4ren Ovarialinsuffizienz. Bei Letzterer liegt die Ursache in zentralen Gehirnarealen, zum Beispiel in der Region der Hirnanhangsdr\u00fcse (Hypophyse), die f\u00fcr die Stimulation der Eierst\u00f6cke verantwortlich ist.<\/p>\n<p>Zur Diagnose einer Ovarialinsuffizienz ist eine umfassende Hormonanalyse hilfreich, mit deren Hilfe man die beiden Typen von Ovarialinsuffizienz unterschieden kann. Die Untersuchung der Eierst\u00f6cke erfolgt \u00fcblicherweise mittels Ultraschall.<\/p>\n<h2>Behandlung der Ovarialinsuffizenz mit bioidentischen Hormonen (Bioidentical Hormonal Replacement Therapy, BHRT)<\/h2>\n<p>Die Therapie einer Ovarialinsuffizienz richtet sich nach ihrer Ursache und nach den wesentlichen Symptomen. So kann etwa zur St\u00e4rkung der Knochen die Einnahme von Calcium und Vitamin D sinnvoll sein.<\/p>\n<p>Wird im Rahmen der Hormonanalyse festgestellt, dass dem K\u00f6rper weibliche Sexualhormone fehlen, k\u00f6nnen diese im Rahmen einer Therapie verabreicht werden. Auch weitere hormonelle Imbalancen k\u00f6nnen sich negativ auf die Funktion der Eierst\u00f6cke auswirken und durch gezielte Therapie mit bioidentischen Hormonen (BHRT) behandelt werden. Dadurch kann die Funktion der Eierst\u00f6cke angeregt werden.<\/p>\n<p>Sekund\u00e4re Ovarialinsuffizienzen k\u00f6nnen von unterschiedlichen Organen ausgehen. Genauso variierend ist auch deren Behandlung.<\/p>\n<h2>Behandlung der Ovarialinsuffizenz mit Stammzellen \u2013 Ovarielle Verj\u00fcngung (\u201eovarian rejuvenation\u201c) mit Stammzellen und PRP<\/h2>\n<p>Wenn Ursachen wie Undurchl\u00e4ssigkeit der Eileiter ausgeschlossen wurden und auch trotz hormoneller Balance kein Eisprung eintritt, k\u00f6nnen die Eierst\u00f6cke durch eine Behandlung mit Wachstumsfaktoren, Platelet-Rich Plasma (PRP) aus Eigenblut oder mit mesenchymalen Stammzellen (MSC) bzw. Stromal Vascular Fraction (SVF) aus K\u00f6rperfett der Patientin regeneriert und zur Funktion angeregt werden.<\/p>\n<p>Die Therapie zur ovariellen Verj\u00fcngung erfolgt ambulant. Zuerst wird etwas Fett der Patientin abgesaugt, aus dem die Stammzellen gewonnen werden. Unmittelbar darauf werden Stammzellen und PRP durch die Vagina im Bereich der Eierst\u00f6cke injiziert. Setzt infolge der Behandlung die Funktion der Eierst\u00f6cke wieder ein, ist eine Zeugung auf nat\u00fcrlichem Wege m\u00f6glich.<\/p>\n","protected":false},"excerpt":{"rendered":"<p>Unter Ovarialinsuffizienz versteht man die Funktionsunt\u00fcchtigkeit der Eierst\u00f6cke, fachsprachlich Ovarien genannt. \u00dcblicherweise sind Frauen nach der Menopause betroffen, jedoch kann eine Ovarialinsuffizienz auch bei jungen Frauen auftreten. Die Ovarielle Verj\u00fcngung (Eierstockverj\u00fcngung, \u201eovarian rejuvenation\u201c) hat zum Ziel, die Funktion der Eierst\u00f6cke wiederherzustellen und eine Befruchtung auf nat\u00fcrlichem Wege zu erm\u00f6glichen. Unterbleibt die vollst\u00e4ndige Ausreifung der Eizelle\u2026<span class=\"moretag-separator\">&nbsp;\u00b7 <\/span><a class=\"moretag\" href=\"https:\/\/swissclinics.net\/de\/behandlungen\/ovarialinsuffizienz\/\">Weiterlesen&nbsp;\u00bb<\/a><\/p>\n","protected":false},"author":9,"featured_media":0,"parent":32,"menu_order":0,"comment_status":"closed","ping_status":"closed","template":"","meta":{"footnotes":""},"class_list":["post-799","page","type-page","status-publish","hentry"],"yoast_head":"<!-- This site is optimized with the Yoast SEO plugin v27.2 - https:\/\/yoast.com\/product\/yoast-seo-wordpress\/ -->\n<title>Behandlung von Ovarialinsuffizienz \u2013 Ovarielle Verj\u00fcngung &#183; Swiss Clinics<\/title>\n<meta name=\"description\" content=\"Behandlungen f\u00fcr Ovarialinsuffzienz der Frau durch Eierstockverj\u00fcngung mit bioidentischen Hormonen (BHRT) und k\u00f6rpereigenen Stammzellen aus Fett (SVF).\" \/>\n<meta name=\"robots\" content=\"index, follow, max-snippet:-1, max-image-preview:large, max-video-preview:-1\" \/>\n<link rel=\"canonical\" href=\"https:\/\/swissclinics.net\/de\/behandlungen\/ovarialinsuffizienz\/\" \/>\n<meta property=\"og:locale\" content=\"de_DE\" \/>\n<meta property=\"og:type\" content=\"article\" \/>\n<meta property=\"og:title\" content=\"Behandlung von Ovarialinsuffizienz \u2013 Ovarielle Verj\u00fcngung &#183; Swiss Clinics\" \/>\n<meta property=\"og:description\" content=\"Behandlungen f\u00fcr Ovarialinsuffzienz der Frau durch Eierstockverj\u00fcngung mit bioidentischen Hormonen (BHRT) und k\u00f6rpereigenen Stammzellen aus Fett (SVF).\" \/>\n<meta property=\"og:url\" content=\"https:\/\/swissclinics.net\/de\/behandlungen\/ovarialinsuffizienz\/\" \/>\n<meta property=\"og:site_name\" content=\"Swiss Clinics\" \/>\n<meta property=\"article:publisher\" content=\"https:\/\/www.facebook.com\/swissclinics\/\" \/>\n<meta property=\"article:modified_time\" content=\"2018-07-19T15:15:25+00:00\" \/>\n<meta name=\"twitter:card\" content=\"summary_large_image\" \/>\n<meta name=\"twitter:label1\" content=\"Gesch\u00e4tzte Lesezeit\" \/>\n\t<meta name=\"twitter:data1\" content=\"2\u00a0Minuten\" \/>\n<script type=\"application\/ld+json\" class=\"yoast-schema-graph\">{\"@context\":\"https:\/\/schema.org\",\"@graph\":[{\"@type\":\"WebPage\",\"@id\":\"https:\/\/swissclinics.net\/de\/behandlungen\/ovarialinsuffizienz\/\",\"url\":\"https:\/\/swissclinics.net\/de\/behandlungen\/ovarialinsuffizienz\/\",\"name\":\"Behandlung von Ovarialinsuffizienz \u2013 Ovarielle Verj\u00fcngung &#183; Swiss Clinics\",\"isPartOf\":{\"@id\":\"https:\/\/swissclinics.net\/de\/#website\"},\"datePublished\":\"2017-11-06T15:58:33+00:00\",\"dateModified\":\"2018-07-19T15:15:25+00:00\",\"description\":\"Behandlungen f\u00fcr Ovarialinsuffzienz der Frau durch Eierstockverj\u00fcngung mit bioidentischen Hormonen (BHRT) und k\u00f6rpereigenen Stammzellen aus Fett (SVF).\",\"breadcrumb\":{\"@id\":\"https:\/\/swissclinics.net\/de\/behandlungen\/ovarialinsuffizienz\/#breadcrumb\"},\"inLanguage\":\"de\",\"potentialAction\":[{\"@type\":\"ReadAction\",\"target\":[\"https:\/\/swissclinics.net\/de\/behandlungen\/ovarialinsuffizienz\/\"]}]},{\"@type\":\"BreadcrumbList\",\"@id\":\"https:\/\/swissclinics.net\/de\/behandlungen\/ovarialinsuffizienz\/#breadcrumb\",\"itemListElement\":[{\"@type\":\"ListItem\",\"position\":1,\"name\":\"Home\",\"item\":\"https:\/\/swissclinics.net\/de\/\"},{\"@type\":\"ListItem\",\"position\":2,\"name\":\"Behandlungen\",\"item\":\"https:\/\/swissclinics.net\/de\/behandlungen\/\"},{\"@type\":\"ListItem\",\"position\":3,\"name\":\"Ovarialinsuffizienz\"}]},{\"@type\":\"WebSite\",\"@id\":\"https:\/\/swissclinics.net\/de\/#website\",\"url\":\"https:\/\/swissclinics.net\/de\/\",\"name\":\"Swiss Clinics\",\"description\":\"Medizin mit Schweizer Qualit\u00e4t.\",\"potentialAction\":[{\"@type\":\"SearchAction\",\"target\":{\"@type\":\"EntryPoint\",\"urlTemplate\":\"https:\/\/swissclinics.net\/de\/?s={search_term_string}\"},\"query-input\":{\"@type\":\"PropertyValueSpecification\",\"valueRequired\":true,\"valueName\":\"search_term_string\"}}],\"inLanguage\":\"de\"}]}<\/script>\n<!-- \/ Yoast SEO plugin. -->","yoast_head_json":{"title":"Behandlung von Ovarialinsuffizienz \u2013 Ovarielle Verj\u00fcngung &#183; Swiss Clinics","description":"Behandlungen f\u00fcr Ovarialinsuffzienz der Frau durch Eierstockverj\u00fcngung mit bioidentischen Hormonen (BHRT) und k\u00f6rpereigenen Stammzellen aus Fett (SVF).","robots":{"index":"index","follow":"follow","max-snippet":"max-snippet:-1","max-image-preview":"max-image-preview:large","max-video-preview":"max-video-preview:-1"},"canonical":"https:\/\/swissclinics.net\/de\/behandlungen\/ovarialinsuffizienz\/","og_locale":"de_DE","og_type":"article","og_title":"Behandlung von Ovarialinsuffizienz \u2013 Ovarielle Verj\u00fcngung &#183; Swiss Clinics","og_description":"Behandlungen f\u00fcr Ovarialinsuffzienz der Frau durch Eierstockverj\u00fcngung mit bioidentischen Hormonen (BHRT) und k\u00f6rpereigenen Stammzellen aus Fett (SVF).","og_url":"https:\/\/swissclinics.net\/de\/behandlungen\/ovarialinsuffizienz\/","og_site_name":"Swiss Clinics","article_publisher":"https:\/\/www.facebook.com\/swissclinics\/","article_modified_time":"2018-07-19T15:15:25+00:00","twitter_card":"summary_large_image","twitter_misc":{"Gesch\u00e4tzte Lesezeit":"2\u00a0Minuten"},"schema":{"@context":"https:\/\/schema.org","@graph":[{"@type":"WebPage","@id":"https:\/\/swissclinics.net\/de\/behandlungen\/ovarialinsuffizienz\/","url":"https:\/\/swissclinics.net\/de\/behandlungen\/ovarialinsuffizienz\/","name":"Behandlung von Ovarialinsuffizienz \u2013 Ovarielle Verj\u00fcngung &#183; Swiss Clinics","isPartOf":{"@id":"https:\/\/swissclinics.net\/de\/#website"},"datePublished":"2017-11-06T15:58:33+00:00","dateModified":"2018-07-19T15:15:25+00:00","description":"Behandlungen f\u00fcr Ovarialinsuffzienz der Frau durch Eierstockverj\u00fcngung mit bioidentischen Hormonen (BHRT) und k\u00f6rpereigenen Stammzellen aus Fett (SVF).","breadcrumb":{"@id":"https:\/\/swissclinics.net\/de\/behandlungen\/ovarialinsuffizienz\/#breadcrumb"},"inLanguage":"de","potentialAction":[{"@type":"ReadAction","target":["https:\/\/swissclinics.net\/de\/behandlungen\/ovarialinsuffizienz\/"]}]},{"@type":"BreadcrumbList","@id":"https:\/\/swissclinics.net\/de\/behandlungen\/ovarialinsuffizienz\/#breadcrumb","itemListElement":[{"@type":"ListItem","position":1,"name":"Home","item":"https:\/\/swissclinics.net\/de\/"},{"@type":"ListItem","position":2,"name":"Behandlungen","item":"https:\/\/swissclinics.net\/de\/behandlungen\/"},{"@type":"ListItem","position":3,"name":"Ovarialinsuffizienz"}]},{"@type":"WebSite","@id":"https:\/\/swissclinics.net\/de\/#website","url":"https:\/\/swissclinics.net\/de\/","name":"Swiss Clinics","description":"Medizin mit Schweizer Qualit\u00e4t.","potentialAction":[{"@type":"SearchAction","target":{"@type":"EntryPoint","urlTemplate":"https:\/\/swissclinics.net\/de\/?s={search_term_string}"},"query-input":{"@type":"PropertyValueSpecification","valueRequired":true,"valueName":"search_term_string"}}],"inLanguage":"de"}]}},"_links":{"self":[{"href":"https:\/\/swissclinics.net\/de\/wp-json\/wp\/v2\/pages\/799","targetHints":{"allow":["GET"]}}],"collection":[{"href":"https:\/\/swissclinics.net\/de\/wp-json\/wp\/v2\/pages"}],"about":[{"href":"https:\/\/swissclinics.net\/de\/wp-json\/wp\/v2\/types\/page"}],"author":[{"embeddable":true,"href":"https:\/\/swissclinics.net\/de\/wp-json\/wp\/v2\/users\/9"}],"replies":[{"embeddable":true,"href":"https:\/\/swissclinics.net\/de\/wp-json\/wp\/v2\/comments?post=799"}],"version-history":[{"count":5,"href":"https:\/\/swissclinics.net\/de\/wp-json\/wp\/v2\/pages\/799\/revisions"}],"predecessor-version":[{"id":823,"href":"https:\/\/swissclinics.net\/de\/wp-json\/wp\/v2\/pages\/799\/revisions\/823"}],"up":[{"embeddable":true,"href":"https:\/\/swissclinics.net\/de\/wp-json\/wp\/v2\/pages\/32"}],"wp:attachment":[{"href":"https:\/\/swissclinics.net\/de\/wp-json\/wp\/v2\/media?parent=799"}],"curies":[{"name":"wp","href":"https:\/\/api.w.org\/{rel}","templated":true}]}}