{"id":790,"date":"2017-07-25T14:44:12","date_gmt":"2017-07-25T12:44:12","guid":{"rendered":"https:\/\/swissclinics.net\/de\/?page_id=790"},"modified":"2017-07-25T14:44:12","modified_gmt":"2017-07-25T12:44:12","slug":"bruststraffung","status":"publish","type":"page","link":"https:\/\/swissclinics.net\/de\/bruststraffung\/","title":{"rendered":"Bruststraffung (Mastopexie)"},"content":{"rendered":"<p>Unter <strong>Bruststraffung<\/strong> (<strong>Mastopexie<\/strong>) versteht man eine chirurgische Neuformung der weiblichen Brust. Die meisten Frauen betrachten ihre Brust als wichtiges \u00e4u\u00dferes Zeichen ihrer Weiblichkeit. Wenn das Brustgewebe zum Beispiel nach der Stillzeit, aufgrund von Alterungsprozessen oder nach einer ausgedehnten Gewichtsabnahme erschlafft, w\u00fcnschen sich viele Frauen wieder eine straffe und volle Brust zur\u00fcck und erw\u00e4gen eine Bruststraffung.<\/p>\n<p>Neben \u00e4sthetischen \u00dcberlegungen kann eine Bruststraffung auch aus medizinischen Gr\u00fcnden sinn voll sein. Wenn aufgrund einer \u00fcberproportional gro\u00dfen Brust Muskelverspannungen und chronische R\u00fcckenschmerzen den Alltag pr\u00e4gen, kann eine Bruststraffung in Kombination mit einer <a href=\"https:\/\/swissclinics.net\/de\/behandlungen\/brustverkleinerung\/\">Brustverkleinerung<\/a> Abhilfe schaffen. Eine Bruststraffung mit kombinierter <a href=\"https:\/\/swissclinics.net\/de\/behandlungen\/brustvergroesserung\/\">Brustvergr\u00f6\u00dferung<\/a>, wahlweise mit Eigenfett oder Brustimplantaten, ist ebenso m\u00f6glich.<\/p>\n<h2>Chirurgische Verfahren zur Bruststraffung<\/h2>\n<p>Um die Brust chirurgisch zu straffen gibt es unterschiedliche Vorgehensweisen. Herk\u00f6mmliche Verfahren sind ausnahmslos chirurgisch und werden unter Vollnarkose durchgef\u00fchrt. Die Straffung der Br\u00fcste wird durch das Entfernen von \u00fcbersch\u00fcssigem Hautgewebe erzielt, das bei der neu geformten Brust nicht mehr ben\u00f6tigt wird.<\/p>\n<p>Abh\u00e4ngig vom Ausma\u00df und individueller Ausgangslage kommen verschiedene Schnitttechniken zum Einsatz. Alle diese Techniken haben ihren gemeinsamen Ursprung in der sogenannten <strong>T-Technik<\/strong> bzw. <strong>L-Technik<\/strong>, bei der ausgehend von der Brustwarze ein Schnitt in T- oder L-Form nach unten bis zur Unterbrustfalte erfolgt. Bei den neueren Schnittf\u00fchrungen wie der <strong>Benelli-Technik<\/strong> oder <strong>Findlay-Technik<\/strong> wird auf kleinere Narben geachtet und die Bruststraffung h\u00e4ufig in Kombination mit einer Brustvergr\u00f6\u00dferung angewandt.<\/p>\n<h2>Bruststraffung und Brustvergr\u00f6\u00dferung mit Eigenfett und Stammzellen<\/h2>\n<p>Als Alternative zur invasiven chirurgischen Variante besteht die M\u00f6glichkeit, die Brust mittels Eigenfett und Stammzellen auf schonende Weise zu straffen. Dazu wird der Patientin zu Beginn Fett an z.B. H\u00fcften, Oberschenkeln oder dem Po abgesaugt. Im n\u00e4chsten Schritt wird das Fett entweder unbehandelt, stammzellangereichert oder stammzellkonzentriert in die Brust injiziert, wo es als k\u00f6rpereigener F\u00fcllstoff f\u00fcr mehr Volumen sorgt.<\/p>\n<p>Essentiell f\u00fcr die Bruststraffung ist \u00fcberdies der regenerative Effekt der Stammzellen auf Haut und Bindegewebe an der Brust. Die Fettstammzellen regen die Regeneration von Gewebe an, wodurch sich die Gewebequalit\u00e4t verbessert und die Brust an Spannkraft zur\u00fcckgewinnt. Deshalb eignet sich eine Bruststraffung mit Eigenfett und Stammzellen besonders dann, wenn die Schlaffheit der Brust \u00fcberwiegend durch einen Volumenverlust hervorgerufen wird.<\/p>\n<p>Das Ergebnis einer Bruststraffung mit Eigenfett und Stammzellen ist im Gegensatz zur chirurgischen Methode mit Implantat vollkommen nat\u00fcrlich. Die Behandlung ist narbenfrei und kann ambulant unter \u00f6rtlicher Bet\u00e4ubung erfolgen, wodurch das Risiko einer Vollnarkose wegf\u00e4llt. Die Nachsorge gestaltet sich ebenfalls deutlich einfacher.<\/p>\n","protected":false},"excerpt":{"rendered":"<p>Unter Bruststraffung (Mastopexie) versteht man eine chirurgische Neuformung der weiblichen Brust. Die meisten Frauen betrachten ihre Brust als wichtiges \u00e4u\u00dferes Zeichen ihrer Weiblichkeit. Wenn das Brustgewebe zum Beispiel nach der Stillzeit, aufgrund von Alterungsprozessen oder nach einer ausgedehnten Gewichtsabnahme erschlafft, w\u00fcnschen sich viele Frauen wieder eine straffe und volle Brust zur\u00fcck und erw\u00e4gen eine Bruststraffung.\u2026<span class=\"moretag-separator\">&nbsp;\u00b7 <\/span><a class=\"moretag\" href=\"https:\/\/swissclinics.net\/de\/bruststraffung\/\">Weiterlesen&nbsp;\u00bb<\/a><\/p>\n","protected":false},"author":9,"featured_media":0,"parent":0,"menu_order":0,"comment_status":"closed","ping_status":"closed","template":"","meta":{"footnotes":""},"class_list":["post-790","page","type-page","status-publish","hentry"],"yoast_head":"<!-- This site is optimized with the Yoast SEO plugin v27.4 - https:\/\/yoast.com\/product\/yoast-seo-wordpress\/ -->\n<title>Bruststraffung (Mastopexie) &#183; Swiss Clinics<\/title>\n<meta name=\"robots\" content=\"index, follow, max-snippet:-1, max-image-preview:large, max-video-preview:-1\" \/>\n<link rel=\"canonical\" href=\"https:\/\/swissclinics.net\/de\/bruststraffung\/\" \/>\n<meta property=\"og:locale\" content=\"de_DE\" \/>\n<meta property=\"og:type\" content=\"article\" \/>\n<meta property=\"og:title\" content=\"Bruststraffung (Mastopexie) &#183; Swiss Clinics\" \/>\n<meta property=\"og:description\" content=\"Unter Bruststraffung (Mastopexie) versteht man eine chirurgische Neuformung der weiblichen Brust. Die meisten Frauen betrachten ihre Brust als wichtiges \u00e4u\u00dferes Zeichen ihrer Weiblichkeit. Wenn das Brustgewebe zum Beispiel nach der Stillzeit, aufgrund von Alterungsprozessen oder nach einer ausgedehnten Gewichtsabnahme erschlafft, w\u00fcnschen sich viele Frauen wieder eine straffe und volle Brust zur\u00fcck und erw\u00e4gen eine Bruststraffung.\u2026&nbsp;\u00b7 Weiterlesen&nbsp;\u00bb\" \/>\n<meta property=\"og:url\" content=\"https:\/\/swissclinics.net\/de\/bruststraffung\/\" \/>\n<meta property=\"og:site_name\" content=\"Swiss Clinics\" \/>\n<meta property=\"article:publisher\" content=\"https:\/\/www.facebook.com\/swissclinics\/\" \/>\n<meta name=\"twitter:card\" content=\"summary_large_image\" \/>\n<meta name=\"twitter:label1\" content=\"Gesch\u00e4tzte Lesezeit\" \/>\n\t<meta name=\"twitter:data1\" content=\"2\u00a0Minuten\" \/>\n<script type=\"application\/ld+json\" class=\"yoast-schema-graph\">{\"@context\":\"https:\\\/\\\/schema.org\",\"@graph\":[{\"@type\":\"WebPage\",\"@id\":\"https:\\\/\\\/swissclinics.net\\\/de\\\/bruststraffung\\\/\",\"url\":\"https:\\\/\\\/swissclinics.net\\\/de\\\/bruststraffung\\\/\",\"name\":\"Bruststraffung (Mastopexie) &#183; Swiss Clinics\",\"isPartOf\":{\"@id\":\"https:\\\/\\\/swissclinics.net\\\/de\\\/#website\"},\"datePublished\":\"2017-07-25T12:44:12+00:00\",\"breadcrumb\":{\"@id\":\"https:\\\/\\\/swissclinics.net\\\/de\\\/bruststraffung\\\/#breadcrumb\"},\"inLanguage\":\"de\",\"potentialAction\":[{\"@type\":\"ReadAction\",\"target\":[\"https:\\\/\\\/swissclinics.net\\\/de\\\/bruststraffung\\\/\"]}]},{\"@type\":\"BreadcrumbList\",\"@id\":\"https:\\\/\\\/swissclinics.net\\\/de\\\/bruststraffung\\\/#breadcrumb\",\"itemListElement\":[{\"@type\":\"ListItem\",\"position\":1,\"name\":\"Home\",\"item\":\"https:\\\/\\\/swissclinics.net\\\/de\\\/\"},{\"@type\":\"ListItem\",\"position\":2,\"name\":\"Bruststraffung (Mastopexie)\"}]},{\"@type\":\"WebSite\",\"@id\":\"https:\\\/\\\/swissclinics.net\\\/de\\\/#website\",\"url\":\"https:\\\/\\\/swissclinics.net\\\/de\\\/\",\"name\":\"Swiss Clinics\",\"description\":\"Medizin mit Schweizer Qualit\u00e4t.\",\"potentialAction\":[{\"@type\":\"SearchAction\",\"target\":{\"@type\":\"EntryPoint\",\"urlTemplate\":\"https:\\\/\\\/swissclinics.net\\\/de\\\/?s={search_term_string}\"},\"query-input\":{\"@type\":\"PropertyValueSpecification\",\"valueRequired\":true,\"valueName\":\"search_term_string\"}}],\"inLanguage\":\"de\"}]}<\/script>\n<!-- \/ Yoast SEO plugin. -->","yoast_head_json":{"title":"Bruststraffung (Mastopexie) &#183; Swiss Clinics","robots":{"index":"index","follow":"follow","max-snippet":"max-snippet:-1","max-image-preview":"max-image-preview:large","max-video-preview":"max-video-preview:-1"},"canonical":"https:\/\/swissclinics.net\/de\/bruststraffung\/","og_locale":"de_DE","og_type":"article","og_title":"Bruststraffung (Mastopexie) &#183; Swiss Clinics","og_description":"Unter Bruststraffung (Mastopexie) versteht man eine chirurgische Neuformung der weiblichen Brust. Die meisten Frauen betrachten ihre Brust als wichtiges \u00e4u\u00dferes Zeichen ihrer Weiblichkeit. Wenn das Brustgewebe zum Beispiel nach der Stillzeit, aufgrund von Alterungsprozessen oder nach einer ausgedehnten Gewichtsabnahme erschlafft, w\u00fcnschen sich viele Frauen wieder eine straffe und volle Brust zur\u00fcck und erw\u00e4gen eine Bruststraffung.\u2026&nbsp;\u00b7 Weiterlesen&nbsp;\u00bb","og_url":"https:\/\/swissclinics.net\/de\/bruststraffung\/","og_site_name":"Swiss Clinics","article_publisher":"https:\/\/www.facebook.com\/swissclinics\/","twitter_card":"summary_large_image","twitter_misc":{"Gesch\u00e4tzte Lesezeit":"2\u00a0Minuten"},"schema":{"@context":"https:\/\/schema.org","@graph":[{"@type":"WebPage","@id":"https:\/\/swissclinics.net\/de\/bruststraffung\/","url":"https:\/\/swissclinics.net\/de\/bruststraffung\/","name":"Bruststraffung (Mastopexie) &#183; Swiss Clinics","isPartOf":{"@id":"https:\/\/swissclinics.net\/de\/#website"},"datePublished":"2017-07-25T12:44:12+00:00","breadcrumb":{"@id":"https:\/\/swissclinics.net\/de\/bruststraffung\/#breadcrumb"},"inLanguage":"de","potentialAction":[{"@type":"ReadAction","target":["https:\/\/swissclinics.net\/de\/bruststraffung\/"]}]},{"@type":"BreadcrumbList","@id":"https:\/\/swissclinics.net\/de\/bruststraffung\/#breadcrumb","itemListElement":[{"@type":"ListItem","position":1,"name":"Home","item":"https:\/\/swissclinics.net\/de\/"},{"@type":"ListItem","position":2,"name":"Bruststraffung (Mastopexie)"}]},{"@type":"WebSite","@id":"https:\/\/swissclinics.net\/de\/#website","url":"https:\/\/swissclinics.net\/de\/","name":"Swiss Clinics","description":"Medizin mit Schweizer Qualit\u00e4t.","potentialAction":[{"@type":"SearchAction","target":{"@type":"EntryPoint","urlTemplate":"https:\/\/swissclinics.net\/de\/?s={search_term_string}"},"query-input":{"@type":"PropertyValueSpecification","valueRequired":true,"valueName":"search_term_string"}}],"inLanguage":"de"}]}},"_links":{"self":[{"href":"https:\/\/swissclinics.net\/de\/wp-json\/wp\/v2\/pages\/790","targetHints":{"allow":["GET"]}}],"collection":[{"href":"https:\/\/swissclinics.net\/de\/wp-json\/wp\/v2\/pages"}],"about":[{"href":"https:\/\/swissclinics.net\/de\/wp-json\/wp\/v2\/types\/page"}],"author":[{"embeddable":true,"href":"https:\/\/swissclinics.net\/de\/wp-json\/wp\/v2\/users\/9"}],"replies":[{"embeddable":true,"href":"https:\/\/swissclinics.net\/de\/wp-json\/wp\/v2\/comments?post=790"}],"version-history":[{"count":1,"href":"https:\/\/swissclinics.net\/de\/wp-json\/wp\/v2\/pages\/790\/revisions"}],"predecessor-version":[{"id":791,"href":"https:\/\/swissclinics.net\/de\/wp-json\/wp\/v2\/pages\/790\/revisions\/791"}],"wp:attachment":[{"href":"https:\/\/swissclinics.net\/de\/wp-json\/wp\/v2\/media?parent=790"}],"curies":[{"name":"wp","href":"https:\/\/api.w.org\/{rel}","templated":true}]}}