{"id":763,"date":"2017-04-12T17:53:00","date_gmt":"2017-04-12T15:53:00","guid":{"rendered":"https:\/\/swissclinics.net\/de\/?page_id=763"},"modified":"2017-07-07T20:38:42","modified_gmt":"2017-07-07T18:38:42","slug":"oberarmstraffung","status":"publish","type":"page","link":"https:\/\/swissclinics.net\/de\/behandlungen\/oberarmstraffung\/","title":{"rendered":"Oberarmstraffung"},"content":{"rendered":"<p>Die <strong>Oberarmstraffung<\/strong>, medizinischer Fachbegriff <strong>Brachioplastik<\/strong>, dient der Straffung der Oberarme durch Entfernen von \u00fcbersch\u00fcssigem Gewebe oder Hautlappen. H\u00e4ufig bleibt nach umfangreicheren Gewichtsabnahmen ein Haut\u00fcberschuss zur\u00fcck, der von Betroffenen als st\u00f6rend wahrgenommen wird. Auch nat\u00fcrliche Alterungsprozesse und genetische Faktoren k\u00f6nnen die Elastizit\u00e4t der Haut an den Oberarmen beeintr\u00e4chtigen.<\/p>\n<p>Nach einer starken Gewichtsabnahme kann sich die Haut an bestimmten K\u00f6rperregionen im Laufe der Zeit zur\u00fcckbilden. In manchen F\u00e4llen bleibt dieser Effekt aber trotz gezielten Trainings an der betroffenen K\u00f6rperregion aus. Die Entscheidung f\u00fcr einen straffenden Eingriff wird dann meist aus optischen Gr\u00fcnden gef\u00e4llt. Verschiedene Methoden, die der Straffung und der Verringerung des Umfangs der Oberarme dienen, k\u00f6nnen hier Abhilfe schaffen.<\/p>\n<h2>Chirurgische Oberarmstraffung<\/h2>\n<p>Die chirurgische Oberarmstraffung erfolgt \u00fcblicherweise unter Vollnarkose und dauert dann etwa zwei bis drei Stunden. Alternativ kann die chirurgische Oberarmstraffung auch unter lokaler (Tumeszenz-)An\u00e4sthesie erfolgen. Dazu wird das Areal zun\u00e4chst mit Tumeszenzl\u00f6sung (Klein\u2019s Solution) infiltriert.<\/p>\n<p>Das \u00fcbersch\u00fcssige Gewebe wird in der Folge durch spindelf\u00f6rmige Umschneidung entfernt, wobei sich die L\u00e4nge des Einschnitts nach dem Ausma\u00df des zu entfernenden Gewebes richtet. Dies erm\u00f6glicht die Entfernung von \u00fcbersch\u00fcssigem Fett, Haut und Bindegewebe. Muskulatur, Nerven und Gef\u00e4\u00dfe werden dabei ausgespart. In weiterer Folge werden die Schnitte vern\u00e4ht und eine vor\u00fcbergehende Drainage gesetzt.<\/p>\n<p>Nach der Operation werden die Arme \u00fcblicherweise f\u00fcr einige Tage durch Kompressionsverb\u00e4nde stabilisiert. In den ersten Wochen nach der Operation sollten sportliche Bet\u00e4tigung und ein zu heftiges Strecken oder Abknicken der Arme vermieden werden, um eine optimale Wundheilung nicht zu behindern. Je nach Technik, Geschick des Operateurs und individuellen Faktoren kann dieser Eingriff mehr oder weniger stark sichtbare Narben hinterlassen.<\/p>\n<h2>Laserbehandlung zur Straffung der Oberarme<\/h2>\n<p>Bei der Oberarmstraffung mittels Laser werden die R\u00fcckseiten der Oberarme mit einem speziellen Laser behandelt und damit Haut und Bindegewebe zum Schrumpfen gebracht. Da der Laser Haut und Gewebe sch\u00e4digt (Verbrennung), k\u00f6nnen Schmerzen w\u00e4hrend der Behandlung und bleibende Narben bei dieser Methode nicht g\u00e4nzlich ausgeschlossen werden.<\/p>\n<h2>Oberarmstraffung durch Fettabsaugung<\/h2>\n<p>Eine schonende Alternative zur invasiven chirurgischen Variante stellt die Fettabsaugung mit Mikrokan\u00fclen (Liposkulptur) dar. Bei diesem Verfahren wird \u00fcbersch\u00fcssiges Fettgewebe an den Oberarmen mittels feiner Mikrokan\u00fclen von Hand abgesaugt und dadurch die Silhouette des Oberarms modelliert. Die Oberarmstraffung mittels Fettabsaugung kann ambulant in \u00f6rtlicher Bet\u00e4ubung durchgef\u00fchrt werden. Die Nachsorge ist einfach, Patienten sind bereits am Tag darauf gesellschaftsf\u00e4hig.<\/p>\n<p>In bestimmten F\u00e4llen kann eine Kombination aus chirurgischer Oberarmstraffung und Fettabsaugung sinnvoll sein, um das gew\u00fcnschte Ergebnis zu erzielen.<\/p>\n","protected":false},"excerpt":{"rendered":"<p>Die Oberarmstraffung, medizinischer Fachbegriff Brachioplastik, dient der Straffung der Oberarme durch Entfernen von \u00fcbersch\u00fcssigem Gewebe oder Hautlappen. H\u00e4ufig bleibt nach umfangreicheren Gewichtsabnahmen ein Haut\u00fcberschuss zur\u00fcck, der von Betroffenen als st\u00f6rend wahrgenommen wird. Auch nat\u00fcrliche Alterungsprozesse und genetische Faktoren k\u00f6nnen die Elastizit\u00e4t der Haut an den Oberarmen beeintr\u00e4chtigen. Nach einer starken Gewichtsabnahme kann sich die Haut\u2026<span class=\"moretag-separator\">&nbsp;\u00b7 <\/span><a class=\"moretag\" href=\"https:\/\/swissclinics.net\/de\/behandlungen\/oberarmstraffung\/\">Weiterlesen&nbsp;\u00bb<\/a><\/p>\n","protected":false},"author":8,"featured_media":0,"parent":32,"menu_order":0,"comment_status":"closed","ping_status":"closed","template":"","meta":{"footnotes":""},"class_list":["post-763","page","type-page","status-publish","hentry"],"yoast_head":"<!-- This site is optimized with the Yoast SEO plugin v27.4 - https:\/\/yoast.com\/product\/yoast-seo-wordpress\/ -->\n<title>Oberarmstraffung (Brachioplastik) bei schlaffen Oberarmen &#183; Swiss Clinics<\/title>\n<meta name=\"description\" content=\"Schlaffe Oberarme nach Gewichtsverlust oder Hauterschlaffung k\u00f6nnen chirurgisch mittels Oberarmstraffung oder durch gezielte Fettabsaugung geformt werden.\" \/>\n<meta name=\"robots\" content=\"index, follow, max-snippet:-1, max-image-preview:large, max-video-preview:-1\" \/>\n<link rel=\"canonical\" href=\"https:\/\/swissclinics.net\/de\/behandlungen\/oberarmstraffung\/\" \/>\n<meta property=\"og:locale\" content=\"de_DE\" \/>\n<meta property=\"og:type\" content=\"article\" \/>\n<meta property=\"og:title\" content=\"Oberarmstraffung (Brachioplastik) bei schlaffen Oberarmen &#183; Swiss Clinics\" \/>\n<meta property=\"og:description\" content=\"Schlaffe Oberarme nach Gewichtsverlust oder Hauterschlaffung k\u00f6nnen chirurgisch mittels Oberarmstraffung oder durch gezielte Fettabsaugung geformt werden.\" \/>\n<meta property=\"og:url\" content=\"https:\/\/swissclinics.net\/de\/behandlungen\/oberarmstraffung\/\" \/>\n<meta property=\"og:site_name\" content=\"Swiss Clinics\" \/>\n<meta property=\"article:publisher\" content=\"https:\/\/www.facebook.com\/swissclinics\/\" \/>\n<meta property=\"article:modified_time\" content=\"2017-07-07T18:38:42+00:00\" \/>\n<meta name=\"twitter:card\" content=\"summary_large_image\" \/>\n<meta name=\"twitter:label1\" content=\"Gesch\u00e4tzte Lesezeit\" \/>\n\t<meta name=\"twitter:data1\" content=\"2\u00a0Minuten\" \/>\n<script type=\"application\/ld+json\" class=\"yoast-schema-graph\">{\"@context\":\"https:\\\/\\\/schema.org\",\"@graph\":[{\"@type\":\"WebPage\",\"@id\":\"https:\\\/\\\/swissclinics.net\\\/de\\\/behandlungen\\\/oberarmstraffung\\\/\",\"url\":\"https:\\\/\\\/swissclinics.net\\\/de\\\/behandlungen\\\/oberarmstraffung\\\/\",\"name\":\"Oberarmstraffung (Brachioplastik) bei schlaffen Oberarmen &#183; Swiss Clinics\",\"isPartOf\":{\"@id\":\"https:\\\/\\\/swissclinics.net\\\/de\\\/#website\"},\"datePublished\":\"2017-04-12T15:53:00+00:00\",\"dateModified\":\"2017-07-07T18:38:42+00:00\",\"description\":\"Schlaffe Oberarme nach Gewichtsverlust oder Hauterschlaffung k\u00f6nnen chirurgisch mittels Oberarmstraffung oder durch gezielte Fettabsaugung geformt werden.\",\"breadcrumb\":{\"@id\":\"https:\\\/\\\/swissclinics.net\\\/de\\\/behandlungen\\\/oberarmstraffung\\\/#breadcrumb\"},\"inLanguage\":\"de\",\"potentialAction\":[{\"@type\":\"ReadAction\",\"target\":[\"https:\\\/\\\/swissclinics.net\\\/de\\\/behandlungen\\\/oberarmstraffung\\\/\"]}]},{\"@type\":\"BreadcrumbList\",\"@id\":\"https:\\\/\\\/swissclinics.net\\\/de\\\/behandlungen\\\/oberarmstraffung\\\/#breadcrumb\",\"itemListElement\":[{\"@type\":\"ListItem\",\"position\":1,\"name\":\"Home\",\"item\":\"https:\\\/\\\/swissclinics.net\\\/de\\\/\"},{\"@type\":\"ListItem\",\"position\":2,\"name\":\"Behandlungen\",\"item\":\"https:\\\/\\\/swissclinics.net\\\/de\\\/behandlungen\\\/\"},{\"@type\":\"ListItem\",\"position\":3,\"name\":\"Oberarmstraffung\"}]},{\"@type\":\"WebSite\",\"@id\":\"https:\\\/\\\/swissclinics.net\\\/de\\\/#website\",\"url\":\"https:\\\/\\\/swissclinics.net\\\/de\\\/\",\"name\":\"Swiss Clinics\",\"description\":\"Medizin mit Schweizer Qualit\u00e4t.\",\"potentialAction\":[{\"@type\":\"SearchAction\",\"target\":{\"@type\":\"EntryPoint\",\"urlTemplate\":\"https:\\\/\\\/swissclinics.net\\\/de\\\/?s={search_term_string}\"},\"query-input\":{\"@type\":\"PropertyValueSpecification\",\"valueRequired\":true,\"valueName\":\"search_term_string\"}}],\"inLanguage\":\"de\"}]}<\/script>\n<!-- \/ Yoast SEO plugin. -->","yoast_head_json":{"title":"Oberarmstraffung (Brachioplastik) bei schlaffen Oberarmen &#183; Swiss Clinics","description":"Schlaffe Oberarme nach Gewichtsverlust oder Hauterschlaffung k\u00f6nnen chirurgisch mittels Oberarmstraffung oder durch gezielte Fettabsaugung geformt werden.","robots":{"index":"index","follow":"follow","max-snippet":"max-snippet:-1","max-image-preview":"max-image-preview:large","max-video-preview":"max-video-preview:-1"},"canonical":"https:\/\/swissclinics.net\/de\/behandlungen\/oberarmstraffung\/","og_locale":"de_DE","og_type":"article","og_title":"Oberarmstraffung (Brachioplastik) bei schlaffen Oberarmen &#183; Swiss Clinics","og_description":"Schlaffe Oberarme nach Gewichtsverlust oder Hauterschlaffung k\u00f6nnen chirurgisch mittels Oberarmstraffung oder durch gezielte Fettabsaugung geformt werden.","og_url":"https:\/\/swissclinics.net\/de\/behandlungen\/oberarmstraffung\/","og_site_name":"Swiss Clinics","article_publisher":"https:\/\/www.facebook.com\/swissclinics\/","article_modified_time":"2017-07-07T18:38:42+00:00","twitter_card":"summary_large_image","twitter_misc":{"Gesch\u00e4tzte Lesezeit":"2\u00a0Minuten"},"schema":{"@context":"https:\/\/schema.org","@graph":[{"@type":"WebPage","@id":"https:\/\/swissclinics.net\/de\/behandlungen\/oberarmstraffung\/","url":"https:\/\/swissclinics.net\/de\/behandlungen\/oberarmstraffung\/","name":"Oberarmstraffung (Brachioplastik) bei schlaffen Oberarmen &#183; Swiss Clinics","isPartOf":{"@id":"https:\/\/swissclinics.net\/de\/#website"},"datePublished":"2017-04-12T15:53:00+00:00","dateModified":"2017-07-07T18:38:42+00:00","description":"Schlaffe Oberarme nach Gewichtsverlust oder Hauterschlaffung k\u00f6nnen chirurgisch mittels Oberarmstraffung oder durch gezielte Fettabsaugung geformt werden.","breadcrumb":{"@id":"https:\/\/swissclinics.net\/de\/behandlungen\/oberarmstraffung\/#breadcrumb"},"inLanguage":"de","potentialAction":[{"@type":"ReadAction","target":["https:\/\/swissclinics.net\/de\/behandlungen\/oberarmstraffung\/"]}]},{"@type":"BreadcrumbList","@id":"https:\/\/swissclinics.net\/de\/behandlungen\/oberarmstraffung\/#breadcrumb","itemListElement":[{"@type":"ListItem","position":1,"name":"Home","item":"https:\/\/swissclinics.net\/de\/"},{"@type":"ListItem","position":2,"name":"Behandlungen","item":"https:\/\/swissclinics.net\/de\/behandlungen\/"},{"@type":"ListItem","position":3,"name":"Oberarmstraffung"}]},{"@type":"WebSite","@id":"https:\/\/swissclinics.net\/de\/#website","url":"https:\/\/swissclinics.net\/de\/","name":"Swiss Clinics","description":"Medizin mit Schweizer Qualit\u00e4t.","potentialAction":[{"@type":"SearchAction","target":{"@type":"EntryPoint","urlTemplate":"https:\/\/swissclinics.net\/de\/?s={search_term_string}"},"query-input":{"@type":"PropertyValueSpecification","valueRequired":true,"valueName":"search_term_string"}}],"inLanguage":"de"}]}},"_links":{"self":[{"href":"https:\/\/swissclinics.net\/de\/wp-json\/wp\/v2\/pages\/763","targetHints":{"allow":["GET"]}}],"collection":[{"href":"https:\/\/swissclinics.net\/de\/wp-json\/wp\/v2\/pages"}],"about":[{"href":"https:\/\/swissclinics.net\/de\/wp-json\/wp\/v2\/types\/page"}],"author":[{"embeddable":true,"href":"https:\/\/swissclinics.net\/de\/wp-json\/wp\/v2\/users\/8"}],"replies":[{"embeddable":true,"href":"https:\/\/swissclinics.net\/de\/wp-json\/wp\/v2\/comments?post=763"}],"version-history":[{"count":3,"href":"https:\/\/swissclinics.net\/de\/wp-json\/wp\/v2\/pages\/763\/revisions"}],"predecessor-version":[{"id":766,"href":"https:\/\/swissclinics.net\/de\/wp-json\/wp\/v2\/pages\/763\/revisions\/766"}],"up":[{"embeddable":true,"href":"https:\/\/swissclinics.net\/de\/wp-json\/wp\/v2\/pages\/32"}],"wp:attachment":[{"href":"https:\/\/swissclinics.net\/de\/wp-json\/wp\/v2\/media?parent=763"}],"curies":[{"name":"wp","href":"https:\/\/api.w.org\/{rel}","templated":true}]}}