{"id":761,"date":"2017-04-06T18:24:07","date_gmt":"2017-04-06T16:24:07","guid":{"rendered":"https:\/\/swissclinics.net\/de\/?page_id=761"},"modified":"2021-03-26T16:49:39","modified_gmt":"2021-03-26T15:49:39","slug":"kinnkorrektur","status":"publish","type":"page","link":"https:\/\/swissclinics.net\/de\/behandlungen\/kinnkorrektur\/","title":{"rendered":"Kinnkorrektur"},"content":{"rendered":"<p>Bei einer <strong>Kinnkorrektur<\/strong> (<strong>Kinnplastik<\/strong>) handelt es sich um einen meist chirurgisch durchgef\u00fchrten Eingriff. Ziel ist es Form, Gr\u00f6\u00dfe und Kontur des Kinns formsch\u00f6n zu optimieren, um als nicht harmonisch wahrgenommene Gesichtsproportionen in Einklang zu bringen.<\/p>\n<p>In der Regel bildet der vorderste Punkt der Stirn mit dem des Kinnes eine Ebene. Liegt das Kinn hinter dieser Ebene spricht man von einem fliehenden Kinn, w\u00e4hrend ein weit davor liegendes Kinn als prominent bezeichnet wird. Eine andere \u00e4sthetische Problematik im Bereich des Kinns stellt das sogenannte Doppelkinn dar.<\/p>\n<p>W\u00e4hrend f\u00fcr ein Doppelkinn in den meisten F\u00e4llen allgemeines \u00dcbergewicht urs\u00e4chlich ist, ist sowohl ein fliehendes als auch prominentes Kinn durch angeborene Faktoren bedingt. Je nach Form sind die kn\u00f6chernen Strukturen im Kinnbereich entweder unter- oder \u00fcberentwickelt, wodurch das Erscheinungsbild \u2013 insbesondere in der Profilansicht \u2013 stark beeinflusst wird.<\/p>\n<h2>Korrektur eines fliehenden Kinns<\/h2>\n<p>Ein fliehendes Kinn, im Volksmund auch \u201eVogelgesicht\u201c genannt, ist gekennzeichnet durch ein weit hinten stehendes Kinn, das die Nase gleichzeitig gr\u00f6\u00dfer und l\u00e4nger wirken l\u00e4sst. Um das Kinn optisch nach vorne zu bringen bietet die Medizin unterschiedliche M\u00f6glichkeiten.<\/p>\n<p>Eine dauerhafte L\u00f6sung stellt das Einsetzen eines <strong>Kinnimplantats<\/strong> dar, das entweder aus Silikon, Kunststoff oder k\u00f6rpereigenem Material, etwa Knochen, besteht. Das Implantat wird durch einen Schnitt unter dem Kinn oder im Mundvorhof unter Vollnarkose an der passenden Stelle platziert.<\/p>\n<p>Eine weitere M\u00f6glichkeit ist in bestimmten F\u00e4llen die <strong>Injektion von k\u00f6rpereigenem Fett und Stammzellen<\/strong>. Dabei wird der betroffene Kinnbereich im Rahmen eines ambulanten Eingriffs in \u00f6rtlicher Bet\u00e4ubung mit K\u00f6rperfett bzw. stammzellangereichertem Eigenfett aufgef\u00fcllt. Das Ergebnis ist in der Regel langfristig haltbar.<\/p>\n<p>Auch <strong>Hyalurons\u00e4ure<\/strong> kann als F\u00fcllsubstanz verwendet werden. Der Nachteil dieser Methode ist, dass Hyalurons\u00e4ure durch den K\u00f6rper mit der Zeit abgebaut wird und die Behandlung daher regelm\u00e4\u00dfig wiederholt werden muss. Au\u00dferdem kann Hyalurons\u00e4ure unsch\u00f6ne Abkapselungen bilden.<\/p>\n<h2>Korrektur eines prominenten Kinns<\/h2>\n<p>Ein stark hervorstehendes Kinn l\u00e4sst das Gesicht hart und streng erscheinen. Besonders Frauen leider unter der maskulinen Note. Um das hervorstehende Kinn zu verkleinern, wird der Unterkieferknochen im Rahmen eines unter Vollnarkose durchgef\u00fchrten Eingriffs abgeschliffen und somit verk\u00fcrzt. Hierf\u00fcr wird ein Schnitt an der Innenseite der Unterlippe oder unter dem Kiefer gesetzt und mittels einer kleinen Knochenfr\u00e4se Knochensubstanz abgetragen.<\/p>\n<p>Ist ein fliehendes oder prominentes Kinn durch eine allgemeine Kieferfehlstellung bedingt, kann eine Kieferorthop\u00e4die oder in schwerwiegenderen F\u00e4llen die ein kieferchirurgischer Eingriff verschaffen.<\/p>\n<h2>Behandlung eines Doppelkinns mittels Fettabsaugung<\/h2>\n<p>Ein Doppelkinn l\u00e4sst das Gesicht sehr rund wirken und stellt so f\u00fcr viele Betroffene ein \u00e4sthetisches Problem dar. Die Entstehung eines Doppelkinns kann unterschiedliche Ursachen haben. Die h\u00e4ufigste Ursache ist \u00dcbergewicht, jedoch k\u00f6nnen auch schlanke Menschen durch genetische Disposition betroffen sein. Ein fliehendes Kinn kann aufgrund der verminderten Spannkraft der Halspartie ebenfalls zu einem Doppelkinn f\u00fchren.<\/p>\n<p>Bei vermehrter Fettansammlung im Halsbereich hilft eine <strong>Fettabsaugung<\/strong> zur Minderung des Doppelkinns. Spezielle d\u00fcnne Gesichtsmikrokan\u00fclen gew\u00e4hrleisten eine besonders pr\u00e4zise und schonende Absaugung, die ambulant unter \u00f6rtlicher Bet\u00e4ubung erfolgen kann. Bei geringerer Auspr\u00e4gung kann die sogenannte <strong>Fettwegspritze<\/strong> (<strong>Injektionslipolyse<\/strong>) eingesetzt werden. Dabei wird eine fettaufl\u00f6sende Substanz (Lecithin) in die Haut injiziert.<\/p>\n<p>Ist das Doppelkinn durch erschlafftes Gewebe bedingt, das die betroffene Person zus\u00e4tzlich \u00e4lter erscheinen l\u00e4sst, eignet sich eine <strong>Hautstraffung<\/strong>, um die Halspartie wieder frischer aussehen zu lassen. Bei dem unter Vollnarkose stattfindendem Eingriff werden Haut\u00fcbersch\u00fcsse mit dem Skalpell entfernt, wodurch mitunter bleibende Narben entstehen k\u00f6nnen. Geht es rein um den verj\u00fcngenden Effekt, stellt die Hautregeneration mit k\u00f6rpereigenen Stammzellen eine sanfte Alternative zur chirurgischen Hautstraffung dar.<\/p>\n","protected":false},"excerpt":{"rendered":"<p>Bei einer Kinnkorrektur (Kinnplastik) handelt es sich um einen meist chirurgisch durchgef\u00fchrten Eingriff. Ziel ist es Form, Gr\u00f6\u00dfe und Kontur des Kinns formsch\u00f6n zu optimieren, um als nicht harmonisch wahrgenommene Gesichtsproportionen in Einklang zu bringen. In der Regel bildet der vorderste Punkt der Stirn mit dem des Kinnes eine Ebene. Liegt das Kinn hinter dieser\u2026<span class=\"moretag-separator\">&nbsp;\u00b7 <\/span><a class=\"moretag\" href=\"https:\/\/swissclinics.net\/de\/behandlungen\/kinnkorrektur\/\">Weiterlesen&nbsp;\u00bb<\/a><\/p>\n","protected":false},"author":9,"featured_media":0,"parent":32,"menu_order":0,"comment_status":"closed","ping_status":"closed","template":"","meta":{"footnotes":""},"class_list":["post-761","page","type-page","status-publish","hentry"],"yoast_head":"<!-- This site is optimized with the Yoast SEO plugin v27.4 - https:\/\/yoast.com\/product\/yoast-seo-wordpress\/ -->\n<title>Kinnkorrektur (Kinnplastik) und Doppelkinn-Fettabsaugung &#183; Swiss Clinics<\/title>\n<meta name=\"description\" content=\"Korrektur eines zu fliehenden oder prominenten Kinns mittels Kinnplastik und Entfernen eines Doppelkinns durch Fettabsaugung und Hautstraffung.\" \/>\n<meta name=\"robots\" content=\"index, follow, max-snippet:-1, max-image-preview:large, max-video-preview:-1\" \/>\n<link rel=\"canonical\" href=\"https:\/\/swissclinics.net\/de\/behandlungen\/kinnkorrektur\/\" \/>\n<meta property=\"og:locale\" content=\"de_DE\" \/>\n<meta property=\"og:type\" content=\"article\" \/>\n<meta property=\"og:title\" content=\"Kinnkorrektur (Kinnplastik) und Doppelkinn-Fettabsaugung &#183; Swiss Clinics\" \/>\n<meta property=\"og:description\" content=\"Korrektur eines zu fliehenden oder prominenten Kinns mittels Kinnplastik und Entfernen eines Doppelkinns durch Fettabsaugung und Hautstraffung.\" \/>\n<meta property=\"og:url\" content=\"https:\/\/swissclinics.net\/de\/behandlungen\/kinnkorrektur\/\" \/>\n<meta property=\"og:site_name\" content=\"Swiss Clinics\" \/>\n<meta property=\"article:publisher\" content=\"https:\/\/www.facebook.com\/swissclinics\/\" \/>\n<meta property=\"article:modified_time\" content=\"2021-03-26T15:49:39+00:00\" \/>\n<meta name=\"twitter:card\" content=\"summary_large_image\" \/>\n<meta name=\"twitter:label1\" content=\"Gesch\u00e4tzte Lesezeit\" \/>\n\t<meta name=\"twitter:data1\" content=\"3\u00a0Minuten\" \/>\n<script type=\"application\/ld+json\" class=\"yoast-schema-graph\">{\"@context\":\"https:\\\/\\\/schema.org\",\"@graph\":[{\"@type\":\"WebPage\",\"@id\":\"https:\\\/\\\/swissclinics.net\\\/de\\\/behandlungen\\\/kinnkorrektur\\\/\",\"url\":\"https:\\\/\\\/swissclinics.net\\\/de\\\/behandlungen\\\/kinnkorrektur\\\/\",\"name\":\"Kinnkorrektur (Kinnplastik) und Doppelkinn-Fettabsaugung &#183; Swiss Clinics\",\"isPartOf\":{\"@id\":\"https:\\\/\\\/swissclinics.net\\\/de\\\/#website\"},\"datePublished\":\"2017-04-06T16:24:07+00:00\",\"dateModified\":\"2021-03-26T15:49:39+00:00\",\"description\":\"Korrektur eines zu fliehenden oder prominenten Kinns mittels Kinnplastik und Entfernen eines Doppelkinns durch Fettabsaugung und Hautstraffung.\",\"breadcrumb\":{\"@id\":\"https:\\\/\\\/swissclinics.net\\\/de\\\/behandlungen\\\/kinnkorrektur\\\/#breadcrumb\"},\"inLanguage\":\"de\",\"potentialAction\":[{\"@type\":\"ReadAction\",\"target\":[\"https:\\\/\\\/swissclinics.net\\\/de\\\/behandlungen\\\/kinnkorrektur\\\/\"]}]},{\"@type\":\"BreadcrumbList\",\"@id\":\"https:\\\/\\\/swissclinics.net\\\/de\\\/behandlungen\\\/kinnkorrektur\\\/#breadcrumb\",\"itemListElement\":[{\"@type\":\"ListItem\",\"position\":1,\"name\":\"Home\",\"item\":\"https:\\\/\\\/swissclinics.net\\\/de\\\/\"},{\"@type\":\"ListItem\",\"position\":2,\"name\":\"Behandlungen\",\"item\":\"https:\\\/\\\/swissclinics.net\\\/de\\\/behandlungen\\\/\"},{\"@type\":\"ListItem\",\"position\":3,\"name\":\"Kinnkorrektur\"}]},{\"@type\":\"WebSite\",\"@id\":\"https:\\\/\\\/swissclinics.net\\\/de\\\/#website\",\"url\":\"https:\\\/\\\/swissclinics.net\\\/de\\\/\",\"name\":\"Swiss Clinics\",\"description\":\"Medizin mit Schweizer Qualit\u00e4t.\",\"potentialAction\":[{\"@type\":\"SearchAction\",\"target\":{\"@type\":\"EntryPoint\",\"urlTemplate\":\"https:\\\/\\\/swissclinics.net\\\/de\\\/?s={search_term_string}\"},\"query-input\":{\"@type\":\"PropertyValueSpecification\",\"valueRequired\":true,\"valueName\":\"search_term_string\"}}],\"inLanguage\":\"de\"}]}<\/script>\n<!-- \/ Yoast SEO plugin. -->","yoast_head_json":{"title":"Kinnkorrektur (Kinnplastik) und Doppelkinn-Fettabsaugung &#183; Swiss Clinics","description":"Korrektur eines zu fliehenden oder prominenten Kinns mittels Kinnplastik und Entfernen eines Doppelkinns durch Fettabsaugung und Hautstraffung.","robots":{"index":"index","follow":"follow","max-snippet":"max-snippet:-1","max-image-preview":"max-image-preview:large","max-video-preview":"max-video-preview:-1"},"canonical":"https:\/\/swissclinics.net\/de\/behandlungen\/kinnkorrektur\/","og_locale":"de_DE","og_type":"article","og_title":"Kinnkorrektur (Kinnplastik) und Doppelkinn-Fettabsaugung &#183; Swiss Clinics","og_description":"Korrektur eines zu fliehenden oder prominenten Kinns mittels Kinnplastik und Entfernen eines Doppelkinns durch Fettabsaugung und Hautstraffung.","og_url":"https:\/\/swissclinics.net\/de\/behandlungen\/kinnkorrektur\/","og_site_name":"Swiss Clinics","article_publisher":"https:\/\/www.facebook.com\/swissclinics\/","article_modified_time":"2021-03-26T15:49:39+00:00","twitter_card":"summary_large_image","twitter_misc":{"Gesch\u00e4tzte Lesezeit":"3\u00a0Minuten"},"schema":{"@context":"https:\/\/schema.org","@graph":[{"@type":"WebPage","@id":"https:\/\/swissclinics.net\/de\/behandlungen\/kinnkorrektur\/","url":"https:\/\/swissclinics.net\/de\/behandlungen\/kinnkorrektur\/","name":"Kinnkorrektur (Kinnplastik) und Doppelkinn-Fettabsaugung &#183; Swiss Clinics","isPartOf":{"@id":"https:\/\/swissclinics.net\/de\/#website"},"datePublished":"2017-04-06T16:24:07+00:00","dateModified":"2021-03-26T15:49:39+00:00","description":"Korrektur eines zu fliehenden oder prominenten Kinns mittels Kinnplastik und Entfernen eines Doppelkinns durch Fettabsaugung und Hautstraffung.","breadcrumb":{"@id":"https:\/\/swissclinics.net\/de\/behandlungen\/kinnkorrektur\/#breadcrumb"},"inLanguage":"de","potentialAction":[{"@type":"ReadAction","target":["https:\/\/swissclinics.net\/de\/behandlungen\/kinnkorrektur\/"]}]},{"@type":"BreadcrumbList","@id":"https:\/\/swissclinics.net\/de\/behandlungen\/kinnkorrektur\/#breadcrumb","itemListElement":[{"@type":"ListItem","position":1,"name":"Home","item":"https:\/\/swissclinics.net\/de\/"},{"@type":"ListItem","position":2,"name":"Behandlungen","item":"https:\/\/swissclinics.net\/de\/behandlungen\/"},{"@type":"ListItem","position":3,"name":"Kinnkorrektur"}]},{"@type":"WebSite","@id":"https:\/\/swissclinics.net\/de\/#website","url":"https:\/\/swissclinics.net\/de\/","name":"Swiss Clinics","description":"Medizin mit Schweizer Qualit\u00e4t.","potentialAction":[{"@type":"SearchAction","target":{"@type":"EntryPoint","urlTemplate":"https:\/\/swissclinics.net\/de\/?s={search_term_string}"},"query-input":{"@type":"PropertyValueSpecification","valueRequired":true,"valueName":"search_term_string"}}],"inLanguage":"de"}]}},"_links":{"self":[{"href":"https:\/\/swissclinics.net\/de\/wp-json\/wp\/v2\/pages\/761","targetHints":{"allow":["GET"]}}],"collection":[{"href":"https:\/\/swissclinics.net\/de\/wp-json\/wp\/v2\/pages"}],"about":[{"href":"https:\/\/swissclinics.net\/de\/wp-json\/wp\/v2\/types\/page"}],"author":[{"embeddable":true,"href":"https:\/\/swissclinics.net\/de\/wp-json\/wp\/v2\/users\/9"}],"replies":[{"embeddable":true,"href":"https:\/\/swissclinics.net\/de\/wp-json\/wp\/v2\/comments?post=761"}],"version-history":[{"count":2,"href":"https:\/\/swissclinics.net\/de\/wp-json\/wp\/v2\/pages\/761\/revisions"}],"predecessor-version":[{"id":840,"href":"https:\/\/swissclinics.net\/de\/wp-json\/wp\/v2\/pages\/761\/revisions\/840"}],"up":[{"embeddable":true,"href":"https:\/\/swissclinics.net\/de\/wp-json\/wp\/v2\/pages\/32"}],"wp:attachment":[{"href":"https:\/\/swissclinics.net\/de\/wp-json\/wp\/v2\/media?parent=761"}],"curies":[{"name":"wp","href":"https:\/\/api.w.org\/{rel}","templated":true}]}}