{"id":71,"date":"2016-06-19T23:41:21","date_gmt":"2016-06-19T21:41:21","guid":{"rendered":"https:\/\/swissclinics.net\/de\/?page_id=71"},"modified":"2017-07-04T15:57:56","modified_gmt":"2017-07-04T13:57:56","slug":"arthrose-arthritis","status":"publish","type":"page","link":"https:\/\/swissclinics.net\/de\/behandlungen\/arthrose-arthritis\/","title":{"rendered":"Arthrose und Arthritis"},"content":{"rendered":"<p>Bei <strong>Arthrose<\/strong> handelt es sich um eine Abnutzung oder den Verschlei\u00df des Knorpels eines Gelenkes. Der Schaden am Gelenk kann dem Alter entsprechen oder f\u00fcr das jeweilige Alter \u00fcberdurchschnittlich stark ausgepr\u00e4gt sein, z.B. bei Hochleistungssportlern. Normalerweise befindet sich im Gelenk an der Verbindungsstelle zwischen mehreren Knochen ein sch\u00fctzender Knorpel, der ein Aufeinanderreiben der Knochen verhindert. Die Abnutzung des Knorpels beeintr\u00e4chtigt daher die Funktion des Gelenks.<\/p>\n<p>Langj\u00e4hrige \u00dcberbelastung, Verletzungen, eine Fehlstellung der Gelenke, \u00dcbergewicht, bestimmte Medikamente, aber auch Stoffwechselerkrankungen k\u00f6nnen den Knorpel direkt oder indirekt sch\u00e4digen und somit eine Arthrose hervorrufen. Auch wenn eine Arthrose symptomfrei verlaufen kann, so sind die h\u00e4ufigsten Symptome belastungsabh\u00e4ngiger Schmerz, Gelenkerguss, Verformung des Gelenks oder sogar Gelenkger\u00e4usche aufgrund zunehmender Reibungsfl\u00e4che der miteinander verbundenen Knochen. Heute geht man davon aus, dass bei chronischen Sch\u00e4den am Knorpel das Immunsystem beginnt, diesen aktiv abzubauen. Die damit verbundene Entz\u00fcndung verst\u00e4rkt die Symptome.<\/p>\n<h2>Arthritis und Polyarthritis<\/h2>\n<p>Wenn die Entz\u00fcndung symptomatisch \u00fcberwiegt, spricht man von <strong>Arthritis<\/strong>. Eine Arthritis kann von einer mechanisch bedingten Arthrose verursacht werden, kann aber auch andere Gr\u00fcnde haben. Als Gr\u00fcnde kommen z.B. Infektionen oder eine Ansammlung von Harns\u00e4ure (Gicht) in Betracht. Die Arthritis kann auch unmittelbar autoimmunologisch verursacht sein und ein oder mehrere Gelenke betreffen. Manche Arthritiden geh\u00f6ren zum Formenkreis der durch \u00dcberreaktionen des Immunsystems verursachten Bindegewebserkrankungen (prim\u00e4r chronische Polyarthritis, PCP). Die Arthritis kann in jedem Alter auftreten.<\/p>\n<p>Das Risiko einer Arthrose h\u00e4ngt mit dem Alter zusammen. Etwa 70 Prozent der \u00fcber 65-J\u00e4hrigen leiden unter Arthrose. Das am h\u00e4ufigsten betroffene Gelenk in Industriestaaten ist das Knie. Allerdings kann Arthrose alle Gelenke befallen. Arthrose istdas h\u00e4ufigste Gelenksleiden der Welt, in Deutschland leiden etwa 5 Millionen Menschen darunter.<\/p>\n<p>Es gibt zwei Arten von Arthrose: Die prim\u00e4re Arthrose, hervorgerufen durch eine veranlagte schlechte Qualit\u00e4t des Knorpels und die sekund\u00e4re Arthrose, die durch mechanische Abnutzung, Entz\u00fcndung oder Stoffwechselst\u00f6rungen entsteht. Bei beiden Formen kommt es auf lange Sicht zu einer Entz\u00fcndung des betroffenen Gelenks.<\/p>\n<p>Ganz unabh\u00e4ngig vom Alter kann ein Knorpelschaden aber auch durch eine Verletzung (z.B. beim Sport) oder einen Unfall entstehen. Daher k\u00f6nnen auch junge, besonders sportliche Menschen von Arthrose betroffen sein.<\/p>\n<p>Grunds\u00e4tzlich wird die Arthrose in vier Stadien geteilt: Im ersten Stadium kommt es infolge hoher Belastung zu einer Verd\u00fcnnung der sch\u00fctzenden Knorpelschicht. Im zweiten Stadium ersetzt der K\u00f6rper den eigentlichen Knorpel durch minderwertigeres Ersatzgewebe. Im dritten und vierten Stadium kommt es zur strukturellen Ver\u00e4nderungen des Knochens, wozu Zysten (Hohlraum) und Osteophyten (Knochenvorspr\u00fcnge) z\u00e4hlen. Diese Ver\u00e4nderungen sollen die Reibungsfl\u00e4che der zwei Knochen minimieren, verursachen aber oft Bewegungseinschr\u00e4nkung, Schmerzen und weitere Sch\u00e4den.<\/p>\n<h2>Therapie der Arthrose<\/h2>\n<p>Bei der Behandlung einer Arthrose gibt es im Wesentlichen zwei Ziele: Auf der einen Seite will der behandelnde Arzt die Schmerzfreiheit des Patienten erzielen, auf der anderen Seite einen weiteren Abbau des Gelenks und damit Einschr\u00e4nkung seiner Funktion verhindern. Vor allem geschieht dies per Unterdr\u00fcckung der Schmerzwahrnehmung durch die Verabreichung von Schmerzmitteln, der Beseitigung von den Restknorpel belastenden Strukturen, einer Regeneration des Knorpels oder dem gesamten Austausch des betroffenen Gelenkes mit einer Prothese.<\/p>\n<p>Operativ kann man das Gelenk durch eine Prothese (k\u00fcnstliches Gelenk) ersetzen, es k\u00fcnstlich versteifen oder es umstellen. Wenn prim\u00e4r der Knorpel betroffen ist, gibt es auch noch die M\u00f6glichkeit einer Knorpeltransplantation.<\/p>\n<h2>Stammzelltherapie bei Arthrose<\/h2>\n<p>Eine neue Behandlungsmethode bei Arthrose ist die Stammzelltherapie. Dabei werden k\u00f6rpereigene Stammzellen, sogenannte mesenchymale Stammzellen (MSC) bzw. Stromal Vascular Fraction (SVF), aus dem Fettgewebe gewonnen und direkt in den Bereich der betroffenen Gelenke injiziert. Diese Methode stammt urspr\u00fcnglich aus der Tiermedizin. Die Stammzellen besitzen die F\u00e4higkeit, die Entz\u00fcndung zu unterdr\u00fccken, das Immunsystem zu modulieren und die Regeneration der betroffenen Knorpel zu stimulieren. Daher liegt die Anwendung der Stammzelltherapie bei den meisten Formen von Arthrose und Arthritis nahe.<\/p>\n<p>Da die Stammzellen auch Knochen, Sehnen und B\u00e4ndern bei der Regeneration helfen k\u00f6nnen, wird die Stammzelltherapie heute vielfach bei Sportverletzungen eingesetzt. Dadurch gewinnt der Patient im Optimalfall rascher Mobilit\u00e4t zur\u00fcck.<\/p>\n<p>Im Falle chronischer und fortgeschrittener Arthrosen k\u00f6nnen Reibung und Schmerz gelindert und die Notwendigkeit einer komplexen Operation zum Einsetzen eines k\u00fcnstlichen Gelenkes aufgeschoben werden. In bestimmten F\u00e4llen ist jedoch weiterhin ein k\u00fcnstlicher Gelenksersatz ratsam.<\/p>\n<p>Mittlerweile liegen bereits mehrere Studien zur Wirksamkeit dieser Methode bei Tieren und Menschen vor. Am besten ist die Prognose bei Arthritis und nicht allzu schwerer Gelenksathrose. Meist kann man durch die Therapie mit Stammzellen aus K\u00f6rperfett die Symptomatik und Mobilit\u00e4t verbessern und den Schmerz lindern, was zu einer Erh\u00f6hung der Lebensqualit\u00e4t f\u00fchrt.<\/p>\n","protected":false},"excerpt":{"rendered":"<p>Bei Arthrose handelt es sich um eine Abnutzung oder den Verschlei\u00df des Knorpels eines Gelenkes. Der Schaden am Gelenk kann dem Alter entsprechen oder f\u00fcr das jeweilige Alter \u00fcberdurchschnittlich stark ausgepr\u00e4gt sein, z.B. bei Hochleistungssportlern. Normalerweise befindet sich im Gelenk an der Verbindungsstelle zwischen mehreren Knochen ein sch\u00fctzender Knorpel, der ein Aufeinanderreiben der Knochen verhindert.\u2026<span class=\"moretag-separator\">&nbsp;\u00b7 <\/span><a class=\"moretag\" href=\"https:\/\/swissclinics.net\/de\/behandlungen\/arthrose-arthritis\/\">Weiterlesen&nbsp;\u00bb<\/a><\/p>\n","protected":false},"author":9,"featured_media":591,"parent":32,"menu_order":0,"comment_status":"closed","ping_status":"closed","template":"","meta":{"footnotes":""},"class_list":["post-71","page","type-page","status-publish","has-post-thumbnail","hentry"],"yoast_head":"<!-- This site is optimized with the Yoast SEO plugin v27.2 - https:\/\/yoast.com\/product\/yoast-seo-wordpress\/ -->\n<title>Behandlung von Arthrose, Arthritis und Gelenksproblemen &#183; Swiss Clinics<\/title>\n<meta name=\"description\" content=\"Behandlung von Gelenksschmerzen und Problemen wie Arthrose, Arthritis und Polyarthritis mit Stammzellen aus dem k\u00f6rpereigenen Fettgewebe des Patienten.\" \/>\n<meta name=\"robots\" content=\"index, follow, max-snippet:-1, max-image-preview:large, max-video-preview:-1\" \/>\n<link rel=\"canonical\" href=\"https:\/\/swissclinics.net\/de\/behandlungen\/arthrose-arthritis\/\" \/>\n<meta property=\"og:locale\" content=\"de_DE\" \/>\n<meta property=\"og:type\" content=\"article\" \/>\n<meta property=\"og:title\" content=\"Behandlung von Arthrose, Arthritis und Gelenksproblemen &#183; Swiss Clinics\" \/>\n<meta property=\"og:description\" content=\"Behandlung von Gelenksschmerzen und Problemen wie Arthrose, Arthritis und Polyarthritis mit Stammzellen aus dem k\u00f6rpereigenen Fettgewebe des Patienten.\" \/>\n<meta property=\"og:url\" content=\"https:\/\/swissclinics.net\/de\/behandlungen\/arthrose-arthritis\/\" \/>\n<meta property=\"og:site_name\" content=\"Swiss Clinics\" \/>\n<meta property=\"article:publisher\" content=\"https:\/\/www.facebook.com\/swissclinics\/\" \/>\n<meta property=\"article:modified_time\" content=\"2017-07-04T13:57:56+00:00\" \/>\n<meta property=\"og:image\" content=\"https:\/\/swissclinics.net\/de\/wp-content\/uploads\/sites\/3\/arthrose-arthritis.jpg\" \/>\n\t<meta property=\"og:image:width\" content=\"640\" \/>\n\t<meta property=\"og:image:height\" content=\"769\" \/>\n\t<meta property=\"og:image:type\" content=\"image\/jpeg\" \/>\n<meta name=\"twitter:card\" content=\"summary_large_image\" \/>\n<meta name=\"twitter:label1\" content=\"Gesch\u00e4tzte Lesezeit\" \/>\n\t<meta name=\"twitter:data1\" content=\"4\u00a0Minuten\" \/>\n<script type=\"application\/ld+json\" class=\"yoast-schema-graph\">{\"@context\":\"https:\/\/schema.org\",\"@graph\":[{\"@type\":\"WebPage\",\"@id\":\"https:\/\/swissclinics.net\/de\/behandlungen\/arthrose-arthritis\/\",\"url\":\"https:\/\/swissclinics.net\/de\/behandlungen\/arthrose-arthritis\/\",\"name\":\"Behandlung von Arthrose, Arthritis und Gelenksproblemen &#183; Swiss Clinics\",\"isPartOf\":{\"@id\":\"https:\/\/swissclinics.net\/de\/#website\"},\"primaryImageOfPage\":{\"@id\":\"https:\/\/swissclinics.net\/de\/behandlungen\/arthrose-arthritis\/#primaryimage\"},\"image\":{\"@id\":\"https:\/\/swissclinics.net\/de\/behandlungen\/arthrose-arthritis\/#primaryimage\"},\"thumbnailUrl\":\"https:\/\/swissclinics.net\/de\/wp-content\/uploads\/sites\/3\/arthrose-arthritis.jpg\",\"datePublished\":\"2016-06-19T21:41:21+00:00\",\"dateModified\":\"2017-07-04T13:57:56+00:00\",\"description\":\"Behandlung von Gelenksschmerzen und Problemen wie Arthrose, Arthritis und Polyarthritis mit Stammzellen aus dem k\u00f6rpereigenen Fettgewebe des Patienten.\",\"breadcrumb\":{\"@id\":\"https:\/\/swissclinics.net\/de\/behandlungen\/arthrose-arthritis\/#breadcrumb\"},\"inLanguage\":\"de\",\"potentialAction\":[{\"@type\":\"ReadAction\",\"target\":[\"https:\/\/swissclinics.net\/de\/behandlungen\/arthrose-arthritis\/\"]}]},{\"@type\":\"ImageObject\",\"inLanguage\":\"de\",\"@id\":\"https:\/\/swissclinics.net\/de\/behandlungen\/arthrose-arthritis\/#primaryimage\",\"url\":\"https:\/\/swissclinics.net\/de\/wp-content\/uploads\/sites\/3\/arthrose-arthritis.jpg\",\"contentUrl\":\"https:\/\/swissclinics.net\/de\/wp-content\/uploads\/sites\/3\/arthrose-arthritis.jpg\",\"width\":640,\"height\":769},{\"@type\":\"BreadcrumbList\",\"@id\":\"https:\/\/swissclinics.net\/de\/behandlungen\/arthrose-arthritis\/#breadcrumb\",\"itemListElement\":[{\"@type\":\"ListItem\",\"position\":1,\"name\":\"Home\",\"item\":\"https:\/\/swissclinics.net\/de\/\"},{\"@type\":\"ListItem\",\"position\":2,\"name\":\"Behandlungen\",\"item\":\"https:\/\/swissclinics.net\/de\/behandlungen\/\"},{\"@type\":\"ListItem\",\"position\":3,\"name\":\"Arthrose und Arthritis\"}]},{\"@type\":\"WebSite\",\"@id\":\"https:\/\/swissclinics.net\/de\/#website\",\"url\":\"https:\/\/swissclinics.net\/de\/\",\"name\":\"Swiss Clinics\",\"description\":\"Medizin mit Schweizer Qualit\u00e4t.\",\"potentialAction\":[{\"@type\":\"SearchAction\",\"target\":{\"@type\":\"EntryPoint\",\"urlTemplate\":\"https:\/\/swissclinics.net\/de\/?s={search_term_string}\"},\"query-input\":{\"@type\":\"PropertyValueSpecification\",\"valueRequired\":true,\"valueName\":\"search_term_string\"}}],\"inLanguage\":\"de\"}]}<\/script>\n<!-- \/ Yoast SEO plugin. -->","yoast_head_json":{"title":"Behandlung von Arthrose, Arthritis und Gelenksproblemen &#183; Swiss Clinics","description":"Behandlung von Gelenksschmerzen und Problemen wie Arthrose, Arthritis und Polyarthritis mit Stammzellen aus dem k\u00f6rpereigenen Fettgewebe des Patienten.","robots":{"index":"index","follow":"follow","max-snippet":"max-snippet:-1","max-image-preview":"max-image-preview:large","max-video-preview":"max-video-preview:-1"},"canonical":"https:\/\/swissclinics.net\/de\/behandlungen\/arthrose-arthritis\/","og_locale":"de_DE","og_type":"article","og_title":"Behandlung von Arthrose, Arthritis und Gelenksproblemen &#183; Swiss Clinics","og_description":"Behandlung von Gelenksschmerzen und Problemen wie Arthrose, Arthritis und Polyarthritis mit Stammzellen aus dem k\u00f6rpereigenen Fettgewebe des Patienten.","og_url":"https:\/\/swissclinics.net\/de\/behandlungen\/arthrose-arthritis\/","og_site_name":"Swiss Clinics","article_publisher":"https:\/\/www.facebook.com\/swissclinics\/","article_modified_time":"2017-07-04T13:57:56+00:00","og_image":[{"width":640,"height":769,"url":"https:\/\/swissclinics.net\/de\/wp-content\/uploads\/sites\/3\/arthrose-arthritis.jpg","type":"image\/jpeg"}],"twitter_card":"summary_large_image","twitter_misc":{"Gesch\u00e4tzte Lesezeit":"4\u00a0Minuten"},"schema":{"@context":"https:\/\/schema.org","@graph":[{"@type":"WebPage","@id":"https:\/\/swissclinics.net\/de\/behandlungen\/arthrose-arthritis\/","url":"https:\/\/swissclinics.net\/de\/behandlungen\/arthrose-arthritis\/","name":"Behandlung von Arthrose, Arthritis und Gelenksproblemen &#183; Swiss Clinics","isPartOf":{"@id":"https:\/\/swissclinics.net\/de\/#website"},"primaryImageOfPage":{"@id":"https:\/\/swissclinics.net\/de\/behandlungen\/arthrose-arthritis\/#primaryimage"},"image":{"@id":"https:\/\/swissclinics.net\/de\/behandlungen\/arthrose-arthritis\/#primaryimage"},"thumbnailUrl":"https:\/\/swissclinics.net\/de\/wp-content\/uploads\/sites\/3\/arthrose-arthritis.jpg","datePublished":"2016-06-19T21:41:21+00:00","dateModified":"2017-07-04T13:57:56+00:00","description":"Behandlung von Gelenksschmerzen und Problemen wie Arthrose, Arthritis und Polyarthritis mit Stammzellen aus dem k\u00f6rpereigenen Fettgewebe des Patienten.","breadcrumb":{"@id":"https:\/\/swissclinics.net\/de\/behandlungen\/arthrose-arthritis\/#breadcrumb"},"inLanguage":"de","potentialAction":[{"@type":"ReadAction","target":["https:\/\/swissclinics.net\/de\/behandlungen\/arthrose-arthritis\/"]}]},{"@type":"ImageObject","inLanguage":"de","@id":"https:\/\/swissclinics.net\/de\/behandlungen\/arthrose-arthritis\/#primaryimage","url":"https:\/\/swissclinics.net\/de\/wp-content\/uploads\/sites\/3\/arthrose-arthritis.jpg","contentUrl":"https:\/\/swissclinics.net\/de\/wp-content\/uploads\/sites\/3\/arthrose-arthritis.jpg","width":640,"height":769},{"@type":"BreadcrumbList","@id":"https:\/\/swissclinics.net\/de\/behandlungen\/arthrose-arthritis\/#breadcrumb","itemListElement":[{"@type":"ListItem","position":1,"name":"Home","item":"https:\/\/swissclinics.net\/de\/"},{"@type":"ListItem","position":2,"name":"Behandlungen","item":"https:\/\/swissclinics.net\/de\/behandlungen\/"},{"@type":"ListItem","position":3,"name":"Arthrose und Arthritis"}]},{"@type":"WebSite","@id":"https:\/\/swissclinics.net\/de\/#website","url":"https:\/\/swissclinics.net\/de\/","name":"Swiss Clinics","description":"Medizin mit Schweizer Qualit\u00e4t.","potentialAction":[{"@type":"SearchAction","target":{"@type":"EntryPoint","urlTemplate":"https:\/\/swissclinics.net\/de\/?s={search_term_string}"},"query-input":{"@type":"PropertyValueSpecification","valueRequired":true,"valueName":"search_term_string"}}],"inLanguage":"de"}]}},"_links":{"self":[{"href":"https:\/\/swissclinics.net\/de\/wp-json\/wp\/v2\/pages\/71","targetHints":{"allow":["GET"]}}],"collection":[{"href":"https:\/\/swissclinics.net\/de\/wp-json\/wp\/v2\/pages"}],"about":[{"href":"https:\/\/swissclinics.net\/de\/wp-json\/wp\/v2\/types\/page"}],"author":[{"embeddable":true,"href":"https:\/\/swissclinics.net\/de\/wp-json\/wp\/v2\/users\/9"}],"replies":[{"embeddable":true,"href":"https:\/\/swissclinics.net\/de\/wp-json\/wp\/v2\/comments?post=71"}],"version-history":[{"count":8,"href":"https:\/\/swissclinics.net\/de\/wp-json\/wp\/v2\/pages\/71\/revisions"}],"predecessor-version":[{"id":733,"href":"https:\/\/swissclinics.net\/de\/wp-json\/wp\/v2\/pages\/71\/revisions\/733"}],"up":[{"embeddable":true,"href":"https:\/\/swissclinics.net\/de\/wp-json\/wp\/v2\/pages\/32"}],"wp:featuredmedia":[{"embeddable":true,"href":"https:\/\/swissclinics.net\/de\/wp-json\/wp\/v2\/media\/591"}],"wp:attachment":[{"href":"https:\/\/swissclinics.net\/de\/wp-json\/wp\/v2\/media?parent=71"}],"curies":[{"name":"wp","href":"https:\/\/api.w.org\/{rel}","templated":true}]}}