{"id":61,"date":"2016-06-04T19:13:41","date_gmt":"2016-06-04T17:13:41","guid":{"rendered":"http:\/\/swissclinics.net\/de\/?page_id=61"},"modified":"2017-07-04T09:38:52","modified_gmt":"2017-07-04T07:38:52","slug":"diabetes-zuckerkrankheit","status":"publish","type":"page","link":"https:\/\/swissclinics.net\/de\/behandlungen\/diabetes-zuckerkrankheit\/","title":{"rendered":"Diabetes (Zuckerkrankheit)"},"content":{"rendered":"<p><strong>Diabetes<\/strong> oder <strong>Zuckerkrankheit<\/strong> liegt vor, wenn der Blutzuckerspiegel langfristig zu hoch ist. Dies kann daran liegen, dass die Bauchspeicheldr\u00fcse (Pankreas) zu wenig Insulin produziert (Diabetes Typ 1), oder daran, dass die K\u00f6rperzellen unempfindlich gegen Insulin geworden sind (Diabetes Typ 2).<\/p>\n<p>Diabetes Typ 1 ist wahrscheinlich eine Autoimmunerkrankung als Folge einer Virusinfektion, bei der die Immunzellen die Inselzellen der Bauchspeicheldr\u00fcse zerst\u00f6ren. Typ 1 betrifft oft Jugendliche. Bei Typ 2 werden die Insulinrezeptoren der Bauchspeicheldr\u00fcse durch \u00fcberm\u00e4\u00dfige Kalorienzufuhr \u201ehinunterreguliert\u201c, d.h., es gibt zu wenig Rezeptoren f\u00fcr die Insulinwirkung. Aufgrund der \u00dcberern\u00e4hrung, vor allem mit Zucker, ist Diabetes Typ 2 zu einer Volkskrankheit der Industrienationen geworden.<\/p>\n<p>Wer an Diabetes erkrankt ist, hat ein erh\u00f6htes Risiko, Gef\u00e4\u00dfsch\u00e4den und Nervensch\u00e4den zu erleiden. Eine dauerhafte \u00dcberzuckerung des Blutes gef\u00e4hrdet alle Gef\u00e4\u00dfe, zuerst bemerkbar machen sich Symptome aber in der Regel bei den kleinen feinen Gef\u00e4\u00dfen am Auge, den Armen und Beinen und beim Mann am Penis. Die Sch\u00e4digung wird wahrscheinlich durch eine Zuckereinlagerung (Glykosylierung) in die Gef\u00e4\u00dfwand bzw. die Wand der Nervenzellen verursacht.<\/p>\n<p>Die gesch\u00e4digten Gef\u00e4\u00dfe verursachen eine Unterversorgung der jeweiligen Organe, eine Minderleistung bis hin zum kompletten Ausfall der Organleistung sind die Folge. Diese Unterversorgung gepaart mit einer f\u00fcr Diabetes typischen Nervensch\u00e4digung spielt beim diabetischen Fu\u00dfsyndrom eine gro\u00dfe Rolle. Der unterversorgte und schmerzunempfindliche Fu\u00df sp\u00fcrt den Stein im Schuh nicht, es kommt zu einer Blase mit Wundheilungsst\u00f6rung, die sich so sehr verschlimmern kann, dass sogar eine Amputation die letzte Behandlungsm\u00f6glichkeit sein kann.<\/p>\n<h2>Behandlung von Diabetes<\/h2>\n<p>Diabetes Typ 1: Je nach Grad der Zerst\u00f6rung der Inselzellen der Bauchspeicheldr\u00fcse erfolgt eine Substitutionstherapie mit Insulin. Solange die Entz\u00fcndung der Bauchspeicheldr\u00fcse andauert, ist zus\u00e4tzlich meist eine antientz\u00fcndliche Therapie notwendig. Au\u00dferdem kann eine Therapie mit mesenchymalen Stammzellen erfolgen.<\/p>\n<p>Diabetes Typ 2: Die Therapie erfolgt vor allem durch Gewichtsreduktion, kalorienreduzierte Ern\u00e4hrung (in Kriegs- und Hungerzeiten gibt es keinen Diabetes) und Verzicht auf Zucker. Unterst\u00fctzend k\u00f6nnen blutzuckersenkende Medikamente wie Metformin, Alpha-Lipons\u00e4ure und eventuell Insulin zur Absenkung des Blutzuckerspiegels zur Anwendung gelangen. Auch eine Therapie mit mesenchymalen Stammzellen ist m\u00f6glich.<\/p>\n<h2>Stammzelltherapie bei Diabetes<\/h2>\n<p>Mesenchymale Stammzellen (MSC) bzw. Stromal Vascular Fraction (SVF), gewonnen aus K\u00f6rperfett des Patienten, k\u00f6nnen bei Diabetes und seinen Folgeerkrankungen, wie Durchblutungsst\u00f6rungen in den Beinen, Nervensch\u00e4den, diabetischen Geschw\u00fcren etc., eingesetzt werden. Stammzellen gelten als Vorl\u00e4uferzellen aller fertigen Zellen im K\u00f6rper. Heute wissen wir, dass die Wirkungsweise der mesenchymalen Stammzellen vor allem in der Modulation des Immunsystems und der Anregung der Regeneration von Geweben und Blutgef\u00e4\u00dfen durch Zytokine besteht. Da Diabetes sowohl eine entz\u00fcndliche, als auch eine degenerative Komponente aufweist, liegt der Einsatz von mesenchymalen Stammzellen zur Therapie nahe.<\/p>\n<p>Im Rahmen der Behandlung wird zuerst eine kleine Menge K\u00f6rperfett des Patienten abgesaugt. Die daraus gewonnenen mesenchymalen Stammzellen werden in betroffene Bereiche des K\u00f6rpers injiziert bzw. systemisch verabreicht. Studien belegen mittlerweile, dass durch eine Stammzellbehandlung eine Besserung der Durchblutungsst\u00f6rungen erreicht und das Abheilen diabetischer Geschw\u00fcre gef\u00f6rdert werden kann.<\/p>\n<p>Mit k\u00f6rpereigenen Stammzellen lassen sich gezielt Probleme wie diabetische Beine, erektile Dysfunktion und andere Unterversorgungen von Gewebe mit Blut beziehungsweise deren Symptome behandeln. In Studien zu diabetischen Beinen, die kurz vor der Amputation standen, zeigte sich die Wirksamkeit von Stammzellen. Die untersuchten Beine konnten zum gro\u00dfen Teil erhalten werden, denn die verabreichten Stammzellen bewirkten eine ausreichende Neubildung von Blutgef\u00e4\u00dfen.<\/p>\n","protected":false},"excerpt":{"rendered":"<p>Diabetes oder Zuckerkrankheit liegt vor, wenn der Blutzuckerspiegel langfristig zu hoch ist. Dies kann daran liegen, dass die Bauchspeicheldr\u00fcse (Pankreas) zu wenig Insulin produziert (Diabetes Typ 1), oder daran, dass die K\u00f6rperzellen unempfindlich gegen Insulin geworden sind (Diabetes Typ 2). Diabetes Typ 1 ist wahrscheinlich eine Autoimmunerkrankung als Folge einer Virusinfektion, bei der die Immunzellen\u2026<span class=\"moretag-separator\">&nbsp;\u00b7 <\/span><a class=\"moretag\" href=\"https:\/\/swissclinics.net\/de\/behandlungen\/diabetes-zuckerkrankheit\/\">Weiterlesen&nbsp;\u00bb<\/a><\/p>\n","protected":false},"author":9,"featured_media":0,"parent":32,"menu_order":0,"comment_status":"closed","ping_status":"closed","template":"","meta":{"footnotes":""},"class_list":["post-61","page","type-page","status-publish","hentry"],"yoast_head":"<!-- This site is optimized with the Yoast SEO plugin v27.2 - https:\/\/yoast.com\/product\/yoast-seo-wordpress\/ -->\n<title>Behandlung von Diabetes (Zuckerkrankheit) &#183; Swiss Clinics<\/title>\n<meta name=\"description\" content=\"Behandlungsm\u00f6glichkeiten f\u00fcr Diabetes (Zuckerkrankheit) durch Stammzelltherapie mit Stammzellen aus dem K\u00f6rperfett (SVF) des Patienten und Medikamenten.\" \/>\n<meta name=\"robots\" content=\"index, follow, max-snippet:-1, max-image-preview:large, max-video-preview:-1\" \/>\n<link rel=\"canonical\" href=\"https:\/\/swissclinics.net\/de\/behandlungen\/diabetes-zuckerkrankheit\/\" \/>\n<meta property=\"og:locale\" content=\"de_DE\" \/>\n<meta property=\"og:type\" content=\"article\" \/>\n<meta property=\"og:title\" content=\"Behandlung von Diabetes (Zuckerkrankheit) &#183; Swiss Clinics\" \/>\n<meta property=\"og:description\" content=\"Behandlungsm\u00f6glichkeiten f\u00fcr Diabetes (Zuckerkrankheit) durch Stammzelltherapie mit Stammzellen aus dem K\u00f6rperfett (SVF) des Patienten und Medikamenten.\" \/>\n<meta property=\"og:url\" content=\"https:\/\/swissclinics.net\/de\/behandlungen\/diabetes-zuckerkrankheit\/\" \/>\n<meta property=\"og:site_name\" content=\"Swiss Clinics\" \/>\n<meta property=\"article:publisher\" content=\"https:\/\/www.facebook.com\/swissclinics\/\" \/>\n<meta property=\"article:modified_time\" content=\"2017-07-04T07:38:52+00:00\" \/>\n<meta name=\"twitter:card\" content=\"summary_large_image\" \/>\n<meta name=\"twitter:label1\" content=\"Gesch\u00e4tzte Lesezeit\" \/>\n\t<meta name=\"twitter:data1\" content=\"3\u00a0Minuten\" \/>\n<script type=\"application\/ld+json\" class=\"yoast-schema-graph\">{\"@context\":\"https:\/\/schema.org\",\"@graph\":[{\"@type\":\"WebPage\",\"@id\":\"https:\/\/swissclinics.net\/de\/behandlungen\/diabetes-zuckerkrankheit\/\",\"url\":\"https:\/\/swissclinics.net\/de\/behandlungen\/diabetes-zuckerkrankheit\/\",\"name\":\"Behandlung von Diabetes (Zuckerkrankheit) &#183; Swiss Clinics\",\"isPartOf\":{\"@id\":\"https:\/\/swissclinics.net\/de\/#website\"},\"datePublished\":\"2016-06-04T17:13:41+00:00\",\"dateModified\":\"2017-07-04T07:38:52+00:00\",\"description\":\"Behandlungsm\u00f6glichkeiten f\u00fcr Diabetes (Zuckerkrankheit) durch Stammzelltherapie mit Stammzellen aus dem K\u00f6rperfett (SVF) des Patienten und Medikamenten.\",\"breadcrumb\":{\"@id\":\"https:\/\/swissclinics.net\/de\/behandlungen\/diabetes-zuckerkrankheit\/#breadcrumb\"},\"inLanguage\":\"de\",\"potentialAction\":[{\"@type\":\"ReadAction\",\"target\":[\"https:\/\/swissclinics.net\/de\/behandlungen\/diabetes-zuckerkrankheit\/\"]}]},{\"@type\":\"BreadcrumbList\",\"@id\":\"https:\/\/swissclinics.net\/de\/behandlungen\/diabetes-zuckerkrankheit\/#breadcrumb\",\"itemListElement\":[{\"@type\":\"ListItem\",\"position\":1,\"name\":\"Home\",\"item\":\"https:\/\/swissclinics.net\/de\/\"},{\"@type\":\"ListItem\",\"position\":2,\"name\":\"Behandlungen\",\"item\":\"https:\/\/swissclinics.net\/de\/behandlungen\/\"},{\"@type\":\"ListItem\",\"position\":3,\"name\":\"Diabetes (Zuckerkrankheit)\"}]},{\"@type\":\"WebSite\",\"@id\":\"https:\/\/swissclinics.net\/de\/#website\",\"url\":\"https:\/\/swissclinics.net\/de\/\",\"name\":\"Swiss Clinics\",\"description\":\"Medizin mit Schweizer Qualit\u00e4t.\",\"potentialAction\":[{\"@type\":\"SearchAction\",\"target\":{\"@type\":\"EntryPoint\",\"urlTemplate\":\"https:\/\/swissclinics.net\/de\/?s={search_term_string}\"},\"query-input\":{\"@type\":\"PropertyValueSpecification\",\"valueRequired\":true,\"valueName\":\"search_term_string\"}}],\"inLanguage\":\"de\"}]}<\/script>\n<!-- \/ Yoast SEO plugin. -->","yoast_head_json":{"title":"Behandlung von Diabetes (Zuckerkrankheit) &#183; Swiss Clinics","description":"Behandlungsm\u00f6glichkeiten f\u00fcr Diabetes (Zuckerkrankheit) durch Stammzelltherapie mit Stammzellen aus dem K\u00f6rperfett (SVF) des Patienten und Medikamenten.","robots":{"index":"index","follow":"follow","max-snippet":"max-snippet:-1","max-image-preview":"max-image-preview:large","max-video-preview":"max-video-preview:-1"},"canonical":"https:\/\/swissclinics.net\/de\/behandlungen\/diabetes-zuckerkrankheit\/","og_locale":"de_DE","og_type":"article","og_title":"Behandlung von Diabetes (Zuckerkrankheit) &#183; Swiss Clinics","og_description":"Behandlungsm\u00f6glichkeiten f\u00fcr Diabetes (Zuckerkrankheit) durch Stammzelltherapie mit Stammzellen aus dem K\u00f6rperfett (SVF) des Patienten und Medikamenten.","og_url":"https:\/\/swissclinics.net\/de\/behandlungen\/diabetes-zuckerkrankheit\/","og_site_name":"Swiss Clinics","article_publisher":"https:\/\/www.facebook.com\/swissclinics\/","article_modified_time":"2017-07-04T07:38:52+00:00","twitter_card":"summary_large_image","twitter_misc":{"Gesch\u00e4tzte Lesezeit":"3\u00a0Minuten"},"schema":{"@context":"https:\/\/schema.org","@graph":[{"@type":"WebPage","@id":"https:\/\/swissclinics.net\/de\/behandlungen\/diabetes-zuckerkrankheit\/","url":"https:\/\/swissclinics.net\/de\/behandlungen\/diabetes-zuckerkrankheit\/","name":"Behandlung von Diabetes (Zuckerkrankheit) &#183; Swiss Clinics","isPartOf":{"@id":"https:\/\/swissclinics.net\/de\/#website"},"datePublished":"2016-06-04T17:13:41+00:00","dateModified":"2017-07-04T07:38:52+00:00","description":"Behandlungsm\u00f6glichkeiten f\u00fcr Diabetes (Zuckerkrankheit) durch Stammzelltherapie mit Stammzellen aus dem K\u00f6rperfett (SVF) des Patienten und Medikamenten.","breadcrumb":{"@id":"https:\/\/swissclinics.net\/de\/behandlungen\/diabetes-zuckerkrankheit\/#breadcrumb"},"inLanguage":"de","potentialAction":[{"@type":"ReadAction","target":["https:\/\/swissclinics.net\/de\/behandlungen\/diabetes-zuckerkrankheit\/"]}]},{"@type":"BreadcrumbList","@id":"https:\/\/swissclinics.net\/de\/behandlungen\/diabetes-zuckerkrankheit\/#breadcrumb","itemListElement":[{"@type":"ListItem","position":1,"name":"Home","item":"https:\/\/swissclinics.net\/de\/"},{"@type":"ListItem","position":2,"name":"Behandlungen","item":"https:\/\/swissclinics.net\/de\/behandlungen\/"},{"@type":"ListItem","position":3,"name":"Diabetes (Zuckerkrankheit)"}]},{"@type":"WebSite","@id":"https:\/\/swissclinics.net\/de\/#website","url":"https:\/\/swissclinics.net\/de\/","name":"Swiss Clinics","description":"Medizin mit Schweizer Qualit\u00e4t.","potentialAction":[{"@type":"SearchAction","target":{"@type":"EntryPoint","urlTemplate":"https:\/\/swissclinics.net\/de\/?s={search_term_string}"},"query-input":{"@type":"PropertyValueSpecification","valueRequired":true,"valueName":"search_term_string"}}],"inLanguage":"de"}]}},"_links":{"self":[{"href":"https:\/\/swissclinics.net\/de\/wp-json\/wp\/v2\/pages\/61","targetHints":{"allow":["GET"]}}],"collection":[{"href":"https:\/\/swissclinics.net\/de\/wp-json\/wp\/v2\/pages"}],"about":[{"href":"https:\/\/swissclinics.net\/de\/wp-json\/wp\/v2\/types\/page"}],"author":[{"embeddable":true,"href":"https:\/\/swissclinics.net\/de\/wp-json\/wp\/v2\/users\/9"}],"replies":[{"embeddable":true,"href":"https:\/\/swissclinics.net\/de\/wp-json\/wp\/v2\/comments?post=61"}],"version-history":[{"count":10,"href":"https:\/\/swissclinics.net\/de\/wp-json\/wp\/v2\/pages\/61\/revisions"}],"predecessor-version":[{"id":739,"href":"https:\/\/swissclinics.net\/de\/wp-json\/wp\/v2\/pages\/61\/revisions\/739"}],"up":[{"embeddable":true,"href":"https:\/\/swissclinics.net\/de\/wp-json\/wp\/v2\/pages\/32"}],"wp:attachment":[{"href":"https:\/\/swissclinics.net\/de\/wp-json\/wp\/v2\/media?parent=61"}],"curies":[{"name":"wp","href":"https:\/\/api.w.org\/{rel}","templated":true}]}}