{"id":604,"date":"2017-02-26T01:56:43","date_gmt":"2017-02-26T00:56:43","guid":{"rendered":"https:\/\/swissclinics.net\/de\/?page_id=604"},"modified":"2017-07-02T23:42:40","modified_gmt":"2017-07-02T21:42:40","slug":"aerzte-kliniken","status":"publish","type":"page","link":"https:\/\/swissclinics.net\/de\/aerzte-kliniken\/","title":{"rendered":"\u00c4rzte und Kliniken"},"content":{"rendered":"<p>Im Gegensatz zu anderen Medizinportalen vermietet Swiss Clinics keine Werbefl\u00e4chen an \u00c4rzte oder Spit\u00e4ler. Unsere Werbefl\u00e4chen k\u00f6nnen ausschlie\u00dflich von medizintouristischen Regionen gemietet werden. Nach unserer Auffassung ist dies ethischer und f\u00fcr den Patienten zielf\u00fchrender. Der Patient kann anhand eines bezahlten Inserats nicht beurteilen, ob der\/die betreffende Arzt\/Klinik f\u00fcr sein Problem qualifiziert ist oder nur eine hochdotierte Marketingabteilung hat.<\/p>\n<p>Wenn Sie nach renommierten \u00c4rzten und Kliniken suchen, die sich Schweizer Qualit\u00e4tsanspruch verpflichtet haben, stellen Sie bitte eine Anfrage mit Angabe Ihres Problems und evtl. des bevorzugten Landes, in dem Sie Ihre Behandlung vornehmen lassen m\u00f6chten. Unsere erfahrenen \u00c4rzte schlagen Ihnen die unseres Erachtens optimalen \u00c4rzte bzw. Kliniken in den jeweiligen Regionen vor.<\/p>\n<p><a class=\"action\" href=\"https:\/\/swissclinics.net\/de\/kontakt\/\">Kontaktieren Sie uns mit Ihrem medizinischen Anliegen<\/a><\/p>\n","protected":false},"excerpt":{"rendered":"<p>Im Gegensatz zu anderen Medizinportalen vermietet Swiss Clinics keine Werbefl\u00e4chen an \u00c4rzte oder Spit\u00e4ler. Unsere Werbefl\u00e4chen k\u00f6nnen ausschlie\u00dflich von medizintouristischen Regionen gemietet werden. Nach unserer Auffassung ist dies ethischer und f\u00fcr den Patienten zielf\u00fchrender. Der Patient kann anhand eines bezahlten Inserats nicht beurteilen, ob der\/die betreffende Arzt\/Klinik f\u00fcr sein Problem qualifiziert ist oder nur eine\u2026<span class=\"moretag-separator\">&nbsp;\u00b7 <\/span><a class=\"moretag\" href=\"https:\/\/swissclinics.net\/de\/aerzte-kliniken\/\">Weiterlesen&nbsp;\u00bb<\/a><\/p>\n","protected":false},"author":9,"featured_media":629,"parent":0,"menu_order":0,"comment_status":"closed","ping_status":"closed","template":"","meta":{"footnotes":""},"class_list":["post-604","page","type-page","status-publish","has-post-thumbnail","hentry"],"yoast_head":"<!-- This site is optimized with the Yoast SEO plugin v27.4 - https:\/\/yoast.com\/product\/yoast-seo-wordpress\/ -->\n<title>\u00c4rzte und Kliniken f\u00fcr Ihr medizinisches Problem finden &#183; Swiss Clinics<\/title>\n<meta name=\"description\" content=\"Swiss Clinics hilft Ihnen, f\u00fcr verschiedenste medizinische Anliegen \u00c4rzte und Kliniken weltweit zu finden, die sich Schweizer Qualit\u00e4t verpflichtet haben.\" \/>\n<meta name=\"robots\" content=\"index, follow, max-snippet:-1, max-image-preview:large, max-video-preview:-1\" \/>\n<link rel=\"canonical\" href=\"https:\/\/swissclinics.net\/de\/aerzte-kliniken\/\" \/>\n<meta property=\"og:locale\" content=\"de_DE\" \/>\n<meta property=\"og:type\" content=\"article\" \/>\n<meta property=\"og:title\" content=\"\u00c4rzte und Kliniken f\u00fcr Ihr medizinisches Problem finden &#183; Swiss Clinics\" \/>\n<meta property=\"og:description\" content=\"Swiss Clinics hilft Ihnen, f\u00fcr verschiedenste medizinische Anliegen \u00c4rzte und Kliniken weltweit zu finden, die sich Schweizer Qualit\u00e4t verpflichtet haben.\" \/>\n<meta property=\"og:url\" content=\"https:\/\/swissclinics.net\/de\/aerzte-kliniken\/\" \/>\n<meta property=\"og:site_name\" content=\"Swiss Clinics\" \/>\n<meta property=\"article:publisher\" content=\"https:\/\/www.facebook.com\/swissclinics\/\" \/>\n<meta property=\"article:modified_time\" content=\"2017-07-02T21:42:40+00:00\" \/>\n<meta property=\"og:image\" content=\"https:\/\/swissclinics.net\/de\/wp-content\/uploads\/sites\/3\/aerzte-kliniken.jpg\" \/>\n\t<meta property=\"og:image:width\" content=\"640\" \/>\n\t<meta property=\"og:image:height\" content=\"480\" \/>\n\t<meta property=\"og:image:type\" content=\"image\/jpeg\" \/>\n<meta name=\"twitter:card\" content=\"summary_large_image\" \/>\n<meta name=\"twitter:label1\" content=\"Gesch\u00e4tzte Lesezeit\" \/>\n\t<meta name=\"twitter:data1\" content=\"1\u00a0Minute\" \/>\n<script type=\"application\/ld+json\" class=\"yoast-schema-graph\">{\"@context\":\"https:\\\/\\\/schema.org\",\"@graph\":[{\"@type\":\"WebPage\",\"@id\":\"https:\\\/\\\/swissclinics.net\\\/de\\\/aerzte-kliniken\\\/\",\"url\":\"https:\\\/\\\/swissclinics.net\\\/de\\\/aerzte-kliniken\\\/\",\"name\":\"\u00c4rzte und Kliniken f\u00fcr Ihr medizinisches Problem finden &#183; Swiss Clinics\",\"isPartOf\":{\"@id\":\"https:\\\/\\\/swissclinics.net\\\/de\\\/#website\"},\"primaryImageOfPage\":{\"@id\":\"https:\\\/\\\/swissclinics.net\\\/de\\\/aerzte-kliniken\\\/#primaryimage\"},\"image\":{\"@id\":\"https:\\\/\\\/swissclinics.net\\\/de\\\/aerzte-kliniken\\\/#primaryimage\"},\"thumbnailUrl\":\"https:\\\/\\\/swissclinics.net\\\/de\\\/wp-content\\\/uploads\\\/sites\\\/3\\\/aerzte-kliniken.jpg\",\"datePublished\":\"2017-02-26T00:56:43+00:00\",\"dateModified\":\"2017-07-02T21:42:40+00:00\",\"description\":\"Swiss Clinics hilft Ihnen, f\u00fcr verschiedenste medizinische Anliegen \u00c4rzte und Kliniken weltweit zu finden, die sich Schweizer Qualit\u00e4t verpflichtet haben.\",\"breadcrumb\":{\"@id\":\"https:\\\/\\\/swissclinics.net\\\/de\\\/aerzte-kliniken\\\/#breadcrumb\"},\"inLanguage\":\"de\",\"potentialAction\":[{\"@type\":\"ReadAction\",\"target\":[\"https:\\\/\\\/swissclinics.net\\\/de\\\/aerzte-kliniken\\\/\"]}]},{\"@type\":\"ImageObject\",\"inLanguage\":\"de\",\"@id\":\"https:\\\/\\\/swissclinics.net\\\/de\\\/aerzte-kliniken\\\/#primaryimage\",\"url\":\"https:\\\/\\\/swissclinics.net\\\/de\\\/wp-content\\\/uploads\\\/sites\\\/3\\\/aerzte-kliniken.jpg\",\"contentUrl\":\"https:\\\/\\\/swissclinics.net\\\/de\\\/wp-content\\\/uploads\\\/sites\\\/3\\\/aerzte-kliniken.jpg\",\"width\":640,\"height\":480},{\"@type\":\"BreadcrumbList\",\"@id\":\"https:\\\/\\\/swissclinics.net\\\/de\\\/aerzte-kliniken\\\/#breadcrumb\",\"itemListElement\":[{\"@type\":\"ListItem\",\"position\":1,\"name\":\"Home\",\"item\":\"https:\\\/\\\/swissclinics.net\\\/de\\\/\"},{\"@type\":\"ListItem\",\"position\":2,\"name\":\"\u00c4rzte und Kliniken\"}]},{\"@type\":\"WebSite\",\"@id\":\"https:\\\/\\\/swissclinics.net\\\/de\\\/#website\",\"url\":\"https:\\\/\\\/swissclinics.net\\\/de\\\/\",\"name\":\"Swiss Clinics\",\"description\":\"Medizin mit Schweizer Qualit\u00e4t.\",\"potentialAction\":[{\"@type\":\"SearchAction\",\"target\":{\"@type\":\"EntryPoint\",\"urlTemplate\":\"https:\\\/\\\/swissclinics.net\\\/de\\\/?s={search_term_string}\"},\"query-input\":{\"@type\":\"PropertyValueSpecification\",\"valueRequired\":true,\"valueName\":\"search_term_string\"}}],\"inLanguage\":\"de\"}]}<\/script>\n<!-- \/ Yoast SEO plugin. -->","yoast_head_json":{"title":"\u00c4rzte und Kliniken f\u00fcr Ihr medizinisches Problem finden &#183; Swiss Clinics","description":"Swiss Clinics hilft Ihnen, f\u00fcr verschiedenste medizinische Anliegen \u00c4rzte und Kliniken weltweit zu finden, die sich Schweizer Qualit\u00e4t verpflichtet haben.","robots":{"index":"index","follow":"follow","max-snippet":"max-snippet:-1","max-image-preview":"max-image-preview:large","max-video-preview":"max-video-preview:-1"},"canonical":"https:\/\/swissclinics.net\/de\/aerzte-kliniken\/","og_locale":"de_DE","og_type":"article","og_title":"\u00c4rzte und Kliniken f\u00fcr Ihr medizinisches Problem finden &#183; Swiss Clinics","og_description":"Swiss Clinics hilft Ihnen, f\u00fcr verschiedenste medizinische Anliegen \u00c4rzte und Kliniken weltweit zu finden, die sich Schweizer Qualit\u00e4t verpflichtet haben.","og_url":"https:\/\/swissclinics.net\/de\/aerzte-kliniken\/","og_site_name":"Swiss Clinics","article_publisher":"https:\/\/www.facebook.com\/swissclinics\/","article_modified_time":"2017-07-02T21:42:40+00:00","og_image":[{"width":640,"height":480,"url":"https:\/\/swissclinics.net\/de\/wp-content\/uploads\/sites\/3\/aerzte-kliniken.jpg","type":"image\/jpeg"}],"twitter_card":"summary_large_image","twitter_misc":{"Gesch\u00e4tzte Lesezeit":"1\u00a0Minute"},"schema":{"@context":"https:\/\/schema.org","@graph":[{"@type":"WebPage","@id":"https:\/\/swissclinics.net\/de\/aerzte-kliniken\/","url":"https:\/\/swissclinics.net\/de\/aerzte-kliniken\/","name":"\u00c4rzte und Kliniken f\u00fcr Ihr medizinisches Problem finden &#183; Swiss Clinics","isPartOf":{"@id":"https:\/\/swissclinics.net\/de\/#website"},"primaryImageOfPage":{"@id":"https:\/\/swissclinics.net\/de\/aerzte-kliniken\/#primaryimage"},"image":{"@id":"https:\/\/swissclinics.net\/de\/aerzte-kliniken\/#primaryimage"},"thumbnailUrl":"https:\/\/swissclinics.net\/de\/wp-content\/uploads\/sites\/3\/aerzte-kliniken.jpg","datePublished":"2017-02-26T00:56:43+00:00","dateModified":"2017-07-02T21:42:40+00:00","description":"Swiss Clinics hilft Ihnen, f\u00fcr verschiedenste medizinische Anliegen \u00c4rzte und Kliniken weltweit zu finden, die sich Schweizer Qualit\u00e4t verpflichtet haben.","breadcrumb":{"@id":"https:\/\/swissclinics.net\/de\/aerzte-kliniken\/#breadcrumb"},"inLanguage":"de","potentialAction":[{"@type":"ReadAction","target":["https:\/\/swissclinics.net\/de\/aerzte-kliniken\/"]}]},{"@type":"ImageObject","inLanguage":"de","@id":"https:\/\/swissclinics.net\/de\/aerzte-kliniken\/#primaryimage","url":"https:\/\/swissclinics.net\/de\/wp-content\/uploads\/sites\/3\/aerzte-kliniken.jpg","contentUrl":"https:\/\/swissclinics.net\/de\/wp-content\/uploads\/sites\/3\/aerzte-kliniken.jpg","width":640,"height":480},{"@type":"BreadcrumbList","@id":"https:\/\/swissclinics.net\/de\/aerzte-kliniken\/#breadcrumb","itemListElement":[{"@type":"ListItem","position":1,"name":"Home","item":"https:\/\/swissclinics.net\/de\/"},{"@type":"ListItem","position":2,"name":"\u00c4rzte und Kliniken"}]},{"@type":"WebSite","@id":"https:\/\/swissclinics.net\/de\/#website","url":"https:\/\/swissclinics.net\/de\/","name":"Swiss Clinics","description":"Medizin mit Schweizer Qualit\u00e4t.","potentialAction":[{"@type":"SearchAction","target":{"@type":"EntryPoint","urlTemplate":"https:\/\/swissclinics.net\/de\/?s={search_term_string}"},"query-input":{"@type":"PropertyValueSpecification","valueRequired":true,"valueName":"search_term_string"}}],"inLanguage":"de"}]}},"_links":{"self":[{"href":"https:\/\/swissclinics.net\/de\/wp-json\/wp\/v2\/pages\/604","targetHints":{"allow":["GET"]}}],"collection":[{"href":"https:\/\/swissclinics.net\/de\/wp-json\/wp\/v2\/pages"}],"about":[{"href":"https:\/\/swissclinics.net\/de\/wp-json\/wp\/v2\/types\/page"}],"author":[{"embeddable":true,"href":"https:\/\/swissclinics.net\/de\/wp-json\/wp\/v2\/users\/9"}],"replies":[{"embeddable":true,"href":"https:\/\/swissclinics.net\/de\/wp-json\/wp\/v2\/comments?post=604"}],"version-history":[{"count":6,"href":"https:\/\/swissclinics.net\/de\/wp-json\/wp\/v2\/pages\/604\/revisions"}],"predecessor-version":[{"id":776,"href":"https:\/\/swissclinics.net\/de\/wp-json\/wp\/v2\/pages\/604\/revisions\/776"}],"wp:featuredmedia":[{"embeddable":true,"href":"https:\/\/swissclinics.net\/de\/wp-json\/wp\/v2\/media\/629"}],"wp:attachment":[{"href":"https:\/\/swissclinics.net\/de\/wp-json\/wp\/v2\/media?parent=604"}],"curies":[{"name":"wp","href":"https:\/\/api.w.org\/{rel}","templated":true}]}}