{"id":41,"date":"2016-06-03T15:30:59","date_gmt":"2016-06-03T13:30:59","guid":{"rendered":"http:\/\/swissclinics.net\/de\/?page_id=41"},"modified":"2017-07-11T17:36:41","modified_gmt":"2017-07-11T15:36:41","slug":"aesthetische-chirurgie","status":"publish","type":"page","link":"https:\/\/swissclinics.net\/de\/behandlungen\/aesthetische-chirurgie\/","title":{"rendered":"\u00c4sthetische Chirurgie"},"content":{"rendered":"<p>Es gibt unz\u00e4hlige verschiedene \u00e4sthetische Eingriffe und es gibt zahllose \u00c4rzte auf der Welt, die \u00e4sthetische Eingriffe anbieten. Zu den verbreitetsten Eingriffen und Behandlungen der \u00e4sthetischen Medizin geh\u00f6ren <a href=\"https:\/\/swissclinics.net\/de\/behandlungen\/fettabsaugung\/\">Fettabsaugungen<\/a>, <a href=\"https:\/\/swissclinics.net\/de\/behandlungen\/augenlidkorrektur\/\">Lidkorrekturen<\/a>, <a href=\"https:\/\/swissclinics.net\/de\/behandlungen\/brustvergroesserung\/\">Brustvergr\u00f6\u00dferungen<\/a>, <a href=\"https:\/\/swissclinics.net\/de\/behandlungen\/bauchdeckenstraffung\/\">Bauchstraffungen<\/a>, <a href=\"https:\/\/swissclinics.net\/de\/behandlungen\/haarausfall-alopezie\/\">Haartransplantationen<\/a>, <a href=\"https:\/\/swissclinics.net\/de\/behandlungen\/facelift\/\">Facelifts<\/a>, Unterspritzungen, Botox, Filler, Peelings, Laser, <a href=\"https:\/\/swissclinics.net\/de\/behandlungen\/venenbehandlungen\/\">Venenbehandlungen<\/a> etc. Wir helfen Ihnen, f\u00fcr Ihr \u00e4sthetisches Problem den idealen Arzt zu finden.<\/p>\n<h2>Behandelbare Zust\u00e4nde und Verfahren<\/h2>\n<div class=\"teasers small\"><section class=\"teaser\">\n  <a class=\"teaser-link\" href=\"https:\/\/swissclinics.net\/de\/behandlungen\/brustvergroesserung\/\">\n    <h3>Brustvergr\u00f6\u00dferung<\/h3>\n    <div class=\"teaser-image\">\n      <img loading=\"lazy\" decoding=\"async\" width=\"320\" height=\"212\" src=\"https:\/\/swissclinics.net\/de\/wp-content\/uploads\/sites\/3\/brustvergroesserung-320x212.jpg\" class=\"attachment-sadagi-medium size-sadagi-medium wp-post-image\" alt=\"\" srcset=\"https:\/\/swissclinics.net\/de\/wp-content\/uploads\/sites\/3\/brustvergroesserung-320x212.jpg 320w, https:\/\/swissclinics.net\/de\/wp-content\/uploads\/sites\/3\/brustvergroesserung-160x106.jpg 160w\" sizes=\"auto, (min-width: 754px) calc((672px - 6rem) \/ 3), (min-width: 370px) calc((100% - 6rem) \/ 3), calc(100% - 2rem)\" \/>\n    <\/div><\/a>\n  <\/section><section class=\"teaser\">\n  <a class=\"teaser-link\" href=\"https:\/\/swissclinics.net\/de\/behandlungen\/fettabsaugung\/\">\n    <h3>Fettabsaugung<\/h3>\n    <div class=\"teaser-image\">\n      <img loading=\"lazy\" decoding=\"async\" width=\"320\" height=\"212\" src=\"https:\/\/swissclinics.net\/de\/wp-content\/uploads\/sites\/3\/fettabsaugung-320x212.jpg\" class=\"attachment-sadagi-medium size-sadagi-medium wp-post-image\" alt=\"\" srcset=\"https:\/\/swissclinics.net\/de\/wp-content\/uploads\/sites\/3\/fettabsaugung-320x212.jpg 320w, https:\/\/swissclinics.net\/de\/wp-content\/uploads\/sites\/3\/fettabsaugung-160x106.jpg 160w\" sizes=\"auto, (min-width: 754px) calc((672px - 6rem) \/ 3), (min-width: 370px) calc((100% - 6rem) \/ 3), calc(100% - 2rem)\" \/>\n    <\/div><\/a>\n  <\/section><section class=\"teaser\">\n  <a class=\"teaser-link\" href=\"https:\/\/swissclinics.net\/de\/behandlungen\/facelift\/\">\n    <h3>Facelift<\/h3>\n    <div class=\"teaser-image\">\n      <img loading=\"lazy\" decoding=\"async\" width=\"320\" height=\"212\" src=\"https:\/\/swissclinics.net\/de\/wp-content\/uploads\/sites\/3\/facelift-320x212.jpg\" class=\"attachment-sadagi-medium size-sadagi-medium wp-post-image\" alt=\"\" srcset=\"https:\/\/swissclinics.net\/de\/wp-content\/uploads\/sites\/3\/facelift-320x212.jpg 320w, https:\/\/swissclinics.net\/de\/wp-content\/uploads\/sites\/3\/facelift-160x106.jpg 160w, https:\/\/swissclinics.net\/de\/wp-content\/uploads\/sites\/3\/facelift.jpg 640w\" sizes=\"auto, (min-width: 754px) calc((672px - 6rem) \/ 3), (min-width: 370px) calc((100% - 6rem) \/ 3), calc(100% - 2rem)\" \/>\n    <\/div><\/a>\n  <\/section><\/div>\n<h3>Alle \u00e4sthetischen Behandlungen<\/h3>\n<ul class=\"category-list\"><li><a href=\"https:\/\/swissclinics.net\/de\/behandlungen\/augenlidkorrektur\/\">Augenlidkorrektur<\/a><\/li><li><a href=\"https:\/\/swissclinics.net\/de\/behandlungen\/bauchdeckenstraffung\/\">Bauchdeckenstraffung<\/a><\/li><li><a href=\"https:\/\/swissclinics.net\/de\/bruststraffung\/\">Bruststraffung (Mastopexie)<\/a><\/li><li><a href=\"https:\/\/swissclinics.net\/de\/behandlungen\/brustvergroesserung\/\">Brustvergr\u00f6\u00dferung<\/a><\/li><li><a href=\"https:\/\/swissclinics.net\/de\/behandlungen\/brustverkleinerung\/\">Brustverkleinerung<\/a><\/li><li><a href=\"https:\/\/swissclinics.net\/de\/behandlungen\/facelift\/\">Facelift<\/a><\/li><li><a href=\"https:\/\/swissclinics.net\/de\/behandlungen\/fettabsaugung\/\">Fettabsaugung<\/a><\/li><li><a href=\"https:\/\/swissclinics.net\/de\/behandlungen\/gynaekomastie-lipomastie\/\">Gyn\u00e4komastie und Lipomastie<\/a><\/li><li><a href=\"https:\/\/swissclinics.net\/de\/behandlungen\/haarausfall-alopezie\/\">Haarausfall (Alopezie)<\/a><\/li><li><a href=\"https:\/\/swissclinics.net\/de\/behandlungen\/kinnkorrektur\/\">Kinnkorrektur<\/a><\/li><li><a href=\"https:\/\/swissclinics.net\/de\/behandlungen\/lippenplastik\/\">Lippenplastik<\/a><\/li><li><a href=\"https:\/\/swissclinics.net\/de\/behandlungen\/oberarmstraffung\/\">Oberarmstraffung<\/a><\/li><li><a href=\"https:\/\/swissclinics.net\/de\/behandlungen\/ohranlegeplastik\/\">Ohranlegeplastik<\/a><\/li><li><a href=\"https:\/\/swissclinics.net\/de\/behandlungen\/venenbehandlungen\/\">Venenbehandlungen<\/a><\/li><li><a href=\"https:\/\/swissclinics.net\/de\/behandlungen\/wundheilungsstoerung\/\">Wundheilungsst\u00f6rung<\/a><\/li><\/ul>\n","protected":false},"excerpt":{"rendered":"<p>Es gibt unz\u00e4hlige verschiedene \u00e4sthetische Eingriffe und es gibt zahllose \u00c4rzte auf der Welt, die \u00e4sthetische Eingriffe anbieten. Zu den verbreitetsten Eingriffen und Behandlungen der \u00e4sthetischen Medizin geh\u00f6ren Fettabsaugungen, Lidkorrekturen, Brustvergr\u00f6\u00dferungen, Bauchstraffungen, Haartransplantationen, Facelifts, Unterspritzungen, Botox, Filler, Peelings, Laser, Venenbehandlungen etc. Wir helfen Ihnen, f\u00fcr Ihr \u00e4sthetisches Problem den idealen Arzt zu finden. Behandelbare Zust\u00e4nde\u2026<span class=\"moretag-separator\">&nbsp;\u00b7 <\/span><a class=\"moretag\" href=\"https:\/\/swissclinics.net\/de\/behandlungen\/wundheilungsstoerung\/\">Weiterlesen&nbsp;\u00bb<\/a><\/p>\n","protected":false},"author":9,"featured_media":583,"parent":32,"menu_order":0,"comment_status":"closed","ping_status":"closed","template":"","meta":{"footnotes":""},"class_list":["post-41","page","type-page","status-publish","has-post-thumbnail","hentry"],"yoast_head":"<!-- This site is optimized with the Yoast SEO plugin v27.4 - https:\/\/yoast.com\/product\/yoast-seo-wordpress\/ -->\n<title>\u00c4sthetische Chirurgie: Sanfte Optimierung des K\u00f6rpers &#183; Swiss Clinics<\/title>\n<meta name=\"description\" content=\"Brustvergr\u00f6\u00dferung, Fettabsaugung, Facelift, Bauchdeckenstraffung und \u00e4sthetische Stammzellbehandlungen optimieren, verj\u00fcngen und regenerieren den K\u00f6rper.\" \/>\n<meta name=\"robots\" content=\"index, follow, max-snippet:-1, max-image-preview:large, max-video-preview:-1\" \/>\n<link rel=\"canonical\" href=\"https:\/\/swissclinics.net\/de\/behandlungen\/aesthetische-chirurgie\/\" \/>\n<meta property=\"og:locale\" content=\"de_DE\" \/>\n<meta property=\"og:type\" content=\"article\" \/>\n<meta property=\"og:title\" content=\"\u00c4sthetische Chirurgie: Sanfte Optimierung des K\u00f6rpers &#183; Swiss Clinics\" \/>\n<meta property=\"og:description\" content=\"Brustvergr\u00f6\u00dferung, Fettabsaugung, Facelift, Bauchdeckenstraffung und \u00e4sthetische Stammzellbehandlungen optimieren, verj\u00fcngen und regenerieren den K\u00f6rper.\" \/>\n<meta property=\"og:url\" content=\"https:\/\/swissclinics.net\/de\/behandlungen\/aesthetische-chirurgie\/\" \/>\n<meta property=\"og:site_name\" content=\"Swiss Clinics\" \/>\n<meta property=\"article:publisher\" content=\"https:\/\/www.facebook.com\/swissclinics\/\" \/>\n<meta property=\"article:modified_time\" content=\"2017-07-11T15:36:41+00:00\" \/>\n<meta property=\"og:image\" content=\"https:\/\/swissclinics.net\/de\/wp-content\/uploads\/sites\/3\/aesthetische-chirurgie.jpg\" \/>\n\t<meta property=\"og:image:width\" content=\"640\" \/>\n\t<meta property=\"og:image:height\" content=\"480\" \/>\n\t<meta property=\"og:image:type\" content=\"image\/jpeg\" \/>\n<meta name=\"twitter:card\" content=\"summary_large_image\" \/>\n<script type=\"application\/ld+json\" class=\"yoast-schema-graph\">{\"@context\":\"https:\\\/\\\/schema.org\",\"@graph\":[{\"@type\":\"WebPage\",\"@id\":\"https:\\\/\\\/swissclinics.net\\\/de\\\/behandlungen\\\/aesthetische-chirurgie\\\/\",\"url\":\"https:\\\/\\\/swissclinics.net\\\/de\\\/behandlungen\\\/aesthetische-chirurgie\\\/\",\"name\":\"\u00c4sthetische Chirurgie: Sanfte Optimierung des K\u00f6rpers &#183; Swiss Clinics\",\"isPartOf\":{\"@id\":\"https:\\\/\\\/swissclinics.net\\\/de\\\/#website\"},\"primaryImageOfPage\":{\"@id\":\"https:\\\/\\\/swissclinics.net\\\/de\\\/behandlungen\\\/aesthetische-chirurgie\\\/#primaryimage\"},\"image\":{\"@id\":\"https:\\\/\\\/swissclinics.net\\\/de\\\/behandlungen\\\/aesthetische-chirurgie\\\/#primaryimage\"},\"thumbnailUrl\":\"https:\\\/\\\/swissclinics.net\\\/de\\\/wp-content\\\/uploads\\\/sites\\\/3\\\/aesthetische-chirurgie.jpg\",\"datePublished\":\"2016-06-03T13:30:59+00:00\",\"dateModified\":\"2017-07-11T15:36:41+00:00\",\"description\":\"Brustvergr\u00f6\u00dferung, Fettabsaugung, Facelift, Bauchdeckenstraffung und \u00e4sthetische Stammzellbehandlungen optimieren, verj\u00fcngen und regenerieren den K\u00f6rper.\",\"breadcrumb\":{\"@id\":\"https:\\\/\\\/swissclinics.net\\\/de\\\/behandlungen\\\/aesthetische-chirurgie\\\/#breadcrumb\"},\"inLanguage\":\"de\",\"potentialAction\":[{\"@type\":\"ReadAction\",\"target\":[\"https:\\\/\\\/swissclinics.net\\\/de\\\/behandlungen\\\/aesthetische-chirurgie\\\/\"]}]},{\"@type\":\"ImageObject\",\"inLanguage\":\"de\",\"@id\":\"https:\\\/\\\/swissclinics.net\\\/de\\\/behandlungen\\\/aesthetische-chirurgie\\\/#primaryimage\",\"url\":\"https:\\\/\\\/swissclinics.net\\\/de\\\/wp-content\\\/uploads\\\/sites\\\/3\\\/aesthetische-chirurgie.jpg\",\"contentUrl\":\"https:\\\/\\\/swissclinics.net\\\/de\\\/wp-content\\\/uploads\\\/sites\\\/3\\\/aesthetische-chirurgie.jpg\",\"width\":640,\"height\":480,\"caption\":\"\u00a9 PantherMedia\\\/Gamma\"},{\"@type\":\"BreadcrumbList\",\"@id\":\"https:\\\/\\\/swissclinics.net\\\/de\\\/behandlungen\\\/aesthetische-chirurgie\\\/#breadcrumb\",\"itemListElement\":[{\"@type\":\"ListItem\",\"position\":1,\"name\":\"Home\",\"item\":\"https:\\\/\\\/swissclinics.net\\\/de\\\/\"},{\"@type\":\"ListItem\",\"position\":2,\"name\":\"Behandlungen\",\"item\":\"https:\\\/\\\/swissclinics.net\\\/de\\\/behandlungen\\\/\"},{\"@type\":\"ListItem\",\"position\":3,\"name\":\"\u00c4sthetische Chirurgie\"}]},{\"@type\":\"WebSite\",\"@id\":\"https:\\\/\\\/swissclinics.net\\\/de\\\/#website\",\"url\":\"https:\\\/\\\/swissclinics.net\\\/de\\\/\",\"name\":\"Swiss Clinics\",\"description\":\"Medizin mit Schweizer Qualit\u00e4t.\",\"potentialAction\":[{\"@type\":\"SearchAction\",\"target\":{\"@type\":\"EntryPoint\",\"urlTemplate\":\"https:\\\/\\\/swissclinics.net\\\/de\\\/?s={search_term_string}\"},\"query-input\":{\"@type\":\"PropertyValueSpecification\",\"valueRequired\":true,\"valueName\":\"search_term_string\"}}],\"inLanguage\":\"de\"}]}<\/script>\n<!-- \/ Yoast SEO plugin. -->","yoast_head_json":{"title":"\u00c4sthetische Chirurgie: Sanfte Optimierung des K\u00f6rpers &#183; Swiss Clinics","description":"Brustvergr\u00f6\u00dferung, Fettabsaugung, Facelift, Bauchdeckenstraffung und \u00e4sthetische Stammzellbehandlungen optimieren, verj\u00fcngen und regenerieren den K\u00f6rper.","robots":{"index":"index","follow":"follow","max-snippet":"max-snippet:-1","max-image-preview":"max-image-preview:large","max-video-preview":"max-video-preview:-1"},"canonical":"https:\/\/swissclinics.net\/de\/behandlungen\/aesthetische-chirurgie\/","og_locale":"de_DE","og_type":"article","og_title":"\u00c4sthetische Chirurgie: Sanfte Optimierung des K\u00f6rpers &#183; Swiss Clinics","og_description":"Brustvergr\u00f6\u00dferung, Fettabsaugung, Facelift, Bauchdeckenstraffung und \u00e4sthetische Stammzellbehandlungen optimieren, verj\u00fcngen und regenerieren den K\u00f6rper.","og_url":"https:\/\/swissclinics.net\/de\/behandlungen\/aesthetische-chirurgie\/","og_site_name":"Swiss Clinics","article_publisher":"https:\/\/www.facebook.com\/swissclinics\/","article_modified_time":"2017-07-11T15:36:41+00:00","og_image":[{"width":640,"height":480,"url":"https:\/\/swissclinics.net\/de\/wp-content\/uploads\/sites\/3\/aesthetische-chirurgie.jpg","type":"image\/jpeg"}],"twitter_card":"summary_large_image","schema":{"@context":"https:\/\/schema.org","@graph":[{"@type":"WebPage","@id":"https:\/\/swissclinics.net\/de\/behandlungen\/aesthetische-chirurgie\/","url":"https:\/\/swissclinics.net\/de\/behandlungen\/aesthetische-chirurgie\/","name":"\u00c4sthetische Chirurgie: Sanfte Optimierung des K\u00f6rpers &#183; Swiss Clinics","isPartOf":{"@id":"https:\/\/swissclinics.net\/de\/#website"},"primaryImageOfPage":{"@id":"https:\/\/swissclinics.net\/de\/behandlungen\/aesthetische-chirurgie\/#primaryimage"},"image":{"@id":"https:\/\/swissclinics.net\/de\/behandlungen\/aesthetische-chirurgie\/#primaryimage"},"thumbnailUrl":"https:\/\/swissclinics.net\/de\/wp-content\/uploads\/sites\/3\/aesthetische-chirurgie.jpg","datePublished":"2016-06-03T13:30:59+00:00","dateModified":"2017-07-11T15:36:41+00:00","description":"Brustvergr\u00f6\u00dferung, Fettabsaugung, Facelift, Bauchdeckenstraffung und \u00e4sthetische Stammzellbehandlungen optimieren, verj\u00fcngen und regenerieren den K\u00f6rper.","breadcrumb":{"@id":"https:\/\/swissclinics.net\/de\/behandlungen\/aesthetische-chirurgie\/#breadcrumb"},"inLanguage":"de","potentialAction":[{"@type":"ReadAction","target":["https:\/\/swissclinics.net\/de\/behandlungen\/aesthetische-chirurgie\/"]}]},{"@type":"ImageObject","inLanguage":"de","@id":"https:\/\/swissclinics.net\/de\/behandlungen\/aesthetische-chirurgie\/#primaryimage","url":"https:\/\/swissclinics.net\/de\/wp-content\/uploads\/sites\/3\/aesthetische-chirurgie.jpg","contentUrl":"https:\/\/swissclinics.net\/de\/wp-content\/uploads\/sites\/3\/aesthetische-chirurgie.jpg","width":640,"height":480,"caption":"\u00a9 PantherMedia\/Gamma"},{"@type":"BreadcrumbList","@id":"https:\/\/swissclinics.net\/de\/behandlungen\/aesthetische-chirurgie\/#breadcrumb","itemListElement":[{"@type":"ListItem","position":1,"name":"Home","item":"https:\/\/swissclinics.net\/de\/"},{"@type":"ListItem","position":2,"name":"Behandlungen","item":"https:\/\/swissclinics.net\/de\/behandlungen\/"},{"@type":"ListItem","position":3,"name":"\u00c4sthetische Chirurgie"}]},{"@type":"WebSite","@id":"https:\/\/swissclinics.net\/de\/#website","url":"https:\/\/swissclinics.net\/de\/","name":"Swiss Clinics","description":"Medizin mit Schweizer Qualit\u00e4t.","potentialAction":[{"@type":"SearchAction","target":{"@type":"EntryPoint","urlTemplate":"https:\/\/swissclinics.net\/de\/?s={search_term_string}"},"query-input":{"@type":"PropertyValueSpecification","valueRequired":true,"valueName":"search_term_string"}}],"inLanguage":"de"}]}},"_links":{"self":[{"href":"https:\/\/swissclinics.net\/de\/wp-json\/wp\/v2\/pages\/41","targetHints":{"allow":["GET"]}}],"collection":[{"href":"https:\/\/swissclinics.net\/de\/wp-json\/wp\/v2\/pages"}],"about":[{"href":"https:\/\/swissclinics.net\/de\/wp-json\/wp\/v2\/types\/page"}],"author":[{"embeddable":true,"href":"https:\/\/swissclinics.net\/de\/wp-json\/wp\/v2\/users\/9"}],"replies":[{"embeddable":true,"href":"https:\/\/swissclinics.net\/de\/wp-json\/wp\/v2\/comments?post=41"}],"version-history":[{"count":17,"href":"https:\/\/swissclinics.net\/de\/wp-json\/wp\/v2\/pages\/41\/revisions"}],"predecessor-version":[{"id":687,"href":"https:\/\/swissclinics.net\/de\/wp-json\/wp\/v2\/pages\/41\/revisions\/687"}],"up":[{"embeddable":true,"href":"https:\/\/swissclinics.net\/de\/wp-json\/wp\/v2\/pages\/32"}],"wp:featuredmedia":[{"embeddable":true,"href":"https:\/\/swissclinics.net\/de\/wp-json\/wp\/v2\/media\/583"}],"wp:attachment":[{"href":"https:\/\/swissclinics.net\/de\/wp-json\/wp\/v2\/media?parent=41"}],"curies":[{"name":"wp","href":"https:\/\/api.w.org\/{rel}","templated":true}]}}