{"id":397,"date":"2017-02-07T13:33:44","date_gmt":"2017-02-07T12:33:44","guid":{"rendered":"https:\/\/swissclinics.net\/de\/?page_id=397"},"modified":"2017-07-04T10:36:41","modified_gmt":"2017-07-04T08:36:41","slug":"lippenplastik","status":"publish","type":"page","link":"https:\/\/swissclinics.net\/de\/behandlungen\/lippenplastik\/","title":{"rendered":"Lippenplastik"},"content":{"rendered":"<p>Die <strong>Lippenplastik<\/strong>, auch <strong>Cheiloplastik<\/strong> genannt, dient der \u00e4sthetischen Ver\u00e4nderung oder Rekonstruktion der Lippen. Sie umfasst unterschiedliche Eingriffe wie die&nbsp;<strong>Lippenvergr\u00f6\u00dferung<\/strong>, die <strong>Lippenverkleinerung<\/strong> und das <strong>Liplift<\/strong>. Neben chirurgischen Verfahren gibt es auch nichtchirurgische Behandlungen mit Fillern. Die meisten Patienten unterziehen sich aus rein optischen Gr\u00fcnden einem Eingriff dieser Art. Eine gesundheitliche Indikation w\u00e4re die Korrektur einer Lippen-Kiefer-Gaumen-Spalte.<\/p>\n<p>F\u00fcr eine Lippenplastik entscheiden sich in erster Linie Frauen, die unzufrieden mit Form oder Gr\u00f6\u00dfe ihrer Lippen sind. Wie die Lippen aussehen, h\u00e4ngt nicht nur von genetischen Faktoren ab, sondern auch vom Alter. Mit den Jahren kommt es zu einem Volumsverlust, der zur typischen Verschm\u00e4lerung des Lippenrots und Falten rund um die Mundpartie f\u00fchrt.<\/p>\n<p>Ob genetisch oder altersbedingt, viele Betroffene w\u00fcnschen sich volle, symmetrische Lippen, da diese in der westlichen Kultur f\u00fcr jugendliche Sinnlichkeit stehen. Die Aufpolsterung der Lippen z\u00e4hlt zu den h\u00e4ufigsten \u00e4sthetischen Behandlungen und kann auf unterschiedliche Weise erfolgen. H\u00e4ufig kommen k\u00fcnstliche F\u00fcllmaterialien zur Anwendung, die Vergr\u00f6\u00dferung der Lippen kann aber auch mit k\u00f6rpereigenem Fett erfolgen. Au\u00dferdem besteht die M\u00f6glichkeit, chirurgisch Implantate in die Lippe einzusetzen.<\/p>\n<h2>Lippenvergr\u00f6\u00dferung mit k\u00fcnstlichen Fillern<\/h2>\n<p>Eine Aufpolsterung mit k\u00fcnstlichen F\u00fcllmaterialien ist mit wenig Aufwand verbunden. Unter \u00f6rtlicher Bet\u00e4ubung wird der Patientin in den meisten F\u00e4llen Hyalurons\u00e4ure etwas oberhalb des Lippenrots injiziert, um das Gewebe aufzuf\u00fcllen. F\u00fcr ein dauerhaftes Ergebnis muss die Behandlung allerdings regelm\u00e4\u00dfig wiederholt werden, da Hyalurons\u00e4ure vom K\u00f6rper nach kurzer Zeit abgebaut wird.<\/p>\n<p>Eine dauerhafte L\u00f6sung stellt die Injektion von nicht-resorbierbaren, also permanenten Fillern dar. Als F\u00fcllmaterial dienen hier Silikonpr\u00e4parate, die vom K\u00f6rper in manchen F\u00e4llen jedoch nicht aufgenommen werden k\u00f6nnen und dann im Nachhinein im Rahmen eines operativen Eingriffes wieder entfernt werden m\u00fcssen. Diese Methode ist heutzutage immer noch weit verbreitet, obwohl sie mit einem hohen Absto\u00dfungsrisiko des Materials verbunden ist.<\/p>\n<h2>Lippenvergr\u00f6\u00dferung mit Eigenfett (Lipofilling)<\/h2>\n<p>Eigenfett wird heute bereits an vielen K\u00f6rperregionen zum Auff\u00fcllen von fehlendem Unterhautgewebe erfolgreich angewendet. Der Eingriff beginnt mit einer ambulant durchgef\u00fchrten Fettabsaugung mit Mikrokan\u00fclen in \u00f6rtlicher Bet\u00e4ubung. Das gewonnene Fett wird aufbereitet und anschlie\u00dfend mit feinen Injektionsnadeln in die zu formende Lippenpartie eingebracht.<\/p>\n<p>Das Ergebnis sind nat\u00fcrlich vergr\u00f6\u00dferte Lippen, jedoch sind auch hier Wiederholungen f\u00fcr ein dauerhaftes Resultat notwendig. Der Eingriff ist besonders schonend, da er auf Vollnarkose verzichtet und nur k\u00f6rpereigenes Gewebe zur Auff\u00fcllung der Lippen verwendet wird. Erfolgt die Vergr\u00f6\u00dferung mit stammzellangereichertem Eigenfett, reicht in der Regel ein Eingriff aus, um das gew\u00fcnschte Ergebnis zu erzielen.<\/p>\n<h2>Plastisch-chirurgische Lippenvergr\u00f6\u00dferung<\/h2>\n<p>Chirurgische Eingriffe zur Vergr\u00f6\u00dferung der Lippen werden \u00fcblicherweise in Vollnarkose durchgef\u00fchrt. Ein Implantat aus Kunststoff oder Silikon, \u00e4hnlich wie bei Brustvergr\u00f6\u00dferungen, wird durch einen Hautschnitt in die Lippenpartie eingesetzt und sorgt f\u00fcr dauerhaft vergr\u00f6\u00dferte Lippen.<\/p>\n<p>Aufgrund der starren Form des Implantats wird das Ergebnis jedoch h\u00e4ufig als recht unnat\u00fcrlich empfunden und die nat\u00fcrliche Bewegung der Lippen beim Sprechen kann beeintr\u00e4chtigt werden. Wie bei anderen k\u00f6rperfremden Materialien besteht das Risiko der Absto\u00dfung durch das Immunsystem. Die Hautschnitte mit dem Skalpell k\u00f6nnen kleine sichtbare Narben verursachen.<\/p>\n<p>Grunds\u00e4tzlich besteht auch die M\u00f6glichkeit, k\u00f6rpereigenes Gewebe wie etwa Haut zur Vergr\u00f6\u00dferung der Lippen zu einzusetzen. Diese Form der Lippenvergr\u00f6\u00dferung ist jedoch nur in bestimmten F\u00e4llen sinnvoll, da der Eingriff aufwendig.<\/p>\n<h2>Lippenvergr\u00f6\u00dferung und -verj\u00fcngung mittels Liplift<\/h2>\n<p>Das Liplift ist ein aufwendiges Verfahren, das der Lippenvergr\u00f6\u00dferung und gleichzeitig auch der Reduktion von Falten dient. Im Rahmen des Eingriffes wird ein Hautstreifen zwischen Nase und Oberlippenrand entfernt, um die Lippe zu \u201eheben\u201c. Mit einer Naht direkt unter der Nase sollen verbleibende Narben m\u00f6glichst versteckt gehalten bleiben. Im Gegensatz zu Fillern wie Hyalurons\u00e4ure ist das Ergebnis langfristig haltbar.<\/p>\n<h2>Lippenverkleinerung<\/h2>\n<p>Seltener besteht der Wunsch einer Lippenverkleinerung. Dabei wird in \u00f6rtlicher Bet\u00e4ubung ein St\u00fcck der Lippe entfernt und der Schnitt innerhalb des Mundes ohne von au\u00dfen sichtbare Narbe zugen\u00e4ht. Abh\u00e4ngig von der Form der zu verkleinernden Lippen kann auch an den Au\u00dfenseiten Gewebe entfernt werden \u2013 in diesem Fall besteht ein gr\u00f6\u00dferes Risiko bleibender Narbenbildung.<\/p>\n","protected":false},"excerpt":{"rendered":"<p>Die Lippenplastik, auch Cheiloplastik genannt, dient der \u00e4sthetischen Ver\u00e4nderung oder Rekonstruktion der Lippen. Sie umfasst unterschiedliche Eingriffe wie die&nbsp;Lippenvergr\u00f6\u00dferung, die Lippenverkleinerung und das Liplift. Neben chirurgischen Verfahren gibt es auch nichtchirurgische Behandlungen mit Fillern. Die meisten Patienten unterziehen sich aus rein optischen Gr\u00fcnden einem Eingriff dieser Art. Eine gesundheitliche Indikation w\u00e4re die Korrektur einer Lippen-Kiefer-Gaumen-Spalte.\u2026<span class=\"moretag-separator\">&nbsp;\u00b7 <\/span><a class=\"moretag\" href=\"https:\/\/swissclinics.net\/de\/behandlungen\/lippenplastik\/\">Weiterlesen&nbsp;\u00bb<\/a><\/p>\n","protected":false},"author":9,"featured_media":0,"parent":32,"menu_order":0,"comment_status":"closed","ping_status":"closed","template":"","meta":{"footnotes":""},"class_list":["post-397","page","type-page","status-publish","hentry"],"yoast_head":"<!-- This site is optimized with the Yoast SEO plugin v27.2 - https:\/\/yoast.com\/product\/yoast-seo-wordpress\/ -->\n<title>Lippenvergr\u00f6\u00dferung und Lippenverkleinerung &#183; Swiss Clinics<\/title>\n<meta name=\"description\" content=\"Zu feine oder prominente Lippen k\u00f6nnen durch chirurgische Vergr\u00f6\u00dferung oder Eigenfett-Injektion bzw. Verkleinerungsoperation korrigiert werden.\" \/>\n<meta name=\"robots\" content=\"index, follow, max-snippet:-1, max-image-preview:large, max-video-preview:-1\" \/>\n<link rel=\"canonical\" href=\"https:\/\/swissclinics.net\/de\/behandlungen\/lippenplastik\/\" \/>\n<meta property=\"og:locale\" content=\"de_DE\" \/>\n<meta property=\"og:type\" content=\"article\" \/>\n<meta property=\"og:title\" content=\"Lippenvergr\u00f6\u00dferung und Lippenverkleinerung &#183; Swiss Clinics\" \/>\n<meta property=\"og:description\" content=\"Zu feine oder prominente Lippen k\u00f6nnen durch chirurgische Vergr\u00f6\u00dferung oder Eigenfett-Injektion bzw. Verkleinerungsoperation korrigiert werden.\" \/>\n<meta property=\"og:url\" content=\"https:\/\/swissclinics.net\/de\/behandlungen\/lippenplastik\/\" \/>\n<meta property=\"og:site_name\" content=\"Swiss Clinics\" \/>\n<meta property=\"article:publisher\" content=\"https:\/\/www.facebook.com\/swissclinics\/\" \/>\n<meta property=\"article:modified_time\" content=\"2017-07-04T08:36:41+00:00\" \/>\n<meta name=\"twitter:card\" content=\"summary_large_image\" \/>\n<meta name=\"twitter:label1\" content=\"Gesch\u00e4tzte Lesezeit\" \/>\n\t<meta name=\"twitter:data1\" content=\"4\u00a0Minuten\" \/>\n<script type=\"application\/ld+json\" class=\"yoast-schema-graph\">{\"@context\":\"https:\/\/schema.org\",\"@graph\":[{\"@type\":\"WebPage\",\"@id\":\"https:\/\/swissclinics.net\/de\/behandlungen\/lippenplastik\/\",\"url\":\"https:\/\/swissclinics.net\/de\/behandlungen\/lippenplastik\/\",\"name\":\"Lippenvergr\u00f6\u00dferung und Lippenverkleinerung &#183; Swiss Clinics\",\"isPartOf\":{\"@id\":\"https:\/\/swissclinics.net\/de\/#website\"},\"datePublished\":\"2017-02-07T12:33:44+00:00\",\"dateModified\":\"2017-07-04T08:36:41+00:00\",\"description\":\"Zu feine oder prominente Lippen k\u00f6nnen durch chirurgische Vergr\u00f6\u00dferung oder Eigenfett-Injektion bzw. Verkleinerungsoperation korrigiert werden.\",\"breadcrumb\":{\"@id\":\"https:\/\/swissclinics.net\/de\/behandlungen\/lippenplastik\/#breadcrumb\"},\"inLanguage\":\"de\",\"potentialAction\":[{\"@type\":\"ReadAction\",\"target\":[\"https:\/\/swissclinics.net\/de\/behandlungen\/lippenplastik\/\"]}]},{\"@type\":\"BreadcrumbList\",\"@id\":\"https:\/\/swissclinics.net\/de\/behandlungen\/lippenplastik\/#breadcrumb\",\"itemListElement\":[{\"@type\":\"ListItem\",\"position\":1,\"name\":\"Home\",\"item\":\"https:\/\/swissclinics.net\/de\/\"},{\"@type\":\"ListItem\",\"position\":2,\"name\":\"Behandlungen\",\"item\":\"https:\/\/swissclinics.net\/de\/behandlungen\/\"},{\"@type\":\"ListItem\",\"position\":3,\"name\":\"Lippenplastik\"}]},{\"@type\":\"WebSite\",\"@id\":\"https:\/\/swissclinics.net\/de\/#website\",\"url\":\"https:\/\/swissclinics.net\/de\/\",\"name\":\"Swiss Clinics\",\"description\":\"Medizin mit Schweizer Qualit\u00e4t.\",\"potentialAction\":[{\"@type\":\"SearchAction\",\"target\":{\"@type\":\"EntryPoint\",\"urlTemplate\":\"https:\/\/swissclinics.net\/de\/?s={search_term_string}\"},\"query-input\":{\"@type\":\"PropertyValueSpecification\",\"valueRequired\":true,\"valueName\":\"search_term_string\"}}],\"inLanguage\":\"de\"}]}<\/script>\n<!-- \/ Yoast SEO plugin. -->","yoast_head_json":{"title":"Lippenvergr\u00f6\u00dferung und Lippenverkleinerung &#183; Swiss Clinics","description":"Zu feine oder prominente Lippen k\u00f6nnen durch chirurgische Vergr\u00f6\u00dferung oder Eigenfett-Injektion bzw. Verkleinerungsoperation korrigiert werden.","robots":{"index":"index","follow":"follow","max-snippet":"max-snippet:-1","max-image-preview":"max-image-preview:large","max-video-preview":"max-video-preview:-1"},"canonical":"https:\/\/swissclinics.net\/de\/behandlungen\/lippenplastik\/","og_locale":"de_DE","og_type":"article","og_title":"Lippenvergr\u00f6\u00dferung und Lippenverkleinerung &#183; Swiss Clinics","og_description":"Zu feine oder prominente Lippen k\u00f6nnen durch chirurgische Vergr\u00f6\u00dferung oder Eigenfett-Injektion bzw. Verkleinerungsoperation korrigiert werden.","og_url":"https:\/\/swissclinics.net\/de\/behandlungen\/lippenplastik\/","og_site_name":"Swiss Clinics","article_publisher":"https:\/\/www.facebook.com\/swissclinics\/","article_modified_time":"2017-07-04T08:36:41+00:00","twitter_card":"summary_large_image","twitter_misc":{"Gesch\u00e4tzte Lesezeit":"4\u00a0Minuten"},"schema":{"@context":"https:\/\/schema.org","@graph":[{"@type":"WebPage","@id":"https:\/\/swissclinics.net\/de\/behandlungen\/lippenplastik\/","url":"https:\/\/swissclinics.net\/de\/behandlungen\/lippenplastik\/","name":"Lippenvergr\u00f6\u00dferung und Lippenverkleinerung &#183; Swiss Clinics","isPartOf":{"@id":"https:\/\/swissclinics.net\/de\/#website"},"datePublished":"2017-02-07T12:33:44+00:00","dateModified":"2017-07-04T08:36:41+00:00","description":"Zu feine oder prominente Lippen k\u00f6nnen durch chirurgische Vergr\u00f6\u00dferung oder Eigenfett-Injektion bzw. Verkleinerungsoperation korrigiert werden.","breadcrumb":{"@id":"https:\/\/swissclinics.net\/de\/behandlungen\/lippenplastik\/#breadcrumb"},"inLanguage":"de","potentialAction":[{"@type":"ReadAction","target":["https:\/\/swissclinics.net\/de\/behandlungen\/lippenplastik\/"]}]},{"@type":"BreadcrumbList","@id":"https:\/\/swissclinics.net\/de\/behandlungen\/lippenplastik\/#breadcrumb","itemListElement":[{"@type":"ListItem","position":1,"name":"Home","item":"https:\/\/swissclinics.net\/de\/"},{"@type":"ListItem","position":2,"name":"Behandlungen","item":"https:\/\/swissclinics.net\/de\/behandlungen\/"},{"@type":"ListItem","position":3,"name":"Lippenplastik"}]},{"@type":"WebSite","@id":"https:\/\/swissclinics.net\/de\/#website","url":"https:\/\/swissclinics.net\/de\/","name":"Swiss Clinics","description":"Medizin mit Schweizer Qualit\u00e4t.","potentialAction":[{"@type":"SearchAction","target":{"@type":"EntryPoint","urlTemplate":"https:\/\/swissclinics.net\/de\/?s={search_term_string}"},"query-input":{"@type":"PropertyValueSpecification","valueRequired":true,"valueName":"search_term_string"}}],"inLanguage":"de"}]}},"_links":{"self":[{"href":"https:\/\/swissclinics.net\/de\/wp-json\/wp\/v2\/pages\/397","targetHints":{"allow":["GET"]}}],"collection":[{"href":"https:\/\/swissclinics.net\/de\/wp-json\/wp\/v2\/pages"}],"about":[{"href":"https:\/\/swissclinics.net\/de\/wp-json\/wp\/v2\/types\/page"}],"author":[{"embeddable":true,"href":"https:\/\/swissclinics.net\/de\/wp-json\/wp\/v2\/users\/9"}],"replies":[{"embeddable":true,"href":"https:\/\/swissclinics.net\/de\/wp-json\/wp\/v2\/comments?post=397"}],"version-history":[{"count":11,"href":"https:\/\/swissclinics.net\/de\/wp-json\/wp\/v2\/pages\/397\/revisions"}],"predecessor-version":[{"id":720,"href":"https:\/\/swissclinics.net\/de\/wp-json\/wp\/v2\/pages\/397\/revisions\/720"}],"up":[{"embeddable":true,"href":"https:\/\/swissclinics.net\/de\/wp-json\/wp\/v2\/pages\/32"}],"wp:attachment":[{"href":"https:\/\/swissclinics.net\/de\/wp-json\/wp\/v2\/media?parent=397"}],"curies":[{"name":"wp","href":"https:\/\/api.w.org\/{rel}","templated":true}]}}