{"id":390,"date":"2017-01-29T00:02:15","date_gmt":"2017-01-28T23:02:15","guid":{"rendered":"https:\/\/swissclinics.net\/de\/?page_id=390"},"modified":"2017-07-04T11:07:59","modified_gmt":"2017-07-04T09:07:59","slug":"venenbehandlungen","status":"publish","type":"page","link":"https:\/\/swissclinics.net\/de\/behandlungen\/venenbehandlungen\/","title":{"rendered":"Venenbehandlungen"},"content":{"rendered":"<p><strong>Venenbehandlungen<\/strong> dienen der Behandlung von Venenerkrankungen (Varikosen). Dazu geh\u00f6ren <strong>Krampfadern<\/strong> (<strong>Varizen<\/strong>), deren Sonderform, die <strong>Besenreiser<\/strong> sowie Venenerkrankungen mit autoimmunologischer Ursache oder infolge von Diabetes.<\/p>\n<p>Krankhaft ver\u00e4nderte Venen zeichnen sich h\u00e4ufig auffallend unter der Haut ab und stellen f\u00fcr Betroffene meist ein gro\u00dfes \u00e4sthetisches Problem dar. Krampfadern k\u00f6nnen sowohl bei M\u00e4nnern als auch bei Frauen auftreten und Schmerzen verursachen. Im Falle von diabetischen oder automimmunologischen Venenerkrankungen k\u00f6nnen Geschw\u00fcre, sogenannte Ulzera, entstehen.<\/p>\n<p>Obwohl Varikosen \u00fcberwiegend genetisch bedingt sind, gibt es weitere Faktoren, die das Auftreten beg\u00fcnstigen. Dazu z\u00e4hlen die Einnahme der Anti-Baby-Pille ab dem 30. Lebensjahr und \u00dcbergewicht und Bewegungsmangel, wie er h\u00e4ufig bei Menschen auftritt, die den Tag \u00fcber lange Zeit sitzend verbringen.<\/p>\n<h2>Ursachen und Symptome von Venenerkrankungen<\/h2>\n<p>Eine genetisch bedingte oder erworbene Schw\u00e4che der Venenw\u00e4nde bzw. Venenklappen f\u00fchrt dazu, dass der Transport des sauerstoffarmen Blutes aus den Beinen zum Herzen beeintr\u00e4chtigt ist. Dadurch kommt es \u2013 entsprechend der Schwerkraft \u2013 zum R\u00fcckstau von Blut in den Unterschenkeln. Die vermehrte Fl\u00fcssigkeitsansammlung f\u00fchrt durch die permanente Dehnung der Venen zu sichtbaren Ver\u00e4nderungen der Haut (chronisch ven\u00f6ses Stauungssyndrom). Sogenannte sekund\u00e4re Krampfadern k\u00f6nnen aufgrund eines Blutgerinnsels (Thrombus) oder w\u00e4hrend Schwangerschaften entstehen und ebenfalls Beschwerden ausl\u00f6sen.<\/p>\n<p>Durch den erh\u00f6hten Druck in den Beinen k\u00f6nnen Krampfadern sowohl stechende und brennende Schmerzen als auch sichtbare Fl\u00fcssigkeitsansammlungen (\u00d6deme) in den Beinen verursachen. Es besteht au\u00dferdem eine erh\u00f6hte Neigung zu unangenehmen Wadenkr\u00e4mpfen, vor allem in der Nacht. Eine Therapie kann operativ oder mittels schonenderer Methoden erfolgen.<\/p>\n<p>Besenreiser bilden eine Untergruppe von Krampfadern und haben die gleichen Ursachen. In diesem Fall sind besonders kleine Blutgef\u00e4\u00dfe betroffen, die sich netzartig ausbreiten k\u00f6nnen (retikul\u00e4re Varizen). Im Gegensatz zu Krampfadern verursachen die kleineren Blutgef\u00e4\u00dfstauungen normalerweise keine Schmerzen und stellen allein ein \u00e4sthetisches Problem dar.<\/p>\n<h2>Operative Ma\u00dfnahmen zur Venenentfernung<\/h2>\n<p>Beim sogenannten Venenstripping handelt es sich um einen operativen Eingriff zur Entfernung von Varizen (Krampfadern). Nach der Unterbindung anderer naheliegender bzw. verbundener Venen (Crossektomie) werden die gesch\u00e4digten Bereiche der Vene, die \u00fcber unzureichende Venenklappen verf\u00fcgen, entfernt. Der Eingriff erfolgt mittels eines Hautschnittes, durch den eine flexible Sonde in die Vene eingef\u00fchrt wird.<\/p>\n<p>Je nach Auspr\u00e4gung der Varikose wird die Operation in \u00f6rtlicher Bet\u00e4ubung oder unter Vollnarkose durchgef\u00fchrt. \u00dcblicherweise ist lediglich mit blauen Flecken, Schwellungen und leichten Schmerzen zu rechnen, selten kommt es auch durch Taubheitsgef\u00fchl in den behandelten Regionen. In der nachfolgenden Zeit m\u00fcssen f\u00fcr mindestens 3 Monate Kompressionsstr\u00fcmpfe getragen werden.<\/p>\n<h2>Ver\u00f6dung von Krampfadern und Besenreisern<\/h2>\n<p>Eine Ver\u00f6dung, auch Sklerosierung genannt, erfolgt durch die Injektion eines alkoholhaltigen Mittels, das die Vene beabsichtigt sch\u00e4digt. Es kommt in weiterer Folge zum Verschluss der Vene und dadurch als Abbauma\u00dfnahme des K\u00f6rpers zur Umwandlung in Bindegewebe. Diese Methode kann sowohl bei Krampfadern als auch Besenreisern angewandt werden.<\/p>\n<p>Ein Nachteil der Ver\u00f6dung ist, dass die Reaktion der Venen auf das injizierte Mittel bis zu 3 Monaten dauern kann und ein optimales Ergebnis damit erst nach einiger Zeit sichtbar ist. Die Ver\u00f6dung ist allerdings ein minimalinvasiver Eingriff, der ambulant durchgef\u00fchrt werden kann und kaum Nebenwirkungen aufweist.<\/p>\n<p>Eine Sonderform der Ver\u00f6dung stellt die Injektion von Mikroschaum dar. Dabei wird das alkoholische Ver\u00f6dungsmittel nicht in fl\u00fcssiger, sondern schaumiger Konsistenz injiziert, um die Wirkung zu verst\u00e4rken.<\/p>\n<h2>Laserbehandlungen bei Venenproblemen<\/h2>\n<p>Sind die Gef\u00e4\u00dfe zu klein zum Ver\u00f6den, k\u00f6nnen Krampfadern und Besenreiser mittels Laser entfernt werden. Dabei wird die hohe Energie des Lasers vom roten Blutfarbstoff in den Gef\u00e4\u00dfen aufgenommen, woraufhin es zur Sch\u00e4digung der Venenw\u00e4nde kommt. Die Gef\u00e4\u00dfe verschlie\u00dfen sich und werden, \u00e4hnlich wie bei der Ver\u00f6dung, vom K\u00f6rper abgebaut.<\/p>\n<p>K\u00fchlen der behandelten Areale und Auftragen von Salben k\u00f6nnen den ohnehin meist sehr raschen Heilungsprozess beschleunigen. Auf Kompressionsstr\u00fcmpfe kann bei dieser Methode zur Besenreiserentfernung verzichtet werden.<\/p>\n","protected":false},"excerpt":{"rendered":"<p>Venenbehandlungen dienen der Behandlung von Venenerkrankungen (Varikosen). Dazu geh\u00f6ren Krampfadern (Varizen), deren Sonderform, die Besenreiser sowie Venenerkrankungen mit autoimmunologischer Ursache oder infolge von Diabetes. Krankhaft ver\u00e4nderte Venen zeichnen sich h\u00e4ufig auffallend unter der Haut ab und stellen f\u00fcr Betroffene meist ein gro\u00dfes \u00e4sthetisches Problem dar. Krampfadern k\u00f6nnen sowohl bei M\u00e4nnern als auch bei Frauen auftreten\u2026<span class=\"moretag-separator\">&nbsp;\u00b7 <\/span><a class=\"moretag\" href=\"https:\/\/swissclinics.net\/de\/behandlungen\/venenbehandlungen\/\">Weiterlesen&nbsp;\u00bb<\/a><\/p>\n","protected":false},"author":9,"featured_media":0,"parent":32,"menu_order":0,"comment_status":"closed","ping_status":"closed","template":"","meta":{"footnotes":""},"class_list":["post-390","page","type-page","status-publish","hentry"],"yoast_head":"<!-- This site is optimized with the Yoast SEO plugin v27.4 - https:\/\/yoast.com\/product\/yoast-seo-wordpress\/ -->\n<title>Behandlung von Venenerkrankungen und Krampfadern &#183; Swiss Clinics<\/title>\n<meta name=\"description\" content=\"Behandlungsoptionen f\u00fcr beeintr\u00e4chtigende und optisch st\u00f6rende Venenerkrankungen wie Krampfadern und Besenreiser durch Operation, Ver\u00f6dung und Laser.\" \/>\n<meta name=\"robots\" content=\"index, follow, max-snippet:-1, max-image-preview:large, max-video-preview:-1\" \/>\n<link rel=\"canonical\" href=\"https:\/\/swissclinics.net\/de\/behandlungen\/venenbehandlungen\/\" \/>\n<meta property=\"og:locale\" content=\"de_DE\" \/>\n<meta property=\"og:type\" content=\"article\" \/>\n<meta property=\"og:title\" content=\"Behandlung von Venenerkrankungen und Krampfadern &#183; Swiss Clinics\" \/>\n<meta property=\"og:description\" content=\"Behandlungsoptionen f\u00fcr beeintr\u00e4chtigende und optisch st\u00f6rende Venenerkrankungen wie Krampfadern und Besenreiser durch Operation, Ver\u00f6dung und Laser.\" \/>\n<meta property=\"og:url\" content=\"https:\/\/swissclinics.net\/de\/behandlungen\/venenbehandlungen\/\" \/>\n<meta property=\"og:site_name\" content=\"Swiss Clinics\" \/>\n<meta property=\"article:publisher\" content=\"https:\/\/www.facebook.com\/swissclinics\/\" \/>\n<meta property=\"article:modified_time\" content=\"2017-07-04T09:07:59+00:00\" \/>\n<meta name=\"twitter:card\" content=\"summary_large_image\" \/>\n<meta name=\"twitter:label1\" content=\"Gesch\u00e4tzte Lesezeit\" \/>\n\t<meta name=\"twitter:data1\" content=\"3\u00a0Minuten\" \/>\n<script type=\"application\/ld+json\" class=\"yoast-schema-graph\">{\"@context\":\"https:\\\/\\\/schema.org\",\"@graph\":[{\"@type\":\"WebPage\",\"@id\":\"https:\\\/\\\/swissclinics.net\\\/de\\\/behandlungen\\\/venenbehandlungen\\\/\",\"url\":\"https:\\\/\\\/swissclinics.net\\\/de\\\/behandlungen\\\/venenbehandlungen\\\/\",\"name\":\"Behandlung von Venenerkrankungen und Krampfadern &#183; Swiss Clinics\",\"isPartOf\":{\"@id\":\"https:\\\/\\\/swissclinics.net\\\/de\\\/#website\"},\"datePublished\":\"2017-01-28T23:02:15+00:00\",\"dateModified\":\"2017-07-04T09:07:59+00:00\",\"description\":\"Behandlungsoptionen f\u00fcr beeintr\u00e4chtigende und optisch st\u00f6rende Venenerkrankungen wie Krampfadern und Besenreiser durch Operation, Ver\u00f6dung und Laser.\",\"breadcrumb\":{\"@id\":\"https:\\\/\\\/swissclinics.net\\\/de\\\/behandlungen\\\/venenbehandlungen\\\/#breadcrumb\"},\"inLanguage\":\"de\",\"potentialAction\":[{\"@type\":\"ReadAction\",\"target\":[\"https:\\\/\\\/swissclinics.net\\\/de\\\/behandlungen\\\/venenbehandlungen\\\/\"]}]},{\"@type\":\"BreadcrumbList\",\"@id\":\"https:\\\/\\\/swissclinics.net\\\/de\\\/behandlungen\\\/venenbehandlungen\\\/#breadcrumb\",\"itemListElement\":[{\"@type\":\"ListItem\",\"position\":1,\"name\":\"Home\",\"item\":\"https:\\\/\\\/swissclinics.net\\\/de\\\/\"},{\"@type\":\"ListItem\",\"position\":2,\"name\":\"Behandlungen\",\"item\":\"https:\\\/\\\/swissclinics.net\\\/de\\\/behandlungen\\\/\"},{\"@type\":\"ListItem\",\"position\":3,\"name\":\"Venenbehandlungen\"}]},{\"@type\":\"WebSite\",\"@id\":\"https:\\\/\\\/swissclinics.net\\\/de\\\/#website\",\"url\":\"https:\\\/\\\/swissclinics.net\\\/de\\\/\",\"name\":\"Swiss Clinics\",\"description\":\"Medizin mit Schweizer Qualit\u00e4t.\",\"potentialAction\":[{\"@type\":\"SearchAction\",\"target\":{\"@type\":\"EntryPoint\",\"urlTemplate\":\"https:\\\/\\\/swissclinics.net\\\/de\\\/?s={search_term_string}\"},\"query-input\":{\"@type\":\"PropertyValueSpecification\",\"valueRequired\":true,\"valueName\":\"search_term_string\"}}],\"inLanguage\":\"de\"}]}<\/script>\n<!-- \/ Yoast SEO plugin. -->","yoast_head_json":{"title":"Behandlung von Venenerkrankungen und Krampfadern &#183; Swiss Clinics","description":"Behandlungsoptionen f\u00fcr beeintr\u00e4chtigende und optisch st\u00f6rende Venenerkrankungen wie Krampfadern und Besenreiser durch Operation, Ver\u00f6dung und Laser.","robots":{"index":"index","follow":"follow","max-snippet":"max-snippet:-1","max-image-preview":"max-image-preview:large","max-video-preview":"max-video-preview:-1"},"canonical":"https:\/\/swissclinics.net\/de\/behandlungen\/venenbehandlungen\/","og_locale":"de_DE","og_type":"article","og_title":"Behandlung von Venenerkrankungen und Krampfadern &#183; Swiss Clinics","og_description":"Behandlungsoptionen f\u00fcr beeintr\u00e4chtigende und optisch st\u00f6rende Venenerkrankungen wie Krampfadern und Besenreiser durch Operation, Ver\u00f6dung und Laser.","og_url":"https:\/\/swissclinics.net\/de\/behandlungen\/venenbehandlungen\/","og_site_name":"Swiss Clinics","article_publisher":"https:\/\/www.facebook.com\/swissclinics\/","article_modified_time":"2017-07-04T09:07:59+00:00","twitter_card":"summary_large_image","twitter_misc":{"Gesch\u00e4tzte Lesezeit":"3\u00a0Minuten"},"schema":{"@context":"https:\/\/schema.org","@graph":[{"@type":"WebPage","@id":"https:\/\/swissclinics.net\/de\/behandlungen\/venenbehandlungen\/","url":"https:\/\/swissclinics.net\/de\/behandlungen\/venenbehandlungen\/","name":"Behandlung von Venenerkrankungen und Krampfadern &#183; Swiss Clinics","isPartOf":{"@id":"https:\/\/swissclinics.net\/de\/#website"},"datePublished":"2017-01-28T23:02:15+00:00","dateModified":"2017-07-04T09:07:59+00:00","description":"Behandlungsoptionen f\u00fcr beeintr\u00e4chtigende und optisch st\u00f6rende Venenerkrankungen wie Krampfadern und Besenreiser durch Operation, Ver\u00f6dung und Laser.","breadcrumb":{"@id":"https:\/\/swissclinics.net\/de\/behandlungen\/venenbehandlungen\/#breadcrumb"},"inLanguage":"de","potentialAction":[{"@type":"ReadAction","target":["https:\/\/swissclinics.net\/de\/behandlungen\/venenbehandlungen\/"]}]},{"@type":"BreadcrumbList","@id":"https:\/\/swissclinics.net\/de\/behandlungen\/venenbehandlungen\/#breadcrumb","itemListElement":[{"@type":"ListItem","position":1,"name":"Home","item":"https:\/\/swissclinics.net\/de\/"},{"@type":"ListItem","position":2,"name":"Behandlungen","item":"https:\/\/swissclinics.net\/de\/behandlungen\/"},{"@type":"ListItem","position":3,"name":"Venenbehandlungen"}]},{"@type":"WebSite","@id":"https:\/\/swissclinics.net\/de\/#website","url":"https:\/\/swissclinics.net\/de\/","name":"Swiss Clinics","description":"Medizin mit Schweizer Qualit\u00e4t.","potentialAction":[{"@type":"SearchAction","target":{"@type":"EntryPoint","urlTemplate":"https:\/\/swissclinics.net\/de\/?s={search_term_string}"},"query-input":{"@type":"PropertyValueSpecification","valueRequired":true,"valueName":"search_term_string"}}],"inLanguage":"de"}]}},"_links":{"self":[{"href":"https:\/\/swissclinics.net\/de\/wp-json\/wp\/v2\/pages\/390","targetHints":{"allow":["GET"]}}],"collection":[{"href":"https:\/\/swissclinics.net\/de\/wp-json\/wp\/v2\/pages"}],"about":[{"href":"https:\/\/swissclinics.net\/de\/wp-json\/wp\/v2\/types\/page"}],"author":[{"embeddable":true,"href":"https:\/\/swissclinics.net\/de\/wp-json\/wp\/v2\/users\/9"}],"replies":[{"embeddable":true,"href":"https:\/\/swissclinics.net\/de\/wp-json\/wp\/v2\/comments?post=390"}],"version-history":[{"count":4,"href":"https:\/\/swissclinics.net\/de\/wp-json\/wp\/v2\/pages\/390\/revisions"}],"predecessor-version":[{"id":724,"href":"https:\/\/swissclinics.net\/de\/wp-json\/wp\/v2\/pages\/390\/revisions\/724"}],"up":[{"embeddable":true,"href":"https:\/\/swissclinics.net\/de\/wp-json\/wp\/v2\/pages\/32"}],"wp:attachment":[{"href":"https:\/\/swissclinics.net\/de\/wp-json\/wp\/v2\/media?parent=390"}],"curies":[{"name":"wp","href":"https:\/\/api.w.org\/{rel}","templated":true}]}}