{"id":39,"date":"2016-06-03T15:30:49","date_gmt":"2016-06-03T13:30:49","guid":{"rendered":"http:\/\/swissclinics.net\/de\/?page_id=39"},"modified":"2017-07-02T20:49:05","modified_gmt":"2017-07-02T18:49:05","slug":"bioidentische-hormone","status":"publish","type":"page","link":"https:\/\/swissclinics.net\/de\/behandlungen\/bioidentische-hormone\/","title":{"rendered":"Bioidentische Hormone"},"content":{"rendered":"<p>Hormonelle Defizienzen sind vor allem ab einem Alter von 40 Jahren weit verbreitet. Man erkennt sie an verschiedenen Alterszeichen wie erschlaffender Haut, Falten sowie nachlassender Vitalit\u00e4t und zunehmender M\u00fcdigkeit. Bioidentische Hormone k\u00f6nnen genutzt werden, um diese Defizienzen und Imbalancen auszugleichen. Diese Bioidentical Hormone Replacement Therapy, kurz BHRT, ist in vielen L\u00e4ndern noch wenig bekannt. Wir helfen Ihnen, die spezialisierte \u00c4rzte f\u00fcr eine Therapie mit bioidentischen Hormonen zu finden.<\/p>\n<h2>Behandelbare Zust\u00e4nde und Symptome hormoneller Imbalance<\/h2>\n<p>Die Wiederherstellung ausgeglichener Hormonspiegel f\u00fchrt zu neuer Lebensfreude, Kraft und Vitalit\u00e4t. Bei hormonell bedingtem \u00dcbergewicht kann eine Therapie mit bioidentischen Hormonen auch die Gewichtsabnahme erleichtern. Au\u00dferdem bew\u00e4hrt sich ihr Einsatz in der regenerativen Medizin, z.B. zur Hautverj\u00fcngung.<\/p>\n<ul class=\"category-list\"><li><a href=\"https:\/\/swissclinics.net\/de\/behandlungen\/adrenal-fatigue\/\">Adrenal Fatigue<\/a><\/li><li><a href=\"https:\/\/swissclinics.net\/de\/behandlungen\/gynaekomastie-lipomastie\/\">Gyn\u00e4komastie und Lipomastie<\/a><\/li><li><a href=\"https:\/\/swissclinics.net\/de\/behandlungen\/haarausfall-alopezie\/\">Haarausfall (Alopezie)<\/a><\/li><li><a href=\"https:\/\/swissclinics.net\/de\/behandlungen\/in-vitro-fertilisation\/\">In-vitro-Fertilisation (IVF)<\/a><\/li><\/ul>\n<h2>Zeichen f\u00fcr hormonelle Imbalancen<\/h2>\n<p>Hormone sind wichtige Botenstoffe, die vom menschlichen K\u00f6rper selbst je nach Bedarf produziert werden. Sie regeln wichtige Stoffwechselfunktionen und haben einen wesentlichen Einfluss auf das k\u00f6rperliche und seelische Wohlbefinden.<\/p>\n<p>Mit zunehmendem Alter oder durch Belastungen in Beruf und Familie verlieren die Hormondr\u00fcsen an Leistungsf\u00e4higkeit und hormonelle Imbalancen entstehen. Als Folge treten unterschiedliche Leiden auf: M\u00fcdigkeit, Leistungsabfall, Lustlosigkeit, depressive Verstimmungen und fr\u00fchzeitige Alterung sind nur einige davon.<\/p>\n<p>F\u00fcr die Wiederherstellung eines gesunden und balancierten Hormongleichgewichts bedarf es der Zufuhr fehlender Hormone (unter anderem T3, T4, Testosteron, \u00d6strogen, Wachstumshormon, DHEA, Melatonin, Cortisol) im Rahmen einer Therapie. Es gibt verschiedene Formen von Hormonersatztherapien, die sich wesentlich unterscheiden.<\/p>\n<h2>Formen der Hormontherapie<\/h2>\n<p>Bei der <strong>klassischen Hormonersatztherapie (HET)<\/strong> wird \u00fcblicherweise nur <em>ein<\/em> fehlendes Hormon (Monotherapie) durch eine synthetisch hergestellte hormon\u00e4hnliche Substanz in hoher Dosis ersetzt. Da die Hormone im menschlichen K\u00f6rper miteinander kybernetisch verschaltet sind und auch deren Aussch\u00fcttung zum Teil voneinander abh\u00e4ngt, kann durch Zufuhr von nur einem Hormon meist die hormonelle Balance nicht wiederhergestellt werden. Ausnahme sind z.B. krankheitsbedingter Ausfall einer spezifischen Hormondr\u00fcse (z.B. insulinproduzierende Inselzellen bei Diabetes Typ 1).<\/p>\n<p>Im Rahmen einer <strong>hormonellen Regeneration mit bioidentischen Hormonen (Bioidentical Hormone Replacement Therapy, BHRT)<\/strong> werden dem K\u00f6rper <em>mehrere<\/em> fehlende Hormone in <em>bioidentischer<\/em> Form zugef\u00fchrt, wodurch in der Regel die hormonelle Balance wiedererlangt werden kann. Bioidentische Hormone weisen dieselbe chemische Struktur wie die k\u00f6rpereigenen Hormone auf und sind daher bei richtiger Dosierung durch einen spezialisierten Arzt auch gut vertr\u00e4glich.<\/p>\n","protected":false},"excerpt":{"rendered":"<p>Hormonelle Defizienzen sind vor allem ab einem Alter von 40 Jahren weit verbreitet. Man erkennt sie an verschiedenen Alterszeichen wie erschlaffender Haut, Falten sowie nachlassender Vitalit\u00e4t und zunehmender M\u00fcdigkeit. Bioidentische Hormone k\u00f6nnen genutzt werden, um diese Defizienzen und Imbalancen auszugleichen. Diese Bioidentical Hormone Replacement Therapy, kurz BHRT, ist in vielen L\u00e4ndern noch wenig bekannt. Wir\u2026<span class=\"moretag-separator\">&nbsp;\u00b7 <\/span><a class=\"moretag\" href=\"https:\/\/swissclinics.net\/de\/behandlungen\/in-vitro-fertilisation\/\">Weiterlesen&nbsp;\u00bb<\/a><\/p>\n","protected":false},"author":9,"featured_media":586,"parent":32,"menu_order":0,"comment_status":"closed","ping_status":"closed","template":"","meta":{"footnotes":""},"class_list":["post-39","page","type-page","status-publish","has-post-thumbnail","hentry"],"yoast_head":"<!-- This site is optimized with the Yoast SEO plugin v27.2 - https:\/\/yoast.com\/product\/yoast-seo-wordpress\/ -->\n<title>Bioidentische Hormone (BHRT): Regeneration von innen &#183; Swiss Clinics<\/title>\n<meta name=\"description\" content=\"Bioidentische Hormone (Bioidentical Hormone Replacement Therapy, BHRT) regeneriert und verj\u00fcngt von innen heraus und verbessert dadurch das Wohlbefinden.\" \/>\n<meta name=\"robots\" content=\"index, follow, max-snippet:-1, max-image-preview:large, max-video-preview:-1\" \/>\n<link rel=\"canonical\" href=\"https:\/\/swissclinics.net\/de\/behandlungen\/bioidentische-hormone\/\" \/>\n<meta property=\"og:locale\" content=\"de_DE\" \/>\n<meta property=\"og:type\" content=\"article\" \/>\n<meta property=\"og:title\" content=\"Bioidentische Hormone (BHRT): Regeneration von innen &#183; Swiss Clinics\" \/>\n<meta property=\"og:description\" content=\"Bioidentische Hormone (Bioidentical Hormone Replacement Therapy, BHRT) regeneriert und verj\u00fcngt von innen heraus und verbessert dadurch das Wohlbefinden.\" \/>\n<meta property=\"og:url\" content=\"https:\/\/swissclinics.net\/de\/behandlungen\/bioidentische-hormone\/\" \/>\n<meta property=\"og:site_name\" content=\"Swiss Clinics\" \/>\n<meta property=\"article:publisher\" content=\"https:\/\/www.facebook.com\/swissclinics\/\" \/>\n<meta property=\"article:modified_time\" content=\"2017-07-02T18:49:05+00:00\" \/>\n<meta property=\"og:image\" content=\"https:\/\/swissclinics.net\/de\/wp-content\/uploads\/sites\/3\/bioidentische-hormone.jpg\" \/>\n\t<meta property=\"og:image:width\" content=\"640\" \/>\n\t<meta property=\"og:image:height\" content=\"740\" \/>\n\t<meta property=\"og:image:type\" content=\"image\/jpeg\" \/>\n<meta name=\"twitter:card\" content=\"summary_large_image\" \/>\n<meta name=\"twitter:label1\" content=\"Gesch\u00e4tzte Lesezeit\" \/>\n\t<meta name=\"twitter:data1\" content=\"2\u00a0Minuten\" \/>\n<script type=\"application\/ld+json\" class=\"yoast-schema-graph\">{\"@context\":\"https:\/\/schema.org\",\"@graph\":[{\"@type\":\"WebPage\",\"@id\":\"https:\/\/swissclinics.net\/de\/behandlungen\/bioidentische-hormone\/\",\"url\":\"https:\/\/swissclinics.net\/de\/behandlungen\/bioidentische-hormone\/\",\"name\":\"Bioidentische Hormone (BHRT): Regeneration von innen &#183; Swiss Clinics\",\"isPartOf\":{\"@id\":\"https:\/\/swissclinics.net\/de\/#website\"},\"primaryImageOfPage\":{\"@id\":\"https:\/\/swissclinics.net\/de\/behandlungen\/bioidentische-hormone\/#primaryimage\"},\"image\":{\"@id\":\"https:\/\/swissclinics.net\/de\/behandlungen\/bioidentische-hormone\/#primaryimage\"},\"thumbnailUrl\":\"https:\/\/swissclinics.net\/de\/wp-content\/uploads\/sites\/3\/bioidentische-hormone.jpg\",\"datePublished\":\"2016-06-03T13:30:49+00:00\",\"dateModified\":\"2017-07-02T18:49:05+00:00\",\"description\":\"Bioidentische Hormone (Bioidentical Hormone Replacement Therapy, BHRT) regeneriert und verj\u00fcngt von innen heraus und verbessert dadurch das Wohlbefinden.\",\"breadcrumb\":{\"@id\":\"https:\/\/swissclinics.net\/de\/behandlungen\/bioidentische-hormone\/#breadcrumb\"},\"inLanguage\":\"de\",\"potentialAction\":[{\"@type\":\"ReadAction\",\"target\":[\"https:\/\/swissclinics.net\/de\/behandlungen\/bioidentische-hormone\/\"]}]},{\"@type\":\"ImageObject\",\"inLanguage\":\"de\",\"@id\":\"https:\/\/swissclinics.net\/de\/behandlungen\/bioidentische-hormone\/#primaryimage\",\"url\":\"https:\/\/swissclinics.net\/de\/wp-content\/uploads\/sites\/3\/bioidentische-hormone.jpg\",\"contentUrl\":\"https:\/\/swissclinics.net\/de\/wp-content\/uploads\/sites\/3\/bioidentische-hormone.jpg\",\"width\":640,\"height\":740},{\"@type\":\"BreadcrumbList\",\"@id\":\"https:\/\/swissclinics.net\/de\/behandlungen\/bioidentische-hormone\/#breadcrumb\",\"itemListElement\":[{\"@type\":\"ListItem\",\"position\":1,\"name\":\"Home\",\"item\":\"https:\/\/swissclinics.net\/de\/\"},{\"@type\":\"ListItem\",\"position\":2,\"name\":\"Behandlungen\",\"item\":\"https:\/\/swissclinics.net\/de\/behandlungen\/\"},{\"@type\":\"ListItem\",\"position\":3,\"name\":\"Bioidentische Hormone\"}]},{\"@type\":\"WebSite\",\"@id\":\"https:\/\/swissclinics.net\/de\/#website\",\"url\":\"https:\/\/swissclinics.net\/de\/\",\"name\":\"Swiss Clinics\",\"description\":\"Medizin mit Schweizer Qualit\u00e4t.\",\"potentialAction\":[{\"@type\":\"SearchAction\",\"target\":{\"@type\":\"EntryPoint\",\"urlTemplate\":\"https:\/\/swissclinics.net\/de\/?s={search_term_string}\"},\"query-input\":{\"@type\":\"PropertyValueSpecification\",\"valueRequired\":true,\"valueName\":\"search_term_string\"}}],\"inLanguage\":\"de\"}]}<\/script>\n<!-- \/ Yoast SEO plugin. -->","yoast_head_json":{"title":"Bioidentische Hormone (BHRT): Regeneration von innen &#183; Swiss Clinics","description":"Bioidentische Hormone (Bioidentical Hormone Replacement Therapy, BHRT) regeneriert und verj\u00fcngt von innen heraus und verbessert dadurch das Wohlbefinden.","robots":{"index":"index","follow":"follow","max-snippet":"max-snippet:-1","max-image-preview":"max-image-preview:large","max-video-preview":"max-video-preview:-1"},"canonical":"https:\/\/swissclinics.net\/de\/behandlungen\/bioidentische-hormone\/","og_locale":"de_DE","og_type":"article","og_title":"Bioidentische Hormone (BHRT): Regeneration von innen &#183; Swiss Clinics","og_description":"Bioidentische Hormone (Bioidentical Hormone Replacement Therapy, BHRT) regeneriert und verj\u00fcngt von innen heraus und verbessert dadurch das Wohlbefinden.","og_url":"https:\/\/swissclinics.net\/de\/behandlungen\/bioidentische-hormone\/","og_site_name":"Swiss Clinics","article_publisher":"https:\/\/www.facebook.com\/swissclinics\/","article_modified_time":"2017-07-02T18:49:05+00:00","og_image":[{"width":640,"height":740,"url":"https:\/\/swissclinics.net\/de\/wp-content\/uploads\/sites\/3\/bioidentische-hormone.jpg","type":"image\/jpeg"}],"twitter_card":"summary_large_image","twitter_misc":{"Gesch\u00e4tzte Lesezeit":"2\u00a0Minuten"},"schema":{"@context":"https:\/\/schema.org","@graph":[{"@type":"WebPage","@id":"https:\/\/swissclinics.net\/de\/behandlungen\/bioidentische-hormone\/","url":"https:\/\/swissclinics.net\/de\/behandlungen\/bioidentische-hormone\/","name":"Bioidentische Hormone (BHRT): Regeneration von innen &#183; Swiss Clinics","isPartOf":{"@id":"https:\/\/swissclinics.net\/de\/#website"},"primaryImageOfPage":{"@id":"https:\/\/swissclinics.net\/de\/behandlungen\/bioidentische-hormone\/#primaryimage"},"image":{"@id":"https:\/\/swissclinics.net\/de\/behandlungen\/bioidentische-hormone\/#primaryimage"},"thumbnailUrl":"https:\/\/swissclinics.net\/de\/wp-content\/uploads\/sites\/3\/bioidentische-hormone.jpg","datePublished":"2016-06-03T13:30:49+00:00","dateModified":"2017-07-02T18:49:05+00:00","description":"Bioidentische Hormone (Bioidentical Hormone Replacement Therapy, BHRT) regeneriert und verj\u00fcngt von innen heraus und verbessert dadurch das Wohlbefinden.","breadcrumb":{"@id":"https:\/\/swissclinics.net\/de\/behandlungen\/bioidentische-hormone\/#breadcrumb"},"inLanguage":"de","potentialAction":[{"@type":"ReadAction","target":["https:\/\/swissclinics.net\/de\/behandlungen\/bioidentische-hormone\/"]}]},{"@type":"ImageObject","inLanguage":"de","@id":"https:\/\/swissclinics.net\/de\/behandlungen\/bioidentische-hormone\/#primaryimage","url":"https:\/\/swissclinics.net\/de\/wp-content\/uploads\/sites\/3\/bioidentische-hormone.jpg","contentUrl":"https:\/\/swissclinics.net\/de\/wp-content\/uploads\/sites\/3\/bioidentische-hormone.jpg","width":640,"height":740},{"@type":"BreadcrumbList","@id":"https:\/\/swissclinics.net\/de\/behandlungen\/bioidentische-hormone\/#breadcrumb","itemListElement":[{"@type":"ListItem","position":1,"name":"Home","item":"https:\/\/swissclinics.net\/de\/"},{"@type":"ListItem","position":2,"name":"Behandlungen","item":"https:\/\/swissclinics.net\/de\/behandlungen\/"},{"@type":"ListItem","position":3,"name":"Bioidentische Hormone"}]},{"@type":"WebSite","@id":"https:\/\/swissclinics.net\/de\/#website","url":"https:\/\/swissclinics.net\/de\/","name":"Swiss Clinics","description":"Medizin mit Schweizer Qualit\u00e4t.","potentialAction":[{"@type":"SearchAction","target":{"@type":"EntryPoint","urlTemplate":"https:\/\/swissclinics.net\/de\/?s={search_term_string}"},"query-input":{"@type":"PropertyValueSpecification","valueRequired":true,"valueName":"search_term_string"}}],"inLanguage":"de"}]}},"_links":{"self":[{"href":"https:\/\/swissclinics.net\/de\/wp-json\/wp\/v2\/pages\/39","targetHints":{"allow":["GET"]}}],"collection":[{"href":"https:\/\/swissclinics.net\/de\/wp-json\/wp\/v2\/pages"}],"about":[{"href":"https:\/\/swissclinics.net\/de\/wp-json\/wp\/v2\/types\/page"}],"author":[{"embeddable":true,"href":"https:\/\/swissclinics.net\/de\/wp-json\/wp\/v2\/users\/9"}],"replies":[{"embeddable":true,"href":"https:\/\/swissclinics.net\/de\/wp-json\/wp\/v2\/comments?post=39"}],"version-history":[{"count":16,"href":"https:\/\/swissclinics.net\/de\/wp-json\/wp\/v2\/pages\/39\/revisions"}],"predecessor-version":[{"id":689,"href":"https:\/\/swissclinics.net\/de\/wp-json\/wp\/v2\/pages\/39\/revisions\/689"}],"up":[{"embeddable":true,"href":"https:\/\/swissclinics.net\/de\/wp-json\/wp\/v2\/pages\/32"}],"wp:featuredmedia":[{"embeddable":true,"href":"https:\/\/swissclinics.net\/de\/wp-json\/wp\/v2\/media\/586"}],"wp:attachment":[{"href":"https:\/\/swissclinics.net\/de\/wp-json\/wp\/v2\/media?parent=39"}],"curies":[{"name":"wp","href":"https:\/\/api.w.org\/{rel}","templated":true}]}}