{"id":378,"date":"2016-11-29T21:25:03","date_gmt":"2016-11-29T20:25:03","guid":{"rendered":"https:\/\/swissclinics.net\/de\/?page_id=378"},"modified":"2017-07-04T09:18:55","modified_gmt":"2017-07-04T07:18:55","slug":"augenlidkorrektur","status":"publish","type":"page","link":"https:\/\/swissclinics.net\/de\/behandlungen\/augenlidkorrektur\/","title":{"rendered":"Augenlidkorrektur"},"content":{"rendered":"<p>Die <strong>Augenlidkorrektur<\/strong> dient dem Entfernen von \u00fcbersch\u00fcssigem Gewebe im Bereich der Augenlider, um Beeintr\u00e4chtigungen des Gesichtsfelds zu beseitigen und das optische Erscheinungsbild der Augen zu optimieren. Neben chirurgischen Verfahren wie der <strong>Lidstraffung<\/strong> (<strong>Blepharoplastik<\/strong>) kann in bestimmten F\u00e4llen auch eine <strong>Mikrofettabsaugung<\/strong> oder ein Stirnlifting in Betracht kommen. Dar\u00fcber hinaus k\u00f6nnen lokale Behandlungen mit k\u00f6rpereigenen Stammzellen, Platelet-Rich Plasma (PRP) oder Wachstumsfaktoren die Hautqualit\u00e4t verbessern.<\/p>\n<p>Die Augen geh\u00f6ren zu den zentralen Merkmalen des menschlichen Gesichts und sind f\u00fcr unseren Ausdruck besonders wichtig. Mit zunehmendem Alter verliert die Haut ihre Spannkraft. Im Bereich der Augen sind oft Schlupflider und Tr\u00e4nens\u00e4cke die Folge, die Augen wirken finster und m\u00fcde und der Gesichtsausdruck verliert an Vitalit\u00e4t.<\/p>\n<p>Betroffen sind sowohl Oberlider als auch Unterlider. Zu den wichtigsten \u00e4u\u00dferen Zeichen, die das Auge \u00e4lter aussehen lassen, geh\u00f6ren hervorgetretene Fettpolster, ein Haut\u00fcberschuss an den Lidern und Augenringe, die durch Gewebserschlaffung entstehen. Neben \u00e4sthetischen Gr\u00fcnden f\u00fcr eine Augenlidkorrektur haben Patienten h\u00e4ufig auch funktionelle Beweggr\u00fcnde, die von Problemen beim Auftragen von Make-up bis hin zur Beeintr\u00e4chtigung des Gesichtsfeldes reichen.<\/p>\n<p>Die Augenlidkorrektur ist keine L\u00f6sung f\u00fcr die \u201ePseudo-Augenringe\u201c, eine dunkle Verf\u00e4rbung unter den Augen. Hierbei kann es sich um ein tempor\u00e4res Symptom des Mangels eines bestimmten Nebennierenrindenhormons (Cortisol) handeln, wie man es vor allem bei Stress sieht. In diesem Fall kann eine <a href=\"https:\/\/swissclinics.net\/de\/behandlungen\/bioidentische-hormone\/\">Behandlung mit bioidentischen Hormonen (BHRT)<\/a> sinnvoll sein.<\/p>\n<h2>Chirurgische Methoden zur Augenlidkorrektur<\/h2>\n<p>Die Lidstraffung (Blepharoplastik) geh\u00f6rt zu den am h\u00e4ufigsten durchgef\u00fchrten \u00e4sthetischen Eingriffen. Dabei wird das \u00fcbersch\u00fcssige Gewebe abgegrenzt und anschlie\u00dfend chirurgisch entfernt. Die Lidplastik verl\u00e4uft meist ambulant unter \u00f6rtlicher Bet\u00e4ubung bzw. die Unterlidstraffung im D\u00e4mmerschlaf (Sedoanalgesie), da sie l\u00e4nger dauert und aufwendiger ist.<\/p>\n<p>Damit die Narben m\u00f6glichst unsichtbar bleiben, werden die Hautschnitte in den nat\u00fcrlichen Hautfalten gesetzt \u2013 am Oberlid entlang der Lidumschlagfalte, am Unterlid unterhalb der Wimpern oder im Innenbereich des Unterlides. F\u00fcnf bis sieben Tage nach dem Eingriff werden die N\u00e4hte entfernt. Die Schnittf\u00fchrung kann statt mit dem Skalpell auch mit dem Laser erfolgen. Dabei ist die Blutung geringer, aber die Narbenbildung kann auff\u00e4lliger sein (Brandverletzung statt Schnittverletzung).<\/p>\n<h2>Fettabsaugung an der Augenpartie<\/h2>\n<p>Mittels Mikrofettabsaugung k\u00f6nnen vorgew\u00f6lbte Fettpolster im Unterlidbereich entfernt und der \u201em\u00fcde\u201c Ausdruck behoben werden. Dabei ist es oft ausreichend, eine sehr kleine Mengen an Fett abzusaugen. Der Eingriff verl\u00e4uft ebenfalls ambulant und unter \u00f6rtlicher Bet\u00e4ubung. Da dieses Verfahren deutlich schonender ist, sind Patienten bereits wenige Tage danach wieder gesellschaftsf\u00e4hig.<\/p>\n<p>Nicht nur ein Volumens\u00fcberschuss, sondern auch ein Mangel an Volumen kann das Gesicht \u201edauerm\u00fcde\u201c aussehen lassen. Vertiefungen im Bereich der Augen, die durch R\u00fcckbildung von Fettpolstern entstehen, k\u00f6nnen durch gezielte Injektion von k\u00f6rpereigenem Fett des Patienten korrigiert werden. Das dazu ben\u00f6tigte Eigenfett kann aus jedem Fettpolster des K\u00f6rpers mittels Fettabsaugung gewonnen werden.<\/p>\n<p>Wenn Fettdepots im Augenbereich aufgrund einer altersbedingten Erschlaffung der Haut nach unten zu rutschen scheinen und sich verlagern, ist oft zus\u00e4tzlich eine lokale Verbesserung der Hautqualit\u00e4t empfehlenswert, um der Haut neue Elastizit\u00e4t und Vitalit\u00e4t zu verleihen. Stammzellen aus dem K\u00f6rperfett des Patienten, Platelet-Rich Plasma (PRP) aus Eigenblut und Wachstumsfaktoren k\u00f6nnen die k\u00f6rpereigene Regeneration von Haut und Gewebe anregen.<\/p>\n","protected":false},"excerpt":{"rendered":"<p>Die Augenlidkorrektur dient dem Entfernen von \u00fcbersch\u00fcssigem Gewebe im Bereich der Augenlider, um Beeintr\u00e4chtigungen des Gesichtsfelds zu beseitigen und das optische Erscheinungsbild der Augen zu optimieren. Neben chirurgischen Verfahren wie der Lidstraffung (Blepharoplastik) kann in bestimmten F\u00e4llen auch eine Mikrofettabsaugung oder ein Stirnlifting in Betracht kommen. Dar\u00fcber hinaus k\u00f6nnen lokale Behandlungen mit k\u00f6rpereigenen Stammzellen, Platelet-Rich\u2026<span class=\"moretag-separator\">&nbsp;\u00b7 <\/span><a class=\"moretag\" href=\"https:\/\/swissclinics.net\/de\/behandlungen\/augenlidkorrektur\/\">Weiterlesen&nbsp;\u00bb<\/a><\/p>\n","protected":false},"author":9,"featured_media":600,"parent":32,"menu_order":0,"comment_status":"closed","ping_status":"closed","template":"","meta":{"footnotes":""},"class_list":["post-378","page","type-page","status-publish","has-post-thumbnail","hentry"],"yoast_head":"<!-- This site is optimized with the Yoast SEO plugin v27.2 - https:\/\/yoast.com\/product\/yoast-seo-wordpress\/ -->\n<title>Augenlidkorrektur mit Lidstraffung und Mikrofettabsaugung &#183; Swiss Clinics<\/title>\n<meta name=\"description\" content=\"Korrektur h\u00e4ngender Augenlider mittels chirurgischer Lidstraffung (Bleharoplastik), ambulanter Mikrofettabsaugung, Stammzellen und Platelet-Rich Plasma.\" \/>\n<meta name=\"robots\" content=\"index, follow, max-snippet:-1, max-image-preview:large, max-video-preview:-1\" \/>\n<link rel=\"canonical\" href=\"https:\/\/swissclinics.net\/de\/behandlungen\/augenlidkorrektur\/\" \/>\n<meta property=\"og:locale\" content=\"de_DE\" \/>\n<meta property=\"og:type\" content=\"article\" \/>\n<meta property=\"og:title\" content=\"Augenlidkorrektur mit Lidstraffung und Mikrofettabsaugung &#183; Swiss Clinics\" \/>\n<meta property=\"og:description\" content=\"Korrektur h\u00e4ngender Augenlider mittels chirurgischer Lidstraffung (Bleharoplastik), ambulanter Mikrofettabsaugung, Stammzellen und Platelet-Rich Plasma.\" \/>\n<meta property=\"og:url\" content=\"https:\/\/swissclinics.net\/de\/behandlungen\/augenlidkorrektur\/\" \/>\n<meta property=\"og:site_name\" content=\"Swiss Clinics\" \/>\n<meta property=\"article:publisher\" content=\"https:\/\/www.facebook.com\/swissclinics\/\" \/>\n<meta property=\"article:modified_time\" content=\"2017-07-04T07:18:55+00:00\" \/>\n<meta property=\"og:image\" content=\"https:\/\/swissclinics.net\/de\/wp-content\/uploads\/sites\/3\/augenlidkorrektur.jpg\" \/>\n\t<meta property=\"og:image:width\" content=\"640\" \/>\n\t<meta property=\"og:image:height\" content=\"455\" \/>\n\t<meta property=\"og:image:type\" content=\"image\/jpeg\" \/>\n<meta name=\"twitter:card\" content=\"summary_large_image\" \/>\n<meta name=\"twitter:label1\" content=\"Gesch\u00e4tzte Lesezeit\" \/>\n\t<meta name=\"twitter:data1\" content=\"3\u00a0Minuten\" \/>\n<script type=\"application\/ld+json\" class=\"yoast-schema-graph\">{\"@context\":\"https:\/\/schema.org\",\"@graph\":[{\"@type\":\"WebPage\",\"@id\":\"https:\/\/swissclinics.net\/de\/behandlungen\/augenlidkorrektur\/\",\"url\":\"https:\/\/swissclinics.net\/de\/behandlungen\/augenlidkorrektur\/\",\"name\":\"Augenlidkorrektur mit Lidstraffung und Mikrofettabsaugung &#183; Swiss Clinics\",\"isPartOf\":{\"@id\":\"https:\/\/swissclinics.net\/de\/#website\"},\"primaryImageOfPage\":{\"@id\":\"https:\/\/swissclinics.net\/de\/behandlungen\/augenlidkorrektur\/#primaryimage\"},\"image\":{\"@id\":\"https:\/\/swissclinics.net\/de\/behandlungen\/augenlidkorrektur\/#primaryimage\"},\"thumbnailUrl\":\"https:\/\/swissclinics.net\/de\/wp-content\/uploads\/sites\/3\/augenlidkorrektur.jpg\",\"datePublished\":\"2016-11-29T20:25:03+00:00\",\"dateModified\":\"2017-07-04T07:18:55+00:00\",\"description\":\"Korrektur h\u00e4ngender Augenlider mittels chirurgischer Lidstraffung (Bleharoplastik), ambulanter Mikrofettabsaugung, Stammzellen und Platelet-Rich Plasma.\",\"breadcrumb\":{\"@id\":\"https:\/\/swissclinics.net\/de\/behandlungen\/augenlidkorrektur\/#breadcrumb\"},\"inLanguage\":\"de\",\"potentialAction\":[{\"@type\":\"ReadAction\",\"target\":[\"https:\/\/swissclinics.net\/de\/behandlungen\/augenlidkorrektur\/\"]}]},{\"@type\":\"ImageObject\",\"inLanguage\":\"de\",\"@id\":\"https:\/\/swissclinics.net\/de\/behandlungen\/augenlidkorrektur\/#primaryimage\",\"url\":\"https:\/\/swissclinics.net\/de\/wp-content\/uploads\/sites\/3\/augenlidkorrektur.jpg\",\"contentUrl\":\"https:\/\/swissclinics.net\/de\/wp-content\/uploads\/sites\/3\/augenlidkorrektur.jpg\",\"width\":640,\"height\":455},{\"@type\":\"BreadcrumbList\",\"@id\":\"https:\/\/swissclinics.net\/de\/behandlungen\/augenlidkorrektur\/#breadcrumb\",\"itemListElement\":[{\"@type\":\"ListItem\",\"position\":1,\"name\":\"Home\",\"item\":\"https:\/\/swissclinics.net\/de\/\"},{\"@type\":\"ListItem\",\"position\":2,\"name\":\"Behandlungen\",\"item\":\"https:\/\/swissclinics.net\/de\/behandlungen\/\"},{\"@type\":\"ListItem\",\"position\":3,\"name\":\"Augenlidkorrektur\"}]},{\"@type\":\"WebSite\",\"@id\":\"https:\/\/swissclinics.net\/de\/#website\",\"url\":\"https:\/\/swissclinics.net\/de\/\",\"name\":\"Swiss Clinics\",\"description\":\"Medizin mit Schweizer Qualit\u00e4t.\",\"potentialAction\":[{\"@type\":\"SearchAction\",\"target\":{\"@type\":\"EntryPoint\",\"urlTemplate\":\"https:\/\/swissclinics.net\/de\/?s={search_term_string}\"},\"query-input\":{\"@type\":\"PropertyValueSpecification\",\"valueRequired\":true,\"valueName\":\"search_term_string\"}}],\"inLanguage\":\"de\"}]}<\/script>\n<!-- \/ Yoast SEO plugin. -->","yoast_head_json":{"title":"Augenlidkorrektur mit Lidstraffung und Mikrofettabsaugung &#183; Swiss Clinics","description":"Korrektur h\u00e4ngender Augenlider mittels chirurgischer Lidstraffung (Bleharoplastik), ambulanter Mikrofettabsaugung, Stammzellen und Platelet-Rich Plasma.","robots":{"index":"index","follow":"follow","max-snippet":"max-snippet:-1","max-image-preview":"max-image-preview:large","max-video-preview":"max-video-preview:-1"},"canonical":"https:\/\/swissclinics.net\/de\/behandlungen\/augenlidkorrektur\/","og_locale":"de_DE","og_type":"article","og_title":"Augenlidkorrektur mit Lidstraffung und Mikrofettabsaugung &#183; Swiss Clinics","og_description":"Korrektur h\u00e4ngender Augenlider mittels chirurgischer Lidstraffung (Bleharoplastik), ambulanter Mikrofettabsaugung, Stammzellen und Platelet-Rich Plasma.","og_url":"https:\/\/swissclinics.net\/de\/behandlungen\/augenlidkorrektur\/","og_site_name":"Swiss Clinics","article_publisher":"https:\/\/www.facebook.com\/swissclinics\/","article_modified_time":"2017-07-04T07:18:55+00:00","og_image":[{"width":640,"height":455,"url":"https:\/\/swissclinics.net\/de\/wp-content\/uploads\/sites\/3\/augenlidkorrektur.jpg","type":"image\/jpeg"}],"twitter_card":"summary_large_image","twitter_misc":{"Gesch\u00e4tzte Lesezeit":"3\u00a0Minuten"},"schema":{"@context":"https:\/\/schema.org","@graph":[{"@type":"WebPage","@id":"https:\/\/swissclinics.net\/de\/behandlungen\/augenlidkorrektur\/","url":"https:\/\/swissclinics.net\/de\/behandlungen\/augenlidkorrektur\/","name":"Augenlidkorrektur mit Lidstraffung und Mikrofettabsaugung &#183; Swiss Clinics","isPartOf":{"@id":"https:\/\/swissclinics.net\/de\/#website"},"primaryImageOfPage":{"@id":"https:\/\/swissclinics.net\/de\/behandlungen\/augenlidkorrektur\/#primaryimage"},"image":{"@id":"https:\/\/swissclinics.net\/de\/behandlungen\/augenlidkorrektur\/#primaryimage"},"thumbnailUrl":"https:\/\/swissclinics.net\/de\/wp-content\/uploads\/sites\/3\/augenlidkorrektur.jpg","datePublished":"2016-11-29T20:25:03+00:00","dateModified":"2017-07-04T07:18:55+00:00","description":"Korrektur h\u00e4ngender Augenlider mittels chirurgischer Lidstraffung (Bleharoplastik), ambulanter Mikrofettabsaugung, Stammzellen und Platelet-Rich Plasma.","breadcrumb":{"@id":"https:\/\/swissclinics.net\/de\/behandlungen\/augenlidkorrektur\/#breadcrumb"},"inLanguage":"de","potentialAction":[{"@type":"ReadAction","target":["https:\/\/swissclinics.net\/de\/behandlungen\/augenlidkorrektur\/"]}]},{"@type":"ImageObject","inLanguage":"de","@id":"https:\/\/swissclinics.net\/de\/behandlungen\/augenlidkorrektur\/#primaryimage","url":"https:\/\/swissclinics.net\/de\/wp-content\/uploads\/sites\/3\/augenlidkorrektur.jpg","contentUrl":"https:\/\/swissclinics.net\/de\/wp-content\/uploads\/sites\/3\/augenlidkorrektur.jpg","width":640,"height":455},{"@type":"BreadcrumbList","@id":"https:\/\/swissclinics.net\/de\/behandlungen\/augenlidkorrektur\/#breadcrumb","itemListElement":[{"@type":"ListItem","position":1,"name":"Home","item":"https:\/\/swissclinics.net\/de\/"},{"@type":"ListItem","position":2,"name":"Behandlungen","item":"https:\/\/swissclinics.net\/de\/behandlungen\/"},{"@type":"ListItem","position":3,"name":"Augenlidkorrektur"}]},{"@type":"WebSite","@id":"https:\/\/swissclinics.net\/de\/#website","url":"https:\/\/swissclinics.net\/de\/","name":"Swiss Clinics","description":"Medizin mit Schweizer Qualit\u00e4t.","potentialAction":[{"@type":"SearchAction","target":{"@type":"EntryPoint","urlTemplate":"https:\/\/swissclinics.net\/de\/?s={search_term_string}"},"query-input":{"@type":"PropertyValueSpecification","valueRequired":true,"valueName":"search_term_string"}}],"inLanguage":"de"}]}},"_links":{"self":[{"href":"https:\/\/swissclinics.net\/de\/wp-json\/wp\/v2\/pages\/378","targetHints":{"allow":["GET"]}}],"collection":[{"href":"https:\/\/swissclinics.net\/de\/wp-json\/wp\/v2\/pages"}],"about":[{"href":"https:\/\/swissclinics.net\/de\/wp-json\/wp\/v2\/types\/page"}],"author":[{"embeddable":true,"href":"https:\/\/swissclinics.net\/de\/wp-json\/wp\/v2\/users\/9"}],"replies":[{"embeddable":true,"href":"https:\/\/swissclinics.net\/de\/wp-json\/wp\/v2\/comments?post=378"}],"version-history":[{"count":5,"href":"https:\/\/swissclinics.net\/de\/wp-json\/wp\/v2\/pages\/378\/revisions"}],"predecessor-version":[{"id":758,"href":"https:\/\/swissclinics.net\/de\/wp-json\/wp\/v2\/pages\/378\/revisions\/758"}],"up":[{"embeddable":true,"href":"https:\/\/swissclinics.net\/de\/wp-json\/wp\/v2\/pages\/32"}],"wp:featuredmedia":[{"embeddable":true,"href":"https:\/\/swissclinics.net\/de\/wp-json\/wp\/v2\/media\/600"}],"wp:attachment":[{"href":"https:\/\/swissclinics.net\/de\/wp-json\/wp\/v2\/media?parent=378"}],"curies":[{"name":"wp","href":"https:\/\/api.w.org\/{rel}","templated":true}]}}