{"id":374,"date":"2016-11-29T16:33:03","date_gmt":"2016-11-29T15:33:03","guid":{"rendered":"https:\/\/swissclinics.net\/de\/?page_id=374"},"modified":"2017-07-04T10:55:01","modified_gmt":"2017-07-04T08:55:01","slug":"ohranlegeplastik","status":"publish","type":"page","link":"https:\/\/swissclinics.net\/de\/behandlungen\/ohranlegeplastik\/","title":{"rendered":"Ohranlegeplastik"},"content":{"rendered":"<p>Die <strong>Ohranlegeplastik<\/strong>, fachsprachlich <strong>Otopexie<\/strong>, beschreibt die Korrektur abstehender Ohrmuscheln, die Behebung von Asymmetrien oder die Verkleinerung stark ausgepr\u00e4gter Ohrmuscheln mittels eines chirurgischen Verfahrens. Die Entscheidung f\u00fcr einen Eingriff an den Ohren erfolgt meist aus \u00e4sthetischen Gr\u00fcnden. In bestimmten F\u00e4llen k\u00f6nnen auch funktionelle Einschr\u00e4nkungen eine Korrektur erforderlich machen.<\/p>\n<p>Fehlbildungen am Ohr sind meist angeboren und entstehen bereits w\u00e4hrend der Embryonalentwicklung. H\u00e4ufig liegt eine unzureichend ausgebildete Anthelixfalte (W\u00f6lbung der Ohrmuschel) oder einem Knorpel\u00fcberschuss im Bereich der Ohren vor. Man spricht von \u201eSegelohren\u201c, wenn die Ohren in einem Winkel gr\u00f6\u00dfer als 30 Grad vom Kopf abstehen oder der Abstand zwischen Kopf und Ohrmuschel \u00fcber 2 Zentimeter betr\u00e4gt.<\/p>\n<p>Bei vielen Betroffenen verursachen abstehende Ohren einen enormen Leidensdruck. Aus Angst vor Verspottung werden die unerw\u00fcnschten Segelohren unter zweckm\u00e4\u00dfigen Haarschnitten verdeckt. Viele Betroffene mussten bereits im Kindesalter Spott und H\u00e4nseleien aufgrund ihrer Ohrenform ertragen. Das Selbstwertgef\u00fchl kann dadurch schon in jungen Jahren beeintr\u00e4chtigt werden und im Erwachsenenalter ein geringeres Selbstsicherheitsgef\u00fchl zur Folge haben.<\/p>\n<p>Um psychische Belastung im Kindesalter und weitere Folgen zu vermeiden, ist es meist ratsam, die abstehenden Ohren bereits vor der Einschulung korrigieren zu lassen. Der optimale Zeitpunkt f\u00fcr eine Ohranlegeoperation liegt zwischen dem 5. und 6. Lebensjahr, grunds\u00e4tzlich ist der Eingriff aber auch im Erwachsenenalter m\u00f6glich.<\/p>\n<h2>Chirurgische Methoden der Ohrenanlegeplastik<\/h2>\n<p>Zur Korrektur abstehender Ohrmuscheln gibt es drei herk\u00f6mmliche Standardtechniken:<\/p>\n<p>Bei der <strong>Naht-Technik nach Mustard\u00e9<\/strong> erfolgt zun\u00e4chst ein Hautschnitt im hinteren Bereich der Ohrmuschel. Im Anschluss formt der Arzt die Ohrmuschel und bringt sie durch Zug mit einem Faden in eine optimale Position, die mit bleibenden N\u00e4hten fixiert wird. Ein Vorteil dieser Methode ist, dass der Knorpel durch den Verzicht auf zus\u00e4tzliche Schnitte und Ritzungen kaum geschw\u00e4cht wird und bleibende Verformungen so gut wie ausgeschlossen werden k\u00f6nnen.<\/p>\n<p>Die kombinierte <strong>Schnitt-Naht-Technik nach Converse<\/strong> l\u00e4uft grunds\u00e4tzlich nach demselben Schema ab. Um den Knorpel formbarer zu machen und die Spannung des sp\u00e4ter eingelegten Fadens zu verringern, werden aber zus\u00e4tzlich Schnitte in den Knorpel vorgenommen. Sobald das Ohr zufriedenstellend geformt ist, wird es mit abbaubaren N\u00e4hten in Position gehalten. Diese Form der Ohranlegeoperation erm\u00f6glicht besonders pr\u00e4zise Formungen des Ohrknorpels.<\/p>\n<p>Bei der <strong>Ritztechnik nach Sternstr\u00f6m<\/strong> macht man sich die Eigenschaft von Knorpel zunutze, sich nach Einritzung in die entgegengesetzte Richtung zu verbiegen. So legt sich die Ohrmuschel eigenst\u00e4ndig an den Kopf an, ohne dass im Nachhinein eine Naht n\u00f6tig ist. Aufgrund der sinkenden Knorpelelastizit\u00e4t im zunehmenden Alter ist diese Technik nicht f\u00fcr alle Patienten geeignet.<\/p>\n<p>W\u00e4hrend die Standardmethoden Risiken wie Verformung, ein anhaltendes Taubheitsgef\u00fchl, Entz\u00fcndungen des Knorpels oder der Wunde etc. bergen, handelt es sich bei der wesentlich j\u00fcngeren Sonderform der Ohrenanlegeoperation, der <strong>Fadenmethode<\/strong>, um eine schonendere Technik. Der minimalinvasive Eingriff kommt ohne Hautschnitte aus und verwendet dauerhaft im K\u00f6rper verbleibende N\u00e4hte, die das Ohr in Position halten. Die Operation ist nach 15 bis 30 Minuten abgeschlossen. Im Gegensatz zu den Standardtechniken ist nach dem Eingriff ein Verband \u00fcberfl\u00fcssig. Der Knorpel wird jedoch nur verformt und nicht geformt, weshalb er eventuell wieder seine Ursprungsposition einnehmen kann.<\/p>\n<p>Welche der Techniken im Einzelfall geeignet ist, wird je nach Art der Fehlbildung und deren Auspr\u00e4gung im Rahmen eines Beratungsgespr\u00e4chs entschieden. Bei Kindern werden Eingriffe zur Ohrenkorrektur meist unter Vollnarkose durchgef\u00fchrt, Erwachsene ben\u00f6tigen hingegen lediglich eine \u00f6rtliche Bet\u00e4ubung oder einen D\u00e4mmerschlaf.<\/p>\n","protected":false},"excerpt":{"rendered":"<p>Die Ohranlegeplastik, fachsprachlich Otopexie, beschreibt die Korrektur abstehender Ohrmuscheln, die Behebung von Asymmetrien oder die Verkleinerung stark ausgepr\u00e4gter Ohrmuscheln mittels eines chirurgischen Verfahrens. Die Entscheidung f\u00fcr einen Eingriff an den Ohren erfolgt meist aus \u00e4sthetischen Gr\u00fcnden. In bestimmten F\u00e4llen k\u00f6nnen auch funktionelle Einschr\u00e4nkungen eine Korrektur erforderlich machen. Fehlbildungen am Ohr sind meist angeboren und entstehen\u2026<span class=\"moretag-separator\">&nbsp;\u00b7 <\/span><a class=\"moretag\" href=\"https:\/\/swissclinics.net\/de\/behandlungen\/ohranlegeplastik\/\">Weiterlesen&nbsp;\u00bb<\/a><\/p>\n","protected":false},"author":9,"featured_media":0,"parent":32,"menu_order":0,"comment_status":"closed","ping_status":"closed","template":"","meta":{"footnotes":""},"class_list":["post-374","page","type-page","status-publish","hentry"],"yoast_head":"<!-- This site is optimized with the Yoast SEO plugin v27.2 - https:\/\/yoast.com\/product\/yoast-seo-wordpress\/ -->\n<title>Korrektur abstehender Ohren mit Ohranlegeplastik &#183; Swiss Clinics<\/title>\n<meta name=\"description\" content=\"Abstehende Ohren k\u00f6nnen mit verschiedenen chirurgischen Techniken der Ohranlegeplastik (Otopexie) korrigiert und Fehlformen der Ohren ausgeglichen werden.\" \/>\n<meta name=\"robots\" content=\"index, follow, max-snippet:-1, max-image-preview:large, max-video-preview:-1\" \/>\n<link rel=\"canonical\" href=\"https:\/\/swissclinics.net\/de\/behandlungen\/ohranlegeplastik\/\" \/>\n<meta property=\"og:locale\" content=\"de_DE\" \/>\n<meta property=\"og:type\" content=\"article\" \/>\n<meta property=\"og:title\" content=\"Korrektur abstehender Ohren mit Ohranlegeplastik &#183; Swiss Clinics\" \/>\n<meta property=\"og:description\" content=\"Abstehende Ohren k\u00f6nnen mit verschiedenen chirurgischen Techniken der Ohranlegeplastik (Otopexie) korrigiert und Fehlformen der Ohren ausgeglichen werden.\" \/>\n<meta property=\"og:url\" content=\"https:\/\/swissclinics.net\/de\/behandlungen\/ohranlegeplastik\/\" \/>\n<meta property=\"og:site_name\" content=\"Swiss Clinics\" \/>\n<meta property=\"article:publisher\" content=\"https:\/\/www.facebook.com\/swissclinics\/\" \/>\n<meta property=\"article:modified_time\" content=\"2017-07-04T08:55:01+00:00\" \/>\n<meta name=\"twitter:card\" content=\"summary_large_image\" \/>\n<meta name=\"twitter:label1\" content=\"Gesch\u00e4tzte Lesezeit\" \/>\n\t<meta name=\"twitter:data1\" content=\"3\u00a0Minuten\" \/>\n<script type=\"application\/ld+json\" class=\"yoast-schema-graph\">{\"@context\":\"https:\/\/schema.org\",\"@graph\":[{\"@type\":\"WebPage\",\"@id\":\"https:\/\/swissclinics.net\/de\/behandlungen\/ohranlegeplastik\/\",\"url\":\"https:\/\/swissclinics.net\/de\/behandlungen\/ohranlegeplastik\/\",\"name\":\"Korrektur abstehender Ohren mit Ohranlegeplastik &#183; Swiss Clinics\",\"isPartOf\":{\"@id\":\"https:\/\/swissclinics.net\/de\/#website\"},\"datePublished\":\"2016-11-29T15:33:03+00:00\",\"dateModified\":\"2017-07-04T08:55:01+00:00\",\"description\":\"Abstehende Ohren k\u00f6nnen mit verschiedenen chirurgischen Techniken der Ohranlegeplastik (Otopexie) korrigiert und Fehlformen der Ohren ausgeglichen werden.\",\"breadcrumb\":{\"@id\":\"https:\/\/swissclinics.net\/de\/behandlungen\/ohranlegeplastik\/#breadcrumb\"},\"inLanguage\":\"de\",\"potentialAction\":[{\"@type\":\"ReadAction\",\"target\":[\"https:\/\/swissclinics.net\/de\/behandlungen\/ohranlegeplastik\/\"]}]},{\"@type\":\"BreadcrumbList\",\"@id\":\"https:\/\/swissclinics.net\/de\/behandlungen\/ohranlegeplastik\/#breadcrumb\",\"itemListElement\":[{\"@type\":\"ListItem\",\"position\":1,\"name\":\"Home\",\"item\":\"https:\/\/swissclinics.net\/de\/\"},{\"@type\":\"ListItem\",\"position\":2,\"name\":\"Behandlungen\",\"item\":\"https:\/\/swissclinics.net\/de\/behandlungen\/\"},{\"@type\":\"ListItem\",\"position\":3,\"name\":\"Ohranlegeplastik\"}]},{\"@type\":\"WebSite\",\"@id\":\"https:\/\/swissclinics.net\/de\/#website\",\"url\":\"https:\/\/swissclinics.net\/de\/\",\"name\":\"Swiss Clinics\",\"description\":\"Medizin mit Schweizer Qualit\u00e4t.\",\"potentialAction\":[{\"@type\":\"SearchAction\",\"target\":{\"@type\":\"EntryPoint\",\"urlTemplate\":\"https:\/\/swissclinics.net\/de\/?s={search_term_string}\"},\"query-input\":{\"@type\":\"PropertyValueSpecification\",\"valueRequired\":true,\"valueName\":\"search_term_string\"}}],\"inLanguage\":\"de\"}]}<\/script>\n<!-- \/ Yoast SEO plugin. -->","yoast_head_json":{"title":"Korrektur abstehender Ohren mit Ohranlegeplastik &#183; Swiss Clinics","description":"Abstehende Ohren k\u00f6nnen mit verschiedenen chirurgischen Techniken der Ohranlegeplastik (Otopexie) korrigiert und Fehlformen der Ohren ausgeglichen werden.","robots":{"index":"index","follow":"follow","max-snippet":"max-snippet:-1","max-image-preview":"max-image-preview:large","max-video-preview":"max-video-preview:-1"},"canonical":"https:\/\/swissclinics.net\/de\/behandlungen\/ohranlegeplastik\/","og_locale":"de_DE","og_type":"article","og_title":"Korrektur abstehender Ohren mit Ohranlegeplastik &#183; Swiss Clinics","og_description":"Abstehende Ohren k\u00f6nnen mit verschiedenen chirurgischen Techniken der Ohranlegeplastik (Otopexie) korrigiert und Fehlformen der Ohren ausgeglichen werden.","og_url":"https:\/\/swissclinics.net\/de\/behandlungen\/ohranlegeplastik\/","og_site_name":"Swiss Clinics","article_publisher":"https:\/\/www.facebook.com\/swissclinics\/","article_modified_time":"2017-07-04T08:55:01+00:00","twitter_card":"summary_large_image","twitter_misc":{"Gesch\u00e4tzte Lesezeit":"3\u00a0Minuten"},"schema":{"@context":"https:\/\/schema.org","@graph":[{"@type":"WebPage","@id":"https:\/\/swissclinics.net\/de\/behandlungen\/ohranlegeplastik\/","url":"https:\/\/swissclinics.net\/de\/behandlungen\/ohranlegeplastik\/","name":"Korrektur abstehender Ohren mit Ohranlegeplastik &#183; Swiss Clinics","isPartOf":{"@id":"https:\/\/swissclinics.net\/de\/#website"},"datePublished":"2016-11-29T15:33:03+00:00","dateModified":"2017-07-04T08:55:01+00:00","description":"Abstehende Ohren k\u00f6nnen mit verschiedenen chirurgischen Techniken der Ohranlegeplastik (Otopexie) korrigiert und Fehlformen der Ohren ausgeglichen werden.","breadcrumb":{"@id":"https:\/\/swissclinics.net\/de\/behandlungen\/ohranlegeplastik\/#breadcrumb"},"inLanguage":"de","potentialAction":[{"@type":"ReadAction","target":["https:\/\/swissclinics.net\/de\/behandlungen\/ohranlegeplastik\/"]}]},{"@type":"BreadcrumbList","@id":"https:\/\/swissclinics.net\/de\/behandlungen\/ohranlegeplastik\/#breadcrumb","itemListElement":[{"@type":"ListItem","position":1,"name":"Home","item":"https:\/\/swissclinics.net\/de\/"},{"@type":"ListItem","position":2,"name":"Behandlungen","item":"https:\/\/swissclinics.net\/de\/behandlungen\/"},{"@type":"ListItem","position":3,"name":"Ohranlegeplastik"}]},{"@type":"WebSite","@id":"https:\/\/swissclinics.net\/de\/#website","url":"https:\/\/swissclinics.net\/de\/","name":"Swiss Clinics","description":"Medizin mit Schweizer Qualit\u00e4t.","potentialAction":[{"@type":"SearchAction","target":{"@type":"EntryPoint","urlTemplate":"https:\/\/swissclinics.net\/de\/?s={search_term_string}"},"query-input":{"@type":"PropertyValueSpecification","valueRequired":true,"valueName":"search_term_string"}}],"inLanguage":"de"}]}},"_links":{"self":[{"href":"https:\/\/swissclinics.net\/de\/wp-json\/wp\/v2\/pages\/374","targetHints":{"allow":["GET"]}}],"collection":[{"href":"https:\/\/swissclinics.net\/de\/wp-json\/wp\/v2\/pages"}],"about":[{"href":"https:\/\/swissclinics.net\/de\/wp-json\/wp\/v2\/types\/page"}],"author":[{"embeddable":true,"href":"https:\/\/swissclinics.net\/de\/wp-json\/wp\/v2\/users\/9"}],"replies":[{"embeddable":true,"href":"https:\/\/swissclinics.net\/de\/wp-json\/wp\/v2\/comments?post=374"}],"version-history":[{"count":3,"href":"https:\/\/swissclinics.net\/de\/wp-json\/wp\/v2\/pages\/374\/revisions"}],"predecessor-version":[{"id":722,"href":"https:\/\/swissclinics.net\/de\/wp-json\/wp\/v2\/pages\/374\/revisions\/722"}],"up":[{"embeddable":true,"href":"https:\/\/swissclinics.net\/de\/wp-json\/wp\/v2\/pages\/32"}],"wp:attachment":[{"href":"https:\/\/swissclinics.net\/de\/wp-json\/wp\/v2\/media?parent=374"}],"curies":[{"name":"wp","href":"https:\/\/api.w.org\/{rel}","templated":true}]}}