{"id":37,"date":"2016-06-03T15:30:33","date_gmt":"2016-06-03T13:30:33","guid":{"rendered":"http:\/\/swissclinics.net\/de\/?page_id=37"},"modified":"2024-06-06T11:17:51","modified_gmt":"2024-06-06T09:17:51","slug":"stammzelltherapie","status":"publish","type":"page","link":"https:\/\/swissclinics.net\/de\/behandlungen\/stammzelltherapie\/","title":{"rendered":"Stammzelltherapie"},"content":{"rendered":"<p>Stammzellen bieten f\u00fcr zahlreiche bisher schwer oder nicht therapierbare Erkrankungen einen neuen Therapieansatz. Weil Stammzelltherapie relativ neu ist und die Pharmaindustrie ein gro\u00dfes Interesse daran hat, Stammzellpr\u00e4parate zu patentieren und als Medikamente zuzulassen, gibt es in vielen L\u00e4ndern unterschiedliche Einschr\u00e4nkungen dieser Behandlungen. Wir wissen, welche Art von Stammzelltherapie f\u00fcr Ihr medizinisches Problem erfolgversprechend ist und welcher Arzt in welchem Land diese Therapie kompetent durchf\u00fchrt.<\/p>\n<h2>Behandelbare Erkrankungen<\/h2>\n<div class=\"teasers small\"><section class=\"teaser\">\n  <a class=\"teaser-link\" href=\"https:\/\/swissclinics.net\/de\/behandlungen\/arthrose-arthritis\/\">\n    <h3>Arthrose und Arthritis<\/h3>\n    <div class=\"teaser-image\">\n      <img loading=\"lazy\" decoding=\"async\" width=\"320\" height=\"212\" src=\"https:\/\/swissclinics.net\/de\/wp-content\/uploads\/sites\/3\/arthrose-arthritis-320x212.jpg\" class=\"attachment-sadagi-medium size-sadagi-medium wp-post-image\" alt=\"\" srcset=\"https:\/\/swissclinics.net\/de\/wp-content\/uploads\/sites\/3\/arthrose-arthritis-320x212.jpg 320w, https:\/\/swissclinics.net\/de\/wp-content\/uploads\/sites\/3\/arthrose-arthritis-160x106.jpg 160w\" sizes=\"auto, (min-width: 754px) calc((672px - 6rem) \/ 3), (min-width: 370px) calc((100% - 6rem) \/ 3), calc(100% - 2rem)\" \/>\n    <\/div><\/a>\n  <\/section><section class=\"teaser\">\n  <a class=\"teaser-link\" href=\"https:\/\/swissclinics.net\/de\/behandlungen\/morbus-crohn\/\">\n    <h3>Morbus Crohn<\/h3>\n    <div class=\"teaser-image\">\n      <img loading=\"lazy\" decoding=\"async\" width=\"320\" height=\"212\" src=\"https:\/\/swissclinics.net\/de\/wp-content\/uploads\/sites\/3\/morbus-crohn-320x212.jpg\" class=\"attachment-sadagi-medium size-sadagi-medium wp-post-image\" alt=\"\" srcset=\"https:\/\/swissclinics.net\/de\/wp-content\/uploads\/sites\/3\/morbus-crohn-320x212.jpg 320w, https:\/\/swissclinics.net\/de\/wp-content\/uploads\/sites\/3\/morbus-crohn-160x106.jpg 160w\" sizes=\"auto, (min-width: 754px) calc((672px - 6rem) \/ 3), (min-width: 370px) calc((100% - 6rem) \/ 3), calc(100% - 2rem)\" \/>\n    <\/div><\/a>\n  <\/section><section class=\"teaser\">\n  <a class=\"teaser-link\" href=\"https:\/\/swissclinics.net\/de\/behandlungen\/adrenal-fatigue\/\">\n    <h3>Adrenal Fatigue<\/h3>\n    <div class=\"teaser-image\">\n      <img loading=\"lazy\" decoding=\"async\" width=\"320\" height=\"212\" src=\"https:\/\/swissclinics.net\/de\/wp-content\/uploads\/sites\/3\/adrenal-fatigue-320x212.jpg\" class=\"attachment-sadagi-medium size-sadagi-medium wp-post-image\" alt=\"\" srcset=\"https:\/\/swissclinics.net\/de\/wp-content\/uploads\/sites\/3\/adrenal-fatigue-320x212.jpg 320w, https:\/\/swissclinics.net\/de\/wp-content\/uploads\/sites\/3\/adrenal-fatigue-160x106.jpg 160w\" sizes=\"auto, (min-width: 754px) calc((672px - 6rem) \/ 3), (min-width: 370px) calc((100% - 6rem) \/ 3), calc(100% - 2rem)\" \/>\n    <\/div><\/a>\n  <\/section><\/div>\n<h3>Alle behandelbaren Erkrankungen<\/h3>\n<ul class=\"category-list\"><li><a href=\"https:\/\/swissclinics.net\/de\/behandlungen\/adrenal-fatigue\/\">Adrenal Fatigue<\/a><\/li><li><a href=\"https:\/\/swissclinics.net\/de\/behandlungen\/alzheimer\/\">Alzheimer<\/a><\/li><li><a href=\"https:\/\/swissclinics.net\/de\/behandlungen\/amyotrophe-lateralsklerose\/\">Amyotrophe Lateralsklerose (ALS)<\/a><\/li><li><a href=\"https:\/\/swissclinics.net\/de\/behandlungen\/arteriosklerose\/\">Arteriosklerose<\/a><\/li><li><a href=\"https:\/\/swissclinics.net\/de\/behandlungen\/arthrose-arthritis\/\">Arthrose und Arthritis<\/a><\/li><li><a href=\"https:\/\/swissclinics.net\/de\/behandlungen\/asthma\/\">Asthma<\/a><\/li><li><a href=\"https:\/\/swissclinics.net\/de\/behandlungen\/augenlidkorrektur\/\">Augenlidkorrektur<\/a><\/li><li><a href=\"https:\/\/swissclinics.net\/de\/behandlungen\/brustvergroesserung\/\">Brustvergr\u00f6\u00dferung<\/a><\/li><li><a href=\"https:\/\/swissclinics.net\/de\/behandlungen\/colitis-ulcerosa\/\">Colitis ulcerosa<\/a><\/li><li><a href=\"https:\/\/swissclinics.net\/de\/behandlungen\/diabetes-zuckerkrankheit\/\">Diabetes (Zuckerkrankheit)<\/a><\/li><li><a href=\"https:\/\/swissclinics.net\/de\/behandlungen\/empty-nose-syndrome\/\">Empty Nose Syndrome (ENS)<\/a><\/li><li><a href=\"https:\/\/swissclinics.net\/de\/behandlungen\/erektile-dysfunktion\/\">Erektile Dysfunktion (ED)<\/a><\/li><li><a href=\"https:\/\/swissclinics.net\/de\/behandlungen\/facelift\/\">Facelift<\/a><\/li><li><a href=\"https:\/\/swissclinics.net\/de\/behandlungen\/fibromyalgie\/\">Fibromyalgie<\/a><\/li><li><a href=\"https:\/\/swissclinics.net\/de\/behandlungen\/haarausfall-alopezie\/\">Haarausfall (Alopezie)<\/a><\/li><li><a href=\"https:\/\/swissclinics.net\/de\/behandlungen\/in-vitro-fertilisation\/\">In-vitro-Fertilisation (IVF)<\/a><\/li><li><a href=\"https:\/\/swissclinics.net\/de\/behandlungen\/migraene\/\">Migr\u00e4ne<\/a><\/li><li><a href=\"https:\/\/swissclinics.net\/de\/behandlungen\/morbus-crohn\/\">Morbus Crohn<\/a><\/li><li><a href=\"https:\/\/swissclinics.net\/de\/behandlungen\/multiple-sklerose\/\">Multiple Sklerose (MS)<\/a><\/li><li><a href=\"https:\/\/swissclinics.net\/de\/behandlungen\/muskeldystrophie\/\">Muskeldystrophie<\/a><\/li><li><a href=\"https:\/\/swissclinics.net\/de\/behandlungen\/ovarialinsuffizienz\/\">Ovarialinsuffizienz<\/a><\/li><li><a href=\"https:\/\/swissclinics.net\/de\/behandlungen\/parkinson\/\">Parkinson<\/a><\/li><li><a href=\"https:\/\/swissclinics.net\/de\/behandlungen\/periphere-neuropathie\/\">Periphere Neuropathie<\/a><\/li><li><a href=\"https:\/\/swissclinics.net\/de\/behandlungen\/rheumatismus\/\">Rheumatismus<\/a><\/li><li><a href=\"https:\/\/swissclinics.net\/de\/behandlungen\/sklerodermie\/\">Sklerodermie<\/a><\/li><li><a href=\"https:\/\/swissclinics.net\/de\/steigerung-spermienqualitaet\/\">Steigerung der Spermienqualit\u00e4t<\/a><\/li><li><a href=\"https:\/\/swissclinics.net\/de\/behandlungen\/wundheilungsstoerung\/\">Wundheilungsst\u00f6rung<\/a><\/li><\/ul>\n<div class=\"remark\">\n<p>Stammzelltherapien sind neuartige, experimentelle Verfahren, die weltweit erst seit kurzer Zeit eingesetzt werden. Daher sind f\u00fcr Behandlungen mit Stammzellen die f\u00fcr eine anerkannte Behandlungsmethode n\u00f6tigen Langzeitstudien und verl\u00e4sslichen Dokumentationen zu Erfolgen, Risiken und Nebenwirkungen noch nicht verf\u00fcgbar. Diese Seite dient alleine der Information und stellt keine medizinische Beratung dar. Es werden ausdr\u00fccklich keine Garantien oder Heilversprechen gegeben.<\/p>\n<p><strong>Stammzelltherapien sind weltweit verschieden geregelt. Die jeweiligen nationalen Rechtsvorschriften, die unterschiedliche Voraussetzungen f\u00fcr die Durchf\u00fchrung experimenteller Therapien normieren, sind zu beachten. Stammzelltherapien werden grunds\u00e4tzlich ausschlie\u00dflich in jenen L\u00e4ndern durchgef\u00fchrt, wo die konkrete Behandlungsform zul\u00e4ssig ist.<\/strong><\/p>\n<\/div>\n<h2>Formen der Stammzelltherapie<\/h2>\n<p>Stammzellen sind essentiell f\u00fcr die Entwicklung, Regeneration und Heilung unseres K\u00f6rpers. Stammzellen sind aber nicht gleich Stammzellen. Grunds\u00e4tzlich unterscheidet man folgende Arten von Stammzellen, die im K\u00f6rper unterschiedliche Aufgaben haben und f\u00fcr verschiedene Formen der Stammzelltherapie mehr oder weniger gut genutzt werden k\u00f6nnen.<\/p>\n<p>Im Rahmen einer Stammzelltransplantation k\u00f6nnen entweder <strong>k\u00f6rpereigene<\/strong> oder <strong>gespendete Stammzellen<\/strong> zur Therapie verschiedener Leiden verabreicht werden.<\/p>\n<h3>Adulte Stammzellen<\/h3>\n<p><strong>Mesenchymale Stammzellen (MSC, Mesenchymal Stem Cells)<\/strong> besitzen die F\u00e4higkeit, K\u00f6rpergewebe zur Regeneration anzuregen. Dadurch k\u00f6nnen sie zur Erneuerung von durch Krankheit oder Verletzungen gesch\u00e4digtem oder gealtertem Gewebe beitragen. Mesenchymale Stammzellen sind auch daf\u00fcr bekannt, bei der Regeneration von Blutgef\u00e4\u00dfen eine wichtige Rolle zu spielen. Dar\u00fcber hinaus sind mesenchymale Stammzellen in der Lage, K\u00f6rpergewebe zu sch\u00fctzen, indem sie Entz\u00fcndungen hemmen und fehlerhafte Autoimmunreaktionen d\u00e4mpfen.<\/p>\n<p>Die Gewinnung mesenchymaler Stammzellen kann sowohl aus dem <strong>Fettgewebe (Adipose-Derived Stem Cells, ADSC)<\/strong>, als auch aus dem <strong>Knochenmark (Bone Marrow-Derived Stem Cells, BMSC)<\/strong> erfolgen. Stammzellen aus k\u00f6rpereigenem Fettgewebe sind leichter zug\u00e4nglich als jene aus dem Knochenmark. Sie k\u00f6nnen aus einer kleinen Portion K\u00f6rperfett isoliert werden, das mittels Fettabsaugung in \u00f6rtlicher Bet\u00e4ubung abgesaugt wird. Die gewonnenen Stammzellen werden unmittelbar darauf in die zu behandelnden Areale injiziert.<\/p>\n<p>Stammzellen aus K\u00f6rperfett finden sowohl bei der Behandlung entz\u00fcndlicher und degenerativer Erkrankungen als auch in der \u00e4sthetischen Medizin Anwendung. Die Verabreichung kann entweder direkt in das betroffene Organ oder Gewebe oder, je nach Grunderkrankung, auch systemisch erfolgen. Aufgrund der gro\u00dfen Zahl an Stammzellen in Fettgewebe kann in der Regel auf eine Vermehrung der Zellen im Labor verzichtet werden.<\/p>\n<p><strong>H\u00e4matopoetische Stammzellen (HSC, Hematopoietic Stem Cells)<\/strong> dienen der k\u00f6rpereigenen Produktion der verschiedenen Zellen unseres Blutes. Sie werden z.B. in der Therapie von Leuk\u00e4mie eingesetzt. Dabei werden dem Patienten Stammzellen eines Spenders transplantiert.<\/p>\n<h3>Weitere Quellen f\u00fcr Stammzellen<\/h3>\n<p><strong>Neonatale Stammzellen<\/strong> werden aus dem Blut in der Nabelschnur gewonnen, das einen hohen Anteil an Blutstammzellen aufweist. Das umh\u00fcllende Gewebe beherbergt au\u00dferdem auch mesenchymale Stammzellen.<\/p>\n<p><strong>Embryonale Stammzellen<\/strong> weisen sogar pluripotenten Charakter auf. Das hei\u00dft, sie verf\u00fcgen als einzige Stammzellart \u00fcber die F\u00e4higkeit, alle Zelltypen unseres K\u00f6rpers zu bilden. Da embryonale Stammzellen aus Embryonen gewonnen werden, werden sie zurzeit in den meisten L\u00e4ndern nicht zur Behandlung von Menschen eingesetzt. Alternativ k\u00f6nnen pluripotente Stammzellen aus Zellen des erwachsenen K\u00f6rpers hergestellt werden. Das gro\u00dfe Potential dieser <strong>induzierten pluripotenten Stammzellen (iPS, Induced Pluripotent Stem Cells)<\/strong> birgt aber auch Risiken, weshalb diese Zellen nur in der Forschung Verwendung finden.<\/p>\n","protected":false},"excerpt":{"rendered":"<p>Stammzellen bieten f\u00fcr zahlreiche bisher schwer oder nicht therapierbare Erkrankungen einen neuen Therapieansatz. Weil Stammzelltherapie relativ neu ist und die Pharmaindustrie ein gro\u00dfes Interesse daran hat, Stammzellpr\u00e4parate zu patentieren und als Medikamente zuzulassen, gibt es in vielen L\u00e4ndern unterschiedliche Einschr\u00e4nkungen dieser Behandlungen. Wir wissen, welche Art von Stammzelltherapie f\u00fcr Ihr medizinisches Problem erfolgversprechend ist und\u2026<span class=\"moretag-separator\">&nbsp;\u00b7 <\/span><a class=\"moretag\" href=\"https:\/\/swissclinics.net\/de\/behandlungen\/wundheilungsstoerung\/\">Weiterlesen&nbsp;\u00bb<\/a><\/p>\n","protected":false},"author":9,"featured_media":577,"parent":32,"menu_order":0,"comment_status":"closed","ping_status":"closed","template":"","meta":{"footnotes":""},"class_list":["post-37","page","type-page","status-publish","has-post-thumbnail","hentry"],"yoast_head":"<!-- This site is optimized with the Yoast SEO plugin v27.2 - https:\/\/yoast.com\/product\/yoast-seo-wordpress\/ -->\n<title>Stammzelltherapie: Nat\u00fcrliche Regeneration und Heilung &#183; Swiss Clinics<\/title>\n<meta name=\"description\" content=\"K\u00f6rpereigene Stammzellen aus Fettgewebe und Knochenmark k\u00f6nnen bei einer Reihe von Krankheiten und medizinischen Zust\u00e4nden zur Linderung beitragen.\" \/>\n<meta name=\"robots\" content=\"index, follow, max-snippet:-1, max-image-preview:large, max-video-preview:-1\" \/>\n<link rel=\"canonical\" href=\"https:\/\/swissclinics.net\/de\/behandlungen\/stammzelltherapie\/\" \/>\n<meta property=\"og:locale\" content=\"de_DE\" \/>\n<meta property=\"og:type\" content=\"article\" \/>\n<meta property=\"og:title\" content=\"Stammzelltherapie: Nat\u00fcrliche Regeneration und Heilung &#183; Swiss Clinics\" \/>\n<meta property=\"og:description\" content=\"K\u00f6rpereigene Stammzellen aus Fettgewebe und Knochenmark k\u00f6nnen bei einer Reihe von Krankheiten und medizinischen Zust\u00e4nden zur Linderung beitragen.\" \/>\n<meta property=\"og:url\" content=\"https:\/\/swissclinics.net\/de\/behandlungen\/stammzelltherapie\/\" \/>\n<meta property=\"og:site_name\" content=\"Swiss Clinics\" \/>\n<meta property=\"article:publisher\" content=\"https:\/\/www.facebook.com\/swissclinics\/\" \/>\n<meta property=\"article:modified_time\" content=\"2024-06-06T09:17:51+00:00\" \/>\n<meta property=\"og:image\" content=\"https:\/\/swissclinics.net\/de\/wp-content\/uploads\/sites\/3\/stammzelltherapie.jpg\" \/>\n\t<meta property=\"og:image:width\" content=\"640\" \/>\n\t<meta property=\"og:image:height\" content=\"472\" \/>\n\t<meta property=\"og:image:type\" content=\"image\/jpeg\" \/>\n<meta name=\"twitter:card\" content=\"summary_large_image\" \/>\n<meta name=\"twitter:label1\" content=\"Gesch\u00e4tzte Lesezeit\" \/>\n\t<meta name=\"twitter:data1\" content=\"4\u00a0Minuten\" \/>\n<script type=\"application\/ld+json\" class=\"yoast-schema-graph\">{\"@context\":\"https:\/\/schema.org\",\"@graph\":[{\"@type\":\"WebPage\",\"@id\":\"https:\/\/swissclinics.net\/de\/behandlungen\/stammzelltherapie\/\",\"url\":\"https:\/\/swissclinics.net\/de\/behandlungen\/stammzelltherapie\/\",\"name\":\"Stammzelltherapie: Nat\u00fcrliche Regeneration und Heilung &#183; Swiss Clinics\",\"isPartOf\":{\"@id\":\"https:\/\/swissclinics.net\/de\/#website\"},\"primaryImageOfPage\":{\"@id\":\"https:\/\/swissclinics.net\/de\/behandlungen\/stammzelltherapie\/#primaryimage\"},\"image\":{\"@id\":\"https:\/\/swissclinics.net\/de\/behandlungen\/stammzelltherapie\/#primaryimage\"},\"thumbnailUrl\":\"https:\/\/swissclinics.net\/de\/wp-content\/uploads\/sites\/3\/stammzelltherapie.jpg\",\"datePublished\":\"2016-06-03T13:30:33+00:00\",\"dateModified\":\"2024-06-06T09:17:51+00:00\",\"description\":\"K\u00f6rpereigene Stammzellen aus Fettgewebe und Knochenmark k\u00f6nnen bei einer Reihe von Krankheiten und medizinischen Zust\u00e4nden zur Linderung beitragen.\",\"breadcrumb\":{\"@id\":\"https:\/\/swissclinics.net\/de\/behandlungen\/stammzelltherapie\/#breadcrumb\"},\"inLanguage\":\"de\",\"potentialAction\":[{\"@type\":\"ReadAction\",\"target\":[\"https:\/\/swissclinics.net\/de\/behandlungen\/stammzelltherapie\/\"]}]},{\"@type\":\"ImageObject\",\"inLanguage\":\"de\",\"@id\":\"https:\/\/swissclinics.net\/de\/behandlungen\/stammzelltherapie\/#primaryimage\",\"url\":\"https:\/\/swissclinics.net\/de\/wp-content\/uploads\/sites\/3\/stammzelltherapie.jpg\",\"contentUrl\":\"https:\/\/swissclinics.net\/de\/wp-content\/uploads\/sites\/3\/stammzelltherapie.jpg\",\"width\":640,\"height\":472},{\"@type\":\"BreadcrumbList\",\"@id\":\"https:\/\/swissclinics.net\/de\/behandlungen\/stammzelltherapie\/#breadcrumb\",\"itemListElement\":[{\"@type\":\"ListItem\",\"position\":1,\"name\":\"Home\",\"item\":\"https:\/\/swissclinics.net\/de\/\"},{\"@type\":\"ListItem\",\"position\":2,\"name\":\"Behandlungen\",\"item\":\"https:\/\/swissclinics.net\/de\/behandlungen\/\"},{\"@type\":\"ListItem\",\"position\":3,\"name\":\"Stammzelltherapie\"}]},{\"@type\":\"WebSite\",\"@id\":\"https:\/\/swissclinics.net\/de\/#website\",\"url\":\"https:\/\/swissclinics.net\/de\/\",\"name\":\"Swiss Clinics\",\"description\":\"Medizin mit Schweizer Qualit\u00e4t.\",\"potentialAction\":[{\"@type\":\"SearchAction\",\"target\":{\"@type\":\"EntryPoint\",\"urlTemplate\":\"https:\/\/swissclinics.net\/de\/?s={search_term_string}\"},\"query-input\":{\"@type\":\"PropertyValueSpecification\",\"valueRequired\":true,\"valueName\":\"search_term_string\"}}],\"inLanguage\":\"de\"}]}<\/script>\n<!-- \/ Yoast SEO plugin. -->","yoast_head_json":{"title":"Stammzelltherapie: Nat\u00fcrliche Regeneration und Heilung &#183; Swiss Clinics","description":"K\u00f6rpereigene Stammzellen aus Fettgewebe und Knochenmark k\u00f6nnen bei einer Reihe von Krankheiten und medizinischen Zust\u00e4nden zur Linderung beitragen.","robots":{"index":"index","follow":"follow","max-snippet":"max-snippet:-1","max-image-preview":"max-image-preview:large","max-video-preview":"max-video-preview:-1"},"canonical":"https:\/\/swissclinics.net\/de\/behandlungen\/stammzelltherapie\/","og_locale":"de_DE","og_type":"article","og_title":"Stammzelltherapie: Nat\u00fcrliche Regeneration und Heilung &#183; Swiss Clinics","og_description":"K\u00f6rpereigene Stammzellen aus Fettgewebe und Knochenmark k\u00f6nnen bei einer Reihe von Krankheiten und medizinischen Zust\u00e4nden zur Linderung beitragen.","og_url":"https:\/\/swissclinics.net\/de\/behandlungen\/stammzelltherapie\/","og_site_name":"Swiss Clinics","article_publisher":"https:\/\/www.facebook.com\/swissclinics\/","article_modified_time":"2024-06-06T09:17:51+00:00","og_image":[{"width":640,"height":472,"url":"https:\/\/swissclinics.net\/de\/wp-content\/uploads\/sites\/3\/stammzelltherapie.jpg","type":"image\/jpeg"}],"twitter_card":"summary_large_image","twitter_misc":{"Gesch\u00e4tzte Lesezeit":"4\u00a0Minuten"},"schema":{"@context":"https:\/\/schema.org","@graph":[{"@type":"WebPage","@id":"https:\/\/swissclinics.net\/de\/behandlungen\/stammzelltherapie\/","url":"https:\/\/swissclinics.net\/de\/behandlungen\/stammzelltherapie\/","name":"Stammzelltherapie: Nat\u00fcrliche Regeneration und Heilung &#183; Swiss Clinics","isPartOf":{"@id":"https:\/\/swissclinics.net\/de\/#website"},"primaryImageOfPage":{"@id":"https:\/\/swissclinics.net\/de\/behandlungen\/stammzelltherapie\/#primaryimage"},"image":{"@id":"https:\/\/swissclinics.net\/de\/behandlungen\/stammzelltherapie\/#primaryimage"},"thumbnailUrl":"https:\/\/swissclinics.net\/de\/wp-content\/uploads\/sites\/3\/stammzelltherapie.jpg","datePublished":"2016-06-03T13:30:33+00:00","dateModified":"2024-06-06T09:17:51+00:00","description":"K\u00f6rpereigene Stammzellen aus Fettgewebe und Knochenmark k\u00f6nnen bei einer Reihe von Krankheiten und medizinischen Zust\u00e4nden zur Linderung beitragen.","breadcrumb":{"@id":"https:\/\/swissclinics.net\/de\/behandlungen\/stammzelltherapie\/#breadcrumb"},"inLanguage":"de","potentialAction":[{"@type":"ReadAction","target":["https:\/\/swissclinics.net\/de\/behandlungen\/stammzelltherapie\/"]}]},{"@type":"ImageObject","inLanguage":"de","@id":"https:\/\/swissclinics.net\/de\/behandlungen\/stammzelltherapie\/#primaryimage","url":"https:\/\/swissclinics.net\/de\/wp-content\/uploads\/sites\/3\/stammzelltherapie.jpg","contentUrl":"https:\/\/swissclinics.net\/de\/wp-content\/uploads\/sites\/3\/stammzelltherapie.jpg","width":640,"height":472},{"@type":"BreadcrumbList","@id":"https:\/\/swissclinics.net\/de\/behandlungen\/stammzelltherapie\/#breadcrumb","itemListElement":[{"@type":"ListItem","position":1,"name":"Home","item":"https:\/\/swissclinics.net\/de\/"},{"@type":"ListItem","position":2,"name":"Behandlungen","item":"https:\/\/swissclinics.net\/de\/behandlungen\/"},{"@type":"ListItem","position":3,"name":"Stammzelltherapie"}]},{"@type":"WebSite","@id":"https:\/\/swissclinics.net\/de\/#website","url":"https:\/\/swissclinics.net\/de\/","name":"Swiss Clinics","description":"Medizin mit Schweizer Qualit\u00e4t.","potentialAction":[{"@type":"SearchAction","target":{"@type":"EntryPoint","urlTemplate":"https:\/\/swissclinics.net\/de\/?s={search_term_string}"},"query-input":{"@type":"PropertyValueSpecification","valueRequired":true,"valueName":"search_term_string"}}],"inLanguage":"de"}]}},"_links":{"self":[{"href":"https:\/\/swissclinics.net\/de\/wp-json\/wp\/v2\/pages\/37","targetHints":{"allow":["GET"]}}],"collection":[{"href":"https:\/\/swissclinics.net\/de\/wp-json\/wp\/v2\/pages"}],"about":[{"href":"https:\/\/swissclinics.net\/de\/wp-json\/wp\/v2\/types\/page"}],"author":[{"embeddable":true,"href":"https:\/\/swissclinics.net\/de\/wp-json\/wp\/v2\/users\/9"}],"replies":[{"embeddable":true,"href":"https:\/\/swissclinics.net\/de\/wp-json\/wp\/v2\/comments?post=37"}],"version-history":[{"count":33,"href":"https:\/\/swissclinics.net\/de\/wp-json\/wp\/v2\/pages\/37\/revisions"}],"predecessor-version":[{"id":841,"href":"https:\/\/swissclinics.net\/de\/wp-json\/wp\/v2\/pages\/37\/revisions\/841"}],"up":[{"embeddable":true,"href":"https:\/\/swissclinics.net\/de\/wp-json\/wp\/v2\/pages\/32"}],"wp:featuredmedia":[{"embeddable":true,"href":"https:\/\/swissclinics.net\/de\/wp-json\/wp\/v2\/media\/577"}],"wp:attachment":[{"href":"https:\/\/swissclinics.net\/de\/wp-json\/wp\/v2\/media?parent=37"}],"curies":[{"name":"wp","href":"https:\/\/api.w.org\/{rel}","templated":true}]}}