{"id":367,"date":"2016-11-23T13:16:57","date_gmt":"2016-11-23T12:16:57","guid":{"rendered":"https:\/\/swissclinics.net\/de\/?page_id=367"},"modified":"2017-07-05T14:19:51","modified_gmt":"2017-07-05T12:19:51","slug":"facelift","status":"publish","type":"page","link":"https:\/\/swissclinics.net\/de\/behandlungen\/facelift\/","title":{"rendered":"Facelift"},"content":{"rendered":"<p>Ein <strong>Facelift<\/strong>, zu Deutsch <strong>Gesichtsstraffung<\/strong>, ist ein medizinischer Eingriff, der auf eine optische Verj\u00fcngung des Gesichts abzielt. Bei der meist chirurgisch durchgef\u00fchrten Behandlung wird erschlaffte Haut entfernt, wodurch das Gesicht straffer erscheint und Falten gegl\u00e4ttet werden. W\u00e4hrend das Facelift mit dem Skalpell lediglich die \u00e4u\u00dferen Symptome von Hautalterung mindert, behandeln Therapien mit bioidentischen Hormonen, k\u00f6rpereigenen Stammzellen, Platelet-Rich Plasma (PRP) und Wachstumsfaktoren Ursachen f\u00fcr die schlechte Hautqualit\u00e4t.<\/p>\n<p>Mit zunehmendem Alter bildet sich die Muskulatur zur\u00fcck und die Elastizit\u00e4t der Fasern des Bindegewebes verringert sich \u2013 die Haut an Gesicht und K\u00f6rper verliert an Spannkraft und Vitalit\u00e4t. Ein weiterer Grund f\u00fcr Hautalterung ist, dass ab etwa dem 25. Lebensjahr die wichtigen Hautkomponenten Kollagen und Hyalurons\u00e4ure vom K\u00f6rper vermindert produziert werden. In der Folge kommt es zu einem Absinken des Augenbrauenbogens und der Wangenpartie. Oft geht auch der Unterkieferhalswinkel verloren, an dessen Stelle ein Doppelkinn tritt, das von Betroffenen h\u00e4ufig als belastend empfunden wird.<\/p>\n<h2>Chirurgische Methode des Facelifts<\/h2>\n<p>Das <strong>klassische Facelift<\/strong> wird chirurgisch, h\u00e4ufig unter Vollnarkose, durchgef\u00fchrt, wobei sich die Vorgangsweise je nach Operateur unterscheidet und teils umfangreiche Schnitte notwendig sein k\u00f6nnen. Dabei wird \u00fcbersch\u00fcssige Haut im Gesichts- und Kinnbereich mit dem Skalpell entfernt und das darunter liegende Gewebe (SMAS-Lift) chirurgisch gestrafft. Nach M\u00f6glichkeit werden Schnitte so platziert, dass die entstehenden Narben au\u00dferhalb des sichtbaren Bereichs des Gesichts liegen.<\/p>\n<p>Beim <strong>Minifacelift<\/strong> wird unter \u00f6rtlicher Bet\u00e4ubung oder im D\u00e4mmerschlaf lediglich ein kleiner Schnitt seitlich vor der behaarten Schl\u00e4fenregion \u00fcber den Bereich vor dem Ohr bis hin zum Nacken gef\u00fchrt. Das darunterliegende Gewebe wird angehoben, gek\u00fcrzt und fixiert. \u00dcbersch\u00fcssige Gewebsanteile werden entfernt, um so eine nat\u00fcrlich wirkende Spannung der gelifteten Region zu erzielen.<\/p>\n<h2>Gesichtsverj\u00fcngung mit bioidentischen Hormonen<\/h2>\n<p>Hormone sind wichtige Botenstoffe, die zahlreiche Prozesse im K\u00f6rper steuern. Sie beeinflussen nicht nur Leistungsf\u00e4higkeit, Sexualfunktion und Schlaf-Wach-Rhythmus \u2013 hormonelle Imbalancen machen sich auch im Gesicht bemerkbar: Ein Mangel an Nebennierenhormonen l\u00e4sst das Gesicht hager und die Wangen hohl wirken. Das Fehlen von Pregnenolon f\u00fchrt zu erschlaffter Haut, vor allem im Bereich der Mundregion. Ursachen f\u00fcr eine gest\u00f6rte k\u00f6rpereigene Hormonproduktion k\u00f6nnen alters- und stressbedingte \u00dcberlastung und schlechte Ern\u00e4hrung sein.<\/p>\n<p>Im Rahmen der Therapie wird zuerst eine Untersuchung durchgef\u00fchrt, die unter anderem die Erhebung von Blutwerten, Ern\u00e4hrungsgewohnheiten und eine Analyse der Hormonspiegel beinhaltet. Auf Basis dieser Werte wird im Anschluss ein individuelles Behandlungsprogramm erstellt, das mit Hilfe von bioidentischen Hormonen die Hormonspiegel wieder ins Gleichgewicht bringt. Bioidentische Hormone gleichen unseren menschlichen Hormonen in ihrer Struktur. Bereits nach kurzer Zeit tritt eine \u00e4u\u00dferlich sichtbare Verj\u00fcngung ein.<\/p>\n<h2>Gesichtsverj\u00fcngung mit Stammzellen und Eigenfett<\/h2>\n<p>Stammzellen gelten als Vorl\u00e4ufer aller K\u00f6rperzellen und spielen eine wichtige Rolle bei der lebenslang ablaufenden k\u00f6rpereigenen Erneuerung des Gewebes. Au\u00dferdem haben sie das Potential, ortsgebundene Stammzellen in der Haut und im Unterhautgewebe zur Regeneration anzuregen, wodurch die Hautqualit\u00e4t sichtbar verbessert werden kann. Mit dem Fettgewebe verf\u00fcgt jeder Mensch \u00fcber einen eigenen gro\u00dfen \u201eVorrat\u201c an Stammzellen und anderen regenerativ wirkenden Zellen.<\/p>\n<p>Am Beginn einer Gesichtsverj\u00fcngung mit k\u00f6rpereigenen Stammzellen wird eine kleine Menge an K\u00f6rperfett mittels feiner Mikrokan\u00fclen abgesaugt. Anschlie\u00dfend werden die daraus gewonnenen Stammzellen in die gew\u00fcnschten Hautareale injiziert, wo sich der regenerative Effekt entfalten kann. In bestimmten F\u00e4llen kann auch die Injektion von Eigenfett sinnvoll sein. Beim \u201eStammzell-Facelift\u201c handelt sich um einen besonders schonenden Eingriff, der ambulant unter \u00f6rtlicher Bet\u00e4ubung stattfindet. Im Vergleich zu einem chirurgischen Facelift gestaltet sich die Nachsorge sehr einfach.<\/p>\n<h2>Gesichtsregeneration mit Platelet-Rich Plasma (PRP) und Wachstumsfaktoren<\/h2>\n<p>Platelet-Rich Plasma (PRP) und Wachstumsfaktoren stellen eine kosteng\u00fcnstige Alternative zur Stammzellbehandlung dar, mit der das Ergebnis einer Gesichtsverj\u00fcngung mit Stammzellen bis zu einem gewissen Grad imitiert werden kann. Bei der Behandlung mit Platelet-Rich Plasma, auch Vampir-Lifting genannt, werden aus Eigenblut der Patientin Blutpl\u00e4ttchen (Thrombozyten) isoliert und in das zu verj\u00fcngende Hautgebiet injiziert. Wachstumsfaktoren werden mittels feiner Mikronadeln in die Haut eingebracht.<\/p>\n<p>Sowohl die Behandlung mit Platelet-Rich Plasma, als auch mit Wachstumsfaktoren k\u00f6nnen mit einer Stammzellbehandlung zur Hautverj\u00fcngung kombiniert werden, um den Effekt der Gesichtsverj\u00fcngung zu verst\u00e4rken.<\/p>\n","protected":false},"excerpt":{"rendered":"<p>Ein Facelift, zu Deutsch Gesichtsstraffung, ist ein medizinischer Eingriff, der auf eine optische Verj\u00fcngung des Gesichts abzielt. Bei der meist chirurgisch durchgef\u00fchrten Behandlung wird erschlaffte Haut entfernt, wodurch das Gesicht straffer erscheint und Falten gegl\u00e4ttet werden. W\u00e4hrend das Facelift mit dem Skalpell lediglich die \u00e4u\u00dferen Symptome von Hautalterung mindert, behandeln Therapien mit bioidentischen Hormonen, k\u00f6rpereigenen\u2026<span class=\"moretag-separator\">&nbsp;\u00b7 <\/span><a class=\"moretag\" href=\"https:\/\/swissclinics.net\/de\/behandlungen\/facelift\/\">Weiterlesen&nbsp;\u00bb<\/a><\/p>\n","protected":false},"author":9,"featured_media":630,"parent":32,"menu_order":0,"comment_status":"closed","ping_status":"closed","template":"","meta":{"footnotes":""},"class_list":["post-367","page","type-page","status-publish","has-post-thumbnail","hentry"],"yoast_head":"<!-- This site is optimized with the Yoast SEO plugin v27.2 - https:\/\/yoast.com\/product\/yoast-seo-wordpress\/ -->\n<title>Facelift und Gesichtsstraffung, Faltenbehandlung &#183; Swiss Clinics<\/title>\n<meta name=\"description\" content=\"Regeneration und Straffung schlaffer Haut im Gesicht und von Falten mittels chirurgischer Techniken (Faceift) und Behandlung mit k\u00f6rpereigenen Stammzellen.\" \/>\n<meta name=\"robots\" content=\"index, follow, max-snippet:-1, max-image-preview:large, max-video-preview:-1\" \/>\n<link rel=\"canonical\" href=\"https:\/\/swissclinics.net\/de\/behandlungen\/facelift\/\" \/>\n<meta property=\"og:locale\" content=\"de_DE\" \/>\n<meta property=\"og:type\" content=\"article\" \/>\n<meta property=\"og:title\" content=\"Facelift und Gesichtsstraffung, Faltenbehandlung &#183; Swiss Clinics\" \/>\n<meta property=\"og:description\" content=\"Regeneration und Straffung schlaffer Haut im Gesicht und von Falten mittels chirurgischer Techniken (Faceift) und Behandlung mit k\u00f6rpereigenen Stammzellen.\" \/>\n<meta property=\"og:url\" content=\"https:\/\/swissclinics.net\/de\/behandlungen\/facelift\/\" \/>\n<meta property=\"og:site_name\" content=\"Swiss Clinics\" \/>\n<meta property=\"article:publisher\" content=\"https:\/\/www.facebook.com\/swissclinics\/\" \/>\n<meta property=\"article:modified_time\" content=\"2017-07-05T12:19:51+00:00\" \/>\n<meta property=\"og:image\" content=\"https:\/\/swissclinics.net\/de\/wp-content\/uploads\/sites\/3\/facelift.jpg\" \/>\n\t<meta property=\"og:image:width\" content=\"640\" \/>\n\t<meta property=\"og:image:height\" content=\"426\" \/>\n\t<meta property=\"og:image:type\" content=\"image\/jpeg\" \/>\n<meta name=\"twitter:card\" content=\"summary_large_image\" \/>\n<meta name=\"twitter:label1\" content=\"Gesch\u00e4tzte Lesezeit\" \/>\n\t<meta name=\"twitter:data1\" content=\"4\u00a0Minuten\" \/>\n<script type=\"application\/ld+json\" class=\"yoast-schema-graph\">{\"@context\":\"https:\/\/schema.org\",\"@graph\":[{\"@type\":\"WebPage\",\"@id\":\"https:\/\/swissclinics.net\/de\/behandlungen\/facelift\/\",\"url\":\"https:\/\/swissclinics.net\/de\/behandlungen\/facelift\/\",\"name\":\"Facelift und Gesichtsstraffung, Faltenbehandlung &#183; Swiss Clinics\",\"isPartOf\":{\"@id\":\"https:\/\/swissclinics.net\/de\/#website\"},\"primaryImageOfPage\":{\"@id\":\"https:\/\/swissclinics.net\/de\/behandlungen\/facelift\/#primaryimage\"},\"image\":{\"@id\":\"https:\/\/swissclinics.net\/de\/behandlungen\/facelift\/#primaryimage\"},\"thumbnailUrl\":\"https:\/\/swissclinics.net\/de\/wp-content\/uploads\/sites\/3\/facelift.jpg\",\"datePublished\":\"2016-11-23T12:16:57+00:00\",\"dateModified\":\"2017-07-05T12:19:51+00:00\",\"description\":\"Regeneration und Straffung schlaffer Haut im Gesicht und von Falten mittels chirurgischer Techniken (Faceift) und Behandlung mit k\u00f6rpereigenen Stammzellen.\",\"breadcrumb\":{\"@id\":\"https:\/\/swissclinics.net\/de\/behandlungen\/facelift\/#breadcrumb\"},\"inLanguage\":\"de\",\"potentialAction\":[{\"@type\":\"ReadAction\",\"target\":[\"https:\/\/swissclinics.net\/de\/behandlungen\/facelift\/\"]}]},{\"@type\":\"ImageObject\",\"inLanguage\":\"de\",\"@id\":\"https:\/\/swissclinics.net\/de\/behandlungen\/facelift\/#primaryimage\",\"url\":\"https:\/\/swissclinics.net\/de\/wp-content\/uploads\/sites\/3\/facelift.jpg\",\"contentUrl\":\"https:\/\/swissclinics.net\/de\/wp-content\/uploads\/sites\/3\/facelift.jpg\",\"width\":640,\"height\":426},{\"@type\":\"BreadcrumbList\",\"@id\":\"https:\/\/swissclinics.net\/de\/behandlungen\/facelift\/#breadcrumb\",\"itemListElement\":[{\"@type\":\"ListItem\",\"position\":1,\"name\":\"Home\",\"item\":\"https:\/\/swissclinics.net\/de\/\"},{\"@type\":\"ListItem\",\"position\":2,\"name\":\"Behandlungen\",\"item\":\"https:\/\/swissclinics.net\/de\/behandlungen\/\"},{\"@type\":\"ListItem\",\"position\":3,\"name\":\"Facelift\"}]},{\"@type\":\"WebSite\",\"@id\":\"https:\/\/swissclinics.net\/de\/#website\",\"url\":\"https:\/\/swissclinics.net\/de\/\",\"name\":\"Swiss Clinics\",\"description\":\"Medizin mit Schweizer Qualit\u00e4t.\",\"potentialAction\":[{\"@type\":\"SearchAction\",\"target\":{\"@type\":\"EntryPoint\",\"urlTemplate\":\"https:\/\/swissclinics.net\/de\/?s={search_term_string}\"},\"query-input\":{\"@type\":\"PropertyValueSpecification\",\"valueRequired\":true,\"valueName\":\"search_term_string\"}}],\"inLanguage\":\"de\"}]}<\/script>\n<!-- \/ Yoast SEO plugin. -->","yoast_head_json":{"title":"Facelift und Gesichtsstraffung, Faltenbehandlung &#183; Swiss Clinics","description":"Regeneration und Straffung schlaffer Haut im Gesicht und von Falten mittels chirurgischer Techniken (Faceift) und Behandlung mit k\u00f6rpereigenen Stammzellen.","robots":{"index":"index","follow":"follow","max-snippet":"max-snippet:-1","max-image-preview":"max-image-preview:large","max-video-preview":"max-video-preview:-1"},"canonical":"https:\/\/swissclinics.net\/de\/behandlungen\/facelift\/","og_locale":"de_DE","og_type":"article","og_title":"Facelift und Gesichtsstraffung, Faltenbehandlung &#183; Swiss Clinics","og_description":"Regeneration und Straffung schlaffer Haut im Gesicht und von Falten mittels chirurgischer Techniken (Faceift) und Behandlung mit k\u00f6rpereigenen Stammzellen.","og_url":"https:\/\/swissclinics.net\/de\/behandlungen\/facelift\/","og_site_name":"Swiss Clinics","article_publisher":"https:\/\/www.facebook.com\/swissclinics\/","article_modified_time":"2017-07-05T12:19:51+00:00","og_image":[{"width":640,"height":426,"url":"https:\/\/swissclinics.net\/de\/wp-content\/uploads\/sites\/3\/facelift.jpg","type":"image\/jpeg"}],"twitter_card":"summary_large_image","twitter_misc":{"Gesch\u00e4tzte Lesezeit":"4\u00a0Minuten"},"schema":{"@context":"https:\/\/schema.org","@graph":[{"@type":"WebPage","@id":"https:\/\/swissclinics.net\/de\/behandlungen\/facelift\/","url":"https:\/\/swissclinics.net\/de\/behandlungen\/facelift\/","name":"Facelift und Gesichtsstraffung, Faltenbehandlung &#183; Swiss Clinics","isPartOf":{"@id":"https:\/\/swissclinics.net\/de\/#website"},"primaryImageOfPage":{"@id":"https:\/\/swissclinics.net\/de\/behandlungen\/facelift\/#primaryimage"},"image":{"@id":"https:\/\/swissclinics.net\/de\/behandlungen\/facelift\/#primaryimage"},"thumbnailUrl":"https:\/\/swissclinics.net\/de\/wp-content\/uploads\/sites\/3\/facelift.jpg","datePublished":"2016-11-23T12:16:57+00:00","dateModified":"2017-07-05T12:19:51+00:00","description":"Regeneration und Straffung schlaffer Haut im Gesicht und von Falten mittels chirurgischer Techniken (Faceift) und Behandlung mit k\u00f6rpereigenen Stammzellen.","breadcrumb":{"@id":"https:\/\/swissclinics.net\/de\/behandlungen\/facelift\/#breadcrumb"},"inLanguage":"de","potentialAction":[{"@type":"ReadAction","target":["https:\/\/swissclinics.net\/de\/behandlungen\/facelift\/"]}]},{"@type":"ImageObject","inLanguage":"de","@id":"https:\/\/swissclinics.net\/de\/behandlungen\/facelift\/#primaryimage","url":"https:\/\/swissclinics.net\/de\/wp-content\/uploads\/sites\/3\/facelift.jpg","contentUrl":"https:\/\/swissclinics.net\/de\/wp-content\/uploads\/sites\/3\/facelift.jpg","width":640,"height":426},{"@type":"BreadcrumbList","@id":"https:\/\/swissclinics.net\/de\/behandlungen\/facelift\/#breadcrumb","itemListElement":[{"@type":"ListItem","position":1,"name":"Home","item":"https:\/\/swissclinics.net\/de\/"},{"@type":"ListItem","position":2,"name":"Behandlungen","item":"https:\/\/swissclinics.net\/de\/behandlungen\/"},{"@type":"ListItem","position":3,"name":"Facelift"}]},{"@type":"WebSite","@id":"https:\/\/swissclinics.net\/de\/#website","url":"https:\/\/swissclinics.net\/de\/","name":"Swiss Clinics","description":"Medizin mit Schweizer Qualit\u00e4t.","potentialAction":[{"@type":"SearchAction","target":{"@type":"EntryPoint","urlTemplate":"https:\/\/swissclinics.net\/de\/?s={search_term_string}"},"query-input":{"@type":"PropertyValueSpecification","valueRequired":true,"valueName":"search_term_string"}}],"inLanguage":"de"}]}},"_links":{"self":[{"href":"https:\/\/swissclinics.net\/de\/wp-json\/wp\/v2\/pages\/367","targetHints":{"allow":["GET"]}}],"collection":[{"href":"https:\/\/swissclinics.net\/de\/wp-json\/wp\/v2\/pages"}],"about":[{"href":"https:\/\/swissclinics.net\/de\/wp-json\/wp\/v2\/types\/page"}],"author":[{"embeddable":true,"href":"https:\/\/swissclinics.net\/de\/wp-json\/wp\/v2\/users\/9"}],"replies":[{"embeddable":true,"href":"https:\/\/swissclinics.net\/de\/wp-json\/wp\/v2\/comments?post=367"}],"version-history":[{"count":5,"href":"https:\/\/swissclinics.net\/de\/wp-json\/wp\/v2\/pages\/367\/revisions"}],"predecessor-version":[{"id":778,"href":"https:\/\/swissclinics.net\/de\/wp-json\/wp\/v2\/pages\/367\/revisions\/778"}],"up":[{"embeddable":true,"href":"https:\/\/swissclinics.net\/de\/wp-json\/wp\/v2\/pages\/32"}],"wp:featuredmedia":[{"embeddable":true,"href":"https:\/\/swissclinics.net\/de\/wp-json\/wp\/v2\/media\/630"}],"wp:attachment":[{"href":"https:\/\/swissclinics.net\/de\/wp-json\/wp\/v2\/media?parent=367"}],"curies":[{"name":"wp","href":"https:\/\/api.w.org\/{rel}","templated":true}]}}