{"id":358,"date":"2016-11-17T17:30:36","date_gmt":"2016-11-17T16:30:36","guid":{"rendered":"https:\/\/swissclinics.net\/de\/?page_id=358"},"modified":"2017-07-04T10:56:36","modified_gmt":"2017-07-04T08:56:36","slug":"parkinson","status":"publish","type":"page","link":"https:\/\/swissclinics.net\/de\/behandlungen\/parkinson\/","title":{"rendered":"Parkinson"},"content":{"rendered":"<p><strong>Parkinson<\/strong>, auch <strong>Parkinson-Krankheit<\/strong> oder <strong>Morbus Parkinson<\/strong> genannt, ist eine degenerative Erkrankung des Nervensystems, die Bewegungsst\u00f6rungen zur Folge hat. Bei der Krankheit kommt es zu einer Sch\u00e4digung von Nervenzellen im Gehirn, die den Botenstoff Dopamin produzieren. Dadurch geht die F\u00e4higkeit zur gezielten Steuerung von Bewegungen verloren. Als Ursachen wurde neben einer erblichen Komponente und Genmutation statistisch ein m\u00f6glicher Einfluss von Umweltgiften und Pestiziden festgestellt. Mit der h\u00f6heren Lebenserwartung in der westlichen Welt steigt auch die Zahl der Betroffenen.<\/p>\n<h2>Formen von Parkinson<\/h2>\n<p>Parkinson tritt in mehreren Formen auf. Meist handelt es sich um das <strong>prim\u00e4re idiopathische Parkinson-Syndrom (IPS)<\/strong>, auch <strong>Morbus Parkinson<\/strong> genannt. Die Hauptsymptome sind ein langsames Bewegungstempo, ein verz\u00f6gerter Bewegungsstart und eine Verminderung von Spontanbewegungen. Dies macht sich zum Beispiel an immer kleiner werdender Schrift oder kleineren Schritten bemerkbar. Die Symptome beginnen dabei meistens einseitig.<\/p>\n<p>Daneben tritt h\u00e4ufig der Parkinson-Ruhetremor, ein Zittern der H\u00e4nde und Arme in Ruhe, auf. Diese Bewegungen werden durch geistige Besch\u00e4ftigung oder Emotionen verst\u00e4rkt und verringern sich erst bei bewusst eingeleiteten Bewegungen. Seltener sind auch Beine, Gesicht, Zunge und Kopf betroffen. Hinzu kommt eine Erh\u00f6hung der Muskelspannung bei Bewegungen. Dies f\u00fchrt zu der charakteristischen K\u00f6rperhaltung mit gebeugtem Ellenbogen- und Kniegelenk.<\/p>\n<p>Untypische Parkinson-Symptome wie z.B. eine monotone Fl\u00fcsterstimme und selteneres Schlucken k\u00f6nnen auf ein <strong>sekund\u00e4res symptomatisches Parkinson-Syndrom<\/strong> mit anderen Ursachen hinweisen. Au\u00dferdem k\u00f6nnen Schlafst\u00f6rungen und chronische Schmerzen oder psychische St\u00f6rungen wie Depression, Demenz und Impulskontrollst\u00f6rungen auftreten. Dies kann auf falsche Medikamentengabe, Tumore, Vergiftungen, Entz\u00fcndungen oder andere neurodegenerative Erkrankungen hindeuten.<\/p>\n<p>Wenn die Erkrankung schon vor dem 40. bzw. dem 21. Lebensjahr auftritt wird sie als <strong>fr\u00fch beginnende<\/strong> bzw. als <strong>juvenile Parkinson-Erkrankung<\/strong> bezeichnet.<\/p>\n<h2>Verlauf von Parkinson<\/h2>\n<p>Allgemein verl\u00e4uft die Krankheit sehr langsam \u00fcber mehrere Jahre. Dabei beginnt im ersten Stadium die Degeneration erst im Nervensystem des Geruchssinnes und setzt sich dann in den Hirnstamm fort (Stadium 1 und 2). Erst im dritten Stadium erreicht die Krankheit die Zellen, die Dopamin produzieren, und schreitet dann bis zum vierten Stadium fort, in dem Bewegungsst\u00f6rungen eintreten.<\/p>\n<p>Basierend auf den Symptomen werden mehrere Verlaufstypen der Parkinson-Krankheit unterschieden, wobei der Akinese-Rigor-Typ den ung\u00fcnstigsten Verlauf hat. Beim tremordominanten Typ tritt die Krankheit etwas fr\u00fcher in Erscheinung und der Tremor ist schwieriger zu behandeln, jedoch ist die allgemeine Krankheitsschwere milder. Der monosymptomatische Ruhetremor-Typ hat nur den klassischen Parkinson-Tremor als Symptom, tritt aber eher selten auf.<\/p>\n<h2>Therapie von Parkinson<\/h2>\n<p>Die Therapie von Parkinson erfolgt in erster Linie medikament\u00f6s. Ein Dopamin-Mangel, der infolge von Morbus Parkinson auftritt, kann durch unterschiedliche Medikamententherapien ausgeglichen werden. Einerseits erfolgt dies durch Verabreichen einer Vorl\u00e4ufersubstanz, die erst im Gehirn zu Dopamin umgewandelt wird. In anderen F\u00e4llen werden Dopamin-Agonisten eingesetzt, die direkt an Dopamin-Rezeptoren binden, und dort dessen Wirkung nachahmen.<\/p>\n<p>Zus\u00e4tzlich erhalten die Patienten eine Physio- und Ergotherapie, um Bewegungsabl\u00e4ufe, Koordination und Reaktion zu trainieren. Bei Sprech- und Schluckst\u00f6rungen kann auch ein Logop\u00e4de zum Einsatz kommen.<\/p>\n<p>Die Tiefe Hirnstimulation (THS) stellt eine chirurgische Behandlungsvariante dar, bei der dem Patienten Elektroden ins Gehirn eingesetzt werden. Durch das Setzen von elektrischen Reizen werden betroffene Gehirnareale stimuliert und \u00e4u\u00dferliche Symptome des Parkinsons, wie z.B. der Tremor, k\u00f6nnen so gelindert werden.<\/p>\n<h2>Stammzelltherapie bei Parkinson<\/h2>\n<p>Mesenchymale Stammzellen (MSC) bzw. Stromal Vascular Fraction (SVF) haben das Potential, die Therapie von Parkinson zu unterst\u00fctzen. Stammzellen gelten als Vorl\u00e4uferzellen aller fertigen Zellen des K\u00f6rpers. Inzwischen ist bekannt, dass die Wirkungsweise mesenchymaler Stammzellen vor allem in der Modulation des Immunsystems und der Anregung der Regeneration von Geweben durch Zytokine besteht.<\/p>\n<p>Aufgrund der degenerativen Komponente von Parkinson bietet sich m\u00f6glicherweise der Einsatz von mesenchymalen Stammzellen zur Therapie an. Im Rahmen der Therapie werden Stammzellen aus einer mittels Fettabsaugung entnommenen keinen Fettmenge des Patienten gewonnen und anschlie\u00dfend systemisch verabreicht. Die Stammzellen wirken immunmodulierend und regen au\u00dferdem die ortsgebundenen Stammzellen im Gewebe zur Regeneration an.<\/p>\n<p>Die Stammzellforschung ist laufend auf der Suche nach neuen Ans\u00e4tzen zur Behandlung von Parkinson. Eine weitere Idee besteht darin, zerst\u00f6rte Zellen durch neue dopaminproduzierende Hirnzellen zu ersetzen. Dieser Therapieansatz befindet sich allerdings noch im fr\u00fchen Versuchsstadium. Bisher gelang diese Therapie nur in einem Experiment mit M\u00e4usen und ist daher f\u00fcr Menschen nicht verf\u00fcgbar.<\/p>\n","protected":false},"excerpt":{"rendered":"<p>Parkinson, auch Parkinson-Krankheit oder Morbus Parkinson genannt, ist eine degenerative Erkrankung des Nervensystems, die Bewegungsst\u00f6rungen zur Folge hat. Bei der Krankheit kommt es zu einer Sch\u00e4digung von Nervenzellen im Gehirn, die den Botenstoff Dopamin produzieren. Dadurch geht die F\u00e4higkeit zur gezielten Steuerung von Bewegungen verloren. Als Ursachen wurde neben einer erblichen Komponente und Genmutation statistisch\u2026<span class=\"moretag-separator\">&nbsp;\u00b7 <\/span><a class=\"moretag\" href=\"https:\/\/swissclinics.net\/de\/behandlungen\/parkinson\/\">Weiterlesen&nbsp;\u00bb<\/a><\/p>\n","protected":false},"author":9,"featured_media":0,"parent":32,"menu_order":0,"comment_status":"closed","ping_status":"closed","template":"","meta":{"footnotes":""},"class_list":["post-358","page","type-page","status-publish","hentry"],"yoast_head":"<!-- This site is optimized with the Yoast SEO plugin v27.4 - https:\/\/yoast.com\/product\/yoast-seo-wordpress\/ -->\n<title>Behandlung von Parkinson (Morbus Parkinson) &#183; Swiss Clinics<\/title>\n<meta name=\"description\" content=\"Behandlungsm\u00f6glichkeiten f\u00fcr das Nervenleiden Morbus Parkinson (Parkinson-Krankheit) mit herk\u00f6mmlicher Therapie und Stammzellen aus k\u00f6rpereigenem Fett.\" \/>\n<meta name=\"robots\" content=\"index, follow, max-snippet:-1, max-image-preview:large, max-video-preview:-1\" \/>\n<link rel=\"canonical\" href=\"https:\/\/swissclinics.net\/de\/behandlungen\/parkinson\/\" \/>\n<meta property=\"og:locale\" content=\"de_DE\" \/>\n<meta property=\"og:type\" content=\"article\" \/>\n<meta property=\"og:title\" content=\"Behandlung von Parkinson (Morbus Parkinson) &#183; Swiss Clinics\" \/>\n<meta property=\"og:description\" content=\"Behandlungsm\u00f6glichkeiten f\u00fcr das Nervenleiden Morbus Parkinson (Parkinson-Krankheit) mit herk\u00f6mmlicher Therapie und Stammzellen aus k\u00f6rpereigenem Fett.\" \/>\n<meta property=\"og:url\" content=\"https:\/\/swissclinics.net\/de\/behandlungen\/parkinson\/\" \/>\n<meta property=\"og:site_name\" content=\"Swiss Clinics\" \/>\n<meta property=\"article:publisher\" content=\"https:\/\/www.facebook.com\/swissclinics\/\" \/>\n<meta property=\"article:modified_time\" content=\"2017-07-04T08:56:36+00:00\" \/>\n<meta name=\"twitter:card\" content=\"summary_large_image\" \/>\n<meta name=\"twitter:label1\" content=\"Gesch\u00e4tzte Lesezeit\" \/>\n\t<meta name=\"twitter:data1\" content=\"4\u00a0Minuten\" \/>\n<script type=\"application\/ld+json\" class=\"yoast-schema-graph\">{\"@context\":\"https:\\\/\\\/schema.org\",\"@graph\":[{\"@type\":\"WebPage\",\"@id\":\"https:\\\/\\\/swissclinics.net\\\/de\\\/behandlungen\\\/parkinson\\\/\",\"url\":\"https:\\\/\\\/swissclinics.net\\\/de\\\/behandlungen\\\/parkinson\\\/\",\"name\":\"Behandlung von Parkinson (Morbus Parkinson) &#183; Swiss Clinics\",\"isPartOf\":{\"@id\":\"https:\\\/\\\/swissclinics.net\\\/de\\\/#website\"},\"datePublished\":\"2016-11-17T16:30:36+00:00\",\"dateModified\":\"2017-07-04T08:56:36+00:00\",\"description\":\"Behandlungsm\u00f6glichkeiten f\u00fcr das Nervenleiden Morbus Parkinson (Parkinson-Krankheit) mit herk\u00f6mmlicher Therapie und Stammzellen aus k\u00f6rpereigenem Fett.\",\"breadcrumb\":{\"@id\":\"https:\\\/\\\/swissclinics.net\\\/de\\\/behandlungen\\\/parkinson\\\/#breadcrumb\"},\"inLanguage\":\"de\",\"potentialAction\":[{\"@type\":\"ReadAction\",\"target\":[\"https:\\\/\\\/swissclinics.net\\\/de\\\/behandlungen\\\/parkinson\\\/\"]}]},{\"@type\":\"BreadcrumbList\",\"@id\":\"https:\\\/\\\/swissclinics.net\\\/de\\\/behandlungen\\\/parkinson\\\/#breadcrumb\",\"itemListElement\":[{\"@type\":\"ListItem\",\"position\":1,\"name\":\"Home\",\"item\":\"https:\\\/\\\/swissclinics.net\\\/de\\\/\"},{\"@type\":\"ListItem\",\"position\":2,\"name\":\"Behandlungen\",\"item\":\"https:\\\/\\\/swissclinics.net\\\/de\\\/behandlungen\\\/\"},{\"@type\":\"ListItem\",\"position\":3,\"name\":\"Parkinson\"}]},{\"@type\":\"WebSite\",\"@id\":\"https:\\\/\\\/swissclinics.net\\\/de\\\/#website\",\"url\":\"https:\\\/\\\/swissclinics.net\\\/de\\\/\",\"name\":\"Swiss Clinics\",\"description\":\"Medizin mit Schweizer Qualit\u00e4t.\",\"potentialAction\":[{\"@type\":\"SearchAction\",\"target\":{\"@type\":\"EntryPoint\",\"urlTemplate\":\"https:\\\/\\\/swissclinics.net\\\/de\\\/?s={search_term_string}\"},\"query-input\":{\"@type\":\"PropertyValueSpecification\",\"valueRequired\":true,\"valueName\":\"search_term_string\"}}],\"inLanguage\":\"de\"}]}<\/script>\n<!-- \/ Yoast SEO plugin. -->","yoast_head_json":{"title":"Behandlung von Parkinson (Morbus Parkinson) &#183; Swiss Clinics","description":"Behandlungsm\u00f6glichkeiten f\u00fcr das Nervenleiden Morbus Parkinson (Parkinson-Krankheit) mit herk\u00f6mmlicher Therapie und Stammzellen aus k\u00f6rpereigenem Fett.","robots":{"index":"index","follow":"follow","max-snippet":"max-snippet:-1","max-image-preview":"max-image-preview:large","max-video-preview":"max-video-preview:-1"},"canonical":"https:\/\/swissclinics.net\/de\/behandlungen\/parkinson\/","og_locale":"de_DE","og_type":"article","og_title":"Behandlung von Parkinson (Morbus Parkinson) &#183; Swiss Clinics","og_description":"Behandlungsm\u00f6glichkeiten f\u00fcr das Nervenleiden Morbus Parkinson (Parkinson-Krankheit) mit herk\u00f6mmlicher Therapie und Stammzellen aus k\u00f6rpereigenem Fett.","og_url":"https:\/\/swissclinics.net\/de\/behandlungen\/parkinson\/","og_site_name":"Swiss Clinics","article_publisher":"https:\/\/www.facebook.com\/swissclinics\/","article_modified_time":"2017-07-04T08:56:36+00:00","twitter_card":"summary_large_image","twitter_misc":{"Gesch\u00e4tzte Lesezeit":"4\u00a0Minuten"},"schema":{"@context":"https:\/\/schema.org","@graph":[{"@type":"WebPage","@id":"https:\/\/swissclinics.net\/de\/behandlungen\/parkinson\/","url":"https:\/\/swissclinics.net\/de\/behandlungen\/parkinson\/","name":"Behandlung von Parkinson (Morbus Parkinson) &#183; Swiss Clinics","isPartOf":{"@id":"https:\/\/swissclinics.net\/de\/#website"},"datePublished":"2016-11-17T16:30:36+00:00","dateModified":"2017-07-04T08:56:36+00:00","description":"Behandlungsm\u00f6glichkeiten f\u00fcr das Nervenleiden Morbus Parkinson (Parkinson-Krankheit) mit herk\u00f6mmlicher Therapie und Stammzellen aus k\u00f6rpereigenem Fett.","breadcrumb":{"@id":"https:\/\/swissclinics.net\/de\/behandlungen\/parkinson\/#breadcrumb"},"inLanguage":"de","potentialAction":[{"@type":"ReadAction","target":["https:\/\/swissclinics.net\/de\/behandlungen\/parkinson\/"]}]},{"@type":"BreadcrumbList","@id":"https:\/\/swissclinics.net\/de\/behandlungen\/parkinson\/#breadcrumb","itemListElement":[{"@type":"ListItem","position":1,"name":"Home","item":"https:\/\/swissclinics.net\/de\/"},{"@type":"ListItem","position":2,"name":"Behandlungen","item":"https:\/\/swissclinics.net\/de\/behandlungen\/"},{"@type":"ListItem","position":3,"name":"Parkinson"}]},{"@type":"WebSite","@id":"https:\/\/swissclinics.net\/de\/#website","url":"https:\/\/swissclinics.net\/de\/","name":"Swiss Clinics","description":"Medizin mit Schweizer Qualit\u00e4t.","potentialAction":[{"@type":"SearchAction","target":{"@type":"EntryPoint","urlTemplate":"https:\/\/swissclinics.net\/de\/?s={search_term_string}"},"query-input":{"@type":"PropertyValueSpecification","valueRequired":true,"valueName":"search_term_string"}}],"inLanguage":"de"}]}},"_links":{"self":[{"href":"https:\/\/swissclinics.net\/de\/wp-json\/wp\/v2\/pages\/358","targetHints":{"allow":["GET"]}}],"collection":[{"href":"https:\/\/swissclinics.net\/de\/wp-json\/wp\/v2\/pages"}],"about":[{"href":"https:\/\/swissclinics.net\/de\/wp-json\/wp\/v2\/types\/page"}],"author":[{"embeddable":true,"href":"https:\/\/swissclinics.net\/de\/wp-json\/wp\/v2\/users\/9"}],"replies":[{"embeddable":true,"href":"https:\/\/swissclinics.net\/de\/wp-json\/wp\/v2\/comments?post=358"}],"version-history":[{"count":6,"href":"https:\/\/swissclinics.net\/de\/wp-json\/wp\/v2\/pages\/358\/revisions"}],"predecessor-version":[{"id":749,"href":"https:\/\/swissclinics.net\/de\/wp-json\/wp\/v2\/pages\/358\/revisions\/749"}],"up":[{"embeddable":true,"href":"https:\/\/swissclinics.net\/de\/wp-json\/wp\/v2\/pages\/32"}],"wp:attachment":[{"href":"https:\/\/swissclinics.net\/de\/wp-json\/wp\/v2\/media?parent=358"}],"curies":[{"name":"wp","href":"https:\/\/api.w.org\/{rel}","templated":true}]}}