{"id":353,"date":"2016-11-15T21:41:44","date_gmt":"2016-11-15T20:41:44","guid":{"rendered":"https:\/\/swissclinics.net\/de\/?page_id=353"},"modified":"2017-07-04T09:21:33","modified_gmt":"2017-07-04T07:21:33","slug":"bauchdeckenstraffung","status":"publish","type":"page","link":"https:\/\/swissclinics.net\/de\/behandlungen\/bauchdeckenstraffung\/","title":{"rendered":"Bauchdeckenstraffung"},"content":{"rendered":"<p>Bei der <strong>Bauchdeckenstraffung<\/strong>, auch <strong>Abdominoplastik<\/strong> genannt, handelt es sich um einen operativen Eingriff zur Reduktion eines Haut- und Fett\u00fcberschusses im Bauchbereich und zur Verbesserung des \u00e4sthetischen Gesamteindrucks des Bauches und seiner Konturen. Liegt nur ein geringer Haut\u00fcberschuss vor, k\u00f6nnen die Fettdepots im Bauchbereich mittels Fettabsaugung geformt werden.<\/p>\n<p>Der h\u00e4ufigste Grund f\u00fcr eine Bauchdeckenstraffung ist bei M\u00e4nnern und Frauen ein \u00dcberschuss an Haut und Fettgewebe nach einem umfangreichen Gewichtsverlust. Frauen entscheiden sich oft auch nach einer Schwangerschaft f\u00fcr eine Bauchdeckenstraffung, wenn Haut und Unterhautgewebe w\u00e4hrend der Schwangerschaft stark beansprucht und \u00fcberdehnt wurden. Eine weitere h\u00e4ufige Indikation ist eine Rektusdiastase. Dabei handelt es sich um einen zu gro\u00dfen Abstand zwischen den beiden geraden Bauchmuskeln, wodurch es ohne therapeutische Ma\u00dfnahmen zu schwerwiegenden gesundheitlichen Folgen kommen kann.<\/p>\n<h2>Chirurgische Bauchdeckenstraffung<\/h2>\n<p>Die herk\u00f6mmlichste Variante zur Formung der Bauchpartie ist die chirurgische Bauchdeckenstraffung. Abh\u00e4ngig von den verwendeten Hilfsmitteln und dem Behandlungsausma\u00df unterscheidet man grunds\u00e4tzlich drei Methoden. Aufgrund der invasiven Vorgehensweise ist eine Durchf\u00fchrung unter Vollnarkose notwendig, die f\u00fcr den Patienten h\u00e4ufig unangenehm ist und Risiken birgt.<\/p>\n<p>Bei einer <strong>konventionellen Bauchdeckenstraffung<\/strong> orientiert sich der Operateur an zuvor gekennzeichneten Linien, an denen er zwei gr\u00f6\u00dfere Schnitte bis zur H\u00fcllschicht der Bauchmuskulatur vornimmt. Dann wird der Haut\u00fcberschuss ermittelt und symmetrisch zusammen mit \u00fcbersch\u00fcssigem Fettgewebe entfernt. Die Nachsorge einer konventionellen Bauchdeckenstraffung gestaltet sich recht aufwendig: Um einen optimalen Abfluss von Blut und Gewebe zu gew\u00e4hrleisten, muss f\u00fcr 48 Stunden eine Drainage im Operationsbereich gelegt werden. W\u00e4hrend dieser Zeit ist ein station\u00e4rer Aufenthalt notwendig.<\/p>\n<p>Bei der <strong>endoskopischen Bauchdeckenstraffung<\/strong> handelt es sich um eine minimalinvasive Form der Bauchdeckenstraffung. Sie wird insbesondere bei Vorliegen einer Rektusdiastase angewandt, kann aber auch bei anderen Indikationen zum Einsatz kommen. Sowohl das Risiko der Narbenbildung, als auch f\u00fcr das Auftreten weiterer Komplikationen wird hierbei durch den kleinen Schnitt minimiert.<\/p>\n<p>Auch bei der sogenannten <strong>Mini-Bauchdeckenstraffung<\/strong> ist das Risiko von Komplikationen verringert. Bei nur geringem Haut\u00fcberschuss im Unterbauchbereich kann dieser Eingriff vorteilhaft sein. Durch eine kleinere Schnittbildung sind die Wundfl\u00e4chen und potentielle Narben kleiner. Ein gro\u00dfer Unterschied zur konventionellen Bauchdeckenstraffung ist, dass der Nabel in seiner Position nicht ver\u00e4ndert wird. Die Nachsorge f\u00e4llt bei der Mini-Bauchdeckenstraffung und der endoskopischen Bauchdeckenstraffung einfacher aus als bei der konventionellen Bauchdeckenstraffung.<\/p>\n<p>Bei allen Methoden der chirurgischen Bauchstraffung muss der Patient den Bauchbereich 12 Monate lang vor UV-Strahlung (Sonnenbad, Solarium) sch\u00fctzen, da es sonst zu einer Dunkelf\u00e4rbung der Narben kommen kann. Au\u00dferdem sollten leichte sportliche T\u00e4tigkeiten wie Fahrradfahren oder Schwimmen erst nach einigen Wochen wieder aufgenommen werden, Fitness- und Krafttraining fr\u00fchestens nach etwa zwei Monaten.<\/p>\n<h2>Bauchformung durch Fettabsaugung<\/h2>\n<p>Bei Fettdepots ohne Vorhandensein von zu gro\u00dfen Haut\u00fcberschuss kann alternativ zur Abdominoplastik eine Fettabsaugung am Bauch vorgenommen werden. Dies ist ein deutlich schonenderes Verfahren zur Bauchformung, bei dem sowohl das Eingriffsrisiko, als auch die Gefahr der Narbenbildung wesentlich niedriger ist als bei der Bauchdeckenstraffung.<\/p>\n<p>Im Rahmen der Fettabsaugung wird \u00fcbersch\u00fcssiges Fett in Handarbeit abgesaugt. Daf\u00fcr werden entweder Standardkan\u00fclen oder Mikrokan\u00fclen eingesetzt. Letztere verf\u00fcgen \u00fcber einen geringeren Durchmesser als Standardkan\u00fclen und erm\u00f6glichen daher eine besonders pr\u00e4zise Formung der K\u00f6rpersilhouette. Durch diese aufwendige Technik wird das Risiko der Entstehung von Dellen nach dem Eingriff minimiert. Die kleinen Einstichstellen der Fettabsaugung verheilen in der Regel ohne f\u00fcr das freie Auge sichtbare Narben.<\/p>\n<p>Der Eingriff erfolgt ambulant unter \u00f6rtlicher Bet\u00e4ubung (Tumeszenzan\u00e4sthesie). Dadurch entfallen die Risiken einer Vollnarkose und der Patient kann rascher in den Alltag zur\u00fcckkehren. Das Ergebnis des Eingriffs ist sofort sichtbar. Je nach Umfang der Fettdepots kann in manchen F\u00e4llen ein zweiter Eingriffstermin erforderlich sein, um die gew\u00fcnschte Reduktion zu erzielen. In der Nachsorge wird das Tragen von Kompressionsw\u00e4sche bzw. eines Bauchgurtes f\u00fcr etwa eine Woche empfohlen.<\/p>\n","protected":false},"excerpt":{"rendered":"<p>Bei der Bauchdeckenstraffung, auch Abdominoplastik genannt, handelt es sich um einen operativen Eingriff zur Reduktion eines Haut- und Fett\u00fcberschusses im Bauchbereich und zur Verbesserung des \u00e4sthetischen Gesamteindrucks des Bauches und seiner Konturen. Liegt nur ein geringer Haut\u00fcberschuss vor, k\u00f6nnen die Fettdepots im Bauchbereich mittels Fettabsaugung geformt werden. Der h\u00e4ufigste Grund f\u00fcr eine Bauchdeckenstraffung ist bei\u2026<span class=\"moretag-separator\">&nbsp;\u00b7 <\/span><a class=\"moretag\" href=\"https:\/\/swissclinics.net\/de\/behandlungen\/bauchdeckenstraffung\/\">Weiterlesen&nbsp;\u00bb<\/a><\/p>\n","protected":false},"author":9,"featured_media":599,"parent":32,"menu_order":0,"comment_status":"closed","ping_status":"closed","template":"","meta":{"footnotes":""},"class_list":["post-353","page","type-page","status-publish","has-post-thumbnail","hentry"],"yoast_head":"<!-- This site is optimized with the Yoast SEO plugin v27.4 - https:\/\/yoast.com\/product\/yoast-seo-wordpress\/ -->\n<title>Bauchdeckenstraffung und Fettabsaugung am Bauch &#183; Swiss Clinics<\/title>\n<meta name=\"description\" content=\"Straffung von durch Abnehmen oder Schwangerschaft erschlaffter Bauchdecke mittels Bauchdeckenstraffung (Abdominoplastik) und Fettabsaugung am Bauch.\" \/>\n<meta name=\"robots\" content=\"index, follow, max-snippet:-1, max-image-preview:large, max-video-preview:-1\" \/>\n<link rel=\"canonical\" href=\"https:\/\/swissclinics.net\/de\/behandlungen\/bauchdeckenstraffung\/\" \/>\n<meta property=\"og:locale\" content=\"de_DE\" \/>\n<meta property=\"og:type\" content=\"article\" \/>\n<meta property=\"og:title\" content=\"Bauchdeckenstraffung und Fettabsaugung am Bauch &#183; Swiss Clinics\" \/>\n<meta property=\"og:description\" content=\"Straffung von durch Abnehmen oder Schwangerschaft erschlaffter Bauchdecke mittels Bauchdeckenstraffung (Abdominoplastik) und Fettabsaugung am Bauch.\" \/>\n<meta property=\"og:url\" content=\"https:\/\/swissclinics.net\/de\/behandlungen\/bauchdeckenstraffung\/\" \/>\n<meta property=\"og:site_name\" content=\"Swiss Clinics\" \/>\n<meta property=\"article:publisher\" content=\"https:\/\/www.facebook.com\/swissclinics\/\" \/>\n<meta property=\"article:modified_time\" content=\"2017-07-04T07:21:33+00:00\" \/>\n<meta property=\"og:image\" content=\"https:\/\/swissclinics.net\/de\/wp-content\/uploads\/sites\/3\/bauchdeckenstraffung.jpg\" \/>\n\t<meta property=\"og:image:width\" content=\"640\" \/>\n\t<meta property=\"og:image:height\" content=\"433\" \/>\n\t<meta property=\"og:image:type\" content=\"image\/jpeg\" \/>\n<meta name=\"twitter:card\" content=\"summary_large_image\" \/>\n<meta name=\"twitter:label1\" content=\"Gesch\u00e4tzte Lesezeit\" \/>\n\t<meta name=\"twitter:data1\" content=\"3\u00a0Minuten\" \/>\n<script type=\"application\/ld+json\" class=\"yoast-schema-graph\">{\"@context\":\"https:\\\/\\\/schema.org\",\"@graph\":[{\"@type\":\"WebPage\",\"@id\":\"https:\\\/\\\/swissclinics.net\\\/de\\\/behandlungen\\\/bauchdeckenstraffung\\\/\",\"url\":\"https:\\\/\\\/swissclinics.net\\\/de\\\/behandlungen\\\/bauchdeckenstraffung\\\/\",\"name\":\"Bauchdeckenstraffung und Fettabsaugung am Bauch &#183; Swiss Clinics\",\"isPartOf\":{\"@id\":\"https:\\\/\\\/swissclinics.net\\\/de\\\/#website\"},\"primaryImageOfPage\":{\"@id\":\"https:\\\/\\\/swissclinics.net\\\/de\\\/behandlungen\\\/bauchdeckenstraffung\\\/#primaryimage\"},\"image\":{\"@id\":\"https:\\\/\\\/swissclinics.net\\\/de\\\/behandlungen\\\/bauchdeckenstraffung\\\/#primaryimage\"},\"thumbnailUrl\":\"https:\\\/\\\/swissclinics.net\\\/de\\\/wp-content\\\/uploads\\\/sites\\\/3\\\/bauchdeckenstraffung.jpg\",\"datePublished\":\"2016-11-15T20:41:44+00:00\",\"dateModified\":\"2017-07-04T07:21:33+00:00\",\"description\":\"Straffung von durch Abnehmen oder Schwangerschaft erschlaffter Bauchdecke mittels Bauchdeckenstraffung (Abdominoplastik) und Fettabsaugung am Bauch.\",\"breadcrumb\":{\"@id\":\"https:\\\/\\\/swissclinics.net\\\/de\\\/behandlungen\\\/bauchdeckenstraffung\\\/#breadcrumb\"},\"inLanguage\":\"de\",\"potentialAction\":[{\"@type\":\"ReadAction\",\"target\":[\"https:\\\/\\\/swissclinics.net\\\/de\\\/behandlungen\\\/bauchdeckenstraffung\\\/\"]}]},{\"@type\":\"ImageObject\",\"inLanguage\":\"de\",\"@id\":\"https:\\\/\\\/swissclinics.net\\\/de\\\/behandlungen\\\/bauchdeckenstraffung\\\/#primaryimage\",\"url\":\"https:\\\/\\\/swissclinics.net\\\/de\\\/wp-content\\\/uploads\\\/sites\\\/3\\\/bauchdeckenstraffung.jpg\",\"contentUrl\":\"https:\\\/\\\/swissclinics.net\\\/de\\\/wp-content\\\/uploads\\\/sites\\\/3\\\/bauchdeckenstraffung.jpg\",\"width\":640,\"height\":433},{\"@type\":\"BreadcrumbList\",\"@id\":\"https:\\\/\\\/swissclinics.net\\\/de\\\/behandlungen\\\/bauchdeckenstraffung\\\/#breadcrumb\",\"itemListElement\":[{\"@type\":\"ListItem\",\"position\":1,\"name\":\"Home\",\"item\":\"https:\\\/\\\/swissclinics.net\\\/de\\\/\"},{\"@type\":\"ListItem\",\"position\":2,\"name\":\"Behandlungen\",\"item\":\"https:\\\/\\\/swissclinics.net\\\/de\\\/behandlungen\\\/\"},{\"@type\":\"ListItem\",\"position\":3,\"name\":\"Bauchdeckenstraffung\"}]},{\"@type\":\"WebSite\",\"@id\":\"https:\\\/\\\/swissclinics.net\\\/de\\\/#website\",\"url\":\"https:\\\/\\\/swissclinics.net\\\/de\\\/\",\"name\":\"Swiss Clinics\",\"description\":\"Medizin mit Schweizer Qualit\u00e4t.\",\"potentialAction\":[{\"@type\":\"SearchAction\",\"target\":{\"@type\":\"EntryPoint\",\"urlTemplate\":\"https:\\\/\\\/swissclinics.net\\\/de\\\/?s={search_term_string}\"},\"query-input\":{\"@type\":\"PropertyValueSpecification\",\"valueRequired\":true,\"valueName\":\"search_term_string\"}}],\"inLanguage\":\"de\"}]}<\/script>\n<!-- \/ Yoast SEO plugin. -->","yoast_head_json":{"title":"Bauchdeckenstraffung und Fettabsaugung am Bauch &#183; Swiss Clinics","description":"Straffung von durch Abnehmen oder Schwangerschaft erschlaffter Bauchdecke mittels Bauchdeckenstraffung (Abdominoplastik) und Fettabsaugung am Bauch.","robots":{"index":"index","follow":"follow","max-snippet":"max-snippet:-1","max-image-preview":"max-image-preview:large","max-video-preview":"max-video-preview:-1"},"canonical":"https:\/\/swissclinics.net\/de\/behandlungen\/bauchdeckenstraffung\/","og_locale":"de_DE","og_type":"article","og_title":"Bauchdeckenstraffung und Fettabsaugung am Bauch &#183; Swiss Clinics","og_description":"Straffung von durch Abnehmen oder Schwangerschaft erschlaffter Bauchdecke mittels Bauchdeckenstraffung (Abdominoplastik) und Fettabsaugung am Bauch.","og_url":"https:\/\/swissclinics.net\/de\/behandlungen\/bauchdeckenstraffung\/","og_site_name":"Swiss Clinics","article_publisher":"https:\/\/www.facebook.com\/swissclinics\/","article_modified_time":"2017-07-04T07:21:33+00:00","og_image":[{"width":640,"height":433,"url":"https:\/\/swissclinics.net\/de\/wp-content\/uploads\/sites\/3\/bauchdeckenstraffung.jpg","type":"image\/jpeg"}],"twitter_card":"summary_large_image","twitter_misc":{"Gesch\u00e4tzte Lesezeit":"3\u00a0Minuten"},"schema":{"@context":"https:\/\/schema.org","@graph":[{"@type":"WebPage","@id":"https:\/\/swissclinics.net\/de\/behandlungen\/bauchdeckenstraffung\/","url":"https:\/\/swissclinics.net\/de\/behandlungen\/bauchdeckenstraffung\/","name":"Bauchdeckenstraffung und Fettabsaugung am Bauch &#183; Swiss Clinics","isPartOf":{"@id":"https:\/\/swissclinics.net\/de\/#website"},"primaryImageOfPage":{"@id":"https:\/\/swissclinics.net\/de\/behandlungen\/bauchdeckenstraffung\/#primaryimage"},"image":{"@id":"https:\/\/swissclinics.net\/de\/behandlungen\/bauchdeckenstraffung\/#primaryimage"},"thumbnailUrl":"https:\/\/swissclinics.net\/de\/wp-content\/uploads\/sites\/3\/bauchdeckenstraffung.jpg","datePublished":"2016-11-15T20:41:44+00:00","dateModified":"2017-07-04T07:21:33+00:00","description":"Straffung von durch Abnehmen oder Schwangerschaft erschlaffter Bauchdecke mittels Bauchdeckenstraffung (Abdominoplastik) und Fettabsaugung am Bauch.","breadcrumb":{"@id":"https:\/\/swissclinics.net\/de\/behandlungen\/bauchdeckenstraffung\/#breadcrumb"},"inLanguage":"de","potentialAction":[{"@type":"ReadAction","target":["https:\/\/swissclinics.net\/de\/behandlungen\/bauchdeckenstraffung\/"]}]},{"@type":"ImageObject","inLanguage":"de","@id":"https:\/\/swissclinics.net\/de\/behandlungen\/bauchdeckenstraffung\/#primaryimage","url":"https:\/\/swissclinics.net\/de\/wp-content\/uploads\/sites\/3\/bauchdeckenstraffung.jpg","contentUrl":"https:\/\/swissclinics.net\/de\/wp-content\/uploads\/sites\/3\/bauchdeckenstraffung.jpg","width":640,"height":433},{"@type":"BreadcrumbList","@id":"https:\/\/swissclinics.net\/de\/behandlungen\/bauchdeckenstraffung\/#breadcrumb","itemListElement":[{"@type":"ListItem","position":1,"name":"Home","item":"https:\/\/swissclinics.net\/de\/"},{"@type":"ListItem","position":2,"name":"Behandlungen","item":"https:\/\/swissclinics.net\/de\/behandlungen\/"},{"@type":"ListItem","position":3,"name":"Bauchdeckenstraffung"}]},{"@type":"WebSite","@id":"https:\/\/swissclinics.net\/de\/#website","url":"https:\/\/swissclinics.net\/de\/","name":"Swiss Clinics","description":"Medizin mit Schweizer Qualit\u00e4t.","potentialAction":[{"@type":"SearchAction","target":{"@type":"EntryPoint","urlTemplate":"https:\/\/swissclinics.net\/de\/?s={search_term_string}"},"query-input":{"@type":"PropertyValueSpecification","valueRequired":true,"valueName":"search_term_string"}}],"inLanguage":"de"}]}},"_links":{"self":[{"href":"https:\/\/swissclinics.net\/de\/wp-json\/wp\/v2\/pages\/353","targetHints":{"allow":["GET"]}}],"collection":[{"href":"https:\/\/swissclinics.net\/de\/wp-json\/wp\/v2\/pages"}],"about":[{"href":"https:\/\/swissclinics.net\/de\/wp-json\/wp\/v2\/types\/page"}],"author":[{"embeddable":true,"href":"https:\/\/swissclinics.net\/de\/wp-json\/wp\/v2\/users\/9"}],"replies":[{"embeddable":true,"href":"https:\/\/swissclinics.net\/de\/wp-json\/wp\/v2\/comments?post=353"}],"version-history":[{"count":3,"href":"https:\/\/swissclinics.net\/de\/wp-json\/wp\/v2\/pages\/353\/revisions"}],"predecessor-version":[{"id":711,"href":"https:\/\/swissclinics.net\/de\/wp-json\/wp\/v2\/pages\/353\/revisions\/711"}],"up":[{"embeddable":true,"href":"https:\/\/swissclinics.net\/de\/wp-json\/wp\/v2\/pages\/32"}],"wp:featuredmedia":[{"embeddable":true,"href":"https:\/\/swissclinics.net\/de\/wp-json\/wp\/v2\/media\/599"}],"wp:attachment":[{"href":"https:\/\/swissclinics.net\/de\/wp-json\/wp\/v2\/media?parent=353"}],"curies":[{"name":"wp","href":"https:\/\/api.w.org\/{rel}","templated":true}]}}