{"id":351,"date":"2016-11-10T16:20:43","date_gmt":"2016-11-10T15:20:43","guid":{"rendered":"https:\/\/swissclinics.net\/de\/?page_id=351"},"modified":"2018-10-10T18:31:28","modified_gmt":"2018-10-10T16:31:28","slug":"gynaekomastie-lipomastie","status":"publish","type":"page","link":"https:\/\/swissclinics.net\/de\/behandlungen\/gynaekomastie-lipomastie\/","title":{"rendered":"Gyn\u00e4komastie und Lipomastie"},"content":{"rendered":"<p>Unter <strong>Gyn\u00e4komastie<\/strong> versteht man die ein- oder beidseitige Vergr\u00f6\u00dferung der Brustdr\u00fcse beim Mann. Daraus folgt meist ein weiblicheres Erscheinungsbild der Brust. Dies entspricht optisch nicht dem gesellschaftlich verankerten k\u00f6rperlichen Idealbild eines Mannes und kann daher eine psychische Last f\u00fcr Betroffene darstellen.<\/p>\n<p>Kennzeichnend f\u00fcr Gyn\u00e4komastie ist eine verst\u00e4rkte Auspr\u00e4gung der Brustdr\u00fcse. Davon zu unterscheiden ist die <strong>Lipomastie<\/strong> (<strong>Pseudogyn\u00e4komastie<\/strong>), bei es sich um Fetteinlagerungen in der Brust handelt, die meist mit generellem \u00dcbergewicht verbunden ist. Das \u00e4u\u00dfere Erscheinungsbild der Brust ist in beiden F\u00e4llen nahezu gleich.<\/p>\n<h2>Symptome und Ursachen von Gyn\u00e4komastie<\/h2>\n<p>Das Hauptsymptom der Gyn\u00e4komastie ist die vergr\u00f6\u00dferte Brust, die in weiterer Folge auch ein Spannungsgef\u00fchl in diesem Bereich hervorrufen kann. In manchen F\u00e4llen beklagen sich Betroffene auch \u00fcber eine erh\u00f6hte Empfindlichkeit der Brustwarzen.<\/p>\n<p>Gyn\u00e4komastie bezeichnet keine eigenst\u00e4ndige Krankheit. Es handelt sich dabei lediglich um das Symptom der vergr\u00f6\u00dferten Brustdr\u00fcse, das in den meisten F\u00e4llen keine schwer krankhafte Ursache hat. Trotzdem ist es bei der Diagnosestellung wichtig, durch unterschiedliche Ma\u00dfnahmen Brustkrebs auszuschlie\u00dfen, vor allem dann, wenn die Vergr\u00f6\u00dferung der Brust nur einseitig besteht.<\/p>\n<p>Die Vermehrung des Brustgewebes ist meistens hormonell bedingt. Dabei ist das Verh\u00e4ltnis von m\u00e4nnlichen zu weiblichen Sexualhormonen im K\u00f6rper au\u00dfer Balance, wodurch das Wachstum der Brustdr\u00fcse stimuliert wird. Die Wurzeln einer solchen Hormonst\u00f6rung k\u00f6nnen sehr unterschiedlich sein, sei es die Einnahme bestimmter Medikamente, Alkoholmissbrauch, Funktionsst\u00f6rungen der Hoden und dadurch verursachte hormonelle Probleme oder erbliche Gendefekte. Der exakte Ausl\u00f6ser muss jedoch vor Beginn einer Behandlung unbedingt ergr\u00fcndet werden, um eine ad\u00e4quate Behandlung zu erm\u00f6glichen.<\/p>\n<h2>Behandlung der Gyn\u00e4komastie<\/h2>\n<p>In vielen F\u00e4llen ist eine Behandlung aus medizinischer Sicht nicht notwendig. Je nach Ausl\u00f6ser ist dann z.B. das Absetzen des verursachenden Medikamentes ausreichend, um die k\u00f6rperliche Ver\u00e4nderung wieder r\u00fcckg\u00e4ngig zu machen.<\/p>\n<p>Die Wiederherstellung eines gesunden Hormongleichgewichtes mittels <a href=\"https:\/\/swissclinics.net\/de\/behandlungen\/bioidentische-hormone\/\">bioidentischer Hormone<\/a> funktioniert, wenn als Ursache hormonelle Imbalancen vorliegen. Der Vorteil bioidentischer Hormone liegt darin, dass sie aufgrund ihrer gleichen chemischen Zusammensetzung wie unsere k\u00f6rpereigenen Hormone bei richtiger Dosierung kaum Nebenwirkungen verursachen k\u00f6nnen.<\/p>\n<p>In besonders ausgepr\u00e4gten F\u00e4llen bzw. zur Behebung des \u00e4sthetischen und meist auch psychischen Problems wird h\u00e4ufig eine chirurgische Entfernung des \u00fcbersch\u00fcssigen Brustdr\u00fcsengewebes in Erw\u00e4gung gezogen. Jedoch wird hiermit nur die Symptomatik, nicht aber die Ursache des Problems behandelt. Die Kombination verschiedener Behandlungsmethoden kann sinnvoll sein.<\/p>\n<h2>Behandlung von Lipomastie durch Fettabsaugung<\/h2>\n<p>Im Falle einer Lipomastie (Fetteinlagerung), etwa aufgrund von \u00dcbergewicht, k\u00f6nnen mit einer lokalen Fettabsaugung im Brustbereich sehr gute Ergebnisse erzielt werden. Die Verwendung feiner Mikrokan\u00fclen erm\u00f6glicht eine besonders pr\u00e4zise Formung der Brust und ist zus\u00e4tzlich sehr k\u00f6rperschonend, da sie ambulant und unter lokaler Bet\u00e4ubung erfolgt. Nach dem Eingriff ist \u00fcblicherweise ein Verband ausreichend, der einige Tage zu tragen ist. Das Ergebnis ist sofort sichtbar, die Nachsorge gestaltet sich einfach.<\/p>\n","protected":false},"excerpt":{"rendered":"<p>Unter Gyn\u00e4komastie versteht man die ein- oder beidseitige Vergr\u00f6\u00dferung der Brustdr\u00fcse beim Mann. Daraus folgt meist ein weiblicheres Erscheinungsbild der Brust. Dies entspricht optisch nicht dem gesellschaftlich verankerten k\u00f6rperlichen Idealbild eines Mannes und kann daher eine psychische Last f\u00fcr Betroffene darstellen. Kennzeichnend f\u00fcr Gyn\u00e4komastie ist eine verst\u00e4rkte Auspr\u00e4gung der Brustdr\u00fcse. Davon zu unterscheiden ist die\u2026<span class=\"moretag-separator\">&nbsp;\u00b7 <\/span><a class=\"moretag\" href=\"https:\/\/swissclinics.net\/de\/behandlungen\/gynaekomastie-lipomastie\/\">Weiterlesen&nbsp;\u00bb<\/a><\/p>\n","protected":false},"author":9,"featured_media":595,"parent":32,"menu_order":0,"comment_status":"closed","ping_status":"closed","template":"","meta":{"footnotes":""},"class_list":["post-351","page","type-page","status-publish","has-post-thumbnail","hentry"],"yoast_head":"<!-- This site is optimized with the Yoast SEO plugin v27.2 - https:\/\/yoast.com\/product\/yoast-seo-wordpress\/ -->\n<title>Behandlung von Gyn\u00e4komastie und Lipomastie &#183; Swiss Clinics<\/title>\n<meta name=\"description\" content=\"Verkleinerung einer \u201eM\u00e4nnerbrust\u201c (Gyn\u00e4komastie, Lipomastie, Pseudogyn\u00e4komastie) mittels bioidentischer Hormone (BHRT) und gezielter Fettabsaugung.\" \/>\n<meta name=\"robots\" content=\"index, follow, max-snippet:-1, max-image-preview:large, max-video-preview:-1\" \/>\n<link rel=\"canonical\" href=\"https:\/\/swissclinics.net\/de\/behandlungen\/gynaekomastie-lipomastie\/\" \/>\n<meta property=\"og:locale\" content=\"de_DE\" \/>\n<meta property=\"og:type\" content=\"article\" \/>\n<meta property=\"og:title\" content=\"Behandlung von Gyn\u00e4komastie und Lipomastie &#183; Swiss Clinics\" \/>\n<meta property=\"og:description\" content=\"Verkleinerung einer \u201eM\u00e4nnerbrust\u201c (Gyn\u00e4komastie, Lipomastie, Pseudogyn\u00e4komastie) mittels bioidentischer Hormone (BHRT) und gezielter Fettabsaugung.\" \/>\n<meta property=\"og:url\" content=\"https:\/\/swissclinics.net\/de\/behandlungen\/gynaekomastie-lipomastie\/\" \/>\n<meta property=\"og:site_name\" content=\"Swiss Clinics\" \/>\n<meta property=\"article:publisher\" content=\"https:\/\/www.facebook.com\/swissclinics\/\" \/>\n<meta property=\"article:modified_time\" content=\"2018-10-10T16:31:28+00:00\" \/>\n<meta property=\"og:image\" content=\"https:\/\/swissclinics.net\/de\/wp-content\/uploads\/sites\/3\/gynaekomastie-lipomastie.jpg\" \/>\n\t<meta property=\"og:image:width\" content=\"640\" \/>\n\t<meta property=\"og:image:height\" content=\"848\" \/>\n\t<meta property=\"og:image:type\" content=\"image\/jpeg\" \/>\n<meta name=\"twitter:card\" content=\"summary_large_image\" \/>\n<meta name=\"twitter:label1\" content=\"Gesch\u00e4tzte Lesezeit\" \/>\n\t<meta name=\"twitter:data1\" content=\"2\u00a0Minuten\" \/>\n<script type=\"application\/ld+json\" class=\"yoast-schema-graph\">{\"@context\":\"https:\/\/schema.org\",\"@graph\":[{\"@type\":\"WebPage\",\"@id\":\"https:\/\/swissclinics.net\/de\/behandlungen\/gynaekomastie-lipomastie\/\",\"url\":\"https:\/\/swissclinics.net\/de\/behandlungen\/gynaekomastie-lipomastie\/\",\"name\":\"Behandlung von Gyn\u00e4komastie und Lipomastie &#183; Swiss Clinics\",\"isPartOf\":{\"@id\":\"https:\/\/swissclinics.net\/de\/#website\"},\"primaryImageOfPage\":{\"@id\":\"https:\/\/swissclinics.net\/de\/behandlungen\/gynaekomastie-lipomastie\/#primaryimage\"},\"image\":{\"@id\":\"https:\/\/swissclinics.net\/de\/behandlungen\/gynaekomastie-lipomastie\/#primaryimage\"},\"thumbnailUrl\":\"https:\/\/swissclinics.net\/de\/wp-content\/uploads\/sites\/3\/gynaekomastie-lipomastie.jpg\",\"datePublished\":\"2016-11-10T15:20:43+00:00\",\"dateModified\":\"2018-10-10T16:31:28+00:00\",\"description\":\"Verkleinerung einer \u201eM\u00e4nnerbrust\u201c (Gyn\u00e4komastie, Lipomastie, Pseudogyn\u00e4komastie) mittels bioidentischer Hormone (BHRT) und gezielter Fettabsaugung.\",\"breadcrumb\":{\"@id\":\"https:\/\/swissclinics.net\/de\/behandlungen\/gynaekomastie-lipomastie\/#breadcrumb\"},\"inLanguage\":\"de\",\"potentialAction\":[{\"@type\":\"ReadAction\",\"target\":[\"https:\/\/swissclinics.net\/de\/behandlungen\/gynaekomastie-lipomastie\/\"]}]},{\"@type\":\"ImageObject\",\"inLanguage\":\"de\",\"@id\":\"https:\/\/swissclinics.net\/de\/behandlungen\/gynaekomastie-lipomastie\/#primaryimage\",\"url\":\"https:\/\/swissclinics.net\/de\/wp-content\/uploads\/sites\/3\/gynaekomastie-lipomastie.jpg\",\"contentUrl\":\"https:\/\/swissclinics.net\/de\/wp-content\/uploads\/sites\/3\/gynaekomastie-lipomastie.jpg\",\"width\":640,\"height\":848,\"caption\":\"\u00a9 PantherMedia\/lucas\"},{\"@type\":\"BreadcrumbList\",\"@id\":\"https:\/\/swissclinics.net\/de\/behandlungen\/gynaekomastie-lipomastie\/#breadcrumb\",\"itemListElement\":[{\"@type\":\"ListItem\",\"position\":1,\"name\":\"Home\",\"item\":\"https:\/\/swissclinics.net\/de\/\"},{\"@type\":\"ListItem\",\"position\":2,\"name\":\"Behandlungen\",\"item\":\"https:\/\/swissclinics.net\/de\/behandlungen\/\"},{\"@type\":\"ListItem\",\"position\":3,\"name\":\"Gyn\u00e4komastie und Lipomastie\"}]},{\"@type\":\"WebSite\",\"@id\":\"https:\/\/swissclinics.net\/de\/#website\",\"url\":\"https:\/\/swissclinics.net\/de\/\",\"name\":\"Swiss Clinics\",\"description\":\"Medizin mit Schweizer Qualit\u00e4t.\",\"potentialAction\":[{\"@type\":\"SearchAction\",\"target\":{\"@type\":\"EntryPoint\",\"urlTemplate\":\"https:\/\/swissclinics.net\/de\/?s={search_term_string}\"},\"query-input\":{\"@type\":\"PropertyValueSpecification\",\"valueRequired\":true,\"valueName\":\"search_term_string\"}}],\"inLanguage\":\"de\"}]}<\/script>\n<!-- \/ Yoast SEO plugin. -->","yoast_head_json":{"title":"Behandlung von Gyn\u00e4komastie und Lipomastie &#183; Swiss Clinics","description":"Verkleinerung einer \u201eM\u00e4nnerbrust\u201c (Gyn\u00e4komastie, Lipomastie, Pseudogyn\u00e4komastie) mittels bioidentischer Hormone (BHRT) und gezielter Fettabsaugung.","robots":{"index":"index","follow":"follow","max-snippet":"max-snippet:-1","max-image-preview":"max-image-preview:large","max-video-preview":"max-video-preview:-1"},"canonical":"https:\/\/swissclinics.net\/de\/behandlungen\/gynaekomastie-lipomastie\/","og_locale":"de_DE","og_type":"article","og_title":"Behandlung von Gyn\u00e4komastie und Lipomastie &#183; Swiss Clinics","og_description":"Verkleinerung einer \u201eM\u00e4nnerbrust\u201c (Gyn\u00e4komastie, Lipomastie, Pseudogyn\u00e4komastie) mittels bioidentischer Hormone (BHRT) und gezielter Fettabsaugung.","og_url":"https:\/\/swissclinics.net\/de\/behandlungen\/gynaekomastie-lipomastie\/","og_site_name":"Swiss Clinics","article_publisher":"https:\/\/www.facebook.com\/swissclinics\/","article_modified_time":"2018-10-10T16:31:28+00:00","og_image":[{"width":640,"height":848,"url":"https:\/\/swissclinics.net\/de\/wp-content\/uploads\/sites\/3\/gynaekomastie-lipomastie.jpg","type":"image\/jpeg"}],"twitter_card":"summary_large_image","twitter_misc":{"Gesch\u00e4tzte Lesezeit":"2\u00a0Minuten"},"schema":{"@context":"https:\/\/schema.org","@graph":[{"@type":"WebPage","@id":"https:\/\/swissclinics.net\/de\/behandlungen\/gynaekomastie-lipomastie\/","url":"https:\/\/swissclinics.net\/de\/behandlungen\/gynaekomastie-lipomastie\/","name":"Behandlung von Gyn\u00e4komastie und Lipomastie &#183; Swiss Clinics","isPartOf":{"@id":"https:\/\/swissclinics.net\/de\/#website"},"primaryImageOfPage":{"@id":"https:\/\/swissclinics.net\/de\/behandlungen\/gynaekomastie-lipomastie\/#primaryimage"},"image":{"@id":"https:\/\/swissclinics.net\/de\/behandlungen\/gynaekomastie-lipomastie\/#primaryimage"},"thumbnailUrl":"https:\/\/swissclinics.net\/de\/wp-content\/uploads\/sites\/3\/gynaekomastie-lipomastie.jpg","datePublished":"2016-11-10T15:20:43+00:00","dateModified":"2018-10-10T16:31:28+00:00","description":"Verkleinerung einer \u201eM\u00e4nnerbrust\u201c (Gyn\u00e4komastie, Lipomastie, Pseudogyn\u00e4komastie) mittels bioidentischer Hormone (BHRT) und gezielter Fettabsaugung.","breadcrumb":{"@id":"https:\/\/swissclinics.net\/de\/behandlungen\/gynaekomastie-lipomastie\/#breadcrumb"},"inLanguage":"de","potentialAction":[{"@type":"ReadAction","target":["https:\/\/swissclinics.net\/de\/behandlungen\/gynaekomastie-lipomastie\/"]}]},{"@type":"ImageObject","inLanguage":"de","@id":"https:\/\/swissclinics.net\/de\/behandlungen\/gynaekomastie-lipomastie\/#primaryimage","url":"https:\/\/swissclinics.net\/de\/wp-content\/uploads\/sites\/3\/gynaekomastie-lipomastie.jpg","contentUrl":"https:\/\/swissclinics.net\/de\/wp-content\/uploads\/sites\/3\/gynaekomastie-lipomastie.jpg","width":640,"height":848,"caption":"\u00a9 PantherMedia\/lucas"},{"@type":"BreadcrumbList","@id":"https:\/\/swissclinics.net\/de\/behandlungen\/gynaekomastie-lipomastie\/#breadcrumb","itemListElement":[{"@type":"ListItem","position":1,"name":"Home","item":"https:\/\/swissclinics.net\/de\/"},{"@type":"ListItem","position":2,"name":"Behandlungen","item":"https:\/\/swissclinics.net\/de\/behandlungen\/"},{"@type":"ListItem","position":3,"name":"Gyn\u00e4komastie und Lipomastie"}]},{"@type":"WebSite","@id":"https:\/\/swissclinics.net\/de\/#website","url":"https:\/\/swissclinics.net\/de\/","name":"Swiss Clinics","description":"Medizin mit Schweizer Qualit\u00e4t.","potentialAction":[{"@type":"SearchAction","target":{"@type":"EntryPoint","urlTemplate":"https:\/\/swissclinics.net\/de\/?s={search_term_string}"},"query-input":{"@type":"PropertyValueSpecification","valueRequired":true,"valueName":"search_term_string"}}],"inLanguage":"de"}]}},"_links":{"self":[{"href":"https:\/\/swissclinics.net\/de\/wp-json\/wp\/v2\/pages\/351","targetHints":{"allow":["GET"]}}],"collection":[{"href":"https:\/\/swissclinics.net\/de\/wp-json\/wp\/v2\/pages"}],"about":[{"href":"https:\/\/swissclinics.net\/de\/wp-json\/wp\/v2\/types\/page"}],"author":[{"embeddable":true,"href":"https:\/\/swissclinics.net\/de\/wp-json\/wp\/v2\/users\/9"}],"replies":[{"embeddable":true,"href":"https:\/\/swissclinics.net\/de\/wp-json\/wp\/v2\/comments?post=351"}],"version-history":[{"count":2,"href":"https:\/\/swissclinics.net\/de\/wp-json\/wp\/v2\/pages\/351\/revisions"}],"predecessor-version":[{"id":824,"href":"https:\/\/swissclinics.net\/de\/wp-json\/wp\/v2\/pages\/351\/revisions\/824"}],"up":[{"embeddable":true,"href":"https:\/\/swissclinics.net\/de\/wp-json\/wp\/v2\/pages\/32"}],"wp:featuredmedia":[{"embeddable":true,"href":"https:\/\/swissclinics.net\/de\/wp-json\/wp\/v2\/media\/595"}],"wp:attachment":[{"href":"https:\/\/swissclinics.net\/de\/wp-json\/wp\/v2\/media?parent=351"}],"curies":[{"name":"wp","href":"https:\/\/api.w.org\/{rel}","templated":true}]}}