{"id":342,"date":"2016-09-21T17:59:55","date_gmt":"2016-09-21T15:59:55","guid":{"rendered":"https:\/\/swissclinics.net\/de\/?page_id=342"},"modified":"2017-07-04T09:35:15","modified_gmt":"2017-07-04T07:35:15","slug":"brustverkleinerung","status":"publish","type":"page","link":"https:\/\/swissclinics.net\/de\/behandlungen\/brustverkleinerung\/","title":{"rendered":"Brustverkleinerung"},"content":{"rendered":"<p><strong>Brustverkleinerung<\/strong> (<strong>Brustreduktion<\/strong>), fachsprachlich <strong>Mamma-Reduktion<\/strong>, beschreibt eine meist operative Verkleinerung der Brust. Eine \u00e4sthetische Brust geh\u00f6rt in der heutigen Gesellschaft zum weiblichen Sch\u00f6nheitsideal. Neben einer symmetrischen Form w\u00fcnschen sich viele Frauen auch ein harmonisches Verh\u00e4ltnis zwischen der Brustgr\u00f6\u00dfe und der restlichen K\u00f6rpersilhouette.<\/p>\n<p>Die h\u00e4ufigste Indikation f\u00fcr eine Brustverkleinerung ist die Mamma-Hypertrophie. Darunter versteht man eine im Vergleich zum K\u00f6rper \u00fcberproportional gro\u00dfe Brust, die sowohl k\u00f6rperliche als auch seelische Beschwerden bei der betroffenen Frau hervorrufen kann. Ursachen k\u00f6nnen genetische Veranlagung, hormonelle Probleme w\u00e4hrend der Wachstumsphase oder \u00dcbergewicht sein.<\/p>\n<p>Sind Frauen mit der Gr\u00f6\u00dfe Ihrer Brust \u2013 aus welchen Gr\u00fcnden auch immer \u2013 unzufrieden, kann eine operative Brustverkleinerung, eine Fettabsaugung im Brustbereich oder bei manchen Patientinnen eine <a href=\"https:\/\/swissclinics.net\/de\/behandlungen\/gewichtsabnahme\/\">\u00e4rztlich unterst\u00fctzte Gewichtsabnahme<\/a> Abhilfe schaffen. Die Brustverkleinerung kann auch mit einer Bruststraffung (Brustlifting) verbunden werden.<\/p>\n<h2>Gesundheitliche Folgen einer gro\u00dfen Brust<\/h2>\n<p>Obwohl sich viele Frauen \u2013 unwissend \u00fcber die Konsequenzen \u2013 eine gro\u00dfe Brust w\u00fcnschen, klagen betroffene Frauen h\u00e4ufig, dass die gro\u00dfe Brust ihre \u00e4u\u00dfere Erscheinung dominiert. Neben dem visuellen Aspekt f\u00fchrt das hohe Gewicht der Brust oft zu k\u00f6rperlichen Leiden:<\/p>\n<p>Chronische \u00dcberbelastung durch das hohe Gewicht der Br\u00fcste bewirkt meist eine Fehlhaltung der Wirbels\u00e4ule, die sich dadurch dauerhaft st\u00e4rker kr\u00fcmmt. Die Folge sind chronische Verspannungen und Schmerzen, die eine deutliche Verminderung der Lebensqualit\u00e4t bedeuten.<\/p>\n<p>Regelm\u00e4\u00dfige Behandlungen beim Physiotherapeuten oder mechanische Ma\u00dfnahmen zur optimalen St\u00fctzung und Belastungsverteilung der Brust k\u00f6nnen die Symptome lindern. In Extremf\u00e4llen kann es durch die langanhaltende Fehlhaltung und -belastung der Wirbels\u00e4ule auch zu Bandscheibenvorf\u00e4llen kommen.<\/p>\n<p>Eine zu gro\u00dfe Brust kann jedoch nicht nur k\u00f6rperliche Beschwerden hervorrufen. Durch den Verlust der Spannkraft der Haut und durch die Wirkung der Schwerkraft verliert die Brust an Form und Festigkeit. Dieser Vorgang wird durch das hohe Gewicht einer gro\u00dfen Brust noch beschleunigt, wodurch bereits zu einem fr\u00fchen Zeitpunkt eine H\u00e4ngebrust entsteht. Speziell junge Frauen f\u00fchlen sich dadurch sexuell nicht mehr anziehend und verstecken ihre Brust oft unter \u00fcbergro\u00dfer Kleidung.<\/p>\n<h2>Operative Methoden zur Brustverkleinerung<\/h2>\n<p>Je nach Form, Gr\u00f6\u00dfe und gew\u00fcnschtem Ergebnis werden verschiedene Techniken f\u00fcr die Brustverkleinerung angewandt. Operative Methoden unterscheiden sich nach Art der Schnittf\u00fchrung. Abh\u00e4ngig davon kann eine mehr oder weniger umfangreiche Brustverkleinerung stattfinden mit dem Ziel, die Narben jeweils so klein wie m\u00f6glich zu halten. Brustverkleinerungen finden in der Regel in Vollnarkose im Rahmen eines station\u00e4ren Aufenthalts statt.<\/p>\n<p>Bei der Str\u00f6mbeck- oder T-Methode kann mit Hilfe eines gro\u00dfen T-f\u00f6rmigen Schnittes viel Brustgewebe entfernt werden. Dies ist auch bei der etwas kleiner ausfallenden L-Methode der Fall. Allerdings entstehen bei beiden Methoden sichtbare Narben.<\/p>\n<p>Soll die Brustverkleinerung narbensparender ausfallen, kann die Lejour- oder I-Methode angewandt werden. Bei h\u00e4ngenden Br\u00fcsten, aber auch, wenn sehr viel Volumen entfernt werden soll, ist diese Methode nur bedingt geeignet.<\/p>\n<p>Handelt es sich um eine mittelgro\u00dfe Brust mit grunds\u00e4tzlich zufriedenstellender Form, bietet sich die besonders narbensparende Benelli-Methode an, bei der postoperativ nur eine Narbe rund um die Brustwarze bleibt. Der Nachteil ist, dass wenig Raum zur Modellierung bleibt, da durch die kleine \u00d6ffnung nur begrenzt Brustgewebe entnommen werden kann.<\/p>\n<h2>Brustverkleinerung durch Fettabsaugung<\/h2>\n<p>Bei Menschen mit erh\u00f6htem Fettgewebeanteil in der Brust bestehen zwei Behandlungsm\u00f6glichkeiten, die ohne eine invasive Operation unter Vollnarkose auskommen:<\/p>\n<p>Leidet die Patientin generell unter \u00dcbergewicht oder Adipositas, kann in erster Linie eine Gewichtsabnahme helfen, um das Brustvolumen zu verringern. Ist vorwiegend der Brustbereich betroffen, kann eine Fettabsaugung mit Mikrokan\u00fclen an der Brust zu einer Verkleinerung der Brust beitragen. Dieser ambulante Eingriff erfolgt in \u00f6rtlicher Bet\u00e4ubung, das Ergebnis ist bereits am n\u00e4chsten Tag sichtbar.<\/p>\n","protected":false},"excerpt":{"rendered":"<p>Brustverkleinerung (Brustreduktion), fachsprachlich Mamma-Reduktion, beschreibt eine meist operative Verkleinerung der Brust. Eine \u00e4sthetische Brust geh\u00f6rt in der heutigen Gesellschaft zum weiblichen Sch\u00f6nheitsideal. Neben einer symmetrischen Form w\u00fcnschen sich viele Frauen auch ein harmonisches Verh\u00e4ltnis zwischen der Brustgr\u00f6\u00dfe und der restlichen K\u00f6rpersilhouette. Die h\u00e4ufigste Indikation f\u00fcr eine Brustverkleinerung ist die Mamma-Hypertrophie. Darunter versteht man eine im\u2026<span class=\"moretag-separator\">&nbsp;\u00b7 <\/span><a class=\"moretag\" href=\"https:\/\/swissclinics.net\/de\/behandlungen\/brustverkleinerung\/\">Weiterlesen&nbsp;\u00bb<\/a><\/p>\n","protected":false},"author":9,"featured_media":0,"parent":32,"menu_order":0,"comment_status":"closed","ping_status":"closed","template":"","meta":{"footnotes":""},"class_list":["post-342","page","type-page","status-publish","hentry"],"yoast_head":"<!-- This site is optimized with the Yoast SEO plugin v27.2 - https:\/\/yoast.com\/product\/yoast-seo-wordpress\/ -->\n<title>Brustverkleinerung (Brustreduktion) &#183; Swiss Clinics<\/title>\n<meta name=\"description\" content=\"Verkleinerung und Formung einer zu gro\u00dfen Brust mittels chirurgischer Brustverkleinerung (Brustreduktion) oder gezielter Fettabsaugung an der Brust.\" \/>\n<meta name=\"robots\" content=\"index, follow, max-snippet:-1, max-image-preview:large, max-video-preview:-1\" \/>\n<link rel=\"canonical\" href=\"https:\/\/swissclinics.net\/de\/behandlungen\/brustverkleinerung\/\" \/>\n<meta property=\"og:locale\" content=\"de_DE\" \/>\n<meta property=\"og:type\" content=\"article\" \/>\n<meta property=\"og:title\" content=\"Brustverkleinerung (Brustreduktion) &#183; Swiss Clinics\" \/>\n<meta property=\"og:description\" content=\"Verkleinerung und Formung einer zu gro\u00dfen Brust mittels chirurgischer Brustverkleinerung (Brustreduktion) oder gezielter Fettabsaugung an der Brust.\" \/>\n<meta property=\"og:url\" content=\"https:\/\/swissclinics.net\/de\/behandlungen\/brustverkleinerung\/\" \/>\n<meta property=\"og:site_name\" content=\"Swiss Clinics\" \/>\n<meta property=\"article:publisher\" content=\"https:\/\/www.facebook.com\/swissclinics\/\" \/>\n<meta property=\"article:modified_time\" content=\"2017-07-04T07:35:15+00:00\" \/>\n<meta name=\"twitter:card\" content=\"summary_large_image\" \/>\n<meta name=\"twitter:label1\" content=\"Gesch\u00e4tzte Lesezeit\" \/>\n\t<meta name=\"twitter:data1\" content=\"3\u00a0Minuten\" \/>\n<script type=\"application\/ld+json\" class=\"yoast-schema-graph\">{\"@context\":\"https:\/\/schema.org\",\"@graph\":[{\"@type\":\"WebPage\",\"@id\":\"https:\/\/swissclinics.net\/de\/behandlungen\/brustverkleinerung\/\",\"url\":\"https:\/\/swissclinics.net\/de\/behandlungen\/brustverkleinerung\/\",\"name\":\"Brustverkleinerung (Brustreduktion) &#183; Swiss Clinics\",\"isPartOf\":{\"@id\":\"https:\/\/swissclinics.net\/de\/#website\"},\"datePublished\":\"2016-09-21T15:59:55+00:00\",\"dateModified\":\"2017-07-04T07:35:15+00:00\",\"description\":\"Verkleinerung und Formung einer zu gro\u00dfen Brust mittels chirurgischer Brustverkleinerung (Brustreduktion) oder gezielter Fettabsaugung an der Brust.\",\"breadcrumb\":{\"@id\":\"https:\/\/swissclinics.net\/de\/behandlungen\/brustverkleinerung\/#breadcrumb\"},\"inLanguage\":\"de\",\"potentialAction\":[{\"@type\":\"ReadAction\",\"target\":[\"https:\/\/swissclinics.net\/de\/behandlungen\/brustverkleinerung\/\"]}]},{\"@type\":\"BreadcrumbList\",\"@id\":\"https:\/\/swissclinics.net\/de\/behandlungen\/brustverkleinerung\/#breadcrumb\",\"itemListElement\":[{\"@type\":\"ListItem\",\"position\":1,\"name\":\"Home\",\"item\":\"https:\/\/swissclinics.net\/de\/\"},{\"@type\":\"ListItem\",\"position\":2,\"name\":\"Behandlungen\",\"item\":\"https:\/\/swissclinics.net\/de\/behandlungen\/\"},{\"@type\":\"ListItem\",\"position\":3,\"name\":\"Brustverkleinerung\"}]},{\"@type\":\"WebSite\",\"@id\":\"https:\/\/swissclinics.net\/de\/#website\",\"url\":\"https:\/\/swissclinics.net\/de\/\",\"name\":\"Swiss Clinics\",\"description\":\"Medizin mit Schweizer Qualit\u00e4t.\",\"potentialAction\":[{\"@type\":\"SearchAction\",\"target\":{\"@type\":\"EntryPoint\",\"urlTemplate\":\"https:\/\/swissclinics.net\/de\/?s={search_term_string}\"},\"query-input\":{\"@type\":\"PropertyValueSpecification\",\"valueRequired\":true,\"valueName\":\"search_term_string\"}}],\"inLanguage\":\"de\"}]}<\/script>\n<!-- \/ Yoast SEO plugin. -->","yoast_head_json":{"title":"Brustverkleinerung (Brustreduktion) &#183; Swiss Clinics","description":"Verkleinerung und Formung einer zu gro\u00dfen Brust mittels chirurgischer Brustverkleinerung (Brustreduktion) oder gezielter Fettabsaugung an der Brust.","robots":{"index":"index","follow":"follow","max-snippet":"max-snippet:-1","max-image-preview":"max-image-preview:large","max-video-preview":"max-video-preview:-1"},"canonical":"https:\/\/swissclinics.net\/de\/behandlungen\/brustverkleinerung\/","og_locale":"de_DE","og_type":"article","og_title":"Brustverkleinerung (Brustreduktion) &#183; Swiss Clinics","og_description":"Verkleinerung und Formung einer zu gro\u00dfen Brust mittels chirurgischer Brustverkleinerung (Brustreduktion) oder gezielter Fettabsaugung an der Brust.","og_url":"https:\/\/swissclinics.net\/de\/behandlungen\/brustverkleinerung\/","og_site_name":"Swiss Clinics","article_publisher":"https:\/\/www.facebook.com\/swissclinics\/","article_modified_time":"2017-07-04T07:35:15+00:00","twitter_card":"summary_large_image","twitter_misc":{"Gesch\u00e4tzte Lesezeit":"3\u00a0Minuten"},"schema":{"@context":"https:\/\/schema.org","@graph":[{"@type":"WebPage","@id":"https:\/\/swissclinics.net\/de\/behandlungen\/brustverkleinerung\/","url":"https:\/\/swissclinics.net\/de\/behandlungen\/brustverkleinerung\/","name":"Brustverkleinerung (Brustreduktion) &#183; Swiss Clinics","isPartOf":{"@id":"https:\/\/swissclinics.net\/de\/#website"},"datePublished":"2016-09-21T15:59:55+00:00","dateModified":"2017-07-04T07:35:15+00:00","description":"Verkleinerung und Formung einer zu gro\u00dfen Brust mittels chirurgischer Brustverkleinerung (Brustreduktion) oder gezielter Fettabsaugung an der Brust.","breadcrumb":{"@id":"https:\/\/swissclinics.net\/de\/behandlungen\/brustverkleinerung\/#breadcrumb"},"inLanguage":"de","potentialAction":[{"@type":"ReadAction","target":["https:\/\/swissclinics.net\/de\/behandlungen\/brustverkleinerung\/"]}]},{"@type":"BreadcrumbList","@id":"https:\/\/swissclinics.net\/de\/behandlungen\/brustverkleinerung\/#breadcrumb","itemListElement":[{"@type":"ListItem","position":1,"name":"Home","item":"https:\/\/swissclinics.net\/de\/"},{"@type":"ListItem","position":2,"name":"Behandlungen","item":"https:\/\/swissclinics.net\/de\/behandlungen\/"},{"@type":"ListItem","position":3,"name":"Brustverkleinerung"}]},{"@type":"WebSite","@id":"https:\/\/swissclinics.net\/de\/#website","url":"https:\/\/swissclinics.net\/de\/","name":"Swiss Clinics","description":"Medizin mit Schweizer Qualit\u00e4t.","potentialAction":[{"@type":"SearchAction","target":{"@type":"EntryPoint","urlTemplate":"https:\/\/swissclinics.net\/de\/?s={search_term_string}"},"query-input":{"@type":"PropertyValueSpecification","valueRequired":true,"valueName":"search_term_string"}}],"inLanguage":"de"}]}},"_links":{"self":[{"href":"https:\/\/swissclinics.net\/de\/wp-json\/wp\/v2\/pages\/342","targetHints":{"allow":["GET"]}}],"collection":[{"href":"https:\/\/swissclinics.net\/de\/wp-json\/wp\/v2\/pages"}],"about":[{"href":"https:\/\/swissclinics.net\/de\/wp-json\/wp\/v2\/types\/page"}],"author":[{"embeddable":true,"href":"https:\/\/swissclinics.net\/de\/wp-json\/wp\/v2\/users\/9"}],"replies":[{"embeddable":true,"href":"https:\/\/swissclinics.net\/de\/wp-json\/wp\/v2\/comments?post=342"}],"version-history":[{"count":5,"href":"https:\/\/swissclinics.net\/de\/wp-json\/wp\/v2\/pages\/342\/revisions"}],"predecessor-version":[{"id":714,"href":"https:\/\/swissclinics.net\/de\/wp-json\/wp\/v2\/pages\/342\/revisions\/714"}],"up":[{"embeddable":true,"href":"https:\/\/swissclinics.net\/de\/wp-json\/wp\/v2\/pages\/32"}],"wp:attachment":[{"href":"https:\/\/swissclinics.net\/de\/wp-json\/wp\/v2\/media?parent=342"}],"curies":[{"name":"wp","href":"https:\/\/api.w.org\/{rel}","templated":true}]}}