{"id":32,"date":"2016-06-03T15:29:18","date_gmt":"2016-06-03T15:29:18","guid":{"rendered":"http:\/\/swissclinics.net\/de\/?page_id=32"},"modified":"2017-07-04T09:25:39","modified_gmt":"2017-07-04T07:25:39","slug":"behandlungen","status":"publish","type":"page","link":"https:\/\/swissclinics.net\/de\/behandlungen\/","title":{"rendered":"Behandlungen"},"content":{"rendered":"<p>Swiss Clinics bietet Ihnen Kontakt zu \u00c4rzten und Kliniken mit Schweizer Qualit\u00e4tsanspruch, die eine breite Palette an Behandlungen f\u00fcr Krankheiten bzw. Zust\u00e4nde anbieten.<\/p>\n<p>W\u00e4hlen Sie nun aus der folgenden Liste, um mehr \u00fcber die Behandlungsm\u00f6glichkeiten zu erfahren.<\/p>\n<h2>Behandlungen und Operationen<\/h2>\n<h3>\u00c4sthetische Chirurgie<\/h3><ul class=\"category-list\"><li><a href=\"https:\/\/swissclinics.net\/de\/behandlungen\/augenlidkorrektur\/\">Augenlidkorrektur<\/a><\/li><li><a href=\"https:\/\/swissclinics.net\/de\/behandlungen\/bauchdeckenstraffung\/\">Bauchdeckenstraffung<\/a><\/li><li><a href=\"https:\/\/swissclinics.net\/de\/bruststraffung\/\">Bruststraffung (Mastopexie)<\/a><\/li><li><a href=\"https:\/\/swissclinics.net\/de\/behandlungen\/brustvergroesserung\/\">Brustvergr\u00f6\u00dferung<\/a><\/li><li><a href=\"https:\/\/swissclinics.net\/de\/behandlungen\/brustverkleinerung\/\">Brustverkleinerung<\/a><\/li><li><a href=\"https:\/\/swissclinics.net\/de\/behandlungen\/facelift\/\">Facelift<\/a><\/li><li><a href=\"https:\/\/swissclinics.net\/de\/behandlungen\/fettabsaugung\/\">Fettabsaugung<\/a><\/li><li><a href=\"https:\/\/swissclinics.net\/de\/behandlungen\/gynaekomastie-lipomastie\/\">Gyn\u00e4komastie und Lipomastie<\/a><\/li><li><a href=\"https:\/\/swissclinics.net\/de\/behandlungen\/haarausfall-alopezie\/\">Haarausfall (Alopezie)<\/a><\/li><li><a href=\"https:\/\/swissclinics.net\/de\/behandlungen\/kinnkorrektur\/\">Kinnkorrektur<\/a><\/li><li><a href=\"https:\/\/swissclinics.net\/de\/behandlungen\/lippenplastik\/\">Lippenplastik<\/a><\/li><li><a href=\"https:\/\/swissclinics.net\/de\/behandlungen\/oberarmstraffung\/\">Oberarmstraffung<\/a><\/li><li><a href=\"https:\/\/swissclinics.net\/de\/behandlungen\/ohranlegeplastik\/\">Ohranlegeplastik<\/a><\/li><li><a href=\"https:\/\/swissclinics.net\/de\/behandlungen\/venenbehandlungen\/\">Venenbehandlungen<\/a><\/li><li><a href=\"https:\/\/swissclinics.net\/de\/behandlungen\/wundheilungsstoerung\/\">Wundheilungsst\u00f6rung<\/a><\/li><\/ul><h3>Bioidentische Hormone<\/h3><ul class=\"category-list\"><li><a href=\"https:\/\/swissclinics.net\/de\/behandlungen\/adrenal-fatigue\/\">Adrenal Fatigue<\/a><\/li><li><a href=\"https:\/\/swissclinics.net\/de\/behandlungen\/gynaekomastie-lipomastie\/\">Gyn\u00e4komastie und Lipomastie<\/a><\/li><li><a href=\"https:\/\/swissclinics.net\/de\/behandlungen\/haarausfall-alopezie\/\">Haarausfall (Alopezie)<\/a><\/li><li><a href=\"https:\/\/swissclinics.net\/de\/behandlungen\/in-vitro-fertilisation\/\">In-vitro-Fertilisation (IVF)<\/a><\/li><\/ul><h3>Gewichtsabnahme<\/h3><ul class=\"category-list\"><li><a href=\"https:\/\/swissclinics.net\/de\/behandlungen\/bauchdeckenstraffung\/\">Bauchdeckenstraffung<\/a><\/li><li><a href=\"https:\/\/swissclinics.net\/de\/behandlungen\/brustverkleinerung\/\">Brustverkleinerung<\/a><\/li><li><a href=\"https:\/\/swissclinics.net\/de\/behandlungen\/fettabsaugung\/\">Fettabsaugung<\/a><\/li><\/ul><h3>Kinderwunsch und Fruchtbarkeit<\/h3><ul class=\"category-list\"><li><a href=\"https:\/\/swissclinics.net\/de\/behandlungen\/erektile-dysfunktion\/\">Erektile Dysfunktion (ED)<\/a><\/li><li><a href=\"https:\/\/swissclinics.net\/de\/behandlungen\/in-vitro-fertilisation\/\">In-vitro-Fertilisation (IVF)<\/a><\/li><li><a href=\"https:\/\/swissclinics.net\/de\/behandlungen\/ovarialinsuffizienz\/\">Ovarialinsuffizienz<\/a><\/li><li><a href=\"https:\/\/swissclinics.net\/de\/steigerung-spermienqualitaet\/\">Steigerung der Spermienqualit\u00e4t<\/a><\/li><\/ul><h3>Stammzelltherapie<\/h3><ul class=\"category-list\"><li><a href=\"https:\/\/swissclinics.net\/de\/behandlungen\/adrenal-fatigue\/\">Adrenal Fatigue<\/a><\/li><li><a href=\"https:\/\/swissclinics.net\/de\/behandlungen\/alzheimer\/\">Alzheimer<\/a><\/li><li><a href=\"https:\/\/swissclinics.net\/de\/behandlungen\/amyotrophe-lateralsklerose\/\">Amyotrophe Lateralsklerose (ALS)<\/a><\/li><li><a href=\"https:\/\/swissclinics.net\/de\/behandlungen\/arteriosklerose\/\">Arteriosklerose<\/a><\/li><li><a href=\"https:\/\/swissclinics.net\/de\/behandlungen\/arthrose-arthritis\/\">Arthrose und Arthritis<\/a><\/li><li><a href=\"https:\/\/swissclinics.net\/de\/behandlungen\/asthma\/\">Asthma<\/a><\/li><li><a href=\"https:\/\/swissclinics.net\/de\/behandlungen\/augenlidkorrektur\/\">Augenlidkorrektur<\/a><\/li><li><a href=\"https:\/\/swissclinics.net\/de\/behandlungen\/brustvergroesserung\/\">Brustvergr\u00f6\u00dferung<\/a><\/li><li><a href=\"https:\/\/swissclinics.net\/de\/behandlungen\/colitis-ulcerosa\/\">Colitis ulcerosa<\/a><\/li><li><a href=\"https:\/\/swissclinics.net\/de\/behandlungen\/diabetes-zuckerkrankheit\/\">Diabetes (Zuckerkrankheit)<\/a><\/li><li><a href=\"https:\/\/swissclinics.net\/de\/behandlungen\/empty-nose-syndrome\/\">Empty Nose Syndrome (ENS)<\/a><\/li><li><a href=\"https:\/\/swissclinics.net\/de\/behandlungen\/erektile-dysfunktion\/\">Erektile Dysfunktion (ED)<\/a><\/li><li><a href=\"https:\/\/swissclinics.net\/de\/behandlungen\/facelift\/\">Facelift<\/a><\/li><li><a href=\"https:\/\/swissclinics.net\/de\/behandlungen\/fibromyalgie\/\">Fibromyalgie<\/a><\/li><li><a href=\"https:\/\/swissclinics.net\/de\/behandlungen\/haarausfall-alopezie\/\">Haarausfall (Alopezie)<\/a><\/li><li><a href=\"https:\/\/swissclinics.net\/de\/behandlungen\/in-vitro-fertilisation\/\">In-vitro-Fertilisation (IVF)<\/a><\/li><li><a href=\"https:\/\/swissclinics.net\/de\/behandlungen\/migraene\/\">Migr\u00e4ne<\/a><\/li><li><a href=\"https:\/\/swissclinics.net\/de\/behandlungen\/morbus-crohn\/\">Morbus Crohn<\/a><\/li><li><a href=\"https:\/\/swissclinics.net\/de\/behandlungen\/multiple-sklerose\/\">Multiple Sklerose (MS)<\/a><\/li><li><a href=\"https:\/\/swissclinics.net\/de\/behandlungen\/muskeldystrophie\/\">Muskeldystrophie<\/a><\/li><li><a href=\"https:\/\/swissclinics.net\/de\/behandlungen\/ovarialinsuffizienz\/\">Ovarialinsuffizienz<\/a><\/li><li><a href=\"https:\/\/swissclinics.net\/de\/behandlungen\/parkinson\/\">Parkinson<\/a><\/li><li><a href=\"https:\/\/swissclinics.net\/de\/behandlungen\/periphere-neuropathie\/\">Periphere Neuropathie<\/a><\/li><li><a href=\"https:\/\/swissclinics.net\/de\/behandlungen\/rheumatismus\/\">Rheumatismus<\/a><\/li><li><a href=\"https:\/\/swissclinics.net\/de\/behandlungen\/sklerodermie\/\">Sklerodermie<\/a><\/li><li><a href=\"https:\/\/swissclinics.net\/de\/behandlungen\/wundheilungsstoerung\/\">Wundheilungsst\u00f6rung<\/a><\/li><\/ul>\n<p>Nicht gefunden, wonach Sie suchen? <a href=\"https:\/\/swissclinics.net\/de\/kontakt\/\">Kontaktieren Sie uns direkt<\/a> oder starten Sie eine Suche:<\/p>\n<form role=\"search\" method=\"get\" class=\"search-form\" action=\"https:\/\/swissclinics.net\/de\/\">\r\n  <label>\r\n    <span class=\"screen-reader-text\">Suche nach: <\/span><input type=\"search\" class=\"search-field\"\r\n      placeholder=\"Suchen\u2026\"\r\n      value=\"\" name=\"s\" data-swplive=\"true\" data-swpengine=\"default\" data-swpconfig=\"default\" \/>\r\n  <\/label><button type=\"submit\" class=\"search-submit\"><span class=\"screen-reader-text\">Suchen<\/span><svg width=\"16\" height=\"16\"><use xlink:href=\"#sadagi-search\"\/><\/svg><\/button>\r\n<\/form>\n<p><em>Suchen Sie beispielsweise nach einer Krankheit oder der gew\u00fcnschten Behandlung.<\/em><\/p>\n","protected":false},"excerpt":{"rendered":"<p>Swiss Clinics bietet Ihnen Kontakt zu \u00c4rzten und Kliniken mit Schweizer Qualit\u00e4tsanspruch, die eine breite Palette an Behandlungen f\u00fcr Krankheiten bzw. Zust\u00e4nde anbieten. W\u00e4hlen Sie nun aus der folgenden Liste, um mehr \u00fcber die Behandlungsm\u00f6glichkeiten zu erfahren. Behandlungen und Operationen Nicht gefunden, wonach Sie suchen? Kontaktieren Sie uns direkt oder starten Sie eine Suche: Suchen\u2026<span class=\"moretag-separator\">&nbsp;\u00b7 <\/span><a class=\"moretag\" href=\"https:\/\/swissclinics.net\/de\/behandlungen\/wundheilungsstoerung\/\">Weiterlesen&nbsp;\u00bb<\/a><\/p>\n","protected":false},"author":9,"featured_media":585,"parent":0,"menu_order":0,"comment_status":"closed","ping_status":"closed","template":"","meta":{"footnotes":""},"class_list":["post-32","page","type-page","status-publish","has-post-thumbnail","hentry"],"yoast_head":"<!-- This site is optimized with the Yoast SEO plugin v27.2 - https:\/\/yoast.com\/product\/yoast-seo-wordpress\/ -->\n<title>Behandlungen, Therapien und Operationen &#183; Swiss Clinics<\/title>\n<meta name=\"description\" content=\"Stammzelltherapie f\u00fcr verschiedene Krankheiten, \u00e4sthetische Chirurgie, bioidentische Hormone (BHRT) und Behandlungen f\u00fcr Kinderwunsch und Fruchtbarkeit.\" \/>\n<meta name=\"robots\" content=\"index, follow, max-snippet:-1, max-image-preview:large, max-video-preview:-1\" \/>\n<link rel=\"canonical\" href=\"https:\/\/swissclinics.net\/de\/behandlungen\/\" \/>\n<meta property=\"og:locale\" content=\"de_DE\" \/>\n<meta property=\"og:type\" content=\"article\" \/>\n<meta property=\"og:title\" content=\"Behandlungen, Therapien und Operationen &#183; Swiss Clinics\" \/>\n<meta property=\"og:description\" content=\"Stammzelltherapie f\u00fcr verschiedene Krankheiten, \u00e4sthetische Chirurgie, bioidentische Hormone (BHRT) und Behandlungen f\u00fcr Kinderwunsch und Fruchtbarkeit.\" \/>\n<meta property=\"og:url\" content=\"https:\/\/swissclinics.net\/de\/behandlungen\/\" \/>\n<meta property=\"og:site_name\" content=\"Swiss Clinics\" \/>\n<meta property=\"article:publisher\" content=\"https:\/\/www.facebook.com\/swissclinics\/\" \/>\n<meta property=\"article:modified_time\" content=\"2017-07-04T07:25:39+00:00\" \/>\n<meta property=\"og:image\" content=\"https:\/\/swissclinics.net\/de\/wp-content\/uploads\/sites\/3\/behandlungen.jpg\" \/>\n\t<meta property=\"og:image:width\" content=\"640\" \/>\n\t<meta property=\"og:image:height\" content=\"428\" \/>\n\t<meta property=\"og:image:type\" content=\"image\/jpeg\" \/>\n<meta name=\"twitter:card\" content=\"summary_large_image\" \/>\n<script type=\"application\/ld+json\" class=\"yoast-schema-graph\">{\"@context\":\"https:\/\/schema.org\",\"@graph\":[{\"@type\":\"WebPage\",\"@id\":\"https:\/\/swissclinics.net\/de\/behandlungen\/\",\"url\":\"https:\/\/swissclinics.net\/de\/behandlungen\/\",\"name\":\"Behandlungen, Therapien und Operationen &#183; Swiss Clinics\",\"isPartOf\":{\"@id\":\"https:\/\/swissclinics.net\/de\/#website\"},\"primaryImageOfPage\":{\"@id\":\"https:\/\/swissclinics.net\/de\/behandlungen\/#primaryimage\"},\"image\":{\"@id\":\"https:\/\/swissclinics.net\/de\/behandlungen\/#primaryimage\"},\"thumbnailUrl\":\"https:\/\/swissclinics.net\/de\/wp-content\/uploads\/sites\/3\/behandlungen.jpg\",\"datePublished\":\"2016-06-03T15:29:18+00:00\",\"dateModified\":\"2017-07-04T07:25:39+00:00\",\"description\":\"Stammzelltherapie f\u00fcr verschiedene Krankheiten, \u00e4sthetische Chirurgie, bioidentische Hormone (BHRT) und Behandlungen f\u00fcr Kinderwunsch und Fruchtbarkeit.\",\"breadcrumb\":{\"@id\":\"https:\/\/swissclinics.net\/de\/behandlungen\/#breadcrumb\"},\"inLanguage\":\"de\",\"potentialAction\":[{\"@type\":\"ReadAction\",\"target\":[\"https:\/\/swissclinics.net\/de\/behandlungen\/\"]}]},{\"@type\":\"ImageObject\",\"inLanguage\":\"de\",\"@id\":\"https:\/\/swissclinics.net\/de\/behandlungen\/#primaryimage\",\"url\":\"https:\/\/swissclinics.net\/de\/wp-content\/uploads\/sites\/3\/behandlungen.jpg\",\"contentUrl\":\"https:\/\/swissclinics.net\/de\/wp-content\/uploads\/sites\/3\/behandlungen.jpg\",\"width\":640,\"height\":428},{\"@type\":\"BreadcrumbList\",\"@id\":\"https:\/\/swissclinics.net\/de\/behandlungen\/#breadcrumb\",\"itemListElement\":[{\"@type\":\"ListItem\",\"position\":1,\"name\":\"Home\",\"item\":\"https:\/\/swissclinics.net\/de\/\"},{\"@type\":\"ListItem\",\"position\":2,\"name\":\"Behandlungen\"}]},{\"@type\":\"WebSite\",\"@id\":\"https:\/\/swissclinics.net\/de\/#website\",\"url\":\"https:\/\/swissclinics.net\/de\/\",\"name\":\"Swiss Clinics\",\"description\":\"Medizin mit Schweizer Qualit\u00e4t.\",\"potentialAction\":[{\"@type\":\"SearchAction\",\"target\":{\"@type\":\"EntryPoint\",\"urlTemplate\":\"https:\/\/swissclinics.net\/de\/?s={search_term_string}\"},\"query-input\":{\"@type\":\"PropertyValueSpecification\",\"valueRequired\":true,\"valueName\":\"search_term_string\"}}],\"inLanguage\":\"de\"}]}<\/script>\n<!-- \/ Yoast SEO plugin. -->","yoast_head_json":{"title":"Behandlungen, Therapien und Operationen &#183; Swiss Clinics","description":"Stammzelltherapie f\u00fcr verschiedene Krankheiten, \u00e4sthetische Chirurgie, bioidentische Hormone (BHRT) und Behandlungen f\u00fcr Kinderwunsch und Fruchtbarkeit.","robots":{"index":"index","follow":"follow","max-snippet":"max-snippet:-1","max-image-preview":"max-image-preview:large","max-video-preview":"max-video-preview:-1"},"canonical":"https:\/\/swissclinics.net\/de\/behandlungen\/","og_locale":"de_DE","og_type":"article","og_title":"Behandlungen, Therapien und Operationen &#183; Swiss Clinics","og_description":"Stammzelltherapie f\u00fcr verschiedene Krankheiten, \u00e4sthetische Chirurgie, bioidentische Hormone (BHRT) und Behandlungen f\u00fcr Kinderwunsch und Fruchtbarkeit.","og_url":"https:\/\/swissclinics.net\/de\/behandlungen\/","og_site_name":"Swiss Clinics","article_publisher":"https:\/\/www.facebook.com\/swissclinics\/","article_modified_time":"2017-07-04T07:25:39+00:00","og_image":[{"width":640,"height":428,"url":"https:\/\/swissclinics.net\/de\/wp-content\/uploads\/sites\/3\/behandlungen.jpg","type":"image\/jpeg"}],"twitter_card":"summary_large_image","schema":{"@context":"https:\/\/schema.org","@graph":[{"@type":"WebPage","@id":"https:\/\/swissclinics.net\/de\/behandlungen\/","url":"https:\/\/swissclinics.net\/de\/behandlungen\/","name":"Behandlungen, Therapien und Operationen &#183; Swiss Clinics","isPartOf":{"@id":"https:\/\/swissclinics.net\/de\/#website"},"primaryImageOfPage":{"@id":"https:\/\/swissclinics.net\/de\/behandlungen\/#primaryimage"},"image":{"@id":"https:\/\/swissclinics.net\/de\/behandlungen\/#primaryimage"},"thumbnailUrl":"https:\/\/swissclinics.net\/de\/wp-content\/uploads\/sites\/3\/behandlungen.jpg","datePublished":"2016-06-03T15:29:18+00:00","dateModified":"2017-07-04T07:25:39+00:00","description":"Stammzelltherapie f\u00fcr verschiedene Krankheiten, \u00e4sthetische Chirurgie, bioidentische Hormone (BHRT) und Behandlungen f\u00fcr Kinderwunsch und Fruchtbarkeit.","breadcrumb":{"@id":"https:\/\/swissclinics.net\/de\/behandlungen\/#breadcrumb"},"inLanguage":"de","potentialAction":[{"@type":"ReadAction","target":["https:\/\/swissclinics.net\/de\/behandlungen\/"]}]},{"@type":"ImageObject","inLanguage":"de","@id":"https:\/\/swissclinics.net\/de\/behandlungen\/#primaryimage","url":"https:\/\/swissclinics.net\/de\/wp-content\/uploads\/sites\/3\/behandlungen.jpg","contentUrl":"https:\/\/swissclinics.net\/de\/wp-content\/uploads\/sites\/3\/behandlungen.jpg","width":640,"height":428},{"@type":"BreadcrumbList","@id":"https:\/\/swissclinics.net\/de\/behandlungen\/#breadcrumb","itemListElement":[{"@type":"ListItem","position":1,"name":"Home","item":"https:\/\/swissclinics.net\/de\/"},{"@type":"ListItem","position":2,"name":"Behandlungen"}]},{"@type":"WebSite","@id":"https:\/\/swissclinics.net\/de\/#website","url":"https:\/\/swissclinics.net\/de\/","name":"Swiss Clinics","description":"Medizin mit Schweizer Qualit\u00e4t.","potentialAction":[{"@type":"SearchAction","target":{"@type":"EntryPoint","urlTemplate":"https:\/\/swissclinics.net\/de\/?s={search_term_string}"},"query-input":{"@type":"PropertyValueSpecification","valueRequired":true,"valueName":"search_term_string"}}],"inLanguage":"de"}]}},"_links":{"self":[{"href":"https:\/\/swissclinics.net\/de\/wp-json\/wp\/v2\/pages\/32","targetHints":{"allow":["GET"]}}],"collection":[{"href":"https:\/\/swissclinics.net\/de\/wp-json\/wp\/v2\/pages"}],"about":[{"href":"https:\/\/swissclinics.net\/de\/wp-json\/wp\/v2\/types\/page"}],"author":[{"embeddable":true,"href":"https:\/\/swissclinics.net\/de\/wp-json\/wp\/v2\/users\/9"}],"replies":[{"embeddable":true,"href":"https:\/\/swissclinics.net\/de\/wp-json\/wp\/v2\/comments?post=32"}],"version-history":[{"count":21,"href":"https:\/\/swissclinics.net\/de\/wp-json\/wp\/v2\/pages\/32\/revisions"}],"predecessor-version":[{"id":773,"href":"https:\/\/swissclinics.net\/de\/wp-json\/wp\/v2\/pages\/32\/revisions\/773"}],"wp:featuredmedia":[{"embeddable":true,"href":"https:\/\/swissclinics.net\/de\/wp-json\/wp\/v2\/media\/585"}],"wp:attachment":[{"href":"https:\/\/swissclinics.net\/de\/wp-json\/wp\/v2\/media?parent=32"}],"curies":[{"name":"wp","href":"https:\/\/api.w.org\/{rel}","templated":true}]}}