{"id":316,"date":"2016-07-28T14:26:53","date_gmt":"2016-07-28T12:26:53","guid":{"rendered":"https:\/\/swissclinics.net\/de\/?page_id=316"},"modified":"2017-07-02T23:39:22","modified_gmt":"2017-07-02T21:39:22","slug":"aerztliche-zweitmeinung","status":"publish","type":"page","link":"https:\/\/swissclinics.net\/de\/aerztliche-zweitmeinung\/","title":{"rendered":"\u00c4rztliche Zweitmeinung \u2013 Second Opinion"},"content":{"rendered":"<p>Bei der \u00e4rztlichen Zweitmeinung (Second Opinion) wird h\u00e4ufig ein bestehender Erstbefund durch einen zweiten Arzt begutachtet. Die fachliche Beurteilung durch einen weiteren Arzt hilft Ihnen dabei, Klarheit \u00fcber Ihren gesundheitlichen Zustand zu erlangen und die f\u00fcr Sie am besten geeignete Behandlungsmethode zu finden. Zweifel vor schwerwiegenden Operationen und Behandlungen k\u00f6nnen so bereits im Vorfeld einer Behandlung ausger\u00e4umt werden. Au\u00dferdem kann Ihnen eine Zweitmeinung beim Aufsp\u00fcren m\u00f6glicher Fehldiagnosen helfen, indem zwei unabh\u00e4ngig gestellte Diagnosen verglichen werden.<\/p>\n<p>Gerade vor planbaren operativen Eingriffen ist die Meinung eines zweiten Arztes besonders hilfreich, um die ideale Vorgehensweise herauszufinden. Verschiedene Operationstechniken unterscheiden sich immer auch in den Risiken und erzielbaren Resultaten. Au\u00dferdem sind bestimmte Techniken f\u00fcr einen konkreten Patienten besser geeignet als andere. Die \u00e4rztliche Zweitmeinung hilft Ihnen auf dem Weg zu einer auf Ihre individuellen Bed\u00fcrfnisse optimal abgestimmten Behandlung.<\/p>\n<h2>\u00c4rztliche Zweitmeinung einholen<\/h2>\n<p>Um eine \u00e4rztliche Zweitmeinung einzuholen, \u00fcbermitteln Sie zun\u00e4chst Ihre bereits vorhandenen Befunde. Anschlie\u00dfend werden Sie informiert, welche weiteren Untersuchungen f\u00fcr eine fundierte Beurteilung Ihrer gesundheitlichen Situation n\u00f6tig sind. Patienten aus dem Ausland k\u00f6nnen bestimmte Untersuchungen in ihrem Heimatland durchf\u00fchren lassen. Auf Basis der Befunde und zus\u00e4tzlicher Informationen kann der Arzt Ihren Gesundheitszustand beurteilen und geeignete Behandlungsm\u00f6glichkeiten vorschlagen.<\/p>\n<p><a class=\"action\" href=\"https:\/\/swissclinics.net\/de\/kontakt\/\">Stellen Sie jetzt Ihre Anfrage f\u00fcr eine \u00e4rztliche Zweitmeinung<\/a><\/p>\n","protected":false},"excerpt":{"rendered":"<p>Bei der \u00e4rztlichen Zweitmeinung (Second Opinion) wird h\u00e4ufig ein bestehender Erstbefund durch einen zweiten Arzt begutachtet. Die fachliche Beurteilung durch einen weiteren Arzt hilft Ihnen dabei, Klarheit \u00fcber Ihren gesundheitlichen Zustand zu erlangen und die f\u00fcr Sie am besten geeignete Behandlungsmethode zu finden. Zweifel vor schwerwiegenden Operationen und Behandlungen k\u00f6nnen so bereits im Vorfeld einer\u2026<span class=\"moretag-separator\">&nbsp;\u00b7 <\/span><a class=\"moretag\" href=\"https:\/\/swissclinics.net\/de\/aerztliche-zweitmeinung\/\">Weiterlesen&nbsp;\u00bb<\/a><\/p>\n","protected":false},"author":9,"featured_media":584,"parent":0,"menu_order":0,"comment_status":"closed","ping_status":"closed","template":"","meta":{"footnotes":""},"class_list":["post-316","page","type-page","status-publish","has-post-thumbnail","hentry"],"yoast_head":"<!-- This site is optimized with the Yoast SEO plugin v27.2 - https:\/\/yoast.com\/product\/yoast-seo-wordpress\/ -->\n<title>\u00c4rztliche Zweitmeinung f\u00fcr medizinisches Problem einholen &#183; Swiss Clinics<\/title>\n<meta name=\"description\" content=\"Swiss Clinics unterst\u00fctzt Sie, eine \u00e4rztliche Zweitmeinung zu erhalten, um ihren Gesundheitszustand zu kl\u00e4ren oder Behandlungsalternativen zu finden.\" \/>\n<meta name=\"robots\" content=\"index, follow, max-snippet:-1, max-image-preview:large, max-video-preview:-1\" \/>\n<link rel=\"canonical\" href=\"https:\/\/swissclinics.net\/de\/aerztliche-zweitmeinung\/\" \/>\n<meta property=\"og:locale\" content=\"de_DE\" \/>\n<meta property=\"og:type\" content=\"article\" \/>\n<meta property=\"og:title\" content=\"\u00c4rztliche Zweitmeinung f\u00fcr medizinisches Problem einholen &#183; Swiss Clinics\" \/>\n<meta property=\"og:description\" content=\"Swiss Clinics unterst\u00fctzt Sie, eine \u00e4rztliche Zweitmeinung zu erhalten, um ihren Gesundheitszustand zu kl\u00e4ren oder Behandlungsalternativen zu finden.\" \/>\n<meta property=\"og:url\" content=\"https:\/\/swissclinics.net\/de\/aerztliche-zweitmeinung\/\" \/>\n<meta property=\"og:site_name\" content=\"Swiss Clinics\" \/>\n<meta property=\"article:publisher\" content=\"https:\/\/www.facebook.com\/swissclinics\/\" \/>\n<meta property=\"article:modified_time\" content=\"2017-07-02T21:39:22+00:00\" \/>\n<meta property=\"og:image\" content=\"https:\/\/swissclinics.net\/de\/wp-content\/uploads\/sites\/3\/aerztliche-zweitmeinung.jpg\" \/>\n\t<meta property=\"og:image:width\" content=\"640\" \/>\n\t<meta property=\"og:image:height\" content=\"959\" \/>\n\t<meta property=\"og:image:type\" content=\"image\/jpeg\" \/>\n<meta name=\"twitter:card\" content=\"summary_large_image\" \/>\n<meta name=\"twitter:label1\" content=\"Gesch\u00e4tzte Lesezeit\" \/>\n\t<meta name=\"twitter:data1\" content=\"1\u00a0Minute\" \/>\n<script type=\"application\/ld+json\" class=\"yoast-schema-graph\">{\"@context\":\"https:\/\/schema.org\",\"@graph\":[{\"@type\":\"WebPage\",\"@id\":\"https:\/\/swissclinics.net\/de\/aerztliche-zweitmeinung\/\",\"url\":\"https:\/\/swissclinics.net\/de\/aerztliche-zweitmeinung\/\",\"name\":\"\u00c4rztliche Zweitmeinung f\u00fcr medizinisches Problem einholen &#183; Swiss Clinics\",\"isPartOf\":{\"@id\":\"https:\/\/swissclinics.net\/de\/#website\"},\"primaryImageOfPage\":{\"@id\":\"https:\/\/swissclinics.net\/de\/aerztliche-zweitmeinung\/#primaryimage\"},\"image\":{\"@id\":\"https:\/\/swissclinics.net\/de\/aerztliche-zweitmeinung\/#primaryimage\"},\"thumbnailUrl\":\"https:\/\/swissclinics.net\/de\/wp-content\/uploads\/sites\/3\/aerztliche-zweitmeinung.jpg\",\"datePublished\":\"2016-07-28T12:26:53+00:00\",\"dateModified\":\"2017-07-02T21:39:22+00:00\",\"description\":\"Swiss Clinics unterst\u00fctzt Sie, eine \u00e4rztliche Zweitmeinung zu erhalten, um ihren Gesundheitszustand zu kl\u00e4ren oder Behandlungsalternativen zu finden.\",\"breadcrumb\":{\"@id\":\"https:\/\/swissclinics.net\/de\/aerztliche-zweitmeinung\/#breadcrumb\"},\"inLanguage\":\"de\",\"potentialAction\":[{\"@type\":\"ReadAction\",\"target\":[\"https:\/\/swissclinics.net\/de\/aerztliche-zweitmeinung\/\"]}]},{\"@type\":\"ImageObject\",\"inLanguage\":\"de\",\"@id\":\"https:\/\/swissclinics.net\/de\/aerztliche-zweitmeinung\/#primaryimage\",\"url\":\"https:\/\/swissclinics.net\/de\/wp-content\/uploads\/sites\/3\/aerztliche-zweitmeinung.jpg\",\"contentUrl\":\"https:\/\/swissclinics.net\/de\/wp-content\/uploads\/sites\/3\/aerztliche-zweitmeinung.jpg\",\"width\":640,\"height\":959},{\"@type\":\"BreadcrumbList\",\"@id\":\"https:\/\/swissclinics.net\/de\/aerztliche-zweitmeinung\/#breadcrumb\",\"itemListElement\":[{\"@type\":\"ListItem\",\"position\":1,\"name\":\"Home\",\"item\":\"https:\/\/swissclinics.net\/de\/\"},{\"@type\":\"ListItem\",\"position\":2,\"name\":\"\u00c4rztliche Zweitmeinung \u2013 Second Opinion\"}]},{\"@type\":\"WebSite\",\"@id\":\"https:\/\/swissclinics.net\/de\/#website\",\"url\":\"https:\/\/swissclinics.net\/de\/\",\"name\":\"Swiss Clinics\",\"description\":\"Medizin mit Schweizer Qualit\u00e4t.\",\"potentialAction\":[{\"@type\":\"SearchAction\",\"target\":{\"@type\":\"EntryPoint\",\"urlTemplate\":\"https:\/\/swissclinics.net\/de\/?s={search_term_string}\"},\"query-input\":{\"@type\":\"PropertyValueSpecification\",\"valueRequired\":true,\"valueName\":\"search_term_string\"}}],\"inLanguage\":\"de\"}]}<\/script>\n<!-- \/ Yoast SEO plugin. -->","yoast_head_json":{"title":"\u00c4rztliche Zweitmeinung f\u00fcr medizinisches Problem einholen &#183; Swiss Clinics","description":"Swiss Clinics unterst\u00fctzt Sie, eine \u00e4rztliche Zweitmeinung zu erhalten, um ihren Gesundheitszustand zu kl\u00e4ren oder Behandlungsalternativen zu finden.","robots":{"index":"index","follow":"follow","max-snippet":"max-snippet:-1","max-image-preview":"max-image-preview:large","max-video-preview":"max-video-preview:-1"},"canonical":"https:\/\/swissclinics.net\/de\/aerztliche-zweitmeinung\/","og_locale":"de_DE","og_type":"article","og_title":"\u00c4rztliche Zweitmeinung f\u00fcr medizinisches Problem einholen &#183; Swiss Clinics","og_description":"Swiss Clinics unterst\u00fctzt Sie, eine \u00e4rztliche Zweitmeinung zu erhalten, um ihren Gesundheitszustand zu kl\u00e4ren oder Behandlungsalternativen zu finden.","og_url":"https:\/\/swissclinics.net\/de\/aerztliche-zweitmeinung\/","og_site_name":"Swiss Clinics","article_publisher":"https:\/\/www.facebook.com\/swissclinics\/","article_modified_time":"2017-07-02T21:39:22+00:00","og_image":[{"width":640,"height":959,"url":"https:\/\/swissclinics.net\/de\/wp-content\/uploads\/sites\/3\/aerztliche-zweitmeinung.jpg","type":"image\/jpeg"}],"twitter_card":"summary_large_image","twitter_misc":{"Gesch\u00e4tzte Lesezeit":"1\u00a0Minute"},"schema":{"@context":"https:\/\/schema.org","@graph":[{"@type":"WebPage","@id":"https:\/\/swissclinics.net\/de\/aerztliche-zweitmeinung\/","url":"https:\/\/swissclinics.net\/de\/aerztliche-zweitmeinung\/","name":"\u00c4rztliche Zweitmeinung f\u00fcr medizinisches Problem einholen &#183; Swiss Clinics","isPartOf":{"@id":"https:\/\/swissclinics.net\/de\/#website"},"primaryImageOfPage":{"@id":"https:\/\/swissclinics.net\/de\/aerztliche-zweitmeinung\/#primaryimage"},"image":{"@id":"https:\/\/swissclinics.net\/de\/aerztliche-zweitmeinung\/#primaryimage"},"thumbnailUrl":"https:\/\/swissclinics.net\/de\/wp-content\/uploads\/sites\/3\/aerztliche-zweitmeinung.jpg","datePublished":"2016-07-28T12:26:53+00:00","dateModified":"2017-07-02T21:39:22+00:00","description":"Swiss Clinics unterst\u00fctzt Sie, eine \u00e4rztliche Zweitmeinung zu erhalten, um ihren Gesundheitszustand zu kl\u00e4ren oder Behandlungsalternativen zu finden.","breadcrumb":{"@id":"https:\/\/swissclinics.net\/de\/aerztliche-zweitmeinung\/#breadcrumb"},"inLanguage":"de","potentialAction":[{"@type":"ReadAction","target":["https:\/\/swissclinics.net\/de\/aerztliche-zweitmeinung\/"]}]},{"@type":"ImageObject","inLanguage":"de","@id":"https:\/\/swissclinics.net\/de\/aerztliche-zweitmeinung\/#primaryimage","url":"https:\/\/swissclinics.net\/de\/wp-content\/uploads\/sites\/3\/aerztliche-zweitmeinung.jpg","contentUrl":"https:\/\/swissclinics.net\/de\/wp-content\/uploads\/sites\/3\/aerztliche-zweitmeinung.jpg","width":640,"height":959},{"@type":"BreadcrumbList","@id":"https:\/\/swissclinics.net\/de\/aerztliche-zweitmeinung\/#breadcrumb","itemListElement":[{"@type":"ListItem","position":1,"name":"Home","item":"https:\/\/swissclinics.net\/de\/"},{"@type":"ListItem","position":2,"name":"\u00c4rztliche Zweitmeinung \u2013 Second Opinion"}]},{"@type":"WebSite","@id":"https:\/\/swissclinics.net\/de\/#website","url":"https:\/\/swissclinics.net\/de\/","name":"Swiss Clinics","description":"Medizin mit Schweizer Qualit\u00e4t.","potentialAction":[{"@type":"SearchAction","target":{"@type":"EntryPoint","urlTemplate":"https:\/\/swissclinics.net\/de\/?s={search_term_string}"},"query-input":{"@type":"PropertyValueSpecification","valueRequired":true,"valueName":"search_term_string"}}],"inLanguage":"de"}]}},"_links":{"self":[{"href":"https:\/\/swissclinics.net\/de\/wp-json\/wp\/v2\/pages\/316","targetHints":{"allow":["GET"]}}],"collection":[{"href":"https:\/\/swissclinics.net\/de\/wp-json\/wp\/v2\/pages"}],"about":[{"href":"https:\/\/swissclinics.net\/de\/wp-json\/wp\/v2\/types\/page"}],"author":[{"embeddable":true,"href":"https:\/\/swissclinics.net\/de\/wp-json\/wp\/v2\/users\/9"}],"replies":[{"embeddable":true,"href":"https:\/\/swissclinics.net\/de\/wp-json\/wp\/v2\/comments?post=316"}],"version-history":[{"count":18,"href":"https:\/\/swissclinics.net\/de\/wp-json\/wp\/v2\/pages\/316\/revisions"}],"predecessor-version":[{"id":775,"href":"https:\/\/swissclinics.net\/de\/wp-json\/wp\/v2\/pages\/316\/revisions\/775"}],"wp:featuredmedia":[{"embeddable":true,"href":"https:\/\/swissclinics.net\/de\/wp-json\/wp\/v2\/media\/584"}],"wp:attachment":[{"href":"https:\/\/swissclinics.net\/de\/wp-json\/wp\/v2\/media?parent=316"}],"curies":[{"name":"wp","href":"https:\/\/api.w.org\/{rel}","templated":true}]}}