{"id":295,"date":"2016-07-19T20:12:06","date_gmt":"2016-07-19T18:12:06","guid":{"rendered":"https:\/\/swissclinics.net\/de\/?page_id=295"},"modified":"2017-07-04T09:42:05","modified_gmt":"2017-07-04T07:42:05","slug":"erektile-dysfunktion","status":"publish","type":"page","link":"https:\/\/swissclinics.net\/de\/behandlungen\/erektile-dysfunktion\/","title":{"rendered":"Erektile Dysfunktion (ED)"},"content":{"rendered":"<p>Bei der <strong>Erektilen Dysfunktion<\/strong>, auch <strong>ED<\/strong> und <strong>Impotenz<\/strong> genannt, handelt es sich um eine Sexualst\u00f6rung des Mannes, bei der die Erektion des Penis nicht m\u00f6glich ist oder nicht aufrechterhalten werden kann. Entscheidend ist, dass dies mehrfach auftritt und nicht nur ein einziges Mal. Das Ausbleiben einer ausreichenden Erektion kann verschiedene k\u00f6rperliche und psychische Ursachen haben und ist f\u00fcr Beziehungen sehr belastend. Die H\u00e4ufigkeit an Erektiler Dysfunktion zu leiden steigt mit dem Alter. Etwa ein Viertel aller M\u00e4nner sind zu irgendeinem Zeitpunkt in ihrem Leben vor\u00fcbergehend von Erektionsst\u00f6rungen betroffen.<\/p>\n<p>Erektile Dysfunktion ist oftmals ein erstes Anzeichen f\u00fcr Stoffwechselerkrankungen wie Diabetes oder Herz-Kreislauf-Erkrankungen. H\u00e4ufig tritt die Impotenz in Zusammenhang mit einem ungesunden Lebensstil auf, der durch schlechte Ern\u00e4hrung und wenig k\u00f6rperliche Bewegung gekennzeichnet ist.<\/p>\n<p>Eine fr\u00fche Erkennung und Behandlung ist wichtig. Das stellt vielfach auch das gr\u00f6\u00dfte Problem dar, da Impotenz f\u00fcr viele M\u00e4nner ein Tabuthema ist. Oft wird Erektile Dysfunktion mit der Unf\u00e4higkeit Kinder zu zeugen gleichgesetzt, was jedoch nicht zutrifft.<\/p>\n<p>Die Gr\u00fcnde f\u00fcr das Auftreten einer Potenzst\u00f6rung k\u00f6nnen sehr unterschiedlich sein. Sowohl k\u00f6rperliche als auch psychische Ausl\u00f6ser sind bekannt, wobei die k\u00f6rperlichen bei weitem \u00fcberwiegen. Zu den k\u00f6rperlichen Ausl\u00f6sern z\u00e4hlen Stoffwechselerkrankungen, Durchblutungsst\u00f6rungen, Erkrankungen der Nervenzellen, St\u00f6rungen des Hormonhaushaltes, aber auch die Einnahme bestimmter Medikamente.<\/p>\n<p>Eine h\u00e4ufige Ursache der Erektilen Dysfunktion ist eine Nervensch\u00e4digung nach gr\u00f6\u00dferen Operationen, vor allem im Bereich der Prostata (z.B. bei Prostatakrebs), des Darms oder des R\u00fcckenmarks. Gerade bei der Prostataentfernung ist das Risiko hoch, danach an Impotenz zu leiden.<\/p>\n<p>Zu den psychischen Ausl\u00f6sern z\u00e4hlen vor allem Depressionen, Partnerkonflikte, beruflicher Stress, Selbstunsicherheit und Versagens\u00e4ngste. Bei h\u00e4ufigerem Auftreten von Potenzst\u00f6rungen verst\u00e4rken sich die psychischen Faktoren wie Selbstunsicherheit und Versagens\u00e4ngste noch weiter.<\/p>\n<h2>Behandlung von Erektiler Dysfunktion<\/h2>\n<p>Der erste Schritt der Behandlung von Erektiler Dysfunktion ist die \u00c4nderung des Lebensstils des Betroffenen. Einfache \u00c4nderungen wie ges\u00fcndere Ern\u00e4hrung und mehr Bewegung bzw. Ausdauersport k\u00f6nnen schon zu Besserungen f\u00fchren. Reduktion von Stress und Verminderung des Alkohol- und Tabakkonsums sind ebenfalls empfehlenswert. Bei psychischen Ursachen ist oft eine Psychotherapie oder eine beratende Sexualtherapie mit Einbeziehung des Partners hilfreich.<\/p>\n<p>Die medikament\u00f6se Behandlung mit sogenannten PDE-5-Hemmern ist vor allem durch das Medikament Viagra weithin bekannt. Die Wirkung dieser Medikamente beruht auf der Erweiterung der den Penis versorgenden Blutgef\u00e4\u00dfe und erm\u00f6glicht damit ein erleichtertes Anf\u00fcllen des Penis mit Blut, wodurch die Erektion entsteht. Medikamente wie Viagra werden vor dem Sexualakt eingenommen und zeigen bei den meisten F\u00e4llen von Erektiler Dysfunktion auch gute Wirkung. Die Behandlung mit Medikamenten ist jedoch risikoreich und schl\u00e4gt oft fehl.<\/p>\n<p>Eine andere Art der Behandlung ist die Injektion von erektionserleichternden Substanzen direkt in den Schwellk\u00f6rper des Penis. Bei dieser Behandlung f\u00fchrt allerdings eine langfristige Anwendung zur Sch\u00e4digung des Schwellk\u00f6rpers.<\/p>\n<p>In seltenen F\u00e4llen, wie etwa bei bestimmten Gef\u00e4\u00dfverletzungen, wird Erektile Dysfunktion durch einen operativen Eingriff behandelt. Dabei werden \u00fcblicherweise unter Vollnarkose Implantate eingesetzt.<\/p>\n<h2>Therapie Erektiler Dysfunktion mit bioidentischen Hormonen<\/h2>\n<p>Erektionsst\u00f6rungen liegen h\u00e4ufig hormonelle Imbalancen zugrunde, die durch Alterung und Stress hervorgerufen werden. Neben einer Lebensstilanpassung, etwa durch Reduktion von Stress in Beruf und Privatleben, gesunder Ern\u00e4hrung und mehr k\u00f6rperlicher Bet\u00e4tigung, ist zur Behandlung von Potenzschw\u00e4che und mangelnder Libido die Verabreichung fehlender Hormone (Testosteron etc.) in bioidentischer Form ratsam. In der Folge kann dann leichter eine Erektion erreicht und gehalten werden, ohne auf nebenwirkungstr\u00e4chtige Medikamente angewiesen zu sein.<\/p>\n<h2>Stammzelltherapie bei Erektiler Dysfunktion<\/h2>\n<p>Bei Erektiler Dysfunktion k\u00f6nnen mesenchymale Stammzellen (MSC) bzw. Stromal Vascular Fraction (SVF) therapeutisch genutzt werden. Stammzellen gelten als Vorl\u00e4uferzellen aller fertigen Zellen des K\u00f6rpers. Wie mittlerweile bekannt ist, liegt die Wirkung mesenchymaler Stammzellen vor allem in der Modulation des Immunsystems und der Anregung der Regeneration von Geweben und Blutgef\u00e4\u00dfen durch Zytokine. Da Erektiler Dysfunktion h\u00e4ufig Sch\u00e4den an den Gef\u00e4\u00dfen und Nerven im Penis zugrunde liegen, bietet sich der Einsatz mesenchymaler Stammzellen an.<\/p>\n<p>Mesenchymale Stammzellen und SVF werden aus einer kleinen Menge an k\u00f6rpereigenem Fett des Patienten isoliert, das mittels Fettabsaugung gewonnen wird. Die Stammzellen werden in den Penis verabreicht oder systemisch injiziert. Sie besitzen die F\u00e4higkeit, \u00fcber Zytokine die ortsgebundenen Stammzellen des gesch\u00e4digten Penisgewebes zur Regeneration von Gewebe, Blutgef\u00e4\u00dfen und Nervenzellen anzuregen. Wenn sich die Sch\u00e4den an Nerven und Gef\u00e4\u00dfen verringern, kann sich die Erektionsf\u00e4higkeit verbessern.<\/p>\n","protected":false},"excerpt":{"rendered":"<p>Bei der Erektilen Dysfunktion, auch ED und Impotenz genannt, handelt es sich um eine Sexualst\u00f6rung des Mannes, bei der die Erektion des Penis nicht m\u00f6glich ist oder nicht aufrechterhalten werden kann. Entscheidend ist, dass dies mehrfach auftritt und nicht nur ein einziges Mal. Das Ausbleiben einer ausreichenden Erektion kann verschiedene k\u00f6rperliche und psychische Ursachen haben\u2026<span class=\"moretag-separator\">&nbsp;\u00b7 <\/span><a class=\"moretag\" href=\"https:\/\/swissclinics.net\/de\/behandlungen\/erektile-dysfunktion\/\">Weiterlesen&nbsp;\u00bb<\/a><\/p>\n","protected":false},"author":9,"featured_media":0,"parent":32,"menu_order":0,"comment_status":"closed","ping_status":"closed","template":"","meta":{"footnotes":""},"class_list":["post-295","page","type-page","status-publish","hentry"],"yoast_head":"<!-- This site is optimized with the Yoast SEO plugin v27.2 - https:\/\/yoast.com\/product\/yoast-seo-wordpress\/ -->\n<title>Behandlung von Erektiler Dysfunktion (ED) und Impotenz &#183; Swiss Clinics<\/title>\n<meta name=\"description\" content=\"Behandlungsoptionen f\u00fcr Erektile Dysfunktion (ED) und Impotenz beim Mann mittels bioidentischer Hormone (BHRT) und k\u00f6rpereigener Stammzellen aus Fett (SVF).\" \/>\n<meta name=\"robots\" content=\"index, follow, max-snippet:-1, max-image-preview:large, max-video-preview:-1\" \/>\n<link rel=\"canonical\" href=\"https:\/\/swissclinics.net\/de\/behandlungen\/erektile-dysfunktion\/\" \/>\n<meta property=\"og:locale\" content=\"de_DE\" \/>\n<meta property=\"og:type\" content=\"article\" \/>\n<meta property=\"og:title\" content=\"Behandlung von Erektiler Dysfunktion (ED) und Impotenz &#183; Swiss Clinics\" \/>\n<meta property=\"og:description\" content=\"Behandlungsoptionen f\u00fcr Erektile Dysfunktion (ED) und Impotenz beim Mann mittels bioidentischer Hormone (BHRT) und k\u00f6rpereigener Stammzellen aus Fett (SVF).\" \/>\n<meta property=\"og:url\" content=\"https:\/\/swissclinics.net\/de\/behandlungen\/erektile-dysfunktion\/\" \/>\n<meta property=\"og:site_name\" content=\"Swiss Clinics\" \/>\n<meta property=\"article:publisher\" content=\"https:\/\/www.facebook.com\/swissclinics\/\" \/>\n<meta property=\"article:modified_time\" content=\"2017-07-04T07:42:05+00:00\" \/>\n<meta name=\"twitter:card\" content=\"summary_large_image\" \/>\n<meta name=\"twitter:label1\" content=\"Gesch\u00e4tzte Lesezeit\" \/>\n\t<meta name=\"twitter:data1\" content=\"4\u00a0Minuten\" \/>\n<script type=\"application\/ld+json\" class=\"yoast-schema-graph\">{\"@context\":\"https:\/\/schema.org\",\"@graph\":[{\"@type\":\"WebPage\",\"@id\":\"https:\/\/swissclinics.net\/de\/behandlungen\/erektile-dysfunktion\/\",\"url\":\"https:\/\/swissclinics.net\/de\/behandlungen\/erektile-dysfunktion\/\",\"name\":\"Behandlung von Erektiler Dysfunktion (ED) und Impotenz &#183; Swiss Clinics\",\"isPartOf\":{\"@id\":\"https:\/\/swissclinics.net\/de\/#website\"},\"datePublished\":\"2016-07-19T18:12:06+00:00\",\"dateModified\":\"2017-07-04T07:42:05+00:00\",\"description\":\"Behandlungsoptionen f\u00fcr Erektile Dysfunktion (ED) und Impotenz beim Mann mittels bioidentischer Hormone (BHRT) und k\u00f6rpereigener Stammzellen aus Fett (SVF).\",\"breadcrumb\":{\"@id\":\"https:\/\/swissclinics.net\/de\/behandlungen\/erektile-dysfunktion\/#breadcrumb\"},\"inLanguage\":\"de\",\"potentialAction\":[{\"@type\":\"ReadAction\",\"target\":[\"https:\/\/swissclinics.net\/de\/behandlungen\/erektile-dysfunktion\/\"]}]},{\"@type\":\"BreadcrumbList\",\"@id\":\"https:\/\/swissclinics.net\/de\/behandlungen\/erektile-dysfunktion\/#breadcrumb\",\"itemListElement\":[{\"@type\":\"ListItem\",\"position\":1,\"name\":\"Home\",\"item\":\"https:\/\/swissclinics.net\/de\/\"},{\"@type\":\"ListItem\",\"position\":2,\"name\":\"Behandlungen\",\"item\":\"https:\/\/swissclinics.net\/de\/behandlungen\/\"},{\"@type\":\"ListItem\",\"position\":3,\"name\":\"Erektile Dysfunktion (ED)\"}]},{\"@type\":\"WebSite\",\"@id\":\"https:\/\/swissclinics.net\/de\/#website\",\"url\":\"https:\/\/swissclinics.net\/de\/\",\"name\":\"Swiss Clinics\",\"description\":\"Medizin mit Schweizer Qualit\u00e4t.\",\"potentialAction\":[{\"@type\":\"SearchAction\",\"target\":{\"@type\":\"EntryPoint\",\"urlTemplate\":\"https:\/\/swissclinics.net\/de\/?s={search_term_string}\"},\"query-input\":{\"@type\":\"PropertyValueSpecification\",\"valueRequired\":true,\"valueName\":\"search_term_string\"}}],\"inLanguage\":\"de\"}]}<\/script>\n<!-- \/ Yoast SEO plugin. -->","yoast_head_json":{"title":"Behandlung von Erektiler Dysfunktion (ED) und Impotenz &#183; Swiss Clinics","description":"Behandlungsoptionen f\u00fcr Erektile Dysfunktion (ED) und Impotenz beim Mann mittels bioidentischer Hormone (BHRT) und k\u00f6rpereigener Stammzellen aus Fett (SVF).","robots":{"index":"index","follow":"follow","max-snippet":"max-snippet:-1","max-image-preview":"max-image-preview:large","max-video-preview":"max-video-preview:-1"},"canonical":"https:\/\/swissclinics.net\/de\/behandlungen\/erektile-dysfunktion\/","og_locale":"de_DE","og_type":"article","og_title":"Behandlung von Erektiler Dysfunktion (ED) und Impotenz &#183; Swiss Clinics","og_description":"Behandlungsoptionen f\u00fcr Erektile Dysfunktion (ED) und Impotenz beim Mann mittels bioidentischer Hormone (BHRT) und k\u00f6rpereigener Stammzellen aus Fett (SVF).","og_url":"https:\/\/swissclinics.net\/de\/behandlungen\/erektile-dysfunktion\/","og_site_name":"Swiss Clinics","article_publisher":"https:\/\/www.facebook.com\/swissclinics\/","article_modified_time":"2017-07-04T07:42:05+00:00","twitter_card":"summary_large_image","twitter_misc":{"Gesch\u00e4tzte Lesezeit":"4\u00a0Minuten"},"schema":{"@context":"https:\/\/schema.org","@graph":[{"@type":"WebPage","@id":"https:\/\/swissclinics.net\/de\/behandlungen\/erektile-dysfunktion\/","url":"https:\/\/swissclinics.net\/de\/behandlungen\/erektile-dysfunktion\/","name":"Behandlung von Erektiler Dysfunktion (ED) und Impotenz &#183; Swiss Clinics","isPartOf":{"@id":"https:\/\/swissclinics.net\/de\/#website"},"datePublished":"2016-07-19T18:12:06+00:00","dateModified":"2017-07-04T07:42:05+00:00","description":"Behandlungsoptionen f\u00fcr Erektile Dysfunktion (ED) und Impotenz beim Mann mittels bioidentischer Hormone (BHRT) und k\u00f6rpereigener Stammzellen aus Fett (SVF).","breadcrumb":{"@id":"https:\/\/swissclinics.net\/de\/behandlungen\/erektile-dysfunktion\/#breadcrumb"},"inLanguage":"de","potentialAction":[{"@type":"ReadAction","target":["https:\/\/swissclinics.net\/de\/behandlungen\/erektile-dysfunktion\/"]}]},{"@type":"BreadcrumbList","@id":"https:\/\/swissclinics.net\/de\/behandlungen\/erektile-dysfunktion\/#breadcrumb","itemListElement":[{"@type":"ListItem","position":1,"name":"Home","item":"https:\/\/swissclinics.net\/de\/"},{"@type":"ListItem","position":2,"name":"Behandlungen","item":"https:\/\/swissclinics.net\/de\/behandlungen\/"},{"@type":"ListItem","position":3,"name":"Erektile Dysfunktion (ED)"}]},{"@type":"WebSite","@id":"https:\/\/swissclinics.net\/de\/#website","url":"https:\/\/swissclinics.net\/de\/","name":"Swiss Clinics","description":"Medizin mit Schweizer Qualit\u00e4t.","potentialAction":[{"@type":"SearchAction","target":{"@type":"EntryPoint","urlTemplate":"https:\/\/swissclinics.net\/de\/?s={search_term_string}"},"query-input":{"@type":"PropertyValueSpecification","valueRequired":true,"valueName":"search_term_string"}}],"inLanguage":"de"}]}},"_links":{"self":[{"href":"https:\/\/swissclinics.net\/de\/wp-json\/wp\/v2\/pages\/295","targetHints":{"allow":["GET"]}}],"collection":[{"href":"https:\/\/swissclinics.net\/de\/wp-json\/wp\/v2\/pages"}],"about":[{"href":"https:\/\/swissclinics.net\/de\/wp-json\/wp\/v2\/types\/page"}],"author":[{"embeddable":true,"href":"https:\/\/swissclinics.net\/de\/wp-json\/wp\/v2\/users\/9"}],"replies":[{"embeddable":true,"href":"https:\/\/swissclinics.net\/de\/wp-json\/wp\/v2\/comments?post=295"}],"version-history":[{"count":11,"href":"https:\/\/swissclinics.net\/de\/wp-json\/wp\/v2\/pages\/295\/revisions"}],"predecessor-version":[{"id":699,"href":"https:\/\/swissclinics.net\/de\/wp-json\/wp\/v2\/pages\/295\/revisions\/699"}],"up":[{"embeddable":true,"href":"https:\/\/swissclinics.net\/de\/wp-json\/wp\/v2\/pages\/32"}],"wp:attachment":[{"href":"https:\/\/swissclinics.net\/de\/wp-json\/wp\/v2\/media?parent=295"}],"curies":[{"name":"wp","href":"https:\/\/api.w.org\/{rel}","templated":true}]}}