{"id":285,"date":"2016-07-19T17:59:29","date_gmt":"2016-07-19T15:59:29","guid":{"rendered":"https:\/\/swissclinics.net\/de\/?page_id=285"},"modified":"2018-02-03T19:04:37","modified_gmt":"2018-02-03T18:04:37","slug":"in-vitro-fertilisation","status":"publish","type":"page","link":"https:\/\/swissclinics.net\/de\/behandlungen\/in-vitro-fertilisation\/","title":{"rendered":"In-vitro-Fertilisation (IVF)"},"content":{"rendered":"<p>Die <strong>In-vitro-Fertilisation<\/strong> (<strong>IVF<\/strong>), was auf Latein \u201eBefruchtung im Glas\u201c bedeutet, ist eine Methode zur k\u00fcnstlichen Befruchtung. Bei der IVF werden auf k\u00fcnstlichem Wege au\u00dferhalb des weiblichen K\u00f6rpers Eizellen und Spermien zusammengebracht, um eine Schwangerschaft herbeizuf\u00fchren. Das Ziel der Behandlung ist, den bislang unerf\u00fcllten Kinderwunsch des Paares in Erf\u00fcllung gehen zu lassen. Die Erfolgsquote der IVF liegt bei 25 bis 30 Prozent.<\/p>\n<p>Die Tatsache, dass die Zahl der Kinder in den westlichen L\u00e4ndern verglichen zu fr\u00fcheren Zeiten abnimmt, scheint nicht nur gesellschaftliche Gr\u00fcnde zu haben. Ein wesentlicher Faktor ist neben dem h\u00f6heren Alter, in dem sich Paare ein Kind w\u00fcnschen, die allgemein verringerte Fruchtbarkeit von M\u00e4nnern und Frauen. Betroffene Paare leiden unter dem unerf\u00fcllten Kinderwunsch. Das zugrundeliegende Problem kann im Erbgut, den Geschlechtsorganen oder an anderen Orten im K\u00f6rper liegen.<\/p>\n<h2>Ablauf einer In-vitro-Fertilisation<\/h2>\n<p>Am Beginn einer k\u00fcnstlichen Befruchtung werden zahlreiche Untersuchungen vorgenommen, um den \u201eSt\u00f6rfaktor\u201c herauszufinden, der die Schwangerschaft verhindert. Dabei wird unter anderem auf erbliche oder hormonelle Faktoren geachtet. Au\u00dferdem werden bei der Frau die Durchg\u00e4ngigkeit der Eileiter und die Eizellen untersucht. Beim Mann wird die Qualit\u00e4t der Spermien mittels eines Spermiogramms analysiert.<\/p>\n<p>Damit die k\u00fcnstliche Befruchtung stattfinden kann, werden Eizellen und Spermien des Paares gewonnen. Im Rahmen einer \u201eklassischen\u201c IVF werden diese im Labor zusammengef\u00fchrt, wodurch eine spontane Befruchtung stattfinden kann. Im Falle einer gest\u00f6rten Aktivit\u00e4t der Spermien werden Spermien mit einem Instrument direkt in die Eizelle eingef\u00fchrt (Intrazytoplasmatische Spermieninjektion, ICSI) und damit eine Befruchtung beg\u00fcnstigt.<\/p>\n<p>Zuletzt werden \u00fcblicherweise zwei positiv befruchtete Eizellen in die Geb\u00e4rmutter der Frau eingebracht. Wenn sich die Eizellen in die Schleimhaut einnisten, kann ein F\u00f6tus heranwachsen und der Kinderwunsch in weiterer Folge in Erf\u00fcllung gehen.<\/p>\n<p>Das h\u00e4ufigste Problem der IVF sind Mehrlingsschwangerschaften, die aufgrund der doppelt oder dreifach eingesetzten Eizellen entstehen k\u00f6nnen und h\u00f6here Gesundheitsrisiken w\u00e4hrend der Schwangerschaft hervorrufen k\u00f6nnen.<\/p>\n<h2>Intrauterine Insemination (IUI) als Alternative<\/h2>\n<p>Da die IVF ein sehr aufwendiges Verfahren darstellt, werden zun\u00e4chst oft andere therapeutische M\u00f6glichkeiten genutzt, um eine Schwangerschaft zu erzielen. Die intrauterine Insemination (IUI) stellt ein weniger invasives Verfahren dar, das bei jungen Frauen ausschlie\u00dflich bei speziellen Eileitergegebenheiten angewandt werden kann. Dabei wird mit Hilfe von Hormonen ein Eisprung hervorgerufen und zugleich Sperma in die Geb\u00e4rmutterh\u00f6hle eingebracht, um eine spontane Befruchtung herbeizuf\u00fchren.<\/p>\n<h2>Steigerung der Fruchtbarkeit mit bioidentischen Hormonen<\/h2>\n<p>H\u00e4ufig sind hormonelle Imbalancen im K\u00f6rper der Frau oder des Mannes daf\u00fcr verantwortlich, dass die erw\u00fcnschte Schwangerschaft ausbleibt. Daher empfehlen sich eine umfassende \u00e4rztliche Untersuchung und die Analyse des hormonellen Zustands von Mann und Frau, bevor eine IVF vorgenommen wird.<\/p>\n<p>Im Rahmen einer an die individuellen Erfordernisse angepassten Therapie wird das hormonelle Gleichgewicht durch Verabreichung bioidentischer Hormone wiederhergestellt. Abh\u00e4ngig von den bestehenden hormonellen Imbalancen kommt eine Verabreichung der Sexualhormone \u00d6strogen, Progesteron und Testosteron in Betracht. Falls eine Schilddr\u00fcsenerkrankung vorliegt, kann au\u00dferdem eine Behandlung mittels T3 und T4 sinnvoll sein.<\/p>\n<p>Durch eine individuell angepasste Behandlung mit bioidentischen Hormonen kann die Fruchtbarkeit erh\u00f6ht und so das Erzielen einer Schwangerschaft erleichtert werden. Falls eine Zeugung auf nat\u00fcrlichem Wege weiterhin nicht erfolgreich ist, kann die Therapie mit bioidentischen Hormonen begleitend zur IVF erfolgen, um ideale Voraussetzungen f\u00fcr Befruchtung und Schwangerschaft zu schaffen.<\/p>\n","protected":false},"excerpt":{"rendered":"<p>Die In-vitro-Fertilisation (IVF), was auf Latein \u201eBefruchtung im Glas\u201c bedeutet, ist eine Methode zur k\u00fcnstlichen Befruchtung. Bei der IVF werden auf k\u00fcnstlichem Wege au\u00dferhalb des weiblichen K\u00f6rpers Eizellen und Spermien zusammengebracht, um eine Schwangerschaft herbeizuf\u00fchren. Das Ziel der Behandlung ist, den bislang unerf\u00fcllten Kinderwunsch des Paares in Erf\u00fcllung gehen zu lassen. Die Erfolgsquote der IVF\u2026<span class=\"moretag-separator\">&nbsp;\u00b7 <\/span><a class=\"moretag\" href=\"https:\/\/swissclinics.net\/de\/behandlungen\/in-vitro-fertilisation\/\">Weiterlesen&nbsp;\u00bb<\/a><\/p>\n","protected":false},"author":9,"featured_media":593,"parent":32,"menu_order":0,"comment_status":"closed","ping_status":"closed","template":"","meta":{"footnotes":""},"class_list":["post-285","page","type-page","status-publish","has-post-thumbnail","hentry"],"yoast_head":"<!-- This site is optimized with the Yoast SEO plugin v27.5 - https:\/\/yoast.com\/product\/yoast-seo-wordpress\/ -->\n<title>Erf\u00fcllter Kinderwunsch durch In-vitro-Fertilisation (IVF) &#183; Swiss Clinics<\/title>\n<meta name=\"description\" content=\"Steigerung der weiblichen Fruchtbarkeit durch In-vitro-Fertilisation (IVF), Intrauterine Insemination (IUI) und bioidentische Hormone (BHRT).\" \/>\n<meta name=\"robots\" content=\"index, follow, max-snippet:-1, max-image-preview:large, max-video-preview:-1\" \/>\n<link rel=\"canonical\" href=\"https:\/\/swissclinics.net\/de\/behandlungen\/in-vitro-fertilisation\/\" \/>\n<meta property=\"og:locale\" content=\"de_DE\" \/>\n<meta property=\"og:type\" content=\"article\" \/>\n<meta property=\"og:title\" content=\"Erf\u00fcllter Kinderwunsch durch In-vitro-Fertilisation (IVF) &#183; Swiss Clinics\" \/>\n<meta property=\"og:description\" content=\"Steigerung der weiblichen Fruchtbarkeit durch In-vitro-Fertilisation (IVF), Intrauterine Insemination (IUI) und bioidentische Hormone (BHRT).\" \/>\n<meta property=\"og:url\" content=\"https:\/\/swissclinics.net\/de\/behandlungen\/in-vitro-fertilisation\/\" \/>\n<meta property=\"og:site_name\" content=\"Swiss Clinics\" \/>\n<meta property=\"article:publisher\" content=\"https:\/\/www.facebook.com\/swissclinics\/\" \/>\n<meta property=\"article:modified_time\" content=\"2018-02-03T18:04:37+00:00\" \/>\n<meta property=\"og:image\" content=\"https:\/\/swissclinics.net\/de\/wp-content\/uploads\/sites\/3\/in-vitro-fertilisation.jpg\" \/>\n\t<meta property=\"og:image:width\" content=\"640\" \/>\n\t<meta property=\"og:image:height\" content=\"874\" \/>\n\t<meta property=\"og:image:type\" content=\"image\/jpeg\" \/>\n<meta name=\"twitter:card\" content=\"summary_large_image\" \/>\n<meta name=\"twitter:label1\" content=\"Gesch\u00e4tzte Lesezeit\" \/>\n\t<meta name=\"twitter:data1\" content=\"3\u00a0Minuten\" \/>\n<script type=\"application\/ld+json\" class=\"yoast-schema-graph\">{\"@context\":\"https:\\\/\\\/schema.org\",\"@graph\":[{\"@type\":\"WebPage\",\"@id\":\"https:\\\/\\\/swissclinics.net\\\/de\\\/behandlungen\\\/in-vitro-fertilisation\\\/\",\"url\":\"https:\\\/\\\/swissclinics.net\\\/de\\\/behandlungen\\\/in-vitro-fertilisation\\\/\",\"name\":\"Erf\u00fcllter Kinderwunsch durch In-vitro-Fertilisation (IVF) &#183; Swiss Clinics\",\"isPartOf\":{\"@id\":\"https:\\\/\\\/swissclinics.net\\\/de\\\/#website\"},\"primaryImageOfPage\":{\"@id\":\"https:\\\/\\\/swissclinics.net\\\/de\\\/behandlungen\\\/in-vitro-fertilisation\\\/#primaryimage\"},\"image\":{\"@id\":\"https:\\\/\\\/swissclinics.net\\\/de\\\/behandlungen\\\/in-vitro-fertilisation\\\/#primaryimage\"},\"thumbnailUrl\":\"https:\\\/\\\/swissclinics.net\\\/de\\\/wp-content\\\/uploads\\\/sites\\\/3\\\/in-vitro-fertilisation.jpg\",\"datePublished\":\"2016-07-19T15:59:29+00:00\",\"dateModified\":\"2018-02-03T18:04:37+00:00\",\"description\":\"Steigerung der weiblichen Fruchtbarkeit durch In-vitro-Fertilisation (IVF), Intrauterine Insemination (IUI) und bioidentische Hormone (BHRT).\",\"breadcrumb\":{\"@id\":\"https:\\\/\\\/swissclinics.net\\\/de\\\/behandlungen\\\/in-vitro-fertilisation\\\/#breadcrumb\"},\"inLanguage\":\"de\",\"potentialAction\":[{\"@type\":\"ReadAction\",\"target\":[\"https:\\\/\\\/swissclinics.net\\\/de\\\/behandlungen\\\/in-vitro-fertilisation\\\/\"]}]},{\"@type\":\"ImageObject\",\"inLanguage\":\"de\",\"@id\":\"https:\\\/\\\/swissclinics.net\\\/de\\\/behandlungen\\\/in-vitro-fertilisation\\\/#primaryimage\",\"url\":\"https:\\\/\\\/swissclinics.net\\\/de\\\/wp-content\\\/uploads\\\/sites\\\/3\\\/in-vitro-fertilisation.jpg\",\"contentUrl\":\"https:\\\/\\\/swissclinics.net\\\/de\\\/wp-content\\\/uploads\\\/sites\\\/3\\\/in-vitro-fertilisation.jpg\",\"width\":640,\"height\":874},{\"@type\":\"BreadcrumbList\",\"@id\":\"https:\\\/\\\/swissclinics.net\\\/de\\\/behandlungen\\\/in-vitro-fertilisation\\\/#breadcrumb\",\"itemListElement\":[{\"@type\":\"ListItem\",\"position\":1,\"name\":\"Home\",\"item\":\"https:\\\/\\\/swissclinics.net\\\/de\\\/\"},{\"@type\":\"ListItem\",\"position\":2,\"name\":\"Behandlungen\",\"item\":\"https:\\\/\\\/swissclinics.net\\\/de\\\/behandlungen\\\/\"},{\"@type\":\"ListItem\",\"position\":3,\"name\":\"In-vitro-Fertilisation (IVF)\"}]},{\"@type\":\"WebSite\",\"@id\":\"https:\\\/\\\/swissclinics.net\\\/de\\\/#website\",\"url\":\"https:\\\/\\\/swissclinics.net\\\/de\\\/\",\"name\":\"Swiss Clinics\",\"description\":\"Medizin mit Schweizer Qualit\u00e4t.\",\"potentialAction\":[{\"@type\":\"SearchAction\",\"target\":{\"@type\":\"EntryPoint\",\"urlTemplate\":\"https:\\\/\\\/swissclinics.net\\\/de\\\/?s={search_term_string}\"},\"query-input\":{\"@type\":\"PropertyValueSpecification\",\"valueRequired\":true,\"valueName\":\"search_term_string\"}}],\"inLanguage\":\"de\"}]}<\/script>\n<!-- \/ Yoast SEO plugin. -->","yoast_head_json":{"title":"Erf\u00fcllter Kinderwunsch durch In-vitro-Fertilisation (IVF) &#183; Swiss Clinics","description":"Steigerung der weiblichen Fruchtbarkeit durch In-vitro-Fertilisation (IVF), Intrauterine Insemination (IUI) und bioidentische Hormone (BHRT).","robots":{"index":"index","follow":"follow","max-snippet":"max-snippet:-1","max-image-preview":"max-image-preview:large","max-video-preview":"max-video-preview:-1"},"canonical":"https:\/\/swissclinics.net\/de\/behandlungen\/in-vitro-fertilisation\/","og_locale":"de_DE","og_type":"article","og_title":"Erf\u00fcllter Kinderwunsch durch In-vitro-Fertilisation (IVF) &#183; Swiss Clinics","og_description":"Steigerung der weiblichen Fruchtbarkeit durch In-vitro-Fertilisation (IVF), Intrauterine Insemination (IUI) und bioidentische Hormone (BHRT).","og_url":"https:\/\/swissclinics.net\/de\/behandlungen\/in-vitro-fertilisation\/","og_site_name":"Swiss Clinics","article_publisher":"https:\/\/www.facebook.com\/swissclinics\/","article_modified_time":"2018-02-03T18:04:37+00:00","og_image":[{"width":640,"height":874,"url":"https:\/\/swissclinics.net\/de\/wp-content\/uploads\/sites\/3\/in-vitro-fertilisation.jpg","type":"image\/jpeg"}],"twitter_card":"summary_large_image","twitter_misc":{"Gesch\u00e4tzte Lesezeit":"3\u00a0Minuten"},"schema":{"@context":"https:\/\/schema.org","@graph":[{"@type":"WebPage","@id":"https:\/\/swissclinics.net\/de\/behandlungen\/in-vitro-fertilisation\/","url":"https:\/\/swissclinics.net\/de\/behandlungen\/in-vitro-fertilisation\/","name":"Erf\u00fcllter Kinderwunsch durch In-vitro-Fertilisation (IVF) &#183; Swiss Clinics","isPartOf":{"@id":"https:\/\/swissclinics.net\/de\/#website"},"primaryImageOfPage":{"@id":"https:\/\/swissclinics.net\/de\/behandlungen\/in-vitro-fertilisation\/#primaryimage"},"image":{"@id":"https:\/\/swissclinics.net\/de\/behandlungen\/in-vitro-fertilisation\/#primaryimage"},"thumbnailUrl":"https:\/\/swissclinics.net\/de\/wp-content\/uploads\/sites\/3\/in-vitro-fertilisation.jpg","datePublished":"2016-07-19T15:59:29+00:00","dateModified":"2018-02-03T18:04:37+00:00","description":"Steigerung der weiblichen Fruchtbarkeit durch In-vitro-Fertilisation (IVF), Intrauterine Insemination (IUI) und bioidentische Hormone (BHRT).","breadcrumb":{"@id":"https:\/\/swissclinics.net\/de\/behandlungen\/in-vitro-fertilisation\/#breadcrumb"},"inLanguage":"de","potentialAction":[{"@type":"ReadAction","target":["https:\/\/swissclinics.net\/de\/behandlungen\/in-vitro-fertilisation\/"]}]},{"@type":"ImageObject","inLanguage":"de","@id":"https:\/\/swissclinics.net\/de\/behandlungen\/in-vitro-fertilisation\/#primaryimage","url":"https:\/\/swissclinics.net\/de\/wp-content\/uploads\/sites\/3\/in-vitro-fertilisation.jpg","contentUrl":"https:\/\/swissclinics.net\/de\/wp-content\/uploads\/sites\/3\/in-vitro-fertilisation.jpg","width":640,"height":874},{"@type":"BreadcrumbList","@id":"https:\/\/swissclinics.net\/de\/behandlungen\/in-vitro-fertilisation\/#breadcrumb","itemListElement":[{"@type":"ListItem","position":1,"name":"Home","item":"https:\/\/swissclinics.net\/de\/"},{"@type":"ListItem","position":2,"name":"Behandlungen","item":"https:\/\/swissclinics.net\/de\/behandlungen\/"},{"@type":"ListItem","position":3,"name":"In-vitro-Fertilisation (IVF)"}]},{"@type":"WebSite","@id":"https:\/\/swissclinics.net\/de\/#website","url":"https:\/\/swissclinics.net\/de\/","name":"Swiss Clinics","description":"Medizin mit Schweizer Qualit\u00e4t.","potentialAction":[{"@type":"SearchAction","target":{"@type":"EntryPoint","urlTemplate":"https:\/\/swissclinics.net\/de\/?s={search_term_string}"},"query-input":{"@type":"PropertyValueSpecification","valueRequired":true,"valueName":"search_term_string"}}],"inLanguage":"de"}]}},"_links":{"self":[{"href":"https:\/\/swissclinics.net\/de\/wp-json\/wp\/v2\/pages\/285","targetHints":{"allow":["GET"]}}],"collection":[{"href":"https:\/\/swissclinics.net\/de\/wp-json\/wp\/v2\/pages"}],"about":[{"href":"https:\/\/swissclinics.net\/de\/wp-json\/wp\/v2\/types\/page"}],"author":[{"embeddable":true,"href":"https:\/\/swissclinics.net\/de\/wp-json\/wp\/v2\/users\/9"}],"replies":[{"embeddable":true,"href":"https:\/\/swissclinics.net\/de\/wp-json\/wp\/v2\/comments?post=285"}],"version-history":[{"count":10,"href":"https:\/\/swissclinics.net\/de\/wp-json\/wp\/v2\/pages\/285\/revisions"}],"predecessor-version":[{"id":817,"href":"https:\/\/swissclinics.net\/de\/wp-json\/wp\/v2\/pages\/285\/revisions\/817"}],"up":[{"embeddable":true,"href":"https:\/\/swissclinics.net\/de\/wp-json\/wp\/v2\/pages\/32"}],"wp:featuredmedia":[{"embeddable":true,"href":"https:\/\/swissclinics.net\/de\/wp-json\/wp\/v2\/media\/593"}],"wp:attachment":[{"href":"https:\/\/swissclinics.net\/de\/wp-json\/wp\/v2\/media?parent=285"}],"curies":[{"name":"wp","href":"https:\/\/api.w.org\/{rel}","templated":true}]}}