{"id":282,"date":"2016-07-19T15:43:05","date_gmt":"2016-07-19T13:43:05","guid":{"rendered":"https:\/\/swissclinics.net\/de\/?page_id=282"},"modified":"2017-12-10T01:22:24","modified_gmt":"2017-12-10T00:22:24","slug":"asthma","status":"publish","type":"page","link":"https:\/\/swissclinics.net\/de\/behandlungen\/asthma\/","title":{"rendered":"Asthma"},"content":{"rendered":"<p><strong>Asthma bronchiale<\/strong>, kurz <strong>Asthma<\/strong>, ist eine chronische Entz\u00fcndungserkrankung der Lunge, die durch eine dauerhafte \u00dcberempfindlichkeit der Atemwege, besonders der Bronchien, gekennzeichnet ist. Diese \u00dcberempfindlichkeit \u00e4u\u00dfert sich in einer verst\u00e4rkten Verengung der Atemwege beim Einatmen von Reizsubstanzen. Die Verengung in Kombination mit einer gest\u00f6rten Ausscheidung von Schleim in den Bronchien f\u00fchrt zu Atemnot und ausgepr\u00e4gtem Hustenreiz. Weltweit sind rund 300 Millionen Menschen betroffen.<\/p>\n<p>Als Ausl\u00f6ser f\u00fcr eine Asthmaerkrankung gelten genetische Faktoren und Umweltfaktoren wie Tabakrauch, Luftverschmutzung, Belastung, K\u00e4lte, Stress und virale Infekte. Auch ein unzureichend entwickeltes Abwehrsystem, wie etwa bei \u00fcbertriebener Hygiene, kann als Ausl\u00f6ser wirken.<\/p>\n<p>Es gibt verschiedene Formen von Asthma: Allergisches Asthma, nichtallergisches Asthma und Mischformen. Die Mischformen treten am h\u00e4ufigsten auf. Asthma wird in 4 Schweregrade unterteilt, von 1 f\u00fcr den leichtesten Grad bis 4 f\u00fcr die st\u00e4rkste Intensit\u00e4t der Symptome.<\/p>\n<p>Typische Symptome einer Asthmaerkrankung sind Asthmaanf\u00e4lle, bei denen es zu einer akuten Luftnot kommt. Den Betroffenen f\u00e4llt vor allem das Ausatmen schwer. Begleitet wird der Asthmaanfall oft von pfeifenden Atemger\u00e4uschen und starkem Reizhusten. Die Atmung der Erkrankten beschleunigt sich aufgrund des Gef\u00fchls, zu wenig Luft zu bekommen. Damit einher gehen ein Engegef\u00fchl im Brustkorb, Herzrasen, Ersch\u00f6pfung und Angstgef\u00fchle. Aufgrund der Unterversorgung mit Sauerstoff kommt es auch h\u00e4ufig zu einer Blauf\u00e4rbung der Lippen und im weiteren Verlauf der Haut.<\/p>\n<h2>Behandlung von Asthma<\/h2>\n<p>Bei der Behandlung von Asthma handelt es sich \u00fcberwiegend um Symptomlinderung und Kontrolle. Ein Ausheilen des Asthmas kommt nur in seltenen F\u00e4llen bei Kindern vor. Dennoch k\u00f6nnen betroffene Erwachsene mit einer Kombination von medikament\u00f6ser Behandlung und Einhaltung einiger Verhaltensregeln und \u00dcbungen beinahe beschwerdefrei leben.<\/p>\n<p>Die medikament\u00f6se Behandlung erfolgt mittels eines Inhalators, der direkt an den Atemwegen wirkt. Bei akuten Beschwerden gelangen Bedarfsmedikamente zum Einsatz, die rasch wirken und die Beschwerden lindern. Langzeittherapiemedikamente wirken auf Dauer gegen die Ursachen der Asthmaerkrankung. Das Prinzip der medikament\u00f6sen Asthmabehandlung ist: \u201eSo viel wie n\u00f6tig und so wenig wie m\u00f6glich.\u201c<\/p>\n<p>Zus\u00e4tzlich zur medikament\u00f6sen Behandlung sind Ma\u00dfnahmen sinnvoll, um die Beschwerden zu verringern damit die Lebensqualit\u00e4t der Betroffenen zu steigern. Zu diesen Ma\u00dfnahmen z\u00e4hlen bewusste Vermeidung ausl\u00f6sender Faktoren wie trockener, kalter Luft oder Haustierhaaren im Falle einer Allergie. Au\u00dferdem ist k\u00f6rperliches Training zur Steigerung der Leistungsf\u00e4higkeit von Herz und Lunge empfehlenswert.<\/p>\n<h2>Stammzelltherapie bei Asthma<\/h2>\n<p>Bei Asthma k\u00f6nnen mesenchymale Stammzellen (MSC) bzw. Stromal Vascular Fraction (SVF) therapeutisch eingesetzt werden. Stammzellen gelten als Vorl\u00e4uferzellen aller fertigen K\u00f6rperzellen. Mittlerweile ist bekannt, dass die Wirkungsweise mesenchymaler Stammzellen prim\u00e4r in der Modulation des Immunsystems und der Anregung der Regeneration von Geweben und Blutgef\u00e4\u00dfen durch Zytokine besteht. Da bei Asthma eine Fehlreaktion des Autoimmunsystems besteht, liegt nahe, bei der Therapie das immunmodulierende Potential mesenchymaler Stammzellen zu nutzen.<\/p>\n<p>Mesenchymale Stammzellen bzw. SVF werden aus einer kleinen Menge an k\u00f6rpereigenem Fettgewebe des Patienten isoliert, die durch eine Fettabsaugung gewonnen wird. Die Stammzellen werden unmittelbar darauf systemisch injiziert. Tritt infolge der Stammzelbehandlung eine Milderung der entz\u00fcndliche Reaktion in der Lunge ein, kann dies die Lebensqualit\u00e4t des Patienten verbessern.<\/p>\n","protected":false},"excerpt":{"rendered":"<p>Asthma bronchiale, kurz Asthma, ist eine chronische Entz\u00fcndungserkrankung der Lunge, die durch eine dauerhafte \u00dcberempfindlichkeit der Atemwege, besonders der Bronchien, gekennzeichnet ist. Diese \u00dcberempfindlichkeit \u00e4u\u00dfert sich in einer verst\u00e4rkten Verengung der Atemwege beim Einatmen von Reizsubstanzen. Die Verengung in Kombination mit einer gest\u00f6rten Ausscheidung von Schleim in den Bronchien f\u00fchrt zu Atemnot und ausgepr\u00e4gtem Hustenreiz.\u2026<span class=\"moretag-separator\">&nbsp;\u00b7 <\/span><a class=\"moretag\" href=\"https:\/\/swissclinics.net\/de\/behandlungen\/asthma\/\">Weiterlesen&nbsp;\u00bb<\/a><\/p>\n","protected":false},"author":9,"featured_media":0,"parent":32,"menu_order":0,"comment_status":"closed","ping_status":"closed","template":"","meta":{"footnotes":""},"class_list":["post-282","page","type-page","status-publish","hentry"],"yoast_head":"<!-- This site is optimized with the Yoast SEO plugin v27.4 - https:\/\/yoast.com\/product\/yoast-seo-wordpress\/ -->\n<title>Behandlung von Asthma mit Medikamenten und Stammzellen &#183; Swiss Clinics<\/title>\n<meta name=\"description\" content=\"Behandlungsm\u00f6glichkeiten f\u00fcr die Lungenerkrankung Asthma bronchiale mit Medikamenten und Stammzelltherapie mit k\u00f6rpereigenen Stammzellen aus Fettgewebe.\" \/>\n<meta name=\"robots\" content=\"index, follow, max-snippet:-1, max-image-preview:large, max-video-preview:-1\" \/>\n<link rel=\"canonical\" href=\"https:\/\/swissclinics.net\/de\/behandlungen\/asthma\/\" \/>\n<meta property=\"og:locale\" content=\"de_DE\" \/>\n<meta property=\"og:type\" content=\"article\" \/>\n<meta property=\"og:title\" content=\"Behandlung von Asthma mit Medikamenten und Stammzellen &#183; Swiss Clinics\" \/>\n<meta property=\"og:description\" content=\"Behandlungsm\u00f6glichkeiten f\u00fcr die Lungenerkrankung Asthma bronchiale mit Medikamenten und Stammzelltherapie mit k\u00f6rpereigenen Stammzellen aus Fettgewebe.\" \/>\n<meta property=\"og:url\" content=\"https:\/\/swissclinics.net\/de\/behandlungen\/asthma\/\" \/>\n<meta property=\"og:site_name\" content=\"Swiss Clinics\" \/>\n<meta property=\"article:publisher\" content=\"https:\/\/www.facebook.com\/swissclinics\/\" \/>\n<meta property=\"article:modified_time\" content=\"2017-12-10T00:22:24+00:00\" \/>\n<meta name=\"twitter:card\" content=\"summary_large_image\" \/>\n<meta name=\"twitter:label1\" content=\"Gesch\u00e4tzte Lesezeit\" \/>\n\t<meta name=\"twitter:data1\" content=\"3\u00a0Minuten\" \/>\n<script type=\"application\/ld+json\" class=\"yoast-schema-graph\">{\"@context\":\"https:\\\/\\\/schema.org\",\"@graph\":[{\"@type\":\"WebPage\",\"@id\":\"https:\\\/\\\/swissclinics.net\\\/de\\\/behandlungen\\\/asthma\\\/\",\"url\":\"https:\\\/\\\/swissclinics.net\\\/de\\\/behandlungen\\\/asthma\\\/\",\"name\":\"Behandlung von Asthma mit Medikamenten und Stammzellen &#183; Swiss Clinics\",\"isPartOf\":{\"@id\":\"https:\\\/\\\/swissclinics.net\\\/de\\\/#website\"},\"datePublished\":\"2016-07-19T13:43:05+00:00\",\"dateModified\":\"2017-12-10T00:22:24+00:00\",\"description\":\"Behandlungsm\u00f6glichkeiten f\u00fcr die Lungenerkrankung Asthma bronchiale mit Medikamenten und Stammzelltherapie mit k\u00f6rpereigenen Stammzellen aus Fettgewebe.\",\"breadcrumb\":{\"@id\":\"https:\\\/\\\/swissclinics.net\\\/de\\\/behandlungen\\\/asthma\\\/#breadcrumb\"},\"inLanguage\":\"de\",\"potentialAction\":[{\"@type\":\"ReadAction\",\"target\":[\"https:\\\/\\\/swissclinics.net\\\/de\\\/behandlungen\\\/asthma\\\/\"]}]},{\"@type\":\"BreadcrumbList\",\"@id\":\"https:\\\/\\\/swissclinics.net\\\/de\\\/behandlungen\\\/asthma\\\/#breadcrumb\",\"itemListElement\":[{\"@type\":\"ListItem\",\"position\":1,\"name\":\"Home\",\"item\":\"https:\\\/\\\/swissclinics.net\\\/de\\\/\"},{\"@type\":\"ListItem\",\"position\":2,\"name\":\"Behandlungen\",\"item\":\"https:\\\/\\\/swissclinics.net\\\/de\\\/behandlungen\\\/\"},{\"@type\":\"ListItem\",\"position\":3,\"name\":\"Asthma\"}]},{\"@type\":\"WebSite\",\"@id\":\"https:\\\/\\\/swissclinics.net\\\/de\\\/#website\",\"url\":\"https:\\\/\\\/swissclinics.net\\\/de\\\/\",\"name\":\"Swiss Clinics\",\"description\":\"Medizin mit Schweizer Qualit\u00e4t.\",\"potentialAction\":[{\"@type\":\"SearchAction\",\"target\":{\"@type\":\"EntryPoint\",\"urlTemplate\":\"https:\\\/\\\/swissclinics.net\\\/de\\\/?s={search_term_string}\"},\"query-input\":{\"@type\":\"PropertyValueSpecification\",\"valueRequired\":true,\"valueName\":\"search_term_string\"}}],\"inLanguage\":\"de\"}]}<\/script>\n<!-- \/ Yoast SEO plugin. -->","yoast_head_json":{"title":"Behandlung von Asthma mit Medikamenten und Stammzellen &#183; Swiss Clinics","description":"Behandlungsm\u00f6glichkeiten f\u00fcr die Lungenerkrankung Asthma bronchiale mit Medikamenten und Stammzelltherapie mit k\u00f6rpereigenen Stammzellen aus Fettgewebe.","robots":{"index":"index","follow":"follow","max-snippet":"max-snippet:-1","max-image-preview":"max-image-preview:large","max-video-preview":"max-video-preview:-1"},"canonical":"https:\/\/swissclinics.net\/de\/behandlungen\/asthma\/","og_locale":"de_DE","og_type":"article","og_title":"Behandlung von Asthma mit Medikamenten und Stammzellen &#183; Swiss Clinics","og_description":"Behandlungsm\u00f6glichkeiten f\u00fcr die Lungenerkrankung Asthma bronchiale mit Medikamenten und Stammzelltherapie mit k\u00f6rpereigenen Stammzellen aus Fettgewebe.","og_url":"https:\/\/swissclinics.net\/de\/behandlungen\/asthma\/","og_site_name":"Swiss Clinics","article_publisher":"https:\/\/www.facebook.com\/swissclinics\/","article_modified_time":"2017-12-10T00:22:24+00:00","twitter_card":"summary_large_image","twitter_misc":{"Gesch\u00e4tzte Lesezeit":"3\u00a0Minuten"},"schema":{"@context":"https:\/\/schema.org","@graph":[{"@type":"WebPage","@id":"https:\/\/swissclinics.net\/de\/behandlungen\/asthma\/","url":"https:\/\/swissclinics.net\/de\/behandlungen\/asthma\/","name":"Behandlung von Asthma mit Medikamenten und Stammzellen &#183; Swiss Clinics","isPartOf":{"@id":"https:\/\/swissclinics.net\/de\/#website"},"datePublished":"2016-07-19T13:43:05+00:00","dateModified":"2017-12-10T00:22:24+00:00","description":"Behandlungsm\u00f6glichkeiten f\u00fcr die Lungenerkrankung Asthma bronchiale mit Medikamenten und Stammzelltherapie mit k\u00f6rpereigenen Stammzellen aus Fettgewebe.","breadcrumb":{"@id":"https:\/\/swissclinics.net\/de\/behandlungen\/asthma\/#breadcrumb"},"inLanguage":"de","potentialAction":[{"@type":"ReadAction","target":["https:\/\/swissclinics.net\/de\/behandlungen\/asthma\/"]}]},{"@type":"BreadcrumbList","@id":"https:\/\/swissclinics.net\/de\/behandlungen\/asthma\/#breadcrumb","itemListElement":[{"@type":"ListItem","position":1,"name":"Home","item":"https:\/\/swissclinics.net\/de\/"},{"@type":"ListItem","position":2,"name":"Behandlungen","item":"https:\/\/swissclinics.net\/de\/behandlungen\/"},{"@type":"ListItem","position":3,"name":"Asthma"}]},{"@type":"WebSite","@id":"https:\/\/swissclinics.net\/de\/#website","url":"https:\/\/swissclinics.net\/de\/","name":"Swiss Clinics","description":"Medizin mit Schweizer Qualit\u00e4t.","potentialAction":[{"@type":"SearchAction","target":{"@type":"EntryPoint","urlTemplate":"https:\/\/swissclinics.net\/de\/?s={search_term_string}"},"query-input":{"@type":"PropertyValueSpecification","valueRequired":true,"valueName":"search_term_string"}}],"inLanguage":"de"}]}},"_links":{"self":[{"href":"https:\/\/swissclinics.net\/de\/wp-json\/wp\/v2\/pages\/282","targetHints":{"allow":["GET"]}}],"collection":[{"href":"https:\/\/swissclinics.net\/de\/wp-json\/wp\/v2\/pages"}],"about":[{"href":"https:\/\/swissclinics.net\/de\/wp-json\/wp\/v2\/types\/page"}],"author":[{"embeddable":true,"href":"https:\/\/swissclinics.net\/de\/wp-json\/wp\/v2\/users\/9"}],"replies":[{"embeddable":true,"href":"https:\/\/swissclinics.net\/de\/wp-json\/wp\/v2\/comments?post=282"}],"version-history":[{"count":7,"href":"https:\/\/swissclinics.net\/de\/wp-json\/wp\/v2\/pages\/282\/revisions"}],"predecessor-version":[{"id":735,"href":"https:\/\/swissclinics.net\/de\/wp-json\/wp\/v2\/pages\/282\/revisions\/735"}],"up":[{"embeddable":true,"href":"https:\/\/swissclinics.net\/de\/wp-json\/wp\/v2\/pages\/32"}],"wp:attachment":[{"href":"https:\/\/swissclinics.net\/de\/wp-json\/wp\/v2\/media?parent=282"}],"curies":[{"name":"wp","href":"https:\/\/api.w.org\/{rel}","templated":true}]}}