{"id":222,"date":"2016-06-27T14:47:32","date_gmt":"2016-06-27T12:47:32","guid":{"rendered":"https:\/\/swissclinics.net\/de\/?page_id=222"},"modified":"2017-07-04T10:50:07","modified_gmt":"2017-07-04T08:50:07","slug":"multiple-sklerose","status":"publish","type":"page","link":"https:\/\/swissclinics.net\/de\/behandlungen\/multiple-sklerose\/","title":{"rendered":"Multiple Sklerose (MS)"},"content":{"rendered":"<p><strong>Multiple Sklerose<\/strong>, auch kurz <strong>MS<\/strong> genannt, ist eine chronisch-entz\u00fcndliche Autoimmunerkrankung der Nervenzellen des zentralen Nervensystems. Die Ursache f\u00fcr MS ist nicht bekannt. Sch\u00e4tzungsweise gibt es etwa 2 bis 2,5 Millionen MS-Patienten weltweit. Frauen sind wesentlich h\u00e4ufiger betroffen als M\u00e4nner. Rauchen scheint das Risiko einer Erkrankung um das 1,5-Fache zu erh\u00f6hen. Das Haupterkrankungsalter liegt zwischen dem zweiten und vierten Lebensjahrzehnt. Kinder von MS-Patienten haben eine erh\u00f6hte Wahrscheinlichkeit, ebenfalls an MS zu erkranken.<\/p>\n<p>Bei der MS werden Nervenzellen, die Befehle vom Gehirn weg an den jeweiligen Ausf\u00fchrungsort oder Sinneseindr\u00fccke von der Stelle des Kontakts zum Gehirn f\u00fchren, von den eigenen Immunabwehrzellen f\u00e4lschlicherweise als krank angesehen und daher bek\u00e4mpft.<\/p>\n<p>Bei diesem Angriff der Abwehrzellen auf die eigenen Nervenzellen werden haupts\u00e4chlich die Myelinscheiden angegriffen, von denen die Nervenzellen umgeben sind. Durch die Sch\u00e4digung der Myelinscheiden kommt es zu einer Narbe, welche die F\u00e4higkeiten der Nervenzellen beeintr\u00e4chtigt und damit die Kommunikation zwischen Gehirn, Organen und anderen K\u00f6rperteilen st\u00f6rt. Sinneseindr\u00fccke k\u00f6nnen das Gehirn nur noch schlecht erreichen und Signale des Gehirns werden eingeschr\u00e4nkt weitergeleitet.<\/p>\n<h2>Symptome und Verlauf der Multiplen Sklerose<\/h2>\n<p>Multiple Sklerose kann jegliche Nervenzellen des Zentralnervensystems befallen, was zu einer Vielzahl an Symptomen f\u00fchren kann. Fr\u00fche Beschwerden sind oft Empfindungsst\u00f6rung wie Taubheitsgef\u00fchl oder Kribbeln an Armen, Beinen und Oberk\u00f6rper, ebenso wie Koordinationsprobleme oder Konzentrationsschwierigkeiten. Typische fortgeschrittene Symptome sind Muskelschw\u00e4che, Seh- und Gef\u00fchlsst\u00f6rung, aber auch chronische M\u00fcdigkeit und andere psychische Auff\u00e4lligkeiten wie Depressionen oder unangebrachte Euphorie.<\/p>\n<p>Die Verlaufsform der Krankheit ist von Patient zu Patient unterschiedlich. MS verl\u00e4uft in Sch\u00fcben. Jeder Schub bedeutet die drastische Verschlechterung eines bestehenden Symptoms oder das Auftreten eines neuen Symptoms mit einer Mindestdauer eines Tages. Es gibt mehrere Formen der Multiplen Sklerose.<\/p>\n<p>Die erste Form ist die <strong>schubf\u00f6rmig wiederkehrende Multiple Sklerose<\/strong>. Sie verl\u00e4uft in klar voneinander trennbaren Sch\u00fcben, die Tage bis Woche dauern k\u00f6nnen. Zwischen den Sch\u00fcben ist der Zustand der Patienten stabil und die Symptome bilden sich anfangs noch komplett zur\u00fcck. Je mehr Sch\u00fcbe der Patient aber hinter sich hat, desto h\u00f6her ist die Wahrscheinlichkeit, dass Restsch\u00e4den verbleiben.<\/p>\n<p>Ohne Behandlung kann die schubf\u00f6rmig wiederkehrende MS zur <strong>progredienten Multiplen Sklerose<\/strong> f\u00fchren. Diese Form der MS zeichnet sich nicht durch klar trennbare Sch\u00fcbe, sondern durch eine anhaltende Verschlechterung und einen laufenden Zugewinn an Symptomen aus.<\/p>\n<p>Die Diagnose der MS ist durch die Vielseitigkeit der Symptome kompliziert. Im Durschnitt vergehen 3 bis 4 Jahre zwischen dem Auftreten des ersten Symptoms und der Diagnose.<\/p>\n<h2>Behandlung von Multipler Sklerose<\/h2>\n<p>Da Multiple Sklerose derzeit nicht heilbar ist, konzentriert sich die Therapie darauf, dem Patienten eine m\u00f6glichst hohe Lebensqualit\u00e4t zu erm\u00f6glichen. Moderne Therapien k\u00f6nnen allerdings St\u00e4rke und H\u00e4ufigkeit von Sch\u00fcben mindern und somit im Idealfall den Verlauf der Krankheit beeinflussen.<\/p>\n<p>Die Behandlung erfolgt haupts\u00e4chlich medikament\u00f6s. Bestimmte Medikamente werden bei der Schubtherapie angewandt. Sie wirken entz\u00fcndungshemmend, verk\u00fcrzen somit den Schub und verhindern zur\u00fcckbleibende Sch\u00e4den. Die zweite Art an eingesetzten Medikamenten schw\u00e4cht die fehlerhafte Immunantwort ab. Diese Art der Medikation ist eine Langzeittherapie, w\u00e4hrend die Schubtherapie nur vor\u00fcbergehend eingesetzt wird.<\/p>\n<p>Ergotherapie und Physiotherapie k\u00f6nnen dabei helfen, Koordinations- und Bewegungsst\u00f6rungen so lange wie m\u00f6glich zu minimieren. Au\u00dferdem k\u00f6nnen Antidepressiva gegen allf\u00e4llige Depressionen verabreicht werden.<\/p>\n<h2>Stammzelltherapie bei Multipler Sklerose<\/h2>\n<p>Mesenchymale Stammzellen (MSC) bzw. Stromal Vascular Fraction (SVF), gewonnen aus k\u00f6rpereigenem Fettgewebe des Patienten, k\u00f6nnen bei Multipler Sklerose therapeutisch genutzt werden. Stammzellen gelten als Vorl\u00e4uferzellen aller fertigen Zellen des K\u00f6rpers. Inzwischen ist bekannt, dass die Wirkung mesenchymaler Stammzellen vorranging in der Modulation des Immunsystems und der Anregung der Regeneration von Geweben und Blutgef\u00e4\u00dfen durch Zytokine besteht. Da Multiple Sklerose eine entz\u00fcndliche und eine degenerative Komponente aufweist, liegt die Anwendung von mesenchymalen Stammzellen nahe.<\/p>\n<p>Die mesenchymalen Stammzellen bzw. SVF werden aus einer kleinen Menge Eigenfett des Patienten extrahiert, die mittels Fettabsaugung gewonnen wird. Unmittelbar darauf werden die Stammzellen in die betroffenen Gebiete injiziert bzw. systemisch verabreicht.<\/p>\n<p>Studien zum regenerativen Effekt mesenchymaler Stammzellen bei verschiedenen Autoimmunerkrankungen geben Anlass zur Hoffnung, dass durch die Stammzelltherapie das Immunsystem des Patienten moduliert und damit m\u00f6glicherweise der weitere Verlauf der Autoimmunkrankheit MS gemildert werden kann. Dar\u00fcberhinaus k\u00f6nnten die Stammzellen \u00fcber Zytokine die ortsgebundenen Stammzellen der Nervenzellen zur Regeneration anregen und dadurch der weiteren Zerst\u00f6rung entgegenwirken.<\/p>\n","protected":false},"excerpt":{"rendered":"<p>Multiple Sklerose, auch kurz MS genannt, ist eine chronisch-entz\u00fcndliche Autoimmunerkrankung der Nervenzellen des zentralen Nervensystems. Die Ursache f\u00fcr MS ist nicht bekannt. Sch\u00e4tzungsweise gibt es etwa 2 bis 2,5 Millionen MS-Patienten weltweit. Frauen sind wesentlich h\u00e4ufiger betroffen als M\u00e4nner. Rauchen scheint das Risiko einer Erkrankung um das 1,5-Fache zu erh\u00f6hen. Das Haupterkrankungsalter liegt zwischen dem\u2026<span class=\"moretag-separator\">&nbsp;\u00b7 <\/span><a class=\"moretag\" href=\"https:\/\/swissclinics.net\/de\/behandlungen\/multiple-sklerose\/\">Weiterlesen&nbsp;\u00bb<\/a><\/p>\n","protected":false},"author":9,"featured_media":0,"parent":32,"menu_order":0,"comment_status":"closed","ping_status":"closed","template":"","meta":{"footnotes":""},"class_list":["post-222","page","type-page","status-publish","hentry"],"yoast_head":"<!-- This site is optimized with the Yoast SEO plugin v27.2 - https:\/\/yoast.com\/product\/yoast-seo-wordpress\/ -->\n<title>Behandlung von Multipler Sklerose (MS) &#183; Swiss Clinics<\/title>\n<meta name=\"description\" content=\"Behandungsoptionen f\u00fcr Multiple Sklerose (MS) mit herk\u00f6mmlicher medikament\u00f6ser Therapie und Stammzellen aus dem K\u00f6rperfett (SVF) des Patienten.\" \/>\n<meta name=\"robots\" content=\"index, follow, max-snippet:-1, max-image-preview:large, max-video-preview:-1\" \/>\n<link rel=\"canonical\" href=\"https:\/\/swissclinics.net\/de\/behandlungen\/multiple-sklerose\/\" \/>\n<meta property=\"og:locale\" content=\"de_DE\" \/>\n<meta property=\"og:type\" content=\"article\" \/>\n<meta property=\"og:title\" content=\"Behandlung von Multipler Sklerose (MS) &#183; Swiss Clinics\" \/>\n<meta property=\"og:description\" content=\"Behandungsoptionen f\u00fcr Multiple Sklerose (MS) mit herk\u00f6mmlicher medikament\u00f6ser Therapie und Stammzellen aus dem K\u00f6rperfett (SVF) des Patienten.\" \/>\n<meta property=\"og:url\" content=\"https:\/\/swissclinics.net\/de\/behandlungen\/multiple-sklerose\/\" \/>\n<meta property=\"og:site_name\" content=\"Swiss Clinics\" \/>\n<meta property=\"article:publisher\" content=\"https:\/\/www.facebook.com\/swissclinics\/\" \/>\n<meta property=\"article:modified_time\" content=\"2017-07-04T08:50:07+00:00\" \/>\n<meta name=\"twitter:card\" content=\"summary_large_image\" \/>\n<meta name=\"twitter:label1\" content=\"Gesch\u00e4tzte Lesezeit\" \/>\n\t<meta name=\"twitter:data1\" content=\"4\u00a0Minuten\" \/>\n<script type=\"application\/ld+json\" class=\"yoast-schema-graph\">{\"@context\":\"https:\/\/schema.org\",\"@graph\":[{\"@type\":\"WebPage\",\"@id\":\"https:\/\/swissclinics.net\/de\/behandlungen\/multiple-sklerose\/\",\"url\":\"https:\/\/swissclinics.net\/de\/behandlungen\/multiple-sklerose\/\",\"name\":\"Behandlung von Multipler Sklerose (MS) &#183; Swiss Clinics\",\"isPartOf\":{\"@id\":\"https:\/\/swissclinics.net\/de\/#website\"},\"datePublished\":\"2016-06-27T12:47:32+00:00\",\"dateModified\":\"2017-07-04T08:50:07+00:00\",\"description\":\"Behandungsoptionen f\u00fcr Multiple Sklerose (MS) mit herk\u00f6mmlicher medikament\u00f6ser Therapie und Stammzellen aus dem K\u00f6rperfett (SVF) des Patienten.\",\"breadcrumb\":{\"@id\":\"https:\/\/swissclinics.net\/de\/behandlungen\/multiple-sklerose\/#breadcrumb\"},\"inLanguage\":\"de\",\"potentialAction\":[{\"@type\":\"ReadAction\",\"target\":[\"https:\/\/swissclinics.net\/de\/behandlungen\/multiple-sklerose\/\"]}]},{\"@type\":\"BreadcrumbList\",\"@id\":\"https:\/\/swissclinics.net\/de\/behandlungen\/multiple-sklerose\/#breadcrumb\",\"itemListElement\":[{\"@type\":\"ListItem\",\"position\":1,\"name\":\"Home\",\"item\":\"https:\/\/swissclinics.net\/de\/\"},{\"@type\":\"ListItem\",\"position\":2,\"name\":\"Behandlungen\",\"item\":\"https:\/\/swissclinics.net\/de\/behandlungen\/\"},{\"@type\":\"ListItem\",\"position\":3,\"name\":\"Multiple Sklerose (MS)\"}]},{\"@type\":\"WebSite\",\"@id\":\"https:\/\/swissclinics.net\/de\/#website\",\"url\":\"https:\/\/swissclinics.net\/de\/\",\"name\":\"Swiss Clinics\",\"description\":\"Medizin mit Schweizer Qualit\u00e4t.\",\"potentialAction\":[{\"@type\":\"SearchAction\",\"target\":{\"@type\":\"EntryPoint\",\"urlTemplate\":\"https:\/\/swissclinics.net\/de\/?s={search_term_string}\"},\"query-input\":{\"@type\":\"PropertyValueSpecification\",\"valueRequired\":true,\"valueName\":\"search_term_string\"}}],\"inLanguage\":\"de\"}]}<\/script>\n<!-- \/ Yoast SEO plugin. -->","yoast_head_json":{"title":"Behandlung von Multipler Sklerose (MS) &#183; Swiss Clinics","description":"Behandungsoptionen f\u00fcr Multiple Sklerose (MS) mit herk\u00f6mmlicher medikament\u00f6ser Therapie und Stammzellen aus dem K\u00f6rperfett (SVF) des Patienten.","robots":{"index":"index","follow":"follow","max-snippet":"max-snippet:-1","max-image-preview":"max-image-preview:large","max-video-preview":"max-video-preview:-1"},"canonical":"https:\/\/swissclinics.net\/de\/behandlungen\/multiple-sklerose\/","og_locale":"de_DE","og_type":"article","og_title":"Behandlung von Multipler Sklerose (MS) &#183; Swiss Clinics","og_description":"Behandungsoptionen f\u00fcr Multiple Sklerose (MS) mit herk\u00f6mmlicher medikament\u00f6ser Therapie und Stammzellen aus dem K\u00f6rperfett (SVF) des Patienten.","og_url":"https:\/\/swissclinics.net\/de\/behandlungen\/multiple-sklerose\/","og_site_name":"Swiss Clinics","article_publisher":"https:\/\/www.facebook.com\/swissclinics\/","article_modified_time":"2017-07-04T08:50:07+00:00","twitter_card":"summary_large_image","twitter_misc":{"Gesch\u00e4tzte Lesezeit":"4\u00a0Minuten"},"schema":{"@context":"https:\/\/schema.org","@graph":[{"@type":"WebPage","@id":"https:\/\/swissclinics.net\/de\/behandlungen\/multiple-sklerose\/","url":"https:\/\/swissclinics.net\/de\/behandlungen\/multiple-sklerose\/","name":"Behandlung von Multipler Sklerose (MS) &#183; Swiss Clinics","isPartOf":{"@id":"https:\/\/swissclinics.net\/de\/#website"},"datePublished":"2016-06-27T12:47:32+00:00","dateModified":"2017-07-04T08:50:07+00:00","description":"Behandungsoptionen f\u00fcr Multiple Sklerose (MS) mit herk\u00f6mmlicher medikament\u00f6ser Therapie und Stammzellen aus dem K\u00f6rperfett (SVF) des Patienten.","breadcrumb":{"@id":"https:\/\/swissclinics.net\/de\/behandlungen\/multiple-sklerose\/#breadcrumb"},"inLanguage":"de","potentialAction":[{"@type":"ReadAction","target":["https:\/\/swissclinics.net\/de\/behandlungen\/multiple-sklerose\/"]}]},{"@type":"BreadcrumbList","@id":"https:\/\/swissclinics.net\/de\/behandlungen\/multiple-sklerose\/#breadcrumb","itemListElement":[{"@type":"ListItem","position":1,"name":"Home","item":"https:\/\/swissclinics.net\/de\/"},{"@type":"ListItem","position":2,"name":"Behandlungen","item":"https:\/\/swissclinics.net\/de\/behandlungen\/"},{"@type":"ListItem","position":3,"name":"Multiple Sklerose (MS)"}]},{"@type":"WebSite","@id":"https:\/\/swissclinics.net\/de\/#website","url":"https:\/\/swissclinics.net\/de\/","name":"Swiss Clinics","description":"Medizin mit Schweizer Qualit\u00e4t.","potentialAction":[{"@type":"SearchAction","target":{"@type":"EntryPoint","urlTemplate":"https:\/\/swissclinics.net\/de\/?s={search_term_string}"},"query-input":{"@type":"PropertyValueSpecification","valueRequired":true,"valueName":"search_term_string"}}],"inLanguage":"de"}]}},"_links":{"self":[{"href":"https:\/\/swissclinics.net\/de\/wp-json\/wp\/v2\/pages\/222","targetHints":{"allow":["GET"]}}],"collection":[{"href":"https:\/\/swissclinics.net\/de\/wp-json\/wp\/v2\/pages"}],"about":[{"href":"https:\/\/swissclinics.net\/de\/wp-json\/wp\/v2\/types\/page"}],"author":[{"embeddable":true,"href":"https:\/\/swissclinics.net\/de\/wp-json\/wp\/v2\/users\/9"}],"replies":[{"embeddable":true,"href":"https:\/\/swissclinics.net\/de\/wp-json\/wp\/v2\/comments?post=222"}],"version-history":[{"count":9,"href":"https:\/\/swissclinics.net\/de\/wp-json\/wp\/v2\/pages\/222\/revisions"}],"predecessor-version":[{"id":746,"href":"https:\/\/swissclinics.net\/de\/wp-json\/wp\/v2\/pages\/222\/revisions\/746"}],"up":[{"embeddable":true,"href":"https:\/\/swissclinics.net\/de\/wp-json\/wp\/v2\/pages\/32"}],"wp:attachment":[{"href":"https:\/\/swissclinics.net\/de\/wp-json\/wp\/v2\/media?parent=222"}],"curies":[{"name":"wp","href":"https:\/\/api.w.org\/{rel}","templated":true}]}}