{"id":220,"date":"2016-06-27T14:12:28","date_gmt":"2016-06-27T12:12:28","guid":{"rendered":"https:\/\/swissclinics.net\/de\/?page_id=220"},"modified":"2017-07-04T13:56:40","modified_gmt":"2017-07-04T11:56:40","slug":"alzheimer","status":"publish","type":"page","link":"https:\/\/swissclinics.net\/de\/behandlungen\/alzheimer\/","title":{"rendered":"Alzheimer"},"content":{"rendered":"<p>Die <strong>Alzheimer-Krankheit<\/strong>, oft auch als <strong>Alzheimer<\/strong> bezeichnet, ist eine neurodegenerative Erkrankung des Gehirns und die h\u00e4ufigste Form der <strong>Demenz<\/strong>. Proteinablagerungen im Gehirn f\u00fchren zum Verlust kognitiver, sozialer und emotionaler F\u00e4higkeiten. Betroffen sind M\u00e4nner und noch h\u00e4ufiger Frauen ab dem 65. Lebensjahr. Mit zunehmendem Alter steigt das Erkrankungsrisiko, sodass bereits 20 Prozent aller \u00fcber 85-J\u00e4hrigen unter Alzheimer leiden. In Deutschland sind etwa 1,5 Millionen Menschen an Demenz erkrankt, die meisten davon an Alzheimer.<\/p>\n<p>Die genaue Ursache der nach dem deutschen Neurologen Alois Alzheimer benannten Krankheit ist bis dato nicht vollst\u00e4ndig gekl\u00e4rt. Es gibt eine vererbliche Komponente sowie infekti\u00f6se und allgemeine Risikofaktoren wie Bluthochdruck und Diabetes mellitus. Auch die Ablagerung von Aluminium im Gehirn wird als m\u00f6glicher Ausl\u00f6ser diskutiert. Studien haben ebenfalls einen positiven Zusammenhang zwischen fehlender Sozialisierung bzw. Vereinsamung und Alzheimer gezeigt.<\/p>\n<h2>Symptome und Verlauf der Alzheimer-Demenz<\/h2>\n<p>Der Verlauf von Alzheimer kann in unterschiedliche Stadien eingeteilt werden. Durch den kontinuierlichen Abbau von Nervengewebe im Gehirn kommt es anfangs zu vermehrtem Ged\u00e4chtnisverlust, vor allem des Kurzzeitged\u00e4chtnisses, und Wortfindungsst\u00f6rungen. Betroffene bemerken ihre Schwierigkeiten anfangs noch selbst, sodass sie sich h\u00e4ufig dar\u00fcber besch\u00e4mt in ihrem Verhalten zur\u00fcckziehen.<\/p>\n<p>Das Erfassen von Zusammenh\u00e4ngen, Sprach- und Orientierungsf\u00e4higkeit sowie Aufgaben des allt\u00e4glichen Lebens wie Kochen oder t\u00e4gliche K\u00f6rperpflege gelingen in weiterer Folge nur mehr erschwert. Im letzten Stadium werden Alzheimer-Patienten pflegebed\u00fcrftig. Fehlende Kontrolle \u00fcber K\u00f6rperfunktionen wie Kontinenz treten ein. Mangelhafte Erinnerungen an die eigenen Angeh\u00f6rigen oder Bekannte machen eine Pflege zus\u00e4tzlich schwieriger. Mit welcher Geschwindigkeit die Krankheit fortschreitet, ist von Patient zu Patient sehr unterschiedlich. Eine enorme Verschlechterung des Zustandes kann aber in einigen F\u00e4llen innerhalb einer sehr kurzen Zeitspanne erfolgen.<\/p>\n<p>Schlussendlich sind die Betroffenen durch den Abbau der Strukturen des Zentralnervensystems und weiterer k\u00f6rperlicher Strukturen derart geschw\u00e4cht, dass herk\u00f6mmliche Infektionen oder andere Krankheiten schnell zum Ableben f\u00fchren.<\/p>\n<h2>Behandlung der Alzheimer-Krankheit<\/h2>\n<p>Alzheimer ist zum heutigen Tage nicht heilbar. Es gibt jedoch einige M\u00f6glichkeiten, um die Symptome zu lindern und den weiteren Abbau von Gehirnsubstanz hinauszuz\u00f6gern. Medikamente k\u00f6nnen dem Absterben von Nervenzellen im Gehirn entgegenwirken und so dazu beitragen, die F\u00e4higkeiten des Patienten l\u00e4nger aufrechterhalten. Vor allem im Anfangsstadium kann das Ged\u00e4chtnis durch Ged\u00e4chtnistraining gest\u00e4rkt werden.<\/p>\n<p>Forscher arbeiten bereits an der Entwicklung von Medikamenten, welche die krankheitsbedingt entstehenden Hirnplaques aufl\u00f6sen sollen. Bisher konnte aber noch kein nennenswerter Erfolg erzielt werden.<\/p>\n<p>Betroffene greifen auch auf Vitaminpr\u00e4parate und Pflanzenextrakte, etwa von Ginseng und Knoblauch, zur\u00fcck. F\u00fcr die Wirksamkeit dieser Substanzen fehlen jedoch bislang wissenschaftliche Belege.<\/p>\n<h2>Stammzelltherapie bei Alzheimer-Krankheit<\/h2>\n<p>Die Anwendung von mesenchymalen Stammzellen (MSC) bzw. Stromal Vascular Fraction (SVF), die aus dem Eigenfett des Patienten gewonnen werden, hat sich bereits bei einer Reihe von Erkrankungen mit degenerativer Komponente bew\u00e4hrt. Im Rahmen eines ambulanten Eingriffs wird eine kleine Menge K\u00f6rperfett abgesaugt. Unmittelbar darauf werden die daraus gewonnenen Stammzellen systemisch verabreicht.<\/p>\n<p>Aktuelle Studien zur Anwendung von mesenchymalen Stammzellen geben neue Hoffnung. So verbesserte sich etwa in einer Studie an M\u00e4usen nach Verabreichung von Stammzellen deren F\u00e4higkeit, sich an einen Weg durch ein Labyrinth zu erinnern. Dieser Effekt wird darauf zur\u00fcckgef\u00fchrt, dass die mesenchymalen Stammzellen durch Abgabe von Zytokinen ortsgebundene Stammzellen im Gehirn zur Regeneration des Nervensystems anregen.<\/p>\n","protected":false},"excerpt":{"rendered":"<p>Die Alzheimer-Krankheit, oft auch als Alzheimer bezeichnet, ist eine neurodegenerative Erkrankung des Gehirns und die h\u00e4ufigste Form der Demenz. Proteinablagerungen im Gehirn f\u00fchren zum Verlust kognitiver, sozialer und emotionaler F\u00e4higkeiten. Betroffen sind M\u00e4nner und noch h\u00e4ufiger Frauen ab dem 65. Lebensjahr. Mit zunehmendem Alter steigt das Erkrankungsrisiko, sodass bereits 20 Prozent aller \u00fcber 85-J\u00e4hrigen unter\u2026<span class=\"moretag-separator\">&nbsp;\u00b7 <\/span><a class=\"moretag\" href=\"https:\/\/swissclinics.net\/de\/behandlungen\/alzheimer\/\">Weiterlesen&nbsp;\u00bb<\/a><\/p>\n","protected":false},"author":9,"featured_media":0,"parent":32,"menu_order":0,"comment_status":"closed","ping_status":"closed","template":"","meta":{"footnotes":""},"class_list":["post-220","page","type-page","status-publish","hentry"],"yoast_head":"<!-- This site is optimized with the Yoast SEO plugin v27.4 - https:\/\/yoast.com\/product\/yoast-seo-wordpress\/ -->\n<title>Behandlung von Alzheimer-Krankheit und Demenz &#183; Swiss Clinics<\/title>\n<meta name=\"description\" content=\"Behandlungsoptionen f\u00fcr Alzheimer und Demenz mit Medikamenten und Stammzelltherapie mit Stammzellen aus dem Fettgewebe (SVF) des Patienten.\" \/>\n<meta name=\"robots\" content=\"index, follow, max-snippet:-1, max-image-preview:large, max-video-preview:-1\" \/>\n<link rel=\"canonical\" href=\"https:\/\/swissclinics.net\/de\/behandlungen\/alzheimer\/\" \/>\n<meta property=\"og:locale\" content=\"de_DE\" \/>\n<meta property=\"og:type\" content=\"article\" \/>\n<meta property=\"og:title\" content=\"Behandlung von Alzheimer-Krankheit und Demenz &#183; Swiss Clinics\" \/>\n<meta property=\"og:description\" content=\"Behandlungsoptionen f\u00fcr Alzheimer und Demenz mit Medikamenten und Stammzelltherapie mit Stammzellen aus dem Fettgewebe (SVF) des Patienten.\" \/>\n<meta property=\"og:url\" content=\"https:\/\/swissclinics.net\/de\/behandlungen\/alzheimer\/\" \/>\n<meta property=\"og:site_name\" content=\"Swiss Clinics\" \/>\n<meta property=\"article:publisher\" content=\"https:\/\/www.facebook.com\/swissclinics\/\" \/>\n<meta property=\"article:modified_time\" content=\"2017-07-04T11:56:40+00:00\" \/>\n<meta name=\"twitter:card\" content=\"summary_large_image\" \/>\n<meta name=\"twitter:label1\" content=\"Gesch\u00e4tzte Lesezeit\" \/>\n\t<meta name=\"twitter:data1\" content=\"3\u00a0Minuten\" \/>\n<script type=\"application\/ld+json\" class=\"yoast-schema-graph\">{\"@context\":\"https:\\\/\\\/schema.org\",\"@graph\":[{\"@type\":\"WebPage\",\"@id\":\"https:\\\/\\\/swissclinics.net\\\/de\\\/behandlungen\\\/alzheimer\\\/\",\"url\":\"https:\\\/\\\/swissclinics.net\\\/de\\\/behandlungen\\\/alzheimer\\\/\",\"name\":\"Behandlung von Alzheimer-Krankheit und Demenz &#183; Swiss Clinics\",\"isPartOf\":{\"@id\":\"https:\\\/\\\/swissclinics.net\\\/de\\\/#website\"},\"datePublished\":\"2016-06-27T12:12:28+00:00\",\"dateModified\":\"2017-07-04T11:56:40+00:00\",\"description\":\"Behandlungsoptionen f\u00fcr Alzheimer und Demenz mit Medikamenten und Stammzelltherapie mit Stammzellen aus dem Fettgewebe (SVF) des Patienten.\",\"breadcrumb\":{\"@id\":\"https:\\\/\\\/swissclinics.net\\\/de\\\/behandlungen\\\/alzheimer\\\/#breadcrumb\"},\"inLanguage\":\"de\",\"potentialAction\":[{\"@type\":\"ReadAction\",\"target\":[\"https:\\\/\\\/swissclinics.net\\\/de\\\/behandlungen\\\/alzheimer\\\/\"]}]},{\"@type\":\"BreadcrumbList\",\"@id\":\"https:\\\/\\\/swissclinics.net\\\/de\\\/behandlungen\\\/alzheimer\\\/#breadcrumb\",\"itemListElement\":[{\"@type\":\"ListItem\",\"position\":1,\"name\":\"Home\",\"item\":\"https:\\\/\\\/swissclinics.net\\\/de\\\/\"},{\"@type\":\"ListItem\",\"position\":2,\"name\":\"Behandlungen\",\"item\":\"https:\\\/\\\/swissclinics.net\\\/de\\\/behandlungen\\\/\"},{\"@type\":\"ListItem\",\"position\":3,\"name\":\"Alzheimer\"}]},{\"@type\":\"WebSite\",\"@id\":\"https:\\\/\\\/swissclinics.net\\\/de\\\/#website\",\"url\":\"https:\\\/\\\/swissclinics.net\\\/de\\\/\",\"name\":\"Swiss Clinics\",\"description\":\"Medizin mit Schweizer Qualit\u00e4t.\",\"potentialAction\":[{\"@type\":\"SearchAction\",\"target\":{\"@type\":\"EntryPoint\",\"urlTemplate\":\"https:\\\/\\\/swissclinics.net\\\/de\\\/?s={search_term_string}\"},\"query-input\":{\"@type\":\"PropertyValueSpecification\",\"valueRequired\":true,\"valueName\":\"search_term_string\"}}],\"inLanguage\":\"de\"}]}<\/script>\n<!-- \/ Yoast SEO plugin. -->","yoast_head_json":{"title":"Behandlung von Alzheimer-Krankheit und Demenz &#183; Swiss Clinics","description":"Behandlungsoptionen f\u00fcr Alzheimer und Demenz mit Medikamenten und Stammzelltherapie mit Stammzellen aus dem Fettgewebe (SVF) des Patienten.","robots":{"index":"index","follow":"follow","max-snippet":"max-snippet:-1","max-image-preview":"max-image-preview:large","max-video-preview":"max-video-preview:-1"},"canonical":"https:\/\/swissclinics.net\/de\/behandlungen\/alzheimer\/","og_locale":"de_DE","og_type":"article","og_title":"Behandlung von Alzheimer-Krankheit und Demenz &#183; Swiss Clinics","og_description":"Behandlungsoptionen f\u00fcr Alzheimer und Demenz mit Medikamenten und Stammzelltherapie mit Stammzellen aus dem Fettgewebe (SVF) des Patienten.","og_url":"https:\/\/swissclinics.net\/de\/behandlungen\/alzheimer\/","og_site_name":"Swiss Clinics","article_publisher":"https:\/\/www.facebook.com\/swissclinics\/","article_modified_time":"2017-07-04T11:56:40+00:00","twitter_card":"summary_large_image","twitter_misc":{"Gesch\u00e4tzte Lesezeit":"3\u00a0Minuten"},"schema":{"@context":"https:\/\/schema.org","@graph":[{"@type":"WebPage","@id":"https:\/\/swissclinics.net\/de\/behandlungen\/alzheimer\/","url":"https:\/\/swissclinics.net\/de\/behandlungen\/alzheimer\/","name":"Behandlung von Alzheimer-Krankheit und Demenz &#183; Swiss Clinics","isPartOf":{"@id":"https:\/\/swissclinics.net\/de\/#website"},"datePublished":"2016-06-27T12:12:28+00:00","dateModified":"2017-07-04T11:56:40+00:00","description":"Behandlungsoptionen f\u00fcr Alzheimer und Demenz mit Medikamenten und Stammzelltherapie mit Stammzellen aus dem Fettgewebe (SVF) des Patienten.","breadcrumb":{"@id":"https:\/\/swissclinics.net\/de\/behandlungen\/alzheimer\/#breadcrumb"},"inLanguage":"de","potentialAction":[{"@type":"ReadAction","target":["https:\/\/swissclinics.net\/de\/behandlungen\/alzheimer\/"]}]},{"@type":"BreadcrumbList","@id":"https:\/\/swissclinics.net\/de\/behandlungen\/alzheimer\/#breadcrumb","itemListElement":[{"@type":"ListItem","position":1,"name":"Home","item":"https:\/\/swissclinics.net\/de\/"},{"@type":"ListItem","position":2,"name":"Behandlungen","item":"https:\/\/swissclinics.net\/de\/behandlungen\/"},{"@type":"ListItem","position":3,"name":"Alzheimer"}]},{"@type":"WebSite","@id":"https:\/\/swissclinics.net\/de\/#website","url":"https:\/\/swissclinics.net\/de\/","name":"Swiss Clinics","description":"Medizin mit Schweizer Qualit\u00e4t.","potentialAction":[{"@type":"SearchAction","target":{"@type":"EntryPoint","urlTemplate":"https:\/\/swissclinics.net\/de\/?s={search_term_string}"},"query-input":{"@type":"PropertyValueSpecification","valueRequired":true,"valueName":"search_term_string"}}],"inLanguage":"de"}]}},"_links":{"self":[{"href":"https:\/\/swissclinics.net\/de\/wp-json\/wp\/v2\/pages\/220","targetHints":{"allow":["GET"]}}],"collection":[{"href":"https:\/\/swissclinics.net\/de\/wp-json\/wp\/v2\/pages"}],"about":[{"href":"https:\/\/swissclinics.net\/de\/wp-json\/wp\/v2\/types\/page"}],"author":[{"embeddable":true,"href":"https:\/\/swissclinics.net\/de\/wp-json\/wp\/v2\/users\/9"}],"replies":[{"embeddable":true,"href":"https:\/\/swissclinics.net\/de\/wp-json\/wp\/v2\/comments?post=220"}],"version-history":[{"count":5,"href":"https:\/\/swissclinics.net\/de\/wp-json\/wp\/v2\/pages\/220\/revisions"}],"predecessor-version":[{"id":729,"href":"https:\/\/swissclinics.net\/de\/wp-json\/wp\/v2\/pages\/220\/revisions\/729"}],"up":[{"embeddable":true,"href":"https:\/\/swissclinics.net\/de\/wp-json\/wp\/v2\/pages\/32"}],"wp:attachment":[{"href":"https:\/\/swissclinics.net\/de\/wp-json\/wp\/v2\/media?parent=220"}],"curies":[{"name":"wp","href":"https:\/\/api.w.org\/{rel}","templated":true}]}}