{"id":2,"date":"2016-06-03T01:42:30","date_gmt":"2016-06-03T01:42:30","guid":{"rendered":"http:\/\/swissclinics.net\/de\/?page_id=2"},"modified":"2017-07-02T21:08:26","modified_gmt":"2017-07-02T19:08:26","slug":"swiss-clinics-medizin-mit-schweizer-qualitaet","status":"publish","type":"page","link":"https:\/\/swissclinics.net\/de\/","title":{"rendered":"Swiss Clinics \u2013 Medizin mit Schweizer Qualit\u00e4t"},"content":{"rendered":"<p>Willkommen bei Swiss Clinics, Ihrem Weg zu Medizin mit Schweizer Qualit\u00e4t.<\/p>\n<h2>Services von Swiss Clinics<\/h2>\n<div class=\"teasers medium\"><section class=\"teaser\">\n  <a class=\"teaser-link\" href=\"https:\/\/swissclinics.net\/de\/behandlungen\/\">\n    <h3>Behandlungen finden<\/h3>\n    <div class=\"teaser-image\">\n      <img loading=\"lazy\" decoding=\"async\" width=\"320\" height=\"212\" src=\"https:\/\/swissclinics.net\/de\/wp-content\/uploads\/sites\/3\/behandlungen-320x212.jpg\" class=\"attachment-sadagi-medium size-sadagi-medium wp-post-image\" alt=\"\" srcset=\"https:\/\/swissclinics.net\/de\/wp-content\/uploads\/sites\/3\/behandlungen-320x212.jpg 320w, https:\/\/swissclinics.net\/de\/wp-content\/uploads\/sites\/3\/behandlungen-160x106.jpg 160w\" sizes=\"auto, (min-width: 754px) 320px, (min-width: 370px) calc((100% - 4rem) \/ 2), calc(100% - 2rem)\" \/>\n    <\/div><div class=\"teaser-content\">\n      <p>Erkunden Sie die unterschiedlichen M\u00f6glichkeiten zur Behandlung von Erkrankungen und \u00e4sthetischen Problemen.<\/p>\n    <\/div><\/a>\n  <\/section><section class=\"teaser\">\n  <a class=\"teaser-link\" href=\"https:\/\/swissclinics.net\/de\/aerztliche-zweitmeinung\/\">\n    <h3>\u00c4rztliche Zweitmeinung<\/h3>\n    <div class=\"teaser-image\">\n      <img loading=\"lazy\" decoding=\"async\" width=\"320\" height=\"212\" src=\"https:\/\/swissclinics.net\/de\/wp-content\/uploads\/sites\/3\/aerztliche-zweitmeinung-320x212.jpg\" class=\"attachment-sadagi-medium size-sadagi-medium wp-post-image\" alt=\"\" srcset=\"https:\/\/swissclinics.net\/de\/wp-content\/uploads\/sites\/3\/aerztliche-zweitmeinung-320x212.jpg 320w, https:\/\/swissclinics.net\/de\/wp-content\/uploads\/sites\/3\/aerztliche-zweitmeinung-160x106.jpg 160w\" sizes=\"auto, (min-width: 754px) 320px, (min-width: 370px) calc((100% - 4rem) \/ 2), calc(100% - 2rem)\" \/>\n    <\/div><div class=\"teaser-content\">\n      <p>Besprechen Sie eine Diagnose oder Behandlung mit einem fachkundigen Arzt oder finden Sie Therapiealternativen.<\/p>\n    <\/div><\/a>\n  <\/section><section class=\"teaser\">\n  <a class=\"teaser-link\" href=\"https:\/\/swissclinics.net\/de\/aerzte-kliniken\/\">\n    <h3>\u00c4rzte und Kliniken finden<\/h3>\n    <div class=\"teaser-image\">\n      <img loading=\"lazy\" decoding=\"async\" width=\"320\" height=\"212\" src=\"https:\/\/swissclinics.net\/de\/wp-content\/uploads\/sites\/3\/aerzte-kliniken-320x212.jpg\" class=\"attachment-sadagi-medium size-sadagi-medium wp-post-image\" alt=\"\" srcset=\"https:\/\/swissclinics.net\/de\/wp-content\/uploads\/sites\/3\/aerzte-kliniken-320x212.jpg 320w, https:\/\/swissclinics.net\/de\/wp-content\/uploads\/sites\/3\/aerzte-kliniken-160x106.jpg 160w\" sizes=\"auto, (min-width: 754px) 320px, (min-width: 370px) calc((100% - 4rem) \/ 2), calc(100% - 2rem)\" \/>\n    <\/div><div class=\"teaser-content\">\n      <p>Finden Sie ausgew\u00e4hlte \u00c4rzte und Kliniken weltweit, die sich Schweizer Qualit\u00e4t verpflichtet haben.<\/p>\n    <\/div><\/a>\n  <\/section><section class=\"teaser\">\n  <a class=\"teaser-link\" href=\"https:\/\/swissclinics.net\/de\/kontakt\/\">\n    <h3>Ihr Kontakt zu Swiss Clinics<\/h3>\n    <div class=\"teaser-image\">\n      <img loading=\"lazy\" decoding=\"async\" width=\"320\" height=\"212\" src=\"https:\/\/swissclinics.net\/de\/wp-content\/uploads\/sites\/3\/kontakt-320x212.jpg\" class=\"attachment-sadagi-medium size-sadagi-medium wp-post-image\" alt=\"\u00a9 PantherMedia\/PunktKommaStrich\" srcset=\"https:\/\/swissclinics.net\/de\/wp-content\/uploads\/sites\/3\/kontakt-320x212.jpg 320w, https:\/\/swissclinics.net\/de\/wp-content\/uploads\/sites\/3\/kontakt-160x106.jpg 160w\" sizes=\"auto, (min-width: 754px) 320px, (min-width: 370px) calc((100% - 4rem) \/ 2), calc(100% - 2rem)\" \/>\n    <\/div><div class=\"teaser-content\">\n      <p>Das Team von Swiss Clinics hilft Ihnen gerne bei Ihrem pers\u00f6nlichen Anliegen.<\/p>\n    <\/div><\/a>\n  <\/section><\/div>\n<h2>Alle Behandlungen auf einen Blick<\/h2>\n<div class=\"teasers thumbnail\"><section class=\"teaser\">\n  <a class=\"teaser-link\" href=\"https:\/\/swissclinics.net\/de\/behandlungen\/stammzelltherapie\/\">\n    <h3>Stammzelltherapie: Regeneration und Heilung<\/h3>\n    <div class=\"teaser-image\">\n      <img loading=\"lazy\" decoding=\"async\" width=\"320\" height=\"212\" src=\"https:\/\/swissclinics.net\/de\/wp-content\/uploads\/sites\/3\/stammzelltherapie-320x212.jpg\" class=\"attachment-sadagi-medium size-sadagi-medium wp-post-image\" alt=\"\" srcset=\"https:\/\/swissclinics.net\/de\/wp-content\/uploads\/sites\/3\/stammzelltherapie-320x212.jpg 320w, https:\/\/swissclinics.net\/de\/wp-content\/uploads\/sites\/3\/stammzelltherapie-160x106.jpg 160w\" sizes=\"auto, (min-width: 402px) 160px, (min-width: 370px) calc(50% - 2rem), calc(100% - 2rem)\" \/>\n    <\/div><div class=\"teaser-content\">\n      <p>K\u00f6rpereigene Stammzellen bieten bei zahlreichen bisher schwer oder nicht therapierbaren Leiden eine vielversprechende neue Behandlungsoption.<\/p>\n    <\/div><\/a>\n  <\/section><section class=\"teaser\">\n  <a class=\"teaser-link\" href=\"https:\/\/swissclinics.net\/de\/behandlungen\/aesthetische-chirurgie\/\">\n    <h3>\u00c4sthetische Chirurgie: K\u00f6rperformung und Verj\u00fcngung<\/h3>\n    <div class=\"teaser-image\">\n      <img loading=\"lazy\" decoding=\"async\" width=\"320\" height=\"212\" src=\"https:\/\/swissclinics.net\/de\/wp-content\/uploads\/sites\/3\/aesthetische-chirurgie-320x212.jpg\" class=\"attachment-sadagi-medium size-sadagi-medium wp-post-image\" alt=\"\u00a9 PantherMedia\/Gamma\" srcset=\"https:\/\/swissclinics.net\/de\/wp-content\/uploads\/sites\/3\/aesthetische-chirurgie-320x212.jpg 320w, https:\/\/swissclinics.net\/de\/wp-content\/uploads\/sites\/3\/aesthetische-chirurgie-160x106.jpg 160w\" sizes=\"auto, (min-width: 402px) 160px, (min-width: 370px) calc(50% - 2rem), calc(100% - 2rem)\" \/>\n    <\/div><div class=\"teaser-content\">\n      <p>Die \u00c4sthetische Chirurgie verf\u00fcgt \u00fcber eine breite Palette an Behandlungen und Eingriffen zur Optimierung, Korrektur und Verj\u00fcngung von K\u00f6rper und Gesicht.<\/p>\n    <\/div><\/a>\n  <\/section><section class=\"teaser\">\n  <a class=\"teaser-link\" href=\"https:\/\/swissclinics.net\/de\/behandlungen\/bioidentische-hormone\/\">\n    <h3>Bioidentische Hormone: Regeneration und Gesundheit<\/h3>\n    <div class=\"teaser-image\">\n      <img loading=\"lazy\" decoding=\"async\" width=\"320\" height=\"212\" src=\"https:\/\/swissclinics.net\/de\/wp-content\/uploads\/sites\/3\/bioidentische-hormone-320x212.jpg\" class=\"attachment-sadagi-medium size-sadagi-medium wp-post-image\" alt=\"\" srcset=\"https:\/\/swissclinics.net\/de\/wp-content\/uploads\/sites\/3\/bioidentische-hormone-320x212.jpg 320w, https:\/\/swissclinics.net\/de\/wp-content\/uploads\/sites\/3\/bioidentische-hormone-160x106.jpg 160w\" sizes=\"auto, (min-width: 402px) 160px, (min-width: 370px) calc(50% - 2rem), calc(100% - 2rem)\" \/>\n    <\/div><div class=\"teaser-content\">\n      <p>Eine Bioidentical Hormone Replacement Therapy (BHRT) verhilft besonders in fortgeschrittenem Alter oder bei Stress zur hormonellen Balance und tr\u00e4gt damit zu Gesundheit und Wohlbefinden bei.<\/p>\n    <\/div><\/a>\n  <\/section><section class=\"teaser\">\n  <a class=\"teaser-link\" href=\"https:\/\/swissclinics.net\/de\/behandlungen\/kinderwunsch-fruchtbarkeit\/\">\n    <h3>Fruchtbarkeit: Kinderwunsch und Potenz<\/h3>\n    <div class=\"teaser-image\">\n      <img loading=\"lazy\" decoding=\"async\" width=\"320\" height=\"212\" src=\"https:\/\/swissclinics.net\/de\/wp-content\/uploads\/sites\/3\/fruchtbarkeit-320x212.jpg\" class=\"attachment-sadagi-medium size-sadagi-medium wp-post-image\" alt=\"\" srcset=\"https:\/\/swissclinics.net\/de\/wp-content\/uploads\/sites\/3\/fruchtbarkeit-320x212.jpg 320w, https:\/\/swissclinics.net\/de\/wp-content\/uploads\/sites\/3\/fruchtbarkeit-160x106.jpg 160w\" sizes=\"auto, (min-width: 402px) 160px, (min-width: 370px) calc(50% - 2rem), calc(100% - 2rem)\" \/>\n    <\/div><div class=\"teaser-content\">\n      <p>Die moderne Medizin bietet zahlreiche M\u00f6glichkeiten, um einen bestehenden Kinderwunsch zu erf\u00fcllen und durch Alter, Stress und Krankheit verloren gegangene Potenz und Libido wiederzugewinnen.<\/p>\n    <\/div><\/a>\n  <\/section><section class=\"teaser\">\n  <a class=\"teaser-link\" href=\"https:\/\/swissclinics.net\/de\/behandlungen\/gewichtsabnahme\/\">\n    <h3>Gewichtsabnahme: Idealgewicht und Fitness<\/h3>\n    <div class=\"teaser-image\">\n      <img loading=\"lazy\" decoding=\"async\" width=\"320\" height=\"212\" src=\"https:\/\/swissclinics.net\/de\/wp-content\/uploads\/sites\/3\/abnehmen-320x212.jpg\" class=\"attachment-sadagi-medium size-sadagi-medium wp-post-image\" alt=\"\u00a9 PantherMedia\/werner.heiber\" srcset=\"https:\/\/swissclinics.net\/de\/wp-content\/uploads\/sites\/3\/abnehmen-320x212.jpg 320w, https:\/\/swissclinics.net\/de\/wp-content\/uploads\/sites\/3\/abnehmen-160x106.jpg 160w\" sizes=\"auto, (min-width: 402px) 160px, (min-width: 370px) calc(50% - 2rem), calc(100% - 2rem)\" \/>\n    <\/div><div class=\"teaser-content\">\n      <p>\u00c4rztliche Unterst\u00fctzung erleichtert das Erreichen und langfristige Halten des Idealgewichts und leistet so einen wichtigen Beitrag zu Gesundheit und Wohlbefinden.<\/p>\n    <\/div><\/a>\n  <\/section><\/div>\n<h2>Nach Behandlungen suchen<\/h2>\n<form role=\"search\" method=\"get\" class=\"search-form\" action=\"https:\/\/swissclinics.net\/de\/\">\r\n  <label>\r\n    <span class=\"screen-reader-text\">Suche nach: <\/span><input type=\"search\" class=\"search-field\"\r\n      placeholder=\"Suchen\u2026\"\r\n      value=\"\" name=\"s\" data-swplive=\"true\" data-swpengine=\"default\" data-swpconfig=\"default\" \/>\r\n  <\/label><button type=\"submit\" class=\"search-submit\"><span class=\"screen-reader-text\">Suchen<\/span><svg width=\"16\" height=\"16\"><use xlink:href=\"#sadagi-search\"\/><\/svg><\/button>\r\n<\/form>\n<p><em>Suchen Sie beispielsweise nach einer Krankheit oder der gew\u00fcnschten Behandlung.<\/em><\/p>\n","protected":false},"excerpt":{"rendered":"<p>Willkommen bei Swiss Clinics, Ihrem Weg zu Medizin mit Schweizer Qualit\u00e4t. Services von Swiss Clinics Alle Behandlungen auf einen Blick Nach Behandlungen suchen Suchen Sie beispielsweise nach einer Krankheit oder der gew\u00fcnschten Behandlung.<\/p>\n","protected":false},"author":9,"featured_media":0,"parent":0,"menu_order":0,"comment_status":"closed","ping_status":"closed","template":"","meta":{"footnotes":""},"class_list":["post-2","page","type-page","status-publish","hentry"],"yoast_head":"<!-- This site is optimized with the Yoast SEO plugin v27.2 - https:\/\/yoast.com\/product\/yoast-seo-wordpress\/ -->\n<title>Swiss Clinics \u2013 Medizin mit Schweizer Qualit\u00e4t &#183; Swiss Clinics<\/title>\n<meta name=\"description\" content=\"Swiss Clinics bietet Informationen zu Behandlungsoptionen, Einholen \u00e4rztlicher Zweitmeinungen und der Suche nach \u00c4rzten und Kliniken mit Schweizer Qualit\u00e4t.\" \/>\n<meta name=\"robots\" content=\"index, follow, max-snippet:-1, max-image-preview:large, max-video-preview:-1\" \/>\n<link rel=\"canonical\" href=\"https:\/\/swissclinics.net\/de\/\" \/>\n<meta property=\"og:locale\" content=\"de_DE\" \/>\n<meta property=\"og:type\" content=\"article\" \/>\n<meta property=\"og:title\" content=\"Swiss Clinics \u2013 Medizin mit Schweizer Qualit\u00e4t &#183; Swiss Clinics\" \/>\n<meta property=\"og:description\" content=\"Swiss Clinics bietet Informationen zu Behandlungsoptionen, Einholen \u00e4rztlicher Zweitmeinungen und der Suche nach \u00c4rzten und Kliniken mit Schweizer Qualit\u00e4t.\" \/>\n<meta property=\"og:url\" content=\"https:\/\/swissclinics.net\/de\/\" \/>\n<meta property=\"og:site_name\" content=\"Swiss Clinics\" \/>\n<meta property=\"article:publisher\" content=\"https:\/\/www.facebook.com\/swissclinics\/\" \/>\n<meta property=\"article:modified_time\" content=\"2017-07-02T19:08:26+00:00\" \/>\n<meta name=\"twitter:card\" content=\"summary_large_image\" \/>\n<meta name=\"twitter:label1\" content=\"Gesch\u00e4tzte Lesezeit\" \/>\n\t<meta name=\"twitter:data1\" content=\"1\u00a0Minute\" \/>\n<script type=\"application\/ld+json\" class=\"yoast-schema-graph\">{\"@context\":\"https:\/\/schema.org\",\"@graph\":[{\"@type\":\"WebPage\",\"@id\":\"https:\/\/swissclinics.net\/de\/\",\"url\":\"https:\/\/swissclinics.net\/de\/\",\"name\":\"Swiss Clinics \u2013 Medizin mit Schweizer Qualit\u00e4t &#183; Swiss Clinics\",\"isPartOf\":{\"@id\":\"https:\/\/swissclinics.net\/de\/#website\"},\"datePublished\":\"2016-06-03T01:42:30+00:00\",\"dateModified\":\"2017-07-02T19:08:26+00:00\",\"description\":\"Swiss Clinics bietet Informationen zu Behandlungsoptionen, Einholen \u00e4rztlicher Zweitmeinungen und der Suche nach \u00c4rzten und Kliniken mit Schweizer Qualit\u00e4t.\",\"breadcrumb\":{\"@id\":\"https:\/\/swissclinics.net\/de\/#breadcrumb\"},\"inLanguage\":\"de\",\"potentialAction\":[{\"@type\":\"ReadAction\",\"target\":[\"https:\/\/swissclinics.net\/de\/\"]}]},{\"@type\":\"BreadcrumbList\",\"@id\":\"https:\/\/swissclinics.net\/de\/#breadcrumb\",\"itemListElement\":[{\"@type\":\"ListItem\",\"position\":1,\"name\":\"Home\",\"item\":\"https:\/\/swissclinics.net\/de\/\"},{\"@type\":\"ListItem\",\"position\":2,\"name\":\"Swiss Clinics \u2013 Medizin mit Schweizer Qualit\u00e4t\"}]},{\"@type\":\"WebSite\",\"@id\":\"https:\/\/swissclinics.net\/de\/#website\",\"url\":\"https:\/\/swissclinics.net\/de\/\",\"name\":\"Swiss Clinics\",\"description\":\"Medizin mit Schweizer Qualit\u00e4t.\",\"potentialAction\":[{\"@type\":\"SearchAction\",\"target\":{\"@type\":\"EntryPoint\",\"urlTemplate\":\"https:\/\/swissclinics.net\/de\/?s={search_term_string}\"},\"query-input\":{\"@type\":\"PropertyValueSpecification\",\"valueRequired\":true,\"valueName\":\"search_term_string\"}}],\"inLanguage\":\"de\"}]}<\/script>\n<!-- \/ Yoast SEO plugin. -->","yoast_head_json":{"title":"Swiss Clinics \u2013 Medizin mit Schweizer Qualit\u00e4t &#183; Swiss Clinics","description":"Swiss Clinics bietet Informationen zu Behandlungsoptionen, Einholen \u00e4rztlicher Zweitmeinungen und der Suche nach \u00c4rzten und Kliniken mit Schweizer Qualit\u00e4t.","robots":{"index":"index","follow":"follow","max-snippet":"max-snippet:-1","max-image-preview":"max-image-preview:large","max-video-preview":"max-video-preview:-1"},"canonical":"https:\/\/swissclinics.net\/de\/","og_locale":"de_DE","og_type":"article","og_title":"Swiss Clinics \u2013 Medizin mit Schweizer Qualit\u00e4t &#183; Swiss Clinics","og_description":"Swiss Clinics bietet Informationen zu Behandlungsoptionen, Einholen \u00e4rztlicher Zweitmeinungen und der Suche nach \u00c4rzten und Kliniken mit Schweizer Qualit\u00e4t.","og_url":"https:\/\/swissclinics.net\/de\/","og_site_name":"Swiss Clinics","article_publisher":"https:\/\/www.facebook.com\/swissclinics\/","article_modified_time":"2017-07-02T19:08:26+00:00","twitter_card":"summary_large_image","twitter_misc":{"Gesch\u00e4tzte Lesezeit":"1\u00a0Minute"},"schema":{"@context":"https:\/\/schema.org","@graph":[{"@type":"WebPage","@id":"https:\/\/swissclinics.net\/de\/","url":"https:\/\/swissclinics.net\/de\/","name":"Swiss Clinics \u2013 Medizin mit Schweizer Qualit\u00e4t &#183; Swiss Clinics","isPartOf":{"@id":"https:\/\/swissclinics.net\/de\/#website"},"datePublished":"2016-06-03T01:42:30+00:00","dateModified":"2017-07-02T19:08:26+00:00","description":"Swiss Clinics bietet Informationen zu Behandlungsoptionen, Einholen \u00e4rztlicher Zweitmeinungen und der Suche nach \u00c4rzten und Kliniken mit Schweizer Qualit\u00e4t.","breadcrumb":{"@id":"https:\/\/swissclinics.net\/de\/#breadcrumb"},"inLanguage":"de","potentialAction":[{"@type":"ReadAction","target":["https:\/\/swissclinics.net\/de\/"]}]},{"@type":"BreadcrumbList","@id":"https:\/\/swissclinics.net\/de\/#breadcrumb","itemListElement":[{"@type":"ListItem","position":1,"name":"Home","item":"https:\/\/swissclinics.net\/de\/"},{"@type":"ListItem","position":2,"name":"Swiss Clinics \u2013 Medizin mit Schweizer Qualit\u00e4t"}]},{"@type":"WebSite","@id":"https:\/\/swissclinics.net\/de\/#website","url":"https:\/\/swissclinics.net\/de\/","name":"Swiss Clinics","description":"Medizin mit Schweizer Qualit\u00e4t.","potentialAction":[{"@type":"SearchAction","target":{"@type":"EntryPoint","urlTemplate":"https:\/\/swissclinics.net\/de\/?s={search_term_string}"},"query-input":{"@type":"PropertyValueSpecification","valueRequired":true,"valueName":"search_term_string"}}],"inLanguage":"de"}]}},"_links":{"self":[{"href":"https:\/\/swissclinics.net\/de\/wp-json\/wp\/v2\/pages\/2","targetHints":{"allow":["GET"]}}],"collection":[{"href":"https:\/\/swissclinics.net\/de\/wp-json\/wp\/v2\/pages"}],"about":[{"href":"https:\/\/swissclinics.net\/de\/wp-json\/wp\/v2\/types\/page"}],"author":[{"embeddable":true,"href":"https:\/\/swissclinics.net\/de\/wp-json\/wp\/v2\/users\/9"}],"replies":[{"embeddable":true,"href":"https:\/\/swissclinics.net\/de\/wp-json\/wp\/v2\/comments?post=2"}],"version-history":[{"count":90,"href":"https:\/\/swissclinics.net\/de\/wp-json\/wp\/v2\/pages\/2\/revisions"}],"predecessor-version":[{"id":768,"href":"https:\/\/swissclinics.net\/de\/wp-json\/wp\/v2\/pages\/2\/revisions\/768"}],"wp:attachment":[{"href":"https:\/\/swissclinics.net\/de\/wp-json\/wp\/v2\/media?parent=2"}],"curies":[{"name":"wp","href":"https:\/\/api.w.org\/{rel}","templated":true}]}}