{"id":198,"date":"2016-06-25T16:01:14","date_gmt":"2016-06-25T14:01:14","guid":{"rendered":"https:\/\/swissclinics.net\/de\/?page_id=198"},"modified":"2017-07-04T10:51:30","modified_gmt":"2017-07-04T08:51:30","slug":"muskeldystrophie","status":"publish","type":"page","link":"https:\/\/swissclinics.net\/de\/behandlungen\/muskeldystrophie\/","title":{"rendered":"Muskeldystrophie"},"content":{"rendered":"<p><strong>Muskeldystrophie<\/strong> dient als \u00dcberbegriff f\u00fcr eine Gruppe von seltenen erblich bedingten Erkrankungen, die mit einer <strong>Muskelschw\u00e4che<\/strong> bzw. <strong>Muskelschwund<\/strong> einhergehen. Die Einteilung in die unterschiedlichen Typen erfolgt je nach dem betroffenen fehlerhaften Gen. Die h\u00e4ufigste Form der Muskelerkrankung ist die vom Typ Duchenne, gefolgt vom Typ Becker-Kiener. Bei beiden Formen sind vor allem die H\u00fcftmuskulatur und der Schulterg\u00fcrtel betroffen. Aufgrund bestimmter Vererbungsmuster erkranken fast ausschlie\u00dflich Jungen. Weltweit kommen auf 100.000 Einwohner etwa 10 Erkrankte.<\/p>\n<h2>Symptome und Verlauf einer Muskeldystrophie<\/h2>\n<p>Ein fehlerhaftes Muskelprotein ist daf\u00fcr verantwortlich, dass Muskelgewebe zunehmend durch Fett- oder Bindegewebe ersetzt wird und der K\u00f6rper dadurch an Muskelkraft verliert. Die Muskeldystrophie vom Typ Duchenne \u00e4u\u00dfert sich bereits im fr\u00fchen Kleinkindalter durch h\u00e4ufige St\u00fcrze, wohingegen die des Typ Becker-Kiener meist etwas sp\u00e4ter, n\u00e4mlich im Schulkindalter, entdeckt wird.<\/p>\n<p>Durch die Fehlbelastung der noch intakten Muskulatur infolge der Muskeldystrophie kommt es zu Schmerzen und unter anderem auch zu Wirbels\u00e4ulenverkr\u00fcmmungen. Betroffene des in seiner Auspr\u00e4gung schwerwiegenderen \u201emalignen\u201c Typs Duchenne sind h\u00e4ufig bereits ab dem 18. Lebensjahr auf den Rollstuhl angewiesen und haben eine sehr weit heruntergesetzte Lebenserwartung. Im Gegensatz dazu wird der Typ Becker-Kiener aufgrund eines langsameren Verlaufes h\u00e4ufig als gutartige \u201ebenigne\u201c Form bezeichnet. Dennoch ist auch hier die Lebensdauer verk\u00fcrzt.<\/p>\n<p>Viele Formen der Muskeldystrophie betreffen auch die Herz- und Lungenmuskulatur und f\u00fchren daher zu Herzrhythmusst\u00f6rungen und Atembeschwerden. Die weitaus seltenere Form der okulopharyngealen Muskeldystrophie kennzeichnet sich auch durch Heiserkeit und Schluckprobleme, da die Kehlkopfmuskulatur betroffen ist.<\/p>\n<h2>Therapie von Muskeldystrophie<\/h2>\n<p>Bis dato gibt es keine anerkannte Therapie zur Heilung der Muskeldystrophie. Man beschr\u00e4nkt sich bei der Behandlung daher auf die Linderung der Symptome. Dies erfolgt unter anderem durch Physiotherapie, die der St\u00e4rkung bzw. der Koordination der noch funktionst\u00fcchtigen Muskulatur dienen soll. In einigen F\u00e4llen ist auch eine chirurgische Therapie zur Verbesserung der Bewegungsf\u00e4higkeit angezeigt. Gelenks- oder Wirbels\u00e4ulenoperationen tragen zur Verl\u00e4ngerung der Gehleistung bei. Herzprobleme werden entweder mit Hilfe von Medikamenten therapiert oder durch Implantation eines Herzschrittmachers.<\/p>\n<p>Ebenfalls verlangsamend, aber nicht heilend wirkt die Gabe von Ribonukleins\u00e4uren, die den Muskel stabilisieren und den Abbau verlangsamen. Die Einnahme von Kreatin, das auf den gesunden Muskel eine leistungssteigernde Wirkung hat, ist aufgrund seiner nierensch\u00e4digenden Wirkung umstritten.<\/p>\n<h2>Stammzelltherapie bei Muskeldystrophie<\/h2>\n<p>Bei verschiedenen Formen von Muskelschw\u00e4che und Muskelschwund k\u00f6nnen mesenchymale Stammzellen (MSC) bzw. Stromal Vascular Fraction (SVF) therapeutisch genutzt werden. Stammzellen gelten als Vorl\u00e4uferzellen aller fertigen Zellen des K\u00f6rpers. Mittlerweile wissen wir, dass die Wirkungsweise mesenchymaler Stammzellen vor allem in der Modulation des Immunsystems und der Anregung der Regeneration von Geweben und Blutgef\u00e4\u00dfen durch Zytokine besteht. Da Muskeldystropie eine degenerative Komponente aufweist, bietet sich der Einsatz von mesenchymalen Stammzellen an.<\/p>\n<p>Mesenchymale Stammzellen und SVF werden aus einer kleinen Menge Eigenfett des Patienten isoliert, das mittels Fettabsaugung gewonnen wird. Die Stammzellen werden in die betroffenen Muskelbereiche verabreicht oder systemisch injiziert. Aufgrund des regenerativen Potentials der Stammzellen kann so das Fortschreiten der Krankheit m\u00f6glicherweise verz\u00f6gert oder angehalten werden. Dar\u00fcberhinaus regen die Stammzellen \u00fcber Zytokine die ortsgebundenen Stammzellen des Muskelgewebes zur Regeneration an. Dadurch k\u00f6nnten sie m\u00f6glicherweise der Zerst\u00f6rung weiterer Muskelzellen entgegenwirken und die Bildung neuer Muskelfasern anregen. Studien geben Anlass zur Hoffnung, durch die Therapie mit mesenchymalen Stammzellen Beweglichkeit und Mobilit\u00e4t von Betroffenen steigern zu k\u00f6nnen.<\/p>\n","protected":false},"excerpt":{"rendered":"<p>Muskeldystrophie dient als \u00dcberbegriff f\u00fcr eine Gruppe von seltenen erblich bedingten Erkrankungen, die mit einer Muskelschw\u00e4che bzw. Muskelschwund einhergehen. Die Einteilung in die unterschiedlichen Typen erfolgt je nach dem betroffenen fehlerhaften Gen. Die h\u00e4ufigste Form der Muskelerkrankung ist die vom Typ Duchenne, gefolgt vom Typ Becker-Kiener. Bei beiden Formen sind vor allem die H\u00fcftmuskulatur und\u2026<span class=\"moretag-separator\">&nbsp;\u00b7 <\/span><a class=\"moretag\" href=\"https:\/\/swissclinics.net\/de\/behandlungen\/muskeldystrophie\/\">Weiterlesen&nbsp;\u00bb<\/a><\/p>\n","protected":false},"author":9,"featured_media":0,"parent":32,"menu_order":0,"comment_status":"closed","ping_status":"closed","template":"","meta":{"footnotes":""},"class_list":["post-198","page","type-page","status-publish","hentry"],"yoast_head":"<!-- This site is optimized with the Yoast SEO plugin v27.2 - https:\/\/yoast.com\/product\/yoast-seo-wordpress\/ -->\n<title>Behandlung von Muskeldystrophie und Muskelschwund &#183; Swiss Clinics<\/title>\n<meta name=\"description\" content=\"Behandlungsoptionen f\u00fcr Muskeldystrophie (Muskelschw\u00e4che, Muskelschwund) mit herk\u00f6mmlichen Therapien und Stammzellen aus dem K\u00f6rperfett (SVF) des Patienten.\" \/>\n<meta name=\"robots\" content=\"index, follow, max-snippet:-1, max-image-preview:large, max-video-preview:-1\" \/>\n<link rel=\"canonical\" href=\"https:\/\/swissclinics.net\/de\/behandlungen\/muskeldystrophie\/\" \/>\n<meta property=\"og:locale\" content=\"de_DE\" \/>\n<meta property=\"og:type\" content=\"article\" \/>\n<meta property=\"og:title\" content=\"Behandlung von Muskeldystrophie und Muskelschwund &#183; Swiss Clinics\" \/>\n<meta property=\"og:description\" content=\"Behandlungsoptionen f\u00fcr Muskeldystrophie (Muskelschw\u00e4che, Muskelschwund) mit herk\u00f6mmlichen Therapien und Stammzellen aus dem K\u00f6rperfett (SVF) des Patienten.\" \/>\n<meta property=\"og:url\" content=\"https:\/\/swissclinics.net\/de\/behandlungen\/muskeldystrophie\/\" \/>\n<meta property=\"og:site_name\" content=\"Swiss Clinics\" \/>\n<meta property=\"article:publisher\" content=\"https:\/\/www.facebook.com\/swissclinics\/\" \/>\n<meta property=\"article:modified_time\" content=\"2017-07-04T08:51:30+00:00\" \/>\n<meta name=\"twitter:card\" content=\"summary_large_image\" \/>\n<meta name=\"twitter:label1\" content=\"Gesch\u00e4tzte Lesezeit\" \/>\n\t<meta name=\"twitter:data1\" content=\"3\u00a0Minuten\" \/>\n<script type=\"application\/ld+json\" class=\"yoast-schema-graph\">{\"@context\":\"https:\/\/schema.org\",\"@graph\":[{\"@type\":\"WebPage\",\"@id\":\"https:\/\/swissclinics.net\/de\/behandlungen\/muskeldystrophie\/\",\"url\":\"https:\/\/swissclinics.net\/de\/behandlungen\/muskeldystrophie\/\",\"name\":\"Behandlung von Muskeldystrophie und Muskelschwund &#183; Swiss Clinics\",\"isPartOf\":{\"@id\":\"https:\/\/swissclinics.net\/de\/#website\"},\"datePublished\":\"2016-06-25T14:01:14+00:00\",\"dateModified\":\"2017-07-04T08:51:30+00:00\",\"description\":\"Behandlungsoptionen f\u00fcr Muskeldystrophie (Muskelschw\u00e4che, Muskelschwund) mit herk\u00f6mmlichen Therapien und Stammzellen aus dem K\u00f6rperfett (SVF) des Patienten.\",\"breadcrumb\":{\"@id\":\"https:\/\/swissclinics.net\/de\/behandlungen\/muskeldystrophie\/#breadcrumb\"},\"inLanguage\":\"de\",\"potentialAction\":[{\"@type\":\"ReadAction\",\"target\":[\"https:\/\/swissclinics.net\/de\/behandlungen\/muskeldystrophie\/\"]}]},{\"@type\":\"BreadcrumbList\",\"@id\":\"https:\/\/swissclinics.net\/de\/behandlungen\/muskeldystrophie\/#breadcrumb\",\"itemListElement\":[{\"@type\":\"ListItem\",\"position\":1,\"name\":\"Home\",\"item\":\"https:\/\/swissclinics.net\/de\/\"},{\"@type\":\"ListItem\",\"position\":2,\"name\":\"Behandlungen\",\"item\":\"https:\/\/swissclinics.net\/de\/behandlungen\/\"},{\"@type\":\"ListItem\",\"position\":3,\"name\":\"Muskeldystrophie\"}]},{\"@type\":\"WebSite\",\"@id\":\"https:\/\/swissclinics.net\/de\/#website\",\"url\":\"https:\/\/swissclinics.net\/de\/\",\"name\":\"Swiss Clinics\",\"description\":\"Medizin mit Schweizer Qualit\u00e4t.\",\"potentialAction\":[{\"@type\":\"SearchAction\",\"target\":{\"@type\":\"EntryPoint\",\"urlTemplate\":\"https:\/\/swissclinics.net\/de\/?s={search_term_string}\"},\"query-input\":{\"@type\":\"PropertyValueSpecification\",\"valueRequired\":true,\"valueName\":\"search_term_string\"}}],\"inLanguage\":\"de\"}]}<\/script>\n<!-- \/ Yoast SEO plugin. -->","yoast_head_json":{"title":"Behandlung von Muskeldystrophie und Muskelschwund &#183; Swiss Clinics","description":"Behandlungsoptionen f\u00fcr Muskeldystrophie (Muskelschw\u00e4che, Muskelschwund) mit herk\u00f6mmlichen Therapien und Stammzellen aus dem K\u00f6rperfett (SVF) des Patienten.","robots":{"index":"index","follow":"follow","max-snippet":"max-snippet:-1","max-image-preview":"max-image-preview:large","max-video-preview":"max-video-preview:-1"},"canonical":"https:\/\/swissclinics.net\/de\/behandlungen\/muskeldystrophie\/","og_locale":"de_DE","og_type":"article","og_title":"Behandlung von Muskeldystrophie und Muskelschwund &#183; Swiss Clinics","og_description":"Behandlungsoptionen f\u00fcr Muskeldystrophie (Muskelschw\u00e4che, Muskelschwund) mit herk\u00f6mmlichen Therapien und Stammzellen aus dem K\u00f6rperfett (SVF) des Patienten.","og_url":"https:\/\/swissclinics.net\/de\/behandlungen\/muskeldystrophie\/","og_site_name":"Swiss Clinics","article_publisher":"https:\/\/www.facebook.com\/swissclinics\/","article_modified_time":"2017-07-04T08:51:30+00:00","twitter_card":"summary_large_image","twitter_misc":{"Gesch\u00e4tzte Lesezeit":"3\u00a0Minuten"},"schema":{"@context":"https:\/\/schema.org","@graph":[{"@type":"WebPage","@id":"https:\/\/swissclinics.net\/de\/behandlungen\/muskeldystrophie\/","url":"https:\/\/swissclinics.net\/de\/behandlungen\/muskeldystrophie\/","name":"Behandlung von Muskeldystrophie und Muskelschwund &#183; Swiss Clinics","isPartOf":{"@id":"https:\/\/swissclinics.net\/de\/#website"},"datePublished":"2016-06-25T14:01:14+00:00","dateModified":"2017-07-04T08:51:30+00:00","description":"Behandlungsoptionen f\u00fcr Muskeldystrophie (Muskelschw\u00e4che, Muskelschwund) mit herk\u00f6mmlichen Therapien und Stammzellen aus dem K\u00f6rperfett (SVF) des Patienten.","breadcrumb":{"@id":"https:\/\/swissclinics.net\/de\/behandlungen\/muskeldystrophie\/#breadcrumb"},"inLanguage":"de","potentialAction":[{"@type":"ReadAction","target":["https:\/\/swissclinics.net\/de\/behandlungen\/muskeldystrophie\/"]}]},{"@type":"BreadcrumbList","@id":"https:\/\/swissclinics.net\/de\/behandlungen\/muskeldystrophie\/#breadcrumb","itemListElement":[{"@type":"ListItem","position":1,"name":"Home","item":"https:\/\/swissclinics.net\/de\/"},{"@type":"ListItem","position":2,"name":"Behandlungen","item":"https:\/\/swissclinics.net\/de\/behandlungen\/"},{"@type":"ListItem","position":3,"name":"Muskeldystrophie"}]},{"@type":"WebSite","@id":"https:\/\/swissclinics.net\/de\/#website","url":"https:\/\/swissclinics.net\/de\/","name":"Swiss Clinics","description":"Medizin mit Schweizer Qualit\u00e4t.","potentialAction":[{"@type":"SearchAction","target":{"@type":"EntryPoint","urlTemplate":"https:\/\/swissclinics.net\/de\/?s={search_term_string}"},"query-input":{"@type":"PropertyValueSpecification","valueRequired":true,"valueName":"search_term_string"}}],"inLanguage":"de"}]}},"_links":{"self":[{"href":"https:\/\/swissclinics.net\/de\/wp-json\/wp\/v2\/pages\/198","targetHints":{"allow":["GET"]}}],"collection":[{"href":"https:\/\/swissclinics.net\/de\/wp-json\/wp\/v2\/pages"}],"about":[{"href":"https:\/\/swissclinics.net\/de\/wp-json\/wp\/v2\/types\/page"}],"author":[{"embeddable":true,"href":"https:\/\/swissclinics.net\/de\/wp-json\/wp\/v2\/users\/9"}],"replies":[{"embeddable":true,"href":"https:\/\/swissclinics.net\/de\/wp-json\/wp\/v2\/comments?post=198"}],"version-history":[{"count":9,"href":"https:\/\/swissclinics.net\/de\/wp-json\/wp\/v2\/pages\/198\/revisions"}],"predecessor-version":[{"id":748,"href":"https:\/\/swissclinics.net\/de\/wp-json\/wp\/v2\/pages\/198\/revisions\/748"}],"up":[{"embeddable":true,"href":"https:\/\/swissclinics.net\/de\/wp-json\/wp\/v2\/pages\/32"}],"wp:attachment":[{"href":"https:\/\/swissclinics.net\/de\/wp-json\/wp\/v2\/media?parent=198"}],"curies":[{"name":"wp","href":"https:\/\/api.w.org\/{rel}","templated":true}]}}