{"id":194,"date":"2016-06-24T17:09:50","date_gmt":"2016-06-24T15:09:50","guid":{"rendered":"https:\/\/swissclinics.net\/de\/?page_id=194"},"modified":"2017-07-04T09:25:01","modified_gmt":"2017-07-04T07:25:01","slug":"adrenal-fatigue","status":"publish","type":"page","link":"https:\/\/swissclinics.net\/de\/behandlungen\/adrenal-fatigue\/","title":{"rendered":"Adrenal Fatigue"},"content":{"rendered":"<p><strong>Adrenal Fatigue<\/strong>, zu Deutsch <strong>Nebennierenschw\u00e4che<\/strong>, ist ein krankhaftes Ungleichgewicht im Hormonhaushalt des Patienten, das durch eine mangelnde Produktion von Hormonen in den Nebennieren hervorgerufen wird. Beim Patienten macht sich die Krankheit in Ersch\u00f6pfung, M\u00fcdigkeit, Energiemangel, schlechter Konzentration, Gewichtsproblemen, geringer Libido und Burnout bemerkbar. Etwa 40 von 100.000 Menschen leiden an einer Nebennierenschw\u00e4che.<\/p>\n<p>Die Nebenniere ist eine Hormondr\u00fcse, die vor allem die wichtigen Stresshormone Adrenalin und Cortisol produziert. Diese Hormone sind f\u00fcr K\u00f6rperfunktionen wie die Kontrolle des Blutdrucks, des Stoffwechsels und des Immunsystems wichtig. Neben den Stresshormonen stellt die Nebenniere aber auch Hormonvorl\u00e4ufer der Sexualhormone Testosteron und \u00d6strogen her.<\/p>\n<p>Die Nebenniere ist Teil eines sehr komplexen Netzwerks an Hormondr\u00fcsen. Jede Dr\u00fcse dieses Netzwerks stellt f\u00fcr die anderen Dr\u00fcsen wichtige Hormone her. Kommt es zu einer Fehlfunktion, werden dadurch auch die anderen Hormondr\u00fcsen beeinflusst. So kann eine Nebennierenschw\u00e4che ihre Ursache in der Nebenniere selbst, der Hirnanhangsdr\u00fcse oder dem Hypothalamus haben.<\/p>\n<p>Gr\u00fcnde f\u00fcr die Unterfunktion bzw. Sch\u00e4digung der Hormondr\u00fcsen sind vielf\u00e4ltig und reichen von einer alters- und stressbedingten \u00dcberlastung der Hormondr\u00fcsen bis hin zu Infektionskrankheiten, Krebserkrankungen und der Einnahme bestimmter Medikamente.<\/p>\n<h2>Symptome und Verlauf einer Nebennierenschw\u00e4che<\/h2>\n<p>Die Symptome einer Nebennierenschw\u00e4che k\u00f6nnen sehr unterschiedlich sein und h\u00e4ngen davon ab, welche Hormone vermindert ausgesch\u00fcttet werden. Bei \u00fcber 90 Prozent der Patienten kommt es aber zu allgemeiner k\u00f6rperlicher und kognitiver Schw\u00e4che, Hyperpigmentierung der Haut, Gewichtsverlust und Anorexie.<\/p>\n<p>Viele Patienten haben einen zu niedrigen Blutdruck, leiden unter Autoimmunkrankheiten, Allergien, <a href=\"https:\/\/swissclinics.net\/de\/behandlungen\/fibromyalgie\/\">Fibromyalgie<\/a>, Schlafst\u00f6rungen, Burnout, leichten Depressionen und Schmerzen der Gelenke. Auch wiederkehrende Infektionen k\u00f6nnen aufgrund des geschw\u00e4chten Immunsystems auftreten.<\/p>\n<p>Eine stark ausgepr\u00e4gte Nebennierenschw\u00e4che kann au\u00dferdem zum Chronischen Ersch\u00f6pfungssyndrom (Chronic Fatigue Syndrome, CFS) sowie zu multipler Chemikalienunvertr\u00e4glichkeit (Multiple Chemical Sensitivity, MCS) beitragen. In speziellen Belastungssituationen, etwa bei einem operativen Eingriff oder einer Krankheit, kann sich die Nebennierenschw\u00e4che pl\u00f6tzlich verschlimmern und einen potentiell lebensbedrohlichen Zustand hervorrufen.<\/p>\n<h2>Therapie von Adrenal Fatigue mit bioidentischen Hormonen<\/h2>\n<p>Adrenal Fatigue ist mit Ausnahme der Form der terti\u00e4ren Nebennierenschw\u00e4che nicht vollst\u00e4ndig heilbar. Allerdings ist Adrenal Fatigue durch die lebenslange Verabreichung der fehlenden Hormone, Stammzelltherapie und weitere, auf die individuellen Bed\u00fcrfnisse des Patienten abgestimmte Ma\u00dfnahmen gut behandelbar.<\/p>\n<p>Die Behandlung der Adrenal Fatigue besteht darin, dem K\u00f6rper die fehlenden Hormone in bioidentischer Form (Bioidentical Hormone Replacement Therapy, BHRT) zuzuf\u00fchren und dadurch die hormonelle Balance wiederherzustellen. Wichtig ist eine umfassende Untersuchung des hormonellen und gesundheitlichen Ist-Zustands des Patienten, um einen Tumor oder eine Infektionskrankheit als Ursache auszuschlie\u00dfen. Bei Bedarf ist eine gesonderte Behandlung der Ursachen erforderlich.<\/p>\n<p>Zus\u00e4tzlich zur Gabe bioidentischer Hormone im Rahmen einer Therapie empfiehlt sich meist auch eine Umstellung des Lebensstils. Patienten sollen dabei den Stress in Familie und Arbeit vermeiden und zu mehr Ruhe finden. Trainings\u00fcbungen und eine Ern\u00e4hrungsumstellung k\u00f6nnen die Therapie erg\u00e4nzen. Der Therapieerfolg wird regelm\u00e4\u00dfig durch Untersuchungen und Ermitteln des Hormonstatus \u00fcberpr\u00fcft und die Behandlung bei Bedarf angepasst.<\/p>\n<h2>Stammzelltherapie bei Adrenal Fatigue<\/h2>\n<p>Mesenchymale Stammzellen (MSC) bzw. Stromal Vascular Fraction (SVF), gewonnen aus dem Eigenfett des Patienten, weisen ein hohes regeneratives Potential auf, das bei der Therapie von Adrenal Fatigue genutzt werden kann. Heute wissen wir, dass die Wirkung mesenchymaler Stammzellen vor allem in der Abgabe von Zytokinen liegt, die ortsgebundene Stammzellen in Geweben und Organen zur Regeneration anregen. Obwohl Stammzellen die Vorl\u00e4ufer aller Zellen des K\u00f6rpers sind, unterbleibt eine Ausdifferenzierung in bestimmte Zelltypen.<\/p>\n<p>Im Rahmen der ambulanten Therapie wird zuerst eine kleine Portion K\u00f6rperfett mittels Fettabsaugung gewonnen. Aus diesem Fett werden mesenchymale Stammzellen extrahiert, die unmittelbar darauf bei den betroffenen Organen oder systemisch injiziert werden. Mesenchymale Stammzellen und Stromal Vascular Fraction haben in klinischen Studien bei einer Reihe von autoimmunologisch bedingten Krankheiten und Schw\u00e4chen von Organen und Geweben therapeutische Effekte gezeigt. Daher liegt eine Anwendung bei Adrenal Fatigue nahe.<\/p>\n","protected":false},"excerpt":{"rendered":"<p>Adrenal Fatigue, zu Deutsch Nebennierenschw\u00e4che, ist ein krankhaftes Ungleichgewicht im Hormonhaushalt des Patienten, das durch eine mangelnde Produktion von Hormonen in den Nebennieren hervorgerufen wird. Beim Patienten macht sich die Krankheit in Ersch\u00f6pfung, M\u00fcdigkeit, Energiemangel, schlechter Konzentration, Gewichtsproblemen, geringer Libido und Burnout bemerkbar. Etwa 40 von 100.000 Menschen leiden an einer Nebennierenschw\u00e4che. Die Nebenniere ist\u2026<span class=\"moretag-separator\">&nbsp;\u00b7 <\/span><a class=\"moretag\" href=\"https:\/\/swissclinics.net\/de\/behandlungen\/adrenal-fatigue\/\">Weiterlesen&nbsp;\u00bb<\/a><\/p>\n","protected":false},"author":9,"featured_media":601,"parent":32,"menu_order":0,"comment_status":"closed","ping_status":"closed","template":"","meta":{"footnotes":""},"class_list":["post-194","page","type-page","status-publish","has-post-thumbnail","hentry"],"yoast_head":"<!-- This site is optimized with the Yoast SEO plugin v27.2 - https:\/\/yoast.com\/product\/yoast-seo-wordpress\/ -->\n<title>Behandlung von Adrenal Fatigue (Nebennierenschw\u00e4che) &#183; Swiss Clinics<\/title>\n<meta name=\"description\" content=\"Behandlungsm\u00f6glichkeiten f\u00fcr Adrenal Fatigue, einer Schw\u00e4che der Nebennieren) mittels bioidentischer Hormone (BHRT) und k\u00f6rpereigener Stammzellen aus Fett.\" \/>\n<meta name=\"robots\" content=\"index, follow, max-snippet:-1, max-image-preview:large, max-video-preview:-1\" \/>\n<link rel=\"canonical\" href=\"https:\/\/swissclinics.net\/de\/behandlungen\/adrenal-fatigue\/\" \/>\n<meta property=\"og:locale\" content=\"de_DE\" \/>\n<meta property=\"og:type\" content=\"article\" \/>\n<meta property=\"og:title\" content=\"Behandlung von Adrenal Fatigue (Nebennierenschw\u00e4che) &#183; Swiss Clinics\" \/>\n<meta property=\"og:description\" content=\"Behandlungsm\u00f6glichkeiten f\u00fcr Adrenal Fatigue, einer Schw\u00e4che der Nebennieren) mittels bioidentischer Hormone (BHRT) und k\u00f6rpereigener Stammzellen aus Fett.\" \/>\n<meta property=\"og:url\" content=\"https:\/\/swissclinics.net\/de\/behandlungen\/adrenal-fatigue\/\" \/>\n<meta property=\"og:site_name\" content=\"Swiss Clinics\" \/>\n<meta property=\"article:publisher\" content=\"https:\/\/www.facebook.com\/swissclinics\/\" \/>\n<meta property=\"article:modified_time\" content=\"2017-07-04T07:25:01+00:00\" \/>\n<meta property=\"og:image\" content=\"https:\/\/swissclinics.net\/de\/wp-content\/uploads\/sites\/3\/adrenal-fatigue.jpg\" \/>\n\t<meta property=\"og:image:width\" content=\"640\" \/>\n\t<meta property=\"og:image:height\" content=\"492\" \/>\n\t<meta property=\"og:image:type\" content=\"image\/jpeg\" \/>\n<meta name=\"twitter:card\" content=\"summary_large_image\" \/>\n<meta name=\"twitter:label1\" content=\"Gesch\u00e4tzte Lesezeit\" \/>\n\t<meta name=\"twitter:data1\" content=\"3\u00a0Minuten\" \/>\n<script type=\"application\/ld+json\" class=\"yoast-schema-graph\">{\"@context\":\"https:\/\/schema.org\",\"@graph\":[{\"@type\":\"WebPage\",\"@id\":\"https:\/\/swissclinics.net\/de\/behandlungen\/adrenal-fatigue\/\",\"url\":\"https:\/\/swissclinics.net\/de\/behandlungen\/adrenal-fatigue\/\",\"name\":\"Behandlung von Adrenal Fatigue (Nebennierenschw\u00e4che) &#183; Swiss Clinics\",\"isPartOf\":{\"@id\":\"https:\/\/swissclinics.net\/de\/#website\"},\"primaryImageOfPage\":{\"@id\":\"https:\/\/swissclinics.net\/de\/behandlungen\/adrenal-fatigue\/#primaryimage\"},\"image\":{\"@id\":\"https:\/\/swissclinics.net\/de\/behandlungen\/adrenal-fatigue\/#primaryimage\"},\"thumbnailUrl\":\"https:\/\/swissclinics.net\/de\/wp-content\/uploads\/sites\/3\/adrenal-fatigue.jpg\",\"datePublished\":\"2016-06-24T15:09:50+00:00\",\"dateModified\":\"2017-07-04T07:25:01+00:00\",\"description\":\"Behandlungsm\u00f6glichkeiten f\u00fcr Adrenal Fatigue, einer Schw\u00e4che der Nebennieren) mittels bioidentischer Hormone (BHRT) und k\u00f6rpereigener Stammzellen aus Fett.\",\"breadcrumb\":{\"@id\":\"https:\/\/swissclinics.net\/de\/behandlungen\/adrenal-fatigue\/#breadcrumb\"},\"inLanguage\":\"de\",\"potentialAction\":[{\"@type\":\"ReadAction\",\"target\":[\"https:\/\/swissclinics.net\/de\/behandlungen\/adrenal-fatigue\/\"]}]},{\"@type\":\"ImageObject\",\"inLanguage\":\"de\",\"@id\":\"https:\/\/swissclinics.net\/de\/behandlungen\/adrenal-fatigue\/#primaryimage\",\"url\":\"https:\/\/swissclinics.net\/de\/wp-content\/uploads\/sites\/3\/adrenal-fatigue.jpg\",\"contentUrl\":\"https:\/\/swissclinics.net\/de\/wp-content\/uploads\/sites\/3\/adrenal-fatigue.jpg\",\"width\":640,\"height\":492},{\"@type\":\"BreadcrumbList\",\"@id\":\"https:\/\/swissclinics.net\/de\/behandlungen\/adrenal-fatigue\/#breadcrumb\",\"itemListElement\":[{\"@type\":\"ListItem\",\"position\":1,\"name\":\"Home\",\"item\":\"https:\/\/swissclinics.net\/de\/\"},{\"@type\":\"ListItem\",\"position\":2,\"name\":\"Behandlungen\",\"item\":\"https:\/\/swissclinics.net\/de\/behandlungen\/\"},{\"@type\":\"ListItem\",\"position\":3,\"name\":\"Adrenal Fatigue\"}]},{\"@type\":\"WebSite\",\"@id\":\"https:\/\/swissclinics.net\/de\/#website\",\"url\":\"https:\/\/swissclinics.net\/de\/\",\"name\":\"Swiss Clinics\",\"description\":\"Medizin mit Schweizer Qualit\u00e4t.\",\"potentialAction\":[{\"@type\":\"SearchAction\",\"target\":{\"@type\":\"EntryPoint\",\"urlTemplate\":\"https:\/\/swissclinics.net\/de\/?s={search_term_string}\"},\"query-input\":{\"@type\":\"PropertyValueSpecification\",\"valueRequired\":true,\"valueName\":\"search_term_string\"}}],\"inLanguage\":\"de\"}]}<\/script>\n<!-- \/ Yoast SEO plugin. -->","yoast_head_json":{"title":"Behandlung von Adrenal Fatigue (Nebennierenschw\u00e4che) &#183; Swiss Clinics","description":"Behandlungsm\u00f6glichkeiten f\u00fcr Adrenal Fatigue, einer Schw\u00e4che der Nebennieren) mittels bioidentischer Hormone (BHRT) und k\u00f6rpereigener Stammzellen aus Fett.","robots":{"index":"index","follow":"follow","max-snippet":"max-snippet:-1","max-image-preview":"max-image-preview:large","max-video-preview":"max-video-preview:-1"},"canonical":"https:\/\/swissclinics.net\/de\/behandlungen\/adrenal-fatigue\/","og_locale":"de_DE","og_type":"article","og_title":"Behandlung von Adrenal Fatigue (Nebennierenschw\u00e4che) &#183; Swiss Clinics","og_description":"Behandlungsm\u00f6glichkeiten f\u00fcr Adrenal Fatigue, einer Schw\u00e4che der Nebennieren) mittels bioidentischer Hormone (BHRT) und k\u00f6rpereigener Stammzellen aus Fett.","og_url":"https:\/\/swissclinics.net\/de\/behandlungen\/adrenal-fatigue\/","og_site_name":"Swiss Clinics","article_publisher":"https:\/\/www.facebook.com\/swissclinics\/","article_modified_time":"2017-07-04T07:25:01+00:00","og_image":[{"width":640,"height":492,"url":"https:\/\/swissclinics.net\/de\/wp-content\/uploads\/sites\/3\/adrenal-fatigue.jpg","type":"image\/jpeg"}],"twitter_card":"summary_large_image","twitter_misc":{"Gesch\u00e4tzte Lesezeit":"3\u00a0Minuten"},"schema":{"@context":"https:\/\/schema.org","@graph":[{"@type":"WebPage","@id":"https:\/\/swissclinics.net\/de\/behandlungen\/adrenal-fatigue\/","url":"https:\/\/swissclinics.net\/de\/behandlungen\/adrenal-fatigue\/","name":"Behandlung von Adrenal Fatigue (Nebennierenschw\u00e4che) &#183; Swiss Clinics","isPartOf":{"@id":"https:\/\/swissclinics.net\/de\/#website"},"primaryImageOfPage":{"@id":"https:\/\/swissclinics.net\/de\/behandlungen\/adrenal-fatigue\/#primaryimage"},"image":{"@id":"https:\/\/swissclinics.net\/de\/behandlungen\/adrenal-fatigue\/#primaryimage"},"thumbnailUrl":"https:\/\/swissclinics.net\/de\/wp-content\/uploads\/sites\/3\/adrenal-fatigue.jpg","datePublished":"2016-06-24T15:09:50+00:00","dateModified":"2017-07-04T07:25:01+00:00","description":"Behandlungsm\u00f6glichkeiten f\u00fcr Adrenal Fatigue, einer Schw\u00e4che der Nebennieren) mittels bioidentischer Hormone (BHRT) und k\u00f6rpereigener Stammzellen aus Fett.","breadcrumb":{"@id":"https:\/\/swissclinics.net\/de\/behandlungen\/adrenal-fatigue\/#breadcrumb"},"inLanguage":"de","potentialAction":[{"@type":"ReadAction","target":["https:\/\/swissclinics.net\/de\/behandlungen\/adrenal-fatigue\/"]}]},{"@type":"ImageObject","inLanguage":"de","@id":"https:\/\/swissclinics.net\/de\/behandlungen\/adrenal-fatigue\/#primaryimage","url":"https:\/\/swissclinics.net\/de\/wp-content\/uploads\/sites\/3\/adrenal-fatigue.jpg","contentUrl":"https:\/\/swissclinics.net\/de\/wp-content\/uploads\/sites\/3\/adrenal-fatigue.jpg","width":640,"height":492},{"@type":"BreadcrumbList","@id":"https:\/\/swissclinics.net\/de\/behandlungen\/adrenal-fatigue\/#breadcrumb","itemListElement":[{"@type":"ListItem","position":1,"name":"Home","item":"https:\/\/swissclinics.net\/de\/"},{"@type":"ListItem","position":2,"name":"Behandlungen","item":"https:\/\/swissclinics.net\/de\/behandlungen\/"},{"@type":"ListItem","position":3,"name":"Adrenal Fatigue"}]},{"@type":"WebSite","@id":"https:\/\/swissclinics.net\/de\/#website","url":"https:\/\/swissclinics.net\/de\/","name":"Swiss Clinics","description":"Medizin mit Schweizer Qualit\u00e4t.","potentialAction":[{"@type":"SearchAction","target":{"@type":"EntryPoint","urlTemplate":"https:\/\/swissclinics.net\/de\/?s={search_term_string}"},"query-input":{"@type":"PropertyValueSpecification","valueRequired":true,"valueName":"search_term_string"}}],"inLanguage":"de"}]}},"_links":{"self":[{"href":"https:\/\/swissclinics.net\/de\/wp-json\/wp\/v2\/pages\/194","targetHints":{"allow":["GET"]}}],"collection":[{"href":"https:\/\/swissclinics.net\/de\/wp-json\/wp\/v2\/pages"}],"about":[{"href":"https:\/\/swissclinics.net\/de\/wp-json\/wp\/v2\/types\/page"}],"author":[{"embeddable":true,"href":"https:\/\/swissclinics.net\/de\/wp-json\/wp\/v2\/users\/9"}],"replies":[{"embeddable":true,"href":"https:\/\/swissclinics.net\/de\/wp-json\/wp\/v2\/comments?post=194"}],"version-history":[{"count":8,"href":"https:\/\/swissclinics.net\/de\/wp-json\/wp\/v2\/pages\/194\/revisions"}],"predecessor-version":[{"id":702,"href":"https:\/\/swissclinics.net\/de\/wp-json\/wp\/v2\/pages\/194\/revisions\/702"}],"up":[{"embeddable":true,"href":"https:\/\/swissclinics.net\/de\/wp-json\/wp\/v2\/pages\/32"}],"wp:featuredmedia":[{"embeddable":true,"href":"https:\/\/swissclinics.net\/de\/wp-json\/wp\/v2\/media\/601"}],"wp:attachment":[{"href":"https:\/\/swissclinics.net\/de\/wp-json\/wp\/v2\/media?parent=194"}],"curies":[{"name":"wp","href":"https:\/\/api.w.org\/{rel}","templated":true}]}}