{"id":192,"date":"2016-06-24T17:09:19","date_gmt":"2016-06-24T15:09:19","guid":{"rendered":"https:\/\/swissclinics.net\/de\/?page_id=192"},"modified":"2017-07-04T10:39:00","modified_gmt":"2017-07-04T08:39:00","slug":"morbus-crohn","status":"publish","type":"page","link":"https:\/\/swissclinics.net\/de\/behandlungen\/morbus-crohn\/","title":{"rendered":"Morbus Crohn"},"content":{"rendered":"<p>Bei <strong>Morbus Crohn<\/strong> handelt es sich um eine chronisch-entz\u00fcndliche Darmerkrankung, die sowohl den gesamten Magen-Darm-Trakt betreffen kann, als auch nur einzelne Teile davon. Die Krankheit geht mit schmerzhaften Durchf\u00e4llen einher. Morbus Crohn tritt meist im jungen Erwachsenenalter auf und betrifft ungef\u00e4hr 7 von 100.000 Menschen.<\/p>\n<p>Die Ursache f\u00fcr Morbus Crohn ist immer noch ungekl\u00e4rt. Eine genetische Veranlagung und unterschiedliche Ausl\u00f6ser wie etwa eine vermehrte Antibiotikaeinnahme in der Kindheit werden angenommen. Bei einigen Patienten k\u00f6nnen auch bestimmte vom K\u00f6rper selbst gebildete Antik\u00f6rper festgestellt werden. Die Therapie kann daher auch die Verabreichung von Medikamenten beinhalten, die das Immunsystem unterdr\u00fccken.<\/p>\n<h2>Symptome und Verlauf von Morbus Crohn<\/h2>\n<p>Der Beginn der chronisch-entz\u00fcndlichen Darmkrankheit zeichnet sich oft durch unspezifische Symptome wie M\u00fcdigkeit, Bauchschmerzen und Gelenksschmerzen, aber auch Fieber, \u00dcbelkeit und Erbrechen aus. Ein wichtiges Merkmal ist das Auftreten von meist w\u00e4ssrigen Durchf\u00e4llen. Sind bereits auch tiefere Darmschleimhautschichten durch die Entz\u00fcndung freigelegt, k\u00f6nnen die Durchf\u00e4lle auch blutig sein. Als Nebenzeichen bildet sich dann auch eine Blutarmut aus. Unangenehme L\u00e4sionen des Afters, Fisteln im Ges\u00e4\u00dfbereich und Analfissuren k\u00f6nnen ebenfalls Morbus Crohn zugeordnet werden. In seltenen F\u00e4llen kommt es durch die L\u00e4sionen im Darmtrakt zu Dickdarmkrebs.<\/p>\n<p>Die Krankheit verl\u00e4uft in Sch\u00fcben. Dabei k\u00f6nnen Komplikationen wie ein akuter Darmverschluss auftreten, bei dem meist nur eine Operation hilft. Morbus Crohn beschr\u00e4nkt sich jedoch nicht nur auf den Magen-Darm-Trakt. H\u00e4ufig sind auch an anderen Bereichen des K\u00f6rpers L\u00e4sionen vorhanden, die auf die Darmerkrankung hinweisen. Schmerzhafte Mundschleimhautver\u00e4nderungen, Gef\u00e4\u00dfver\u00e4nderungen sowie Gelenks- und Augenentz\u00fcndungen treten meist gleichzeitig auf.<\/p>\n<h2>Therapiem\u00f6glichkeiten von Morbus Crohn<\/h2>\n<p>Da die Ursachen f\u00fcr Morbus Crohn weitgehend unbekannt sind, ist eine zielgerichtete Therapie der Ursachen derzeit noch nicht m\u00f6glich. Die Therapie zielt daher vorwiegend auf eine Linderung der Beschwerden und eine Verbesserung der Lebensqualit\u00e4t der Patienten ab.<\/p>\n<p>Allgemein gilt ein Rauchverbot, da mit steigendem Nikotinkonsum auch die Schubrate stark ansteigt. Au\u00dferdem sollen gewisse Schmerzmittel (nicht-steroidale Antirheumatika), zu denen auch Acetylsalicyls\u00e4ure (Aspirin) geh\u00f6rt, aufgrund ihrer schleimhautreizenden Wirkung nicht eingenommen werden. Zur bestm\u00f6glichen Schonung des Darms ist vielfach auch eine Ern\u00e4hrungsumstellung n\u00f6tig.<\/p>\n<p>In weiter Folge setzt man je nach Befallsmuster der Krankheit auf eine Stufentherapie. Bei einem akuten Schub werden zur Bek\u00e4mpfung der entz\u00fcndlichen Komponente entz\u00fcndungshemmende Medikamente, meist Glucocorticoide oder auch Immunsuppressiva eingesetzt. In F\u00e4llen schwererer Komplikationen wie Stenosen oder Fisteln ist oft eine operative Behandlung notwendig.<\/p>\n<h2>Stammzelltherapie bei Morbus Crohn<\/h2>\n<p>Bei Darmerkrankungen wie Morbus Crohn k\u00f6nnen mesenchymale Stammzellen (MSC) bzw. Stromal Vascular Fraction (SVF) therapeutisch eingesetzt werden. Stammzellen gelten als Vorl\u00e4uferzellen f\u00fcr andere K\u00f6rperzellen. Ihre Wirkungsweise liegt prim\u00e4r in der Modulation des Immunsystems und der Anregung der Regeneration von Geweben und Blutgef\u00e4\u00dfen durch Zytokine. Da bei Morbus Crohn eine St\u00f6rung des Immunsystems und eine entz\u00fcndliche Komponente vorliegen, bietet sich der Einsatz mesenchymaler Stammzellen zur Behandlung an.<\/p>\n<p>Mesenchymale Stammzellen und werden aus einer kleinen Menge K\u00f6rperfett isoliert, das mittels Fettabsaugung gewonnen wird. Die Zellen werden anschlie\u00dfend systemisch verabreicht, um an ihren Wirkungsort zu gelangen. Aufgrund ihrer immunmodulierenden und entz\u00fcndungsd\u00e4mpfenden Wirkung kann so m\u00f6glicherweise die Auspr\u00e4gung der Erkrankung gemildert und weiteren Sch\u00fcben vorgebeugt werden. Stammzellen aus Fett haben sich bei Morbus Crohn in Studien an M\u00e4usen bereits gut bew\u00e4hrt. Auch am Menschen konnten bei entz\u00fcndlichen Darmerkrankungen vielversprechende Ergebnisse erzielt werden.<\/p>\n","protected":false},"excerpt":{"rendered":"<p>Bei Morbus Crohn handelt es sich um eine chronisch-entz\u00fcndliche Darmerkrankung, die sowohl den gesamten Magen-Darm-Trakt betreffen kann, als auch nur einzelne Teile davon. Die Krankheit geht mit schmerzhaften Durchf\u00e4llen einher. Morbus Crohn tritt meist im jungen Erwachsenenalter auf und betrifft ungef\u00e4hr 7 von 100.000 Menschen. Die Ursache f\u00fcr Morbus Crohn ist immer noch ungekl\u00e4rt. Eine\u2026<span class=\"moretag-separator\">&nbsp;\u00b7 <\/span><a class=\"moretag\" href=\"https:\/\/swissclinics.net\/de\/behandlungen\/morbus-crohn\/\">Weiterlesen&nbsp;\u00bb<\/a><\/p>\n","protected":false},"author":9,"featured_media":589,"parent":32,"menu_order":0,"comment_status":"closed","ping_status":"closed","template":"","meta":{"footnotes":""},"class_list":["post-192","page","type-page","status-publish","has-post-thumbnail","hentry"],"yoast_head":"<!-- This site is optimized with the Yoast SEO plugin v27.2 - https:\/\/yoast.com\/product\/yoast-seo-wordpress\/ -->\n<title>Behandung der Darmerkrankung Morbus Crohn &#183; Swiss Clinics<\/title>\n<meta name=\"description\" content=\"Behandlungsoptionen f\u00fcr die entz\u00fcndliche Darmerkrankung Morbus Crohn mit herk\u00f6mmlicher Therapie mit Medikamenten und Eingriff oder Stammzellen aus Fett.\" \/>\n<meta name=\"robots\" content=\"index, follow, max-snippet:-1, max-image-preview:large, max-video-preview:-1\" \/>\n<link rel=\"canonical\" href=\"https:\/\/swissclinics.net\/de\/behandlungen\/morbus-crohn\/\" \/>\n<meta property=\"og:locale\" content=\"de_DE\" \/>\n<meta property=\"og:type\" content=\"article\" \/>\n<meta property=\"og:title\" content=\"Behandung der Darmerkrankung Morbus Crohn &#183; Swiss Clinics\" \/>\n<meta property=\"og:description\" content=\"Behandlungsoptionen f\u00fcr die entz\u00fcndliche Darmerkrankung Morbus Crohn mit herk\u00f6mmlicher Therapie mit Medikamenten und Eingriff oder Stammzellen aus Fett.\" \/>\n<meta property=\"og:url\" content=\"https:\/\/swissclinics.net\/de\/behandlungen\/morbus-crohn\/\" \/>\n<meta property=\"og:site_name\" content=\"Swiss Clinics\" \/>\n<meta property=\"article:publisher\" content=\"https:\/\/www.facebook.com\/swissclinics\/\" \/>\n<meta property=\"article:modified_time\" content=\"2017-07-04T08:39:00+00:00\" \/>\n<meta property=\"og:image\" content=\"https:\/\/swissclinics.net\/de\/wp-content\/uploads\/sites\/3\/morbus-crohn.jpg\" \/>\n\t<meta property=\"og:image:width\" content=\"640\" \/>\n\t<meta property=\"og:image:height\" content=\"802\" \/>\n\t<meta property=\"og:image:type\" content=\"image\/jpeg\" \/>\n<meta name=\"twitter:card\" content=\"summary_large_image\" \/>\n<meta name=\"twitter:label1\" content=\"Gesch\u00e4tzte Lesezeit\" \/>\n\t<meta name=\"twitter:data1\" content=\"3\u00a0Minuten\" \/>\n<script type=\"application\/ld+json\" class=\"yoast-schema-graph\">{\"@context\":\"https:\/\/schema.org\",\"@graph\":[{\"@type\":\"WebPage\",\"@id\":\"https:\/\/swissclinics.net\/de\/behandlungen\/morbus-crohn\/\",\"url\":\"https:\/\/swissclinics.net\/de\/behandlungen\/morbus-crohn\/\",\"name\":\"Behandung der Darmerkrankung Morbus Crohn &#183; Swiss Clinics\",\"isPartOf\":{\"@id\":\"https:\/\/swissclinics.net\/de\/#website\"},\"primaryImageOfPage\":{\"@id\":\"https:\/\/swissclinics.net\/de\/behandlungen\/morbus-crohn\/#primaryimage\"},\"image\":{\"@id\":\"https:\/\/swissclinics.net\/de\/behandlungen\/morbus-crohn\/#primaryimage\"},\"thumbnailUrl\":\"https:\/\/swissclinics.net\/de\/wp-content\/uploads\/sites\/3\/morbus-crohn.jpg\",\"datePublished\":\"2016-06-24T15:09:19+00:00\",\"dateModified\":\"2017-07-04T08:39:00+00:00\",\"description\":\"Behandlungsoptionen f\u00fcr die entz\u00fcndliche Darmerkrankung Morbus Crohn mit herk\u00f6mmlicher Therapie mit Medikamenten und Eingriff oder Stammzellen aus Fett.\",\"breadcrumb\":{\"@id\":\"https:\/\/swissclinics.net\/de\/behandlungen\/morbus-crohn\/#breadcrumb\"},\"inLanguage\":\"de\",\"potentialAction\":[{\"@type\":\"ReadAction\",\"target\":[\"https:\/\/swissclinics.net\/de\/behandlungen\/morbus-crohn\/\"]}]},{\"@type\":\"ImageObject\",\"inLanguage\":\"de\",\"@id\":\"https:\/\/swissclinics.net\/de\/behandlungen\/morbus-crohn\/#primaryimage\",\"url\":\"https:\/\/swissclinics.net\/de\/wp-content\/uploads\/sites\/3\/morbus-crohn.jpg\",\"contentUrl\":\"https:\/\/swissclinics.net\/de\/wp-content\/uploads\/sites\/3\/morbus-crohn.jpg\",\"width\":640,\"height\":802},{\"@type\":\"BreadcrumbList\",\"@id\":\"https:\/\/swissclinics.net\/de\/behandlungen\/morbus-crohn\/#breadcrumb\",\"itemListElement\":[{\"@type\":\"ListItem\",\"position\":1,\"name\":\"Home\",\"item\":\"https:\/\/swissclinics.net\/de\/\"},{\"@type\":\"ListItem\",\"position\":2,\"name\":\"Behandlungen\",\"item\":\"https:\/\/swissclinics.net\/de\/behandlungen\/\"},{\"@type\":\"ListItem\",\"position\":3,\"name\":\"Morbus Crohn\"}]},{\"@type\":\"WebSite\",\"@id\":\"https:\/\/swissclinics.net\/de\/#website\",\"url\":\"https:\/\/swissclinics.net\/de\/\",\"name\":\"Swiss Clinics\",\"description\":\"Medizin mit Schweizer Qualit\u00e4t.\",\"potentialAction\":[{\"@type\":\"SearchAction\",\"target\":{\"@type\":\"EntryPoint\",\"urlTemplate\":\"https:\/\/swissclinics.net\/de\/?s={search_term_string}\"},\"query-input\":{\"@type\":\"PropertyValueSpecification\",\"valueRequired\":true,\"valueName\":\"search_term_string\"}}],\"inLanguage\":\"de\"}]}<\/script>\n<!-- \/ Yoast SEO plugin. -->","yoast_head_json":{"title":"Behandung der Darmerkrankung Morbus Crohn &#183; Swiss Clinics","description":"Behandlungsoptionen f\u00fcr die entz\u00fcndliche Darmerkrankung Morbus Crohn mit herk\u00f6mmlicher Therapie mit Medikamenten und Eingriff oder Stammzellen aus Fett.","robots":{"index":"index","follow":"follow","max-snippet":"max-snippet:-1","max-image-preview":"max-image-preview:large","max-video-preview":"max-video-preview:-1"},"canonical":"https:\/\/swissclinics.net\/de\/behandlungen\/morbus-crohn\/","og_locale":"de_DE","og_type":"article","og_title":"Behandung der Darmerkrankung Morbus Crohn &#183; Swiss Clinics","og_description":"Behandlungsoptionen f\u00fcr die entz\u00fcndliche Darmerkrankung Morbus Crohn mit herk\u00f6mmlicher Therapie mit Medikamenten und Eingriff oder Stammzellen aus Fett.","og_url":"https:\/\/swissclinics.net\/de\/behandlungen\/morbus-crohn\/","og_site_name":"Swiss Clinics","article_publisher":"https:\/\/www.facebook.com\/swissclinics\/","article_modified_time":"2017-07-04T08:39:00+00:00","og_image":[{"width":640,"height":802,"url":"https:\/\/swissclinics.net\/de\/wp-content\/uploads\/sites\/3\/morbus-crohn.jpg","type":"image\/jpeg"}],"twitter_card":"summary_large_image","twitter_misc":{"Gesch\u00e4tzte Lesezeit":"3\u00a0Minuten"},"schema":{"@context":"https:\/\/schema.org","@graph":[{"@type":"WebPage","@id":"https:\/\/swissclinics.net\/de\/behandlungen\/morbus-crohn\/","url":"https:\/\/swissclinics.net\/de\/behandlungen\/morbus-crohn\/","name":"Behandung der Darmerkrankung Morbus Crohn &#183; Swiss Clinics","isPartOf":{"@id":"https:\/\/swissclinics.net\/de\/#website"},"primaryImageOfPage":{"@id":"https:\/\/swissclinics.net\/de\/behandlungen\/morbus-crohn\/#primaryimage"},"image":{"@id":"https:\/\/swissclinics.net\/de\/behandlungen\/morbus-crohn\/#primaryimage"},"thumbnailUrl":"https:\/\/swissclinics.net\/de\/wp-content\/uploads\/sites\/3\/morbus-crohn.jpg","datePublished":"2016-06-24T15:09:19+00:00","dateModified":"2017-07-04T08:39:00+00:00","description":"Behandlungsoptionen f\u00fcr die entz\u00fcndliche Darmerkrankung Morbus Crohn mit herk\u00f6mmlicher Therapie mit Medikamenten und Eingriff oder Stammzellen aus Fett.","breadcrumb":{"@id":"https:\/\/swissclinics.net\/de\/behandlungen\/morbus-crohn\/#breadcrumb"},"inLanguage":"de","potentialAction":[{"@type":"ReadAction","target":["https:\/\/swissclinics.net\/de\/behandlungen\/morbus-crohn\/"]}]},{"@type":"ImageObject","inLanguage":"de","@id":"https:\/\/swissclinics.net\/de\/behandlungen\/morbus-crohn\/#primaryimage","url":"https:\/\/swissclinics.net\/de\/wp-content\/uploads\/sites\/3\/morbus-crohn.jpg","contentUrl":"https:\/\/swissclinics.net\/de\/wp-content\/uploads\/sites\/3\/morbus-crohn.jpg","width":640,"height":802},{"@type":"BreadcrumbList","@id":"https:\/\/swissclinics.net\/de\/behandlungen\/morbus-crohn\/#breadcrumb","itemListElement":[{"@type":"ListItem","position":1,"name":"Home","item":"https:\/\/swissclinics.net\/de\/"},{"@type":"ListItem","position":2,"name":"Behandlungen","item":"https:\/\/swissclinics.net\/de\/behandlungen\/"},{"@type":"ListItem","position":3,"name":"Morbus Crohn"}]},{"@type":"WebSite","@id":"https:\/\/swissclinics.net\/de\/#website","url":"https:\/\/swissclinics.net\/de\/","name":"Swiss Clinics","description":"Medizin mit Schweizer Qualit\u00e4t.","potentialAction":[{"@type":"SearchAction","target":{"@type":"EntryPoint","urlTemplate":"https:\/\/swissclinics.net\/de\/?s={search_term_string}"},"query-input":{"@type":"PropertyValueSpecification","valueRequired":true,"valueName":"search_term_string"}}],"inLanguage":"de"}]}},"_links":{"self":[{"href":"https:\/\/swissclinics.net\/de\/wp-json\/wp\/v2\/pages\/192","targetHints":{"allow":["GET"]}}],"collection":[{"href":"https:\/\/swissclinics.net\/de\/wp-json\/wp\/v2\/pages"}],"about":[{"href":"https:\/\/swissclinics.net\/de\/wp-json\/wp\/v2\/types\/page"}],"author":[{"embeddable":true,"href":"https:\/\/swissclinics.net\/de\/wp-json\/wp\/v2\/users\/9"}],"replies":[{"embeddable":true,"href":"https:\/\/swissclinics.net\/de\/wp-json\/wp\/v2\/comments?post=192"}],"version-history":[{"count":7,"href":"https:\/\/swissclinics.net\/de\/wp-json\/wp\/v2\/pages\/192\/revisions"}],"predecessor-version":[{"id":744,"href":"https:\/\/swissclinics.net\/de\/wp-json\/wp\/v2\/pages\/192\/revisions\/744"}],"up":[{"embeddable":true,"href":"https:\/\/swissclinics.net\/de\/wp-json\/wp\/v2\/pages\/32"}],"wp:featuredmedia":[{"embeddable":true,"href":"https:\/\/swissclinics.net\/de\/wp-json\/wp\/v2\/media\/589"}],"wp:attachment":[{"href":"https:\/\/swissclinics.net\/de\/wp-json\/wp\/v2\/media?parent=192"}],"curies":[{"name":"wp","href":"https:\/\/api.w.org\/{rel}","templated":true}]}}