{"id":185,"date":"2016-06-24T16:56:08","date_gmt":"2016-06-24T14:56:08","guid":{"rendered":"https:\/\/swissclinics.net\/de\/?page_id=185"},"modified":"2017-07-02T20:55:41","modified_gmt":"2017-07-02T18:55:41","slug":"gewichtsabnahme","status":"publish","type":"page","link":"https:\/\/swissclinics.net\/de\/behandlungen\/gewichtsabnahme\/","title":{"rendered":"Gewichtsabnahme"},"content":{"rendered":"<p>Ein gro\u00dfer Teil der Menschen leidet heute an \u00dcbergewicht. Dies ist f\u00fcr die Betroffenen nicht nur ein \u00e4sthetisches Problem. \u00dcbergewicht belastet den K\u00f6rper gesundheitlich und kann zu einer Vielzahl von Problemen und Erkrankungen f\u00fchren: <a href=\"https:\/\/swissclinics.net\/de\/behandlungen\/diabetes-zuckerkrankheit\/\">Diabetes<\/a>, <a href=\"https:\/\/swissclinics.net\/de\/behandlungen\/arthrose-arthritis\/\">Arthrose<\/a>, Kreislaufprobleme, <a href=\"https:\/\/swissclinics.net\/de\/behandlungen\/arteriosklerose\/\">Arteriosklerose<\/a>, metabolisches Syndrom und viele andere sind m\u00f6gliche Folgen von \u00dcbergewicht.<\/p>\n<p>Eigenst\u00e4ndig das Idealgewicht zu erlangen und langfristig zu halten ist f\u00fcr viele Menschen ein unerreichbarer Traum, weil h\u00e4ufig die Disziplin fehlt und sie immer wieder abnehmen und zunehmen. Oft liegt auch eine hormonelle Imbalance vor, die das Abnehmen erschwert. Hier kann ein spezialisierter Arzt helfen. Wir finden f\u00fcr Sie den idealen Arzt, der Sie kompetent bei der Gewichtsabnahme unterst\u00fctzt.<\/p>\n<h2>Behandlungsverfahren<\/h2>\n<ul class=\"category-list\"><li><a href=\"https:\/\/swissclinics.net\/de\/behandlungen\/bauchdeckenstraffung\/\">Bauchdeckenstraffung<\/a><\/li><li><a href=\"https:\/\/swissclinics.net\/de\/behandlungen\/brustverkleinerung\/\">Brustverkleinerung<\/a><\/li><li><a href=\"https:\/\/swissclinics.net\/de\/behandlungen\/fettabsaugung\/\">Fettabsaugung<\/a><\/li><\/ul>\n","protected":false},"excerpt":{"rendered":"<p>Ein gro\u00dfer Teil der Menschen leidet heute an \u00dcbergewicht. Dies ist f\u00fcr die Betroffenen nicht nur ein \u00e4sthetisches Problem. \u00dcbergewicht belastet den K\u00f6rper gesundheitlich und kann zu einer Vielzahl von Problemen und Erkrankungen f\u00fchren: Diabetes, Arthrose, Kreislaufprobleme, Arteriosklerose, metabolisches Syndrom und viele andere sind m\u00f6gliche Folgen von \u00dcbergewicht. Eigenst\u00e4ndig das Idealgewicht zu erlangen und langfristig\u2026<span class=\"moretag-separator\">&nbsp;\u00b7 <\/span><a class=\"moretag\" href=\"https:\/\/swissclinics.net\/de\/behandlungen\/fettabsaugung\/\">Weiterlesen&nbsp;\u00bb<\/a><\/p>\n","protected":false},"author":9,"featured_media":575,"parent":32,"menu_order":0,"comment_status":"closed","ping_status":"closed","template":"","meta":{"footnotes":""},"class_list":["post-185","page","type-page","status-publish","has-post-thumbnail","hentry"],"yoast_head":"<!-- This site is optimized with the Yoast SEO plugin v27.2 - https:\/\/yoast.com\/product\/yoast-seo-wordpress\/ -->\n<title>Gewichtsabnahme: Idealgewicht, Wunschfigur, Gesundheit &#183; Swiss Clinics<\/title>\n<meta name=\"description\" content=\"Bioidentische Hormone (BHRT), Fettabsaugung und Bauchdeckenstraffung helfen, das K\u00f6rpergewicht zu reduzieren und die Wunschfigur nachhaltig zu erreichen.\" \/>\n<meta name=\"robots\" content=\"index, follow, max-snippet:-1, max-image-preview:large, max-video-preview:-1\" \/>\n<link rel=\"canonical\" href=\"https:\/\/swissclinics.net\/de\/behandlungen\/gewichtsabnahme\/\" \/>\n<meta property=\"og:locale\" content=\"de_DE\" \/>\n<meta property=\"og:type\" content=\"article\" \/>\n<meta property=\"og:title\" content=\"Gewichtsabnahme: Idealgewicht, Wunschfigur, Gesundheit &#183; Swiss Clinics\" \/>\n<meta property=\"og:description\" content=\"Bioidentische Hormone (BHRT), Fettabsaugung und Bauchdeckenstraffung helfen, das K\u00f6rpergewicht zu reduzieren und die Wunschfigur nachhaltig zu erreichen.\" \/>\n<meta property=\"og:url\" content=\"https:\/\/swissclinics.net\/de\/behandlungen\/gewichtsabnahme\/\" \/>\n<meta property=\"og:site_name\" content=\"Swiss Clinics\" \/>\n<meta property=\"article:publisher\" content=\"https:\/\/www.facebook.com\/swissclinics\/\" \/>\n<meta property=\"article:modified_time\" content=\"2017-07-02T18:55:41+00:00\" \/>\n<meta property=\"og:image\" content=\"https:\/\/swissclinics.net\/de\/wp-content\/uploads\/sites\/3\/abnehmen.jpg\" \/>\n\t<meta property=\"og:image:width\" content=\"640\" \/>\n\t<meta property=\"og:image:height\" content=\"960\" \/>\n\t<meta property=\"og:image:type\" content=\"image\/jpeg\" \/>\n<meta name=\"twitter:card\" content=\"summary_large_image\" \/>\n<meta name=\"twitter:label1\" content=\"Gesch\u00e4tzte Lesezeit\" \/>\n\t<meta name=\"twitter:data1\" content=\"1\u00a0Minute\" \/>\n<script type=\"application\/ld+json\" class=\"yoast-schema-graph\">{\"@context\":\"https:\/\/schema.org\",\"@graph\":[{\"@type\":\"WebPage\",\"@id\":\"https:\/\/swissclinics.net\/de\/behandlungen\/gewichtsabnahme\/\",\"url\":\"https:\/\/swissclinics.net\/de\/behandlungen\/gewichtsabnahme\/\",\"name\":\"Gewichtsabnahme: Idealgewicht, Wunschfigur, Gesundheit &#183; Swiss Clinics\",\"isPartOf\":{\"@id\":\"https:\/\/swissclinics.net\/de\/#website\"},\"primaryImageOfPage\":{\"@id\":\"https:\/\/swissclinics.net\/de\/behandlungen\/gewichtsabnahme\/#primaryimage\"},\"image\":{\"@id\":\"https:\/\/swissclinics.net\/de\/behandlungen\/gewichtsabnahme\/#primaryimage\"},\"thumbnailUrl\":\"https:\/\/swissclinics.net\/de\/wp-content\/uploads\/sites\/3\/abnehmen.jpg\",\"datePublished\":\"2016-06-24T14:56:08+00:00\",\"dateModified\":\"2017-07-02T18:55:41+00:00\",\"description\":\"Bioidentische Hormone (BHRT), Fettabsaugung und Bauchdeckenstraffung helfen, das K\u00f6rpergewicht zu reduzieren und die Wunschfigur nachhaltig zu erreichen.\",\"breadcrumb\":{\"@id\":\"https:\/\/swissclinics.net\/de\/behandlungen\/gewichtsabnahme\/#breadcrumb\"},\"inLanguage\":\"de\",\"potentialAction\":[{\"@type\":\"ReadAction\",\"target\":[\"https:\/\/swissclinics.net\/de\/behandlungen\/gewichtsabnahme\/\"]}]},{\"@type\":\"ImageObject\",\"inLanguage\":\"de\",\"@id\":\"https:\/\/swissclinics.net\/de\/behandlungen\/gewichtsabnahme\/#primaryimage\",\"url\":\"https:\/\/swissclinics.net\/de\/wp-content\/uploads\/sites\/3\/abnehmen.jpg\",\"contentUrl\":\"https:\/\/swissclinics.net\/de\/wp-content\/uploads\/sites\/3\/abnehmen.jpg\",\"width\":640,\"height\":960,\"caption\":\"\u00a9 PantherMedia\/werner.heiber\"},{\"@type\":\"BreadcrumbList\",\"@id\":\"https:\/\/swissclinics.net\/de\/behandlungen\/gewichtsabnahme\/#breadcrumb\",\"itemListElement\":[{\"@type\":\"ListItem\",\"position\":1,\"name\":\"Home\",\"item\":\"https:\/\/swissclinics.net\/de\/\"},{\"@type\":\"ListItem\",\"position\":2,\"name\":\"Behandlungen\",\"item\":\"https:\/\/swissclinics.net\/de\/behandlungen\/\"},{\"@type\":\"ListItem\",\"position\":3,\"name\":\"Gewichtsabnahme\"}]},{\"@type\":\"WebSite\",\"@id\":\"https:\/\/swissclinics.net\/de\/#website\",\"url\":\"https:\/\/swissclinics.net\/de\/\",\"name\":\"Swiss Clinics\",\"description\":\"Medizin mit Schweizer Qualit\u00e4t.\",\"potentialAction\":[{\"@type\":\"SearchAction\",\"target\":{\"@type\":\"EntryPoint\",\"urlTemplate\":\"https:\/\/swissclinics.net\/de\/?s={search_term_string}\"},\"query-input\":{\"@type\":\"PropertyValueSpecification\",\"valueRequired\":true,\"valueName\":\"search_term_string\"}}],\"inLanguage\":\"de\"}]}<\/script>\n<!-- \/ Yoast SEO plugin. -->","yoast_head_json":{"title":"Gewichtsabnahme: Idealgewicht, Wunschfigur, Gesundheit &#183; Swiss Clinics","description":"Bioidentische Hormone (BHRT), Fettabsaugung und Bauchdeckenstraffung helfen, das K\u00f6rpergewicht zu reduzieren und die Wunschfigur nachhaltig zu erreichen.","robots":{"index":"index","follow":"follow","max-snippet":"max-snippet:-1","max-image-preview":"max-image-preview:large","max-video-preview":"max-video-preview:-1"},"canonical":"https:\/\/swissclinics.net\/de\/behandlungen\/gewichtsabnahme\/","og_locale":"de_DE","og_type":"article","og_title":"Gewichtsabnahme: Idealgewicht, Wunschfigur, Gesundheit &#183; Swiss Clinics","og_description":"Bioidentische Hormone (BHRT), Fettabsaugung und Bauchdeckenstraffung helfen, das K\u00f6rpergewicht zu reduzieren und die Wunschfigur nachhaltig zu erreichen.","og_url":"https:\/\/swissclinics.net\/de\/behandlungen\/gewichtsabnahme\/","og_site_name":"Swiss Clinics","article_publisher":"https:\/\/www.facebook.com\/swissclinics\/","article_modified_time":"2017-07-02T18:55:41+00:00","og_image":[{"width":640,"height":960,"url":"https:\/\/swissclinics.net\/de\/wp-content\/uploads\/sites\/3\/abnehmen.jpg","type":"image\/jpeg"}],"twitter_card":"summary_large_image","twitter_misc":{"Gesch\u00e4tzte Lesezeit":"1\u00a0Minute"},"schema":{"@context":"https:\/\/schema.org","@graph":[{"@type":"WebPage","@id":"https:\/\/swissclinics.net\/de\/behandlungen\/gewichtsabnahme\/","url":"https:\/\/swissclinics.net\/de\/behandlungen\/gewichtsabnahme\/","name":"Gewichtsabnahme: Idealgewicht, Wunschfigur, Gesundheit &#183; Swiss Clinics","isPartOf":{"@id":"https:\/\/swissclinics.net\/de\/#website"},"primaryImageOfPage":{"@id":"https:\/\/swissclinics.net\/de\/behandlungen\/gewichtsabnahme\/#primaryimage"},"image":{"@id":"https:\/\/swissclinics.net\/de\/behandlungen\/gewichtsabnahme\/#primaryimage"},"thumbnailUrl":"https:\/\/swissclinics.net\/de\/wp-content\/uploads\/sites\/3\/abnehmen.jpg","datePublished":"2016-06-24T14:56:08+00:00","dateModified":"2017-07-02T18:55:41+00:00","description":"Bioidentische Hormone (BHRT), Fettabsaugung und Bauchdeckenstraffung helfen, das K\u00f6rpergewicht zu reduzieren und die Wunschfigur nachhaltig zu erreichen.","breadcrumb":{"@id":"https:\/\/swissclinics.net\/de\/behandlungen\/gewichtsabnahme\/#breadcrumb"},"inLanguage":"de","potentialAction":[{"@type":"ReadAction","target":["https:\/\/swissclinics.net\/de\/behandlungen\/gewichtsabnahme\/"]}]},{"@type":"ImageObject","inLanguage":"de","@id":"https:\/\/swissclinics.net\/de\/behandlungen\/gewichtsabnahme\/#primaryimage","url":"https:\/\/swissclinics.net\/de\/wp-content\/uploads\/sites\/3\/abnehmen.jpg","contentUrl":"https:\/\/swissclinics.net\/de\/wp-content\/uploads\/sites\/3\/abnehmen.jpg","width":640,"height":960,"caption":"\u00a9 PantherMedia\/werner.heiber"},{"@type":"BreadcrumbList","@id":"https:\/\/swissclinics.net\/de\/behandlungen\/gewichtsabnahme\/#breadcrumb","itemListElement":[{"@type":"ListItem","position":1,"name":"Home","item":"https:\/\/swissclinics.net\/de\/"},{"@type":"ListItem","position":2,"name":"Behandlungen","item":"https:\/\/swissclinics.net\/de\/behandlungen\/"},{"@type":"ListItem","position":3,"name":"Gewichtsabnahme"}]},{"@type":"WebSite","@id":"https:\/\/swissclinics.net\/de\/#website","url":"https:\/\/swissclinics.net\/de\/","name":"Swiss Clinics","description":"Medizin mit Schweizer Qualit\u00e4t.","potentialAction":[{"@type":"SearchAction","target":{"@type":"EntryPoint","urlTemplate":"https:\/\/swissclinics.net\/de\/?s={search_term_string}"},"query-input":{"@type":"PropertyValueSpecification","valueRequired":true,"valueName":"search_term_string"}}],"inLanguage":"de"}]}},"_links":{"self":[{"href":"https:\/\/swissclinics.net\/de\/wp-json\/wp\/v2\/pages\/185","targetHints":{"allow":["GET"]}}],"collection":[{"href":"https:\/\/swissclinics.net\/de\/wp-json\/wp\/v2\/pages"}],"about":[{"href":"https:\/\/swissclinics.net\/de\/wp-json\/wp\/v2\/types\/page"}],"author":[{"embeddable":true,"href":"https:\/\/swissclinics.net\/de\/wp-json\/wp\/v2\/users\/9"}],"replies":[{"embeddable":true,"href":"https:\/\/swissclinics.net\/de\/wp-json\/wp\/v2\/comments?post=185"}],"version-history":[{"count":10,"href":"https:\/\/swissclinics.net\/de\/wp-json\/wp\/v2\/pages\/185\/revisions"}],"predecessor-version":[{"id":691,"href":"https:\/\/swissclinics.net\/de\/wp-json\/wp\/v2\/pages\/185\/revisions\/691"}],"up":[{"embeddable":true,"href":"https:\/\/swissclinics.net\/de\/wp-json\/wp\/v2\/pages\/32"}],"wp:featuredmedia":[{"embeddable":true,"href":"https:\/\/swissclinics.net\/de\/wp-json\/wp\/v2\/media\/575"}],"wp:attachment":[{"href":"https:\/\/swissclinics.net\/de\/wp-json\/wp\/v2\/media?parent=185"}],"curies":[{"name":"wp","href":"https:\/\/api.w.org\/{rel}","templated":true}]}}