{"id":178,"date":"2016-06-23T00:00:20","date_gmt":"2016-06-22T22:00:20","guid":{"rendered":"https:\/\/swissclinics.net\/de\/?page_id=178"},"modified":"2017-07-04T11:49:12","modified_gmt":"2017-07-04T09:49:12","slug":"arteriosklerose","status":"publish","type":"page","link":"https:\/\/swissclinics.net\/de\/behandlungen\/arteriosklerose\/","title":{"rendered":"Arteriosklerose"},"content":{"rendered":"<p><strong>Arteriosklerose<\/strong> oder <strong>Atherosklerose<\/strong> wird auch <strong>Arterienverkalkung<\/strong> genannt. Dabei kommt es in den Arterien zu Ablagerungen von Blutfetten, Thromben und Bindegewebe. In geringeren Mengen wird auch Calciumphosphat in die Gef\u00e4\u00dfw\u00e4nde eingelagert.<\/p>\n<p>Die durch Arteriosklerose verursachten Durchblutungsst\u00f6rungen sind die h\u00e4ufigste Todesursache in der westlichen Welt. Die Erkrankung entwickelt sich langsam, h\u00e4ufig \u00fcber Jahrzehnte, ohne Symptome. Schlie\u00dflich kann sie zum Ausfall der Durchblutung von Geweben und Organen, zu Thrombosen, Angina pectoris, Herzinfarkt, Schlaganfall und sogar pl\u00f6tzlichen Herztod f\u00fchren.<\/p>\n<p>Die Mehrzahl der Mediziner ist sich einig, dass die Arteriosklerose mit einer Verletzung der inneren Arterienwand beginnt. Normalerweise reagiert der menschliche K\u00f6rper auf diese kleinen Verletzungen mit seinen nat\u00fcrlichen \u201eHaftpflastern\u201c, den sogenannten Thrombozyten. Bei Arteriosklerosen sammeln sich hingegen fettreiche Substanzen, Kollagene sowie Proteoglykane an der Wundstelle und sorgen f\u00fcr einen unebenen Verschluss der Wunde.<\/p>\n<p>Diese neu entstandene raue Narbe bewirkt eine Verwirbelung und eine Verlangsamung des Blutstroms. Dadurch kommt es zu einer zus\u00e4tzlichen Anhaftung von Thrombozyten an diese Plaques, was zu einer Engpassbildung f\u00fchrt. Die darauffolgende Minderversorgung der \u00fcber die Arterien versorgten Organe bildet den Grundstein der Arteriosklerose.<\/p>\n<p>Eine weitere Theorie besagt, dass eine fett- und cholesterinreiche Ern\u00e4hrung sich auch im Blut bemerkbar macht und so das erh\u00f6hte Blutfett bei einem Riss der inneren Gef\u00e4\u00dfwand (Intima) zu einer Absetzung zwischen Intima und Media f\u00fchrt. Diese Art der Gef\u00e4\u00dfverengung hei\u00dft Arteriosklerose, die Gef\u00e4\u00dfverengung aufgrund von vernarbender Intima hingegen Atherosklerose. Meist werden aber beide Begriffe synonym verwendet.<\/p>\n<p>Die Anf\u00e4lligkeit der Arterien f\u00fcr \u201eVerkalkung\u201c wird stark beg\u00fcnstigt durch Faktoren wie Stress, Bluthochdruck, \u00dcbergewicht, Diabetes, Rauchen und rheumatoide Arthritis.<\/p>\n<h2>Therapie der Arteriosklerose<\/h2>\n<p>Generell sollte der Lebensstil des Patienten untersucht und bei Bedarf angepasst werden. Wichtig sind ausreichende Bewegung, eine kalorienreduzierte Ern\u00e4hrung, eine Behandlung eines allenfalls bestehenden Bluthochdrucks und die Senkung von Cholesterin. Bei Bedarf kann auch eine medikament\u00f6se Therapie mit einem Thrombozytenaggragationshemmer wie ASS oder Clopidogrel erfolgen.<\/p>\n<p>Zur Diagnose und Behandlung einer Arteriosklerose wird eine Herzkatheteruntersuchung durchgef\u00fchrt. Nach erfolgreicher Diagnose wird ein Ballon eingef\u00fchrt, der die verengte Stelle aufdehnt. Allerdings hilft diese Form der Therapie nur bedingt, sehr h\u00e4ufig verengt sich die Stelle wieder nach der Operation. Deshalb kann ein sogenannter Stent sinnvoll sein.<\/p>\n<p>Ein Stent ist ein netzartiges R\u00f6hrchen, das die verengte Stelle dauerhaft offen halten soll. Eine weitere Behandlungsm\u00f6glichkeit ist die Bypass-Operation. Bei dieser Operation werden Venenst\u00fccke aus dem Ober- oder Unterschenkel entnommen und zu einer Umleitung an der Stelle der Verengung geformt.<\/p>\n<h2>Stammzelltherapie bei Arteriosklerose<\/h2>\n<p>Mesenchymale Stammzellen (MSC) bzw. Stromal Vascular Fraction (SVF), gewonnen aus dem k\u00f6rpereigenen Fett des Patienten, k\u00f6nnen bei Arteriosklerose und ihren Folgeerkrankungen wie Herzinfarkt, Schlaganfall, Durchblutungsst\u00f6rungen in den Beinen etc. eingesetzt werden.<\/p>\n<p>Stammzellen gelten als Vorl\u00e4uferzellen aller fertigen Zellen des K\u00f6rpers. Heute wissen wir, dass die Wirkungsweise der mesenchymalen Stammzellen vor allem in der Modulation des Immunsystems und der Anregung der Regeneration von Geweben und Blutgef\u00e4\u00dfen durch Zytokine besteht. Da Arteriosklerose sowohl eine entz\u00fcndliche, als auch degenerative Komponente hat, liegt der Einsatz mesenchymaler Stammzellen zur Therapie nahe.<\/p>\n<p>Die mesenchymalen Stammzellen werden aus einer kleinen Portion Fett isoliert, die durch eine Fettabsaugung gewonnen wird. Unmittelbar darauf werden die Stammzellen in die betroffenen Gebiete bzw. systemische injiziert. Wenn die Stammzellen bzw. von ihnen ausgesch\u00fcttete Zytokine die Regeneration der Blutgef\u00e4\u00dfe anregen, kann eine Besserung der Durchblutungsst\u00f6rungen erreicht werden. Dieser regenerative Effekt mesenchymaler Stammzellen wird mittlerweile durch einer Reihe von Studien belegt.<\/p>\n","protected":false},"excerpt":{"rendered":"<p>Arteriosklerose oder Atherosklerose wird auch Arterienverkalkung genannt. Dabei kommt es in den Arterien zu Ablagerungen von Blutfetten, Thromben und Bindegewebe. In geringeren Mengen wird auch Calciumphosphat in die Gef\u00e4\u00dfw\u00e4nde eingelagert. Die durch Arteriosklerose verursachten Durchblutungsst\u00f6rungen sind die h\u00e4ufigste Todesursache in der westlichen Welt. Die Erkrankung entwickelt sich langsam, h\u00e4ufig \u00fcber Jahrzehnte, ohne Symptome. Schlie\u00dflich kann\u2026<span class=\"moretag-separator\">&nbsp;\u00b7 <\/span><a class=\"moretag\" href=\"https:\/\/swissclinics.net\/de\/behandlungen\/arteriosklerose\/\">Weiterlesen&nbsp;\u00bb<\/a><\/p>\n","protected":false},"author":9,"featured_media":0,"parent":32,"menu_order":0,"comment_status":"closed","ping_status":"closed","template":"","meta":{"footnotes":""},"class_list":["post-178","page","type-page","status-publish","hentry"],"yoast_head":"<!-- This site is optimized with the Yoast SEO plugin v27.4 - https:\/\/yoast.com\/product\/yoast-seo-wordpress\/ -->\n<title>Behandlung von Arteriosklerose (Arterienverkalkung) &#183; Swiss Clinics<\/title>\n<meta name=\"description\" content=\"Behandlungsm\u00f6glichkeiten f\u00fcr Arterienverkalkung (Arteriosklerose, Atherosklerose) mit Stent und Stammzelltherapie mit k\u00f6rpereigenen Stammzellen aus Fett.\" \/>\n<meta name=\"robots\" content=\"index, follow, max-snippet:-1, max-image-preview:large, max-video-preview:-1\" \/>\n<link rel=\"canonical\" href=\"https:\/\/swissclinics.net\/de\/behandlungen\/arteriosklerose\/\" \/>\n<meta property=\"og:locale\" content=\"de_DE\" \/>\n<meta property=\"og:type\" content=\"article\" \/>\n<meta property=\"og:title\" content=\"Behandlung von Arteriosklerose (Arterienverkalkung) &#183; Swiss Clinics\" \/>\n<meta property=\"og:description\" content=\"Behandlungsm\u00f6glichkeiten f\u00fcr Arterienverkalkung (Arteriosklerose, Atherosklerose) mit Stent und Stammzelltherapie mit k\u00f6rpereigenen Stammzellen aus Fett.\" \/>\n<meta property=\"og:url\" content=\"https:\/\/swissclinics.net\/de\/behandlungen\/arteriosklerose\/\" \/>\n<meta property=\"og:site_name\" content=\"Swiss Clinics\" \/>\n<meta property=\"article:publisher\" content=\"https:\/\/www.facebook.com\/swissclinics\/\" \/>\n<meta property=\"article:modified_time\" content=\"2017-07-04T09:49:12+00:00\" \/>\n<meta name=\"twitter:card\" content=\"summary_large_image\" \/>\n<meta name=\"twitter:label1\" content=\"Gesch\u00e4tzte Lesezeit\" \/>\n\t<meta name=\"twitter:data1\" content=\"3\u00a0Minuten\" \/>\n<script type=\"application\/ld+json\" class=\"yoast-schema-graph\">{\"@context\":\"https:\\\/\\\/schema.org\",\"@graph\":[{\"@type\":\"WebPage\",\"@id\":\"https:\\\/\\\/swissclinics.net\\\/de\\\/behandlungen\\\/arteriosklerose\\\/\",\"url\":\"https:\\\/\\\/swissclinics.net\\\/de\\\/behandlungen\\\/arteriosklerose\\\/\",\"name\":\"Behandlung von Arteriosklerose (Arterienverkalkung) &#183; Swiss Clinics\",\"isPartOf\":{\"@id\":\"https:\\\/\\\/swissclinics.net\\\/de\\\/#website\"},\"datePublished\":\"2016-06-22T22:00:20+00:00\",\"dateModified\":\"2017-07-04T09:49:12+00:00\",\"description\":\"Behandlungsm\u00f6glichkeiten f\u00fcr Arterienverkalkung (Arteriosklerose, Atherosklerose) mit Stent und Stammzelltherapie mit k\u00f6rpereigenen Stammzellen aus Fett.\",\"breadcrumb\":{\"@id\":\"https:\\\/\\\/swissclinics.net\\\/de\\\/behandlungen\\\/arteriosklerose\\\/#breadcrumb\"},\"inLanguage\":\"de\",\"potentialAction\":[{\"@type\":\"ReadAction\",\"target\":[\"https:\\\/\\\/swissclinics.net\\\/de\\\/behandlungen\\\/arteriosklerose\\\/\"]}]},{\"@type\":\"BreadcrumbList\",\"@id\":\"https:\\\/\\\/swissclinics.net\\\/de\\\/behandlungen\\\/arteriosklerose\\\/#breadcrumb\",\"itemListElement\":[{\"@type\":\"ListItem\",\"position\":1,\"name\":\"Home\",\"item\":\"https:\\\/\\\/swissclinics.net\\\/de\\\/\"},{\"@type\":\"ListItem\",\"position\":2,\"name\":\"Behandlungen\",\"item\":\"https:\\\/\\\/swissclinics.net\\\/de\\\/behandlungen\\\/\"},{\"@type\":\"ListItem\",\"position\":3,\"name\":\"Arteriosklerose\"}]},{\"@type\":\"WebSite\",\"@id\":\"https:\\\/\\\/swissclinics.net\\\/de\\\/#website\",\"url\":\"https:\\\/\\\/swissclinics.net\\\/de\\\/\",\"name\":\"Swiss Clinics\",\"description\":\"Medizin mit Schweizer Qualit\u00e4t.\",\"potentialAction\":[{\"@type\":\"SearchAction\",\"target\":{\"@type\":\"EntryPoint\",\"urlTemplate\":\"https:\\\/\\\/swissclinics.net\\\/de\\\/?s={search_term_string}\"},\"query-input\":{\"@type\":\"PropertyValueSpecification\",\"valueRequired\":true,\"valueName\":\"search_term_string\"}}],\"inLanguage\":\"de\"}]}<\/script>\n<!-- \/ Yoast SEO plugin. -->","yoast_head_json":{"title":"Behandlung von Arteriosklerose (Arterienverkalkung) &#183; Swiss Clinics","description":"Behandlungsm\u00f6glichkeiten f\u00fcr Arterienverkalkung (Arteriosklerose, Atherosklerose) mit Stent und Stammzelltherapie mit k\u00f6rpereigenen Stammzellen aus Fett.","robots":{"index":"index","follow":"follow","max-snippet":"max-snippet:-1","max-image-preview":"max-image-preview:large","max-video-preview":"max-video-preview:-1"},"canonical":"https:\/\/swissclinics.net\/de\/behandlungen\/arteriosklerose\/","og_locale":"de_DE","og_type":"article","og_title":"Behandlung von Arteriosklerose (Arterienverkalkung) &#183; Swiss Clinics","og_description":"Behandlungsm\u00f6glichkeiten f\u00fcr Arterienverkalkung (Arteriosklerose, Atherosklerose) mit Stent und Stammzelltherapie mit k\u00f6rpereigenen Stammzellen aus Fett.","og_url":"https:\/\/swissclinics.net\/de\/behandlungen\/arteriosklerose\/","og_site_name":"Swiss Clinics","article_publisher":"https:\/\/www.facebook.com\/swissclinics\/","article_modified_time":"2017-07-04T09:49:12+00:00","twitter_card":"summary_large_image","twitter_misc":{"Gesch\u00e4tzte Lesezeit":"3\u00a0Minuten"},"schema":{"@context":"https:\/\/schema.org","@graph":[{"@type":"WebPage","@id":"https:\/\/swissclinics.net\/de\/behandlungen\/arteriosklerose\/","url":"https:\/\/swissclinics.net\/de\/behandlungen\/arteriosklerose\/","name":"Behandlung von Arteriosklerose (Arterienverkalkung) &#183; Swiss Clinics","isPartOf":{"@id":"https:\/\/swissclinics.net\/de\/#website"},"datePublished":"2016-06-22T22:00:20+00:00","dateModified":"2017-07-04T09:49:12+00:00","description":"Behandlungsm\u00f6glichkeiten f\u00fcr Arterienverkalkung (Arteriosklerose, Atherosklerose) mit Stent und Stammzelltherapie mit k\u00f6rpereigenen Stammzellen aus Fett.","breadcrumb":{"@id":"https:\/\/swissclinics.net\/de\/behandlungen\/arteriosklerose\/#breadcrumb"},"inLanguage":"de","potentialAction":[{"@type":"ReadAction","target":["https:\/\/swissclinics.net\/de\/behandlungen\/arteriosklerose\/"]}]},{"@type":"BreadcrumbList","@id":"https:\/\/swissclinics.net\/de\/behandlungen\/arteriosklerose\/#breadcrumb","itemListElement":[{"@type":"ListItem","position":1,"name":"Home","item":"https:\/\/swissclinics.net\/de\/"},{"@type":"ListItem","position":2,"name":"Behandlungen","item":"https:\/\/swissclinics.net\/de\/behandlungen\/"},{"@type":"ListItem","position":3,"name":"Arteriosklerose"}]},{"@type":"WebSite","@id":"https:\/\/swissclinics.net\/de\/#website","url":"https:\/\/swissclinics.net\/de\/","name":"Swiss Clinics","description":"Medizin mit Schweizer Qualit\u00e4t.","potentialAction":[{"@type":"SearchAction","target":{"@type":"EntryPoint","urlTemplate":"https:\/\/swissclinics.net\/de\/?s={search_term_string}"},"query-input":{"@type":"PropertyValueSpecification","valueRequired":true,"valueName":"search_term_string"}}],"inLanguage":"de"}]}},"_links":{"self":[{"href":"https:\/\/swissclinics.net\/de\/wp-json\/wp\/v2\/pages\/178","targetHints":{"allow":["GET"]}}],"collection":[{"href":"https:\/\/swissclinics.net\/de\/wp-json\/wp\/v2\/pages"}],"about":[{"href":"https:\/\/swissclinics.net\/de\/wp-json\/wp\/v2\/types\/page"}],"author":[{"embeddable":true,"href":"https:\/\/swissclinics.net\/de\/wp-json\/wp\/v2\/users\/9"}],"replies":[{"embeddable":true,"href":"https:\/\/swissclinics.net\/de\/wp-json\/wp\/v2\/comments?post=178"}],"version-history":[{"count":9,"href":"https:\/\/swissclinics.net\/de\/wp-json\/wp\/v2\/pages\/178\/revisions"}],"predecessor-version":[{"id":732,"href":"https:\/\/swissclinics.net\/de\/wp-json\/wp\/v2\/pages\/178\/revisions\/732"}],"up":[{"embeddable":true,"href":"https:\/\/swissclinics.net\/de\/wp-json\/wp\/v2\/pages\/32"}],"wp:attachment":[{"href":"https:\/\/swissclinics.net\/de\/wp-json\/wp\/v2\/media?parent=178"}],"curies":[{"name":"wp","href":"https:\/\/api.w.org\/{rel}","templated":true}]}}