{"id":172,"date":"2016-06-22T15:27:40","date_gmt":"2016-06-22T13:27:40","guid":{"rendered":"https:\/\/swissclinics.net\/de\/?page_id=172"},"modified":"2017-07-04T11:03:26","modified_gmt":"2017-07-04T09:03:26","slug":"rheumatismus","status":"publish","type":"page","link":"https:\/\/swissclinics.net\/de\/behandlungen\/rheumatismus\/","title":{"rendered":"Rheumatismus"},"content":{"rendered":"<p><strong>Rheumatismus<\/strong>, kurz genannt <strong>\u201eRheuma\u201c<\/strong>, ist ein Sammelbegriff f\u00fcr Schmerzzust\u00e4nde im Bereich des Bewegungsapparates, der Skelett, Muskeln und Gelenke umfasst. Zus\u00e4tzlich kommt es zu einer krankheitsbedingten Funktionseinschr\u00e4nkung, wodurch die Lebensqualit\u00e4t der Betroffenen h\u00e4ufig beeintr\u00e4chtigt wird.<\/p>\n<p>Im Zentrum des Krankheitsbildes Rheumatismus, das \u00fcber 400 Erkrankungen umfasst, stehen entz\u00fcndete Gelenke, die von k\u00f6rpereigenen Immunzellen angegriffen werden. Anfangs kommt es zu einer schmerzhaften Schwellung, die anschlie\u00dfend zu einer Wucherung und Verformung des Gelenksgewebes f\u00fchrt. Im Endstadium geht die gesamte Gelenksfunktion verloren.<\/p>\n<p>Trotz umfangreicher Forschung ist die Ursache von rheumatoiden Erkrankungen noch nicht vollst\u00e4ndig gekl\u00e4rt. Man geht von einer genetischen Veranlagung aus, die beispielsweise auch bei der rheumatoiden Arthritis eine gro\u00dfe Rolle spielt. Dabei handelt es sich um eine Autoimmunerkrankung, bei der sich das Immunsystem gegen k\u00f6rpereigenes Gelenksgewebe richtet.<\/p>\n<h2>Herk\u00f6mmliche Behandlung von Rheumatismus<\/h2>\n<p>Die herk\u00f6mmliche Behandlung von rheumatoiden Erkrankungen st\u00fctzt sich auf drei S\u00e4ulen:<\/p>\n<p>Die erste Ma\u00dfnahme besteht in der Gabe von Medikamenten. Immunsuppressiva und Schmerzmittel werden verabreicht, um die gest\u00f6rte k\u00f6rpereigene Immunabwehr zu hemmen und die Symptome der Krankheit zu lindern. Gleichzeitig wird die Sch\u00e4digung der betroffenen Strukturen des Bewegungsapparates verlangsamt und so seine Funktionsf\u00e4higkeit aufrechterhalten.<\/p>\n<p>Zus\u00e4tzlich zur medikament\u00f6sen Therapie erfolgt oft eine Physiotherapie, um die gelenksf\u00fchrende Muskulatur zu unterst\u00fctzen und die Beweglichkeit der Gelenke zu erhalten. W\u00e4hrend eines entz\u00fcndlichen rheumatischen Schubes muss eine Physiotherapie jedoch besonders schonend durchgef\u00fchrt oder sogar g\u00e4nzlich unterlassen werden, um die Stimulation weiterer entz\u00fcndlicher Reize zu vermeiden.<\/p>\n<p>Im Rahmen einer Ergotherapie werden verlorengegangene F\u00e4higkeiten wiedererlernt oder noch vorhandene F\u00e4higkeiten gef\u00f6rdert, um dem betroffenen Patienten m\u00f6glichst lange einen selbstst\u00e4ndigen Alltag zu erm\u00f6glichen.<\/p>\n<p>Sollte die Kombination aus medikament\u00f6ser und physikalischer Therapie keine ausreichenden Erfolge zeigen, gibt es die M\u00f6glichkeit eines operativen Eingriffes, um irreversiblen Sch\u00e4den am Bewegungsapparat vorzubeugen. Im Rahmen der Operation werden entz\u00fcndete bzw. bereits zerst\u00f6rte Gelenkanteile entfernt, um so im optimalen Fall Beschwerdefreiheit zu erzielen. In schwereren F\u00e4llen ist jedoch letztlich der Ersatz des gesch\u00e4digten Gelenks durch eine Gelenksprothese oder eine operative Gelenksversteifung notwendig. Diese invasiven Eingriffe unter Vollnarkose sind f\u00fcr den Patienten aber auch mit Risiken verbunden.<\/p>\n<h2>Stammzelltherapie bei Rheumatismus<\/h2>\n<p>Mesenchymale Stammzellen (MSC) bzw. Stromal Vascular Fraction (SVF), gewonnen aus dem K\u00f6rperfett des Patienten, bieten einen neuen Ansatz zur Therapie rheumatischer Erkrankungen. Im Falle der rheumatoiden Arthritis wurden bereits im Rahmen von Studien erfolgreiche Behandlungen mit Stammzellen durchgef\u00fchrt.<\/p>\n<p>Stammzellen gelten als Vorl\u00e4uferzellen aller fertigen Zellen im K\u00f6rper. Heute wissen wir, dass die Wirkungsweise der mesenchymalen Stammzellen vor allem in der Modulation des Immunsystems und der Anregung der Regeneration von Geweben und Blutgef\u00e4\u00dfen durch Zytokine besteht. Der Einsatz von Stammzellen in der Rheumatherapie ist besonders naheliegend, da eine gest\u00f6rte Immunantwort urs\u00e4chlich f\u00fcr rheumatische Erkrankungen ist. Dar\u00fcber hinaus k\u00f6nnen die Stammzellen Reparaturmechanismen in den gesch\u00e4digte K\u00f6rperstrukturen in Gang setzen.<\/p>\n<p>Die f\u00fcr die Therapie ben\u00f6tigten Stammzellen werden aus einer kleinen Fettmenge des Patienten isoliert, die mittels Fettabsaugung gewonnen wird. W\u00e4hrend des Eingriffs werden sie lokal in den Bereich der betroffenen K\u00f6rperregion injiziert, um dort ihren entz\u00fcndungshemmenden und regenerierenden Effekt auf das benachbarte Gewebe zu entfalten. Der gesamte Eingriff ist ambulant und in \u00f6rtlicher Bet\u00e4ubung m\u00f6glich.<\/p>\n","protected":false},"excerpt":{"rendered":"<p>Rheumatismus, kurz genannt \u201eRheuma\u201c, ist ein Sammelbegriff f\u00fcr Schmerzzust\u00e4nde im Bereich des Bewegungsapparates, der Skelett, Muskeln und Gelenke umfasst. Zus\u00e4tzlich kommt es zu einer krankheitsbedingten Funktionseinschr\u00e4nkung, wodurch die Lebensqualit\u00e4t der Betroffenen h\u00e4ufig beeintr\u00e4chtigt wird. Im Zentrum des Krankheitsbildes Rheumatismus, das \u00fcber 400 Erkrankungen umfasst, stehen entz\u00fcndete Gelenke, die von k\u00f6rpereigenen Immunzellen angegriffen werden. Anfangs kommt\u2026<span class=\"moretag-separator\">&nbsp;\u00b7 <\/span><a class=\"moretag\" href=\"https:\/\/swissclinics.net\/de\/behandlungen\/rheumatismus\/\">Weiterlesen&nbsp;\u00bb<\/a><\/p>\n","protected":false},"author":9,"featured_media":592,"parent":32,"menu_order":0,"comment_status":"closed","ping_status":"closed","template":"","meta":{"footnotes":""},"class_list":["post-172","page","type-page","status-publish","has-post-thumbnail","hentry"],"yoast_head":"<!-- This site is optimized with the Yoast SEO plugin v27.4 - https:\/\/yoast.com\/product\/yoast-seo-wordpress\/ -->\n<title>Behandlung von Rheumatismus (Rheuma) der Gelenke &#183; Swiss Clinics<\/title>\n<meta name=\"description\" content=\"Behandlungsm\u00f6glichkeiten f\u00fcr chronische Gelenksschmerzen (Rheuma) mit herk\u00f6mmlicher Therapie und Stammzellen aus dem Fettgewebe (SVF) des Patienten.\" \/>\n<meta name=\"robots\" content=\"index, follow, max-snippet:-1, max-image-preview:large, max-video-preview:-1\" \/>\n<link rel=\"canonical\" href=\"https:\/\/swissclinics.net\/de\/behandlungen\/rheumatismus\/\" \/>\n<meta property=\"og:locale\" content=\"de_DE\" \/>\n<meta property=\"og:type\" content=\"article\" \/>\n<meta property=\"og:title\" content=\"Behandlung von Rheumatismus (Rheuma) der Gelenke &#183; Swiss Clinics\" \/>\n<meta property=\"og:description\" content=\"Behandlungsm\u00f6glichkeiten f\u00fcr chronische Gelenksschmerzen (Rheuma) mit herk\u00f6mmlicher Therapie und Stammzellen aus dem Fettgewebe (SVF) des Patienten.\" \/>\n<meta property=\"og:url\" content=\"https:\/\/swissclinics.net\/de\/behandlungen\/rheumatismus\/\" \/>\n<meta property=\"og:site_name\" content=\"Swiss Clinics\" \/>\n<meta property=\"article:publisher\" content=\"https:\/\/www.facebook.com\/swissclinics\/\" \/>\n<meta property=\"article:modified_time\" content=\"2017-07-04T09:03:26+00:00\" \/>\n<meta property=\"og:image\" content=\"https:\/\/swissclinics.net\/de\/wp-content\/uploads\/sites\/3\/rheumatismus.jpg\" \/>\n\t<meta property=\"og:image:width\" content=\"640\" \/>\n\t<meta property=\"og:image:height\" content=\"851\" \/>\n\t<meta property=\"og:image:type\" content=\"image\/jpeg\" \/>\n<meta name=\"twitter:card\" content=\"summary_large_image\" \/>\n<meta name=\"twitter:label1\" content=\"Gesch\u00e4tzte Lesezeit\" \/>\n\t<meta name=\"twitter:data1\" content=\"3\u00a0Minuten\" \/>\n<script type=\"application\/ld+json\" class=\"yoast-schema-graph\">{\"@context\":\"https:\\\/\\\/schema.org\",\"@graph\":[{\"@type\":\"WebPage\",\"@id\":\"https:\\\/\\\/swissclinics.net\\\/de\\\/behandlungen\\\/rheumatismus\\\/\",\"url\":\"https:\\\/\\\/swissclinics.net\\\/de\\\/behandlungen\\\/rheumatismus\\\/\",\"name\":\"Behandlung von Rheumatismus (Rheuma) der Gelenke &#183; Swiss Clinics\",\"isPartOf\":{\"@id\":\"https:\\\/\\\/swissclinics.net\\\/de\\\/#website\"},\"primaryImageOfPage\":{\"@id\":\"https:\\\/\\\/swissclinics.net\\\/de\\\/behandlungen\\\/rheumatismus\\\/#primaryimage\"},\"image\":{\"@id\":\"https:\\\/\\\/swissclinics.net\\\/de\\\/behandlungen\\\/rheumatismus\\\/#primaryimage\"},\"thumbnailUrl\":\"https:\\\/\\\/swissclinics.net\\\/de\\\/wp-content\\\/uploads\\\/sites\\\/3\\\/rheumatismus.jpg\",\"datePublished\":\"2016-06-22T13:27:40+00:00\",\"dateModified\":\"2017-07-04T09:03:26+00:00\",\"description\":\"Behandlungsm\u00f6glichkeiten f\u00fcr chronische Gelenksschmerzen (Rheuma) mit herk\u00f6mmlicher Therapie und Stammzellen aus dem Fettgewebe (SVF) des Patienten.\",\"breadcrumb\":{\"@id\":\"https:\\\/\\\/swissclinics.net\\\/de\\\/behandlungen\\\/rheumatismus\\\/#breadcrumb\"},\"inLanguage\":\"de\",\"potentialAction\":[{\"@type\":\"ReadAction\",\"target\":[\"https:\\\/\\\/swissclinics.net\\\/de\\\/behandlungen\\\/rheumatismus\\\/\"]}]},{\"@type\":\"ImageObject\",\"inLanguage\":\"de\",\"@id\":\"https:\\\/\\\/swissclinics.net\\\/de\\\/behandlungen\\\/rheumatismus\\\/#primaryimage\",\"url\":\"https:\\\/\\\/swissclinics.net\\\/de\\\/wp-content\\\/uploads\\\/sites\\\/3\\\/rheumatismus.jpg\",\"contentUrl\":\"https:\\\/\\\/swissclinics.net\\\/de\\\/wp-content\\\/uploads\\\/sites\\\/3\\\/rheumatismus.jpg\",\"width\":640,\"height\":851},{\"@type\":\"BreadcrumbList\",\"@id\":\"https:\\\/\\\/swissclinics.net\\\/de\\\/behandlungen\\\/rheumatismus\\\/#breadcrumb\",\"itemListElement\":[{\"@type\":\"ListItem\",\"position\":1,\"name\":\"Home\",\"item\":\"https:\\\/\\\/swissclinics.net\\\/de\\\/\"},{\"@type\":\"ListItem\",\"position\":2,\"name\":\"Behandlungen\",\"item\":\"https:\\\/\\\/swissclinics.net\\\/de\\\/behandlungen\\\/\"},{\"@type\":\"ListItem\",\"position\":3,\"name\":\"Rheumatismus\"}]},{\"@type\":\"WebSite\",\"@id\":\"https:\\\/\\\/swissclinics.net\\\/de\\\/#website\",\"url\":\"https:\\\/\\\/swissclinics.net\\\/de\\\/\",\"name\":\"Swiss Clinics\",\"description\":\"Medizin mit Schweizer Qualit\u00e4t.\",\"potentialAction\":[{\"@type\":\"SearchAction\",\"target\":{\"@type\":\"EntryPoint\",\"urlTemplate\":\"https:\\\/\\\/swissclinics.net\\\/de\\\/?s={search_term_string}\"},\"query-input\":{\"@type\":\"PropertyValueSpecification\",\"valueRequired\":true,\"valueName\":\"search_term_string\"}}],\"inLanguage\":\"de\"}]}<\/script>\n<!-- \/ Yoast SEO plugin. -->","yoast_head_json":{"title":"Behandlung von Rheumatismus (Rheuma) der Gelenke &#183; Swiss Clinics","description":"Behandlungsm\u00f6glichkeiten f\u00fcr chronische Gelenksschmerzen (Rheuma) mit herk\u00f6mmlicher Therapie und Stammzellen aus dem Fettgewebe (SVF) des Patienten.","robots":{"index":"index","follow":"follow","max-snippet":"max-snippet:-1","max-image-preview":"max-image-preview:large","max-video-preview":"max-video-preview:-1"},"canonical":"https:\/\/swissclinics.net\/de\/behandlungen\/rheumatismus\/","og_locale":"de_DE","og_type":"article","og_title":"Behandlung von Rheumatismus (Rheuma) der Gelenke &#183; Swiss Clinics","og_description":"Behandlungsm\u00f6glichkeiten f\u00fcr chronische Gelenksschmerzen (Rheuma) mit herk\u00f6mmlicher Therapie und Stammzellen aus dem Fettgewebe (SVF) des Patienten.","og_url":"https:\/\/swissclinics.net\/de\/behandlungen\/rheumatismus\/","og_site_name":"Swiss Clinics","article_publisher":"https:\/\/www.facebook.com\/swissclinics\/","article_modified_time":"2017-07-04T09:03:26+00:00","og_image":[{"width":640,"height":851,"url":"https:\/\/swissclinics.net\/de\/wp-content\/uploads\/sites\/3\/rheumatismus.jpg","type":"image\/jpeg"}],"twitter_card":"summary_large_image","twitter_misc":{"Gesch\u00e4tzte Lesezeit":"3\u00a0Minuten"},"schema":{"@context":"https:\/\/schema.org","@graph":[{"@type":"WebPage","@id":"https:\/\/swissclinics.net\/de\/behandlungen\/rheumatismus\/","url":"https:\/\/swissclinics.net\/de\/behandlungen\/rheumatismus\/","name":"Behandlung von Rheumatismus (Rheuma) der Gelenke &#183; Swiss Clinics","isPartOf":{"@id":"https:\/\/swissclinics.net\/de\/#website"},"primaryImageOfPage":{"@id":"https:\/\/swissclinics.net\/de\/behandlungen\/rheumatismus\/#primaryimage"},"image":{"@id":"https:\/\/swissclinics.net\/de\/behandlungen\/rheumatismus\/#primaryimage"},"thumbnailUrl":"https:\/\/swissclinics.net\/de\/wp-content\/uploads\/sites\/3\/rheumatismus.jpg","datePublished":"2016-06-22T13:27:40+00:00","dateModified":"2017-07-04T09:03:26+00:00","description":"Behandlungsm\u00f6glichkeiten f\u00fcr chronische Gelenksschmerzen (Rheuma) mit herk\u00f6mmlicher Therapie und Stammzellen aus dem Fettgewebe (SVF) des Patienten.","breadcrumb":{"@id":"https:\/\/swissclinics.net\/de\/behandlungen\/rheumatismus\/#breadcrumb"},"inLanguage":"de","potentialAction":[{"@type":"ReadAction","target":["https:\/\/swissclinics.net\/de\/behandlungen\/rheumatismus\/"]}]},{"@type":"ImageObject","inLanguage":"de","@id":"https:\/\/swissclinics.net\/de\/behandlungen\/rheumatismus\/#primaryimage","url":"https:\/\/swissclinics.net\/de\/wp-content\/uploads\/sites\/3\/rheumatismus.jpg","contentUrl":"https:\/\/swissclinics.net\/de\/wp-content\/uploads\/sites\/3\/rheumatismus.jpg","width":640,"height":851},{"@type":"BreadcrumbList","@id":"https:\/\/swissclinics.net\/de\/behandlungen\/rheumatismus\/#breadcrumb","itemListElement":[{"@type":"ListItem","position":1,"name":"Home","item":"https:\/\/swissclinics.net\/de\/"},{"@type":"ListItem","position":2,"name":"Behandlungen","item":"https:\/\/swissclinics.net\/de\/behandlungen\/"},{"@type":"ListItem","position":3,"name":"Rheumatismus"}]},{"@type":"WebSite","@id":"https:\/\/swissclinics.net\/de\/#website","url":"https:\/\/swissclinics.net\/de\/","name":"Swiss Clinics","description":"Medizin mit Schweizer Qualit\u00e4t.","potentialAction":[{"@type":"SearchAction","target":{"@type":"EntryPoint","urlTemplate":"https:\/\/swissclinics.net\/de\/?s={search_term_string}"},"query-input":{"@type":"PropertyValueSpecification","valueRequired":true,"valueName":"search_term_string"}}],"inLanguage":"de"}]}},"_links":{"self":[{"href":"https:\/\/swissclinics.net\/de\/wp-json\/wp\/v2\/pages\/172","targetHints":{"allow":["GET"]}}],"collection":[{"href":"https:\/\/swissclinics.net\/de\/wp-json\/wp\/v2\/pages"}],"about":[{"href":"https:\/\/swissclinics.net\/de\/wp-json\/wp\/v2\/types\/page"}],"author":[{"embeddable":true,"href":"https:\/\/swissclinics.net\/de\/wp-json\/wp\/v2\/users\/9"}],"replies":[{"embeddable":true,"href":"https:\/\/swissclinics.net\/de\/wp-json\/wp\/v2\/comments?post=172"}],"version-history":[{"count":10,"href":"https:\/\/swissclinics.net\/de\/wp-json\/wp\/v2\/pages\/172\/revisions"}],"predecessor-version":[{"id":753,"href":"https:\/\/swissclinics.net\/de\/wp-json\/wp\/v2\/pages\/172\/revisions\/753"}],"up":[{"embeddable":true,"href":"https:\/\/swissclinics.net\/de\/wp-json\/wp\/v2\/pages\/32"}],"wp:featuredmedia":[{"embeddable":true,"href":"https:\/\/swissclinics.net\/de\/wp-json\/wp\/v2\/media\/592"}],"wp:attachment":[{"href":"https:\/\/swissclinics.net\/de\/wp-json\/wp\/v2\/media?parent=172"}],"curies":[{"name":"wp","href":"https:\/\/api.w.org\/{rel}","templated":true}]}}