{"id":140,"date":"2016-06-21T15:41:48","date_gmt":"2016-06-21T13:41:48","guid":{"rendered":"https:\/\/swissclinics.net\/de\/?page_id=140"},"modified":"2017-07-04T09:51:10","modified_gmt":"2017-07-04T07:51:10","slug":"fibromyalgie","status":"publish","type":"page","link":"https:\/\/swissclinics.net\/de\/behandlungen\/fibromyalgie\/","title":{"rendered":"Fibromyalgie"},"content":{"rendered":"<p><strong>Fibromyalgie<\/strong>, was \u00fcbersetzt so viel wie <strong>Faser-Muskel-Schmerz<\/strong> bedeutet, ist eine chronische Krankheit, die Schmerzen an der Muskulatur und dem Bindegewebe hervorruft. Fibromyalgie ist ein relativ weit verbreitetes Leiden, an der Frauen etwa neun mal h\u00e4ufiger erkranken als M\u00e4nner.<\/p>\n<p>Symptome sind chronischer Muskel- und Faserschmerz sowie Druckschmerz an mehreren bestimmten Druckpunkten, die \u00fcber den gesamten K\u00f6rper verteilt sind. Psychische Symptome wie andauernde M\u00fcdigkeit, Konzentrationsschw\u00e4che, Ersch\u00f6pfung und Schlafst\u00f6rung sind ebenfalls h\u00e4ufig und treten in unterschiedlichen St\u00e4rken auf.<\/p>\n<p>Auch wenn sich der Schmerz ab einer gewissen Stufe nicht mehr verschlimmert, ist eine Behandlung wichtig. Die Patienten m\u00fcssen lernen, mit der Krankheit umzugehen, denn auch die Psyche wird dadurch stark belastet. Viele Patienten sp\u00fcren gro\u00dfe Schmerzen, die sie h\u00e4ufig darin behindern, ihrer Arbeit und Hobbies nachzugehen und ein soziales Leben zu f\u00fchren. Das soziale Umfeld hingegen versteht die Krankheit oft nicht und es kann bei Patienten zu Isolation und Depression kommen.<\/p>\n<p>Die genaue Ursache der Fibromyalgie ist nicht bekannt, aber wir wissen heute, dass Fibromyalgie eine autoimmunologisch verursachte Krankheit ist, die dem rheumatischen Formenkreis zugerechnet wird. Auch unbekannte Faktoren wie etwa eine gest\u00f6rte Schmerzwahrnehmung k\u00f6nnen eine Rolle spielen. Es gibt derzeit keine Heilung der Fibromyalgie und oft verl\u00e4uft die Krankheit behandlungsresistent. Die richtige Therapie kann jedoch die Symptome lindern.<\/p>\n<h2>Therapie der Fibromyalgie<\/h2>\n<p>Je fr\u00fcher die Diagnose gestellt und eine Therapie begonnen wird, desto gr\u00f6\u00dfer sind die Chancen, die Symptome zu lindern. Die meisten Patienten werden aber nie ganz symptomfrei sein. Daher ist es wichtig, dem Patienten zu vermitteln, wie er mit dem Schmerz umgehen muss.<\/p>\n<p>Der behandelnde Arzt kann eine Mischung aus Medikamenten, Sporttherapie und Funktionstraining, physikalischer Therapie, Entspannungsmethoden, psychologischen Ma\u00dfnahmen und Ern\u00e4hrungstherapie anwenden. So l\u00e4sst sich Medikamentenmissbrauch einschr\u00e4nken und der Patient bleibt eigenst\u00e4ndig.<\/p>\n<p>Die wirksamen Medikamente gegen Fibromyalgie sind haupts\u00e4chlich Antidepressiva oder starke Schmerzmittel, beide sehr stark suchterzeugend, weshalb eine Medikamententherapie schwierig sein kann.<\/p>\n<p>Bei der Sporttherapie wird zu allererst das Herz-Kreislauf-System angesteuert. Durch langsam steigende Trainingsintensivit\u00e4t kann bei vielen Patienten eine Verbesserung der Situation eintreten. Au\u00dferdem werden gezielt jene Muskeln und Gelenke angesprochen, die besonders betroffen sind, um R\u00fcckbildungen zu vermeiden.<\/p>\n<p>Physikalische Therapien sind beschr\u00e4nkte hei\u00dfe oder hydroelektrische B\u00e4der. Zur Entspannung sollte der Patient meditieren, Yoga machen und sich weitere Entspannungsmethoden aneignen.<\/p>\n<p>Behandlungserfolge k\u00f6nnen auch durch spezielle Di\u00e4ten eintreten. Sobald die Di\u00e4t allerdings nicht mehr eingehalten wird, kommen auch die Schmerzen in der Regel zur\u00fcck.<\/p>\n<h2>Stammzelltherapie bei Fibromyalgie<\/h2>\n<p>Mesenchymale Stammzellen (MSC) bzw. Stromal Vascular Fraction (SVF), gewonnen aus Eigenfett des Patienten, k\u00f6nnen zur Behandlung von Fibromyalgie genutzt werden. Stammzellen gelten als die Vorl\u00e4uferzellen aller fertigen K\u00f6rperzellen. Heute wissen wir, dass die Wirkungsweise der mesenchymalen Stammzellen vor allem in der Modulation des Immunsystems und der Anregung der Regeneration von Geweben und Blutgef\u00e4\u00dfen durch Zytokine besteht.<\/p>\n<p>Durch eine Fettabsaugung, Gewinnung der mesenchymalen Stammzellen und Einspritzen in die betroffenen Gebiete besteht die Hoffnung, eine Besserung der Fibromyalgie zu bewirken. Dies ist zur Zeit noch \u201eanekdotische Evidenz\u201c, denn gr\u00f6\u00dfere Studien zur Behandlung von Fibromyalgie mit Stammzellen gibt es noch nicht. Allerdings haben Stammzellen bereits bei einigen Autoimmunerkrankungen hoffnungsvolle Ergebnisse gezeigt, z.B. bei Amyotropher Lateralsklerose.<\/p>\n","protected":false},"excerpt":{"rendered":"<p>Fibromyalgie, was \u00fcbersetzt so viel wie Faser-Muskel-Schmerz bedeutet, ist eine chronische Krankheit, die Schmerzen an der Muskulatur und dem Bindegewebe hervorruft. Fibromyalgie ist ein relativ weit verbreitetes Leiden, an der Frauen etwa neun mal h\u00e4ufiger erkranken als M\u00e4nner. Symptome sind chronischer Muskel- und Faserschmerz sowie Druckschmerz an mehreren bestimmten Druckpunkten, die \u00fcber den gesamten K\u00f6rper\u2026<span class=\"moretag-separator\">&nbsp;\u00b7 <\/span><a class=\"moretag\" href=\"https:\/\/swissclinics.net\/de\/behandlungen\/fibromyalgie\/\">Weiterlesen&nbsp;\u00bb<\/a><\/p>\n","protected":false},"author":9,"featured_media":0,"parent":32,"menu_order":0,"comment_status":"closed","ping_status":"closed","template":"","meta":{"footnotes":""},"class_list":["post-140","page","type-page","status-publish","hentry"],"yoast_head":"<!-- This site is optimized with the Yoast SEO plugin v27.2 - https:\/\/yoast.com\/product\/yoast-seo-wordpress\/ -->\n<title>Behandlung von Fibromyalgie (Faser-Muskel-Schmerz) &#183; Swiss Clinics<\/title>\n<meta name=\"description\" content=\"Behandlungsm\u00f6glichkeiten von Fibromyalgie (Faser-Muskel-Schmerz) mit herk\u00f6mmlichen Methoden und Stammzellen aus dem Fettgewebe (SVF) des Patienten.\" \/>\n<meta name=\"robots\" content=\"index, follow, max-snippet:-1, max-image-preview:large, max-video-preview:-1\" \/>\n<link rel=\"canonical\" href=\"https:\/\/swissclinics.net\/de\/behandlungen\/fibromyalgie\/\" \/>\n<meta property=\"og:locale\" content=\"de_DE\" \/>\n<meta property=\"og:type\" content=\"article\" \/>\n<meta property=\"og:title\" content=\"Behandlung von Fibromyalgie (Faser-Muskel-Schmerz) &#183; Swiss Clinics\" \/>\n<meta property=\"og:description\" content=\"Behandlungsm\u00f6glichkeiten von Fibromyalgie (Faser-Muskel-Schmerz) mit herk\u00f6mmlichen Methoden und Stammzellen aus dem Fettgewebe (SVF) des Patienten.\" \/>\n<meta property=\"og:url\" content=\"https:\/\/swissclinics.net\/de\/behandlungen\/fibromyalgie\/\" \/>\n<meta property=\"og:site_name\" content=\"Swiss Clinics\" \/>\n<meta property=\"article:publisher\" content=\"https:\/\/www.facebook.com\/swissclinics\/\" \/>\n<meta property=\"article:modified_time\" content=\"2017-07-04T07:51:10+00:00\" \/>\n<meta name=\"twitter:card\" content=\"summary_large_image\" \/>\n<meta name=\"twitter:label1\" content=\"Gesch\u00e4tzte Lesezeit\" \/>\n\t<meta name=\"twitter:data1\" content=\"3\u00a0Minuten\" \/>\n<script type=\"application\/ld+json\" class=\"yoast-schema-graph\">{\"@context\":\"https:\/\/schema.org\",\"@graph\":[{\"@type\":\"WebPage\",\"@id\":\"https:\/\/swissclinics.net\/de\/behandlungen\/fibromyalgie\/\",\"url\":\"https:\/\/swissclinics.net\/de\/behandlungen\/fibromyalgie\/\",\"name\":\"Behandlung von Fibromyalgie (Faser-Muskel-Schmerz) &#183; Swiss Clinics\",\"isPartOf\":{\"@id\":\"https:\/\/swissclinics.net\/de\/#website\"},\"datePublished\":\"2016-06-21T13:41:48+00:00\",\"dateModified\":\"2017-07-04T07:51:10+00:00\",\"description\":\"Behandlungsm\u00f6glichkeiten von Fibromyalgie (Faser-Muskel-Schmerz) mit herk\u00f6mmlichen Methoden und Stammzellen aus dem Fettgewebe (SVF) des Patienten.\",\"breadcrumb\":{\"@id\":\"https:\/\/swissclinics.net\/de\/behandlungen\/fibromyalgie\/#breadcrumb\"},\"inLanguage\":\"de\",\"potentialAction\":[{\"@type\":\"ReadAction\",\"target\":[\"https:\/\/swissclinics.net\/de\/behandlungen\/fibromyalgie\/\"]}]},{\"@type\":\"BreadcrumbList\",\"@id\":\"https:\/\/swissclinics.net\/de\/behandlungen\/fibromyalgie\/#breadcrumb\",\"itemListElement\":[{\"@type\":\"ListItem\",\"position\":1,\"name\":\"Home\",\"item\":\"https:\/\/swissclinics.net\/de\/\"},{\"@type\":\"ListItem\",\"position\":2,\"name\":\"Behandlungen\",\"item\":\"https:\/\/swissclinics.net\/de\/behandlungen\/\"},{\"@type\":\"ListItem\",\"position\":3,\"name\":\"Fibromyalgie\"}]},{\"@type\":\"WebSite\",\"@id\":\"https:\/\/swissclinics.net\/de\/#website\",\"url\":\"https:\/\/swissclinics.net\/de\/\",\"name\":\"Swiss Clinics\",\"description\":\"Medizin mit Schweizer Qualit\u00e4t.\",\"potentialAction\":[{\"@type\":\"SearchAction\",\"target\":{\"@type\":\"EntryPoint\",\"urlTemplate\":\"https:\/\/swissclinics.net\/de\/?s={search_term_string}\"},\"query-input\":{\"@type\":\"PropertyValueSpecification\",\"valueRequired\":true,\"valueName\":\"search_term_string\"}}],\"inLanguage\":\"de\"}]}<\/script>\n<!-- \/ Yoast SEO plugin. -->","yoast_head_json":{"title":"Behandlung von Fibromyalgie (Faser-Muskel-Schmerz) &#183; Swiss Clinics","description":"Behandlungsm\u00f6glichkeiten von Fibromyalgie (Faser-Muskel-Schmerz) mit herk\u00f6mmlichen Methoden und Stammzellen aus dem Fettgewebe (SVF) des Patienten.","robots":{"index":"index","follow":"follow","max-snippet":"max-snippet:-1","max-image-preview":"max-image-preview:large","max-video-preview":"max-video-preview:-1"},"canonical":"https:\/\/swissclinics.net\/de\/behandlungen\/fibromyalgie\/","og_locale":"de_DE","og_type":"article","og_title":"Behandlung von Fibromyalgie (Faser-Muskel-Schmerz) &#183; Swiss Clinics","og_description":"Behandlungsm\u00f6glichkeiten von Fibromyalgie (Faser-Muskel-Schmerz) mit herk\u00f6mmlichen Methoden und Stammzellen aus dem Fettgewebe (SVF) des Patienten.","og_url":"https:\/\/swissclinics.net\/de\/behandlungen\/fibromyalgie\/","og_site_name":"Swiss Clinics","article_publisher":"https:\/\/www.facebook.com\/swissclinics\/","article_modified_time":"2017-07-04T07:51:10+00:00","twitter_card":"summary_large_image","twitter_misc":{"Gesch\u00e4tzte Lesezeit":"3\u00a0Minuten"},"schema":{"@context":"https:\/\/schema.org","@graph":[{"@type":"WebPage","@id":"https:\/\/swissclinics.net\/de\/behandlungen\/fibromyalgie\/","url":"https:\/\/swissclinics.net\/de\/behandlungen\/fibromyalgie\/","name":"Behandlung von Fibromyalgie (Faser-Muskel-Schmerz) &#183; Swiss Clinics","isPartOf":{"@id":"https:\/\/swissclinics.net\/de\/#website"},"datePublished":"2016-06-21T13:41:48+00:00","dateModified":"2017-07-04T07:51:10+00:00","description":"Behandlungsm\u00f6glichkeiten von Fibromyalgie (Faser-Muskel-Schmerz) mit herk\u00f6mmlichen Methoden und Stammzellen aus dem Fettgewebe (SVF) des Patienten.","breadcrumb":{"@id":"https:\/\/swissclinics.net\/de\/behandlungen\/fibromyalgie\/#breadcrumb"},"inLanguage":"de","potentialAction":[{"@type":"ReadAction","target":["https:\/\/swissclinics.net\/de\/behandlungen\/fibromyalgie\/"]}]},{"@type":"BreadcrumbList","@id":"https:\/\/swissclinics.net\/de\/behandlungen\/fibromyalgie\/#breadcrumb","itemListElement":[{"@type":"ListItem","position":1,"name":"Home","item":"https:\/\/swissclinics.net\/de\/"},{"@type":"ListItem","position":2,"name":"Behandlungen","item":"https:\/\/swissclinics.net\/de\/behandlungen\/"},{"@type":"ListItem","position":3,"name":"Fibromyalgie"}]},{"@type":"WebSite","@id":"https:\/\/swissclinics.net\/de\/#website","url":"https:\/\/swissclinics.net\/de\/","name":"Swiss Clinics","description":"Medizin mit Schweizer Qualit\u00e4t.","potentialAction":[{"@type":"SearchAction","target":{"@type":"EntryPoint","urlTemplate":"https:\/\/swissclinics.net\/de\/?s={search_term_string}"},"query-input":{"@type":"PropertyValueSpecification","valueRequired":true,"valueName":"search_term_string"}}],"inLanguage":"de"}]}},"_links":{"self":[{"href":"https:\/\/swissclinics.net\/de\/wp-json\/wp\/v2\/pages\/140","targetHints":{"allow":["GET"]}}],"collection":[{"href":"https:\/\/swissclinics.net\/de\/wp-json\/wp\/v2\/pages"}],"about":[{"href":"https:\/\/swissclinics.net\/de\/wp-json\/wp\/v2\/types\/page"}],"author":[{"embeddable":true,"href":"https:\/\/swissclinics.net\/de\/wp-json\/wp\/v2\/users\/9"}],"replies":[{"embeddable":true,"href":"https:\/\/swissclinics.net\/de\/wp-json\/wp\/v2\/comments?post=140"}],"version-history":[{"count":10,"href":"https:\/\/swissclinics.net\/de\/wp-json\/wp\/v2\/pages\/140\/revisions"}],"predecessor-version":[{"id":743,"href":"https:\/\/swissclinics.net\/de\/wp-json\/wp\/v2\/pages\/140\/revisions\/743"}],"up":[{"embeddable":true,"href":"https:\/\/swissclinics.net\/de\/wp-json\/wp\/v2\/pages\/32"}],"wp:attachment":[{"href":"https:\/\/swissclinics.net\/de\/wp-json\/wp\/v2\/media?parent=140"}],"curies":[{"name":"wp","href":"https:\/\/api.w.org\/{rel}","templated":true}]}}