{"id":136,"date":"2016-06-21T14:50:25","date_gmt":"2016-06-21T12:50:25","guid":{"rendered":"https:\/\/swissclinics.net\/de\/?page_id=136"},"modified":"2017-07-04T09:28:14","modified_gmt":"2017-07-04T07:28:14","slug":"amyotrophe-lateralsklerose","status":"publish","type":"page","link":"https:\/\/swissclinics.net\/de\/behandlungen\/amyotrophe-lateralsklerose\/","title":{"rendered":"Amyotrophe Lateralsklerose (ALS)"},"content":{"rendered":"<p><strong>Amyotrophe Lateralsklerose<\/strong> (<strong>ALS<\/strong>), auch <strong>ALS-Krankheit<\/strong> oder <strong>Lateralsklerose<\/strong> genannt, ist eine chronische, entz\u00fcndlich-degenerative Erkrankung des zentralen Nervensystems, die kontinuierlich die f\u00fcr die Bewegung zust\u00e4ndigen Nervenzellen (Motoneuronen) zerst\u00f6rt. Durch die Degeneration der Nervenzellen kommt es zu spastischen L\u00e4hmungen, Muskelschw\u00e4che und daraufhin Muskelschwund.<\/p>\n<p>Die eigentliche Ursache ist ungekl\u00e4rt. Eine gewisse erbliche Disposition scheint bei manchen Formen der ALS zu bestehen, es gibt aber auch die sporadische Form. Bei der endemischen Form kommt es zu einer massiven H\u00e4ufung in bestimmten Regionen (z.B. auf der Insel Guam). Grunds\u00e4tzlich ist ALS eine sehr seltene Krankheit, einer von 100.000 Menschen ist laut Statistik betroffen.<\/p>\n<p>Auch wird immer wieder eine Verbindung mit der Aufnahme von Aluminium behauptet, was von den Herstellern von Getr\u00e4nkedosen aber abgestritten wird. M\u00f6glicherweise bewirken \u00e4u\u00dferliche Faktoren bei vorhandener erblicher Neigung eine chronische Entz\u00fcndung, wobei die Immunzellen die Nervenzellen angreifen und zerst\u00f6ren.<\/p>\n<p>Der Krankheitsverlauf ist unterschiedlich schnell fortschreitend (progredient), das hei\u00dft, in fr\u00fchen Stadien der Krankheit kommt es zu lokalen Nervensch\u00e4digungen, die sich in sp\u00e4teren Stadien immer weiter auf die \u00fcbrigen Nerven im K\u00f6rper ausbreiten. Der Verlauf entscheidet \u00fcber die Prognose.<\/p>\n<p>Bei der <strong>Prim\u00e4ren Lateralsklerose (PLS) <\/strong>handelt es sich um eine neurodegenerative Erkrankung der oberen Motoneuronen, die f\u00fcr eine gutartige Verlaufsform der ALS gehalten wird. Im Gegensatz zu ALS ist die Lebenserwartung unbeeintr\u00e4chtigt und der Verlauf meist eher gutartig. Ursache ist m\u00f6glicherweise eine fehlerhafte Autoimmunreaktion. Die Erkrankung ist nicht famili\u00e4r veranlagt, beginnt meist zwischen dem 40. Und 60. Lebensjahr und \u00e4u\u00dfert sich als langsam fortschreitendes Pyramidenbahn-Syndrom. Erste Symptome sind oft Kr\u00e4mpfe in den Beinen, manchmal auch Sprach- und Schluckst\u00f6rungen. Im Verlauf kann PLS in eine L\u00e4hmung von Beinen und Armen m\u00fcnden, auch zwanghaftes Lachen und Weinen k\u00f6nnen auftreten. Neben einer rein symptomatischen Behandlung kommt, wie auch bei ALS, ein Behandlungsversuch mit k\u00f6rpereigenen Stammzellen in Betracht.<\/p>\n<h2>Symptome und Verlauf der ALS<\/h2>\n<p>Durch die zunehmenden Bewegungs-, Schluck- und Sprachst\u00f6rungen sowie Schw\u00e4che und Ausfall der Kontrolle der Bewegung von Armen und Beinen kommt es zu einer wachsenden Einschr\u00e4nkung der Lebensqualit\u00e4t des Patienten. Grunds\u00e4tzlich k\u00f6nnen alle Muskeln bis auf Schlie\u00df-, Augen- und Herzmuskulatur betroffen sein. Das Empfinden von Sinneseindr\u00fccken wie Schmerz, Ber\u00fchrung, Temperatur, Geschmack oder T\u00f6nen bleibt in der Regel unbeeintr\u00e4chtigt.<\/p>\n<h2>Therapie der ALS<\/h2>\n<p>Schulmedizinisch gibt es zurzeit keine Heilung und die Behandlung beschr\u00e4nkt sich gr\u00f6\u00dftenteils auf die Linderung der Symptome. Der Tod wird oft durch die Entz\u00fcndung der Lunge hervorgerufen, die durch die L\u00e4hmung der Atemmuskulatur und den Verlust der Schluckfunktion beg\u00fcnstigt wird. Die \u00fcbliche Restlebenserwartung nach einer ALS-Diagnose betr\u00e4gt in der Regel 3 bis 5 Jahre.<\/p>\n<p>Um eine Verbesserung der Lebensqualit\u00e4t zu erreichen, wirkt man dem Krankheitsmechanismus medikament\u00f6s mit der Verabreichung von Riluzol entgegen.<\/p>\n<p>Symptomatische Behandlung beinhaltet Physiotherapie, meist kombiniert mit Ergotherapie und Logop\u00e4die. Bei der Physiotherapie geht es darum, verbleibende Muskelkraft zu sammeln und der nervlichen Unterversorgung der Muskulatur entgegenzuwirken, indem man durch Bewegung der betroffenen Stellen Reize setzt.<\/p>\n<p>Die Logop\u00e4die soll die Verst\u00e4ndlichkeit der Sprache verbessern und die restliche Schluckfunktion unterst\u00fctzen. Auch die Atemmuskulatur wird gezielt gest\u00e4rkt und angesteuert. Die ergotherapeutische Behandlung der ALS konzentriert sich vor allem auf eine F\u00f6rderung der Handfunktion.<\/p>\n<p>Fr\u00fcher oder sp\u00e4ter wird der Patient jedoch eine Situation der h\u00f6chsten Pflegestufe erreichen, einschlie\u00dflich k\u00fcnstlicher Beatmung. Um die Selbst\u00e4ndigkeit des Patienten zu gew\u00e4hrleisten, ist es daher sinnvoll, rechtzeitig eine Patientenverf\u00fcgung zu erstellen.<\/p>\n<h2>Stammzelltherapie bei ALS<\/h2>\n<p>Mesenchymale Stammzellen (MSC) bzw. Stromal Vascular Fraction (SVF), gewonnen aus k\u00f6rpereigenem Fettgewebe des Patienten, k\u00f6nnen im Rahmen einer experimentellen Therapie von ALS eingesetzt werden. Stammzellen gelten als Vorl\u00e4uferzellen aller fertigen Zellen im K\u00f6rper. Heute wissen wir, dass die Wirkungsweise der mesenchymalen Stammzellen vor allem in der Modulation des Immunsystems und der Anregung der Regeneration von Geweben und Blutgef\u00e4\u00dfen durch Zytokine besteht.<\/p>\n<p>Da Stammzellen bereits bei einigen Autoimmunerkrankungen hoffnungsvolle Ergebnisse gezeigt haben und ALS sowohl eine entz\u00fcndliche, als auch eine degenerative Komponente aufweist, liegt der Einsatz mesenchymaler Stammzellen auch bei der Amyotrophen Lateralsklerose nahe. Studien geben Hoffnung, dass durch Injektion mesenchymaler Stammzellen in die betroffenen Gebiete bzw. systemische Verabreichung die Progredienz vermindert werden kann. Die Stammzellen scheinen \u00fcber Zytokine die ortsgebundenen Stammzellen der Nervenzellen zur Regeneration anzuregen und k\u00f6nnten dadurch der Zerst\u00f6rung weiterer Motoneuronen entgegenwirken.<\/p>\n<p>Grunds\u00e4tzlich kann man Nervenzellen durch Stammzellen \u201ek\u00fcnstlich\u201c im Labor z\u00fcchten. Dabei stellt sich jedoch die Frage, wie man das im menschlichen K\u00f6rper realisieren kann und inwieweit es auf den Krankheitsverlauf der ALS eine Wirkung hat.<\/p>\n","protected":false},"excerpt":{"rendered":"<p>Amyotrophe Lateralsklerose (ALS), auch ALS-Krankheit oder Lateralsklerose genannt, ist eine chronische, entz\u00fcndlich-degenerative Erkrankung des zentralen Nervensystems, die kontinuierlich die f\u00fcr die Bewegung zust\u00e4ndigen Nervenzellen (Motoneuronen) zerst\u00f6rt. Durch die Degeneration der Nervenzellen kommt es zu spastischen L\u00e4hmungen, Muskelschw\u00e4che und daraufhin Muskelschwund. Die eigentliche Ursache ist ungekl\u00e4rt. Eine gewisse erbliche Disposition scheint bei manchen Formen der ALS\u2026<span class=\"moretag-separator\">&nbsp;\u00b7 <\/span><a class=\"moretag\" href=\"https:\/\/swissclinics.net\/de\/behandlungen\/amyotrophe-lateralsklerose\/\">Weiterlesen&nbsp;\u00bb<\/a><\/p>\n","protected":false},"author":9,"featured_media":0,"parent":32,"menu_order":0,"comment_status":"closed","ping_status":"closed","template":"","meta":{"footnotes":""},"class_list":["post-136","page","type-page","status-publish","hentry"],"yoast_head":"<!-- This site is optimized with the Yoast SEO plugin v27.2 - https:\/\/yoast.com\/product\/yoast-seo-wordpress\/ -->\n<title>Behandlung von Amyotropher Lateralsklerose (ALS) &#183; Swiss Clinics<\/title>\n<meta name=\"description\" content=\"Behandlung der Nervenerkrankung Amyotrophe Lateralsklerose (ALS) mit mesenchymalen Stammzellen und SVF aus dem k\u00f6rpereigenen Fett des Patienten.\" \/>\n<meta name=\"robots\" content=\"index, follow, max-snippet:-1, max-image-preview:large, max-video-preview:-1\" \/>\n<link rel=\"canonical\" href=\"https:\/\/swissclinics.net\/de\/behandlungen\/amyotrophe-lateralsklerose\/\" \/>\n<meta property=\"og:locale\" content=\"de_DE\" \/>\n<meta property=\"og:type\" content=\"article\" \/>\n<meta property=\"og:title\" content=\"Behandlung von Amyotropher Lateralsklerose (ALS) &#183; Swiss Clinics\" \/>\n<meta property=\"og:description\" content=\"Behandlung der Nervenerkrankung Amyotrophe Lateralsklerose (ALS) mit mesenchymalen Stammzellen und SVF aus dem k\u00f6rpereigenen Fett des Patienten.\" \/>\n<meta property=\"og:url\" content=\"https:\/\/swissclinics.net\/de\/behandlungen\/amyotrophe-lateralsklerose\/\" \/>\n<meta property=\"og:site_name\" content=\"Swiss Clinics\" \/>\n<meta property=\"article:publisher\" content=\"https:\/\/www.facebook.com\/swissclinics\/\" \/>\n<meta property=\"article:modified_time\" content=\"2017-07-04T07:28:14+00:00\" \/>\n<meta name=\"twitter:card\" content=\"summary_large_image\" \/>\n<meta name=\"twitter:label1\" content=\"Gesch\u00e4tzte Lesezeit\" \/>\n\t<meta name=\"twitter:data1\" content=\"4\u00a0Minuten\" \/>\n<script type=\"application\/ld+json\" class=\"yoast-schema-graph\">{\"@context\":\"https:\/\/schema.org\",\"@graph\":[{\"@type\":\"WebPage\",\"@id\":\"https:\/\/swissclinics.net\/de\/behandlungen\/amyotrophe-lateralsklerose\/\",\"url\":\"https:\/\/swissclinics.net\/de\/behandlungen\/amyotrophe-lateralsklerose\/\",\"name\":\"Behandlung von Amyotropher Lateralsklerose (ALS) &#183; Swiss Clinics\",\"isPartOf\":{\"@id\":\"https:\/\/swissclinics.net\/de\/#website\"},\"datePublished\":\"2016-06-21T12:50:25+00:00\",\"dateModified\":\"2017-07-04T07:28:14+00:00\",\"description\":\"Behandlung der Nervenerkrankung Amyotrophe Lateralsklerose (ALS) mit mesenchymalen Stammzellen und SVF aus dem k\u00f6rpereigenen Fett des Patienten.\",\"breadcrumb\":{\"@id\":\"https:\/\/swissclinics.net\/de\/behandlungen\/amyotrophe-lateralsklerose\/#breadcrumb\"},\"inLanguage\":\"de\",\"potentialAction\":[{\"@type\":\"ReadAction\",\"target\":[\"https:\/\/swissclinics.net\/de\/behandlungen\/amyotrophe-lateralsklerose\/\"]}]},{\"@type\":\"BreadcrumbList\",\"@id\":\"https:\/\/swissclinics.net\/de\/behandlungen\/amyotrophe-lateralsklerose\/#breadcrumb\",\"itemListElement\":[{\"@type\":\"ListItem\",\"position\":1,\"name\":\"Home\",\"item\":\"https:\/\/swissclinics.net\/de\/\"},{\"@type\":\"ListItem\",\"position\":2,\"name\":\"Behandlungen\",\"item\":\"https:\/\/swissclinics.net\/de\/behandlungen\/\"},{\"@type\":\"ListItem\",\"position\":3,\"name\":\"Amyotrophe Lateralsklerose (ALS)\"}]},{\"@type\":\"WebSite\",\"@id\":\"https:\/\/swissclinics.net\/de\/#website\",\"url\":\"https:\/\/swissclinics.net\/de\/\",\"name\":\"Swiss Clinics\",\"description\":\"Medizin mit Schweizer Qualit\u00e4t.\",\"potentialAction\":[{\"@type\":\"SearchAction\",\"target\":{\"@type\":\"EntryPoint\",\"urlTemplate\":\"https:\/\/swissclinics.net\/de\/?s={search_term_string}\"},\"query-input\":{\"@type\":\"PropertyValueSpecification\",\"valueRequired\":true,\"valueName\":\"search_term_string\"}}],\"inLanguage\":\"de\"}]}<\/script>\n<!-- \/ Yoast SEO plugin. -->","yoast_head_json":{"title":"Behandlung von Amyotropher Lateralsklerose (ALS) &#183; Swiss Clinics","description":"Behandlung der Nervenerkrankung Amyotrophe Lateralsklerose (ALS) mit mesenchymalen Stammzellen und SVF aus dem k\u00f6rpereigenen Fett des Patienten.","robots":{"index":"index","follow":"follow","max-snippet":"max-snippet:-1","max-image-preview":"max-image-preview:large","max-video-preview":"max-video-preview:-1"},"canonical":"https:\/\/swissclinics.net\/de\/behandlungen\/amyotrophe-lateralsklerose\/","og_locale":"de_DE","og_type":"article","og_title":"Behandlung von Amyotropher Lateralsklerose (ALS) &#183; Swiss Clinics","og_description":"Behandlung der Nervenerkrankung Amyotrophe Lateralsklerose (ALS) mit mesenchymalen Stammzellen und SVF aus dem k\u00f6rpereigenen Fett des Patienten.","og_url":"https:\/\/swissclinics.net\/de\/behandlungen\/amyotrophe-lateralsklerose\/","og_site_name":"Swiss Clinics","article_publisher":"https:\/\/www.facebook.com\/swissclinics\/","article_modified_time":"2017-07-04T07:28:14+00:00","twitter_card":"summary_large_image","twitter_misc":{"Gesch\u00e4tzte Lesezeit":"4\u00a0Minuten"},"schema":{"@context":"https:\/\/schema.org","@graph":[{"@type":"WebPage","@id":"https:\/\/swissclinics.net\/de\/behandlungen\/amyotrophe-lateralsklerose\/","url":"https:\/\/swissclinics.net\/de\/behandlungen\/amyotrophe-lateralsklerose\/","name":"Behandlung von Amyotropher Lateralsklerose (ALS) &#183; Swiss Clinics","isPartOf":{"@id":"https:\/\/swissclinics.net\/de\/#website"},"datePublished":"2016-06-21T12:50:25+00:00","dateModified":"2017-07-04T07:28:14+00:00","description":"Behandlung der Nervenerkrankung Amyotrophe Lateralsklerose (ALS) mit mesenchymalen Stammzellen und SVF aus dem k\u00f6rpereigenen Fett des Patienten.","breadcrumb":{"@id":"https:\/\/swissclinics.net\/de\/behandlungen\/amyotrophe-lateralsklerose\/#breadcrumb"},"inLanguage":"de","potentialAction":[{"@type":"ReadAction","target":["https:\/\/swissclinics.net\/de\/behandlungen\/amyotrophe-lateralsklerose\/"]}]},{"@type":"BreadcrumbList","@id":"https:\/\/swissclinics.net\/de\/behandlungen\/amyotrophe-lateralsklerose\/#breadcrumb","itemListElement":[{"@type":"ListItem","position":1,"name":"Home","item":"https:\/\/swissclinics.net\/de\/"},{"@type":"ListItem","position":2,"name":"Behandlungen","item":"https:\/\/swissclinics.net\/de\/behandlungen\/"},{"@type":"ListItem","position":3,"name":"Amyotrophe Lateralsklerose (ALS)"}]},{"@type":"WebSite","@id":"https:\/\/swissclinics.net\/de\/#website","url":"https:\/\/swissclinics.net\/de\/","name":"Swiss Clinics","description":"Medizin mit Schweizer Qualit\u00e4t.","potentialAction":[{"@type":"SearchAction","target":{"@type":"EntryPoint","urlTemplate":"https:\/\/swissclinics.net\/de\/?s={search_term_string}"},"query-input":{"@type":"PropertyValueSpecification","valueRequired":true,"valueName":"search_term_string"}}],"inLanguage":"de"}]}},"_links":{"self":[{"href":"https:\/\/swissclinics.net\/de\/wp-json\/wp\/v2\/pages\/136","targetHints":{"allow":["GET"]}}],"collection":[{"href":"https:\/\/swissclinics.net\/de\/wp-json\/wp\/v2\/pages"}],"about":[{"href":"https:\/\/swissclinics.net\/de\/wp-json\/wp\/v2\/types\/page"}],"author":[{"embeddable":true,"href":"https:\/\/swissclinics.net\/de\/wp-json\/wp\/v2\/users\/9"}],"replies":[{"embeddable":true,"href":"https:\/\/swissclinics.net\/de\/wp-json\/wp\/v2\/comments?post=136"}],"version-history":[{"count":12,"href":"https:\/\/swissclinics.net\/de\/wp-json\/wp\/v2\/pages\/136\/revisions"}],"predecessor-version":[{"id":728,"href":"https:\/\/swissclinics.net\/de\/wp-json\/wp\/v2\/pages\/136\/revisions\/728"}],"up":[{"embeddable":true,"href":"https:\/\/swissclinics.net\/de\/wp-json\/wp\/v2\/pages\/32"}],"wp:attachment":[{"href":"https:\/\/swissclinics.net\/de\/wp-json\/wp\/v2\/media?parent=136"}],"curies":[{"name":"wp","href":"https:\/\/api.w.org\/{rel}","templated":true}]}}