{"id":131,"date":"2016-06-21T14:30:00","date_gmt":"2016-06-21T12:30:00","guid":{"rendered":"https:\/\/swissclinics.net\/de\/?page_id=131"},"modified":"2018-02-01T16:43:46","modified_gmt":"2018-02-01T15:43:46","slug":"wundheilungsstoerung","status":"publish","type":"page","link":"https:\/\/swissclinics.net\/de\/behandlungen\/wundheilungsstoerung\/","title":{"rendered":"Wundheilungsst\u00f6rung"},"content":{"rendered":"<p>Als <strong>Wundheilungsst\u00f6rung<\/strong> bezeichnet man eine verz\u00f6gerte, unvollst\u00e4ndige oder atypische Heilung einer Verletzung. Die Ursachen f\u00fcr schlecht heilende Wunden k\u00f6nnen vielf\u00e4ltig sein. Erkrankungen wie Diabetes, Blutarmut, Durchblutungsst\u00f6rungen, Nikotinsucht oder eine Venenschw\u00e4che f\u00fchren zu einer verminderten Blutversorgung und damit allgemeiner schlechterer Verheilung einer Wunde. Diabetes kann dar\u00fcberhinaus durch die Einschr\u00e4nkung der sensiblen Nerven andauernde Verletzungen f\u00f6rdern, die durch die \u00dcberzuckerung des Gewebes schlecht heilen.<\/p>\n<p>Das Alter spielt auch eine bedeutende Rolle. Alte Menschen haben im Vergleich zu j\u00fcngeren Menschen grunds\u00e4tzlich eine schlechtere Durchblutung und ein geschw\u00e4chtes Immunsystem.<\/p>\n<p>Auch ein Mangel an Proteinen, Kohlenhydraten, Fetten, Vitaminen, Mineralien und Spurenelementen kann zu einer Wundheilungsst\u00f6rung f\u00fchren. Je gr\u00f6\u00dfer die Wunde ist, desto aufwendiger ist die Wundheilung f\u00fcr den K\u00f6rper und desto h\u00f6her ist der N\u00e4hrstoffbedarf. Au\u00dferdem kann die Einnahme von gewissen Medikamenten zu Wundheilungsst\u00f6rungen f\u00fchren.<\/p>\n<p>Neben diesen allgemeinen Faktoren gibt es noch diverse lokale Faktoren. Dazu geh\u00f6ren eine Infektion der Wunde, mangelnde Ruhigstellung, die Gr\u00f6\u00dfe der Wunde, Fremdk\u00f6rper in der Wunde, gespannte Wundr\u00e4nder, gro\u00dfe Bluterg\u00fcsse im Wundbereich und zu fr\u00fches Ziehen der F\u00e4den nach operativem Wundverschluss.<\/p>\n<p>Als Folge einer gest\u00f6rten Wundheilung k\u00f6nnen Geschw\u00fcre entstehen, die \u2013 etwa im Falle von Wundheilungsst\u00f6rungen infolge von Diabetes \u2013 eine massive Beeintr\u00e4chtigung des Patienten und seines Umfelds (durch die Geruchsentwicklung) bewirken k\u00f6nnen. Ferner kann es zu Infektionen kommen, deren Folgen bis hin zur Blutvergiftung gehen k\u00f6nnen. Diese Entz\u00fcndungen k\u00f6nnen sogar lebensbedrohlich sein. Manchmal ist es notwendig, entz\u00fcndete K\u00f6rperteile zu amputieren, um ein \u00dcbergreifen der Entz\u00fcndung auf den restlichen K\u00f6rper zu verhindern.<\/p>\n<p>Auch unansehnliche Narben k\u00f6nnen die Folge sein. Durch \u00fcbersch\u00fcssiges Wachstum von Narbengewebe kann es ferner zu einer sogenannten Wulstnarbe (Keloid) kommen. Diese un\u00e4sthetische Narbe kann bei den Betroffenen einen hohen psychischen Druck erzeugen und somit auch diverse psychologische Erkrankungen hervorrufen.<\/p>\n<h2>Behandlung einer Wundheilungsst\u00f6rung<\/h2>\n<p>Oberste Priorit\u00e4t hat die Reinigung der Wunde, um eine gef\u00e4hrliche Entz\u00fcndung oder Infektion zu verhindern. Eventuell muss das bereits abgestorbene Gewebe noch einmal operativ entfernt werden. Dann muss die Grunderkrankung, etwa Durchblutungsst\u00f6rungen oder Diabetes, behandelt werden<\/p>\n<p>Ansonsten wird die Wunde gen\u00e4ht, um die Wundr\u00e4nder zusammen zu f\u00fchren, und mit Kompressen abgedeckt, um sie vor \u00e4u\u00dferen Einfl\u00fcssen zu sch\u00fctzen. Neben diesen akuten Ma\u00dfnahmen gilt es, die Ursache der Wundheilungsst\u00f6rung zu lokalisieren und zu behandeln.<\/p>\n<p>Un\u00e4sthetische Wulstnarben lassen sich nur sehr schwer ohne Stammzellen behandeln. Jeglicher chirurgischer Eingriff f\u00fchrt zu einer weiteren, wom\u00f6glich noch gr\u00f6\u00dferen Narbe.<\/p>\n<h2>Stammzelltherapie bei einer Wundheilungsst\u00f6rung<\/h2>\n<p>K\u00f6rpereigene Stammzellen, sogenannte mesenchymale Stammzellen (MSC) bzw. Stromal Vascular Fraction (SVF), aus Fettgewebe k\u00f6nnen bei der Therapie einer Wundheilungsst\u00f6rung eingesetzt werden. Heute wissen wir, dass die Wirkungsweise der mesenchymalen Stammzellen vor allem in der Modulation des Immunsystems und der Anregung der Regeneration von Geweben und Blutgef\u00e4\u00dfen durch Zytokine besteht.<\/p>\n<p>Auch wenn die regenerative Wirkung noch nicht vollst\u00e4ndig erforscht ist, geben Studien berechtigten Anlass zur Hoffnung, dass diese Stammzellen, direkt auf die Wunde aufgetragen oder in ihr Umfeld injiziert, zu einer Neubildung von Blutgef\u00e4\u00dfen und einer besseren Gewebsregeneration f\u00fchren.<\/p>\n<h2>Behandlung von Narben mit Stammzellen<\/h2>\n<p>Un\u00e4sthetische Narben k\u00f6nnen nochmals ge\u00f6ffnet (chirurgisch revidiert) und \u00e4sthetisch sorgf\u00e4ltig wieder vern\u00e4ht werden. Die Unterspritzung mit mesenchymalen Stammzellen regt die Verheilung der Wunde an. Wenn die Haut besser heilt, kann daduch das \u00e4sthetische Aussehen der Narbe verbessert werden.<\/p>\n","protected":false},"excerpt":{"rendered":"<p>Als Wundheilungsst\u00f6rung bezeichnet man eine verz\u00f6gerte, unvollst\u00e4ndige oder atypische Heilung einer Verletzung. Die Ursachen f\u00fcr schlecht heilende Wunden k\u00f6nnen vielf\u00e4ltig sein. Erkrankungen wie Diabetes, Blutarmut, Durchblutungsst\u00f6rungen, Nikotinsucht oder eine Venenschw\u00e4che f\u00fchren zu einer verminderten Blutversorgung und damit allgemeiner schlechterer Verheilung einer Wunde. Diabetes kann dar\u00fcberhinaus durch die Einschr\u00e4nkung der sensiblen Nerven andauernde Verletzungen f\u00f6rdern, die\u2026<span class=\"moretag-separator\">&nbsp;\u00b7 <\/span><a class=\"moretag\" href=\"https:\/\/swissclinics.net\/de\/behandlungen\/wundheilungsstoerung\/\">Weiterlesen&nbsp;\u00bb<\/a><\/p>\n","protected":false},"author":9,"featured_media":0,"parent":32,"menu_order":0,"comment_status":"closed","ping_status":"closed","template":"","meta":{"footnotes":""},"class_list":["post-131","page","type-page","status-publish","hentry"],"yoast_head":"<!-- This site is optimized with the Yoast SEO plugin v27.2 - https:\/\/yoast.com\/product\/yoast-seo-wordpress\/ -->\n<title>Behandlung von Wundheilungsst\u00f6rungen und Narben &#183; Swiss Clinics<\/title>\n<meta name=\"description\" content=\"Behandlungsoptionen f\u00fcr schlecht heilende Wunden und Narben mit herk\u00f6mmlicher Therapie und Stammzelltherapie mit Stammzellen aus k\u00f6rpereigenem Fett.\" \/>\n<meta name=\"robots\" content=\"index, follow, max-snippet:-1, max-image-preview:large, max-video-preview:-1\" \/>\n<link rel=\"canonical\" href=\"https:\/\/swissclinics.net\/de\/behandlungen\/wundheilungsstoerung\/\" \/>\n<meta property=\"og:locale\" content=\"de_DE\" \/>\n<meta property=\"og:type\" content=\"article\" \/>\n<meta property=\"og:title\" content=\"Behandlung von Wundheilungsst\u00f6rungen und Narben &#183; Swiss Clinics\" \/>\n<meta property=\"og:description\" content=\"Behandlungsoptionen f\u00fcr schlecht heilende Wunden und Narben mit herk\u00f6mmlicher Therapie und Stammzelltherapie mit Stammzellen aus k\u00f6rpereigenem Fett.\" \/>\n<meta property=\"og:url\" content=\"https:\/\/swissclinics.net\/de\/behandlungen\/wundheilungsstoerung\/\" \/>\n<meta property=\"og:site_name\" content=\"Swiss Clinics\" \/>\n<meta property=\"article:publisher\" content=\"https:\/\/www.facebook.com\/swissclinics\/\" \/>\n<meta property=\"article:modified_time\" content=\"2018-02-01T15:43:46+00:00\" \/>\n<meta name=\"twitter:card\" content=\"summary_large_image\" \/>\n<meta name=\"twitter:label1\" content=\"Gesch\u00e4tzte Lesezeit\" \/>\n\t<meta name=\"twitter:data1\" content=\"3\u00a0Minuten\" \/>\n<script type=\"application\/ld+json\" class=\"yoast-schema-graph\">{\"@context\":\"https:\/\/schema.org\",\"@graph\":[{\"@type\":\"WebPage\",\"@id\":\"https:\/\/swissclinics.net\/de\/behandlungen\/wundheilungsstoerung\/\",\"url\":\"https:\/\/swissclinics.net\/de\/behandlungen\/wundheilungsstoerung\/\",\"name\":\"Behandlung von Wundheilungsst\u00f6rungen und Narben &#183; Swiss Clinics\",\"isPartOf\":{\"@id\":\"https:\/\/swissclinics.net\/de\/#website\"},\"datePublished\":\"2016-06-21T12:30:00+00:00\",\"dateModified\":\"2018-02-01T15:43:46+00:00\",\"description\":\"Behandlungsoptionen f\u00fcr schlecht heilende Wunden und Narben mit herk\u00f6mmlicher Therapie und Stammzelltherapie mit Stammzellen aus k\u00f6rpereigenem Fett.\",\"breadcrumb\":{\"@id\":\"https:\/\/swissclinics.net\/de\/behandlungen\/wundheilungsstoerung\/#breadcrumb\"},\"inLanguage\":\"de\",\"potentialAction\":[{\"@type\":\"ReadAction\",\"target\":[\"https:\/\/swissclinics.net\/de\/behandlungen\/wundheilungsstoerung\/\"]}]},{\"@type\":\"BreadcrumbList\",\"@id\":\"https:\/\/swissclinics.net\/de\/behandlungen\/wundheilungsstoerung\/#breadcrumb\",\"itemListElement\":[{\"@type\":\"ListItem\",\"position\":1,\"name\":\"Home\",\"item\":\"https:\/\/swissclinics.net\/de\/\"},{\"@type\":\"ListItem\",\"position\":2,\"name\":\"Behandlungen\",\"item\":\"https:\/\/swissclinics.net\/de\/behandlungen\/\"},{\"@type\":\"ListItem\",\"position\":3,\"name\":\"Wundheilungsst\u00f6rung\"}]},{\"@type\":\"WebSite\",\"@id\":\"https:\/\/swissclinics.net\/de\/#website\",\"url\":\"https:\/\/swissclinics.net\/de\/\",\"name\":\"Swiss Clinics\",\"description\":\"Medizin mit Schweizer Qualit\u00e4t.\",\"potentialAction\":[{\"@type\":\"SearchAction\",\"target\":{\"@type\":\"EntryPoint\",\"urlTemplate\":\"https:\/\/swissclinics.net\/de\/?s={search_term_string}\"},\"query-input\":{\"@type\":\"PropertyValueSpecification\",\"valueRequired\":true,\"valueName\":\"search_term_string\"}}],\"inLanguage\":\"de\"}]}<\/script>\n<!-- \/ Yoast SEO plugin. -->","yoast_head_json":{"title":"Behandlung von Wundheilungsst\u00f6rungen und Narben &#183; Swiss Clinics","description":"Behandlungsoptionen f\u00fcr schlecht heilende Wunden und Narben mit herk\u00f6mmlicher Therapie und Stammzelltherapie mit Stammzellen aus k\u00f6rpereigenem Fett.","robots":{"index":"index","follow":"follow","max-snippet":"max-snippet:-1","max-image-preview":"max-image-preview:large","max-video-preview":"max-video-preview:-1"},"canonical":"https:\/\/swissclinics.net\/de\/behandlungen\/wundheilungsstoerung\/","og_locale":"de_DE","og_type":"article","og_title":"Behandlung von Wundheilungsst\u00f6rungen und Narben &#183; Swiss Clinics","og_description":"Behandlungsoptionen f\u00fcr schlecht heilende Wunden und Narben mit herk\u00f6mmlicher Therapie und Stammzelltherapie mit Stammzellen aus k\u00f6rpereigenem Fett.","og_url":"https:\/\/swissclinics.net\/de\/behandlungen\/wundheilungsstoerung\/","og_site_name":"Swiss Clinics","article_publisher":"https:\/\/www.facebook.com\/swissclinics\/","article_modified_time":"2018-02-01T15:43:46+00:00","twitter_card":"summary_large_image","twitter_misc":{"Gesch\u00e4tzte Lesezeit":"3\u00a0Minuten"},"schema":{"@context":"https:\/\/schema.org","@graph":[{"@type":"WebPage","@id":"https:\/\/swissclinics.net\/de\/behandlungen\/wundheilungsstoerung\/","url":"https:\/\/swissclinics.net\/de\/behandlungen\/wundheilungsstoerung\/","name":"Behandlung von Wundheilungsst\u00f6rungen und Narben &#183; Swiss Clinics","isPartOf":{"@id":"https:\/\/swissclinics.net\/de\/#website"},"datePublished":"2016-06-21T12:30:00+00:00","dateModified":"2018-02-01T15:43:46+00:00","description":"Behandlungsoptionen f\u00fcr schlecht heilende Wunden und Narben mit herk\u00f6mmlicher Therapie und Stammzelltherapie mit Stammzellen aus k\u00f6rpereigenem Fett.","breadcrumb":{"@id":"https:\/\/swissclinics.net\/de\/behandlungen\/wundheilungsstoerung\/#breadcrumb"},"inLanguage":"de","potentialAction":[{"@type":"ReadAction","target":["https:\/\/swissclinics.net\/de\/behandlungen\/wundheilungsstoerung\/"]}]},{"@type":"BreadcrumbList","@id":"https:\/\/swissclinics.net\/de\/behandlungen\/wundheilungsstoerung\/#breadcrumb","itemListElement":[{"@type":"ListItem","position":1,"name":"Home","item":"https:\/\/swissclinics.net\/de\/"},{"@type":"ListItem","position":2,"name":"Behandlungen","item":"https:\/\/swissclinics.net\/de\/behandlungen\/"},{"@type":"ListItem","position":3,"name":"Wundheilungsst\u00f6rung"}]},{"@type":"WebSite","@id":"https:\/\/swissclinics.net\/de\/#website","url":"https:\/\/swissclinics.net\/de\/","name":"Swiss Clinics","description":"Medizin mit Schweizer Qualit\u00e4t.","potentialAction":[{"@type":"SearchAction","target":{"@type":"EntryPoint","urlTemplate":"https:\/\/swissclinics.net\/de\/?s={search_term_string}"},"query-input":{"@type":"PropertyValueSpecification","valueRequired":true,"valueName":"search_term_string"}}],"inLanguage":"de"}]}},"_links":{"self":[{"href":"https:\/\/swissclinics.net\/de\/wp-json\/wp\/v2\/pages\/131","targetHints":{"allow":["GET"]}}],"collection":[{"href":"https:\/\/swissclinics.net\/de\/wp-json\/wp\/v2\/pages"}],"about":[{"href":"https:\/\/swissclinics.net\/de\/wp-json\/wp\/v2\/types\/page"}],"author":[{"embeddable":true,"href":"https:\/\/swissclinics.net\/de\/wp-json\/wp\/v2\/users\/9"}],"replies":[{"embeddable":true,"href":"https:\/\/swissclinics.net\/de\/wp-json\/wp\/v2\/comments?post=131"}],"version-history":[{"count":11,"href":"https:\/\/swissclinics.net\/de\/wp-json\/wp\/v2\/pages\/131\/revisions"}],"predecessor-version":[{"id":815,"href":"https:\/\/swissclinics.net\/de\/wp-json\/wp\/v2\/pages\/131\/revisions\/815"}],"up":[{"embeddable":true,"href":"https:\/\/swissclinics.net\/de\/wp-json\/wp\/v2\/pages\/32"}],"wp:attachment":[{"href":"https:\/\/swissclinics.net\/de\/wp-json\/wp\/v2\/media?parent=131"}],"curies":[{"name":"wp","href":"https:\/\/api.w.org\/{rel}","templated":true}]}}