{"id":13,"date":"2016-06-03T14:50:47","date_gmt":"2016-06-03T14:50:47","guid":{"rendered":"http:\/\/swissclinics.net\/de\/?page_id=13"},"modified":"2017-09-29T22:34:21","modified_gmt":"2017-09-29T20:34:21","slug":"impressum","status":"publish","type":"page","link":"https:\/\/swissclinics.net\/de\/impressum\/","title":{"rendered":"Impressum"},"content":{"rendered":"<h2>Information gem\u00e4\u00df \u00a7 5 E-Commerce-Gesetz und<br \/>\nOffenlegung gem\u00e4\u00df \u00a7 25 Mediengesetz<\/h2>\n<p><strong>Diensteanbieter und Medieninhaber<\/strong><\/p>\n<p>DDr. Karl-Georg Heinrich<br \/>\nLandhausgasse 2<br \/>\nA\u20131010 Wien<\/p>\n<p>E-Mail: <a href=\"mailto:info@swissclinics.net\">info@swissclinics.net<\/a><br \/>\nWeb: <a href=\"https:\/\/swissclinics.net\/\">swissclinics.net<\/a><\/p>\n<p>Mitglied der \u00c4rztekammer f\u00fcr Wien<br \/>\nMitglied der Wirtschaftskammer f\u00fcr Wien<br \/>\nBerufsbezeichnung: Arzt f\u00fcr Allgemeinmedizin (verliehen in \u00d6sterreich)<br \/>\nT\u00e4tigkeit unterliegt dem \u00c4rztegesetz 1998 (siehe <a href=\"https:\/\/www.ris.bka.gv.at\/bundesrecht\" target=\"_blank\">www.ris.bka.gv.at\/bundesrecht<\/a>)<\/p>\n<p>UID-Nr.: ATU61103326<\/p>\n<p><a class=\"action\" href=\"https:\/\/swissclinics.net\/de\/kontakt\/\">Kontaktformular f\u00fcr Patientenanfragen<\/a><\/p>\n","protected":false},"excerpt":{"rendered":"<p>Information gem\u00e4\u00df \u00a7 5 E-Commerce-Gesetz und Offenlegung gem\u00e4\u00df \u00a7 25 Mediengesetz Diensteanbieter und Medieninhaber DDr. Karl-Georg Heinrich Landhausgasse 2 A\u20131010 Wien E-Mail: info@swissclinics.net Web: swissclinics.net Mitglied der \u00c4rztekammer f\u00fcr Wien Mitglied der Wirtschaftskammer f\u00fcr Wien Berufsbezeichnung: Arzt f\u00fcr Allgemeinmedizin (verliehen in \u00d6sterreich) T\u00e4tigkeit unterliegt dem \u00c4rztegesetz 1998 (siehe www.ris.bka.gv.at\/bundesrecht) UID-Nr.: ATU61103326 Kontaktformular f\u00fcr Patientenanfragen<\/p>\n","protected":false},"author":9,"featured_media":0,"parent":0,"menu_order":0,"comment_status":"closed","ping_status":"closed","template":"","meta":{"footnotes":""},"class_list":["post-13","page","type-page","status-publish","hentry"],"yoast_head":"<!-- This site is optimized with the Yoast SEO plugin v27.2 - https:\/\/yoast.com\/product\/yoast-seo-wordpress\/ -->\n<title>Impressum &#183; Swiss Clinics<\/title>\n<meta name=\"description\" content=\"Impressum und rechtliche Informationen zu Swiss Clinics.\" \/>\n<meta name=\"robots\" content=\"noindex, follow\" \/>\n<meta property=\"og:locale\" content=\"de_DE\" \/>\n<meta property=\"og:type\" content=\"article\" \/>\n<meta property=\"og:title\" content=\"Impressum &#183; Swiss Clinics\" \/>\n<meta property=\"og:description\" content=\"Impressum und rechtliche Informationen zu Swiss Clinics.\" \/>\n<meta property=\"og:url\" content=\"https:\/\/swissclinics.net\/de\/impressum\/\" \/>\n<meta property=\"og:site_name\" content=\"Swiss Clinics\" \/>\n<meta property=\"article:publisher\" content=\"https:\/\/www.facebook.com\/swissclinics\/\" \/>\n<meta property=\"article:modified_time\" content=\"2017-09-29T20:34:21+00:00\" \/>\n<meta name=\"twitter:card\" content=\"summary_large_image\" \/>\n<script type=\"application\/ld+json\" class=\"yoast-schema-graph\">{\"@context\":\"https:\/\/schema.org\",\"@graph\":[{\"@type\":\"WebPage\",\"@id\":\"https:\/\/swissclinics.net\/de\/impressum\/\",\"url\":\"https:\/\/swissclinics.net\/de\/impressum\/\",\"name\":\"Impressum &#183; Swiss Clinics\",\"isPartOf\":{\"@id\":\"https:\/\/swissclinics.net\/de\/#website\"},\"datePublished\":\"2016-06-03T14:50:47+00:00\",\"dateModified\":\"2017-09-29T20:34:21+00:00\",\"description\":\"Impressum und rechtliche Informationen zu Swiss Clinics.\",\"breadcrumb\":{\"@id\":\"https:\/\/swissclinics.net\/de\/impressum\/#breadcrumb\"},\"inLanguage\":\"de\",\"potentialAction\":[{\"@type\":\"ReadAction\",\"target\":[\"https:\/\/swissclinics.net\/de\/impressum\/\"]}]},{\"@type\":\"BreadcrumbList\",\"@id\":\"https:\/\/swissclinics.net\/de\/impressum\/#breadcrumb\",\"itemListElement\":[{\"@type\":\"ListItem\",\"position\":1,\"name\":\"Home\",\"item\":\"https:\/\/swissclinics.net\/de\/\"},{\"@type\":\"ListItem\",\"position\":2,\"name\":\"Impressum\"}]},{\"@type\":\"WebSite\",\"@id\":\"https:\/\/swissclinics.net\/de\/#website\",\"url\":\"https:\/\/swissclinics.net\/de\/\",\"name\":\"Swiss Clinics\",\"description\":\"Medizin mit Schweizer Qualit\u00e4t.\",\"potentialAction\":[{\"@type\":\"SearchAction\",\"target\":{\"@type\":\"EntryPoint\",\"urlTemplate\":\"https:\/\/swissclinics.net\/de\/?s={search_term_string}\"},\"query-input\":{\"@type\":\"PropertyValueSpecification\",\"valueRequired\":true,\"valueName\":\"search_term_string\"}}],\"inLanguage\":\"de\"}]}<\/script>\n<!-- \/ Yoast SEO plugin. -->","yoast_head_json":{"title":"Impressum &#183; Swiss Clinics","description":"Impressum und rechtliche Informationen zu Swiss Clinics.","robots":{"index":"noindex","follow":"follow"},"og_locale":"de_DE","og_type":"article","og_title":"Impressum &#183; Swiss Clinics","og_description":"Impressum und rechtliche Informationen zu Swiss Clinics.","og_url":"https:\/\/swissclinics.net\/de\/impressum\/","og_site_name":"Swiss Clinics","article_publisher":"https:\/\/www.facebook.com\/swissclinics\/","article_modified_time":"2017-09-29T20:34:21+00:00","twitter_card":"summary_large_image","schema":{"@context":"https:\/\/schema.org","@graph":[{"@type":"WebPage","@id":"https:\/\/swissclinics.net\/de\/impressum\/","url":"https:\/\/swissclinics.net\/de\/impressum\/","name":"Impressum &#183; Swiss Clinics","isPartOf":{"@id":"https:\/\/swissclinics.net\/de\/#website"},"datePublished":"2016-06-03T14:50:47+00:00","dateModified":"2017-09-29T20:34:21+00:00","description":"Impressum und rechtliche Informationen zu Swiss Clinics.","breadcrumb":{"@id":"https:\/\/swissclinics.net\/de\/impressum\/#breadcrumb"},"inLanguage":"de","potentialAction":[{"@type":"ReadAction","target":["https:\/\/swissclinics.net\/de\/impressum\/"]}]},{"@type":"BreadcrumbList","@id":"https:\/\/swissclinics.net\/de\/impressum\/#breadcrumb","itemListElement":[{"@type":"ListItem","position":1,"name":"Home","item":"https:\/\/swissclinics.net\/de\/"},{"@type":"ListItem","position":2,"name":"Impressum"}]},{"@type":"WebSite","@id":"https:\/\/swissclinics.net\/de\/#website","url":"https:\/\/swissclinics.net\/de\/","name":"Swiss Clinics","description":"Medizin mit Schweizer Qualit\u00e4t.","potentialAction":[{"@type":"SearchAction","target":{"@type":"EntryPoint","urlTemplate":"https:\/\/swissclinics.net\/de\/?s={search_term_string}"},"query-input":{"@type":"PropertyValueSpecification","valueRequired":true,"valueName":"search_term_string"}}],"inLanguage":"de"}]}},"_links":{"self":[{"href":"https:\/\/swissclinics.net\/de\/wp-json\/wp\/v2\/pages\/13","targetHints":{"allow":["GET"]}}],"collection":[{"href":"https:\/\/swissclinics.net\/de\/wp-json\/wp\/v2\/pages"}],"about":[{"href":"https:\/\/swissclinics.net\/de\/wp-json\/wp\/v2\/types\/page"}],"author":[{"embeddable":true,"href":"https:\/\/swissclinics.net\/de\/wp-json\/wp\/v2\/users\/9"}],"replies":[{"embeddable":true,"href":"https:\/\/swissclinics.net\/de\/wp-json\/wp\/v2\/comments?post=13"}],"version-history":[{"count":12,"href":"https:\/\/swissclinics.net\/de\/wp-json\/wp\/v2\/pages\/13\/revisions"}],"predecessor-version":[{"id":795,"href":"https:\/\/swissclinics.net\/de\/wp-json\/wp\/v2\/pages\/13\/revisions\/795"}],"wp:attachment":[{"href":"https:\/\/swissclinics.net\/de\/wp-json\/wp\/v2\/media?parent=13"}],"curies":[{"name":"wp","href":"https:\/\/api.w.org\/{rel}","templated":true}]}}