{"id":129,"date":"2016-06-21T14:22:51","date_gmt":"2016-06-21T12:22:51","guid":{"rendered":"https:\/\/swissclinics.net\/de\/?page_id=129"},"modified":"2017-07-04T10:26:09","modified_gmt":"2017-07-04T08:26:09","slug":"haarausfall-alopezie","status":"publish","type":"page","link":"https:\/\/swissclinics.net\/de\/behandlungen\/haarausfall-alopezie\/","title":{"rendered":"Haarausfall (Alopezie)"},"content":{"rendered":"<p>Der Mensch hat im Schnitt \u00fcber 100.000 Haare auf dem Kopf. Davon fallen ihm pro Tag etwa 70 bis 100 Kopfhaare aus. Beim gesunden Menschen regenerieren sich die Haare jedoch st\u00e4ndig und alte Haare werden durch neue ersetzt. Von einem <strong>krankhaften Haarausfall<\/strong> spricht man erst, wenn es zu sichtbaren Arealen der Haarlosigkeit kommt. Krankhafter Haarausfall kann sehr viele unterschiedliche Gr\u00fcnde haben und unterteilt sich in zahlreiche verschiedene Formen.<\/p>\n<p>Die wohl bekannteste Art des Haarausfalls ist die <strong>androgenetische Alopezie<\/strong>. Androgenetisch bedeutet hormonell bedingt. Die daf\u00fcr verantwortlichen Hormone werden mit fortschreitendem Alter, vermehrt bei M\u00e4nnern, ausgesch\u00fcttet. Erste Anzeichen sind die sogenannten \u201eGeheimratsecken\u201c, die bereits in der Jugend auftreten k\u00f6nnen und sich unter Umst\u00e4nden immer weiter ausbreiten, bis hin zu einer Glatze. Frauen k\u00f6nnen auch betroffen sein. Gerade in der Zeit der Wechseljahre kommt es bei einigen Frauen zu meist beschr\u00e4nktem Haarausfall.<\/p>\n<p>Wenn m\u00fcnzgro\u00dfe runde Stellen kahl bleiben, handelt es sich um die <strong>Alopecia areata<\/strong>. Die genaue Ursache f\u00fcr diese Art des Haarausfalls ist unbekannt, man vermutet aber, dass es sich dabei um eine St\u00f6rung des eigenen Immunsystems handelt, bei dem dieses die Haarwurzeln in einem bestimmten Bereich der Kopfhaut zerst\u00f6rt. In Deutschland leiden etwa eine Million Menschen unter dieser Art des Haarausfalls.<\/p>\n<p>Der Begriff <strong>diffuser Haarausfall<\/strong> beinhaltet alle m\u00f6glichen Ursachen f\u00fcr Haarausfall. Die wichtigsten weiteren Ursachen sind Schilddr\u00fcsenerkrankungen, Mangelversorgung durch Di\u00e4t und diverse Erkrankungen der Haut wie Syphilis oder bestimmte Pilze.<\/p>\n<h2>Therapie der Alopezie<\/h2>\n<p>Der freie Markt bietet sehr viele Mittel gegen Haarausfall. Grunds\u00e4tzlich sollte der Patient aber erst einmal \u00e4rztlich abkl\u00e4ren lassen, ob es sich tats\u00e4chlich um einen krankhaften Haarausfall handelt und was die Ursache daf\u00fcr ist.<\/p>\n<p>Bei der androgenen Alopezie umfasst die Standardbehandlung das Medikament Minoxidil. Minoxidil, eigentlich ein Mittel gegen Bluthochdruck, wird auf die Kopfhaut aufgetragen und wirkt wahrscheinlich durchblutungsf\u00f6rdernd. Das Ergebnis ist relativ rasch zu sehen. Allerdings muss der Patient das Medikament sehr strikt regelm\u00e4\u00dfig auftragen, da ansonsten die nachgewachsenen Haare wieder ausfallen.<\/p>\n<p>Die Alopecia areata wird anders behandelt und ist auf einzelne Areale beschr\u00e4nkt. Bei ausgepr\u00e4gtem Krankheitsbild werden die betroffenen kahlen Stellen mit Kortison eingerieben, um so die \u00fcberschie\u00dfende Immunreaktion im Behandlungsbereich zu unterdr\u00fccken.<\/p>\n<h2>Behandlung mit bioidentischen Hormonen und Nahrungserg\u00e4nzungen<\/h2>\n<p>Haarausfall kann, vor allem bei Frauen, ein Hinweis auf hormonelle Imbalance des K\u00f6rpers sein und entsprechend behandelt werden. Zuerst erfolgt eine genaue Analyse der Hormonspiegel des Patienten. Manche Imbalancen lassen sich durch Nahrungserg\u00e4nzungen oder Lebensstil\u00e4nderungen beheben. Sollte dies nicht ausreichen, werden bioidentische, das hei\u00dft, in ihrem chemischen Aufbau den k\u00f6rpereigenen Hormonen sehr verwandte Hormone verabreicht.<\/p>\n<h2>Stammzelltherapie bei Haarausfall<\/h2>\n<p>Mesenchymale Stammzellen (MSC) bzw. Stromal Vascular Fraction (SVF), gewonnen aus Eigenfett, k\u00f6nnen bei beiden Formen des Haarausfalls eingesetzt werden. Stammzellen gelten als Vorl\u00e4uferzellen aller fertigen Zellen im K\u00f6rper. Heute wissen wir, dass die Wirkungsweise der mesenchymalen Stammzellen vor allem in der Modulation des Immunsystems und der Anregung der Regeneration von Geweben und Blutgef\u00e4\u00dfen durch Zytokine besteht. Bei Alopecia areata liegt eine entz\u00fcndliche Komponente vor, wodurch eine Therapie mit Stammzellen naheliegt.<\/p>\n<p>Bei der diffusen Alopezie \u00fcberwiegt die degenerative Komponente, daher k\u00f6nnte auch hier der Einsatz von Stammzellen sinnvoll sein. Im Falle der androgenetischen Alopezie k\u00f6nnen Haarwurzeln sich offenbar nur in Arealen regenerieren, in denen noch vitale Haarfollikel vorhanden sind. Forscher der Universit\u00e4t Yale in den USA belegten, dass bei M\u00e4nnern mit androgener Alopezie zwar Stammzellen in der Kopfhaut vorhanden sind, diese allerdings ihre eigentliche Zentralfunktion verloren haben und nicht mehr f\u00e4hig sind, sich zu regenerieren. Inwieweit die Injektion von eigenen Stammzellen in die Kopfhaut auf die \u201eschlafenden\u201c Stammzellen wirkt, kann noch nicht eindeutig gesagt werden. Bei vollst\u00e4ndiger Glatze ist jedoch nach derzeitigem Wissensstand die Haartransplantation das Mittel der Wahl.<\/p>\n<p>Leider mangelt es bislang noch an aussagekr\u00e4ftigen Studien. Viele Forscher und \u00c4rzte erhoffen sich aber drastische Verbesserung und sehen in der Stammzelltherapie eine gro\u00dfe Chance f\u00fcr die zuk\u00fcnftige Art der Behandlung fast aller Arten der Alopezie.<\/p>\n<h2>Therapie mit Haartransplantation<\/h2>\n<p>Liegt eine vollst\u00e4ndige Glatze vor, ist zurzeit eine Haartransplantation n\u00f6tig, um Haarwuchs auf den kahlen Stellen zu bewirken. Dabei werden haartragenden Stellen der Kopfhaut einzelne Follikel oder Gruppen von Follikeln entnommen, die anschlie\u00dfend an die Stellen mit Glatze verpflanzt werden. Es gibt eine Reihe von Methoden der Haartransplantation. Am \u00e4sthetisch befriedigendsten, aber auch aufwendigsten ist die Methode, bei der einzelnen Haarfollikeln Teile entnommen werden, die dann \u2013 nach Aufbereitung in einer Stammzellsuspension \u2013 einzeln transplantiert werden.<\/p>\n","protected":false},"excerpt":{"rendered":"<p>Der Mensch hat im Schnitt \u00fcber 100.000 Haare auf dem Kopf. Davon fallen ihm pro Tag etwa 70 bis 100 Kopfhaare aus. Beim gesunden Menschen regenerieren sich die Haare jedoch st\u00e4ndig und alte Haare werden durch neue ersetzt. Von einem krankhaften Haarausfall spricht man erst, wenn es zu sichtbaren Arealen der Haarlosigkeit kommt. Krankhafter Haarausfall\u2026<span class=\"moretag-separator\">&nbsp;\u00b7 <\/span><a class=\"moretag\" href=\"https:\/\/swissclinics.net\/de\/behandlungen\/haarausfall-alopezie\/\">Weiterlesen&nbsp;\u00bb<\/a><\/p>\n","protected":false},"author":9,"featured_media":594,"parent":32,"menu_order":0,"comment_status":"closed","ping_status":"closed","template":"","meta":{"footnotes":""},"class_list":["post-129","page","type-page","status-publish","has-post-thumbnail","hentry"],"yoast_head":"<!-- This site is optimized with the Yoast SEO plugin v27.4 - https:\/\/yoast.com\/product\/yoast-seo-wordpress\/ -->\n<title>Neuer Haarwuchs bei Haarausfall (Alopezie) &#183; Swiss Clinics<\/title>\n<meta name=\"description\" content=\"Behandlungsoptionen f\u00fcr Haarausfall und d\u00fcnnes Haar mit Stammzellen aus Fett, Haartransplantation, Nahrungserg\u00e4nzungen und bioidentischen Hormonen (BHRT).\" \/>\n<meta name=\"robots\" content=\"index, follow, max-snippet:-1, max-image-preview:large, max-video-preview:-1\" \/>\n<link rel=\"canonical\" href=\"https:\/\/swissclinics.net\/de\/behandlungen\/haarausfall-alopezie\/\" \/>\n<meta property=\"og:locale\" content=\"de_DE\" \/>\n<meta property=\"og:type\" content=\"article\" \/>\n<meta property=\"og:title\" content=\"Neuer Haarwuchs bei Haarausfall (Alopezie) &#183; Swiss Clinics\" \/>\n<meta property=\"og:description\" content=\"Behandlungsoptionen f\u00fcr Haarausfall und d\u00fcnnes Haar mit Stammzellen aus Fett, Haartransplantation, Nahrungserg\u00e4nzungen und bioidentischen Hormonen (BHRT).\" \/>\n<meta property=\"og:url\" content=\"https:\/\/swissclinics.net\/de\/behandlungen\/haarausfall-alopezie\/\" \/>\n<meta property=\"og:site_name\" content=\"Swiss Clinics\" \/>\n<meta property=\"article:publisher\" content=\"https:\/\/www.facebook.com\/swissclinics\/\" \/>\n<meta property=\"article:modified_time\" content=\"2017-07-04T08:26:09+00:00\" \/>\n<meta property=\"og:image\" content=\"https:\/\/swissclinics.net\/de\/wp-content\/uploads\/sites\/3\/haarausfall.jpg\" \/>\n\t<meta property=\"og:image:width\" content=\"640\" \/>\n\t<meta property=\"og:image:height\" content=\"867\" \/>\n\t<meta property=\"og:image:type\" content=\"image\/jpeg\" \/>\n<meta name=\"twitter:card\" content=\"summary_large_image\" \/>\n<meta name=\"twitter:label1\" content=\"Gesch\u00e4tzte Lesezeit\" \/>\n\t<meta name=\"twitter:data1\" content=\"4\u00a0Minuten\" \/>\n<script type=\"application\/ld+json\" class=\"yoast-schema-graph\">{\"@context\":\"https:\\\/\\\/schema.org\",\"@graph\":[{\"@type\":\"WebPage\",\"@id\":\"https:\\\/\\\/swissclinics.net\\\/de\\\/behandlungen\\\/haarausfall-alopezie\\\/\",\"url\":\"https:\\\/\\\/swissclinics.net\\\/de\\\/behandlungen\\\/haarausfall-alopezie\\\/\",\"name\":\"Neuer Haarwuchs bei Haarausfall (Alopezie) &#183; Swiss Clinics\",\"isPartOf\":{\"@id\":\"https:\\\/\\\/swissclinics.net\\\/de\\\/#website\"},\"primaryImageOfPage\":{\"@id\":\"https:\\\/\\\/swissclinics.net\\\/de\\\/behandlungen\\\/haarausfall-alopezie\\\/#primaryimage\"},\"image\":{\"@id\":\"https:\\\/\\\/swissclinics.net\\\/de\\\/behandlungen\\\/haarausfall-alopezie\\\/#primaryimage\"},\"thumbnailUrl\":\"https:\\\/\\\/swissclinics.net\\\/de\\\/wp-content\\\/uploads\\\/sites\\\/3\\\/haarausfall.jpg\",\"datePublished\":\"2016-06-21T12:22:51+00:00\",\"dateModified\":\"2017-07-04T08:26:09+00:00\",\"description\":\"Behandlungsoptionen f\u00fcr Haarausfall und d\u00fcnnes Haar mit Stammzellen aus Fett, Haartransplantation, Nahrungserg\u00e4nzungen und bioidentischen Hormonen (BHRT).\",\"breadcrumb\":{\"@id\":\"https:\\\/\\\/swissclinics.net\\\/de\\\/behandlungen\\\/haarausfall-alopezie\\\/#breadcrumb\"},\"inLanguage\":\"de\",\"potentialAction\":[{\"@type\":\"ReadAction\",\"target\":[\"https:\\\/\\\/swissclinics.net\\\/de\\\/behandlungen\\\/haarausfall-alopezie\\\/\"]}]},{\"@type\":\"ImageObject\",\"inLanguage\":\"de\",\"@id\":\"https:\\\/\\\/swissclinics.net\\\/de\\\/behandlungen\\\/haarausfall-alopezie\\\/#primaryimage\",\"url\":\"https:\\\/\\\/swissclinics.net\\\/de\\\/wp-content\\\/uploads\\\/sites\\\/3\\\/haarausfall.jpg\",\"contentUrl\":\"https:\\\/\\\/swissclinics.net\\\/de\\\/wp-content\\\/uploads\\\/sites\\\/3\\\/haarausfall.jpg\",\"width\":640,\"height\":867},{\"@type\":\"BreadcrumbList\",\"@id\":\"https:\\\/\\\/swissclinics.net\\\/de\\\/behandlungen\\\/haarausfall-alopezie\\\/#breadcrumb\",\"itemListElement\":[{\"@type\":\"ListItem\",\"position\":1,\"name\":\"Home\",\"item\":\"https:\\\/\\\/swissclinics.net\\\/de\\\/\"},{\"@type\":\"ListItem\",\"position\":2,\"name\":\"Behandlungen\",\"item\":\"https:\\\/\\\/swissclinics.net\\\/de\\\/behandlungen\\\/\"},{\"@type\":\"ListItem\",\"position\":3,\"name\":\"Haarausfall (Alopezie)\"}]},{\"@type\":\"WebSite\",\"@id\":\"https:\\\/\\\/swissclinics.net\\\/de\\\/#website\",\"url\":\"https:\\\/\\\/swissclinics.net\\\/de\\\/\",\"name\":\"Swiss Clinics\",\"description\":\"Medizin mit Schweizer Qualit\u00e4t.\",\"potentialAction\":[{\"@type\":\"SearchAction\",\"target\":{\"@type\":\"EntryPoint\",\"urlTemplate\":\"https:\\\/\\\/swissclinics.net\\\/de\\\/?s={search_term_string}\"},\"query-input\":{\"@type\":\"PropertyValueSpecification\",\"valueRequired\":true,\"valueName\":\"search_term_string\"}}],\"inLanguage\":\"de\"}]}<\/script>\n<!-- \/ Yoast SEO plugin. -->","yoast_head_json":{"title":"Neuer Haarwuchs bei Haarausfall (Alopezie) &#183; Swiss Clinics","description":"Behandlungsoptionen f\u00fcr Haarausfall und d\u00fcnnes Haar mit Stammzellen aus Fett, Haartransplantation, Nahrungserg\u00e4nzungen und bioidentischen Hormonen (BHRT).","robots":{"index":"index","follow":"follow","max-snippet":"max-snippet:-1","max-image-preview":"max-image-preview:large","max-video-preview":"max-video-preview:-1"},"canonical":"https:\/\/swissclinics.net\/de\/behandlungen\/haarausfall-alopezie\/","og_locale":"de_DE","og_type":"article","og_title":"Neuer Haarwuchs bei Haarausfall (Alopezie) &#183; Swiss Clinics","og_description":"Behandlungsoptionen f\u00fcr Haarausfall und d\u00fcnnes Haar mit Stammzellen aus Fett, Haartransplantation, Nahrungserg\u00e4nzungen und bioidentischen Hormonen (BHRT).","og_url":"https:\/\/swissclinics.net\/de\/behandlungen\/haarausfall-alopezie\/","og_site_name":"Swiss Clinics","article_publisher":"https:\/\/www.facebook.com\/swissclinics\/","article_modified_time":"2017-07-04T08:26:09+00:00","og_image":[{"width":640,"height":867,"url":"https:\/\/swissclinics.net\/de\/wp-content\/uploads\/sites\/3\/haarausfall.jpg","type":"image\/jpeg"}],"twitter_card":"summary_large_image","twitter_misc":{"Gesch\u00e4tzte Lesezeit":"4\u00a0Minuten"},"schema":{"@context":"https:\/\/schema.org","@graph":[{"@type":"WebPage","@id":"https:\/\/swissclinics.net\/de\/behandlungen\/haarausfall-alopezie\/","url":"https:\/\/swissclinics.net\/de\/behandlungen\/haarausfall-alopezie\/","name":"Neuer Haarwuchs bei Haarausfall (Alopezie) &#183; Swiss Clinics","isPartOf":{"@id":"https:\/\/swissclinics.net\/de\/#website"},"primaryImageOfPage":{"@id":"https:\/\/swissclinics.net\/de\/behandlungen\/haarausfall-alopezie\/#primaryimage"},"image":{"@id":"https:\/\/swissclinics.net\/de\/behandlungen\/haarausfall-alopezie\/#primaryimage"},"thumbnailUrl":"https:\/\/swissclinics.net\/de\/wp-content\/uploads\/sites\/3\/haarausfall.jpg","datePublished":"2016-06-21T12:22:51+00:00","dateModified":"2017-07-04T08:26:09+00:00","description":"Behandlungsoptionen f\u00fcr Haarausfall und d\u00fcnnes Haar mit Stammzellen aus Fett, Haartransplantation, Nahrungserg\u00e4nzungen und bioidentischen Hormonen (BHRT).","breadcrumb":{"@id":"https:\/\/swissclinics.net\/de\/behandlungen\/haarausfall-alopezie\/#breadcrumb"},"inLanguage":"de","potentialAction":[{"@type":"ReadAction","target":["https:\/\/swissclinics.net\/de\/behandlungen\/haarausfall-alopezie\/"]}]},{"@type":"ImageObject","inLanguage":"de","@id":"https:\/\/swissclinics.net\/de\/behandlungen\/haarausfall-alopezie\/#primaryimage","url":"https:\/\/swissclinics.net\/de\/wp-content\/uploads\/sites\/3\/haarausfall.jpg","contentUrl":"https:\/\/swissclinics.net\/de\/wp-content\/uploads\/sites\/3\/haarausfall.jpg","width":640,"height":867},{"@type":"BreadcrumbList","@id":"https:\/\/swissclinics.net\/de\/behandlungen\/haarausfall-alopezie\/#breadcrumb","itemListElement":[{"@type":"ListItem","position":1,"name":"Home","item":"https:\/\/swissclinics.net\/de\/"},{"@type":"ListItem","position":2,"name":"Behandlungen","item":"https:\/\/swissclinics.net\/de\/behandlungen\/"},{"@type":"ListItem","position":3,"name":"Haarausfall (Alopezie)"}]},{"@type":"WebSite","@id":"https:\/\/swissclinics.net\/de\/#website","url":"https:\/\/swissclinics.net\/de\/","name":"Swiss Clinics","description":"Medizin mit Schweizer Qualit\u00e4t.","potentialAction":[{"@type":"SearchAction","target":{"@type":"EntryPoint","urlTemplate":"https:\/\/swissclinics.net\/de\/?s={search_term_string}"},"query-input":{"@type":"PropertyValueSpecification","valueRequired":true,"valueName":"search_term_string"}}],"inLanguage":"de"}]}},"_links":{"self":[{"href":"https:\/\/swissclinics.net\/de\/wp-json\/wp\/v2\/pages\/129","targetHints":{"allow":["GET"]}}],"collection":[{"href":"https:\/\/swissclinics.net\/de\/wp-json\/wp\/v2\/pages"}],"about":[{"href":"https:\/\/swissclinics.net\/de\/wp-json\/wp\/v2\/types\/page"}],"author":[{"embeddable":true,"href":"https:\/\/swissclinics.net\/de\/wp-json\/wp\/v2\/users\/9"}],"replies":[{"embeddable":true,"href":"https:\/\/swissclinics.net\/de\/wp-json\/wp\/v2\/comments?post=129"}],"version-history":[{"count":6,"href":"https:\/\/swissclinics.net\/de\/wp-json\/wp\/v2\/pages\/129\/revisions"}],"predecessor-version":[{"id":717,"href":"https:\/\/swissclinics.net\/de\/wp-json\/wp\/v2\/pages\/129\/revisions\/717"}],"up":[{"embeddable":true,"href":"https:\/\/swissclinics.net\/de\/wp-json\/wp\/v2\/pages\/32"}],"wp:featuredmedia":[{"embeddable":true,"href":"https:\/\/swissclinics.net\/de\/wp-json\/wp\/v2\/media\/594"}],"wp:attachment":[{"href":"https:\/\/swissclinics.net\/de\/wp-json\/wp\/v2\/media?parent=129"}],"curies":[{"name":"wp","href":"https:\/\/api.w.org\/{rel}","templated":true}]}}