{"id":11,"date":"2016-06-03T14:50:38","date_gmt":"2016-06-03T14:50:38","guid":{"rendered":"http:\/\/swissclinics.net\/de\/?page_id=11"},"modified":"2017-07-02T18:15:09","modified_gmt":"2017-07-02T16:15:09","slug":"kontakt","status":"publish","type":"page","link":"https:\/\/swissclinics.net\/de\/kontakt\/","title":{"rendered":"Kontakt"},"content":{"rendered":"<p>Sie suchen eine medizinische Behandlung in Schweizer Qualit\u00e4t oder eine \u00e4rztliche Zweitmeinung und m\u00f6chten sich kostenlos und unverbindlich informieren?<\/p>\n<p><strong> Teilen Sie uns jetzt \u00fcber das nachstehende Kontaktformular oder <a href=\"mailto:info@swissclinics.net\">per E-Mail<\/a> Ihr pers\u00f6nliches medizinisches Anliegen mit.<\/strong> Unser Team aus spezialisierten \u00c4rzten und bestens geschulten Mitarbeitern wird sich umgehend mit Ihnen in Verbindung setzen.<\/p>\n<p>Selbstverst\u00e4ndlich behandeln wir alle \u00fcbermittelten Informationen vertraulich.<\/p>\n\n<div class=\"wpcf7 no-js\" id=\"wpcf7-f7-o1\" lang=\"de-DE\" dir=\"ltr\" data-wpcf7-id=\"7\">\n<div class=\"screen-reader-response\"><p role=\"status\" aria-live=\"polite\" aria-atomic=\"true\"><\/p> <ul><\/ul><\/div>\n<form action=\"\/de\/wp-json\/wp\/v2\/pages\/11#wpcf7-f7-o1\" method=\"post\" class=\"wpcf7-form init wpcf7-acceptance-as-validation\" aria-label=\"Kontaktformular\" novalidate=\"novalidate\" data-status=\"init\">\n<fieldset class=\"hidden-fields-container\"><input type=\"hidden\" name=\"_wpcf7\" value=\"7\" \/><input type=\"hidden\" name=\"_wpcf7_version\" value=\"6.1.5\" \/><input type=\"hidden\" name=\"_wpcf7_locale\" value=\"de_DE_formal\" \/><input type=\"hidden\" name=\"_wpcf7_unit_tag\" value=\"wpcf7-f7-o1\" \/><input type=\"hidden\" name=\"_wpcf7_container_post\" value=\"0\" \/><input type=\"hidden\" name=\"_wpcf7_posted_data_hash\" value=\"\" \/>\n<\/fieldset>\n<p><label for=\"your-name\">Name<span class=\"required\">*<\/span><\/label><span class=\"wpcf7-form-control-wrap\" data-name=\"your-name\"><input size=\"40\" maxlength=\"400\" class=\"wpcf7-form-control wpcf7-text wpcf7-validates-as-required\" id=\"your-name\" aria-required=\"true\" aria-invalid=\"false\" value=\"\" type=\"text\" name=\"your-name\" \/><\/span>\n<\/p>\n<p><label for=\"your-email\">E-Mail-Adresse<span class=\"required\">*<\/span><\/label><span class=\"wpcf7-form-control-wrap\" data-name=\"your-email\"><input size=\"40\" maxlength=\"400\" class=\"wpcf7-form-control wpcf7-email wpcf7-validates-as-required wpcf7-text wpcf7-validates-as-email\" id=\"your-email\" aria-required=\"true\" aria-invalid=\"false\" value=\"\" type=\"email\" name=\"your-email\" \/><\/span>\n<\/p>\n<p><label for=\"your-servicelevel\">Servicelevel<span class=\"required\">*<\/span><\/label><span class=\"wpcf7-form-control-wrap\" data-name=\"your-servicelevel\"><select class=\"wpcf7-form-control wpcf7-select wpcf7-validates-as-required\" id=\"your-servicelevel\" aria-required=\"true\" aria-invalid=\"false\" name=\"your-servicelevel\"><option value=\"\">&#8211; Bitte ausw\u00e4hlen &#8211;<\/option><option value=\"M\u00f6glichst g\u00fcnstiger Tarif (Stand-by Arrangement, wenn Termine frei werden)\">M\u00f6glichst g\u00fcnstiger Tarif (Stand-by Arrangement, wenn Termine frei werden)<\/option><option value=\"Normaltarif (zu den \u00fcblichen Zeiten, mit anderen Patienten im Warteraum)\">Normaltarif (zu den \u00fcblichen Zeiten, mit anderen Patienten im Warteraum)<\/option><option value=\"VIP-Tarif (First Class Arrangement, keine anderen Patienten im Warteraum)\">VIP-Tarif (First Class Arrangement, keine anderen Patienten im Warteraum)<\/option><\/select><\/span>\n<\/p>\n<p><label for=\"your-subject\">Betreff<span class=\"required\">*<\/span><\/label><span class=\"wpcf7-form-control-wrap\" data-name=\"your-subject\"><input size=\"40\" maxlength=\"400\" class=\"wpcf7-form-control wpcf7-text wpcf7-validates-as-required\" id=\"your-subject\" aria-required=\"true\" aria-invalid=\"false\" value=\"\" type=\"text\" name=\"your-subject\" \/><\/span>\n<\/p>\n<p><label for=\"your-message\">Nachricht<span class=\"required\">*<\/span><\/label><span class=\"wpcf7-form-control-wrap\" data-name=\"your-message\"><textarea cols=\"40\" rows=\"10\" maxlength=\"2000\" class=\"wpcf7-form-control wpcf7-textarea wpcf7-validates-as-required\" id=\"your-message\" aria-required=\"true\" aria-invalid=\"false\" name=\"your-message\"><\/textarea><\/span><span id=\"wpcf7-69d442e648c22-wrapper\" class=\"wpcf7-form-control-wrap your-city-wrap\" style=\"display:none !important; visibility:hidden !important;\"><label for=\"wpcf7-69d442e648c22-field\" class=\"hp-message\">Bitte lassen Sie dieses Feld leer.<\/label><input id=\"wpcf7-69d442e648c22-field\"  class=\"wpcf7-form-control wpcf7-text\" type=\"text\" name=\"your-city\" value=\"\" size=\"40\" tabindex=\"-1\" autocomplete=\"new-password\" \/><\/span>\n<\/p>\n<p><input class=\"wpcf7-form-control wpcf7-submit has-spinner\" type=\"submit\" value=\"Nachricht senden\" \/>\n<\/p><div class=\"wpcf7-response-output\" aria-hidden=\"true\"><\/div>\n<\/form>\n<\/div>\n\n","protected":false},"excerpt":{"rendered":"<p>Sie suchen eine medizinische Behandlung in Schweizer Qualit\u00e4t oder eine \u00e4rztliche Zweitmeinung und m\u00f6chten sich kostenlos und unverbindlich informieren? Teilen Sie uns jetzt \u00fcber das nachstehende Kontaktformular oder per E-Mail Ihr pers\u00f6nliches medizinisches Anliegen mit. Unser Team aus spezialisierten \u00c4rzten und bestens geschulten Mitarbeitern wird sich umgehend mit Ihnen in Verbindung setzen. Selbstverst\u00e4ndlich behandeln wir\u2026<span class=\"moretag-separator\">&nbsp;\u00b7 <\/span><a class=\"moretag\" href=\"https:\/\/swissclinics.net\/de\/kontakt\/\">Weiterlesen&nbsp;\u00bb<\/a><\/p>\n","protected":false},"author":9,"featured_media":578,"parent":0,"menu_order":0,"comment_status":"closed","ping_status":"closed","template":"","meta":{"footnotes":""},"class_list":["post-11","page","type-page","status-publish","has-post-thumbnail","hentry"],"yoast_head":"<!-- This site is optimized with the Yoast SEO plugin v27.2 - https:\/\/yoast.com\/product\/yoast-seo-wordpress\/ -->\n<title>Kontaktieren Sie Swiss Clinics mit Ihrem Problem &#183; Swiss Clinics<\/title>\n<meta name=\"description\" content=\"Kontaktieren Sie Swiss Clinics jetzt mit Ihrem medizinischen Problem, um Informationen von unserem Team aus spezialisierten \u00c4rzten und Personal zu erhalten.\" \/>\n<meta name=\"robots\" content=\"index, follow, max-snippet:-1, max-image-preview:large, max-video-preview:-1\" \/>\n<link rel=\"canonical\" href=\"https:\/\/swissclinics.net\/de\/kontakt\/\" \/>\n<meta property=\"og:locale\" content=\"de_DE\" \/>\n<meta property=\"og:type\" content=\"article\" \/>\n<meta property=\"og:title\" content=\"Kontaktieren Sie Swiss Clinics mit Ihrem Problem &#183; Swiss Clinics\" \/>\n<meta property=\"og:description\" content=\"Kontaktieren Sie Swiss Clinics jetzt mit Ihrem medizinischen Problem, um Informationen von unserem Team aus spezialisierten \u00c4rzten und Personal zu erhalten.\" \/>\n<meta property=\"og:url\" content=\"https:\/\/swissclinics.net\/de\/kontakt\/\" \/>\n<meta property=\"og:site_name\" content=\"Swiss Clinics\" \/>\n<meta property=\"article:publisher\" content=\"https:\/\/www.facebook.com\/swissclinics\/\" \/>\n<meta property=\"article:modified_time\" content=\"2017-07-02T16:15:09+00:00\" \/>\n<meta property=\"og:image\" content=\"https:\/\/swissclinics.net\/de\/wp-content\/uploads\/sites\/3\/kontakt.jpg\" \/>\n\t<meta property=\"og:image:width\" content=\"640\" \/>\n\t<meta property=\"og:image:height\" content=\"427\" \/>\n\t<meta property=\"og:image:type\" content=\"image\/jpeg\" \/>\n<meta name=\"twitter:card\" content=\"summary_large_image\" \/>\n<script type=\"application\/ld+json\" class=\"yoast-schema-graph\">{\"@context\":\"https:\/\/schema.org\",\"@graph\":[{\"@type\":\"WebPage\",\"@id\":\"https:\/\/swissclinics.net\/de\/kontakt\/\",\"url\":\"https:\/\/swissclinics.net\/de\/kontakt\/\",\"name\":\"Kontaktieren Sie Swiss Clinics mit Ihrem Problem &#183; Swiss Clinics\",\"isPartOf\":{\"@id\":\"https:\/\/swissclinics.net\/de\/#website\"},\"primaryImageOfPage\":{\"@id\":\"https:\/\/swissclinics.net\/de\/kontakt\/#primaryimage\"},\"image\":{\"@id\":\"https:\/\/swissclinics.net\/de\/kontakt\/#primaryimage\"},\"thumbnailUrl\":\"https:\/\/swissclinics.net\/de\/wp-content\/uploads\/sites\/3\/kontakt.jpg\",\"datePublished\":\"2016-06-03T14:50:38+00:00\",\"dateModified\":\"2017-07-02T16:15:09+00:00\",\"description\":\"Kontaktieren Sie Swiss Clinics jetzt mit Ihrem medizinischen Problem, um Informationen von unserem Team aus spezialisierten \u00c4rzten und Personal zu erhalten.\",\"breadcrumb\":{\"@id\":\"https:\/\/swissclinics.net\/de\/kontakt\/#breadcrumb\"},\"inLanguage\":\"de\",\"potentialAction\":[{\"@type\":\"ReadAction\",\"target\":[\"https:\/\/swissclinics.net\/de\/kontakt\/\"]}]},{\"@type\":\"ImageObject\",\"inLanguage\":\"de\",\"@id\":\"https:\/\/swissclinics.net\/de\/kontakt\/#primaryimage\",\"url\":\"https:\/\/swissclinics.net\/de\/wp-content\/uploads\/sites\/3\/kontakt.jpg\",\"contentUrl\":\"https:\/\/swissclinics.net\/de\/wp-content\/uploads\/sites\/3\/kontakt.jpg\",\"width\":640,\"height\":427,\"caption\":\"\u00a9 PantherMedia\/PunktKommaStrich\"},{\"@type\":\"BreadcrumbList\",\"@id\":\"https:\/\/swissclinics.net\/de\/kontakt\/#breadcrumb\",\"itemListElement\":[{\"@type\":\"ListItem\",\"position\":1,\"name\":\"Home\",\"item\":\"https:\/\/swissclinics.net\/de\/\"},{\"@type\":\"ListItem\",\"position\":2,\"name\":\"Kontakt\"}]},{\"@type\":\"WebSite\",\"@id\":\"https:\/\/swissclinics.net\/de\/#website\",\"url\":\"https:\/\/swissclinics.net\/de\/\",\"name\":\"Swiss Clinics\",\"description\":\"Medizin mit Schweizer Qualit\u00e4t.\",\"potentialAction\":[{\"@type\":\"SearchAction\",\"target\":{\"@type\":\"EntryPoint\",\"urlTemplate\":\"https:\/\/swissclinics.net\/de\/?s={search_term_string}\"},\"query-input\":{\"@type\":\"PropertyValueSpecification\",\"valueRequired\":true,\"valueName\":\"search_term_string\"}}],\"inLanguage\":\"de\"}]}<\/script>\n<!-- \/ Yoast SEO plugin. -->","yoast_head_json":{"title":"Kontaktieren Sie Swiss Clinics mit Ihrem Problem &#183; Swiss Clinics","description":"Kontaktieren Sie Swiss Clinics jetzt mit Ihrem medizinischen Problem, um Informationen von unserem Team aus spezialisierten \u00c4rzten und Personal zu erhalten.","robots":{"index":"index","follow":"follow","max-snippet":"max-snippet:-1","max-image-preview":"max-image-preview:large","max-video-preview":"max-video-preview:-1"},"canonical":"https:\/\/swissclinics.net\/de\/kontakt\/","og_locale":"de_DE","og_type":"article","og_title":"Kontaktieren Sie Swiss Clinics mit Ihrem Problem &#183; Swiss Clinics","og_description":"Kontaktieren Sie Swiss Clinics jetzt mit Ihrem medizinischen Problem, um Informationen von unserem Team aus spezialisierten \u00c4rzten und Personal zu erhalten.","og_url":"https:\/\/swissclinics.net\/de\/kontakt\/","og_site_name":"Swiss Clinics","article_publisher":"https:\/\/www.facebook.com\/swissclinics\/","article_modified_time":"2017-07-02T16:15:09+00:00","og_image":[{"width":640,"height":427,"url":"https:\/\/swissclinics.net\/de\/wp-content\/uploads\/sites\/3\/kontakt.jpg","type":"image\/jpeg"}],"twitter_card":"summary_large_image","schema":{"@context":"https:\/\/schema.org","@graph":[{"@type":"WebPage","@id":"https:\/\/swissclinics.net\/de\/kontakt\/","url":"https:\/\/swissclinics.net\/de\/kontakt\/","name":"Kontaktieren Sie Swiss Clinics mit Ihrem Problem &#183; Swiss Clinics","isPartOf":{"@id":"https:\/\/swissclinics.net\/de\/#website"},"primaryImageOfPage":{"@id":"https:\/\/swissclinics.net\/de\/kontakt\/#primaryimage"},"image":{"@id":"https:\/\/swissclinics.net\/de\/kontakt\/#primaryimage"},"thumbnailUrl":"https:\/\/swissclinics.net\/de\/wp-content\/uploads\/sites\/3\/kontakt.jpg","datePublished":"2016-06-03T14:50:38+00:00","dateModified":"2017-07-02T16:15:09+00:00","description":"Kontaktieren Sie Swiss Clinics jetzt mit Ihrem medizinischen Problem, um Informationen von unserem Team aus spezialisierten \u00c4rzten und Personal zu erhalten.","breadcrumb":{"@id":"https:\/\/swissclinics.net\/de\/kontakt\/#breadcrumb"},"inLanguage":"de","potentialAction":[{"@type":"ReadAction","target":["https:\/\/swissclinics.net\/de\/kontakt\/"]}]},{"@type":"ImageObject","inLanguage":"de","@id":"https:\/\/swissclinics.net\/de\/kontakt\/#primaryimage","url":"https:\/\/swissclinics.net\/de\/wp-content\/uploads\/sites\/3\/kontakt.jpg","contentUrl":"https:\/\/swissclinics.net\/de\/wp-content\/uploads\/sites\/3\/kontakt.jpg","width":640,"height":427,"caption":"\u00a9 PantherMedia\/PunktKommaStrich"},{"@type":"BreadcrumbList","@id":"https:\/\/swissclinics.net\/de\/kontakt\/#breadcrumb","itemListElement":[{"@type":"ListItem","position":1,"name":"Home","item":"https:\/\/swissclinics.net\/de\/"},{"@type":"ListItem","position":2,"name":"Kontakt"}]},{"@type":"WebSite","@id":"https:\/\/swissclinics.net\/de\/#website","url":"https:\/\/swissclinics.net\/de\/","name":"Swiss Clinics","description":"Medizin mit Schweizer Qualit\u00e4t.","potentialAction":[{"@type":"SearchAction","target":{"@type":"EntryPoint","urlTemplate":"https:\/\/swissclinics.net\/de\/?s={search_term_string}"},"query-input":{"@type":"PropertyValueSpecification","valueRequired":true,"valueName":"search_term_string"}}],"inLanguage":"de"}]}},"_links":{"self":[{"href":"https:\/\/swissclinics.net\/de\/wp-json\/wp\/v2\/pages\/11","targetHints":{"allow":["GET"]}}],"collection":[{"href":"https:\/\/swissclinics.net\/de\/wp-json\/wp\/v2\/pages"}],"about":[{"href":"https:\/\/swissclinics.net\/de\/wp-json\/wp\/v2\/types\/page"}],"author":[{"embeddable":true,"href":"https:\/\/swissclinics.net\/de\/wp-json\/wp\/v2\/users\/9"}],"replies":[{"embeddable":true,"href":"https:\/\/swissclinics.net\/de\/wp-json\/wp\/v2\/comments?post=11"}],"version-history":[{"count":18,"href":"https:\/\/swissclinics.net\/de\/wp-json\/wp\/v2\/pages\/11\/revisions"}],"predecessor-version":[{"id":685,"href":"https:\/\/swissclinics.net\/de\/wp-json\/wp\/v2\/pages\/11\/revisions\/685"}],"wp:featuredmedia":[{"embeddable":true,"href":"https:\/\/swissclinics.net\/de\/wp-json\/wp\/v2\/media\/578"}],"wp:attachment":[{"href":"https:\/\/swissclinics.net\/de\/wp-json\/wp\/v2\/media?parent=11"}],"curies":[{"name":"wp","href":"https:\/\/api.w.org\/{rel}","templated":true}]}}